{"id":59148,"date":"2021-12-16T13:02:59","date_gmt":"2021-12-16T21:02:59","guid":{"rendered":"https:\/\/coincards.com\/us\/?post_type=product&#038;p=59148"},"modified":"2021-12-16T13:07:19","modified_gmt":"2021-12-16T21:07:19","slug":"swissotel-hotels-resorts-online-gift-card-electronic-delivery","status":"publish","type":"product","link":"https:\/\/coincards.com\/us\/product\/swissotel-hotels-resorts-online-gift-card-electronic-delivery\/","title":{"rendered":"Swiss\u00f4tel Hotels &amp; Resorts Online Gift Card (Electronic Delivery)"},"content":{"rendered":"<div class=\"product-terms-box\" data-v-7b59d8de=\"\">\n<p>Gift Cards are not replaceable if lost, stolen or destroyed unless recipient has properly registered them. Only the balance remaining on registered Gift Cards will be replaced. Gift Cards may not be valid where restricted by law. Gift Cards are not redeemable for cash and are void if sold for cash or other consideration. Any tax liability, including disclosure, connected with receipt or use of this certificate is the recipient\u2019s responsibility. Locations listed on certificate are subject to change without notice. Gift Cards are fully transferable and combinable. Gift Cards may be used for the aforementioned at Fairmont Hotels &amp; Resorts locations, Raffles Hotels &amp; Resorts and Swiss\u00f4tel Hotels &amp; Resorts. They may NOT be used interchangeably. For full Gift Card terms and conditions, please visit http:\/\/www.fairmont.com\/promotions\/giftcardterms\/, http:\/\/www.raffles.com\/offers\/gift-card\/terms-and-conditions\/ http:\/\/www.swissotel.com\/about-swissotel\/gift-card\/<\/p>\n<p>Use of the Gift Card constitutes the user\u2019s acceptance of all terms and conditions.<\/p>\n<div class=\"scion-main\">\n<p>&nbsp;<\/p>\n<\/div>\n<\/div>\n","protected":false},"excerpt":{"rendered":"<p>Swiss\u00f4tel Hotels &amp; Resorts got its start in Switzerland, a country known for big mountains and equally high standards of living. Its contemporary Swiss style and locally inspired flair attracts business and leisure travelers who enjoy high-end hotels but prefer fresh innovation to stale pretension. Conveniently located where travelers want to be, Swiss\u00f4tel provides guests with the opportunity to stay in the heart of city centers worldwide where access to business and shopping districts are right around the corner. With two new resorts in Sochi, Russia, where the 2014 Winter Olympics took place, Swiss\u00f4tels can be found in over 30 well-located properties around the world. As guests of the world, every Swiss\u00f4tel upholds Swiss sustainability standards. In fact, Swiss\u00f4tel has a mission: to treat guests, team members, and the environment with equal respect.<\/p>\n<p>Redemption Instructions:<\/p>\n<ol>\n<li>Print eGift card.<\/li>\n<li>Present to front desk personnel for redemption. (Mobile redemption is not supported at this time)<\/li>\n<\/ol>\n","protected":false},"featured_media":59153,"comment_status":"open","ping_status":"closed","template":"","meta":{"_exactmetrics_skip_tracking":false,"_exactmetrics_sitenote_active":false,"_exactmetrics_sitenote_note":"","_exactmetrics_sitenote_category":0},"product_cat":[22],"product_tag":[148],"class_list":{"0":"post-59148","1":"product","2":"type-product","3":"status-publish","4":"has-post-thumbnail","6":"product_brand-swissotel-hotels-resorts","7":"product_cat-electronic-gift-cards","8":"product_tag-travel","10":"first","11":"instock","12":"shipping-taxable","13":"purchasable","14":"product-type-variable","15":"has-default-attributes"},"yoast_head":"<!-- This site is optimized with the Yoast SEO Premium plugin v20.11 (Yoast SEO v25.8) - https:\/\/yoast.com\/wordpress\/plugins\/seo\/ -->\n<title>Swiss\u00f4tel Hotels &amp; Resorts Online Gift Card (Electronic Delivery) - Coincards<\/title>\n<meta name=\"robots\" content=\"index, follow, max-snippet:-1, max-image-preview:large, max-video-preview:-1\" \/>\n<link rel=\"canonical\" href=\"https:\/\/coincards.com\/us\/product\/swissotel-hotels-resorts-online-gift-card-electronic-delivery\/\" \/>\n<meta property=\"og:locale\" content=\"en_US\" \/>\n<meta property=\"og:type\" content=\"article\" \/>\n<meta property=\"og:title\" content=\"Swiss\u00f4tel Hotels &amp; Resorts Online Gift Card (Electronic Delivery)\" \/>\n<meta property=\"og:description\" content=\"Swiss\u00f4tel Hotels &amp; Resorts got its start in Switzerland, a country known for big mountains and equally high standards of living. Its contemporary Swiss style and locally inspired flair attracts business and leisure travelers who enjoy high-end hotels but prefer fresh innovation to stale pretension. Conveniently located where travelers want to be, Swiss\u00f4tel provides guests with the opportunity to stay in the heart of city centers worldwide where access to business and shopping districts are right around the corner. With two new resorts in Sochi, Russia, where the 2014 Winter Olympics took place, Swiss\u00f4tels can be found in over 30 well-located properties around the world. As guests of the world, every Swiss\u00f4tel upholds Swiss sustainability standards. In fact, Swiss\u00f4tel has a mission: to treat guests, team members, and the environment with equal respect.  Redemption Instructions:   Print eGift card.  Present to front desk personnel for redemption. (Mobile redemption is not supported at this time)\" \/>\n<meta property=\"og:url\" content=\"https:\/\/coincards.com\/us\/product\/swissotel-hotels-resorts-online-gift-card-electronic-delivery\/\" \/>\n<meta property=\"og:site_name\" content=\"Coincards\" \/>\n<meta property=\"article:publisher\" content=\"https:\/\/www.facebook.com\/coincards\/\" \/>\n<meta property=\"article:modified_time\" content=\"2021-12-16T21:07:19+00:00\" \/>\n<meta property=\"og:image\" content=\"https:\/\/assets.coincards.com\/wp-content\/uploads\/sites\/2\/2021\/12\/16130446\/SWISS-US.png\" \/>\n\t<meta property=\"og:image:width\" content=\"675\" \/>\n\t<meta property=\"og:image:height\" content=\"425\" \/>\n\t<meta property=\"og:image:type\" content=\"image\/png\" \/>\n<meta name=\"twitter:card\" content=\"summary_large_image\" \/>\n<meta name=\"twitter:site\" content=\"@coincards\" \/>\n<meta name=\"twitter:label1\" content=\"Availability\" \/>\n\t<meta name=\"twitter:data1\" content=\"In stock\" \/>\n<script type=\"application\/ld+json\" class=\"yoast-schema-graph\">{\"@context\":\"https:\/\/schema.org\",\"@graph\":[{\"@type\":\"WebPage\",\"@id\":\"https:\/\/coincards.com\/us\/product\/swissotel-hotels-resorts-online-gift-card-electronic-delivery\/\",\"url\":\"https:\/\/coincards.com\/us\/product\/swissotel-hotels-resorts-online-gift-card-electronic-delivery\/\",\"name\":\"Swiss\u00f4tel Hotels &amp; Resorts Online Gift Card (Electronic Delivery) - Coincards\",\"isPartOf\":{\"@id\":\"https:\/\/coincards.com\/us\/#website\"},\"primaryImageOfPage\":{\"@id\":\"https:\/\/coincards.com\/us\/product\/swissotel-hotels-resorts-online-gift-card-electronic-delivery\/#primaryimage\"},\"image\":{\"@id\":\"https:\/\/coincards.com\/us\/product\/swissotel-hotels-resorts-online-gift-card-electronic-delivery\/#primaryimage\"},\"thumbnailUrl\":\"https:\/\/assets.coincards.com\/wp-content\/uploads\/sites\/2\/2021\/12\/16130446\/SWISS-US.png\",\"datePublished\":\"2021-12-16T21:02:59+00:00\",\"dateModified\":\"2021-12-16T21:07:19+00:00\",\"breadcrumb\":{\"@id\":\"https:\/\/coincards.com\/us\/product\/swissotel-hotels-resorts-online-gift-card-electronic-delivery\/#breadcrumb\"},\"inLanguage\":\"en-US\",\"potentialAction\":[{\"@type\":\"ReadAction\",\"target\":[\"https:\/\/coincards.com\/us\/product\/swissotel-hotels-resorts-online-gift-card-electronic-delivery\/\"]}]},{\"@type\":\"ImageObject\",\"inLanguage\":\"en-US\",\"@id\":\"https:\/\/coincards.com\/us\/product\/swissotel-hotels-resorts-online-gift-card-electronic-delivery\/#primaryimage\",\"url\":\"https:\/\/assets.coincards.com\/wp-content\/uploads\/sites\/2\/2021\/12\/16130446\/SWISS-US.png\",\"contentUrl\":\"https:\/\/assets.coincards.com\/wp-content\/uploads\/sites\/2\/2021\/12\/16130446\/SWISS-US.png\",\"width\":675,\"height\":425},{\"@type\":\"BreadcrumbList\",\"@id\":\"https:\/\/coincards.com\/us\/product\/swissotel-hotels-resorts-online-gift-card-electronic-delivery\/#breadcrumb\",\"itemListElement\":[{\"@type\":\"ListItem\",\"position\":1,\"name\":\"Home\",\"item\":\"https:\/\/coincards.com\/us\/\"},{\"@type\":\"ListItem\",\"position\":2,\"name\":\"All Gift Cards\",\"item\":\"https:\/\/coincards.com\/us\/all-gift-cards\/\"},{\"@type\":\"ListItem\",\"position\":3,\"name\":\"Swiss\u00f4tel Hotels &amp; Resorts Online Gift Card (Electronic Delivery)\"}]},{\"@type\":\"WebSite\",\"@id\":\"https:\/\/coincards.com\/us\/#website\",\"url\":\"https:\/\/coincards.com\/us\/\",\"name\":\"Coincards\",\"description\":\"America&#039;s #1 Cryptocurrency to Gift Card Exchange Service\",\"potentialAction\":[{\"@type\":\"SearchAction\",\"target\":{\"@type\":\"EntryPoint\",\"urlTemplate\":\"https:\/\/coincards.com\/us\/?s={search_term_string}\"},\"query-input\":{\"@type\":\"PropertyValueSpecification\",\"valueRequired\":true,\"valueName\":\"search_term_string\"}}],\"inLanguage\":\"en-US\"}]}<\/script>\n<meta property=\"og:availability\" content=\"instock\" \/>\n<meta property=\"product:availability\" content=\"instock\" \/>\n<meta property=\"product:condition\" content=\"new\" \/>\n<!-- \/ Yoast SEO Premium plugin. -->","yoast_head_json":{"title":"Swiss\u00f4tel Hotels &amp; Resorts Online Gift Card (Electronic Delivery) - Coincards","robots":{"index":"index","follow":"follow","max-snippet":"max-snippet:-1","max-image-preview":"max-image-preview:large","max-video-preview":"max-video-preview:-1"},"canonical":"https:\/\/coincards.com\/us\/product\/swissotel-hotels-resorts-online-gift-card-electronic-delivery\/","og_locale":"en_US","og_type":"article","og_title":"Swiss\u00f4tel Hotels &amp; Resorts Online Gift Card (Electronic Delivery)","og_description":"Swiss\u00f4tel Hotels &amp; Resorts got its start in Switzerland, a country known for big mountains and equally high standards of living. Its contemporary Swiss style and locally inspired flair attracts business and leisure travelers who enjoy high-end hotels but prefer fresh innovation to stale pretension. Conveniently located where travelers want to be, Swiss\u00f4tel provides guests with the opportunity to stay in the heart of city centers worldwide where access to business and shopping districts are right around the corner. With two new resorts in Sochi, Russia, where the 2014 Winter Olympics took place, Swiss\u00f4tels can be found in over 30 well-located properties around the world. As guests of the world, every Swiss\u00f4tel upholds Swiss sustainability standards. In fact, Swiss\u00f4tel has a mission: to treat guests, team members, and the environment with equal respect.  Redemption Instructions:   Print eGift card.  Present to front desk personnel for redemption. (Mobile redemption is not supported at this time)","og_url":"https:\/\/coincards.com\/us\/product\/swissotel-hotels-resorts-online-gift-card-electronic-delivery\/","og_site_name":"Coincards","article_publisher":"https:\/\/www.facebook.com\/coincards\/","article_modified_time":"2021-12-16T21:07:19+00:00","og_image":[{"width":675,"height":425,"url":"https:\/\/assets.coincards.com\/wp-content\/uploads\/sites\/2\/2021\/12\/16130446\/SWISS-US.png","type":"image\/png"}],"twitter_card":"summary_large_image","twitter_site":"@coincards","twitter_misc":{"Availability":"In stock"},"schema":{"@context":"https:\/\/schema.org","@graph":[{"@type":"WebPage","@id":"https:\/\/coincards.com\/us\/product\/swissotel-hotels-resorts-online-gift-card-electronic-delivery\/","url":"https:\/\/coincards.com\/us\/product\/swissotel-hotels-resorts-online-gift-card-electronic-delivery\/","name":"Swiss\u00f4tel Hotels &amp; Resorts Online Gift Card (Electronic Delivery) - Coincards","isPartOf":{"@id":"https:\/\/coincards.com\/us\/#website"},"primaryImageOfPage":{"@id":"https:\/\/coincards.com\/us\/product\/swissotel-hotels-resorts-online-gift-card-electronic-delivery\/#primaryimage"},"image":{"@id":"https:\/\/coincards.com\/us\/product\/swissotel-hotels-resorts-online-gift-card-electronic-delivery\/#primaryimage"},"thumbnailUrl":"https:\/\/assets.coincards.com\/wp-content\/uploads\/sites\/2\/2021\/12\/16130446\/SWISS-US.png","datePublished":"2021-12-16T21:02:59+00:00","dateModified":"2021-12-16T21:07:19+00:00","breadcrumb":{"@id":"https:\/\/coincards.com\/us\/product\/swissotel-hotels-resorts-online-gift-card-electronic-delivery\/#breadcrumb"},"inLanguage":"en-US","potentialAction":[{"@type":"ReadAction","target":["https:\/\/coincards.com\/us\/product\/swissotel-hotels-resorts-online-gift-card-electronic-delivery\/"]}]},{"@type":"ImageObject","inLanguage":"en-US","@id":"https:\/\/coincards.com\/us\/product\/swissotel-hotels-resorts-online-gift-card-electronic-delivery\/#primaryimage","url":"https:\/\/assets.coincards.com\/wp-content\/uploads\/sites\/2\/2021\/12\/16130446\/SWISS-US.png","contentUrl":"https:\/\/assets.coincards.com\/wp-content\/uploads\/sites\/2\/2021\/12\/16130446\/SWISS-US.png","width":675,"height":425},{"@type":"BreadcrumbList","@id":"https:\/\/coincards.com\/us\/product\/swissotel-hotels-resorts-online-gift-card-electronic-delivery\/#breadcrumb","itemListElement":[{"@type":"ListItem","position":1,"name":"Home","item":"https:\/\/coincards.com\/us\/"},{"@type":"ListItem","position":2,"name":"All Gift Cards","item":"https:\/\/coincards.com\/us\/all-gift-cards\/"},{"@type":"ListItem","position":3,"name":"Swiss\u00f4tel Hotels &amp; Resorts Online Gift Card (Electronic Delivery)"}]},{"@type":"WebSite","@id":"https:\/\/coincards.com\/us\/#website","url":"https:\/\/coincards.com\/us\/","name":"Coincards","description":"America&#039;s #1 Cryptocurrency to Gift Card Exchange Service","potentialAction":[{"@type":"SearchAction","target":{"@type":"EntryPoint","urlTemplate":"https:\/\/coincards.com\/us\/?s={search_term_string}"},"query-input":{"@type":"PropertyValueSpecification","valueRequired":true,"valueName":"search_term_string"}}],"inLanguage":"en-US"}]},"og_availability":"instock","product_availability":"instock","product_condition":"new"},"_links":{"self":[{"href":"https:\/\/coincards.com\/us\/wp-json\/wp\/v2\/product\/59148","targetHints":{"allow":["GET"]}}],"collection":[{"href":"https:\/\/coincards.com\/us\/wp-json\/wp\/v2\/product"}],"about":[{"href":"https:\/\/coincards.com\/us\/wp-json\/wp\/v2\/types\/product"}],"replies":[{"embeddable":true,"href":"https:\/\/coincards.com\/us\/wp-json\/wp\/v2\/comments?post=59148"}],"wp:featuredmedia":[{"embeddable":true,"href":"https:\/\/coincards.com\/us\/wp-json\/wp\/v2\/media\/59153"}],"wp:attachment":[{"href":"https:\/\/coincards.com\/us\/wp-json\/wp\/v2\/media?parent=59148"}],"wp:term":[{"taxonomy":"product_cat","embeddable":true,"href":"https:\/\/coincards.com\/us\/wp-json\/wp\/v2\/product_cat?post=59148"},{"taxonomy":"product_tag","embeddable":true,"href":"https:\/\/coincards.com\/us\/wp-json\/wp\/v2\/product_tag?post=59148"}],"curies":[{"name":"wp","href":"https:\/\/api.w.org\/{rel}","templated":true}]}}