{"id":8697,"date":"2026-03-19T07:59:37","date_gmt":"2026-03-19T15:59:37","guid":{"rendered":"https:\/\/coincards.com\/eu\/?post_type=product&#038;p=8697"},"modified":"2026-03-19T07:59:38","modified_gmt":"2026-03-19T15:59:38","slug":"havas-online-gift-card-electronic-delivery-france","status":"publish","type":"product","link":"https:\/\/coincards.com\/eu\/product\/havas-online-gift-card-electronic-delivery-france\/","title":{"rendered":"Havas Online Gift Card (Electronic Delivery) (France)"},"content":{"rendered":"","protected":false},"excerpt":{"rendered":"<p>Havas Voyages est pr\u00e9sent sur le territoire fran\u00e7ais avec 350 agences et 1 200 sp\u00e9cialistes. Nos activit\u00e9s se concentrent sur la vente de voyages aux particuliers et la gestion des d\u00e9placements professionnels d\u2019entreprises. Havas Voyages est une marque reconnue, figure fran\u00e7aise historique du voyage et a ainsi \u00e9t\u00e9 d\u00e9sign\u00e9e, pour la 6\u00e8me ann\u00e9e, 1er voyagiste fran\u00e7ais sur la qualit\u00e9 de son service client.<\/p>\n","protected":false},"featured_media":8698,"comment_status":"closed","ping_status":"closed","template":"","meta":{"_exactmetrics_skip_tracking":false,"_exactmetrics_sitenote_active":false,"_exactmetrics_sitenote_note":"","_exactmetrics_sitenote_category":0},"product_cat":[15],"product_tag":[],"class_list":{"0":"post-8697","1":"product","2":"type-product","3":"status-publish","4":"has-post-thumbnail","6":"product_cat-uncategorized","7":"pa_country-availability-france","9":"first","10":"instock","11":"virtual","12":"purchasable","13":"product-type-simple","14":"nyp-product"},"yoast_head":"<!-- This site is optimized with the Yoast SEO Premium plugin v20.11 (Yoast SEO v25.8) - https:\/\/yoast.com\/wordpress\/plugins\/seo\/ -->\n<title>Havas Online Gift Card (Electronic Delivery) (France) - Coincards Europe<\/title>\n<meta name=\"robots\" content=\"index, follow, max-snippet:-1, max-image-preview:large, max-video-preview:-1\" \/>\n<link rel=\"canonical\" href=\"https:\/\/coincards.com\/eu\/product\/havas-online-gift-card-electronic-delivery-france\/\" \/>\n<meta property=\"og:locale\" content=\"en_US\" \/>\n<meta property=\"og:type\" content=\"article\" \/>\n<meta property=\"og:title\" content=\"Havas Online Gift Card (Electronic Delivery) (France)\" \/>\n<meta property=\"og:description\" content=\"Havas Voyages est pr\u00e9sent sur le territoire fran\u00e7ais avec 350 agences et 1 200 sp\u00e9cialistes. Nos activit\u00e9s se concentrent sur la vente de voyages aux particuliers et la gestion des d\u00e9placements professionnels d\u2019entreprises. Havas Voyages est une marque reconnue, figure fran\u00e7aise historique du voyage et a ainsi \u00e9t\u00e9 d\u00e9sign\u00e9e, pour la 6\u00e8me ann\u00e9e, 1er voyagiste fran\u00e7ais sur la qualit\u00e9 de son service client.\" \/>\n<meta property=\"og:url\" content=\"https:\/\/coincards.com\/eu\/product\/havas-online-gift-card-electronic-delivery-france\/\" \/>\n<meta property=\"og:site_name\" content=\"Coincards Europe\" \/>\n<meta property=\"article:modified_time\" content=\"2026-03-19T15:59:38+00:00\" \/>\n<meta property=\"og:image\" content=\"https:\/\/assets.coincards.com\/wp-content\/uploads\/sites\/6\/2026\/03\/19075834\/HAVAS-FR-card.png\" \/>\n\t<meta property=\"og:image:width\" content=\"675\" \/>\n\t<meta property=\"og:image:height\" content=\"425\" \/>\n\t<meta property=\"og:image:type\" content=\"image\/png\" \/>\n<meta name=\"twitter:card\" content=\"summary_large_image\" \/>\n<meta name=\"twitter:label1\" content=\"Price\" \/>\n\t<meta name=\"twitter:data1\" content=\"&euro;100.00\" \/>\n\t<meta name=\"twitter:label2\" content=\"Availability\" \/>\n\t<meta name=\"twitter:data2\" content=\"In stock\" \/>\n<script type=\"application\/ld+json\" class=\"yoast-schema-graph\">{\"@context\":\"https:\/\/schema.org\",\"@graph\":[{\"@type\":\"WebPage\",\"@id\":\"https:\/\/coincards.com\/eu\/product\/havas-online-gift-card-electronic-delivery-france\/\",\"url\":\"https:\/\/coincards.com\/eu\/product\/havas-online-gift-card-electronic-delivery-france\/\",\"name\":\"Havas Online Gift Card (Electronic Delivery) (France) - Coincards Europe\",\"isPartOf\":{\"@id\":\"https:\/\/coincards.com\/eu\/#website\"},\"primaryImageOfPage\":{\"@id\":\"https:\/\/coincards.com\/eu\/product\/havas-online-gift-card-electronic-delivery-france\/#primaryimage\"},\"image\":{\"@id\":\"https:\/\/coincards.com\/eu\/product\/havas-online-gift-card-electronic-delivery-france\/#primaryimage\"},\"thumbnailUrl\":\"https:\/\/assets.coincards.com\/wp-content\/uploads\/sites\/6\/2026\/03\/19075834\/HAVAS-FR-card.png\",\"datePublished\":\"2026-03-19T15:59:37+00:00\",\"dateModified\":\"2026-03-19T15:59:38+00:00\",\"breadcrumb\":{\"@id\":\"https:\/\/coincards.com\/eu\/product\/havas-online-gift-card-electronic-delivery-france\/#breadcrumb\"},\"inLanguage\":\"en-CA\",\"potentialAction\":[{\"@type\":\"ReadAction\",\"target\":[\"https:\/\/coincards.com\/eu\/product\/havas-online-gift-card-electronic-delivery-france\/\"]}]},{\"@type\":\"ImageObject\",\"inLanguage\":\"en-CA\",\"@id\":\"https:\/\/coincards.com\/eu\/product\/havas-online-gift-card-electronic-delivery-france\/#primaryimage\",\"url\":\"https:\/\/assets.coincards.com\/wp-content\/uploads\/sites\/6\/2026\/03\/19075834\/HAVAS-FR-card.png\",\"contentUrl\":\"https:\/\/assets.coincards.com\/wp-content\/uploads\/sites\/6\/2026\/03\/19075834\/HAVAS-FR-card.png\",\"width\":675,\"height\":425},{\"@type\":\"BreadcrumbList\",\"@id\":\"https:\/\/coincards.com\/eu\/product\/havas-online-gift-card-electronic-delivery-france\/#breadcrumb\",\"itemListElement\":[{\"@type\":\"ListItem\",\"position\":1,\"name\":\"Home\",\"item\":\"https:\/\/coincards.com\/eu\/\"},{\"@type\":\"ListItem\",\"position\":2,\"name\":\"All Gift Cards\",\"item\":\"https:\/\/coincards.com\/eu\/all-gift-cards\/\"},{\"@type\":\"ListItem\",\"position\":3,\"name\":\"Havas Online Gift Card (Electronic Delivery) (France)\"}]},{\"@type\":\"WebSite\",\"@id\":\"https:\/\/coincards.com\/eu\/#website\",\"url\":\"https:\/\/coincards.com\/eu\/\",\"name\":\"Coincards Europe\",\"description\":\"Austrlia&#039;s #1 Cryptocurrency to Gift Card Exchange Service\",\"potentialAction\":[{\"@type\":\"SearchAction\",\"target\":{\"@type\":\"EntryPoint\",\"urlTemplate\":\"https:\/\/coincards.com\/eu\/?s={search_term_string}\"},\"query-input\":{\"@type\":\"PropertyValueSpecification\",\"valueRequired\":true,\"valueName\":\"search_term_string\"}}],\"inLanguage\":\"en-CA\"}]}<\/script>\n<meta property=\"product:price:amount\" content=\"100.00\" \/>\n<meta property=\"product:price:currency\" content=\"EUR\" \/>\n<meta property=\"og:availability\" content=\"instock\" \/>\n<meta property=\"product:availability\" content=\"instock\" \/>\n<meta property=\"product:condition\" content=\"new\" \/>\n<!-- \/ Yoast SEO Premium plugin. -->","yoast_head_json":{"title":"Havas Online Gift Card (Electronic Delivery) (France) - Coincards Europe","robots":{"index":"index","follow":"follow","max-snippet":"max-snippet:-1","max-image-preview":"max-image-preview:large","max-video-preview":"max-video-preview:-1"},"canonical":"https:\/\/coincards.com\/eu\/product\/havas-online-gift-card-electronic-delivery-france\/","og_locale":"en_US","og_type":"article","og_title":"Havas Online Gift Card (Electronic Delivery) (France)","og_description":"Havas Voyages est pr\u00e9sent sur le territoire fran\u00e7ais avec 350 agences et 1 200 sp\u00e9cialistes. Nos activit\u00e9s se concentrent sur la vente de voyages aux particuliers et la gestion des d\u00e9placements professionnels d\u2019entreprises. Havas Voyages est une marque reconnue, figure fran\u00e7aise historique du voyage et a ainsi \u00e9t\u00e9 d\u00e9sign\u00e9e, pour la 6\u00e8me ann\u00e9e, 1er voyagiste fran\u00e7ais sur la qualit\u00e9 de son service client.","og_url":"https:\/\/coincards.com\/eu\/product\/havas-online-gift-card-electronic-delivery-france\/","og_site_name":"Coincards Europe","article_modified_time":"2026-03-19T15:59:38+00:00","og_image":[{"width":675,"height":425,"url":"https:\/\/assets.coincards.com\/wp-content\/uploads\/sites\/6\/2026\/03\/19075834\/HAVAS-FR-card.png","type":"image\/png"}],"twitter_card":"summary_large_image","twitter_misc":{"Price":"&euro;100.00","Availability":"In stock"},"schema":{"@context":"https:\/\/schema.org","@graph":[{"@type":"WebPage","@id":"https:\/\/coincards.com\/eu\/product\/havas-online-gift-card-electronic-delivery-france\/","url":"https:\/\/coincards.com\/eu\/product\/havas-online-gift-card-electronic-delivery-france\/","name":"Havas Online Gift Card (Electronic Delivery) (France) - Coincards Europe","isPartOf":{"@id":"https:\/\/coincards.com\/eu\/#website"},"primaryImageOfPage":{"@id":"https:\/\/coincards.com\/eu\/product\/havas-online-gift-card-electronic-delivery-france\/#primaryimage"},"image":{"@id":"https:\/\/coincards.com\/eu\/product\/havas-online-gift-card-electronic-delivery-france\/#primaryimage"},"thumbnailUrl":"https:\/\/assets.coincards.com\/wp-content\/uploads\/sites\/6\/2026\/03\/19075834\/HAVAS-FR-card.png","datePublished":"2026-03-19T15:59:37+00:00","dateModified":"2026-03-19T15:59:38+00:00","breadcrumb":{"@id":"https:\/\/coincards.com\/eu\/product\/havas-online-gift-card-electronic-delivery-france\/#breadcrumb"},"inLanguage":"en-CA","potentialAction":[{"@type":"ReadAction","target":["https:\/\/coincards.com\/eu\/product\/havas-online-gift-card-electronic-delivery-france\/"]}]},{"@type":"ImageObject","inLanguage":"en-CA","@id":"https:\/\/coincards.com\/eu\/product\/havas-online-gift-card-electronic-delivery-france\/#primaryimage","url":"https:\/\/assets.coincards.com\/wp-content\/uploads\/sites\/6\/2026\/03\/19075834\/HAVAS-FR-card.png","contentUrl":"https:\/\/assets.coincards.com\/wp-content\/uploads\/sites\/6\/2026\/03\/19075834\/HAVAS-FR-card.png","width":675,"height":425},{"@type":"BreadcrumbList","@id":"https:\/\/coincards.com\/eu\/product\/havas-online-gift-card-electronic-delivery-france\/#breadcrumb","itemListElement":[{"@type":"ListItem","position":1,"name":"Home","item":"https:\/\/coincards.com\/eu\/"},{"@type":"ListItem","position":2,"name":"All Gift Cards","item":"https:\/\/coincards.com\/eu\/all-gift-cards\/"},{"@type":"ListItem","position":3,"name":"Havas Online Gift Card (Electronic Delivery) (France)"}]},{"@type":"WebSite","@id":"https:\/\/coincards.com\/eu\/#website","url":"https:\/\/coincards.com\/eu\/","name":"Coincards Europe","description":"Austrlia&#039;s #1 Cryptocurrency to Gift Card Exchange Service","potentialAction":[{"@type":"SearchAction","target":{"@type":"EntryPoint","urlTemplate":"https:\/\/coincards.com\/eu\/?s={search_term_string}"},"query-input":{"@type":"PropertyValueSpecification","valueRequired":true,"valueName":"search_term_string"}}],"inLanguage":"en-CA"}]},"product_price_amount":"100.00","product_price_currency":"EUR","og_availability":"instock","product_availability":"instock","product_condition":"new"},"_links":{"self":[{"href":"https:\/\/coincards.com\/eu\/wp-json\/wp\/v2\/product\/8697","targetHints":{"allow":["GET"]}}],"collection":[{"href":"https:\/\/coincards.com\/eu\/wp-json\/wp\/v2\/product"}],"about":[{"href":"https:\/\/coincards.com\/eu\/wp-json\/wp\/v2\/types\/product"}],"replies":[{"embeddable":true,"href":"https:\/\/coincards.com\/eu\/wp-json\/wp\/v2\/comments?post=8697"}],"wp:featuredmedia":[{"embeddable":true,"href":"https:\/\/coincards.com\/eu\/wp-json\/wp\/v2\/media\/8698"}],"wp:attachment":[{"href":"https:\/\/coincards.com\/eu\/wp-json\/wp\/v2\/media?parent=8697"}],"wp:term":[{"taxonomy":"product_cat","embeddable":true,"href":"https:\/\/coincards.com\/eu\/wp-json\/wp\/v2\/product_cat?post=8697"},{"taxonomy":"product_tag","embeddable":true,"href":"https:\/\/coincards.com\/eu\/wp-json\/wp\/v2\/product_tag?post=8697"}],"curies":[{"name":"wp","href":"https:\/\/api.w.org\/{rel}","templated":true}]}}