{"id":8481,"date":"2025-12-22T14:15:49","date_gmt":"2025-12-22T22:15:49","guid":{"rendered":"https:\/\/coincards.com\/eu\/?post_type=product&#038;p=8481"},"modified":"2025-12-22T14:15:50","modified_gmt":"2025-12-22T22:15:50","slug":"legimi-de-online-gift-card-electronic-delivery-germany","status":"publish","type":"product","link":"https:\/\/coincards.com\/eu\/product\/legimi-de-online-gift-card-electronic-delivery-germany\/","title":{"rendered":"Legimi DE Online Gift Card (Electronic Delivery) (Germany)"},"content":{"rendered":"","protected":false},"excerpt":{"rendered":"<p>Legimi ist ein E-Book- und H\u00f6rbuch-Abo-Anbieter f\u00fcr Bucherliebhaber*innen mit \u00fcber 180.000 B\u00fcchern im Katalog, aus denen man frei w\u00e4hlen kann. Also: Lesen und h\u00f6ren so viel man will \u2013 ohne Seitenlimits! Die App ist geeignet f\u00fcr das Tablet, den E-Reader oder auch das Smartphone. So kannst du jederzeit und \u00fcberall auf deine Bibliothek zugreifen. Zudem ist das Legimi-Abo ab sofort auch f\u00fcr Kindle-Ger\u00e4te verf\u00fcgbar. Ob Belletristik, Romance, Sachbuch, Thriller, Fantasy oder Krimi. Im Katalog findest Du eine gro\u00dfe Auswahl an Genres und sicherlich neuen Lieblingstiteln. Dein Alltag gestaltet sich flexibel und du wei\u00dft nicht, ob du \u00fcberhaupt Zeit zum Lesen findest? Neben zahlreichen spannenden H\u00f6rb\u00fcchern erh\u00e4ltst du auch die M\u00f6glichkeit, ausgew\u00e4hlte Titel als Synchrobook zu genie\u00dfen. Diese erm\u00f6glichen es dir, eine Geschichte als E-Book zu beginnen und als H\u00f6rbuch fortzusetzen (und nat\u00fcrlich wieder zur\u00fcck zu wechseln). Einfacher war Lesen noch nie!<\/p>\n","protected":false},"featured_media":8482,"comment_status":"closed","ping_status":"closed","template":"","meta":{"_exactmetrics_skip_tracking":false,"_exactmetrics_sitenote_active":false,"_exactmetrics_sitenote_note":"","_exactmetrics_sitenote_category":0},"product_cat":[15],"product_tag":[],"class_list":{"0":"post-8481","1":"product","2":"type-product","3":"status-publish","4":"has-post-thumbnail","6":"product_brand-legimi","7":"product_cat-uncategorized","8":"pa_country-availability-germany","10":"first","11":"instock","12":"shipping-taxable","13":"purchasable","14":"product-type-variable","15":"has-default-attributes"},"yoast_head":"<!-- This site is optimized with the Yoast SEO Premium plugin v20.11 (Yoast SEO v25.8) - https:\/\/yoast.com\/wordpress\/plugins\/seo\/ -->\n<title>Legimi DE Online Gift Card (Electronic Delivery) (Germany) - Coincards Europe<\/title>\n<meta name=\"robots\" content=\"index, follow, max-snippet:-1, max-image-preview:large, max-video-preview:-1\" \/>\n<link rel=\"canonical\" href=\"https:\/\/coincards.com\/eu\/product\/legimi-de-online-gift-card-electronic-delivery-germany\/\" \/>\n<meta property=\"og:locale\" content=\"en_US\" \/>\n<meta property=\"og:type\" content=\"article\" \/>\n<meta property=\"og:title\" content=\"Legimi DE Online Gift Card (Electronic Delivery) (Germany)\" \/>\n<meta property=\"og:description\" content=\"Legimi ist ein E-Book- und H\u00f6rbuch-Abo-Anbieter f\u00fcr Bucherliebhaber*innen mit \u00fcber 180.000 B\u00fcchern im Katalog, aus denen man frei w\u00e4hlen kann. Also: Lesen und h\u00f6ren so viel man will \u2013 ohne Seitenlimits! Die App ist geeignet f\u00fcr das Tablet, den E-Reader oder auch das Smartphone. So kannst du jederzeit und \u00fcberall auf deine Bibliothek zugreifen. Zudem ist das Legimi-Abo ab sofort auch f\u00fcr Kindle-Ger\u00e4te verf\u00fcgbar. Ob Belletristik, Romance, Sachbuch, Thriller, Fantasy oder Krimi. Im Katalog findest Du eine gro\u00dfe Auswahl an Genres und sicherlich neuen Lieblingstiteln. Dein Alltag gestaltet sich flexibel und du wei\u00dft nicht, ob du \u00fcberhaupt Zeit zum Lesen findest? Neben zahlreichen spannenden H\u00f6rb\u00fcchern erh\u00e4ltst du auch die M\u00f6glichkeit, ausgew\u00e4hlte Titel als Synchrobook zu genie\u00dfen. Diese erm\u00f6glichen es dir, eine Geschichte als E-Book zu beginnen und als H\u00f6rbuch fortzusetzen (und nat\u00fcrlich wieder zur\u00fcck zu wechseln). Einfacher war Lesen noch nie!\" \/>\n<meta property=\"og:url\" content=\"https:\/\/coincards.com\/eu\/product\/legimi-de-online-gift-card-electronic-delivery-germany\/\" \/>\n<meta property=\"og:site_name\" content=\"Coincards Europe\" \/>\n<meta property=\"article:modified_time\" content=\"2025-12-22T22:15:50+00:00\" \/>\n<meta property=\"og:image\" content=\"https:\/\/assets.coincards.com\/wp-content\/uploads\/sites\/6\/2025\/12\/22141331\/LGMI-DE-card.png\" \/>\n\t<meta property=\"og:image:width\" content=\"675\" \/>\n\t<meta property=\"og:image:height\" content=\"425\" \/>\n\t<meta property=\"og:image:type\" content=\"image\/png\" \/>\n<meta name=\"twitter:card\" content=\"summary_large_image\" \/>\n<meta name=\"twitter:label1\" content=\"Availability\" \/>\n\t<meta name=\"twitter:data1\" content=\"In stock\" \/>\n<script type=\"application\/ld+json\" class=\"yoast-schema-graph\">{\"@context\":\"https:\/\/schema.org\",\"@graph\":[{\"@type\":\"WebPage\",\"@id\":\"https:\/\/coincards.com\/eu\/product\/legimi-de-online-gift-card-electronic-delivery-germany\/\",\"url\":\"https:\/\/coincards.com\/eu\/product\/legimi-de-online-gift-card-electronic-delivery-germany\/\",\"name\":\"Legimi DE Online Gift Card (Electronic Delivery) (Germany) - Coincards Europe\",\"isPartOf\":{\"@id\":\"https:\/\/coincards.com\/eu\/#website\"},\"primaryImageOfPage\":{\"@id\":\"https:\/\/coincards.com\/eu\/product\/legimi-de-online-gift-card-electronic-delivery-germany\/#primaryimage\"},\"image\":{\"@id\":\"https:\/\/coincards.com\/eu\/product\/legimi-de-online-gift-card-electronic-delivery-germany\/#primaryimage\"},\"thumbnailUrl\":\"https:\/\/assets.coincards.com\/wp-content\/uploads\/sites\/6\/2025\/12\/22141331\/LGMI-DE-card.png\",\"datePublished\":\"2025-12-22T22:15:49+00:00\",\"dateModified\":\"2025-12-22T22:15:50+00:00\",\"breadcrumb\":{\"@id\":\"https:\/\/coincards.com\/eu\/product\/legimi-de-online-gift-card-electronic-delivery-germany\/#breadcrumb\"},\"inLanguage\":\"en-CA\",\"potentialAction\":[{\"@type\":\"ReadAction\",\"target\":[\"https:\/\/coincards.com\/eu\/product\/legimi-de-online-gift-card-electronic-delivery-germany\/\"]}]},{\"@type\":\"ImageObject\",\"inLanguage\":\"en-CA\",\"@id\":\"https:\/\/coincards.com\/eu\/product\/legimi-de-online-gift-card-electronic-delivery-germany\/#primaryimage\",\"url\":\"https:\/\/assets.coincards.com\/wp-content\/uploads\/sites\/6\/2025\/12\/22141331\/LGMI-DE-card.png\",\"contentUrl\":\"https:\/\/assets.coincards.com\/wp-content\/uploads\/sites\/6\/2025\/12\/22141331\/LGMI-DE-card.png\",\"width\":675,\"height\":425},{\"@type\":\"BreadcrumbList\",\"@id\":\"https:\/\/coincards.com\/eu\/product\/legimi-de-online-gift-card-electronic-delivery-germany\/#breadcrumb\",\"itemListElement\":[{\"@type\":\"ListItem\",\"position\":1,\"name\":\"Home\",\"item\":\"https:\/\/coincards.com\/eu\/\"},{\"@type\":\"ListItem\",\"position\":2,\"name\":\"All Gift Cards\",\"item\":\"https:\/\/coincards.com\/eu\/all-gift-cards\/\"},{\"@type\":\"ListItem\",\"position\":3,\"name\":\"Legimi DE Online Gift Card (Electronic Delivery) (Germany)\"}]},{\"@type\":\"WebSite\",\"@id\":\"https:\/\/coincards.com\/eu\/#website\",\"url\":\"https:\/\/coincards.com\/eu\/\",\"name\":\"Coincards Europe\",\"description\":\"Austrlia&#039;s #1 Cryptocurrency to Gift Card Exchange Service\",\"potentialAction\":[{\"@type\":\"SearchAction\",\"target\":{\"@type\":\"EntryPoint\",\"urlTemplate\":\"https:\/\/coincards.com\/eu\/?s={search_term_string}\"},\"query-input\":{\"@type\":\"PropertyValueSpecification\",\"valueRequired\":true,\"valueName\":\"search_term_string\"}}],\"inLanguage\":\"en-CA\"}]}<\/script>\n<meta property=\"og:availability\" content=\"instock\" \/>\n<meta property=\"product:availability\" content=\"instock\" \/>\n<meta property=\"product:condition\" content=\"new\" \/>\n<!-- \/ Yoast SEO Premium plugin. -->","yoast_head_json":{"title":"Legimi DE Online Gift Card (Electronic Delivery) (Germany) - Coincards Europe","robots":{"index":"index","follow":"follow","max-snippet":"max-snippet:-1","max-image-preview":"max-image-preview:large","max-video-preview":"max-video-preview:-1"},"canonical":"https:\/\/coincards.com\/eu\/product\/legimi-de-online-gift-card-electronic-delivery-germany\/","og_locale":"en_US","og_type":"article","og_title":"Legimi DE Online Gift Card (Electronic Delivery) (Germany)","og_description":"Legimi ist ein E-Book- und H\u00f6rbuch-Abo-Anbieter f\u00fcr Bucherliebhaber*innen mit \u00fcber 180.000 B\u00fcchern im Katalog, aus denen man frei w\u00e4hlen kann. Also: Lesen und h\u00f6ren so viel man will \u2013 ohne Seitenlimits! Die App ist geeignet f\u00fcr das Tablet, den E-Reader oder auch das Smartphone. So kannst du jederzeit und \u00fcberall auf deine Bibliothek zugreifen. Zudem ist das Legimi-Abo ab sofort auch f\u00fcr Kindle-Ger\u00e4te verf\u00fcgbar. Ob Belletristik, Romance, Sachbuch, Thriller, Fantasy oder Krimi. Im Katalog findest Du eine gro\u00dfe Auswahl an Genres und sicherlich neuen Lieblingstiteln. Dein Alltag gestaltet sich flexibel und du wei\u00dft nicht, ob du \u00fcberhaupt Zeit zum Lesen findest? Neben zahlreichen spannenden H\u00f6rb\u00fcchern erh\u00e4ltst du auch die M\u00f6glichkeit, ausgew\u00e4hlte Titel als Synchrobook zu genie\u00dfen. Diese erm\u00f6glichen es dir, eine Geschichte als E-Book zu beginnen und als H\u00f6rbuch fortzusetzen (und nat\u00fcrlich wieder zur\u00fcck zu wechseln). Einfacher war Lesen noch nie!","og_url":"https:\/\/coincards.com\/eu\/product\/legimi-de-online-gift-card-electronic-delivery-germany\/","og_site_name":"Coincards Europe","article_modified_time":"2025-12-22T22:15:50+00:00","og_image":[{"width":675,"height":425,"url":"https:\/\/assets.coincards.com\/wp-content\/uploads\/sites\/6\/2025\/12\/22141331\/LGMI-DE-card.png","type":"image\/png"}],"twitter_card":"summary_large_image","twitter_misc":{"Availability":"In stock"},"schema":{"@context":"https:\/\/schema.org","@graph":[{"@type":"WebPage","@id":"https:\/\/coincards.com\/eu\/product\/legimi-de-online-gift-card-electronic-delivery-germany\/","url":"https:\/\/coincards.com\/eu\/product\/legimi-de-online-gift-card-electronic-delivery-germany\/","name":"Legimi DE Online Gift Card (Electronic Delivery) (Germany) - Coincards Europe","isPartOf":{"@id":"https:\/\/coincards.com\/eu\/#website"},"primaryImageOfPage":{"@id":"https:\/\/coincards.com\/eu\/product\/legimi-de-online-gift-card-electronic-delivery-germany\/#primaryimage"},"image":{"@id":"https:\/\/coincards.com\/eu\/product\/legimi-de-online-gift-card-electronic-delivery-germany\/#primaryimage"},"thumbnailUrl":"https:\/\/assets.coincards.com\/wp-content\/uploads\/sites\/6\/2025\/12\/22141331\/LGMI-DE-card.png","datePublished":"2025-12-22T22:15:49+00:00","dateModified":"2025-12-22T22:15:50+00:00","breadcrumb":{"@id":"https:\/\/coincards.com\/eu\/product\/legimi-de-online-gift-card-electronic-delivery-germany\/#breadcrumb"},"inLanguage":"en-CA","potentialAction":[{"@type":"ReadAction","target":["https:\/\/coincards.com\/eu\/product\/legimi-de-online-gift-card-electronic-delivery-germany\/"]}]},{"@type":"ImageObject","inLanguage":"en-CA","@id":"https:\/\/coincards.com\/eu\/product\/legimi-de-online-gift-card-electronic-delivery-germany\/#primaryimage","url":"https:\/\/assets.coincards.com\/wp-content\/uploads\/sites\/6\/2025\/12\/22141331\/LGMI-DE-card.png","contentUrl":"https:\/\/assets.coincards.com\/wp-content\/uploads\/sites\/6\/2025\/12\/22141331\/LGMI-DE-card.png","width":675,"height":425},{"@type":"BreadcrumbList","@id":"https:\/\/coincards.com\/eu\/product\/legimi-de-online-gift-card-electronic-delivery-germany\/#breadcrumb","itemListElement":[{"@type":"ListItem","position":1,"name":"Home","item":"https:\/\/coincards.com\/eu\/"},{"@type":"ListItem","position":2,"name":"All Gift Cards","item":"https:\/\/coincards.com\/eu\/all-gift-cards\/"},{"@type":"ListItem","position":3,"name":"Legimi DE Online Gift Card (Electronic Delivery) (Germany)"}]},{"@type":"WebSite","@id":"https:\/\/coincards.com\/eu\/#website","url":"https:\/\/coincards.com\/eu\/","name":"Coincards Europe","description":"Austrlia&#039;s #1 Cryptocurrency to Gift Card Exchange Service","potentialAction":[{"@type":"SearchAction","target":{"@type":"EntryPoint","urlTemplate":"https:\/\/coincards.com\/eu\/?s={search_term_string}"},"query-input":{"@type":"PropertyValueSpecification","valueRequired":true,"valueName":"search_term_string"}}],"inLanguage":"en-CA"}]},"og_availability":"instock","product_availability":"instock","product_condition":"new"},"_links":{"self":[{"href":"https:\/\/coincards.com\/eu\/wp-json\/wp\/v2\/product\/8481","targetHints":{"allow":["GET"]}}],"collection":[{"href":"https:\/\/coincards.com\/eu\/wp-json\/wp\/v2\/product"}],"about":[{"href":"https:\/\/coincards.com\/eu\/wp-json\/wp\/v2\/types\/product"}],"replies":[{"embeddable":true,"href":"https:\/\/coincards.com\/eu\/wp-json\/wp\/v2\/comments?post=8481"}],"wp:featuredmedia":[{"embeddable":true,"href":"https:\/\/coincards.com\/eu\/wp-json\/wp\/v2\/media\/8482"}],"wp:attachment":[{"href":"https:\/\/coincards.com\/eu\/wp-json\/wp\/v2\/media?parent=8481"}],"wp:term":[{"taxonomy":"product_cat","embeddable":true,"href":"https:\/\/coincards.com\/eu\/wp-json\/wp\/v2\/product_cat?post=8481"},{"taxonomy":"product_tag","embeddable":true,"href":"https:\/\/coincards.com\/eu\/wp-json\/wp\/v2\/product_tag?post=8481"}],"curies":[{"name":"wp","href":"https:\/\/api.w.org\/{rel}","templated":true}]}}