{"id":8469,"date":"2025-12-22T13:58:04","date_gmt":"2025-12-22T21:58:04","guid":{"rendered":"https:\/\/coincards.com\/eu\/?post_type=product&#038;p=8469"},"modified":"2026-01-12T00:57:33","modified_gmt":"2026-01-12T08:57:33","slug":"gourmetfleisch-de-online-gift-card-electronic-delivery","status":"publish","type":"product","link":"https:\/\/coincards.com\/eu\/product\/gourmetfleisch-de-online-gift-card-electronic-delivery\/","title":{"rendered":"Gourmetfleisch DE Online Gift Card (Electronic Delivery)"},"content":{"rendered":"","protected":false},"excerpt":{"rendered":"<p>Die Zeiten \u00e4ndern sich und die zartesten Steaks kauft man heute k\u00fchl und sicher online. Allen Hobbyk\u00f6chen bietet Gourmetfleisch eine frische Qualit\u00e4t, die bislang der Spitzengastronomie vorbehalten war. Entscheiden Sie sich f\u00fcr eine echte, kulinarische Steakrevolution. Ob Original American Beef, Wagyu Beef, Bison oder auch das spanische Schwein Iberico. Alle Steaks werden sorgf\u00e4ltig einzeln und von Hand geschnitten und haben eine Reifung von mindestens 28 Tagen. Sie werden kein anderes Steak mehr wollen.\u00a0 Daf\u00fcr stehen wir mit unserer 100% Gourmetfleisch Garantie. Der Gutschein wird Ihnen als Code an Ihre E-Mailadresse gesendet.<\/p>\n","protected":false},"featured_media":8470,"comment_status":"closed","ping_status":"closed","template":"","meta":{"_exactmetrics_skip_tracking":false,"_exactmetrics_sitenote_active":false,"_exactmetrics_sitenote_note":"","_exactmetrics_sitenote_category":0},"product_cat":[15],"product_tag":[],"class_list":{"0":"post-8469","1":"product","2":"type-product","3":"status-publish","4":"has-post-thumbnail","6":"product_brand-gourmetfleisch","7":"product_cat-uncategorized","8":"pa_country-availability-germany","10":"first","11":"instock","12":"shipping-taxable","13":"purchasable","14":"product-type-variable","15":"has-default-attributes"},"yoast_head":"<!-- This site is optimized with the Yoast SEO Premium plugin v20.11 (Yoast SEO v25.8) - https:\/\/yoast.com\/wordpress\/plugins\/seo\/ -->\n<title>Gourmetfleisch DE Online Gift Card (Electronic Delivery) - Coincards Europe<\/title>\n<meta name=\"robots\" content=\"index, follow, max-snippet:-1, max-image-preview:large, max-video-preview:-1\" \/>\n<link rel=\"canonical\" href=\"https:\/\/coincards.com\/eu\/product\/gourmetfleisch-de-online-gift-card-electronic-delivery\/\" \/>\n<meta property=\"og:locale\" content=\"en_US\" \/>\n<meta property=\"og:type\" content=\"article\" \/>\n<meta property=\"og:title\" content=\"Gourmetfleisch DE Online Gift Card (Electronic Delivery)\" \/>\n<meta property=\"og:description\" content=\"Die Zeiten \u00e4ndern sich und die zartesten Steaks kauft man heute k\u00fchl und sicher online. Allen Hobbyk\u00f6chen bietet Gourmetfleisch eine frische Qualit\u00e4t, die bislang der Spitzengastronomie vorbehalten war. Entscheiden Sie sich f\u00fcr eine echte, kulinarische Steakrevolution. Ob Original American Beef, Wagyu Beef, Bison oder auch das spanische Schwein Iberico. Alle Steaks werden sorgf\u00e4ltig einzeln und von Hand geschnitten und haben eine Reifung von mindestens 28 Tagen. Sie werden kein anderes Steak mehr wollen.\u00a0 Daf\u00fcr stehen wir mit unserer 100% Gourmetfleisch Garantie. Der Gutschein wird Ihnen als Code an Ihre E-Mailadresse gesendet.\" \/>\n<meta property=\"og:url\" content=\"https:\/\/coincards.com\/eu\/product\/gourmetfleisch-de-online-gift-card-electronic-delivery\/\" \/>\n<meta property=\"og:site_name\" content=\"Coincards Europe\" \/>\n<meta property=\"article:modified_time\" content=\"2026-01-12T08:57:33+00:00\" \/>\n<meta property=\"og:image\" content=\"https:\/\/assets.coincards.com\/wp-content\/uploads\/sites\/6\/2025\/12\/22135535\/GRMFLS-DE-card.png\" \/>\n\t<meta property=\"og:image:width\" content=\"675\" \/>\n\t<meta property=\"og:image:height\" content=\"425\" \/>\n\t<meta property=\"og:image:type\" content=\"image\/png\" \/>\n<meta name=\"twitter:card\" content=\"summary_large_image\" \/>\n<meta name=\"twitter:label1\" content=\"Availability\" \/>\n\t<meta name=\"twitter:data1\" content=\"In stock\" \/>\n<script type=\"application\/ld+json\" class=\"yoast-schema-graph\">{\"@context\":\"https:\/\/schema.org\",\"@graph\":[{\"@type\":\"WebPage\",\"@id\":\"https:\/\/coincards.com\/eu\/product\/gourmetfleisch-de-online-gift-card-electronic-delivery\/\",\"url\":\"https:\/\/coincards.com\/eu\/product\/gourmetfleisch-de-online-gift-card-electronic-delivery\/\",\"name\":\"Gourmetfleisch DE Online Gift Card (Electronic Delivery) - Coincards Europe\",\"isPartOf\":{\"@id\":\"https:\/\/coincards.com\/eu\/#website\"},\"primaryImageOfPage\":{\"@id\":\"https:\/\/coincards.com\/eu\/product\/gourmetfleisch-de-online-gift-card-electronic-delivery\/#primaryimage\"},\"image\":{\"@id\":\"https:\/\/coincards.com\/eu\/product\/gourmetfleisch-de-online-gift-card-electronic-delivery\/#primaryimage\"},\"thumbnailUrl\":\"https:\/\/assets.coincards.com\/wp-content\/uploads\/sites\/6\/2025\/12\/22135535\/GRMFLS-DE-card.png\",\"datePublished\":\"2025-12-22T21:58:04+00:00\",\"dateModified\":\"2026-01-12T08:57:33+00:00\",\"breadcrumb\":{\"@id\":\"https:\/\/coincards.com\/eu\/product\/gourmetfleisch-de-online-gift-card-electronic-delivery\/#breadcrumb\"},\"inLanguage\":\"en-CA\",\"potentialAction\":[{\"@type\":\"ReadAction\",\"target\":[\"https:\/\/coincards.com\/eu\/product\/gourmetfleisch-de-online-gift-card-electronic-delivery\/\"]}]},{\"@type\":\"ImageObject\",\"inLanguage\":\"en-CA\",\"@id\":\"https:\/\/coincards.com\/eu\/product\/gourmetfleisch-de-online-gift-card-electronic-delivery\/#primaryimage\",\"url\":\"https:\/\/assets.coincards.com\/wp-content\/uploads\/sites\/6\/2025\/12\/22135535\/GRMFLS-DE-card.png\",\"contentUrl\":\"https:\/\/assets.coincards.com\/wp-content\/uploads\/sites\/6\/2025\/12\/22135535\/GRMFLS-DE-card.png\",\"width\":675,\"height\":425},{\"@type\":\"BreadcrumbList\",\"@id\":\"https:\/\/coincards.com\/eu\/product\/gourmetfleisch-de-online-gift-card-electronic-delivery\/#breadcrumb\",\"itemListElement\":[{\"@type\":\"ListItem\",\"position\":1,\"name\":\"Home\",\"item\":\"https:\/\/coincards.com\/eu\/\"},{\"@type\":\"ListItem\",\"position\":2,\"name\":\"All Gift Cards\",\"item\":\"https:\/\/coincards.com\/eu\/all-gift-cards\/\"},{\"@type\":\"ListItem\",\"position\":3,\"name\":\"Gourmetfleisch DE Online Gift Card (Electronic Delivery)\"}]},{\"@type\":\"WebSite\",\"@id\":\"https:\/\/coincards.com\/eu\/#website\",\"url\":\"https:\/\/coincards.com\/eu\/\",\"name\":\"Coincards Europe\",\"description\":\"Austrlia&#039;s #1 Cryptocurrency to Gift Card Exchange Service\",\"potentialAction\":[{\"@type\":\"SearchAction\",\"target\":{\"@type\":\"EntryPoint\",\"urlTemplate\":\"https:\/\/coincards.com\/eu\/?s={search_term_string}\"},\"query-input\":{\"@type\":\"PropertyValueSpecification\",\"valueRequired\":true,\"valueName\":\"search_term_string\"}}],\"inLanguage\":\"en-CA\"}]}<\/script>\n<meta property=\"og:availability\" content=\"instock\" \/>\n<meta property=\"product:availability\" content=\"instock\" \/>\n<meta property=\"product:condition\" content=\"new\" \/>\n<!-- \/ Yoast SEO Premium plugin. -->","yoast_head_json":{"title":"Gourmetfleisch DE Online Gift Card (Electronic Delivery) - Coincards Europe","robots":{"index":"index","follow":"follow","max-snippet":"max-snippet:-1","max-image-preview":"max-image-preview:large","max-video-preview":"max-video-preview:-1"},"canonical":"https:\/\/coincards.com\/eu\/product\/gourmetfleisch-de-online-gift-card-electronic-delivery\/","og_locale":"en_US","og_type":"article","og_title":"Gourmetfleisch DE Online Gift Card (Electronic Delivery)","og_description":"Die Zeiten \u00e4ndern sich und die zartesten Steaks kauft man heute k\u00fchl und sicher online. Allen Hobbyk\u00f6chen bietet Gourmetfleisch eine frische Qualit\u00e4t, die bislang der Spitzengastronomie vorbehalten war. Entscheiden Sie sich f\u00fcr eine echte, kulinarische Steakrevolution. Ob Original American Beef, Wagyu Beef, Bison oder auch das spanische Schwein Iberico. Alle Steaks werden sorgf\u00e4ltig einzeln und von Hand geschnitten und haben eine Reifung von mindestens 28 Tagen. Sie werden kein anderes Steak mehr wollen.\u00a0 Daf\u00fcr stehen wir mit unserer 100% Gourmetfleisch Garantie. Der Gutschein wird Ihnen als Code an Ihre E-Mailadresse gesendet.","og_url":"https:\/\/coincards.com\/eu\/product\/gourmetfleisch-de-online-gift-card-electronic-delivery\/","og_site_name":"Coincards Europe","article_modified_time":"2026-01-12T08:57:33+00:00","og_image":[{"width":675,"height":425,"url":"https:\/\/assets.coincards.com\/wp-content\/uploads\/sites\/6\/2025\/12\/22135535\/GRMFLS-DE-card.png","type":"image\/png"}],"twitter_card":"summary_large_image","twitter_misc":{"Availability":"In stock"},"schema":{"@context":"https:\/\/schema.org","@graph":[{"@type":"WebPage","@id":"https:\/\/coincards.com\/eu\/product\/gourmetfleisch-de-online-gift-card-electronic-delivery\/","url":"https:\/\/coincards.com\/eu\/product\/gourmetfleisch-de-online-gift-card-electronic-delivery\/","name":"Gourmetfleisch DE Online Gift Card (Electronic Delivery) - Coincards Europe","isPartOf":{"@id":"https:\/\/coincards.com\/eu\/#website"},"primaryImageOfPage":{"@id":"https:\/\/coincards.com\/eu\/product\/gourmetfleisch-de-online-gift-card-electronic-delivery\/#primaryimage"},"image":{"@id":"https:\/\/coincards.com\/eu\/product\/gourmetfleisch-de-online-gift-card-electronic-delivery\/#primaryimage"},"thumbnailUrl":"https:\/\/assets.coincards.com\/wp-content\/uploads\/sites\/6\/2025\/12\/22135535\/GRMFLS-DE-card.png","datePublished":"2025-12-22T21:58:04+00:00","dateModified":"2026-01-12T08:57:33+00:00","breadcrumb":{"@id":"https:\/\/coincards.com\/eu\/product\/gourmetfleisch-de-online-gift-card-electronic-delivery\/#breadcrumb"},"inLanguage":"en-CA","potentialAction":[{"@type":"ReadAction","target":["https:\/\/coincards.com\/eu\/product\/gourmetfleisch-de-online-gift-card-electronic-delivery\/"]}]},{"@type":"ImageObject","inLanguage":"en-CA","@id":"https:\/\/coincards.com\/eu\/product\/gourmetfleisch-de-online-gift-card-electronic-delivery\/#primaryimage","url":"https:\/\/assets.coincards.com\/wp-content\/uploads\/sites\/6\/2025\/12\/22135535\/GRMFLS-DE-card.png","contentUrl":"https:\/\/assets.coincards.com\/wp-content\/uploads\/sites\/6\/2025\/12\/22135535\/GRMFLS-DE-card.png","width":675,"height":425},{"@type":"BreadcrumbList","@id":"https:\/\/coincards.com\/eu\/product\/gourmetfleisch-de-online-gift-card-electronic-delivery\/#breadcrumb","itemListElement":[{"@type":"ListItem","position":1,"name":"Home","item":"https:\/\/coincards.com\/eu\/"},{"@type":"ListItem","position":2,"name":"All Gift Cards","item":"https:\/\/coincards.com\/eu\/all-gift-cards\/"},{"@type":"ListItem","position":3,"name":"Gourmetfleisch DE Online Gift Card (Electronic Delivery)"}]},{"@type":"WebSite","@id":"https:\/\/coincards.com\/eu\/#website","url":"https:\/\/coincards.com\/eu\/","name":"Coincards Europe","description":"Austrlia&#039;s #1 Cryptocurrency to Gift Card Exchange Service","potentialAction":[{"@type":"SearchAction","target":{"@type":"EntryPoint","urlTemplate":"https:\/\/coincards.com\/eu\/?s={search_term_string}"},"query-input":{"@type":"PropertyValueSpecification","valueRequired":true,"valueName":"search_term_string"}}],"inLanguage":"en-CA"}]},"og_availability":"instock","product_availability":"instock","product_condition":"new"},"_links":{"self":[{"href":"https:\/\/coincards.com\/eu\/wp-json\/wp\/v2\/product\/8469","targetHints":{"allow":["GET"]}}],"collection":[{"href":"https:\/\/coincards.com\/eu\/wp-json\/wp\/v2\/product"}],"about":[{"href":"https:\/\/coincards.com\/eu\/wp-json\/wp\/v2\/types\/product"}],"replies":[{"embeddable":true,"href":"https:\/\/coincards.com\/eu\/wp-json\/wp\/v2\/comments?post=8469"}],"wp:featuredmedia":[{"embeddable":true,"href":"https:\/\/coincards.com\/eu\/wp-json\/wp\/v2\/media\/8470"}],"wp:attachment":[{"href":"https:\/\/coincards.com\/eu\/wp-json\/wp\/v2\/media?parent=8469"}],"wp:term":[{"taxonomy":"product_cat","embeddable":true,"href":"https:\/\/coincards.com\/eu\/wp-json\/wp\/v2\/product_cat?post=8469"},{"taxonomy":"product_tag","embeddable":true,"href":"https:\/\/coincards.com\/eu\/wp-json\/wp\/v2\/product_tag?post=8469"}],"curies":[{"name":"wp","href":"https:\/\/api.w.org\/{rel}","templated":true}]}}