{"id":8420,"date":"2025-12-08T14:06:12","date_gmt":"2025-12-08T22:06:12","guid":{"rendered":"https:\/\/coincards.com\/eu\/?post_type=product&#038;p=8420"},"modified":"2026-05-01T08:15:33","modified_gmt":"2026-05-01T16:15:33","slug":"rituals-lu-online-gift-card-electronic-delivery-luxembourg","status":"publish","type":"product","link":"https:\/\/coincards.com\/eu\/product\/rituals-lu-online-gift-card-electronic-delivery-luxembourg\/","title":{"rendered":"Rituals LU Online Gift Card (Electronic Delivery) (Luxembourg)"},"content":{"rendered":"","protected":false},"excerpt":{"rendered":"<p>Les rituels se trouvent partout, tous les jours, \u00e0 tout moment, attendant d\u2019\u00eatre d\u00e9couverts, d\u00e9sireux de partager la beaut\u00e9 qu\u2019ils renferment. Ce sont ces routines qui semblent sans importance et que nous avons tous tendance \u00e0 ignorer. Rituals transforme ces routines et vous rappelle d\u2019en profiter avec joie. Qu\u2019il s\u2019agisse de se pr\u00e9lasser dans un bain ou de cr\u00e9er une atmosph\u00e8re chaleureuse gr\u00e2ce \u00e0 la riche senteur de l\u2019encens asiatique, Rituals vous aide \u00e0 trouver le bonheur dans les petites choses de la vie. Inspir\u00e9s par la sagesse et les traditions ancestrales asiatiques, nous avons cr\u00e9\u00e9 une collection compl\u00e8te de produits raffin\u00e9s pour la maison et le corps, aux prix abordables. Nous esp\u00e9rons enrichir votre vie en proposant des parfums exclusifs mis au point et compos\u00e9s avec soin par les meilleurs parfumeurs au monde. Un parfum de qualit\u00e9 a le pouvoir de changer votre humeur, de faire resurgir des souvenirs disparus depuis longtemps et de vous envelopper d\u2019une sensation de confort et de bien-\u00eatre. La mise au point d\u2019un nouveau parfum s\u2019apparente \u00e0 la cr\u00e9ation d\u2019une \u0153uvre d\u2019art : il s\u2019agit de d\u00e9couvrir et d\u2019associer avec soin les bons ingr\u00e9dients afin de composer le caract\u00e8re attrayant et unique de chaque parfum. Que vous achetiez un cadeau pour vous faire plaisir ou pour surprendre quelqu\u2019un, trouver le cadeau id\u00e9al devient simple gr\u00e2ce \u00e0 notre collection de produits raffin\u00e9s pour la maison et pour le corps. Avec Rituals, vous n\u2019offrez pas seulement un cadeau, mais aussi l\u2019exp\u00e9rience de trouver le bonheur dans les petites choses. Nous sommes convaincus que c\u2019est ainsi que des moments riches de sens sont cr\u00e9\u00e9s.<\/p>\n","protected":false},"featured_media":5845,"comment_status":"closed","ping_status":"closed","template":"","meta":{"_exactmetrics_skip_tracking":false,"_exactmetrics_sitenote_active":false,"_exactmetrics_sitenote_note":"","_exactmetrics_sitenote_category":0},"product_cat":[20],"product_tag":[],"class_list":{"0":"post-8420","1":"product","2":"type-product","3":"status-publish","4":"has-post-thumbnail","6":"product_brand-rituals","7":"product_cat-electronic-gift-cards","8":"pa_country-availability-luxembourg","10":"first","11":"instock","12":"virtual","13":"purchasable","14":"product-type-simple","15":"nyp-product"},"yoast_head":"<!-- This site is optimized with the Yoast SEO Premium plugin v20.11 (Yoast SEO v27.3) - https:\/\/yoast.com\/product\/yoast-seo-premium-wordpress\/ -->\n<title>Rituals LU Online Gift Card (Electronic Delivery) (Luxembourg) - Coincards Europe<\/title>\n<meta name=\"robots\" content=\"index, follow, max-snippet:-1, max-image-preview:large, max-video-preview:-1\" \/>\n<link rel=\"canonical\" href=\"https:\/\/coincards.com\/eu\/product\/rituals-lu-online-gift-card-electronic-delivery-luxembourg\/\" \/>\n<meta property=\"og:locale\" content=\"en_US\" \/>\n<meta property=\"og:type\" content=\"article\" \/>\n<meta property=\"og:title\" content=\"Rituals LU Online Gift Card (Electronic Delivery) (Luxembourg)\" \/>\n<meta property=\"og:description\" content=\"Les rituels se trouvent partout, tous les jours, \u00e0 tout moment, attendant d\u2019\u00eatre d\u00e9couverts, d\u00e9sireux de partager la beaut\u00e9 qu\u2019ils renferment. Ce sont ces routines qui semblent sans importance et que nous avons tous tendance \u00e0 ignorer. Rituals transforme ces routines et vous rappelle d\u2019en profiter avec joie. Qu\u2019il s\u2019agisse de se pr\u00e9lasser dans un bain ou de cr\u00e9er une atmosph\u00e8re chaleureuse gr\u00e2ce \u00e0 la riche senteur de l\u2019encens asiatique, Rituals vous aide \u00e0 trouver le bonheur dans les petites choses de la vie. Inspir\u00e9s par la sagesse et les traditions ancestrales asiatiques, nous avons cr\u00e9\u00e9 une collection compl\u00e8te de produits raffin\u00e9s pour la maison et le corps, aux prix abordables. Nous esp\u00e9rons enrichir votre vie en proposant des parfums exclusifs mis au point et compos\u00e9s avec soin par les meilleurs parfumeurs au monde. Un parfum de qualit\u00e9 a le pouvoir de changer votre humeur, de faire resurgir des souvenirs disparus depuis longtemps et de vous envelopper d\u2019une sensation de confort et de bien-\u00eatre. La mise au point d\u2019un nouveau parfum s\u2019apparente \u00e0 la cr\u00e9ation d\u2019une \u0153uvre d\u2019art : il s\u2019agit de d\u00e9couvrir et d\u2019associer avec soin les bons ingr\u00e9dients afin de composer le caract\u00e8re attrayant et unique de chaque parfum. Que vous achetiez un cadeau pour vous faire plaisir ou pour surprendre quelqu\u2019un, trouver le cadeau id\u00e9al devient simple gr\u00e2ce \u00e0 notre collection de produits raffin\u00e9s pour la maison et pour le corps. Avec Rituals, vous n\u2019offrez pas seulement un cadeau, mais aussi l\u2019exp\u00e9rience de trouver le bonheur dans les petites choses. Nous sommes convaincus que c\u2019est ainsi que des moments riches de sens sont cr\u00e9\u00e9s.\" \/>\n<meta property=\"og:url\" content=\"https:\/\/coincards.com\/eu\/product\/rituals-lu-online-gift-card-electronic-delivery-luxembourg\/\" \/>\n<meta property=\"og:site_name\" content=\"Coincards Europe\" \/>\n<meta property=\"article:modified_time\" content=\"2026-05-01T16:15:33+00:00\" \/>\n<meta property=\"og:image\" content=\"https:\/\/assets.coincards.com\/wp-content\/uploads\/sites\/6\/2024\/06\/04185040\/RITUAL-DE-card.png\" \/>\n\t<meta property=\"og:image:width\" content=\"675\" \/>\n\t<meta property=\"og:image:height\" content=\"425\" \/>\n\t<meta property=\"og:image:type\" content=\"image\/png\" \/>\n<meta name=\"twitter:card\" content=\"summary_large_image\" \/>\n<meta name=\"twitter:label1\" content=\"Price\" \/>\n\t<meta name=\"twitter:data1\" content=\"&euro;5.00\" \/>\n\t<meta name=\"twitter:label2\" content=\"Availability\" \/>\n\t<meta name=\"twitter:data2\" content=\"In stock\" \/>\n<script type=\"application\/ld+json\" class=\"yoast-schema-graph\">{\"@context\":\"https:\\\/\\\/schema.org\",\"@graph\":[{\"@type\":\"WebPage\",\"@id\":\"https:\\\/\\\/coincards.com\\\/eu\\\/product\\\/rituals-lu-online-gift-card-electronic-delivery-luxembourg\\\/\",\"url\":\"https:\\\/\\\/coincards.com\\\/eu\\\/product\\\/rituals-lu-online-gift-card-electronic-delivery-luxembourg\\\/\",\"name\":\"Rituals LU Online Gift Card (Electronic Delivery) (Luxembourg) - Coincards Europe\",\"isPartOf\":{\"@id\":\"https:\\\/\\\/coincards.com\\\/eu\\\/#website\"},\"primaryImageOfPage\":{\"@id\":\"https:\\\/\\\/coincards.com\\\/eu\\\/product\\\/rituals-lu-online-gift-card-electronic-delivery-luxembourg\\\/#primaryimage\"},\"image\":{\"@id\":\"https:\\\/\\\/coincards.com\\\/eu\\\/product\\\/rituals-lu-online-gift-card-electronic-delivery-luxembourg\\\/#primaryimage\"},\"thumbnailUrl\":\"https:\\\/\\\/assets.coincards.com\\\/wp-content\\\/uploads\\\/sites\\\/6\\\/2024\\\/06\\\/04185040\\\/RITUAL-DE-card.png\",\"datePublished\":\"2025-12-08T22:06:12+00:00\",\"dateModified\":\"2026-05-01T16:15:33+00:00\",\"breadcrumb\":{\"@id\":\"https:\\\/\\\/coincards.com\\\/eu\\\/product\\\/rituals-lu-online-gift-card-electronic-delivery-luxembourg\\\/#breadcrumb\"},\"inLanguage\":\"en-CA\",\"potentialAction\":[{\"@type\":\"ReadAction\",\"target\":[\"https:\\\/\\\/coincards.com\\\/eu\\\/product\\\/rituals-lu-online-gift-card-electronic-delivery-luxembourg\\\/\"]}]},{\"@type\":\"ImageObject\",\"inLanguage\":\"en-CA\",\"@id\":\"https:\\\/\\\/coincards.com\\\/eu\\\/product\\\/rituals-lu-online-gift-card-electronic-delivery-luxembourg\\\/#primaryimage\",\"url\":\"https:\\\/\\\/assets.coincards.com\\\/wp-content\\\/uploads\\\/sites\\\/6\\\/2024\\\/06\\\/04185040\\\/RITUAL-DE-card.png\",\"contentUrl\":\"https:\\\/\\\/assets.coincards.com\\\/wp-content\\\/uploads\\\/sites\\\/6\\\/2024\\\/06\\\/04185040\\\/RITUAL-DE-card.png\",\"width\":675,\"height\":425},{\"@type\":\"BreadcrumbList\",\"@id\":\"https:\\\/\\\/coincards.com\\\/eu\\\/product\\\/rituals-lu-online-gift-card-electronic-delivery-luxembourg\\\/#breadcrumb\",\"itemListElement\":[{\"@type\":\"ListItem\",\"position\":1,\"name\":\"Home\",\"item\":\"https:\\\/\\\/coincards.com\\\/eu\\\/\"},{\"@type\":\"ListItem\",\"position\":2,\"name\":\"All Gift Cards\",\"item\":\"https:\\\/\\\/coincards.com\\\/eu\\\/all-gift-cards\\\/\"},{\"@type\":\"ListItem\",\"position\":3,\"name\":\"Rituals LU Online Gift Card (Electronic Delivery) (Luxembourg)\"}]},{\"@type\":\"WebSite\",\"@id\":\"https:\\\/\\\/coincards.com\\\/eu\\\/#website\",\"url\":\"https:\\\/\\\/coincards.com\\\/eu\\\/\",\"name\":\"Coincards Europe\",\"description\":\"Austrlia&#039;s #1 Cryptocurrency to Gift Card Exchange Service\",\"potentialAction\":[{\"@type\":\"SearchAction\",\"target\":{\"@type\":\"EntryPoint\",\"urlTemplate\":\"https:\\\/\\\/coincards.com\\\/eu\\\/?s={search_term_string}\"},\"query-input\":{\"@type\":\"PropertyValueSpecification\",\"valueRequired\":true,\"valueName\":\"search_term_string\"}}],\"inLanguage\":\"en-CA\"}]}<\/script>\n<meta property=\"product:price:amount\" content=\"5.00\" \/>\n<meta property=\"product:price:currency\" content=\"EUR\" \/>\n<meta property=\"og:availability\" content=\"instock\" \/>\n<meta property=\"product:availability\" content=\"instock\" \/>\n<meta property=\"product:condition\" content=\"new\" \/>\n<!-- \/ Yoast SEO Premium plugin. -->","yoast_head_json":{"title":"Rituals LU Online Gift Card (Electronic Delivery) (Luxembourg) - Coincards Europe","robots":{"index":"index","follow":"follow","max-snippet":"max-snippet:-1","max-image-preview":"max-image-preview:large","max-video-preview":"max-video-preview:-1"},"canonical":"https:\/\/coincards.com\/eu\/product\/rituals-lu-online-gift-card-electronic-delivery-luxembourg\/","og_locale":"en_US","og_type":"article","og_title":"Rituals LU Online Gift Card (Electronic Delivery) (Luxembourg)","og_description":"Les rituels se trouvent partout, tous les jours, \u00e0 tout moment, attendant d\u2019\u00eatre d\u00e9couverts, d\u00e9sireux de partager la beaut\u00e9 qu\u2019ils renferment. Ce sont ces routines qui semblent sans importance et que nous avons tous tendance \u00e0 ignorer. Rituals transforme ces routines et vous rappelle d\u2019en profiter avec joie. Qu\u2019il s\u2019agisse de se pr\u00e9lasser dans un bain ou de cr\u00e9er une atmosph\u00e8re chaleureuse gr\u00e2ce \u00e0 la riche senteur de l\u2019encens asiatique, Rituals vous aide \u00e0 trouver le bonheur dans les petites choses de la vie. Inspir\u00e9s par la sagesse et les traditions ancestrales asiatiques, nous avons cr\u00e9\u00e9 une collection compl\u00e8te de produits raffin\u00e9s pour la maison et le corps, aux prix abordables. Nous esp\u00e9rons enrichir votre vie en proposant des parfums exclusifs mis au point et compos\u00e9s avec soin par les meilleurs parfumeurs au monde. Un parfum de qualit\u00e9 a le pouvoir de changer votre humeur, de faire resurgir des souvenirs disparus depuis longtemps et de vous envelopper d\u2019une sensation de confort et de bien-\u00eatre. La mise au point d\u2019un nouveau parfum s\u2019apparente \u00e0 la cr\u00e9ation d\u2019une \u0153uvre d\u2019art : il s\u2019agit de d\u00e9couvrir et d\u2019associer avec soin les bons ingr\u00e9dients afin de composer le caract\u00e8re attrayant et unique de chaque parfum. Que vous achetiez un cadeau pour vous faire plaisir ou pour surprendre quelqu\u2019un, trouver le cadeau id\u00e9al devient simple gr\u00e2ce \u00e0 notre collection de produits raffin\u00e9s pour la maison et pour le corps. Avec Rituals, vous n\u2019offrez pas seulement un cadeau, mais aussi l\u2019exp\u00e9rience de trouver le bonheur dans les petites choses. Nous sommes convaincus que c\u2019est ainsi que des moments riches de sens sont cr\u00e9\u00e9s.","og_url":"https:\/\/coincards.com\/eu\/product\/rituals-lu-online-gift-card-electronic-delivery-luxembourg\/","og_site_name":"Coincards Europe","article_modified_time":"2026-05-01T16:15:33+00:00","og_image":[{"width":675,"height":425,"url":"https:\/\/assets.coincards.com\/wp-content\/uploads\/sites\/6\/2024\/06\/04185040\/RITUAL-DE-card.png","type":"image\/png"}],"twitter_card":"summary_large_image","twitter_misc":{"Price":"&euro;5.00","Availability":"In stock"},"schema":{"@context":"https:\/\/schema.org","@graph":[{"@type":"WebPage","@id":"https:\/\/coincards.com\/eu\/product\/rituals-lu-online-gift-card-electronic-delivery-luxembourg\/","url":"https:\/\/coincards.com\/eu\/product\/rituals-lu-online-gift-card-electronic-delivery-luxembourg\/","name":"Rituals LU Online Gift Card (Electronic Delivery) (Luxembourg) - Coincards Europe","isPartOf":{"@id":"https:\/\/coincards.com\/eu\/#website"},"primaryImageOfPage":{"@id":"https:\/\/coincards.com\/eu\/product\/rituals-lu-online-gift-card-electronic-delivery-luxembourg\/#primaryimage"},"image":{"@id":"https:\/\/coincards.com\/eu\/product\/rituals-lu-online-gift-card-electronic-delivery-luxembourg\/#primaryimage"},"thumbnailUrl":"https:\/\/assets.coincards.com\/wp-content\/uploads\/sites\/6\/2024\/06\/04185040\/RITUAL-DE-card.png","datePublished":"2025-12-08T22:06:12+00:00","dateModified":"2026-05-01T16:15:33+00:00","breadcrumb":{"@id":"https:\/\/coincards.com\/eu\/product\/rituals-lu-online-gift-card-electronic-delivery-luxembourg\/#breadcrumb"},"inLanguage":"en-CA","potentialAction":[{"@type":"ReadAction","target":["https:\/\/coincards.com\/eu\/product\/rituals-lu-online-gift-card-electronic-delivery-luxembourg\/"]}]},{"@type":"ImageObject","inLanguage":"en-CA","@id":"https:\/\/coincards.com\/eu\/product\/rituals-lu-online-gift-card-electronic-delivery-luxembourg\/#primaryimage","url":"https:\/\/assets.coincards.com\/wp-content\/uploads\/sites\/6\/2024\/06\/04185040\/RITUAL-DE-card.png","contentUrl":"https:\/\/assets.coincards.com\/wp-content\/uploads\/sites\/6\/2024\/06\/04185040\/RITUAL-DE-card.png","width":675,"height":425},{"@type":"BreadcrumbList","@id":"https:\/\/coincards.com\/eu\/product\/rituals-lu-online-gift-card-electronic-delivery-luxembourg\/#breadcrumb","itemListElement":[{"@type":"ListItem","position":1,"name":"Home","item":"https:\/\/coincards.com\/eu\/"},{"@type":"ListItem","position":2,"name":"All Gift Cards","item":"https:\/\/coincards.com\/eu\/all-gift-cards\/"},{"@type":"ListItem","position":3,"name":"Rituals LU Online Gift Card (Electronic Delivery) (Luxembourg)"}]},{"@type":"WebSite","@id":"https:\/\/coincards.com\/eu\/#website","url":"https:\/\/coincards.com\/eu\/","name":"Coincards Europe","description":"Austrlia&#039;s #1 Cryptocurrency to Gift Card Exchange Service","potentialAction":[{"@type":"SearchAction","target":{"@type":"EntryPoint","urlTemplate":"https:\/\/coincards.com\/eu\/?s={search_term_string}"},"query-input":{"@type":"PropertyValueSpecification","valueRequired":true,"valueName":"search_term_string"}}],"inLanguage":"en-CA"}]},"product_price_amount":"5.00","product_price_currency":"EUR","og_availability":"instock","product_availability":"instock","product_condition":"new"},"_links":{"self":[{"href":"https:\/\/coincards.com\/eu\/wp-json\/wp\/v2\/product\/8420","targetHints":{"allow":["GET"]}}],"collection":[{"href":"https:\/\/coincards.com\/eu\/wp-json\/wp\/v2\/product"}],"about":[{"href":"https:\/\/coincards.com\/eu\/wp-json\/wp\/v2\/types\/product"}],"replies":[{"embeddable":true,"href":"https:\/\/coincards.com\/eu\/wp-json\/wp\/v2\/comments?post=8420"}],"wp:featuredmedia":[{"embeddable":true,"href":"https:\/\/coincards.com\/eu\/wp-json\/wp\/v2\/media\/5845"}],"wp:attachment":[{"href":"https:\/\/coincards.com\/eu\/wp-json\/wp\/v2\/media?parent=8420"}],"wp:term":[{"taxonomy":"product_cat","embeddable":true,"href":"https:\/\/coincards.com\/eu\/wp-json\/wp\/v2\/product_cat?post=8420"},{"taxonomy":"product_tag","embeddable":true,"href":"https:\/\/coincards.com\/eu\/wp-json\/wp\/v2\/product_tag?post=8420"}],"curies":[{"name":"wp","href":"https:\/\/api.w.org\/{rel}","templated":true}]}}