{"id":8419,"date":"2025-12-08T14:02:49","date_gmt":"2025-12-08T22:02:49","guid":{"rendered":"https:\/\/coincards.com\/eu\/?post_type=product&#038;p=8419"},"modified":"2026-05-01T13:35:51","modified_gmt":"2026-05-01T21:35:51","slug":"foot-locker-lu-online-gift-card-electronic-delivery-luxembourg","status":"publish","type":"product","link":"https:\/\/coincards.com\/eu\/product\/foot-locker-lu-online-gift-card-electronic-delivery-luxembourg\/","title":{"rendered":"Foot Locker LU Online Gift Card (Electronic Delivery) (Luxembourg)"},"content":{"rendered":"","protected":false},"excerpt":{"rendered":"<p>DES BASKETS ET RIEN QUE DES BASKETS ! Avec plus de 2 500 magasins dans le monde, Foot Locker est le premier d\u00e9taillant mondial de chaussures et de v\u00eatements de sport. Gr\u00e2ce \u00e0 nos partenariats \u00e9troits avec les plus grandes marques, nous sommes en mesure de constamment pouvoir vous offrir les meilleures collections, les derni\u00e8res exclus et les produits les plus tendances. Chez Foot Locker, nous vivons baskets, nous respirons baskets, nous r\u00eavons baskets&#8230; Que vous les appeliez baskets, tennis, sneakers ou autrements, les chaussures sont les seules choses auxquelles nous pensons et rien ne nous rend plus fiers que d&#8217;\u00eatre reconnus comme les experts en la mati\u00e8re.<\/p>\n","protected":false},"featured_media":5669,"comment_status":"closed","ping_status":"closed","template":"","meta":{"_exactmetrics_skip_tracking":false,"_exactmetrics_sitenote_active":false,"_exactmetrics_sitenote_note":"","_exactmetrics_sitenote_category":0},"product_cat":[20],"product_tag":[],"class_list":{"0":"post-8419","1":"product","2":"type-product","3":"status-publish","4":"has-post-thumbnail","6":"product_brand-foot-locker","7":"product_cat-electronic-gift-cards","8":"pa_country-availability-luxembourg","10":"first","11":"instock","12":"virtual","13":"purchasable","14":"product-type-simple","15":"nyp-product"},"yoast_head":"<!-- This site is optimized with the Yoast SEO Premium plugin v20.11 (Yoast SEO v27.3) - https:\/\/yoast.com\/product\/yoast-seo-premium-wordpress\/ -->\n<title>Foot Locker LU Online Gift Card (Electronic Delivery) (Luxembourg) - Coincards Europe<\/title>\n<meta name=\"robots\" content=\"index, follow, max-snippet:-1, max-image-preview:large, max-video-preview:-1\" \/>\n<link rel=\"canonical\" href=\"https:\/\/coincards.com\/eu\/product\/foot-locker-lu-online-gift-card-electronic-delivery-luxembourg\/\" \/>\n<meta property=\"og:locale\" content=\"en_US\" \/>\n<meta property=\"og:type\" content=\"article\" \/>\n<meta property=\"og:title\" content=\"Foot Locker LU Online Gift Card (Electronic Delivery) (Luxembourg)\" \/>\n<meta property=\"og:description\" content=\"DES BASKETS ET RIEN QUE DES BASKETS ! Avec plus de 2 500 magasins dans le monde, Foot Locker est le premier d\u00e9taillant mondial de chaussures et de v\u00eatements de sport. Gr\u00e2ce \u00e0 nos partenariats \u00e9troits avec les plus grandes marques, nous sommes en mesure de constamment pouvoir vous offrir les meilleures collections, les derni\u00e8res exclus et les produits les plus tendances. Chez Foot Locker, nous vivons baskets, nous respirons baskets, nous r\u00eavons baskets... Que vous les appeliez baskets, tennis, sneakers ou autrements, les chaussures sont les seules choses auxquelles nous pensons et rien ne nous rend plus fiers que d&#039;\u00eatre reconnus comme les experts en la mati\u00e8re.\" \/>\n<meta property=\"og:url\" content=\"https:\/\/coincards.com\/eu\/product\/foot-locker-lu-online-gift-card-electronic-delivery-luxembourg\/\" \/>\n<meta property=\"og:site_name\" content=\"Coincards Europe\" \/>\n<meta property=\"article:modified_time\" content=\"2026-05-01T21:35:51+00:00\" \/>\n<meta property=\"og:image\" content=\"https:\/\/assets.coincards.com\/wp-content\/uploads\/sites\/6\/2024\/06\/04183819\/FOOT-card.png\" \/>\n\t<meta property=\"og:image:width\" content=\"675\" \/>\n\t<meta property=\"og:image:height\" content=\"425\" \/>\n\t<meta property=\"og:image:type\" content=\"image\/png\" \/>\n<meta name=\"twitter:card\" content=\"summary_large_image\" \/>\n<meta name=\"twitter:label1\" content=\"Price\" \/>\n\t<meta name=\"twitter:data1\" content=\"&euro;5.00\" \/>\n\t<meta name=\"twitter:label2\" content=\"Availability\" \/>\n\t<meta name=\"twitter:data2\" content=\"In stock\" \/>\n<script type=\"application\/ld+json\" class=\"yoast-schema-graph\">{\"@context\":\"https:\\\/\\\/schema.org\",\"@graph\":[{\"@type\":\"WebPage\",\"@id\":\"https:\\\/\\\/coincards.com\\\/eu\\\/product\\\/foot-locker-lu-online-gift-card-electronic-delivery-luxembourg\\\/\",\"url\":\"https:\\\/\\\/coincards.com\\\/eu\\\/product\\\/foot-locker-lu-online-gift-card-electronic-delivery-luxembourg\\\/\",\"name\":\"Foot Locker LU Online Gift Card (Electronic Delivery) (Luxembourg) - Coincards Europe\",\"isPartOf\":{\"@id\":\"https:\\\/\\\/coincards.com\\\/eu\\\/#website\"},\"primaryImageOfPage\":{\"@id\":\"https:\\\/\\\/coincards.com\\\/eu\\\/product\\\/foot-locker-lu-online-gift-card-electronic-delivery-luxembourg\\\/#primaryimage\"},\"image\":{\"@id\":\"https:\\\/\\\/coincards.com\\\/eu\\\/product\\\/foot-locker-lu-online-gift-card-electronic-delivery-luxembourg\\\/#primaryimage\"},\"thumbnailUrl\":\"https:\\\/\\\/assets.coincards.com\\\/wp-content\\\/uploads\\\/sites\\\/6\\\/2024\\\/06\\\/04183819\\\/FOOT-card.png\",\"datePublished\":\"2025-12-08T22:02:49+00:00\",\"dateModified\":\"2026-05-01T21:35:51+00:00\",\"breadcrumb\":{\"@id\":\"https:\\\/\\\/coincards.com\\\/eu\\\/product\\\/foot-locker-lu-online-gift-card-electronic-delivery-luxembourg\\\/#breadcrumb\"},\"inLanguage\":\"en-CA\",\"potentialAction\":[{\"@type\":\"ReadAction\",\"target\":[\"https:\\\/\\\/coincards.com\\\/eu\\\/product\\\/foot-locker-lu-online-gift-card-electronic-delivery-luxembourg\\\/\"]}]},{\"@type\":\"ImageObject\",\"inLanguage\":\"en-CA\",\"@id\":\"https:\\\/\\\/coincards.com\\\/eu\\\/product\\\/foot-locker-lu-online-gift-card-electronic-delivery-luxembourg\\\/#primaryimage\",\"url\":\"https:\\\/\\\/assets.coincards.com\\\/wp-content\\\/uploads\\\/sites\\\/6\\\/2024\\\/06\\\/04183819\\\/FOOT-card.png\",\"contentUrl\":\"https:\\\/\\\/assets.coincards.com\\\/wp-content\\\/uploads\\\/sites\\\/6\\\/2024\\\/06\\\/04183819\\\/FOOT-card.png\",\"width\":675,\"height\":425},{\"@type\":\"BreadcrumbList\",\"@id\":\"https:\\\/\\\/coincards.com\\\/eu\\\/product\\\/foot-locker-lu-online-gift-card-electronic-delivery-luxembourg\\\/#breadcrumb\",\"itemListElement\":[{\"@type\":\"ListItem\",\"position\":1,\"name\":\"Home\",\"item\":\"https:\\\/\\\/coincards.com\\\/eu\\\/\"},{\"@type\":\"ListItem\",\"position\":2,\"name\":\"All Gift Cards\",\"item\":\"https:\\\/\\\/coincards.com\\\/eu\\\/all-gift-cards\\\/\"},{\"@type\":\"ListItem\",\"position\":3,\"name\":\"Foot Locker LU Online Gift Card (Electronic Delivery) (Luxembourg)\"}]},{\"@type\":\"WebSite\",\"@id\":\"https:\\\/\\\/coincards.com\\\/eu\\\/#website\",\"url\":\"https:\\\/\\\/coincards.com\\\/eu\\\/\",\"name\":\"Coincards Europe\",\"description\":\"Austrlia&#039;s #1 Cryptocurrency to Gift Card Exchange Service\",\"potentialAction\":[{\"@type\":\"SearchAction\",\"target\":{\"@type\":\"EntryPoint\",\"urlTemplate\":\"https:\\\/\\\/coincards.com\\\/eu\\\/?s={search_term_string}\"},\"query-input\":{\"@type\":\"PropertyValueSpecification\",\"valueRequired\":true,\"valueName\":\"search_term_string\"}}],\"inLanguage\":\"en-CA\"}]}<\/script>\n<meta property=\"product:price:amount\" content=\"5.00\" \/>\n<meta property=\"product:price:currency\" content=\"EUR\" \/>\n<meta property=\"og:availability\" content=\"instock\" \/>\n<meta property=\"product:availability\" content=\"instock\" \/>\n<meta property=\"product:condition\" content=\"new\" \/>\n<!-- \/ Yoast SEO Premium plugin. -->","yoast_head_json":{"title":"Foot Locker LU Online Gift Card (Electronic Delivery) (Luxembourg) - Coincards Europe","robots":{"index":"index","follow":"follow","max-snippet":"max-snippet:-1","max-image-preview":"max-image-preview:large","max-video-preview":"max-video-preview:-1"},"canonical":"https:\/\/coincards.com\/eu\/product\/foot-locker-lu-online-gift-card-electronic-delivery-luxembourg\/","og_locale":"en_US","og_type":"article","og_title":"Foot Locker LU Online Gift Card (Electronic Delivery) (Luxembourg)","og_description":"DES BASKETS ET RIEN QUE DES BASKETS ! Avec plus de 2 500 magasins dans le monde, Foot Locker est le premier d\u00e9taillant mondial de chaussures et de v\u00eatements de sport. Gr\u00e2ce \u00e0 nos partenariats \u00e9troits avec les plus grandes marques, nous sommes en mesure de constamment pouvoir vous offrir les meilleures collections, les derni\u00e8res exclus et les produits les plus tendances. Chez Foot Locker, nous vivons baskets, nous respirons baskets, nous r\u00eavons baskets... Que vous les appeliez baskets, tennis, sneakers ou autrements, les chaussures sont les seules choses auxquelles nous pensons et rien ne nous rend plus fiers que d'\u00eatre reconnus comme les experts en la mati\u00e8re.","og_url":"https:\/\/coincards.com\/eu\/product\/foot-locker-lu-online-gift-card-electronic-delivery-luxembourg\/","og_site_name":"Coincards Europe","article_modified_time":"2026-05-01T21:35:51+00:00","og_image":[{"width":675,"height":425,"url":"https:\/\/assets.coincards.com\/wp-content\/uploads\/sites\/6\/2024\/06\/04183819\/FOOT-card.png","type":"image\/png"}],"twitter_card":"summary_large_image","twitter_misc":{"Price":"&euro;5.00","Availability":"In stock"},"schema":{"@context":"https:\/\/schema.org","@graph":[{"@type":"WebPage","@id":"https:\/\/coincards.com\/eu\/product\/foot-locker-lu-online-gift-card-electronic-delivery-luxembourg\/","url":"https:\/\/coincards.com\/eu\/product\/foot-locker-lu-online-gift-card-electronic-delivery-luxembourg\/","name":"Foot Locker LU Online Gift Card (Electronic Delivery) (Luxembourg) - Coincards Europe","isPartOf":{"@id":"https:\/\/coincards.com\/eu\/#website"},"primaryImageOfPage":{"@id":"https:\/\/coincards.com\/eu\/product\/foot-locker-lu-online-gift-card-electronic-delivery-luxembourg\/#primaryimage"},"image":{"@id":"https:\/\/coincards.com\/eu\/product\/foot-locker-lu-online-gift-card-electronic-delivery-luxembourg\/#primaryimage"},"thumbnailUrl":"https:\/\/assets.coincards.com\/wp-content\/uploads\/sites\/6\/2024\/06\/04183819\/FOOT-card.png","datePublished":"2025-12-08T22:02:49+00:00","dateModified":"2026-05-01T21:35:51+00:00","breadcrumb":{"@id":"https:\/\/coincards.com\/eu\/product\/foot-locker-lu-online-gift-card-electronic-delivery-luxembourg\/#breadcrumb"},"inLanguage":"en-CA","potentialAction":[{"@type":"ReadAction","target":["https:\/\/coincards.com\/eu\/product\/foot-locker-lu-online-gift-card-electronic-delivery-luxembourg\/"]}]},{"@type":"ImageObject","inLanguage":"en-CA","@id":"https:\/\/coincards.com\/eu\/product\/foot-locker-lu-online-gift-card-electronic-delivery-luxembourg\/#primaryimage","url":"https:\/\/assets.coincards.com\/wp-content\/uploads\/sites\/6\/2024\/06\/04183819\/FOOT-card.png","contentUrl":"https:\/\/assets.coincards.com\/wp-content\/uploads\/sites\/6\/2024\/06\/04183819\/FOOT-card.png","width":675,"height":425},{"@type":"BreadcrumbList","@id":"https:\/\/coincards.com\/eu\/product\/foot-locker-lu-online-gift-card-electronic-delivery-luxembourg\/#breadcrumb","itemListElement":[{"@type":"ListItem","position":1,"name":"Home","item":"https:\/\/coincards.com\/eu\/"},{"@type":"ListItem","position":2,"name":"All Gift Cards","item":"https:\/\/coincards.com\/eu\/all-gift-cards\/"},{"@type":"ListItem","position":3,"name":"Foot Locker LU Online Gift Card (Electronic Delivery) (Luxembourg)"}]},{"@type":"WebSite","@id":"https:\/\/coincards.com\/eu\/#website","url":"https:\/\/coincards.com\/eu\/","name":"Coincards Europe","description":"Austrlia&#039;s #1 Cryptocurrency to Gift Card Exchange Service","potentialAction":[{"@type":"SearchAction","target":{"@type":"EntryPoint","urlTemplate":"https:\/\/coincards.com\/eu\/?s={search_term_string}"},"query-input":{"@type":"PropertyValueSpecification","valueRequired":true,"valueName":"search_term_string"}}],"inLanguage":"en-CA"}]},"product_price_amount":"5.00","product_price_currency":"EUR","og_availability":"instock","product_availability":"instock","product_condition":"new"},"_links":{"self":[{"href":"https:\/\/coincards.com\/eu\/wp-json\/wp\/v2\/product\/8419","targetHints":{"allow":["GET"]}}],"collection":[{"href":"https:\/\/coincards.com\/eu\/wp-json\/wp\/v2\/product"}],"about":[{"href":"https:\/\/coincards.com\/eu\/wp-json\/wp\/v2\/types\/product"}],"replies":[{"embeddable":true,"href":"https:\/\/coincards.com\/eu\/wp-json\/wp\/v2\/comments?post=8419"}],"wp:featuredmedia":[{"embeddable":true,"href":"https:\/\/coincards.com\/eu\/wp-json\/wp\/v2\/media\/5669"}],"wp:attachment":[{"href":"https:\/\/coincards.com\/eu\/wp-json\/wp\/v2\/media?parent=8419"}],"wp:term":[{"taxonomy":"product_cat","embeddable":true,"href":"https:\/\/coincards.com\/eu\/wp-json\/wp\/v2\/product_cat?post=8419"},{"taxonomy":"product_tag","embeddable":true,"href":"https:\/\/coincards.com\/eu\/wp-json\/wp\/v2\/product_tag?post=8419"}],"curies":[{"name":"wp","href":"https:\/\/api.w.org\/{rel}","templated":true}]}}