{"id":8401,"date":"2025-12-08T11:09:25","date_gmt":"2025-12-08T19:09:25","guid":{"rendered":"https:\/\/coincards.com\/eu\/?post_type=product&#038;p=8401"},"modified":"2026-05-01T08:17:17","modified_gmt":"2026-05-01T16:17:17","slug":"rituals-it-online-gift-card-electronic-delivery-italy","status":"publish","type":"product","link":"https:\/\/coincards.com\/eu\/product\/rituals-it-online-gift-card-electronic-delivery-italy\/","title":{"rendered":"Rituals IT Online Gift Card (Electronic Delivery) (Italy)"},"content":{"rendered":"","protected":false},"excerpt":{"rendered":"<p>Sono ovunque: in ogni istante, in ogni singolo giorno, in attesa di essere scoperti, desiderosi di condividere la bellezza che hanno da offrire. Sono i momenti apparentemente privi di significato che tutti tendiamo a trascurare. Rituals svela questi momenti e ti ricorda di viverli con gioia. Che si tratti di fare un bel bagno lungo o di creare un&#8217;atmosfera familiare con la ricca fragranza dell&#8217;incenso asiatico, i rituali ti permettono di trovare la felicit\u00e0 nelle cose pi\u00f9 piccole della vita. Ispirati dalla saggezza e dalle antiche tradizioni delle culture asiatiche, abbiamo creato una vasta collezione di prodotti esclusivi e convenienti per la casa e il corpo. Speriamo di arricchire la tua vita utilizzando fragranze uniche ed esclusive, accuratamente concepite e sviluppate dai migliori profumieri al mondo. Una fragranza delicata ha il potere di trasformare il tuo umore, evocare ricordi perduti e di invaderti con un senso di comfort e di benessere. La creazione di un nuovo profumo pu\u00f2 essere paragonata alla creazione di un&#8217;opera d&#8217;arte: scopriamo e combiniamo accuratamente tutti gli ingredienti giusti per comporre il carattere accattivante di ogni singola fragranza che creiamo. Che si tratti di un regalo per te o per qualcun altro, scegliere il regalo perfetto \u00e8 un gioco da ragazzi con la nostra esclusiva collezione di prodotti per la casa e per il corpo. Con Rituals farai molto di pi\u00f9 che un semplice regalo: donerai l&#8217;esperienza di trovare la felicit\u00e0 nelle cose pi\u00f9 piccole della vita. Crediamo che cos\u00ec possiamo creare momenti significativi.<\/p>\n","protected":false},"featured_media":5845,"comment_status":"closed","ping_status":"closed","template":"","meta":{"_exactmetrics_skip_tracking":false,"_exactmetrics_sitenote_active":false,"_exactmetrics_sitenote_note":"","_exactmetrics_sitenote_category":0},"product_cat":[20],"product_tag":[],"class_list":{"0":"post-8401","1":"product","2":"type-product","3":"status-publish","4":"has-post-thumbnail","6":"product_brand-rituals","7":"product_cat-electronic-gift-cards","8":"pa_country-availability-italy","10":"first","11":"instock","12":"virtual","13":"purchasable","14":"product-type-simple","15":"nyp-product"},"yoast_head":"<!-- This site is optimized with the Yoast SEO Premium plugin v20.11 (Yoast SEO v27.3) - https:\/\/yoast.com\/product\/yoast-seo-premium-wordpress\/ -->\n<title>Rituals IT Online Gift Card (Electronic Delivery) (Italy) - Coincards Europe<\/title>\n<meta name=\"robots\" content=\"index, follow, max-snippet:-1, max-image-preview:large, max-video-preview:-1\" \/>\n<link rel=\"canonical\" href=\"https:\/\/coincards.com\/eu\/product\/rituals-it-online-gift-card-electronic-delivery-italy\/\" \/>\n<meta property=\"og:locale\" content=\"en_US\" \/>\n<meta property=\"og:type\" content=\"article\" \/>\n<meta property=\"og:title\" content=\"Rituals IT Online Gift Card (Electronic Delivery) (Italy)\" \/>\n<meta property=\"og:description\" content=\"Sono ovunque: in ogni istante, in ogni singolo giorno, in attesa di essere scoperti, desiderosi di condividere la bellezza che hanno da offrire. Sono i momenti apparentemente privi di significato che tutti tendiamo a trascurare. Rituals svela questi momenti e ti ricorda di viverli con gioia. Che si tratti di fare un bel bagno lungo o di creare un&#039;atmosfera familiare con la ricca fragranza dell&#039;incenso asiatico, i rituali ti permettono di trovare la felicit\u00e0 nelle cose pi\u00f9 piccole della vita. Ispirati dalla saggezza e dalle antiche tradizioni delle culture asiatiche, abbiamo creato una vasta collezione di prodotti esclusivi e convenienti per la casa e il corpo. Speriamo di arricchire la tua vita utilizzando fragranze uniche ed esclusive, accuratamente concepite e sviluppate dai migliori profumieri al mondo. Una fragranza delicata ha il potere di trasformare il tuo umore, evocare ricordi perduti e di invaderti con un senso di comfort e di benessere. La creazione di un nuovo profumo pu\u00f2 essere paragonata alla creazione di un&#039;opera d&#039;arte: scopriamo e combiniamo accuratamente tutti gli ingredienti giusti per comporre il carattere accattivante di ogni singola fragranza che creiamo. Che si tratti di un regalo per te o per qualcun altro, scegliere il regalo perfetto \u00e8 un gioco da ragazzi con la nostra esclusiva collezione di prodotti per la casa e per il corpo. Con Rituals farai molto di pi\u00f9 che un semplice regalo: donerai l&#039;esperienza di trovare la felicit\u00e0 nelle cose pi\u00f9 piccole della vita. Crediamo che cos\u00ec possiamo creare momenti significativi.\" \/>\n<meta property=\"og:url\" content=\"https:\/\/coincards.com\/eu\/product\/rituals-it-online-gift-card-electronic-delivery-italy\/\" \/>\n<meta property=\"og:site_name\" content=\"Coincards Europe\" \/>\n<meta property=\"article:modified_time\" content=\"2026-05-01T16:17:17+00:00\" \/>\n<meta property=\"og:image\" content=\"https:\/\/assets.coincards.com\/wp-content\/uploads\/sites\/6\/2024\/06\/04185040\/RITUAL-DE-card.png\" \/>\n\t<meta property=\"og:image:width\" content=\"675\" \/>\n\t<meta property=\"og:image:height\" content=\"425\" \/>\n\t<meta property=\"og:image:type\" content=\"image\/png\" \/>\n<meta name=\"twitter:card\" content=\"summary_large_image\" \/>\n<meta name=\"twitter:label1\" content=\"Price\" \/>\n\t<meta name=\"twitter:data1\" content=\"&euro;5.00\" \/>\n\t<meta name=\"twitter:label2\" content=\"Availability\" \/>\n\t<meta name=\"twitter:data2\" content=\"In stock\" \/>\n<script type=\"application\/ld+json\" class=\"yoast-schema-graph\">{\"@context\":\"https:\\\/\\\/schema.org\",\"@graph\":[{\"@type\":\"WebPage\",\"@id\":\"https:\\\/\\\/coincards.com\\\/eu\\\/product\\\/rituals-it-online-gift-card-electronic-delivery-italy\\\/\",\"url\":\"https:\\\/\\\/coincards.com\\\/eu\\\/product\\\/rituals-it-online-gift-card-electronic-delivery-italy\\\/\",\"name\":\"Rituals IT Online Gift Card (Electronic Delivery) (Italy) - Coincards Europe\",\"isPartOf\":{\"@id\":\"https:\\\/\\\/coincards.com\\\/eu\\\/#website\"},\"primaryImageOfPage\":{\"@id\":\"https:\\\/\\\/coincards.com\\\/eu\\\/product\\\/rituals-it-online-gift-card-electronic-delivery-italy\\\/#primaryimage\"},\"image\":{\"@id\":\"https:\\\/\\\/coincards.com\\\/eu\\\/product\\\/rituals-it-online-gift-card-electronic-delivery-italy\\\/#primaryimage\"},\"thumbnailUrl\":\"https:\\\/\\\/assets.coincards.com\\\/wp-content\\\/uploads\\\/sites\\\/6\\\/2024\\\/06\\\/04185040\\\/RITUAL-DE-card.png\",\"datePublished\":\"2025-12-08T19:09:25+00:00\",\"dateModified\":\"2026-05-01T16:17:17+00:00\",\"breadcrumb\":{\"@id\":\"https:\\\/\\\/coincards.com\\\/eu\\\/product\\\/rituals-it-online-gift-card-electronic-delivery-italy\\\/#breadcrumb\"},\"inLanguage\":\"en-CA\",\"potentialAction\":[{\"@type\":\"ReadAction\",\"target\":[\"https:\\\/\\\/coincards.com\\\/eu\\\/product\\\/rituals-it-online-gift-card-electronic-delivery-italy\\\/\"]}]},{\"@type\":\"ImageObject\",\"inLanguage\":\"en-CA\",\"@id\":\"https:\\\/\\\/coincards.com\\\/eu\\\/product\\\/rituals-it-online-gift-card-electronic-delivery-italy\\\/#primaryimage\",\"url\":\"https:\\\/\\\/assets.coincards.com\\\/wp-content\\\/uploads\\\/sites\\\/6\\\/2024\\\/06\\\/04185040\\\/RITUAL-DE-card.png\",\"contentUrl\":\"https:\\\/\\\/assets.coincards.com\\\/wp-content\\\/uploads\\\/sites\\\/6\\\/2024\\\/06\\\/04185040\\\/RITUAL-DE-card.png\",\"width\":675,\"height\":425},{\"@type\":\"BreadcrumbList\",\"@id\":\"https:\\\/\\\/coincards.com\\\/eu\\\/product\\\/rituals-it-online-gift-card-electronic-delivery-italy\\\/#breadcrumb\",\"itemListElement\":[{\"@type\":\"ListItem\",\"position\":1,\"name\":\"Home\",\"item\":\"https:\\\/\\\/coincards.com\\\/eu\\\/\"},{\"@type\":\"ListItem\",\"position\":2,\"name\":\"All Gift Cards\",\"item\":\"https:\\\/\\\/coincards.com\\\/eu\\\/all-gift-cards\\\/\"},{\"@type\":\"ListItem\",\"position\":3,\"name\":\"Rituals IT Online Gift Card (Electronic Delivery) (Italy)\"}]},{\"@type\":\"WebSite\",\"@id\":\"https:\\\/\\\/coincards.com\\\/eu\\\/#website\",\"url\":\"https:\\\/\\\/coincards.com\\\/eu\\\/\",\"name\":\"Coincards Europe\",\"description\":\"Austrlia&#039;s #1 Cryptocurrency to Gift Card Exchange Service\",\"potentialAction\":[{\"@type\":\"SearchAction\",\"target\":{\"@type\":\"EntryPoint\",\"urlTemplate\":\"https:\\\/\\\/coincards.com\\\/eu\\\/?s={search_term_string}\"},\"query-input\":{\"@type\":\"PropertyValueSpecification\",\"valueRequired\":true,\"valueName\":\"search_term_string\"}}],\"inLanguage\":\"en-CA\"}]}<\/script>\n<meta property=\"product:price:amount\" content=\"5.00\" \/>\n<meta property=\"product:price:currency\" content=\"EUR\" \/>\n<meta property=\"og:availability\" content=\"instock\" \/>\n<meta property=\"product:availability\" content=\"instock\" \/>\n<meta property=\"product:condition\" content=\"new\" \/>\n<!-- \/ Yoast SEO Premium plugin. -->","yoast_head_json":{"title":"Rituals IT Online Gift Card (Electronic Delivery) (Italy) - Coincards Europe","robots":{"index":"index","follow":"follow","max-snippet":"max-snippet:-1","max-image-preview":"max-image-preview:large","max-video-preview":"max-video-preview:-1"},"canonical":"https:\/\/coincards.com\/eu\/product\/rituals-it-online-gift-card-electronic-delivery-italy\/","og_locale":"en_US","og_type":"article","og_title":"Rituals IT Online Gift Card (Electronic Delivery) (Italy)","og_description":"Sono ovunque: in ogni istante, in ogni singolo giorno, in attesa di essere scoperti, desiderosi di condividere la bellezza che hanno da offrire. Sono i momenti apparentemente privi di significato che tutti tendiamo a trascurare. Rituals svela questi momenti e ti ricorda di viverli con gioia. Che si tratti di fare un bel bagno lungo o di creare un'atmosfera familiare con la ricca fragranza dell'incenso asiatico, i rituali ti permettono di trovare la felicit\u00e0 nelle cose pi\u00f9 piccole della vita. Ispirati dalla saggezza e dalle antiche tradizioni delle culture asiatiche, abbiamo creato una vasta collezione di prodotti esclusivi e convenienti per la casa e il corpo. Speriamo di arricchire la tua vita utilizzando fragranze uniche ed esclusive, accuratamente concepite e sviluppate dai migliori profumieri al mondo. Una fragranza delicata ha il potere di trasformare il tuo umore, evocare ricordi perduti e di invaderti con un senso di comfort e di benessere. La creazione di un nuovo profumo pu\u00f2 essere paragonata alla creazione di un'opera d'arte: scopriamo e combiniamo accuratamente tutti gli ingredienti giusti per comporre il carattere accattivante di ogni singola fragranza che creiamo. Che si tratti di un regalo per te o per qualcun altro, scegliere il regalo perfetto \u00e8 un gioco da ragazzi con la nostra esclusiva collezione di prodotti per la casa e per il corpo. Con Rituals farai molto di pi\u00f9 che un semplice regalo: donerai l'esperienza di trovare la felicit\u00e0 nelle cose pi\u00f9 piccole della vita. Crediamo che cos\u00ec possiamo creare momenti significativi.","og_url":"https:\/\/coincards.com\/eu\/product\/rituals-it-online-gift-card-electronic-delivery-italy\/","og_site_name":"Coincards Europe","article_modified_time":"2026-05-01T16:17:17+00:00","og_image":[{"width":675,"height":425,"url":"https:\/\/assets.coincards.com\/wp-content\/uploads\/sites\/6\/2024\/06\/04185040\/RITUAL-DE-card.png","type":"image\/png"}],"twitter_card":"summary_large_image","twitter_misc":{"Price":"&euro;5.00","Availability":"In stock"},"schema":{"@context":"https:\/\/schema.org","@graph":[{"@type":"WebPage","@id":"https:\/\/coincards.com\/eu\/product\/rituals-it-online-gift-card-electronic-delivery-italy\/","url":"https:\/\/coincards.com\/eu\/product\/rituals-it-online-gift-card-electronic-delivery-italy\/","name":"Rituals IT Online Gift Card (Electronic Delivery) (Italy) - Coincards Europe","isPartOf":{"@id":"https:\/\/coincards.com\/eu\/#website"},"primaryImageOfPage":{"@id":"https:\/\/coincards.com\/eu\/product\/rituals-it-online-gift-card-electronic-delivery-italy\/#primaryimage"},"image":{"@id":"https:\/\/coincards.com\/eu\/product\/rituals-it-online-gift-card-electronic-delivery-italy\/#primaryimage"},"thumbnailUrl":"https:\/\/assets.coincards.com\/wp-content\/uploads\/sites\/6\/2024\/06\/04185040\/RITUAL-DE-card.png","datePublished":"2025-12-08T19:09:25+00:00","dateModified":"2026-05-01T16:17:17+00:00","breadcrumb":{"@id":"https:\/\/coincards.com\/eu\/product\/rituals-it-online-gift-card-electronic-delivery-italy\/#breadcrumb"},"inLanguage":"en-CA","potentialAction":[{"@type":"ReadAction","target":["https:\/\/coincards.com\/eu\/product\/rituals-it-online-gift-card-electronic-delivery-italy\/"]}]},{"@type":"ImageObject","inLanguage":"en-CA","@id":"https:\/\/coincards.com\/eu\/product\/rituals-it-online-gift-card-electronic-delivery-italy\/#primaryimage","url":"https:\/\/assets.coincards.com\/wp-content\/uploads\/sites\/6\/2024\/06\/04185040\/RITUAL-DE-card.png","contentUrl":"https:\/\/assets.coincards.com\/wp-content\/uploads\/sites\/6\/2024\/06\/04185040\/RITUAL-DE-card.png","width":675,"height":425},{"@type":"BreadcrumbList","@id":"https:\/\/coincards.com\/eu\/product\/rituals-it-online-gift-card-electronic-delivery-italy\/#breadcrumb","itemListElement":[{"@type":"ListItem","position":1,"name":"Home","item":"https:\/\/coincards.com\/eu\/"},{"@type":"ListItem","position":2,"name":"All Gift Cards","item":"https:\/\/coincards.com\/eu\/all-gift-cards\/"},{"@type":"ListItem","position":3,"name":"Rituals IT Online Gift Card (Electronic Delivery) (Italy)"}]},{"@type":"WebSite","@id":"https:\/\/coincards.com\/eu\/#website","url":"https:\/\/coincards.com\/eu\/","name":"Coincards Europe","description":"Austrlia&#039;s #1 Cryptocurrency to Gift Card Exchange Service","potentialAction":[{"@type":"SearchAction","target":{"@type":"EntryPoint","urlTemplate":"https:\/\/coincards.com\/eu\/?s={search_term_string}"},"query-input":{"@type":"PropertyValueSpecification","valueRequired":true,"valueName":"search_term_string"}}],"inLanguage":"en-CA"}]},"product_price_amount":"5.00","product_price_currency":"EUR","og_availability":"instock","product_availability":"instock","product_condition":"new"},"_links":{"self":[{"href":"https:\/\/coincards.com\/eu\/wp-json\/wp\/v2\/product\/8401","targetHints":{"allow":["GET"]}}],"collection":[{"href":"https:\/\/coincards.com\/eu\/wp-json\/wp\/v2\/product"}],"about":[{"href":"https:\/\/coincards.com\/eu\/wp-json\/wp\/v2\/types\/product"}],"replies":[{"embeddable":true,"href":"https:\/\/coincards.com\/eu\/wp-json\/wp\/v2\/comments?post=8401"}],"wp:featuredmedia":[{"embeddable":true,"href":"https:\/\/coincards.com\/eu\/wp-json\/wp\/v2\/media\/5845"}],"wp:attachment":[{"href":"https:\/\/coincards.com\/eu\/wp-json\/wp\/v2\/media?parent=8401"}],"wp:term":[{"taxonomy":"product_cat","embeddable":true,"href":"https:\/\/coincards.com\/eu\/wp-json\/wp\/v2\/product_cat?post=8401"},{"taxonomy":"product_tag","embeddable":true,"href":"https:\/\/coincards.com\/eu\/wp-json\/wp\/v2\/product_tag?post=8401"}],"curies":[{"name":"wp","href":"https:\/\/api.w.org\/{rel}","templated":true}]}}