{"id":8268,"date":"2025-12-04T15:21:23","date_gmt":"2025-12-04T23:21:23","guid":{"rendered":"https:\/\/coincards.com\/eu\/?post_type=product&#038;p=8268"},"modified":"2026-04-15T08:29:26","modified_gmt":"2026-04-15T16:29:26","slug":"s-oliver-de-online-gift-card-electronic-delivery-germany","status":"publish","type":"product","link":"https:\/\/coincards.com\/eu\/product\/s-oliver-de-online-gift-card-electronic-delivery-germany\/","title":{"rendered":"S.OLIVER DE Online Gift Card (Electronic Delivery) (Germany)"},"content":{"rendered":"","protected":false},"excerpt":{"rendered":"<p>Wir stehen f\u00fcr zeitgem\u00e4\u00dfe, moderne Mode. Hochwertige Qualit\u00e4ten und Passformen, die sich richtig gut anf\u00fchlen. Mode f\u00fcrs Leben statt leben f\u00fcr die Mode! Wir wissen, dass ihr Wichtigeres zu tun habt als nach dem neuesten Fashion-Trend zu suchen. Dass Zeit f\u00fcr Familie und Freunde viel wichtiger ist als ein High-Fashion-Outfit und dass ihr keine superskinny Jeans braucht, in der man nicht aufs Fahrrad steigen kann. Denn auch wenn ihr Mode liebt, dreht sich euer Leben nicht darum. Und das ist auch gut so! Wir stehen daf\u00fcr, dass gut aussehen und Gutes tun Hand in Hand gehen k\u00f6nnen. F\u00fcr Qualit\u00e4t, Substanz und Nachhaltigkeit. F\u00fcr Familie, Freundschaft und das F\u00fcreinander-da-sein. Wir k\u00fcmmern uns umeinander und \u00fcbernehmen Verantwortung. Das zeigen wir in unseren Produkten und im t\u00e4glichen Umgang mit unseren Lieferanten und euch, unseren Kunden. Kein ChiChi, kein Zirkus, daf\u00fcr richtig gute Mode \u2013 Looks, die dein Leben schreibt.<\/p>\n","protected":false},"featured_media":5868,"comment_status":"closed","ping_status":"closed","template":"","meta":{"_exactmetrics_skip_tracking":false,"_exactmetrics_sitenote_active":false,"_exactmetrics_sitenote_note":"","_exactmetrics_sitenote_category":0},"product_cat":[20],"product_tag":[],"class_list":{"0":"post-8268","1":"product","2":"type-product","3":"status-publish","4":"has-post-thumbnail","6":"product_brand-s-oliver","7":"product_cat-electronic-gift-cards","8":"pa_country-availability-germany","10":"first","11":"instock","12":"shipping-taxable","13":"purchasable","14":"product-type-variable","15":"has-default-attributes"},"yoast_head":"<!-- This site is optimized with the Yoast SEO Premium plugin v20.11 (Yoast SEO v27.3) - https:\/\/yoast.com\/product\/yoast-seo-premium-wordpress\/ -->\n<title>S.OLIVER DE Online Gift Card (Electronic Delivery) (Germany) - Coincards Europe<\/title>\n<meta name=\"robots\" content=\"index, follow, max-snippet:-1, max-image-preview:large, max-video-preview:-1\" \/>\n<link rel=\"canonical\" href=\"https:\/\/coincards.com\/eu\/product\/s-oliver-de-online-gift-card-electronic-delivery-germany\/\" \/>\n<meta property=\"og:locale\" content=\"en_US\" \/>\n<meta property=\"og:type\" content=\"article\" \/>\n<meta property=\"og:title\" content=\"S.OLIVER DE Online Gift Card (Electronic Delivery) (Germany)\" \/>\n<meta property=\"og:description\" content=\"Wir stehen f\u00fcr zeitgem\u00e4\u00dfe, moderne Mode. Hochwertige Qualit\u00e4ten und Passformen, die sich richtig gut anf\u00fchlen. Mode f\u00fcrs Leben statt leben f\u00fcr die Mode! Wir wissen, dass ihr Wichtigeres zu tun habt als nach dem neuesten Fashion-Trend zu suchen. Dass Zeit f\u00fcr Familie und Freunde viel wichtiger ist als ein High-Fashion-Outfit und dass ihr keine superskinny Jeans braucht, in der man nicht aufs Fahrrad steigen kann. Denn auch wenn ihr Mode liebt, dreht sich euer Leben nicht darum. Und das ist auch gut so! Wir stehen daf\u00fcr, dass gut aussehen und Gutes tun Hand in Hand gehen k\u00f6nnen. F\u00fcr Qualit\u00e4t, Substanz und Nachhaltigkeit. F\u00fcr Familie, Freundschaft und das F\u00fcreinander-da-sein. Wir k\u00fcmmern uns umeinander und \u00fcbernehmen Verantwortung. Das zeigen wir in unseren Produkten und im t\u00e4glichen Umgang mit unseren Lieferanten und euch, unseren Kunden. Kein ChiChi, kein Zirkus, daf\u00fcr richtig gute Mode \u2013 Looks, die dein Leben schreibt.\" \/>\n<meta property=\"og:url\" content=\"https:\/\/coincards.com\/eu\/product\/s-oliver-de-online-gift-card-electronic-delivery-germany\/\" \/>\n<meta property=\"og:site_name\" content=\"Coincards Europe\" \/>\n<meta property=\"article:modified_time\" content=\"2026-04-15T16:29:26+00:00\" \/>\n<meta property=\"og:image\" content=\"https:\/\/assets.coincards.com\/wp-content\/uploads\/sites\/6\/2024\/06\/04191119\/SOLIV-SI-card.png\" \/>\n\t<meta property=\"og:image:width\" content=\"675\" \/>\n\t<meta property=\"og:image:height\" content=\"425\" \/>\n\t<meta property=\"og:image:type\" content=\"image\/png\" \/>\n<meta name=\"twitter:card\" content=\"summary_large_image\" \/>\n<meta name=\"twitter:label1\" content=\"Availability\" \/>\n\t<meta name=\"twitter:data1\" content=\"In stock\" \/>\n<script type=\"application\/ld+json\" class=\"yoast-schema-graph\">{\"@context\":\"https:\\\/\\\/schema.org\",\"@graph\":[{\"@type\":\"WebPage\",\"@id\":\"https:\\\/\\\/coincards.com\\\/eu\\\/product\\\/s-oliver-de-online-gift-card-electronic-delivery-germany\\\/\",\"url\":\"https:\\\/\\\/coincards.com\\\/eu\\\/product\\\/s-oliver-de-online-gift-card-electronic-delivery-germany\\\/\",\"name\":\"S.OLIVER DE Online Gift Card (Electronic Delivery) (Germany) - Coincards Europe\",\"isPartOf\":{\"@id\":\"https:\\\/\\\/coincards.com\\\/eu\\\/#website\"},\"primaryImageOfPage\":{\"@id\":\"https:\\\/\\\/coincards.com\\\/eu\\\/product\\\/s-oliver-de-online-gift-card-electronic-delivery-germany\\\/#primaryimage\"},\"image\":{\"@id\":\"https:\\\/\\\/coincards.com\\\/eu\\\/product\\\/s-oliver-de-online-gift-card-electronic-delivery-germany\\\/#primaryimage\"},\"thumbnailUrl\":\"https:\\\/\\\/assets.coincards.com\\\/wp-content\\\/uploads\\\/sites\\\/6\\\/2024\\\/06\\\/04191119\\\/SOLIV-SI-card.png\",\"datePublished\":\"2025-12-04T23:21:23+00:00\",\"dateModified\":\"2026-04-15T16:29:26+00:00\",\"breadcrumb\":{\"@id\":\"https:\\\/\\\/coincards.com\\\/eu\\\/product\\\/s-oliver-de-online-gift-card-electronic-delivery-germany\\\/#breadcrumb\"},\"inLanguage\":\"en-CA\",\"potentialAction\":[{\"@type\":\"ReadAction\",\"target\":[\"https:\\\/\\\/coincards.com\\\/eu\\\/product\\\/s-oliver-de-online-gift-card-electronic-delivery-germany\\\/\"]}]},{\"@type\":\"ImageObject\",\"inLanguage\":\"en-CA\",\"@id\":\"https:\\\/\\\/coincards.com\\\/eu\\\/product\\\/s-oliver-de-online-gift-card-electronic-delivery-germany\\\/#primaryimage\",\"url\":\"https:\\\/\\\/assets.coincards.com\\\/wp-content\\\/uploads\\\/sites\\\/6\\\/2024\\\/06\\\/04191119\\\/SOLIV-SI-card.png\",\"contentUrl\":\"https:\\\/\\\/assets.coincards.com\\\/wp-content\\\/uploads\\\/sites\\\/6\\\/2024\\\/06\\\/04191119\\\/SOLIV-SI-card.png\",\"width\":675,\"height\":425},{\"@type\":\"BreadcrumbList\",\"@id\":\"https:\\\/\\\/coincards.com\\\/eu\\\/product\\\/s-oliver-de-online-gift-card-electronic-delivery-germany\\\/#breadcrumb\",\"itemListElement\":[{\"@type\":\"ListItem\",\"position\":1,\"name\":\"Home\",\"item\":\"https:\\\/\\\/coincards.com\\\/eu\\\/\"},{\"@type\":\"ListItem\",\"position\":2,\"name\":\"All Gift Cards\",\"item\":\"https:\\\/\\\/coincards.com\\\/eu\\\/all-gift-cards\\\/\"},{\"@type\":\"ListItem\",\"position\":3,\"name\":\"S.OLIVER DE Online Gift Card (Electronic Delivery) (Germany)\"}]},{\"@type\":\"WebSite\",\"@id\":\"https:\\\/\\\/coincards.com\\\/eu\\\/#website\",\"url\":\"https:\\\/\\\/coincards.com\\\/eu\\\/\",\"name\":\"Coincards Europe\",\"description\":\"Austrlia&#039;s #1 Cryptocurrency to Gift Card Exchange Service\",\"potentialAction\":[{\"@type\":\"SearchAction\",\"target\":{\"@type\":\"EntryPoint\",\"urlTemplate\":\"https:\\\/\\\/coincards.com\\\/eu\\\/?s={search_term_string}\"},\"query-input\":{\"@type\":\"PropertyValueSpecification\",\"valueRequired\":true,\"valueName\":\"search_term_string\"}}],\"inLanguage\":\"en-CA\"}]}<\/script>\n<meta property=\"og:availability\" content=\"instock\" \/>\n<meta property=\"product:availability\" content=\"instock\" \/>\n<meta property=\"product:condition\" content=\"new\" \/>\n<!-- \/ Yoast SEO Premium plugin. -->","yoast_head_json":{"title":"S.OLIVER DE Online Gift Card (Electronic Delivery) (Germany) - Coincards Europe","robots":{"index":"index","follow":"follow","max-snippet":"max-snippet:-1","max-image-preview":"max-image-preview:large","max-video-preview":"max-video-preview:-1"},"canonical":"https:\/\/coincards.com\/eu\/product\/s-oliver-de-online-gift-card-electronic-delivery-germany\/","og_locale":"en_US","og_type":"article","og_title":"S.OLIVER DE Online Gift Card (Electronic Delivery) (Germany)","og_description":"Wir stehen f\u00fcr zeitgem\u00e4\u00dfe, moderne Mode. Hochwertige Qualit\u00e4ten und Passformen, die sich richtig gut anf\u00fchlen. Mode f\u00fcrs Leben statt leben f\u00fcr die Mode! Wir wissen, dass ihr Wichtigeres zu tun habt als nach dem neuesten Fashion-Trend zu suchen. Dass Zeit f\u00fcr Familie und Freunde viel wichtiger ist als ein High-Fashion-Outfit und dass ihr keine superskinny Jeans braucht, in der man nicht aufs Fahrrad steigen kann. Denn auch wenn ihr Mode liebt, dreht sich euer Leben nicht darum. Und das ist auch gut so! Wir stehen daf\u00fcr, dass gut aussehen und Gutes tun Hand in Hand gehen k\u00f6nnen. F\u00fcr Qualit\u00e4t, Substanz und Nachhaltigkeit. F\u00fcr Familie, Freundschaft und das F\u00fcreinander-da-sein. Wir k\u00fcmmern uns umeinander und \u00fcbernehmen Verantwortung. Das zeigen wir in unseren Produkten und im t\u00e4glichen Umgang mit unseren Lieferanten und euch, unseren Kunden. Kein ChiChi, kein Zirkus, daf\u00fcr richtig gute Mode \u2013 Looks, die dein Leben schreibt.","og_url":"https:\/\/coincards.com\/eu\/product\/s-oliver-de-online-gift-card-electronic-delivery-germany\/","og_site_name":"Coincards Europe","article_modified_time":"2026-04-15T16:29:26+00:00","og_image":[{"width":675,"height":425,"url":"https:\/\/assets.coincards.com\/wp-content\/uploads\/sites\/6\/2024\/06\/04191119\/SOLIV-SI-card.png","type":"image\/png"}],"twitter_card":"summary_large_image","twitter_misc":{"Availability":"In stock"},"schema":{"@context":"https:\/\/schema.org","@graph":[{"@type":"WebPage","@id":"https:\/\/coincards.com\/eu\/product\/s-oliver-de-online-gift-card-electronic-delivery-germany\/","url":"https:\/\/coincards.com\/eu\/product\/s-oliver-de-online-gift-card-electronic-delivery-germany\/","name":"S.OLIVER DE Online Gift Card (Electronic Delivery) (Germany) - Coincards Europe","isPartOf":{"@id":"https:\/\/coincards.com\/eu\/#website"},"primaryImageOfPage":{"@id":"https:\/\/coincards.com\/eu\/product\/s-oliver-de-online-gift-card-electronic-delivery-germany\/#primaryimage"},"image":{"@id":"https:\/\/coincards.com\/eu\/product\/s-oliver-de-online-gift-card-electronic-delivery-germany\/#primaryimage"},"thumbnailUrl":"https:\/\/assets.coincards.com\/wp-content\/uploads\/sites\/6\/2024\/06\/04191119\/SOLIV-SI-card.png","datePublished":"2025-12-04T23:21:23+00:00","dateModified":"2026-04-15T16:29:26+00:00","breadcrumb":{"@id":"https:\/\/coincards.com\/eu\/product\/s-oliver-de-online-gift-card-electronic-delivery-germany\/#breadcrumb"},"inLanguage":"en-CA","potentialAction":[{"@type":"ReadAction","target":["https:\/\/coincards.com\/eu\/product\/s-oliver-de-online-gift-card-electronic-delivery-germany\/"]}]},{"@type":"ImageObject","inLanguage":"en-CA","@id":"https:\/\/coincards.com\/eu\/product\/s-oliver-de-online-gift-card-electronic-delivery-germany\/#primaryimage","url":"https:\/\/assets.coincards.com\/wp-content\/uploads\/sites\/6\/2024\/06\/04191119\/SOLIV-SI-card.png","contentUrl":"https:\/\/assets.coincards.com\/wp-content\/uploads\/sites\/6\/2024\/06\/04191119\/SOLIV-SI-card.png","width":675,"height":425},{"@type":"BreadcrumbList","@id":"https:\/\/coincards.com\/eu\/product\/s-oliver-de-online-gift-card-electronic-delivery-germany\/#breadcrumb","itemListElement":[{"@type":"ListItem","position":1,"name":"Home","item":"https:\/\/coincards.com\/eu\/"},{"@type":"ListItem","position":2,"name":"All Gift Cards","item":"https:\/\/coincards.com\/eu\/all-gift-cards\/"},{"@type":"ListItem","position":3,"name":"S.OLIVER DE Online Gift Card (Electronic Delivery) (Germany)"}]},{"@type":"WebSite","@id":"https:\/\/coincards.com\/eu\/#website","url":"https:\/\/coincards.com\/eu\/","name":"Coincards Europe","description":"Austrlia&#039;s #1 Cryptocurrency to Gift Card Exchange Service","potentialAction":[{"@type":"SearchAction","target":{"@type":"EntryPoint","urlTemplate":"https:\/\/coincards.com\/eu\/?s={search_term_string}"},"query-input":{"@type":"PropertyValueSpecification","valueRequired":true,"valueName":"search_term_string"}}],"inLanguage":"en-CA"}]},"og_availability":"instock","product_availability":"instock","product_condition":"new"},"_links":{"self":[{"href":"https:\/\/coincards.com\/eu\/wp-json\/wp\/v2\/product\/8268","targetHints":{"allow":["GET"]}}],"collection":[{"href":"https:\/\/coincards.com\/eu\/wp-json\/wp\/v2\/product"}],"about":[{"href":"https:\/\/coincards.com\/eu\/wp-json\/wp\/v2\/types\/product"}],"replies":[{"embeddable":true,"href":"https:\/\/coincards.com\/eu\/wp-json\/wp\/v2\/comments?post=8268"}],"wp:featuredmedia":[{"embeddable":true,"href":"https:\/\/coincards.com\/eu\/wp-json\/wp\/v2\/media\/5868"}],"wp:attachment":[{"href":"https:\/\/coincards.com\/eu\/wp-json\/wp\/v2\/media?parent=8268"}],"wp:term":[{"taxonomy":"product_cat","embeddable":true,"href":"https:\/\/coincards.com\/eu\/wp-json\/wp\/v2\/product_cat?post=8268"},{"taxonomy":"product_tag","embeddable":true,"href":"https:\/\/coincards.com\/eu\/wp-json\/wp\/v2\/product_tag?post=8268"}],"curies":[{"name":"wp","href":"https:\/\/api.w.org\/{rel}","templated":true}]}}