{"id":8263,"date":"2025-12-04T15:19:57","date_gmt":"2025-12-04T23:19:57","guid":{"rendered":"https:\/\/coincards.com\/eu\/?post_type=product&#038;p=8263"},"modified":"2026-04-17T12:29:20","modified_gmt":"2026-04-17T20:29:20","slug":"romantik-hotels-restaurants-de-online-gift-card-electronic-delivery-germany","status":"publish","type":"product","link":"https:\/\/coincards.com\/eu\/product\/romantik-hotels-restaurants-de-online-gift-card-electronic-delivery-germany\/","title":{"rendered":"Romantik Hotels &amp; Restaurants DE Online Gift Card (Electronic Delivery) (Germany)"},"content":{"rendered":"","protected":false},"excerpt":{"rendered":"<p>Den Grundstein f\u00fcr die Hotel\u2010Kooperation der Romantik Hotels &amp; Restaurants legte Jens Diekmann, Unternehmensberater im Bereich der Hotellerie, Ende 1971 gemeinsam mit Alfred M\u00e4der.Bereits im ersten Jahr des Bestehens schlossen sich 15 Hotels den \u201eRomantikern\u201c an, unter ihnen so renommierte H\u00e4user wie \u201eKatzenbergers Adler\u201c in Rastatt \u2013 gef\u00fchrt von Rudolf Katzenberger, der Vaterfigur vieler deutscher K\u00f6che.Unter den Pionieren der ersten Stunde sind namhafte Familienunternehmen zu finden, die der \u201eromantischen Idee\u201c bis heute verbunden sind. Mit Herrmann\u2019s Posthotel &amp; Restaurant in Wirsberg, dem Hof zur Linde in M\u00fcnster, dem Gasthaus Rottner in N\u00fcrnberg, dem Stern in Bad Hersfeld und dem Hotel Greifen-Post in Feuchtwangen seien an dieser Stelle nur einige genannt.Wie erfolgreich die romantische Idee war und ist, zeigte sich auch in den folgenden Jahren und Jahrzehnten. Wir haben die Geschichte mit den Titelseiten unserer Hotelf\u00fchrer, die seit 1979 j\u00e4hrlich erscheinen, f\u00fcr Sie aufbereitet. Viel Spa\u00df beim Entdecken! Die Romantik Geschenkgutscheine sind vom Umtausch ausgeschlossen und k\u00f6nnen nicht in Bargeld umgetauscht werden. Sie sind zeitlich unbegrenzt g\u00fcltig und k\u00f6nnen in allen Romantik Hotels eingel\u00f6st werden. Bitte reservieren Sie direkt &#8211; entweder online unter www.romantikhotels.com oder telefonisch im Hotel Ihrer Wahl und geben Sie an, dass Sie Ihren Gutschein einl\u00f6sen m\u00f6chten. Bitte geben Sie dabei die Gutscheinnummer an. Bitte haben Sie Verst\u00e4ndnis daf\u00fcr, dass wir bei Verlust des Gutscheins keinen Ersatz ausstellen k\u00f6nnen.<\/p>\n","protected":false},"featured_media":8264,"comment_status":"closed","ping_status":"closed","template":"","meta":{"_exactmetrics_skip_tracking":false,"_exactmetrics_sitenote_active":false,"_exactmetrics_sitenote_note":"","_exactmetrics_sitenote_category":0},"product_cat":[15],"product_tag":[],"class_list":{"0":"post-8263","1":"product","2":"type-product","3":"status-publish","4":"has-post-thumbnail","6":"product_brand-romantik-hotels-restaurants","7":"product_cat-uncategorized","8":"pa_country-availability-germany","10":"first","11":"instock","12":"shipping-taxable","13":"purchasable","14":"product-type-variable","15":"has-default-attributes"},"yoast_head":"<!-- This site is optimized with the Yoast SEO Premium plugin v20.11 (Yoast SEO v27.3) - https:\/\/yoast.com\/product\/yoast-seo-premium-wordpress\/ -->\n<title>Romantik Hotels &amp; Restaurants DE Online Gift Card (Electronic Delivery) (Germany) - Coincards Europe<\/title>\n<meta name=\"robots\" content=\"index, follow, max-snippet:-1, max-image-preview:large, max-video-preview:-1\" \/>\n<link rel=\"canonical\" href=\"https:\/\/coincards.com\/eu\/product\/romantik-hotels-restaurants-de-online-gift-card-electronic-delivery-germany\/\" \/>\n<meta property=\"og:locale\" content=\"en_US\" \/>\n<meta property=\"og:type\" content=\"article\" \/>\n<meta property=\"og:title\" content=\"Romantik Hotels &amp; Restaurants DE Online Gift Card (Electronic Delivery) (Germany)\" \/>\n<meta property=\"og:description\" content=\"Den Grundstein f\u00fcr die Hotel\u2010Kooperation der Romantik Hotels &amp; Restaurants legte Jens Diekmann, Unternehmensberater im Bereich der Hotellerie, Ende 1971 gemeinsam mit Alfred M\u00e4der.Bereits im ersten Jahr des Bestehens schlossen sich 15 Hotels den \u201eRomantikern\u201c an, unter ihnen so renommierte H\u00e4user wie \u201eKatzenbergers Adler\u201c in Rastatt \u2013 gef\u00fchrt von Rudolf Katzenberger, der Vaterfigur vieler deutscher K\u00f6che.Unter den Pionieren der ersten Stunde sind namhafte Familienunternehmen zu finden, die der \u201eromantischen Idee\u201c bis heute verbunden sind. Mit Herrmann\u2019s Posthotel &amp; Restaurant in Wirsberg, dem Hof zur Linde in M\u00fcnster, dem Gasthaus Rottner in N\u00fcrnberg, dem Stern in Bad Hersfeld und dem Hotel Greifen-Post in Feuchtwangen seien an dieser Stelle nur einige genannt.Wie erfolgreich die romantische Idee war und ist, zeigte sich auch in den folgenden Jahren und Jahrzehnten. Wir haben die Geschichte mit den Titelseiten unserer Hotelf\u00fchrer, die seit 1979 j\u00e4hrlich erscheinen, f\u00fcr Sie aufbereitet. Viel Spa\u00df beim Entdecken! Die Romantik Geschenkgutscheine sind vom Umtausch ausgeschlossen und k\u00f6nnen nicht in Bargeld umgetauscht werden. Sie sind zeitlich unbegrenzt g\u00fcltig und k\u00f6nnen in allen Romantik Hotels eingel\u00f6st werden. Bitte reservieren Sie direkt - entweder online unter www.romantikhotels.com oder telefonisch im Hotel Ihrer Wahl und geben Sie an, dass Sie Ihren Gutschein einl\u00f6sen m\u00f6chten. Bitte geben Sie dabei die Gutscheinnummer an. Bitte haben Sie Verst\u00e4ndnis daf\u00fcr, dass wir bei Verlust des Gutscheins keinen Ersatz ausstellen k\u00f6nnen.\" \/>\n<meta property=\"og:url\" content=\"https:\/\/coincards.com\/eu\/product\/romantik-hotels-restaurants-de-online-gift-card-electronic-delivery-germany\/\" \/>\n<meta property=\"og:site_name\" content=\"Coincards Europe\" \/>\n<meta property=\"article:modified_time\" content=\"2026-04-17T20:29:20+00:00\" \/>\n<meta property=\"og:image\" content=\"https:\/\/assets.coincards.com\/wp-content\/uploads\/sites\/6\/2025\/12\/04151750\/romantik.jpg\" \/>\n\t<meta property=\"og:image:width\" content=\"330\" \/>\n\t<meta property=\"og:image:height\" content=\"214\" \/>\n\t<meta property=\"og:image:type\" content=\"image\/jpeg\" \/>\n<meta name=\"twitter:card\" content=\"summary_large_image\" \/>\n<meta name=\"twitter:label1\" content=\"Availability\" \/>\n\t<meta name=\"twitter:data1\" content=\"In stock\" \/>\n<script type=\"application\/ld+json\" class=\"yoast-schema-graph\">{\"@context\":\"https:\\\/\\\/schema.org\",\"@graph\":[{\"@type\":\"WebPage\",\"@id\":\"https:\\\/\\\/coincards.com\\\/eu\\\/product\\\/romantik-hotels-restaurants-de-online-gift-card-electronic-delivery-germany\\\/\",\"url\":\"https:\\\/\\\/coincards.com\\\/eu\\\/product\\\/romantik-hotels-restaurants-de-online-gift-card-electronic-delivery-germany\\\/\",\"name\":\"Romantik Hotels &amp; Restaurants DE Online Gift Card (Electronic Delivery) (Germany) - Coincards Europe\",\"isPartOf\":{\"@id\":\"https:\\\/\\\/coincards.com\\\/eu\\\/#website\"},\"primaryImageOfPage\":{\"@id\":\"https:\\\/\\\/coincards.com\\\/eu\\\/product\\\/romantik-hotels-restaurants-de-online-gift-card-electronic-delivery-germany\\\/#primaryimage\"},\"image\":{\"@id\":\"https:\\\/\\\/coincards.com\\\/eu\\\/product\\\/romantik-hotels-restaurants-de-online-gift-card-electronic-delivery-germany\\\/#primaryimage\"},\"thumbnailUrl\":\"https:\\\/\\\/assets.coincards.com\\\/wp-content\\\/uploads\\\/sites\\\/6\\\/2025\\\/12\\\/04151750\\\/romantik.jpg\",\"datePublished\":\"2025-12-04T23:19:57+00:00\",\"dateModified\":\"2026-04-17T20:29:20+00:00\",\"breadcrumb\":{\"@id\":\"https:\\\/\\\/coincards.com\\\/eu\\\/product\\\/romantik-hotels-restaurants-de-online-gift-card-electronic-delivery-germany\\\/#breadcrumb\"},\"inLanguage\":\"en-CA\",\"potentialAction\":[{\"@type\":\"ReadAction\",\"target\":[\"https:\\\/\\\/coincards.com\\\/eu\\\/product\\\/romantik-hotels-restaurants-de-online-gift-card-electronic-delivery-germany\\\/\"]}]},{\"@type\":\"ImageObject\",\"inLanguage\":\"en-CA\",\"@id\":\"https:\\\/\\\/coincards.com\\\/eu\\\/product\\\/romantik-hotels-restaurants-de-online-gift-card-electronic-delivery-germany\\\/#primaryimage\",\"url\":\"https:\\\/\\\/assets.coincards.com\\\/wp-content\\\/uploads\\\/sites\\\/6\\\/2025\\\/12\\\/04151750\\\/romantik.jpg\",\"contentUrl\":\"https:\\\/\\\/assets.coincards.com\\\/wp-content\\\/uploads\\\/sites\\\/6\\\/2025\\\/12\\\/04151750\\\/romantik.jpg\",\"width\":330,\"height\":214},{\"@type\":\"BreadcrumbList\",\"@id\":\"https:\\\/\\\/coincards.com\\\/eu\\\/product\\\/romantik-hotels-restaurants-de-online-gift-card-electronic-delivery-germany\\\/#breadcrumb\",\"itemListElement\":[{\"@type\":\"ListItem\",\"position\":1,\"name\":\"Home\",\"item\":\"https:\\\/\\\/coincards.com\\\/eu\\\/\"},{\"@type\":\"ListItem\",\"position\":2,\"name\":\"All Gift Cards\",\"item\":\"https:\\\/\\\/coincards.com\\\/eu\\\/all-gift-cards\\\/\"},{\"@type\":\"ListItem\",\"position\":3,\"name\":\"Romantik Hotels &amp; Restaurants DE Online Gift Card (Electronic Delivery) (Germany)\"}]},{\"@type\":\"WebSite\",\"@id\":\"https:\\\/\\\/coincards.com\\\/eu\\\/#website\",\"url\":\"https:\\\/\\\/coincards.com\\\/eu\\\/\",\"name\":\"Coincards Europe\",\"description\":\"Austrlia&#039;s #1 Cryptocurrency to Gift Card Exchange Service\",\"potentialAction\":[{\"@type\":\"SearchAction\",\"target\":{\"@type\":\"EntryPoint\",\"urlTemplate\":\"https:\\\/\\\/coincards.com\\\/eu\\\/?s={search_term_string}\"},\"query-input\":{\"@type\":\"PropertyValueSpecification\",\"valueRequired\":true,\"valueName\":\"search_term_string\"}}],\"inLanguage\":\"en-CA\"}]}<\/script>\n<meta property=\"og:availability\" content=\"instock\" \/>\n<meta property=\"product:availability\" content=\"instock\" \/>\n<meta property=\"product:condition\" content=\"new\" \/>\n<!-- \/ Yoast SEO Premium plugin. -->","yoast_head_json":{"title":"Romantik Hotels &amp; Restaurants DE Online Gift Card (Electronic Delivery) (Germany) - Coincards Europe","robots":{"index":"index","follow":"follow","max-snippet":"max-snippet:-1","max-image-preview":"max-image-preview:large","max-video-preview":"max-video-preview:-1"},"canonical":"https:\/\/coincards.com\/eu\/product\/romantik-hotels-restaurants-de-online-gift-card-electronic-delivery-germany\/","og_locale":"en_US","og_type":"article","og_title":"Romantik Hotels &amp; Restaurants DE Online Gift Card (Electronic Delivery) (Germany)","og_description":"Den Grundstein f\u00fcr die Hotel\u2010Kooperation der Romantik Hotels &amp; Restaurants legte Jens Diekmann, Unternehmensberater im Bereich der Hotellerie, Ende 1971 gemeinsam mit Alfred M\u00e4der.Bereits im ersten Jahr des Bestehens schlossen sich 15 Hotels den \u201eRomantikern\u201c an, unter ihnen so renommierte H\u00e4user wie \u201eKatzenbergers Adler\u201c in Rastatt \u2013 gef\u00fchrt von Rudolf Katzenberger, der Vaterfigur vieler deutscher K\u00f6che.Unter den Pionieren der ersten Stunde sind namhafte Familienunternehmen zu finden, die der \u201eromantischen Idee\u201c bis heute verbunden sind. Mit Herrmann\u2019s Posthotel &amp; Restaurant in Wirsberg, dem Hof zur Linde in M\u00fcnster, dem Gasthaus Rottner in N\u00fcrnberg, dem Stern in Bad Hersfeld und dem Hotel Greifen-Post in Feuchtwangen seien an dieser Stelle nur einige genannt.Wie erfolgreich die romantische Idee war und ist, zeigte sich auch in den folgenden Jahren und Jahrzehnten. Wir haben die Geschichte mit den Titelseiten unserer Hotelf\u00fchrer, die seit 1979 j\u00e4hrlich erscheinen, f\u00fcr Sie aufbereitet. Viel Spa\u00df beim Entdecken! Die Romantik Geschenkgutscheine sind vom Umtausch ausgeschlossen und k\u00f6nnen nicht in Bargeld umgetauscht werden. Sie sind zeitlich unbegrenzt g\u00fcltig und k\u00f6nnen in allen Romantik Hotels eingel\u00f6st werden. Bitte reservieren Sie direkt - entweder online unter www.romantikhotels.com oder telefonisch im Hotel Ihrer Wahl und geben Sie an, dass Sie Ihren Gutschein einl\u00f6sen m\u00f6chten. Bitte geben Sie dabei die Gutscheinnummer an. Bitte haben Sie Verst\u00e4ndnis daf\u00fcr, dass wir bei Verlust des Gutscheins keinen Ersatz ausstellen k\u00f6nnen.","og_url":"https:\/\/coincards.com\/eu\/product\/romantik-hotels-restaurants-de-online-gift-card-electronic-delivery-germany\/","og_site_name":"Coincards Europe","article_modified_time":"2026-04-17T20:29:20+00:00","og_image":[{"width":330,"height":214,"url":"https:\/\/assets.coincards.com\/wp-content\/uploads\/sites\/6\/2025\/12\/04151750\/romantik.jpg","type":"image\/jpeg"}],"twitter_card":"summary_large_image","twitter_misc":{"Availability":"In stock"},"schema":{"@context":"https:\/\/schema.org","@graph":[{"@type":"WebPage","@id":"https:\/\/coincards.com\/eu\/product\/romantik-hotels-restaurants-de-online-gift-card-electronic-delivery-germany\/","url":"https:\/\/coincards.com\/eu\/product\/romantik-hotels-restaurants-de-online-gift-card-electronic-delivery-germany\/","name":"Romantik Hotels &amp; Restaurants DE Online Gift Card (Electronic Delivery) (Germany) - Coincards Europe","isPartOf":{"@id":"https:\/\/coincards.com\/eu\/#website"},"primaryImageOfPage":{"@id":"https:\/\/coincards.com\/eu\/product\/romantik-hotels-restaurants-de-online-gift-card-electronic-delivery-germany\/#primaryimage"},"image":{"@id":"https:\/\/coincards.com\/eu\/product\/romantik-hotels-restaurants-de-online-gift-card-electronic-delivery-germany\/#primaryimage"},"thumbnailUrl":"https:\/\/assets.coincards.com\/wp-content\/uploads\/sites\/6\/2025\/12\/04151750\/romantik.jpg","datePublished":"2025-12-04T23:19:57+00:00","dateModified":"2026-04-17T20:29:20+00:00","breadcrumb":{"@id":"https:\/\/coincards.com\/eu\/product\/romantik-hotels-restaurants-de-online-gift-card-electronic-delivery-germany\/#breadcrumb"},"inLanguage":"en-CA","potentialAction":[{"@type":"ReadAction","target":["https:\/\/coincards.com\/eu\/product\/romantik-hotels-restaurants-de-online-gift-card-electronic-delivery-germany\/"]}]},{"@type":"ImageObject","inLanguage":"en-CA","@id":"https:\/\/coincards.com\/eu\/product\/romantik-hotels-restaurants-de-online-gift-card-electronic-delivery-germany\/#primaryimage","url":"https:\/\/assets.coincards.com\/wp-content\/uploads\/sites\/6\/2025\/12\/04151750\/romantik.jpg","contentUrl":"https:\/\/assets.coincards.com\/wp-content\/uploads\/sites\/6\/2025\/12\/04151750\/romantik.jpg","width":330,"height":214},{"@type":"BreadcrumbList","@id":"https:\/\/coincards.com\/eu\/product\/romantik-hotels-restaurants-de-online-gift-card-electronic-delivery-germany\/#breadcrumb","itemListElement":[{"@type":"ListItem","position":1,"name":"Home","item":"https:\/\/coincards.com\/eu\/"},{"@type":"ListItem","position":2,"name":"All Gift Cards","item":"https:\/\/coincards.com\/eu\/all-gift-cards\/"},{"@type":"ListItem","position":3,"name":"Romantik Hotels &amp; Restaurants DE Online Gift Card (Electronic Delivery) (Germany)"}]},{"@type":"WebSite","@id":"https:\/\/coincards.com\/eu\/#website","url":"https:\/\/coincards.com\/eu\/","name":"Coincards Europe","description":"Austrlia&#039;s #1 Cryptocurrency to Gift Card Exchange Service","potentialAction":[{"@type":"SearchAction","target":{"@type":"EntryPoint","urlTemplate":"https:\/\/coincards.com\/eu\/?s={search_term_string}"},"query-input":{"@type":"PropertyValueSpecification","valueRequired":true,"valueName":"search_term_string"}}],"inLanguage":"en-CA"}]},"og_availability":"instock","product_availability":"instock","product_condition":"new"},"_links":{"self":[{"href":"https:\/\/coincards.com\/eu\/wp-json\/wp\/v2\/product\/8263","targetHints":{"allow":["GET"]}}],"collection":[{"href":"https:\/\/coincards.com\/eu\/wp-json\/wp\/v2\/product"}],"about":[{"href":"https:\/\/coincards.com\/eu\/wp-json\/wp\/v2\/types\/product"}],"replies":[{"embeddable":true,"href":"https:\/\/coincards.com\/eu\/wp-json\/wp\/v2\/comments?post=8263"}],"wp:featuredmedia":[{"embeddable":true,"href":"https:\/\/coincards.com\/eu\/wp-json\/wp\/v2\/media\/8264"}],"wp:attachment":[{"href":"https:\/\/coincards.com\/eu\/wp-json\/wp\/v2\/media?parent=8263"}],"wp:term":[{"taxonomy":"product_cat","embeddable":true,"href":"https:\/\/coincards.com\/eu\/wp-json\/wp\/v2\/product_cat?post=8263"},{"taxonomy":"product_tag","embeddable":true,"href":"https:\/\/coincards.com\/eu\/wp-json\/wp\/v2\/product_tag?post=8263"}],"curies":[{"name":"wp","href":"https:\/\/api.w.org\/{rel}","templated":true}]}}