{"id":8243,"date":"2025-12-04T15:04:04","date_gmt":"2025-12-04T23:04:04","guid":{"rendered":"https:\/\/coincards.com\/eu\/?post_type=product&#038;p=8243"},"modified":"2026-05-08T12:42:52","modified_gmt":"2026-05-08T20:42:52","slug":"philips-hue-de-online-gift-card-electronic-delivery-germany","status":"publish","type":"product","link":"https:\/\/coincards.com\/eu\/product\/philips-hue-de-online-gift-card-electronic-delivery-germany\/","title":{"rendered":"Philips Hue DE Online Gift Card (Electronic Delivery) (Germany)"},"content":{"rendered":"","protected":false},"excerpt":{"rendered":"<p>Philips Hue, brillante smarte Beleuchtung f\u00fcr Dein Zuhause Philips Hue ist ein intelligentes LED-Lichtsystem, das per App, Schalter oder Sprache bedient werden kann. Philips Hue Bluetooth bildet den einfachen Einstieg in Deine smarte Beleuchtung: Bis zu 10 Bluetooth-f\u00e4hige Lampen und Leuchten kannst Du ganz ohne Installationsaufwand in einem Raum steuern. Die Hue Bridge ist das Herzst\u00fcck des Systems und verbindet bis zu 50 Lichtquellen gleichzeitig, was eine fl\u00e4chendeckende Ausleuchten Deines gesamten Eigenheims, inklusive Garten und Terrasse erm\u00f6glicht. Die Philips Hue Familie bietet ein komplettes Sortiment an Lampen, Leuchten sowie dem passenden Zubeh\u00f6r. So hast Du immer das perfekte Licht in Ihrem Wohnzimmer, in der K\u00fcche, dem Bad oder in Deinem Au\u00dfenbereich. Mit Philips Hue White kannst Du warmwei\u00dfes Licht ganz flexibel dimmen. Philips Hue White Ambiance bietet dir 50.000 Wei\u00dfschattierungen \u2013 so kannst Du z.B. energiespendendes, tageslicht\u00e4hnliches Wei\u00df ausw\u00e4hlen, um dich zu konzentrieren oder warmwei\u00dfes bis gelbliches Licht nutzen, wenn Du dich zur\u00fccklehnen und entspannen m\u00f6chtest. Mit Philips Hue White &amp; Color Ambiance sind der Fantasie keine Grenzen gesetzt: W\u00e4hle aus 16 Mio. Farben und 50.000 Wei\u00dfschattierungen. Synchronisiere Musik, Filme oder Games mit Deiner Beleuchtung oder lasse deinen Garten in bunten Farben erstrahlen.<\/p>\n","protected":false},"featured_media":8244,"comment_status":"closed","ping_status":"closed","template":"","meta":{"_exactmetrics_skip_tracking":false,"_exactmetrics_sitenote_active":false,"_exactmetrics_sitenote_note":"","_exactmetrics_sitenote_category":0},"product_cat":[15],"product_tag":[],"class_list":{"0":"post-8243","1":"product","2":"type-product","3":"status-publish","4":"has-post-thumbnail","6":"product_brand-philips-hue","7":"product_cat-uncategorized","8":"pa_country-availability-germany","10":"first","11":"instock","12":"shipping-taxable","13":"purchasable","14":"product-type-variable","15":"has-default-attributes"},"yoast_head":"<!-- This site is optimized with the Yoast SEO Premium plugin v20.11 (Yoast SEO v27.3) - https:\/\/yoast.com\/product\/yoast-seo-premium-wordpress\/ -->\n<title>Philips Hue DE Online Gift Card (Electronic Delivery) (Germany) - Coincards Europe<\/title>\n<meta name=\"robots\" content=\"index, follow, max-snippet:-1, max-image-preview:large, max-video-preview:-1\" \/>\n<link rel=\"canonical\" href=\"https:\/\/coincards.com\/eu\/product\/philips-hue-de-online-gift-card-electronic-delivery-germany\/\" \/>\n<meta property=\"og:locale\" content=\"en_US\" \/>\n<meta property=\"og:type\" content=\"article\" \/>\n<meta property=\"og:title\" content=\"Philips Hue DE Online Gift Card (Electronic Delivery) (Germany)\" \/>\n<meta property=\"og:description\" content=\"Philips Hue, brillante smarte Beleuchtung f\u00fcr Dein Zuhause Philips Hue ist ein intelligentes LED-Lichtsystem, das per App, Schalter oder Sprache bedient werden kann. Philips Hue Bluetooth bildet den einfachen Einstieg in Deine smarte Beleuchtung: Bis zu 10 Bluetooth-f\u00e4hige Lampen und Leuchten kannst Du ganz ohne Installationsaufwand in einem Raum steuern. Die Hue Bridge ist das Herzst\u00fcck des Systems und verbindet bis zu 50 Lichtquellen gleichzeitig, was eine fl\u00e4chendeckende Ausleuchten Deines gesamten Eigenheims, inklusive Garten und Terrasse erm\u00f6glicht. Die Philips Hue Familie bietet ein komplettes Sortiment an Lampen, Leuchten sowie dem passenden Zubeh\u00f6r. So hast Du immer das perfekte Licht in Ihrem Wohnzimmer, in der K\u00fcche, dem Bad oder in Deinem Au\u00dfenbereich. Mit Philips Hue White kannst Du warmwei\u00dfes Licht ganz flexibel dimmen. Philips Hue White Ambiance bietet dir 50.000 Wei\u00dfschattierungen \u2013 so kannst Du z.B. energiespendendes, tageslicht\u00e4hnliches Wei\u00df ausw\u00e4hlen, um dich zu konzentrieren oder warmwei\u00dfes bis gelbliches Licht nutzen, wenn Du dich zur\u00fccklehnen und entspannen m\u00f6chtest. Mit Philips Hue White &amp; Color Ambiance sind der Fantasie keine Grenzen gesetzt: W\u00e4hle aus 16 Mio. Farben und 50.000 Wei\u00dfschattierungen. Synchronisiere Musik, Filme oder Games mit Deiner Beleuchtung oder lasse deinen Garten in bunten Farben erstrahlen.\" \/>\n<meta property=\"og:url\" content=\"https:\/\/coincards.com\/eu\/product\/philips-hue-de-online-gift-card-electronic-delivery-germany\/\" \/>\n<meta property=\"og:site_name\" content=\"Coincards Europe\" \/>\n<meta property=\"article:modified_time\" content=\"2026-05-08T20:42:52+00:00\" \/>\n<meta property=\"og:image\" content=\"https:\/\/assets.coincards.com\/wp-content\/uploads\/sites\/6\/2025\/12\/04150128\/phlips.jpg\" \/>\n\t<meta property=\"og:image:width\" content=\"330\" \/>\n\t<meta property=\"og:image:height\" content=\"214\" \/>\n\t<meta property=\"og:image:type\" content=\"image\/jpeg\" \/>\n<meta name=\"twitter:card\" content=\"summary_large_image\" \/>\n<meta name=\"twitter:label1\" content=\"Availability\" \/>\n\t<meta name=\"twitter:data1\" content=\"In stock\" \/>\n<script type=\"application\/ld+json\" class=\"yoast-schema-graph\">{\"@context\":\"https:\\\/\\\/schema.org\",\"@graph\":[{\"@type\":\"WebPage\",\"@id\":\"https:\\\/\\\/coincards.com\\\/eu\\\/product\\\/philips-hue-de-online-gift-card-electronic-delivery-germany\\\/\",\"url\":\"https:\\\/\\\/coincards.com\\\/eu\\\/product\\\/philips-hue-de-online-gift-card-electronic-delivery-germany\\\/\",\"name\":\"Philips Hue DE Online Gift Card (Electronic Delivery) (Germany) - Coincards Europe\",\"isPartOf\":{\"@id\":\"https:\\\/\\\/coincards.com\\\/eu\\\/#website\"},\"primaryImageOfPage\":{\"@id\":\"https:\\\/\\\/coincards.com\\\/eu\\\/product\\\/philips-hue-de-online-gift-card-electronic-delivery-germany\\\/#primaryimage\"},\"image\":{\"@id\":\"https:\\\/\\\/coincards.com\\\/eu\\\/product\\\/philips-hue-de-online-gift-card-electronic-delivery-germany\\\/#primaryimage\"},\"thumbnailUrl\":\"https:\\\/\\\/assets.coincards.com\\\/wp-content\\\/uploads\\\/sites\\\/6\\\/2025\\\/12\\\/04150128\\\/phlips.jpg\",\"datePublished\":\"2025-12-04T23:04:04+00:00\",\"dateModified\":\"2026-05-08T20:42:52+00:00\",\"breadcrumb\":{\"@id\":\"https:\\\/\\\/coincards.com\\\/eu\\\/product\\\/philips-hue-de-online-gift-card-electronic-delivery-germany\\\/#breadcrumb\"},\"inLanguage\":\"en-CA\",\"potentialAction\":[{\"@type\":\"ReadAction\",\"target\":[\"https:\\\/\\\/coincards.com\\\/eu\\\/product\\\/philips-hue-de-online-gift-card-electronic-delivery-germany\\\/\"]}]},{\"@type\":\"ImageObject\",\"inLanguage\":\"en-CA\",\"@id\":\"https:\\\/\\\/coincards.com\\\/eu\\\/product\\\/philips-hue-de-online-gift-card-electronic-delivery-germany\\\/#primaryimage\",\"url\":\"https:\\\/\\\/assets.coincards.com\\\/wp-content\\\/uploads\\\/sites\\\/6\\\/2025\\\/12\\\/04150128\\\/phlips.jpg\",\"contentUrl\":\"https:\\\/\\\/assets.coincards.com\\\/wp-content\\\/uploads\\\/sites\\\/6\\\/2025\\\/12\\\/04150128\\\/phlips.jpg\",\"width\":330,\"height\":214},{\"@type\":\"BreadcrumbList\",\"@id\":\"https:\\\/\\\/coincards.com\\\/eu\\\/product\\\/philips-hue-de-online-gift-card-electronic-delivery-germany\\\/#breadcrumb\",\"itemListElement\":[{\"@type\":\"ListItem\",\"position\":1,\"name\":\"Home\",\"item\":\"https:\\\/\\\/coincards.com\\\/eu\\\/\"},{\"@type\":\"ListItem\",\"position\":2,\"name\":\"All Gift Cards\",\"item\":\"https:\\\/\\\/coincards.com\\\/eu\\\/all-gift-cards\\\/\"},{\"@type\":\"ListItem\",\"position\":3,\"name\":\"Philips Hue DE Online Gift Card (Electronic Delivery) (Germany)\"}]},{\"@type\":\"WebSite\",\"@id\":\"https:\\\/\\\/coincards.com\\\/eu\\\/#website\",\"url\":\"https:\\\/\\\/coincards.com\\\/eu\\\/\",\"name\":\"Coincards Europe\",\"description\":\"Austrlia&#039;s #1 Cryptocurrency to Gift Card Exchange Service\",\"potentialAction\":[{\"@type\":\"SearchAction\",\"target\":{\"@type\":\"EntryPoint\",\"urlTemplate\":\"https:\\\/\\\/coincards.com\\\/eu\\\/?s={search_term_string}\"},\"query-input\":{\"@type\":\"PropertyValueSpecification\",\"valueRequired\":true,\"valueName\":\"search_term_string\"}}],\"inLanguage\":\"en-CA\"}]}<\/script>\n<meta property=\"og:availability\" content=\"instock\" \/>\n<meta property=\"product:availability\" content=\"instock\" \/>\n<meta property=\"product:condition\" content=\"new\" \/>\n<!-- \/ Yoast SEO Premium plugin. -->","yoast_head_json":{"title":"Philips Hue DE Online Gift Card (Electronic Delivery) (Germany) - Coincards Europe","robots":{"index":"index","follow":"follow","max-snippet":"max-snippet:-1","max-image-preview":"max-image-preview:large","max-video-preview":"max-video-preview:-1"},"canonical":"https:\/\/coincards.com\/eu\/product\/philips-hue-de-online-gift-card-electronic-delivery-germany\/","og_locale":"en_US","og_type":"article","og_title":"Philips Hue DE Online Gift Card (Electronic Delivery) (Germany)","og_description":"Philips Hue, brillante smarte Beleuchtung f\u00fcr Dein Zuhause Philips Hue ist ein intelligentes LED-Lichtsystem, das per App, Schalter oder Sprache bedient werden kann. Philips Hue Bluetooth bildet den einfachen Einstieg in Deine smarte Beleuchtung: Bis zu 10 Bluetooth-f\u00e4hige Lampen und Leuchten kannst Du ganz ohne Installationsaufwand in einem Raum steuern. Die Hue Bridge ist das Herzst\u00fcck des Systems und verbindet bis zu 50 Lichtquellen gleichzeitig, was eine fl\u00e4chendeckende Ausleuchten Deines gesamten Eigenheims, inklusive Garten und Terrasse erm\u00f6glicht. Die Philips Hue Familie bietet ein komplettes Sortiment an Lampen, Leuchten sowie dem passenden Zubeh\u00f6r. So hast Du immer das perfekte Licht in Ihrem Wohnzimmer, in der K\u00fcche, dem Bad oder in Deinem Au\u00dfenbereich. Mit Philips Hue White kannst Du warmwei\u00dfes Licht ganz flexibel dimmen. Philips Hue White Ambiance bietet dir 50.000 Wei\u00dfschattierungen \u2013 so kannst Du z.B. energiespendendes, tageslicht\u00e4hnliches Wei\u00df ausw\u00e4hlen, um dich zu konzentrieren oder warmwei\u00dfes bis gelbliches Licht nutzen, wenn Du dich zur\u00fccklehnen und entspannen m\u00f6chtest. Mit Philips Hue White &amp; Color Ambiance sind der Fantasie keine Grenzen gesetzt: W\u00e4hle aus 16 Mio. Farben und 50.000 Wei\u00dfschattierungen. Synchronisiere Musik, Filme oder Games mit Deiner Beleuchtung oder lasse deinen Garten in bunten Farben erstrahlen.","og_url":"https:\/\/coincards.com\/eu\/product\/philips-hue-de-online-gift-card-electronic-delivery-germany\/","og_site_name":"Coincards Europe","article_modified_time":"2026-05-08T20:42:52+00:00","og_image":[{"width":330,"height":214,"url":"https:\/\/assets.coincards.com\/wp-content\/uploads\/sites\/6\/2025\/12\/04150128\/phlips.jpg","type":"image\/jpeg"}],"twitter_card":"summary_large_image","twitter_misc":{"Availability":"In stock"},"schema":{"@context":"https:\/\/schema.org","@graph":[{"@type":"WebPage","@id":"https:\/\/coincards.com\/eu\/product\/philips-hue-de-online-gift-card-electronic-delivery-germany\/","url":"https:\/\/coincards.com\/eu\/product\/philips-hue-de-online-gift-card-electronic-delivery-germany\/","name":"Philips Hue DE Online Gift Card (Electronic Delivery) (Germany) - Coincards Europe","isPartOf":{"@id":"https:\/\/coincards.com\/eu\/#website"},"primaryImageOfPage":{"@id":"https:\/\/coincards.com\/eu\/product\/philips-hue-de-online-gift-card-electronic-delivery-germany\/#primaryimage"},"image":{"@id":"https:\/\/coincards.com\/eu\/product\/philips-hue-de-online-gift-card-electronic-delivery-germany\/#primaryimage"},"thumbnailUrl":"https:\/\/assets.coincards.com\/wp-content\/uploads\/sites\/6\/2025\/12\/04150128\/phlips.jpg","datePublished":"2025-12-04T23:04:04+00:00","dateModified":"2026-05-08T20:42:52+00:00","breadcrumb":{"@id":"https:\/\/coincards.com\/eu\/product\/philips-hue-de-online-gift-card-electronic-delivery-germany\/#breadcrumb"},"inLanguage":"en-CA","potentialAction":[{"@type":"ReadAction","target":["https:\/\/coincards.com\/eu\/product\/philips-hue-de-online-gift-card-electronic-delivery-germany\/"]}]},{"@type":"ImageObject","inLanguage":"en-CA","@id":"https:\/\/coincards.com\/eu\/product\/philips-hue-de-online-gift-card-electronic-delivery-germany\/#primaryimage","url":"https:\/\/assets.coincards.com\/wp-content\/uploads\/sites\/6\/2025\/12\/04150128\/phlips.jpg","contentUrl":"https:\/\/assets.coincards.com\/wp-content\/uploads\/sites\/6\/2025\/12\/04150128\/phlips.jpg","width":330,"height":214},{"@type":"BreadcrumbList","@id":"https:\/\/coincards.com\/eu\/product\/philips-hue-de-online-gift-card-electronic-delivery-germany\/#breadcrumb","itemListElement":[{"@type":"ListItem","position":1,"name":"Home","item":"https:\/\/coincards.com\/eu\/"},{"@type":"ListItem","position":2,"name":"All Gift Cards","item":"https:\/\/coincards.com\/eu\/all-gift-cards\/"},{"@type":"ListItem","position":3,"name":"Philips Hue DE Online Gift Card (Electronic Delivery) (Germany)"}]},{"@type":"WebSite","@id":"https:\/\/coincards.com\/eu\/#website","url":"https:\/\/coincards.com\/eu\/","name":"Coincards Europe","description":"Austrlia&#039;s #1 Cryptocurrency to Gift Card Exchange Service","potentialAction":[{"@type":"SearchAction","target":{"@type":"EntryPoint","urlTemplate":"https:\/\/coincards.com\/eu\/?s={search_term_string}"},"query-input":{"@type":"PropertyValueSpecification","valueRequired":true,"valueName":"search_term_string"}}],"inLanguage":"en-CA"}]},"og_availability":"instock","product_availability":"instock","product_condition":"new"},"_links":{"self":[{"href":"https:\/\/coincards.com\/eu\/wp-json\/wp\/v2\/product\/8243","targetHints":{"allow":["GET"]}}],"collection":[{"href":"https:\/\/coincards.com\/eu\/wp-json\/wp\/v2\/product"}],"about":[{"href":"https:\/\/coincards.com\/eu\/wp-json\/wp\/v2\/types\/product"}],"replies":[{"embeddable":true,"href":"https:\/\/coincards.com\/eu\/wp-json\/wp\/v2\/comments?post=8243"}],"wp:featuredmedia":[{"embeddable":true,"href":"https:\/\/coincards.com\/eu\/wp-json\/wp\/v2\/media\/8244"}],"wp:attachment":[{"href":"https:\/\/coincards.com\/eu\/wp-json\/wp\/v2\/media?parent=8243"}],"wp:term":[{"taxonomy":"product_cat","embeddable":true,"href":"https:\/\/coincards.com\/eu\/wp-json\/wp\/v2\/product_cat?post=8243"},{"taxonomy":"product_tag","embeddable":true,"href":"https:\/\/coincards.com\/eu\/wp-json\/wp\/v2\/product_tag?post=8243"}],"curies":[{"name":"wp","href":"https:\/\/api.w.org\/{rel}","templated":true}]}}