{"id":8228,"date":"2025-12-04T10:36:56","date_gmt":"2025-12-04T18:36:56","guid":{"rendered":"https:\/\/coincards.com\/eu\/?post_type=product&#038;p=8228"},"modified":"2026-05-08T12:40:55","modified_gmt":"2026-05-08T20:40:55","slug":"pampling-de-online-gift-card-electronic-delivery-germany","status":"publish","type":"product","link":"https:\/\/coincards.com\/eu\/product\/pampling-de-online-gift-card-electronic-delivery-germany\/","title":{"rendered":"Pampling DE Online Gift Card (Electronic Delivery) (Germany)"},"content":{"rendered":"","protected":false},"excerpt":{"rendered":"<p>Pampling ist Marktf\u00fchrer f\u00fcr originelle T-Shirts in Spanien. Mit \u00fcber 16 Jahren Erfahrung verf\u00fcgen sie \u00fcber einen umfangreichen Katalog mit lustigen, kreativen und originellen Designs, die von gro\u00dfartigen lokalen und internationalen K\u00fcnstlern entworfen werden. Die Designs werden auf hochwertige T-Shirts aus 100% Baumwolle gedruckt, wobei die langlebigste Textildrucktechnik verwendet wird, die es gibt: Siebdruck. In diesem einzigartigen Bereich f\u00fcr T-Shirt- und Sockenliebhaber finden Sie bestimmt Ihre Lieblingsdesigns oder ein ideales Geschenk.<\/p>\n","protected":false},"featured_media":8229,"comment_status":"closed","ping_status":"closed","template":"","meta":{"_exactmetrics_skip_tracking":false,"_exactmetrics_sitenote_active":false,"_exactmetrics_sitenote_note":"","_exactmetrics_sitenote_category":0},"product_cat":[15],"product_tag":[],"class_list":{"0":"post-8228","1":"product","2":"type-product","3":"status-publish","4":"has-post-thumbnail","6":"product_brand-pampling","7":"product_cat-uncategorized","8":"pa_country-availability-germany","10":"first","11":"instock","12":"shipping-taxable","13":"purchasable","14":"product-type-variable","15":"has-default-attributes"},"yoast_head":"<!-- This site is optimized with the Yoast SEO Premium plugin v20.11 (Yoast SEO v27.3) - https:\/\/yoast.com\/product\/yoast-seo-premium-wordpress\/ -->\n<title>Pampling DE Online Gift Card (Electronic Delivery) (Germany) - Coincards Europe<\/title>\n<meta name=\"robots\" content=\"index, follow, max-snippet:-1, max-image-preview:large, max-video-preview:-1\" \/>\n<link rel=\"canonical\" href=\"https:\/\/coincards.com\/eu\/product\/pampling-de-online-gift-card-electronic-delivery-germany\/\" \/>\n<meta property=\"og:locale\" content=\"en_US\" \/>\n<meta property=\"og:type\" content=\"article\" \/>\n<meta property=\"og:title\" content=\"Pampling DE Online Gift Card (Electronic Delivery) (Germany)\" \/>\n<meta property=\"og:description\" content=\"Pampling ist Marktf\u00fchrer f\u00fcr originelle T-Shirts in Spanien. Mit \u00fcber 16 Jahren Erfahrung verf\u00fcgen sie \u00fcber einen umfangreichen Katalog mit lustigen, kreativen und originellen Designs, die von gro\u00dfartigen lokalen und internationalen K\u00fcnstlern entworfen werden. Die Designs werden auf hochwertige T-Shirts aus 100% Baumwolle gedruckt, wobei die langlebigste Textildrucktechnik verwendet wird, die es gibt: Siebdruck. In diesem einzigartigen Bereich f\u00fcr T-Shirt- und Sockenliebhaber finden Sie bestimmt Ihre Lieblingsdesigns oder ein ideales Geschenk.\" \/>\n<meta property=\"og:url\" content=\"https:\/\/coincards.com\/eu\/product\/pampling-de-online-gift-card-electronic-delivery-germany\/\" \/>\n<meta property=\"og:site_name\" content=\"Coincards Europe\" \/>\n<meta property=\"article:modified_time\" content=\"2026-05-08T20:40:55+00:00\" \/>\n<meta property=\"og:image\" content=\"https:\/\/assets.coincards.com\/wp-content\/uploads\/sites\/6\/2025\/12\/04103500\/pampling.jpg\" \/>\n\t<meta property=\"og:image:width\" content=\"330\" \/>\n\t<meta property=\"og:image:height\" content=\"214\" \/>\n\t<meta property=\"og:image:type\" content=\"image\/jpeg\" \/>\n<meta name=\"twitter:card\" content=\"summary_large_image\" \/>\n<meta name=\"twitter:label1\" content=\"Availability\" \/>\n\t<meta name=\"twitter:data1\" content=\"In stock\" \/>\n<script type=\"application\/ld+json\" class=\"yoast-schema-graph\">{\"@context\":\"https:\\\/\\\/schema.org\",\"@graph\":[{\"@type\":\"WebPage\",\"@id\":\"https:\\\/\\\/coincards.com\\\/eu\\\/product\\\/pampling-de-online-gift-card-electronic-delivery-germany\\\/\",\"url\":\"https:\\\/\\\/coincards.com\\\/eu\\\/product\\\/pampling-de-online-gift-card-electronic-delivery-germany\\\/\",\"name\":\"Pampling DE Online Gift Card (Electronic Delivery) (Germany) - Coincards Europe\",\"isPartOf\":{\"@id\":\"https:\\\/\\\/coincards.com\\\/eu\\\/#website\"},\"primaryImageOfPage\":{\"@id\":\"https:\\\/\\\/coincards.com\\\/eu\\\/product\\\/pampling-de-online-gift-card-electronic-delivery-germany\\\/#primaryimage\"},\"image\":{\"@id\":\"https:\\\/\\\/coincards.com\\\/eu\\\/product\\\/pampling-de-online-gift-card-electronic-delivery-germany\\\/#primaryimage\"},\"thumbnailUrl\":\"https:\\\/\\\/assets.coincards.com\\\/wp-content\\\/uploads\\\/sites\\\/6\\\/2025\\\/12\\\/04103500\\\/pampling.jpg\",\"datePublished\":\"2025-12-04T18:36:56+00:00\",\"dateModified\":\"2026-05-08T20:40:55+00:00\",\"breadcrumb\":{\"@id\":\"https:\\\/\\\/coincards.com\\\/eu\\\/product\\\/pampling-de-online-gift-card-electronic-delivery-germany\\\/#breadcrumb\"},\"inLanguage\":\"en-CA\",\"potentialAction\":[{\"@type\":\"ReadAction\",\"target\":[\"https:\\\/\\\/coincards.com\\\/eu\\\/product\\\/pampling-de-online-gift-card-electronic-delivery-germany\\\/\"]}]},{\"@type\":\"ImageObject\",\"inLanguage\":\"en-CA\",\"@id\":\"https:\\\/\\\/coincards.com\\\/eu\\\/product\\\/pampling-de-online-gift-card-electronic-delivery-germany\\\/#primaryimage\",\"url\":\"https:\\\/\\\/assets.coincards.com\\\/wp-content\\\/uploads\\\/sites\\\/6\\\/2025\\\/12\\\/04103500\\\/pampling.jpg\",\"contentUrl\":\"https:\\\/\\\/assets.coincards.com\\\/wp-content\\\/uploads\\\/sites\\\/6\\\/2025\\\/12\\\/04103500\\\/pampling.jpg\",\"width\":330,\"height\":214},{\"@type\":\"BreadcrumbList\",\"@id\":\"https:\\\/\\\/coincards.com\\\/eu\\\/product\\\/pampling-de-online-gift-card-electronic-delivery-germany\\\/#breadcrumb\",\"itemListElement\":[{\"@type\":\"ListItem\",\"position\":1,\"name\":\"Home\",\"item\":\"https:\\\/\\\/coincards.com\\\/eu\\\/\"},{\"@type\":\"ListItem\",\"position\":2,\"name\":\"All Gift Cards\",\"item\":\"https:\\\/\\\/coincards.com\\\/eu\\\/all-gift-cards\\\/\"},{\"@type\":\"ListItem\",\"position\":3,\"name\":\"Pampling DE Online Gift Card (Electronic Delivery) (Germany)\"}]},{\"@type\":\"WebSite\",\"@id\":\"https:\\\/\\\/coincards.com\\\/eu\\\/#website\",\"url\":\"https:\\\/\\\/coincards.com\\\/eu\\\/\",\"name\":\"Coincards Europe\",\"description\":\"Austrlia&#039;s #1 Cryptocurrency to Gift Card Exchange Service\",\"potentialAction\":[{\"@type\":\"SearchAction\",\"target\":{\"@type\":\"EntryPoint\",\"urlTemplate\":\"https:\\\/\\\/coincards.com\\\/eu\\\/?s={search_term_string}\"},\"query-input\":{\"@type\":\"PropertyValueSpecification\",\"valueRequired\":true,\"valueName\":\"search_term_string\"}}],\"inLanguage\":\"en-CA\"}]}<\/script>\n<meta property=\"og:availability\" content=\"instock\" \/>\n<meta property=\"product:availability\" content=\"instock\" \/>\n<meta property=\"product:condition\" content=\"new\" \/>\n<!-- \/ Yoast SEO Premium plugin. -->","yoast_head_json":{"title":"Pampling DE Online Gift Card (Electronic Delivery) (Germany) - Coincards Europe","robots":{"index":"index","follow":"follow","max-snippet":"max-snippet:-1","max-image-preview":"max-image-preview:large","max-video-preview":"max-video-preview:-1"},"canonical":"https:\/\/coincards.com\/eu\/product\/pampling-de-online-gift-card-electronic-delivery-germany\/","og_locale":"en_US","og_type":"article","og_title":"Pampling DE Online Gift Card (Electronic Delivery) (Germany)","og_description":"Pampling ist Marktf\u00fchrer f\u00fcr originelle T-Shirts in Spanien. Mit \u00fcber 16 Jahren Erfahrung verf\u00fcgen sie \u00fcber einen umfangreichen Katalog mit lustigen, kreativen und originellen Designs, die von gro\u00dfartigen lokalen und internationalen K\u00fcnstlern entworfen werden. Die Designs werden auf hochwertige T-Shirts aus 100% Baumwolle gedruckt, wobei die langlebigste Textildrucktechnik verwendet wird, die es gibt: Siebdruck. In diesem einzigartigen Bereich f\u00fcr T-Shirt- und Sockenliebhaber finden Sie bestimmt Ihre Lieblingsdesigns oder ein ideales Geschenk.","og_url":"https:\/\/coincards.com\/eu\/product\/pampling-de-online-gift-card-electronic-delivery-germany\/","og_site_name":"Coincards Europe","article_modified_time":"2026-05-08T20:40:55+00:00","og_image":[{"width":330,"height":214,"url":"https:\/\/assets.coincards.com\/wp-content\/uploads\/sites\/6\/2025\/12\/04103500\/pampling.jpg","type":"image\/jpeg"}],"twitter_card":"summary_large_image","twitter_misc":{"Availability":"In stock"},"schema":{"@context":"https:\/\/schema.org","@graph":[{"@type":"WebPage","@id":"https:\/\/coincards.com\/eu\/product\/pampling-de-online-gift-card-electronic-delivery-germany\/","url":"https:\/\/coincards.com\/eu\/product\/pampling-de-online-gift-card-electronic-delivery-germany\/","name":"Pampling DE Online Gift Card (Electronic Delivery) (Germany) - Coincards Europe","isPartOf":{"@id":"https:\/\/coincards.com\/eu\/#website"},"primaryImageOfPage":{"@id":"https:\/\/coincards.com\/eu\/product\/pampling-de-online-gift-card-electronic-delivery-germany\/#primaryimage"},"image":{"@id":"https:\/\/coincards.com\/eu\/product\/pampling-de-online-gift-card-electronic-delivery-germany\/#primaryimage"},"thumbnailUrl":"https:\/\/assets.coincards.com\/wp-content\/uploads\/sites\/6\/2025\/12\/04103500\/pampling.jpg","datePublished":"2025-12-04T18:36:56+00:00","dateModified":"2026-05-08T20:40:55+00:00","breadcrumb":{"@id":"https:\/\/coincards.com\/eu\/product\/pampling-de-online-gift-card-electronic-delivery-germany\/#breadcrumb"},"inLanguage":"en-CA","potentialAction":[{"@type":"ReadAction","target":["https:\/\/coincards.com\/eu\/product\/pampling-de-online-gift-card-electronic-delivery-germany\/"]}]},{"@type":"ImageObject","inLanguage":"en-CA","@id":"https:\/\/coincards.com\/eu\/product\/pampling-de-online-gift-card-electronic-delivery-germany\/#primaryimage","url":"https:\/\/assets.coincards.com\/wp-content\/uploads\/sites\/6\/2025\/12\/04103500\/pampling.jpg","contentUrl":"https:\/\/assets.coincards.com\/wp-content\/uploads\/sites\/6\/2025\/12\/04103500\/pampling.jpg","width":330,"height":214},{"@type":"BreadcrumbList","@id":"https:\/\/coincards.com\/eu\/product\/pampling-de-online-gift-card-electronic-delivery-germany\/#breadcrumb","itemListElement":[{"@type":"ListItem","position":1,"name":"Home","item":"https:\/\/coincards.com\/eu\/"},{"@type":"ListItem","position":2,"name":"All Gift Cards","item":"https:\/\/coincards.com\/eu\/all-gift-cards\/"},{"@type":"ListItem","position":3,"name":"Pampling DE Online Gift Card (Electronic Delivery) (Germany)"}]},{"@type":"WebSite","@id":"https:\/\/coincards.com\/eu\/#website","url":"https:\/\/coincards.com\/eu\/","name":"Coincards Europe","description":"Austrlia&#039;s #1 Cryptocurrency to Gift Card Exchange Service","potentialAction":[{"@type":"SearchAction","target":{"@type":"EntryPoint","urlTemplate":"https:\/\/coincards.com\/eu\/?s={search_term_string}"},"query-input":{"@type":"PropertyValueSpecification","valueRequired":true,"valueName":"search_term_string"}}],"inLanguage":"en-CA"}]},"og_availability":"instock","product_availability":"instock","product_condition":"new"},"_links":{"self":[{"href":"https:\/\/coincards.com\/eu\/wp-json\/wp\/v2\/product\/8228","targetHints":{"allow":["GET"]}}],"collection":[{"href":"https:\/\/coincards.com\/eu\/wp-json\/wp\/v2\/product"}],"about":[{"href":"https:\/\/coincards.com\/eu\/wp-json\/wp\/v2\/types\/product"}],"replies":[{"embeddable":true,"href":"https:\/\/coincards.com\/eu\/wp-json\/wp\/v2\/comments?post=8228"}],"wp:featuredmedia":[{"embeddable":true,"href":"https:\/\/coincards.com\/eu\/wp-json\/wp\/v2\/media\/8229"}],"wp:attachment":[{"href":"https:\/\/coincards.com\/eu\/wp-json\/wp\/v2\/media?parent=8228"}],"wp:term":[{"taxonomy":"product_cat","embeddable":true,"href":"https:\/\/coincards.com\/eu\/wp-json\/wp\/v2\/product_cat?post=8228"},{"taxonomy":"product_tag","embeddable":true,"href":"https:\/\/coincards.com\/eu\/wp-json\/wp\/v2\/product_tag?post=8228"}],"curies":[{"name":"wp","href":"https:\/\/api.w.org\/{rel}","templated":true}]}}