{"id":8086,"date":"2025-12-03T13:53:50","date_gmt":"2025-12-03T21:53:50","guid":{"rendered":"https:\/\/coincards.com\/eu\/?post_type=product&#038;p=8086"},"modified":"2026-05-08T12:12:29","modified_gmt":"2026-05-08T20:12:29","slug":"e-m-p-merchandising-de-online-gift-card-electronic-delivery-germany","status":"publish","type":"product","link":"https:\/\/coincards.com\/eu\/product\/e-m-p-merchandising-de-online-gift-card-electronic-delivery-germany\/","title":{"rendered":"E.M.P. Merchandising DE Online Gift Card (Electronic Delivery) (Germany)"},"content":{"rendered":"","protected":false},"excerpt":{"rendered":"<p>Werde Teil unserer EMP-Familie und entdecke mit \u00fcber 6 Millionen Gleichgesinnten das Merchandise deiner Lieblingsbands in unserem Rockshop und das Beste aus den Bereichen Entertainment, Gaming, Fashion und Fun. Du suchst Merchandise Artikel und die passenden Klamotten zu deiner Lieblingsband oder -serie? Du bist auf der Suche nach einem tollen Geschenk f\u00fcr Familie und Freunde? Dann bist du im EMP Online Shop genau richtig. \u00dcber 30.000 Artikel warten auf Dich! Wir haben T-Shirts in zahlreichen Ausf\u00fchrungen, Klamotten, Accessoires, Schmuck und mehr f\u00fcr die Fans dieser Welt, die Musik, Entertainment, Fun und Fashion genauso lieben wie wir. Der Geschenkgutschein kann ausschlie\u00dflich unter emp.de eingel\u00f6st werden. Geschenkgutscheine sind zeitlich unbegrenzt und nicht an einen Mindestbestellwert gebunden. Die Aktivierung des Geschenkgutscheins erfolgt unmittelbar nach Kauf. F\u00fcr die Einl\u00f6sung des Geschenkgutscheins registriere Dich auf emp.de oder melde Dich mit Deinen gewohnten Nutzerdaten an, falls du bereits Kunde bist. pro Bestellung k\u00f6nnen mehrere Geschenkgutscheine eingel\u00f6st werden. Geschenkgutscheine k\u00f6nnen nicht nachtr\u00e4glich auf deine Bestellung angerechnet werden und sind vom Umtausch ausgeschlossen. Jeglicher gewerblicher oder kommerzieller Weiterverkauf des Gutscheins ohne vorherige Zustimmung von EMP ist unzul\u00e4ssig. EMP \u00fcbernimmt keine Haftung f\u00fcr den Verlust, den Diebstahl, die Besch\u00e4digung, die Unlesbarkeit oder die unbefugte Nutzung des Geschenkgutscheins.<\/p>\n","protected":false},"featured_media":8087,"comment_status":"closed","ping_status":"closed","template":"","meta":{"_exactmetrics_skip_tracking":false,"_exactmetrics_sitenote_active":false,"_exactmetrics_sitenote_note":"","_exactmetrics_sitenote_category":0},"product_cat":[15],"product_tag":[],"class_list":{"0":"post-8086","1":"product","2":"type-product","3":"status-publish","4":"has-post-thumbnail","6":"product_brand-e-m-p-merchandising","7":"product_cat-uncategorized","8":"pa_country-availability-germany","10":"first","11":"instock","12":"shipping-taxable","13":"purchasable","14":"product-type-variable","15":"has-default-attributes"},"yoast_head":"<!-- This site is optimized with the Yoast SEO Premium plugin v20.11 (Yoast SEO v27.3) - https:\/\/yoast.com\/product\/yoast-seo-premium-wordpress\/ -->\n<title>E.M.P. Merchandising DE Online Gift Card (Electronic Delivery) (Germany) - Coincards Europe<\/title>\n<meta name=\"robots\" content=\"index, follow, max-snippet:-1, max-image-preview:large, max-video-preview:-1\" \/>\n<link rel=\"canonical\" href=\"https:\/\/coincards.com\/eu\/product\/e-m-p-merchandising-de-online-gift-card-electronic-delivery-germany\/\" \/>\n<meta property=\"og:locale\" content=\"en_US\" \/>\n<meta property=\"og:type\" content=\"article\" \/>\n<meta property=\"og:title\" content=\"E.M.P. Merchandising DE Online Gift Card (Electronic Delivery) (Germany)\" \/>\n<meta property=\"og:description\" content=\"Werde Teil unserer EMP-Familie und entdecke mit \u00fcber 6 Millionen Gleichgesinnten das Merchandise deiner Lieblingsbands in unserem Rockshop und das Beste aus den Bereichen Entertainment, Gaming, Fashion und Fun. Du suchst Merchandise Artikel und die passenden Klamotten zu deiner Lieblingsband oder -serie? Du bist auf der Suche nach einem tollen Geschenk f\u00fcr Familie und Freunde? Dann bist du im EMP Online Shop genau richtig. \u00dcber 30.000 Artikel warten auf Dich! Wir haben T-Shirts in zahlreichen Ausf\u00fchrungen, Klamotten, Accessoires, Schmuck und mehr f\u00fcr die Fans dieser Welt, die Musik, Entertainment, Fun und Fashion genauso lieben wie wir. Der Geschenkgutschein kann ausschlie\u00dflich unter emp.de eingel\u00f6st werden. Geschenkgutscheine sind zeitlich unbegrenzt und nicht an einen Mindestbestellwert gebunden. Die Aktivierung des Geschenkgutscheins erfolgt unmittelbar nach Kauf. F\u00fcr die Einl\u00f6sung des Geschenkgutscheins registriere Dich auf emp.de oder melde Dich mit Deinen gewohnten Nutzerdaten an, falls du bereits Kunde bist. pro Bestellung k\u00f6nnen mehrere Geschenkgutscheine eingel\u00f6st werden. Geschenkgutscheine k\u00f6nnen nicht nachtr\u00e4glich auf deine Bestellung angerechnet werden und sind vom Umtausch ausgeschlossen. Jeglicher gewerblicher oder kommerzieller Weiterverkauf des Gutscheins ohne vorherige Zustimmung von EMP ist unzul\u00e4ssig. EMP \u00fcbernimmt keine Haftung f\u00fcr den Verlust, den Diebstahl, die Besch\u00e4digung, die Unlesbarkeit oder die unbefugte Nutzung des Geschenkgutscheins.\" \/>\n<meta property=\"og:url\" content=\"https:\/\/coincards.com\/eu\/product\/e-m-p-merchandising-de-online-gift-card-electronic-delivery-germany\/\" \/>\n<meta property=\"og:site_name\" content=\"Coincards Europe\" \/>\n<meta property=\"article:modified_time\" content=\"2026-05-08T20:12:29+00:00\" \/>\n<meta property=\"og:image\" content=\"https:\/\/assets.coincards.com\/wp-content\/uploads\/sites\/6\/2025\/12\/03135154\/emp.jpg\" \/>\n\t<meta property=\"og:image:width\" content=\"330\" \/>\n\t<meta property=\"og:image:height\" content=\"214\" \/>\n\t<meta property=\"og:image:type\" content=\"image\/jpeg\" \/>\n<meta name=\"twitter:card\" content=\"summary_large_image\" \/>\n<meta name=\"twitter:label1\" content=\"Availability\" \/>\n\t<meta name=\"twitter:data1\" content=\"In stock\" \/>\n<script type=\"application\/ld+json\" class=\"yoast-schema-graph\">{\"@context\":\"https:\\\/\\\/schema.org\",\"@graph\":[{\"@type\":\"WebPage\",\"@id\":\"https:\\\/\\\/coincards.com\\\/eu\\\/product\\\/e-m-p-merchandising-de-online-gift-card-electronic-delivery-germany\\\/\",\"url\":\"https:\\\/\\\/coincards.com\\\/eu\\\/product\\\/e-m-p-merchandising-de-online-gift-card-electronic-delivery-germany\\\/\",\"name\":\"E.M.P. Merchandising DE Online Gift Card (Electronic Delivery) (Germany) - Coincards Europe\",\"isPartOf\":{\"@id\":\"https:\\\/\\\/coincards.com\\\/eu\\\/#website\"},\"primaryImageOfPage\":{\"@id\":\"https:\\\/\\\/coincards.com\\\/eu\\\/product\\\/e-m-p-merchandising-de-online-gift-card-electronic-delivery-germany\\\/#primaryimage\"},\"image\":{\"@id\":\"https:\\\/\\\/coincards.com\\\/eu\\\/product\\\/e-m-p-merchandising-de-online-gift-card-electronic-delivery-germany\\\/#primaryimage\"},\"thumbnailUrl\":\"https:\\\/\\\/assets.coincards.com\\\/wp-content\\\/uploads\\\/sites\\\/6\\\/2025\\\/12\\\/03135154\\\/emp.jpg\",\"datePublished\":\"2025-12-03T21:53:50+00:00\",\"dateModified\":\"2026-05-08T20:12:29+00:00\",\"breadcrumb\":{\"@id\":\"https:\\\/\\\/coincards.com\\\/eu\\\/product\\\/e-m-p-merchandising-de-online-gift-card-electronic-delivery-germany\\\/#breadcrumb\"},\"inLanguage\":\"en-CA\",\"potentialAction\":[{\"@type\":\"ReadAction\",\"target\":[\"https:\\\/\\\/coincards.com\\\/eu\\\/product\\\/e-m-p-merchandising-de-online-gift-card-electronic-delivery-germany\\\/\"]}]},{\"@type\":\"ImageObject\",\"inLanguage\":\"en-CA\",\"@id\":\"https:\\\/\\\/coincards.com\\\/eu\\\/product\\\/e-m-p-merchandising-de-online-gift-card-electronic-delivery-germany\\\/#primaryimage\",\"url\":\"https:\\\/\\\/assets.coincards.com\\\/wp-content\\\/uploads\\\/sites\\\/6\\\/2025\\\/12\\\/03135154\\\/emp.jpg\",\"contentUrl\":\"https:\\\/\\\/assets.coincards.com\\\/wp-content\\\/uploads\\\/sites\\\/6\\\/2025\\\/12\\\/03135154\\\/emp.jpg\",\"width\":330,\"height\":214},{\"@type\":\"BreadcrumbList\",\"@id\":\"https:\\\/\\\/coincards.com\\\/eu\\\/product\\\/e-m-p-merchandising-de-online-gift-card-electronic-delivery-germany\\\/#breadcrumb\",\"itemListElement\":[{\"@type\":\"ListItem\",\"position\":1,\"name\":\"Home\",\"item\":\"https:\\\/\\\/coincards.com\\\/eu\\\/\"},{\"@type\":\"ListItem\",\"position\":2,\"name\":\"All Gift Cards\",\"item\":\"https:\\\/\\\/coincards.com\\\/eu\\\/all-gift-cards\\\/\"},{\"@type\":\"ListItem\",\"position\":3,\"name\":\"E.M.P. Merchandising DE Online Gift Card (Electronic Delivery) (Germany)\"}]},{\"@type\":\"WebSite\",\"@id\":\"https:\\\/\\\/coincards.com\\\/eu\\\/#website\",\"url\":\"https:\\\/\\\/coincards.com\\\/eu\\\/\",\"name\":\"Coincards Europe\",\"description\":\"Austrlia&#039;s #1 Cryptocurrency to Gift Card Exchange Service\",\"potentialAction\":[{\"@type\":\"SearchAction\",\"target\":{\"@type\":\"EntryPoint\",\"urlTemplate\":\"https:\\\/\\\/coincards.com\\\/eu\\\/?s={search_term_string}\"},\"query-input\":{\"@type\":\"PropertyValueSpecification\",\"valueRequired\":true,\"valueName\":\"search_term_string\"}}],\"inLanguage\":\"en-CA\"}]}<\/script>\n<meta property=\"og:availability\" content=\"instock\" \/>\n<meta property=\"product:availability\" content=\"instock\" \/>\n<meta property=\"product:condition\" content=\"new\" \/>\n<!-- \/ Yoast SEO Premium plugin. -->","yoast_head_json":{"title":"E.M.P. Merchandising DE Online Gift Card (Electronic Delivery) (Germany) - Coincards Europe","robots":{"index":"index","follow":"follow","max-snippet":"max-snippet:-1","max-image-preview":"max-image-preview:large","max-video-preview":"max-video-preview:-1"},"canonical":"https:\/\/coincards.com\/eu\/product\/e-m-p-merchandising-de-online-gift-card-electronic-delivery-germany\/","og_locale":"en_US","og_type":"article","og_title":"E.M.P. Merchandising DE Online Gift Card (Electronic Delivery) (Germany)","og_description":"Werde Teil unserer EMP-Familie und entdecke mit \u00fcber 6 Millionen Gleichgesinnten das Merchandise deiner Lieblingsbands in unserem Rockshop und das Beste aus den Bereichen Entertainment, Gaming, Fashion und Fun. Du suchst Merchandise Artikel und die passenden Klamotten zu deiner Lieblingsband oder -serie? Du bist auf der Suche nach einem tollen Geschenk f\u00fcr Familie und Freunde? Dann bist du im EMP Online Shop genau richtig. \u00dcber 30.000 Artikel warten auf Dich! Wir haben T-Shirts in zahlreichen Ausf\u00fchrungen, Klamotten, Accessoires, Schmuck und mehr f\u00fcr die Fans dieser Welt, die Musik, Entertainment, Fun und Fashion genauso lieben wie wir. Der Geschenkgutschein kann ausschlie\u00dflich unter emp.de eingel\u00f6st werden. Geschenkgutscheine sind zeitlich unbegrenzt und nicht an einen Mindestbestellwert gebunden. Die Aktivierung des Geschenkgutscheins erfolgt unmittelbar nach Kauf. F\u00fcr die Einl\u00f6sung des Geschenkgutscheins registriere Dich auf emp.de oder melde Dich mit Deinen gewohnten Nutzerdaten an, falls du bereits Kunde bist. pro Bestellung k\u00f6nnen mehrere Geschenkgutscheine eingel\u00f6st werden. Geschenkgutscheine k\u00f6nnen nicht nachtr\u00e4glich auf deine Bestellung angerechnet werden und sind vom Umtausch ausgeschlossen. Jeglicher gewerblicher oder kommerzieller Weiterverkauf des Gutscheins ohne vorherige Zustimmung von EMP ist unzul\u00e4ssig. EMP \u00fcbernimmt keine Haftung f\u00fcr den Verlust, den Diebstahl, die Besch\u00e4digung, die Unlesbarkeit oder die unbefugte Nutzung des Geschenkgutscheins.","og_url":"https:\/\/coincards.com\/eu\/product\/e-m-p-merchandising-de-online-gift-card-electronic-delivery-germany\/","og_site_name":"Coincards Europe","article_modified_time":"2026-05-08T20:12:29+00:00","og_image":[{"width":330,"height":214,"url":"https:\/\/assets.coincards.com\/wp-content\/uploads\/sites\/6\/2025\/12\/03135154\/emp.jpg","type":"image\/jpeg"}],"twitter_card":"summary_large_image","twitter_misc":{"Availability":"In stock"},"schema":{"@context":"https:\/\/schema.org","@graph":[{"@type":"WebPage","@id":"https:\/\/coincards.com\/eu\/product\/e-m-p-merchandising-de-online-gift-card-electronic-delivery-germany\/","url":"https:\/\/coincards.com\/eu\/product\/e-m-p-merchandising-de-online-gift-card-electronic-delivery-germany\/","name":"E.M.P. Merchandising DE Online Gift Card (Electronic Delivery) (Germany) - Coincards Europe","isPartOf":{"@id":"https:\/\/coincards.com\/eu\/#website"},"primaryImageOfPage":{"@id":"https:\/\/coincards.com\/eu\/product\/e-m-p-merchandising-de-online-gift-card-electronic-delivery-germany\/#primaryimage"},"image":{"@id":"https:\/\/coincards.com\/eu\/product\/e-m-p-merchandising-de-online-gift-card-electronic-delivery-germany\/#primaryimage"},"thumbnailUrl":"https:\/\/assets.coincards.com\/wp-content\/uploads\/sites\/6\/2025\/12\/03135154\/emp.jpg","datePublished":"2025-12-03T21:53:50+00:00","dateModified":"2026-05-08T20:12:29+00:00","breadcrumb":{"@id":"https:\/\/coincards.com\/eu\/product\/e-m-p-merchandising-de-online-gift-card-electronic-delivery-germany\/#breadcrumb"},"inLanguage":"en-CA","potentialAction":[{"@type":"ReadAction","target":["https:\/\/coincards.com\/eu\/product\/e-m-p-merchandising-de-online-gift-card-electronic-delivery-germany\/"]}]},{"@type":"ImageObject","inLanguage":"en-CA","@id":"https:\/\/coincards.com\/eu\/product\/e-m-p-merchandising-de-online-gift-card-electronic-delivery-germany\/#primaryimage","url":"https:\/\/assets.coincards.com\/wp-content\/uploads\/sites\/6\/2025\/12\/03135154\/emp.jpg","contentUrl":"https:\/\/assets.coincards.com\/wp-content\/uploads\/sites\/6\/2025\/12\/03135154\/emp.jpg","width":330,"height":214},{"@type":"BreadcrumbList","@id":"https:\/\/coincards.com\/eu\/product\/e-m-p-merchandising-de-online-gift-card-electronic-delivery-germany\/#breadcrumb","itemListElement":[{"@type":"ListItem","position":1,"name":"Home","item":"https:\/\/coincards.com\/eu\/"},{"@type":"ListItem","position":2,"name":"All Gift Cards","item":"https:\/\/coincards.com\/eu\/all-gift-cards\/"},{"@type":"ListItem","position":3,"name":"E.M.P. Merchandising DE Online Gift Card (Electronic Delivery) (Germany)"}]},{"@type":"WebSite","@id":"https:\/\/coincards.com\/eu\/#website","url":"https:\/\/coincards.com\/eu\/","name":"Coincards Europe","description":"Austrlia&#039;s #1 Cryptocurrency to Gift Card Exchange Service","potentialAction":[{"@type":"SearchAction","target":{"@type":"EntryPoint","urlTemplate":"https:\/\/coincards.com\/eu\/?s={search_term_string}"},"query-input":{"@type":"PropertyValueSpecification","valueRequired":true,"valueName":"search_term_string"}}],"inLanguage":"en-CA"}]},"og_availability":"instock","product_availability":"instock","product_condition":"new"},"_links":{"self":[{"href":"https:\/\/coincards.com\/eu\/wp-json\/wp\/v2\/product\/8086","targetHints":{"allow":["GET"]}}],"collection":[{"href":"https:\/\/coincards.com\/eu\/wp-json\/wp\/v2\/product"}],"about":[{"href":"https:\/\/coincards.com\/eu\/wp-json\/wp\/v2\/types\/product"}],"replies":[{"embeddable":true,"href":"https:\/\/coincards.com\/eu\/wp-json\/wp\/v2\/comments?post=8086"}],"wp:featuredmedia":[{"embeddable":true,"href":"https:\/\/coincards.com\/eu\/wp-json\/wp\/v2\/media\/8087"}],"wp:attachment":[{"href":"https:\/\/coincards.com\/eu\/wp-json\/wp\/v2\/media?parent=8086"}],"wp:term":[{"taxonomy":"product_cat","embeddable":true,"href":"https:\/\/coincards.com\/eu\/wp-json\/wp\/v2\/product_cat?post=8086"},{"taxonomy":"product_tag","embeddable":true,"href":"https:\/\/coincards.com\/eu\/wp-json\/wp\/v2\/product_tag?post=8086"}],"curies":[{"name":"wp","href":"https:\/\/api.w.org\/{rel}","templated":true}]}}