{"id":8015,"date":"2025-12-03T12:25:47","date_gmt":"2025-12-03T20:25:47","guid":{"rendered":"https:\/\/coincards.com\/eu\/?post_type=product&#038;p=8015"},"modified":"2026-04-10T11:59:43","modified_gmt":"2026-04-10T19:59:43","slug":"amorelie-de-online-gift-card-electronic-delivery-germany","status":"publish","type":"product","link":"https:\/\/coincards.com\/eu\/product\/amorelie-de-online-gift-card-electronic-delivery-germany\/","title":{"rendered":"Amorelie DE Online Gift Card (Electronic Delivery) (Germany)"},"content":{"rendered":"","protected":false},"excerpt":{"rendered":"<p>Als eine der f\u00fchrenden Marken f\u00fcr das Liebesleben hat AMORELIE seit der Gr\u00fcndung im Jahr 2013 eine ganze Branche revolutioniert und dazu beigetragen, dass der Umgang mit Themen wie Sinnlichkeit und Sexualit\u00e4t selbstverst\u00e4ndlich geworden ist. AMORELIE bietet Frauen sowie M\u00e4nnern, Singles und Paaren eine erotische Themenwelt, in der sie neben Lovetoys auch K\u00f6rperkosmetik, Dessous und sinnliche Accessoires entdecken k\u00f6nnen.<\/p>\n","protected":false},"featured_media":8016,"comment_status":"closed","ping_status":"closed","template":"","meta":{"_exactmetrics_skip_tracking":false,"_exactmetrics_sitenote_active":false,"_exactmetrics_sitenote_note":"","_exactmetrics_sitenote_category":0},"product_cat":[15],"product_tag":[],"class_list":{"0":"post-8015","1":"product","2":"type-product","3":"status-publish","4":"has-post-thumbnail","6":"product_brand-amorelie","7":"product_cat-uncategorized","8":"pa_country-availability-germany","10":"first","11":"instock","12":"shipping-taxable","13":"purchasable","14":"product-type-variable","15":"has-default-attributes"},"yoast_head":"<!-- This site is optimized with the Yoast SEO Premium plugin v20.11 (Yoast SEO v27.3) - https:\/\/yoast.com\/product\/yoast-seo-premium-wordpress\/ -->\n<title>Amorelie DE Online Gift Card (Electronic Delivery) (Germany) - Coincards Europe<\/title>\n<meta name=\"robots\" content=\"index, follow, max-snippet:-1, max-image-preview:large, max-video-preview:-1\" \/>\n<link rel=\"canonical\" href=\"https:\/\/coincards.com\/eu\/product\/amorelie-de-online-gift-card-electronic-delivery-germany\/\" \/>\n<meta property=\"og:locale\" content=\"en_US\" \/>\n<meta property=\"og:type\" content=\"article\" \/>\n<meta property=\"og:title\" content=\"Amorelie DE Online Gift Card (Electronic Delivery) (Germany)\" \/>\n<meta property=\"og:description\" content=\"Als eine der f\u00fchrenden Marken f\u00fcr das Liebesleben hat AMORELIE seit der Gr\u00fcndung im Jahr 2013 eine ganze Branche revolutioniert und dazu beigetragen, dass der Umgang mit Themen wie Sinnlichkeit und Sexualit\u00e4t selbstverst\u00e4ndlich geworden ist. AMORELIE bietet Frauen sowie M\u00e4nnern, Singles und Paaren eine erotische Themenwelt, in der sie neben Lovetoys auch K\u00f6rperkosmetik, Dessous und sinnliche Accessoires entdecken k\u00f6nnen.\" \/>\n<meta property=\"og:url\" content=\"https:\/\/coincards.com\/eu\/product\/amorelie-de-online-gift-card-electronic-delivery-germany\/\" \/>\n<meta property=\"og:site_name\" content=\"Coincards Europe\" \/>\n<meta property=\"article:modified_time\" content=\"2026-04-10T19:59:43+00:00\" \/>\n<meta property=\"og:image\" content=\"https:\/\/assets.coincards.com\/wp-content\/uploads\/sites\/6\/2025\/12\/03122203\/amorelie.jpg\" \/>\n\t<meta property=\"og:image:width\" content=\"330\" \/>\n\t<meta property=\"og:image:height\" content=\"214\" \/>\n\t<meta property=\"og:image:type\" content=\"image\/jpeg\" \/>\n<meta name=\"twitter:card\" content=\"summary_large_image\" \/>\n<meta name=\"twitter:label1\" content=\"Availability\" \/>\n\t<meta name=\"twitter:data1\" content=\"In stock\" \/>\n<script type=\"application\/ld+json\" class=\"yoast-schema-graph\">{\"@context\":\"https:\\\/\\\/schema.org\",\"@graph\":[{\"@type\":\"WebPage\",\"@id\":\"https:\\\/\\\/coincards.com\\\/eu\\\/product\\\/amorelie-de-online-gift-card-electronic-delivery-germany\\\/\",\"url\":\"https:\\\/\\\/coincards.com\\\/eu\\\/product\\\/amorelie-de-online-gift-card-electronic-delivery-germany\\\/\",\"name\":\"Amorelie DE Online Gift Card (Electronic Delivery) (Germany) - Coincards Europe\",\"isPartOf\":{\"@id\":\"https:\\\/\\\/coincards.com\\\/eu\\\/#website\"},\"primaryImageOfPage\":{\"@id\":\"https:\\\/\\\/coincards.com\\\/eu\\\/product\\\/amorelie-de-online-gift-card-electronic-delivery-germany\\\/#primaryimage\"},\"image\":{\"@id\":\"https:\\\/\\\/coincards.com\\\/eu\\\/product\\\/amorelie-de-online-gift-card-electronic-delivery-germany\\\/#primaryimage\"},\"thumbnailUrl\":\"https:\\\/\\\/assets.coincards.com\\\/wp-content\\\/uploads\\\/sites\\\/6\\\/2025\\\/12\\\/03122203\\\/amorelie.jpg\",\"datePublished\":\"2025-12-03T20:25:47+00:00\",\"dateModified\":\"2026-04-10T19:59:43+00:00\",\"breadcrumb\":{\"@id\":\"https:\\\/\\\/coincards.com\\\/eu\\\/product\\\/amorelie-de-online-gift-card-electronic-delivery-germany\\\/#breadcrumb\"},\"inLanguage\":\"en-CA\",\"potentialAction\":[{\"@type\":\"ReadAction\",\"target\":[\"https:\\\/\\\/coincards.com\\\/eu\\\/product\\\/amorelie-de-online-gift-card-electronic-delivery-germany\\\/\"]}]},{\"@type\":\"ImageObject\",\"inLanguage\":\"en-CA\",\"@id\":\"https:\\\/\\\/coincards.com\\\/eu\\\/product\\\/amorelie-de-online-gift-card-electronic-delivery-germany\\\/#primaryimage\",\"url\":\"https:\\\/\\\/assets.coincards.com\\\/wp-content\\\/uploads\\\/sites\\\/6\\\/2025\\\/12\\\/03122203\\\/amorelie.jpg\",\"contentUrl\":\"https:\\\/\\\/assets.coincards.com\\\/wp-content\\\/uploads\\\/sites\\\/6\\\/2025\\\/12\\\/03122203\\\/amorelie.jpg\",\"width\":330,\"height\":214},{\"@type\":\"BreadcrumbList\",\"@id\":\"https:\\\/\\\/coincards.com\\\/eu\\\/product\\\/amorelie-de-online-gift-card-electronic-delivery-germany\\\/#breadcrumb\",\"itemListElement\":[{\"@type\":\"ListItem\",\"position\":1,\"name\":\"Home\",\"item\":\"https:\\\/\\\/coincards.com\\\/eu\\\/\"},{\"@type\":\"ListItem\",\"position\":2,\"name\":\"All Gift Cards\",\"item\":\"https:\\\/\\\/coincards.com\\\/eu\\\/all-gift-cards\\\/\"},{\"@type\":\"ListItem\",\"position\":3,\"name\":\"Amorelie DE Online Gift Card (Electronic Delivery) (Germany)\"}]},{\"@type\":\"WebSite\",\"@id\":\"https:\\\/\\\/coincards.com\\\/eu\\\/#website\",\"url\":\"https:\\\/\\\/coincards.com\\\/eu\\\/\",\"name\":\"Coincards Europe\",\"description\":\"Austrlia&#039;s #1 Cryptocurrency to Gift Card Exchange Service\",\"potentialAction\":[{\"@type\":\"SearchAction\",\"target\":{\"@type\":\"EntryPoint\",\"urlTemplate\":\"https:\\\/\\\/coincards.com\\\/eu\\\/?s={search_term_string}\"},\"query-input\":{\"@type\":\"PropertyValueSpecification\",\"valueRequired\":true,\"valueName\":\"search_term_string\"}}],\"inLanguage\":\"en-CA\"}]}<\/script>\n<meta property=\"og:availability\" content=\"instock\" \/>\n<meta property=\"product:availability\" content=\"instock\" \/>\n<meta property=\"product:condition\" content=\"new\" \/>\n<!-- \/ Yoast SEO Premium plugin. -->","yoast_head_json":{"title":"Amorelie DE Online Gift Card (Electronic Delivery) (Germany) - Coincards Europe","robots":{"index":"index","follow":"follow","max-snippet":"max-snippet:-1","max-image-preview":"max-image-preview:large","max-video-preview":"max-video-preview:-1"},"canonical":"https:\/\/coincards.com\/eu\/product\/amorelie-de-online-gift-card-electronic-delivery-germany\/","og_locale":"en_US","og_type":"article","og_title":"Amorelie DE Online Gift Card (Electronic Delivery) (Germany)","og_description":"Als eine der f\u00fchrenden Marken f\u00fcr das Liebesleben hat AMORELIE seit der Gr\u00fcndung im Jahr 2013 eine ganze Branche revolutioniert und dazu beigetragen, dass der Umgang mit Themen wie Sinnlichkeit und Sexualit\u00e4t selbstverst\u00e4ndlich geworden ist. AMORELIE bietet Frauen sowie M\u00e4nnern, Singles und Paaren eine erotische Themenwelt, in der sie neben Lovetoys auch K\u00f6rperkosmetik, Dessous und sinnliche Accessoires entdecken k\u00f6nnen.","og_url":"https:\/\/coincards.com\/eu\/product\/amorelie-de-online-gift-card-electronic-delivery-germany\/","og_site_name":"Coincards Europe","article_modified_time":"2026-04-10T19:59:43+00:00","og_image":[{"width":330,"height":214,"url":"https:\/\/assets.coincards.com\/wp-content\/uploads\/sites\/6\/2025\/12\/03122203\/amorelie.jpg","type":"image\/jpeg"}],"twitter_card":"summary_large_image","twitter_misc":{"Availability":"In stock"},"schema":{"@context":"https:\/\/schema.org","@graph":[{"@type":"WebPage","@id":"https:\/\/coincards.com\/eu\/product\/amorelie-de-online-gift-card-electronic-delivery-germany\/","url":"https:\/\/coincards.com\/eu\/product\/amorelie-de-online-gift-card-electronic-delivery-germany\/","name":"Amorelie DE Online Gift Card (Electronic Delivery) (Germany) - Coincards Europe","isPartOf":{"@id":"https:\/\/coincards.com\/eu\/#website"},"primaryImageOfPage":{"@id":"https:\/\/coincards.com\/eu\/product\/amorelie-de-online-gift-card-electronic-delivery-germany\/#primaryimage"},"image":{"@id":"https:\/\/coincards.com\/eu\/product\/amorelie-de-online-gift-card-electronic-delivery-germany\/#primaryimage"},"thumbnailUrl":"https:\/\/assets.coincards.com\/wp-content\/uploads\/sites\/6\/2025\/12\/03122203\/amorelie.jpg","datePublished":"2025-12-03T20:25:47+00:00","dateModified":"2026-04-10T19:59:43+00:00","breadcrumb":{"@id":"https:\/\/coincards.com\/eu\/product\/amorelie-de-online-gift-card-electronic-delivery-germany\/#breadcrumb"},"inLanguage":"en-CA","potentialAction":[{"@type":"ReadAction","target":["https:\/\/coincards.com\/eu\/product\/amorelie-de-online-gift-card-electronic-delivery-germany\/"]}]},{"@type":"ImageObject","inLanguage":"en-CA","@id":"https:\/\/coincards.com\/eu\/product\/amorelie-de-online-gift-card-electronic-delivery-germany\/#primaryimage","url":"https:\/\/assets.coincards.com\/wp-content\/uploads\/sites\/6\/2025\/12\/03122203\/amorelie.jpg","contentUrl":"https:\/\/assets.coincards.com\/wp-content\/uploads\/sites\/6\/2025\/12\/03122203\/amorelie.jpg","width":330,"height":214},{"@type":"BreadcrumbList","@id":"https:\/\/coincards.com\/eu\/product\/amorelie-de-online-gift-card-electronic-delivery-germany\/#breadcrumb","itemListElement":[{"@type":"ListItem","position":1,"name":"Home","item":"https:\/\/coincards.com\/eu\/"},{"@type":"ListItem","position":2,"name":"All Gift Cards","item":"https:\/\/coincards.com\/eu\/all-gift-cards\/"},{"@type":"ListItem","position":3,"name":"Amorelie DE Online Gift Card (Electronic Delivery) (Germany)"}]},{"@type":"WebSite","@id":"https:\/\/coincards.com\/eu\/#website","url":"https:\/\/coincards.com\/eu\/","name":"Coincards Europe","description":"Austrlia&#039;s #1 Cryptocurrency to Gift Card Exchange Service","potentialAction":[{"@type":"SearchAction","target":{"@type":"EntryPoint","urlTemplate":"https:\/\/coincards.com\/eu\/?s={search_term_string}"},"query-input":{"@type":"PropertyValueSpecification","valueRequired":true,"valueName":"search_term_string"}}],"inLanguage":"en-CA"}]},"og_availability":"instock","product_availability":"instock","product_condition":"new"},"_links":{"self":[{"href":"https:\/\/coincards.com\/eu\/wp-json\/wp\/v2\/product\/8015","targetHints":{"allow":["GET"]}}],"collection":[{"href":"https:\/\/coincards.com\/eu\/wp-json\/wp\/v2\/product"}],"about":[{"href":"https:\/\/coincards.com\/eu\/wp-json\/wp\/v2\/types\/product"}],"replies":[{"embeddable":true,"href":"https:\/\/coincards.com\/eu\/wp-json\/wp\/v2\/comments?post=8015"}],"wp:featuredmedia":[{"embeddable":true,"href":"https:\/\/coincards.com\/eu\/wp-json\/wp\/v2\/media\/8016"}],"wp:attachment":[{"href":"https:\/\/coincards.com\/eu\/wp-json\/wp\/v2\/media?parent=8015"}],"wp:term":[{"taxonomy":"product_cat","embeddable":true,"href":"https:\/\/coincards.com\/eu\/wp-json\/wp\/v2\/product_cat?post=8015"},{"taxonomy":"product_tag","embeddable":true,"href":"https:\/\/coincards.com\/eu\/wp-json\/wp\/v2\/product_tag?post=8015"}],"curies":[{"name":"wp","href":"https:\/\/api.w.org\/{rel}","templated":true}]}}