{"id":7977,"date":"2025-12-03T11:30:23","date_gmt":"2025-12-03T19:30:23","guid":{"rendered":"https:\/\/coincards.com\/eu\/?post_type=product&#038;p=7977"},"modified":"2026-04-17T12:40:07","modified_gmt":"2026-04-17T20:40:07","slug":"nintendo-switch-online-gift-card-electronic-delivery-finland","status":"publish","type":"product","link":"https:\/\/coincards.com\/eu\/product\/nintendo-switch-online-gift-card-electronic-delivery-finland\/","title":{"rendered":"Nintendo Switch Online Gift Card (Electronic Delivery) (Finland)"},"content":{"rendered":"","protected":false},"excerpt":{"rendered":"<div>\n<div>Paranna pelikokemustasi! Verkkopelaaminen Sukella yhteistoiminnallisiin ja kilpailuhenkisiin peleihin verkossa NES\u2122 ja Super NES\u2122 Nintendo Switch Online Pelaa yh\u00e4 useampia perinteisi\u00e4 pelej\u00e4 online-tilassa Save Data Cloud Tee pilvi-varmuuskopioita tallennetuista tiedoistasi ja paljon muuta Nintendo Switch Online app Ole yhteydess\u00e4 kavereihin \u00e4lypuhelimen tai tabletin sovelluksella Ainutlaatuisia tarjouksia j\u00e4senille Nauti tarjouksista, jotka ovat saatavilla vain j\u00e4senille.<\/div>\n<\/div>\n","protected":false},"featured_media":7980,"comment_status":"closed","ping_status":"closed","template":"","meta":{"_exactmetrics_skip_tracking":false,"_exactmetrics_sitenote_active":false,"_exactmetrics_sitenote_note":"","_exactmetrics_sitenote_category":0},"product_cat":[20],"product_tag":[],"class_list":{"0":"post-7977","1":"product","2":"type-product","3":"status-publish","4":"has-post-thumbnail","6":"product_brand-nintendo-switch","7":"product_cat-electronic-gift-cards","8":"pa_country-availability-finland","10":"first","11":"instock","12":"shipping-taxable","13":"purchasable","14":"product-type-variable"},"yoast_head":"<!-- This site is optimized with the Yoast SEO Premium plugin v20.11 (Yoast SEO v27.3) - https:\/\/yoast.com\/product\/yoast-seo-premium-wordpress\/ -->\n<title>Nintendo Switch Online Gift Card (Electronic Delivery) (Finland) - Coincards Europe<\/title>\n<meta name=\"robots\" content=\"index, follow, max-snippet:-1, max-image-preview:large, max-video-preview:-1\" \/>\n<link rel=\"canonical\" href=\"https:\/\/coincards.com\/eu\/product\/nintendo-switch-online-gift-card-electronic-delivery-finland\/\" \/>\n<meta property=\"og:locale\" content=\"en_US\" \/>\n<meta property=\"og:type\" content=\"article\" \/>\n<meta property=\"og:title\" content=\"Nintendo Switch Online Gift Card (Electronic Delivery) (Finland)\" \/>\n<meta property=\"og:description\" content=\"Paranna pelikokemustasi! Verkkopelaaminen Sukella yhteistoiminnallisiin ja kilpailuhenkisiin peleihin verkossa NES\u2122 ja Super NES\u2122 Nintendo Switch Online Pelaa yh\u00e4 useampia perinteisi\u00e4 pelej\u00e4 online-tilassa Save Data Cloud Tee pilvi-varmuuskopioita tallennetuista tiedoistasi ja paljon muuta Nintendo Switch Online app Ole yhteydess\u00e4 kavereihin \u00e4lypuhelimen tai tabletin sovelluksella Ainutlaatuisia tarjouksia j\u00e4senille Nauti tarjouksista, jotka ovat saatavilla vain j\u00e4senille.\" \/>\n<meta property=\"og:url\" content=\"https:\/\/coincards.com\/eu\/product\/nintendo-switch-online-gift-card-electronic-delivery-finland\/\" \/>\n<meta property=\"og:site_name\" content=\"Coincards Europe\" \/>\n<meta property=\"article:modified_time\" content=\"2026-04-17T20:40:07+00:00\" \/>\n<meta property=\"og:image\" content=\"https:\/\/assets.coincards.com\/wp-content\/uploads\/sites\/6\/2025\/12\/03113228\/switch.jpg\" \/>\n\t<meta property=\"og:image:width\" content=\"330\" \/>\n\t<meta property=\"og:image:height\" content=\"214\" \/>\n\t<meta property=\"og:image:type\" content=\"image\/jpeg\" \/>\n<meta name=\"twitter:card\" content=\"summary_large_image\" \/>\n<meta name=\"twitter:label1\" content=\"Availability\" \/>\n\t<meta name=\"twitter:data1\" content=\"In stock\" \/>\n<script type=\"application\/ld+json\" class=\"yoast-schema-graph\">{\"@context\":\"https:\\\/\\\/schema.org\",\"@graph\":[{\"@type\":\"WebPage\",\"@id\":\"https:\\\/\\\/coincards.com\\\/eu\\\/product\\\/nintendo-switch-online-gift-card-electronic-delivery-finland\\\/\",\"url\":\"https:\\\/\\\/coincards.com\\\/eu\\\/product\\\/nintendo-switch-online-gift-card-electronic-delivery-finland\\\/\",\"name\":\"Nintendo Switch Online Gift Card (Electronic Delivery) (Finland) - Coincards Europe\",\"isPartOf\":{\"@id\":\"https:\\\/\\\/coincards.com\\\/eu\\\/#website\"},\"primaryImageOfPage\":{\"@id\":\"https:\\\/\\\/coincards.com\\\/eu\\\/product\\\/nintendo-switch-online-gift-card-electronic-delivery-finland\\\/#primaryimage\"},\"image\":{\"@id\":\"https:\\\/\\\/coincards.com\\\/eu\\\/product\\\/nintendo-switch-online-gift-card-electronic-delivery-finland\\\/#primaryimage\"},\"thumbnailUrl\":\"https:\\\/\\\/assets.coincards.com\\\/wp-content\\\/uploads\\\/sites\\\/6\\\/2025\\\/12\\\/03113228\\\/switch.jpg\",\"datePublished\":\"2025-12-03T19:30:23+00:00\",\"dateModified\":\"2026-04-17T20:40:07+00:00\",\"breadcrumb\":{\"@id\":\"https:\\\/\\\/coincards.com\\\/eu\\\/product\\\/nintendo-switch-online-gift-card-electronic-delivery-finland\\\/#breadcrumb\"},\"inLanguage\":\"en-CA\",\"potentialAction\":[{\"@type\":\"ReadAction\",\"target\":[\"https:\\\/\\\/coincards.com\\\/eu\\\/product\\\/nintendo-switch-online-gift-card-electronic-delivery-finland\\\/\"]}]},{\"@type\":\"ImageObject\",\"inLanguage\":\"en-CA\",\"@id\":\"https:\\\/\\\/coincards.com\\\/eu\\\/product\\\/nintendo-switch-online-gift-card-electronic-delivery-finland\\\/#primaryimage\",\"url\":\"https:\\\/\\\/assets.coincards.com\\\/wp-content\\\/uploads\\\/sites\\\/6\\\/2025\\\/12\\\/03113228\\\/switch.jpg\",\"contentUrl\":\"https:\\\/\\\/assets.coincards.com\\\/wp-content\\\/uploads\\\/sites\\\/6\\\/2025\\\/12\\\/03113228\\\/switch.jpg\",\"width\":330,\"height\":214},{\"@type\":\"BreadcrumbList\",\"@id\":\"https:\\\/\\\/coincards.com\\\/eu\\\/product\\\/nintendo-switch-online-gift-card-electronic-delivery-finland\\\/#breadcrumb\",\"itemListElement\":[{\"@type\":\"ListItem\",\"position\":1,\"name\":\"Home\",\"item\":\"https:\\\/\\\/coincards.com\\\/eu\\\/\"},{\"@type\":\"ListItem\",\"position\":2,\"name\":\"All Gift Cards\",\"item\":\"https:\\\/\\\/coincards.com\\\/eu\\\/all-gift-cards\\\/\"},{\"@type\":\"ListItem\",\"position\":3,\"name\":\"Nintendo Switch Online Gift Card (Electronic Delivery) (Finland)\"}]},{\"@type\":\"WebSite\",\"@id\":\"https:\\\/\\\/coincards.com\\\/eu\\\/#website\",\"url\":\"https:\\\/\\\/coincards.com\\\/eu\\\/\",\"name\":\"Coincards Europe\",\"description\":\"Austrlia&#039;s #1 Cryptocurrency to Gift Card Exchange Service\",\"potentialAction\":[{\"@type\":\"SearchAction\",\"target\":{\"@type\":\"EntryPoint\",\"urlTemplate\":\"https:\\\/\\\/coincards.com\\\/eu\\\/?s={search_term_string}\"},\"query-input\":{\"@type\":\"PropertyValueSpecification\",\"valueRequired\":true,\"valueName\":\"search_term_string\"}}],\"inLanguage\":\"en-CA\"}]}<\/script>\n<meta property=\"og:availability\" content=\"instock\" \/>\n<meta property=\"product:availability\" content=\"instock\" \/>\n<meta property=\"product:condition\" content=\"new\" \/>\n<!-- \/ Yoast SEO Premium plugin. -->","yoast_head_json":{"title":"Nintendo Switch Online Gift Card (Electronic Delivery) (Finland) - Coincards Europe","robots":{"index":"index","follow":"follow","max-snippet":"max-snippet:-1","max-image-preview":"max-image-preview:large","max-video-preview":"max-video-preview:-1"},"canonical":"https:\/\/coincards.com\/eu\/product\/nintendo-switch-online-gift-card-electronic-delivery-finland\/","og_locale":"en_US","og_type":"article","og_title":"Nintendo Switch Online Gift Card (Electronic Delivery) (Finland)","og_description":"Paranna pelikokemustasi! Verkkopelaaminen Sukella yhteistoiminnallisiin ja kilpailuhenkisiin peleihin verkossa NES\u2122 ja Super NES\u2122 Nintendo Switch Online Pelaa yh\u00e4 useampia perinteisi\u00e4 pelej\u00e4 online-tilassa Save Data Cloud Tee pilvi-varmuuskopioita tallennetuista tiedoistasi ja paljon muuta Nintendo Switch Online app Ole yhteydess\u00e4 kavereihin \u00e4lypuhelimen tai tabletin sovelluksella Ainutlaatuisia tarjouksia j\u00e4senille Nauti tarjouksista, jotka ovat saatavilla vain j\u00e4senille.","og_url":"https:\/\/coincards.com\/eu\/product\/nintendo-switch-online-gift-card-electronic-delivery-finland\/","og_site_name":"Coincards Europe","article_modified_time":"2026-04-17T20:40:07+00:00","og_image":[{"width":330,"height":214,"url":"https:\/\/assets.coincards.com\/wp-content\/uploads\/sites\/6\/2025\/12\/03113228\/switch.jpg","type":"image\/jpeg"}],"twitter_card":"summary_large_image","twitter_misc":{"Availability":"In stock"},"schema":{"@context":"https:\/\/schema.org","@graph":[{"@type":"WebPage","@id":"https:\/\/coincards.com\/eu\/product\/nintendo-switch-online-gift-card-electronic-delivery-finland\/","url":"https:\/\/coincards.com\/eu\/product\/nintendo-switch-online-gift-card-electronic-delivery-finland\/","name":"Nintendo Switch Online Gift Card (Electronic Delivery) (Finland) - Coincards Europe","isPartOf":{"@id":"https:\/\/coincards.com\/eu\/#website"},"primaryImageOfPage":{"@id":"https:\/\/coincards.com\/eu\/product\/nintendo-switch-online-gift-card-electronic-delivery-finland\/#primaryimage"},"image":{"@id":"https:\/\/coincards.com\/eu\/product\/nintendo-switch-online-gift-card-electronic-delivery-finland\/#primaryimage"},"thumbnailUrl":"https:\/\/assets.coincards.com\/wp-content\/uploads\/sites\/6\/2025\/12\/03113228\/switch.jpg","datePublished":"2025-12-03T19:30:23+00:00","dateModified":"2026-04-17T20:40:07+00:00","breadcrumb":{"@id":"https:\/\/coincards.com\/eu\/product\/nintendo-switch-online-gift-card-electronic-delivery-finland\/#breadcrumb"},"inLanguage":"en-CA","potentialAction":[{"@type":"ReadAction","target":["https:\/\/coincards.com\/eu\/product\/nintendo-switch-online-gift-card-electronic-delivery-finland\/"]}]},{"@type":"ImageObject","inLanguage":"en-CA","@id":"https:\/\/coincards.com\/eu\/product\/nintendo-switch-online-gift-card-electronic-delivery-finland\/#primaryimage","url":"https:\/\/assets.coincards.com\/wp-content\/uploads\/sites\/6\/2025\/12\/03113228\/switch.jpg","contentUrl":"https:\/\/assets.coincards.com\/wp-content\/uploads\/sites\/6\/2025\/12\/03113228\/switch.jpg","width":330,"height":214},{"@type":"BreadcrumbList","@id":"https:\/\/coincards.com\/eu\/product\/nintendo-switch-online-gift-card-electronic-delivery-finland\/#breadcrumb","itemListElement":[{"@type":"ListItem","position":1,"name":"Home","item":"https:\/\/coincards.com\/eu\/"},{"@type":"ListItem","position":2,"name":"All Gift Cards","item":"https:\/\/coincards.com\/eu\/all-gift-cards\/"},{"@type":"ListItem","position":3,"name":"Nintendo Switch Online Gift Card (Electronic Delivery) (Finland)"}]},{"@type":"WebSite","@id":"https:\/\/coincards.com\/eu\/#website","url":"https:\/\/coincards.com\/eu\/","name":"Coincards Europe","description":"Austrlia&#039;s #1 Cryptocurrency to Gift Card Exchange Service","potentialAction":[{"@type":"SearchAction","target":{"@type":"EntryPoint","urlTemplate":"https:\/\/coincards.com\/eu\/?s={search_term_string}"},"query-input":{"@type":"PropertyValueSpecification","valueRequired":true,"valueName":"search_term_string"}}],"inLanguage":"en-CA"}]},"og_availability":"instock","product_availability":"instock","product_condition":"new"},"_links":{"self":[{"href":"https:\/\/coincards.com\/eu\/wp-json\/wp\/v2\/product\/7977","targetHints":{"allow":["GET"]}}],"collection":[{"href":"https:\/\/coincards.com\/eu\/wp-json\/wp\/v2\/product"}],"about":[{"href":"https:\/\/coincards.com\/eu\/wp-json\/wp\/v2\/types\/product"}],"replies":[{"embeddable":true,"href":"https:\/\/coincards.com\/eu\/wp-json\/wp\/v2\/comments?post=7977"}],"wp:featuredmedia":[{"embeddable":true,"href":"https:\/\/coincards.com\/eu\/wp-json\/wp\/v2\/media\/7980"}],"wp:attachment":[{"href":"https:\/\/coincards.com\/eu\/wp-json\/wp\/v2\/media?parent=7977"}],"wp:term":[{"taxonomy":"product_cat","embeddable":true,"href":"https:\/\/coincards.com\/eu\/wp-json\/wp\/v2\/product_cat?post=7977"},{"taxonomy":"product_tag","embeddable":true,"href":"https:\/\/coincards.com\/eu\/wp-json\/wp\/v2\/product_tag?post=7977"}],"curies":[{"name":"wp","href":"https:\/\/api.w.org\/{rel}","templated":true}]}}