{"id":7971,"date":"2025-12-03T10:50:10","date_gmt":"2025-12-03T18:50:10","guid":{"rendered":"https:\/\/coincards.com\/eu\/?post_type=product&#038;p=7971"},"modified":"2026-04-17T12:42:26","modified_gmt":"2026-04-17T20:42:26","slug":"nintendo-eshop-online-gift-card-electronic-delivery-finland","status":"publish","type":"product","link":"https:\/\/coincards.com\/eu\/product\/nintendo-eshop-online-gift-card-electronic-delivery-finland\/","title":{"rendered":"Nintendo eShop Online Gift Card (Electronic Delivery) (Finland)"},"content":{"rendered":"","protected":false},"excerpt":{"rendered":"<p>Anna yst\u00e4ville, sukulaisille tai itsellesi hymy Nintendo eShop Card -kortin avulla! Nintendo eShop Card on t\u00e4ydellinen lahja kaikille, jotka pit\u00e4v\u00e4t pelaamisesta ja haluavat pit\u00e4\u00e4 hauskaa! Voit k\u00e4ytt\u00e4\u00e4 Nintendo eShop Card -kortteja nopeana, turvallisena ja helppona vaihtoehtona luottokorteille ostaessasi pelej\u00e4 ja muuta sis\u00e4lt\u00f6\u00e4 Nintendo eShop -kaupasta tai viralliselta Nintendo-verkkosivustolta. Avaa Nintendo eShop Nintendo Switch -konsolissa niin l\u00f6yd\u00e4t maailman t\u00e4ynn\u00e4 pelej\u00e4, jotka ovat v\u00e4litt\u00f6m\u00e4sti ostettavissa ja ladattavissa. Voit k\u00e4ytt\u00e4\u00e4 Nintendo eShop Card -kortteja lis\u00e4t\u00e4ksesi varoja Nintendo eShop -saldoosi viidess\u00e4 eri arvossa: 15 \u20ac, 25 \u20ac, 50 \u20ac, 75 \u20ac ja 100 \u20ac. Huomaa, ett\u00e4 Nintendo eShop esitt\u00e4\u00e4 hinnat valuuttana, joka vastaa Nintendo Account -tilisi maa-\/alueasetuksia.<\/p>\n","protected":false},"featured_media":5796,"comment_status":"closed","ping_status":"closed","template":"","meta":{"_exactmetrics_skip_tracking":false,"_exactmetrics_sitenote_active":false,"_exactmetrics_sitenote_note":"","_exactmetrics_sitenote_category":0},"product_cat":[15],"product_tag":[],"class_list":{"0":"post-7971","1":"product","2":"type-product","3":"status-publish","4":"has-post-thumbnail","6":"product_brand-nintendo-eshop","7":"product_cat-uncategorized","8":"pa_country-availability-finland","10":"first","11":"instock","12":"shipping-taxable","13":"purchasable","14":"product-type-variable","15":"has-default-attributes"},"yoast_head":"<!-- This site is optimized with the Yoast SEO Premium plugin v20.11 (Yoast SEO v27.3) - https:\/\/yoast.com\/product\/yoast-seo-premium-wordpress\/ -->\n<title>Nintendo eShop Online Gift Card (Electronic Delivery) (Finland) - Coincards Europe<\/title>\n<meta name=\"robots\" content=\"index, follow, max-snippet:-1, max-image-preview:large, max-video-preview:-1\" \/>\n<link rel=\"canonical\" href=\"https:\/\/coincards.com\/eu\/product\/nintendo-eshop-online-gift-card-electronic-delivery-finland\/\" \/>\n<meta property=\"og:locale\" content=\"en_US\" \/>\n<meta property=\"og:type\" content=\"article\" \/>\n<meta property=\"og:title\" content=\"Nintendo eShop Online Gift Card (Electronic Delivery) (Finland)\" \/>\n<meta property=\"og:description\" content=\"Anna yst\u00e4ville, sukulaisille tai itsellesi hymy Nintendo eShop Card -kortin avulla! Nintendo eShop Card on t\u00e4ydellinen lahja kaikille, jotka pit\u00e4v\u00e4t pelaamisesta ja haluavat pit\u00e4\u00e4 hauskaa! Voit k\u00e4ytt\u00e4\u00e4 Nintendo eShop Card -kortteja nopeana, turvallisena ja helppona vaihtoehtona luottokorteille ostaessasi pelej\u00e4 ja muuta sis\u00e4lt\u00f6\u00e4 Nintendo eShop -kaupasta tai viralliselta Nintendo-verkkosivustolta. Avaa Nintendo eShop Nintendo Switch -konsolissa niin l\u00f6yd\u00e4t maailman t\u00e4ynn\u00e4 pelej\u00e4, jotka ovat v\u00e4litt\u00f6m\u00e4sti ostettavissa ja ladattavissa. Voit k\u00e4ytt\u00e4\u00e4 Nintendo eShop Card -kortteja lis\u00e4t\u00e4ksesi varoja Nintendo eShop -saldoosi viidess\u00e4 eri arvossa: 15 \u20ac, 25 \u20ac, 50 \u20ac, 75 \u20ac ja 100 \u20ac. Huomaa, ett\u00e4 Nintendo eShop esitt\u00e4\u00e4 hinnat valuuttana, joka vastaa Nintendo Account -tilisi maa-\/alueasetuksia.\" \/>\n<meta property=\"og:url\" content=\"https:\/\/coincards.com\/eu\/product\/nintendo-eshop-online-gift-card-electronic-delivery-finland\/\" \/>\n<meta property=\"og:site_name\" content=\"Coincards Europe\" \/>\n<meta property=\"article:modified_time\" content=\"2026-04-17T20:42:26+00:00\" \/>\n<meta property=\"og:image\" content=\"https:\/\/assets.coincards.com\/wp-content\/uploads\/sites\/6\/2024\/06\/04184627\/NTDES-ES-card.png\" \/>\n\t<meta property=\"og:image:width\" content=\"675\" \/>\n\t<meta property=\"og:image:height\" content=\"425\" \/>\n\t<meta property=\"og:image:type\" content=\"image\/png\" \/>\n<meta name=\"twitter:card\" content=\"summary_large_image\" \/>\n<meta name=\"twitter:label1\" content=\"Availability\" \/>\n\t<meta name=\"twitter:data1\" content=\"In stock\" \/>\n<script type=\"application\/ld+json\" class=\"yoast-schema-graph\">{\"@context\":\"https:\\\/\\\/schema.org\",\"@graph\":[{\"@type\":\"WebPage\",\"@id\":\"https:\\\/\\\/coincards.com\\\/eu\\\/product\\\/nintendo-eshop-online-gift-card-electronic-delivery-finland\\\/\",\"url\":\"https:\\\/\\\/coincards.com\\\/eu\\\/product\\\/nintendo-eshop-online-gift-card-electronic-delivery-finland\\\/\",\"name\":\"Nintendo eShop Online Gift Card (Electronic Delivery) (Finland) - Coincards Europe\",\"isPartOf\":{\"@id\":\"https:\\\/\\\/coincards.com\\\/eu\\\/#website\"},\"primaryImageOfPage\":{\"@id\":\"https:\\\/\\\/coincards.com\\\/eu\\\/product\\\/nintendo-eshop-online-gift-card-electronic-delivery-finland\\\/#primaryimage\"},\"image\":{\"@id\":\"https:\\\/\\\/coincards.com\\\/eu\\\/product\\\/nintendo-eshop-online-gift-card-electronic-delivery-finland\\\/#primaryimage\"},\"thumbnailUrl\":\"https:\\\/\\\/assets.coincards.com\\\/wp-content\\\/uploads\\\/sites\\\/6\\\/2024\\\/06\\\/04184627\\\/NTDES-ES-card.png\",\"datePublished\":\"2025-12-03T18:50:10+00:00\",\"dateModified\":\"2026-04-17T20:42:26+00:00\",\"breadcrumb\":{\"@id\":\"https:\\\/\\\/coincards.com\\\/eu\\\/product\\\/nintendo-eshop-online-gift-card-electronic-delivery-finland\\\/#breadcrumb\"},\"inLanguage\":\"en-CA\",\"potentialAction\":[{\"@type\":\"ReadAction\",\"target\":[\"https:\\\/\\\/coincards.com\\\/eu\\\/product\\\/nintendo-eshop-online-gift-card-electronic-delivery-finland\\\/\"]}]},{\"@type\":\"ImageObject\",\"inLanguage\":\"en-CA\",\"@id\":\"https:\\\/\\\/coincards.com\\\/eu\\\/product\\\/nintendo-eshop-online-gift-card-electronic-delivery-finland\\\/#primaryimage\",\"url\":\"https:\\\/\\\/assets.coincards.com\\\/wp-content\\\/uploads\\\/sites\\\/6\\\/2024\\\/06\\\/04184627\\\/NTDES-ES-card.png\",\"contentUrl\":\"https:\\\/\\\/assets.coincards.com\\\/wp-content\\\/uploads\\\/sites\\\/6\\\/2024\\\/06\\\/04184627\\\/NTDES-ES-card.png\",\"width\":675,\"height\":425},{\"@type\":\"BreadcrumbList\",\"@id\":\"https:\\\/\\\/coincards.com\\\/eu\\\/product\\\/nintendo-eshop-online-gift-card-electronic-delivery-finland\\\/#breadcrumb\",\"itemListElement\":[{\"@type\":\"ListItem\",\"position\":1,\"name\":\"Home\",\"item\":\"https:\\\/\\\/coincards.com\\\/eu\\\/\"},{\"@type\":\"ListItem\",\"position\":2,\"name\":\"All Gift Cards\",\"item\":\"https:\\\/\\\/coincards.com\\\/eu\\\/all-gift-cards\\\/\"},{\"@type\":\"ListItem\",\"position\":3,\"name\":\"Nintendo eShop Online Gift Card (Electronic Delivery) (Finland)\"}]},{\"@type\":\"WebSite\",\"@id\":\"https:\\\/\\\/coincards.com\\\/eu\\\/#website\",\"url\":\"https:\\\/\\\/coincards.com\\\/eu\\\/\",\"name\":\"Coincards Europe\",\"description\":\"Austrlia&#039;s #1 Cryptocurrency to Gift Card Exchange Service\",\"potentialAction\":[{\"@type\":\"SearchAction\",\"target\":{\"@type\":\"EntryPoint\",\"urlTemplate\":\"https:\\\/\\\/coincards.com\\\/eu\\\/?s={search_term_string}\"},\"query-input\":{\"@type\":\"PropertyValueSpecification\",\"valueRequired\":true,\"valueName\":\"search_term_string\"}}],\"inLanguage\":\"en-CA\"}]}<\/script>\n<meta property=\"og:availability\" content=\"instock\" \/>\n<meta property=\"product:availability\" content=\"instock\" \/>\n<meta property=\"product:condition\" content=\"new\" \/>\n<!-- \/ Yoast SEO Premium plugin. -->","yoast_head_json":{"title":"Nintendo eShop Online Gift Card (Electronic Delivery) (Finland) - Coincards Europe","robots":{"index":"index","follow":"follow","max-snippet":"max-snippet:-1","max-image-preview":"max-image-preview:large","max-video-preview":"max-video-preview:-1"},"canonical":"https:\/\/coincards.com\/eu\/product\/nintendo-eshop-online-gift-card-electronic-delivery-finland\/","og_locale":"en_US","og_type":"article","og_title":"Nintendo eShop Online Gift Card (Electronic Delivery) (Finland)","og_description":"Anna yst\u00e4ville, sukulaisille tai itsellesi hymy Nintendo eShop Card -kortin avulla! Nintendo eShop Card on t\u00e4ydellinen lahja kaikille, jotka pit\u00e4v\u00e4t pelaamisesta ja haluavat pit\u00e4\u00e4 hauskaa! Voit k\u00e4ytt\u00e4\u00e4 Nintendo eShop Card -kortteja nopeana, turvallisena ja helppona vaihtoehtona luottokorteille ostaessasi pelej\u00e4 ja muuta sis\u00e4lt\u00f6\u00e4 Nintendo eShop -kaupasta tai viralliselta Nintendo-verkkosivustolta. Avaa Nintendo eShop Nintendo Switch -konsolissa niin l\u00f6yd\u00e4t maailman t\u00e4ynn\u00e4 pelej\u00e4, jotka ovat v\u00e4litt\u00f6m\u00e4sti ostettavissa ja ladattavissa. Voit k\u00e4ytt\u00e4\u00e4 Nintendo eShop Card -kortteja lis\u00e4t\u00e4ksesi varoja Nintendo eShop -saldoosi viidess\u00e4 eri arvossa: 15 \u20ac, 25 \u20ac, 50 \u20ac, 75 \u20ac ja 100 \u20ac. Huomaa, ett\u00e4 Nintendo eShop esitt\u00e4\u00e4 hinnat valuuttana, joka vastaa Nintendo Account -tilisi maa-\/alueasetuksia.","og_url":"https:\/\/coincards.com\/eu\/product\/nintendo-eshop-online-gift-card-electronic-delivery-finland\/","og_site_name":"Coincards Europe","article_modified_time":"2026-04-17T20:42:26+00:00","og_image":[{"width":675,"height":425,"url":"https:\/\/assets.coincards.com\/wp-content\/uploads\/sites\/6\/2024\/06\/04184627\/NTDES-ES-card.png","type":"image\/png"}],"twitter_card":"summary_large_image","twitter_misc":{"Availability":"In stock"},"schema":{"@context":"https:\/\/schema.org","@graph":[{"@type":"WebPage","@id":"https:\/\/coincards.com\/eu\/product\/nintendo-eshop-online-gift-card-electronic-delivery-finland\/","url":"https:\/\/coincards.com\/eu\/product\/nintendo-eshop-online-gift-card-electronic-delivery-finland\/","name":"Nintendo eShop Online Gift Card (Electronic Delivery) (Finland) - Coincards Europe","isPartOf":{"@id":"https:\/\/coincards.com\/eu\/#website"},"primaryImageOfPage":{"@id":"https:\/\/coincards.com\/eu\/product\/nintendo-eshop-online-gift-card-electronic-delivery-finland\/#primaryimage"},"image":{"@id":"https:\/\/coincards.com\/eu\/product\/nintendo-eshop-online-gift-card-electronic-delivery-finland\/#primaryimage"},"thumbnailUrl":"https:\/\/assets.coincards.com\/wp-content\/uploads\/sites\/6\/2024\/06\/04184627\/NTDES-ES-card.png","datePublished":"2025-12-03T18:50:10+00:00","dateModified":"2026-04-17T20:42:26+00:00","breadcrumb":{"@id":"https:\/\/coincards.com\/eu\/product\/nintendo-eshop-online-gift-card-electronic-delivery-finland\/#breadcrumb"},"inLanguage":"en-CA","potentialAction":[{"@type":"ReadAction","target":["https:\/\/coincards.com\/eu\/product\/nintendo-eshop-online-gift-card-electronic-delivery-finland\/"]}]},{"@type":"ImageObject","inLanguage":"en-CA","@id":"https:\/\/coincards.com\/eu\/product\/nintendo-eshop-online-gift-card-electronic-delivery-finland\/#primaryimage","url":"https:\/\/assets.coincards.com\/wp-content\/uploads\/sites\/6\/2024\/06\/04184627\/NTDES-ES-card.png","contentUrl":"https:\/\/assets.coincards.com\/wp-content\/uploads\/sites\/6\/2024\/06\/04184627\/NTDES-ES-card.png","width":675,"height":425},{"@type":"BreadcrumbList","@id":"https:\/\/coincards.com\/eu\/product\/nintendo-eshop-online-gift-card-electronic-delivery-finland\/#breadcrumb","itemListElement":[{"@type":"ListItem","position":1,"name":"Home","item":"https:\/\/coincards.com\/eu\/"},{"@type":"ListItem","position":2,"name":"All Gift Cards","item":"https:\/\/coincards.com\/eu\/all-gift-cards\/"},{"@type":"ListItem","position":3,"name":"Nintendo eShop Online Gift Card (Electronic Delivery) (Finland)"}]},{"@type":"WebSite","@id":"https:\/\/coincards.com\/eu\/#website","url":"https:\/\/coincards.com\/eu\/","name":"Coincards Europe","description":"Austrlia&#039;s #1 Cryptocurrency to Gift Card Exchange Service","potentialAction":[{"@type":"SearchAction","target":{"@type":"EntryPoint","urlTemplate":"https:\/\/coincards.com\/eu\/?s={search_term_string}"},"query-input":{"@type":"PropertyValueSpecification","valueRequired":true,"valueName":"search_term_string"}}],"inLanguage":"en-CA"}]},"og_availability":"instock","product_availability":"instock","product_condition":"new"},"_links":{"self":[{"href":"https:\/\/coincards.com\/eu\/wp-json\/wp\/v2\/product\/7971","targetHints":{"allow":["GET"]}}],"collection":[{"href":"https:\/\/coincards.com\/eu\/wp-json\/wp\/v2\/product"}],"about":[{"href":"https:\/\/coincards.com\/eu\/wp-json\/wp\/v2\/types\/product"}],"replies":[{"embeddable":true,"href":"https:\/\/coincards.com\/eu\/wp-json\/wp\/v2\/comments?post=7971"}],"wp:featuredmedia":[{"embeddable":true,"href":"https:\/\/coincards.com\/eu\/wp-json\/wp\/v2\/media\/5796"}],"wp:attachment":[{"href":"https:\/\/coincards.com\/eu\/wp-json\/wp\/v2\/media?parent=7971"}],"wp:term":[{"taxonomy":"product_cat","embeddable":true,"href":"https:\/\/coincards.com\/eu\/wp-json\/wp\/v2\/product_cat?post=7971"},{"taxonomy":"product_tag","embeddable":true,"href":"https:\/\/coincards.com\/eu\/wp-json\/wp\/v2\/product_tag?post=7971"}],"curies":[{"name":"wp","href":"https:\/\/api.w.org\/{rel}","templated":true}]}}