{"id":7967,"date":"2025-12-03T10:33:55","date_gmt":"2025-12-03T18:33:55","guid":{"rendered":"https:\/\/coincards.com\/eu\/?post_type=product&#038;p=7967"},"modified":"2026-04-17T12:52:14","modified_gmt":"2026-04-17T20:52:14","slug":"rituals-be-online-gift-card-electronic-delivery-belgium","status":"publish","type":"product","link":"https:\/\/coincards.com\/eu\/product\/rituals-be-online-gift-card-electronic-delivery-belgium\/","title":{"rendered":"Rituals BE Online Gift Card (Electronic Delivery) (Belgium)"},"content":{"rendered":"","protected":false},"excerpt":{"rendered":"<p>Ze zijn er altijd en overal: op ieder moment van elke dag, klaar om opnieuw te worden ontdekt. Het zijn die kleine alledaagse routines die je gemakkelijk over het hoofd ziet. Rituals helpt je deze momenten bewust te beleven en herinnert je eraan om even een stapje terug te doen en ervan te genieten. Of het nu gaat om het nemen van een lang bad of het cre\u00ebren van een comfortabele sfeer met exclusieve geuren en parfums uit Azi\u00eb, Rituals helpt je geluk te vinden in de kleine dingen van het leven. Ge\u00efnspireerd door de eeuwenoude kennis en tradities uit verschillende Aziatische culturen cre\u00eberden we een omvangrijke collectie luxe doch betaalbare home &amp; body-producten. We willen je leven graag verrijken met unieke signatuurgeuren die met uiterste zorg zijn ontworpen en samengesteld door de allerbeste parfumeurs ter wereld. Een goede geur heeft de kracht je stemming te be\u00efnvloeden, lang verloren herinneringen op te roepen en je een aangenaam gevoel te geven. Het ontwerpen van een nieuw parfum is een kunst op zich: met uiterste zorg zoeken en combineren we de juiste ingredi\u00ebnten om steeds weer exclusieve geuren met een uniek karakter te cre\u00ebren. Of je nu iets voor jezelf of voor iemand anders zoekt, in onze luxe collectie home &amp; body-producten vind je altijd met gemak het perfecte cadeau. Met Rituals geef je meer dan een cadeau, je geeft een ervaring. Je helpt de ontvanger geluk te vinden in de kleine dingen. En d\u00e1t vormt volgens ons de basis voor bijzondere, betekenisvolle momenten.<\/p>\n","protected":false},"featured_media":5845,"comment_status":"closed","ping_status":"closed","template":"","meta":{"_exactmetrics_skip_tracking":false,"_exactmetrics_sitenote_active":false,"_exactmetrics_sitenote_note":"","_exactmetrics_sitenote_category":0},"product_cat":[20],"product_tag":[],"class_list":{"0":"post-7967","1":"product","2":"type-product","3":"status-publish","4":"has-post-thumbnail","6":"product_brand-rituals","7":"product_cat-electronic-gift-cards","8":"pa_country-availability-belgium","10":"first","11":"instock","12":"virtual","13":"purchasable","14":"product-type-simple","15":"nyp-product"},"yoast_head":"<!-- This site is optimized with the Yoast SEO Premium plugin v20.11 (Yoast SEO v27.3) - https:\/\/yoast.com\/product\/yoast-seo-premium-wordpress\/ -->\n<title>Rituals BE Online Gift Card (Electronic Delivery) (Belgium) - Coincards Europe<\/title>\n<meta name=\"robots\" content=\"index, follow, max-snippet:-1, max-image-preview:large, max-video-preview:-1\" \/>\n<link rel=\"canonical\" href=\"https:\/\/coincards.com\/eu\/product\/rituals-be-online-gift-card-electronic-delivery-belgium\/\" \/>\n<meta property=\"og:locale\" content=\"en_US\" \/>\n<meta property=\"og:type\" content=\"article\" \/>\n<meta property=\"og:title\" content=\"Rituals BE Online Gift Card (Electronic Delivery) (Belgium)\" \/>\n<meta property=\"og:description\" content=\"Ze zijn er altijd en overal: op ieder moment van elke dag, klaar om opnieuw te worden ontdekt. Het zijn die kleine alledaagse routines die je gemakkelijk over het hoofd ziet. Rituals helpt je deze momenten bewust te beleven en herinnert je eraan om even een stapje terug te doen en ervan te genieten. Of het nu gaat om het nemen van een lang bad of het cre\u00ebren van een comfortabele sfeer met exclusieve geuren en parfums uit Azi\u00eb, Rituals helpt je geluk te vinden in de kleine dingen van het leven. Ge\u00efnspireerd door de eeuwenoude kennis en tradities uit verschillende Aziatische culturen cre\u00eberden we een omvangrijke collectie luxe doch betaalbare home &amp; body-producten. We willen je leven graag verrijken met unieke signatuurgeuren die met uiterste zorg zijn ontworpen en samengesteld door de allerbeste parfumeurs ter wereld. Een goede geur heeft de kracht je stemming te be\u00efnvloeden, lang verloren herinneringen op te roepen en je een aangenaam gevoel te geven. Het ontwerpen van een nieuw parfum is een kunst op zich: met uiterste zorg zoeken en combineren we de juiste ingredi\u00ebnten om steeds weer exclusieve geuren met een uniek karakter te cre\u00ebren. Of je nu iets voor jezelf of voor iemand anders zoekt, in onze luxe collectie home &amp; body-producten vind je altijd met gemak het perfecte cadeau. Met Rituals geef je meer dan een cadeau, je geeft een ervaring. Je helpt de ontvanger geluk te vinden in de kleine dingen. En d\u00e1t vormt volgens ons de basis voor bijzondere, betekenisvolle momenten.\" \/>\n<meta property=\"og:url\" content=\"https:\/\/coincards.com\/eu\/product\/rituals-be-online-gift-card-electronic-delivery-belgium\/\" \/>\n<meta property=\"og:site_name\" content=\"Coincards Europe\" \/>\n<meta property=\"article:modified_time\" content=\"2026-04-17T20:52:14+00:00\" \/>\n<meta property=\"og:image\" content=\"https:\/\/assets.coincards.com\/wp-content\/uploads\/sites\/6\/2024\/06\/04185040\/RITUAL-DE-card.png\" \/>\n\t<meta property=\"og:image:width\" content=\"675\" \/>\n\t<meta property=\"og:image:height\" content=\"425\" \/>\n\t<meta property=\"og:image:type\" content=\"image\/png\" \/>\n<meta name=\"twitter:card\" content=\"summary_large_image\" \/>\n<meta name=\"twitter:label1\" content=\"Price\" \/>\n\t<meta name=\"twitter:data1\" content=\"&euro;5.00\" \/>\n\t<meta name=\"twitter:label2\" content=\"Availability\" \/>\n\t<meta name=\"twitter:data2\" content=\"In stock\" \/>\n<script type=\"application\/ld+json\" class=\"yoast-schema-graph\">{\"@context\":\"https:\\\/\\\/schema.org\",\"@graph\":[{\"@type\":\"WebPage\",\"@id\":\"https:\\\/\\\/coincards.com\\\/eu\\\/product\\\/rituals-be-online-gift-card-electronic-delivery-belgium\\\/\",\"url\":\"https:\\\/\\\/coincards.com\\\/eu\\\/product\\\/rituals-be-online-gift-card-electronic-delivery-belgium\\\/\",\"name\":\"Rituals BE Online Gift Card (Electronic Delivery) (Belgium) - Coincards Europe\",\"isPartOf\":{\"@id\":\"https:\\\/\\\/coincards.com\\\/eu\\\/#website\"},\"primaryImageOfPage\":{\"@id\":\"https:\\\/\\\/coincards.com\\\/eu\\\/product\\\/rituals-be-online-gift-card-electronic-delivery-belgium\\\/#primaryimage\"},\"image\":{\"@id\":\"https:\\\/\\\/coincards.com\\\/eu\\\/product\\\/rituals-be-online-gift-card-electronic-delivery-belgium\\\/#primaryimage\"},\"thumbnailUrl\":\"https:\\\/\\\/assets.coincards.com\\\/wp-content\\\/uploads\\\/sites\\\/6\\\/2024\\\/06\\\/04185040\\\/RITUAL-DE-card.png\",\"datePublished\":\"2025-12-03T18:33:55+00:00\",\"dateModified\":\"2026-04-17T20:52:14+00:00\",\"breadcrumb\":{\"@id\":\"https:\\\/\\\/coincards.com\\\/eu\\\/product\\\/rituals-be-online-gift-card-electronic-delivery-belgium\\\/#breadcrumb\"},\"inLanguage\":\"en-CA\",\"potentialAction\":[{\"@type\":\"ReadAction\",\"target\":[\"https:\\\/\\\/coincards.com\\\/eu\\\/product\\\/rituals-be-online-gift-card-electronic-delivery-belgium\\\/\"]}]},{\"@type\":\"ImageObject\",\"inLanguage\":\"en-CA\",\"@id\":\"https:\\\/\\\/coincards.com\\\/eu\\\/product\\\/rituals-be-online-gift-card-electronic-delivery-belgium\\\/#primaryimage\",\"url\":\"https:\\\/\\\/assets.coincards.com\\\/wp-content\\\/uploads\\\/sites\\\/6\\\/2024\\\/06\\\/04185040\\\/RITUAL-DE-card.png\",\"contentUrl\":\"https:\\\/\\\/assets.coincards.com\\\/wp-content\\\/uploads\\\/sites\\\/6\\\/2024\\\/06\\\/04185040\\\/RITUAL-DE-card.png\",\"width\":675,\"height\":425},{\"@type\":\"BreadcrumbList\",\"@id\":\"https:\\\/\\\/coincards.com\\\/eu\\\/product\\\/rituals-be-online-gift-card-electronic-delivery-belgium\\\/#breadcrumb\",\"itemListElement\":[{\"@type\":\"ListItem\",\"position\":1,\"name\":\"Home\",\"item\":\"https:\\\/\\\/coincards.com\\\/eu\\\/\"},{\"@type\":\"ListItem\",\"position\":2,\"name\":\"All Gift Cards\",\"item\":\"https:\\\/\\\/coincards.com\\\/eu\\\/all-gift-cards\\\/\"},{\"@type\":\"ListItem\",\"position\":3,\"name\":\"Rituals BE Online Gift Card (Electronic Delivery) (Belgium)\"}]},{\"@type\":\"WebSite\",\"@id\":\"https:\\\/\\\/coincards.com\\\/eu\\\/#website\",\"url\":\"https:\\\/\\\/coincards.com\\\/eu\\\/\",\"name\":\"Coincards Europe\",\"description\":\"Austrlia&#039;s #1 Cryptocurrency to Gift Card Exchange Service\",\"potentialAction\":[{\"@type\":\"SearchAction\",\"target\":{\"@type\":\"EntryPoint\",\"urlTemplate\":\"https:\\\/\\\/coincards.com\\\/eu\\\/?s={search_term_string}\"},\"query-input\":{\"@type\":\"PropertyValueSpecification\",\"valueRequired\":true,\"valueName\":\"search_term_string\"}}],\"inLanguage\":\"en-CA\"}]}<\/script>\n<meta property=\"product:price:amount\" content=\"5.00\" \/>\n<meta property=\"product:price:currency\" content=\"EUR\" \/>\n<meta property=\"og:availability\" content=\"instock\" \/>\n<meta property=\"product:availability\" content=\"instock\" \/>\n<meta property=\"product:condition\" content=\"new\" \/>\n<!-- \/ Yoast SEO Premium plugin. -->","yoast_head_json":{"title":"Rituals BE Online Gift Card (Electronic Delivery) (Belgium) - Coincards Europe","robots":{"index":"index","follow":"follow","max-snippet":"max-snippet:-1","max-image-preview":"max-image-preview:large","max-video-preview":"max-video-preview:-1"},"canonical":"https:\/\/coincards.com\/eu\/product\/rituals-be-online-gift-card-electronic-delivery-belgium\/","og_locale":"en_US","og_type":"article","og_title":"Rituals BE Online Gift Card (Electronic Delivery) (Belgium)","og_description":"Ze zijn er altijd en overal: op ieder moment van elke dag, klaar om opnieuw te worden ontdekt. Het zijn die kleine alledaagse routines die je gemakkelijk over het hoofd ziet. Rituals helpt je deze momenten bewust te beleven en herinnert je eraan om even een stapje terug te doen en ervan te genieten. Of het nu gaat om het nemen van een lang bad of het cre\u00ebren van een comfortabele sfeer met exclusieve geuren en parfums uit Azi\u00eb, Rituals helpt je geluk te vinden in de kleine dingen van het leven. Ge\u00efnspireerd door de eeuwenoude kennis en tradities uit verschillende Aziatische culturen cre\u00eberden we een omvangrijke collectie luxe doch betaalbare home &amp; body-producten. We willen je leven graag verrijken met unieke signatuurgeuren die met uiterste zorg zijn ontworpen en samengesteld door de allerbeste parfumeurs ter wereld. Een goede geur heeft de kracht je stemming te be\u00efnvloeden, lang verloren herinneringen op te roepen en je een aangenaam gevoel te geven. Het ontwerpen van een nieuw parfum is een kunst op zich: met uiterste zorg zoeken en combineren we de juiste ingredi\u00ebnten om steeds weer exclusieve geuren met een uniek karakter te cre\u00ebren. Of je nu iets voor jezelf of voor iemand anders zoekt, in onze luxe collectie home &amp; body-producten vind je altijd met gemak het perfecte cadeau. Met Rituals geef je meer dan een cadeau, je geeft een ervaring. Je helpt de ontvanger geluk te vinden in de kleine dingen. En d\u00e1t vormt volgens ons de basis voor bijzondere, betekenisvolle momenten.","og_url":"https:\/\/coincards.com\/eu\/product\/rituals-be-online-gift-card-electronic-delivery-belgium\/","og_site_name":"Coincards Europe","article_modified_time":"2026-04-17T20:52:14+00:00","og_image":[{"width":675,"height":425,"url":"https:\/\/assets.coincards.com\/wp-content\/uploads\/sites\/6\/2024\/06\/04185040\/RITUAL-DE-card.png","type":"image\/png"}],"twitter_card":"summary_large_image","twitter_misc":{"Price":"&euro;5.00","Availability":"In stock"},"schema":{"@context":"https:\/\/schema.org","@graph":[{"@type":"WebPage","@id":"https:\/\/coincards.com\/eu\/product\/rituals-be-online-gift-card-electronic-delivery-belgium\/","url":"https:\/\/coincards.com\/eu\/product\/rituals-be-online-gift-card-electronic-delivery-belgium\/","name":"Rituals BE Online Gift Card (Electronic Delivery) (Belgium) - Coincards Europe","isPartOf":{"@id":"https:\/\/coincards.com\/eu\/#website"},"primaryImageOfPage":{"@id":"https:\/\/coincards.com\/eu\/product\/rituals-be-online-gift-card-electronic-delivery-belgium\/#primaryimage"},"image":{"@id":"https:\/\/coincards.com\/eu\/product\/rituals-be-online-gift-card-electronic-delivery-belgium\/#primaryimage"},"thumbnailUrl":"https:\/\/assets.coincards.com\/wp-content\/uploads\/sites\/6\/2024\/06\/04185040\/RITUAL-DE-card.png","datePublished":"2025-12-03T18:33:55+00:00","dateModified":"2026-04-17T20:52:14+00:00","breadcrumb":{"@id":"https:\/\/coincards.com\/eu\/product\/rituals-be-online-gift-card-electronic-delivery-belgium\/#breadcrumb"},"inLanguage":"en-CA","potentialAction":[{"@type":"ReadAction","target":["https:\/\/coincards.com\/eu\/product\/rituals-be-online-gift-card-electronic-delivery-belgium\/"]}]},{"@type":"ImageObject","inLanguage":"en-CA","@id":"https:\/\/coincards.com\/eu\/product\/rituals-be-online-gift-card-electronic-delivery-belgium\/#primaryimage","url":"https:\/\/assets.coincards.com\/wp-content\/uploads\/sites\/6\/2024\/06\/04185040\/RITUAL-DE-card.png","contentUrl":"https:\/\/assets.coincards.com\/wp-content\/uploads\/sites\/6\/2024\/06\/04185040\/RITUAL-DE-card.png","width":675,"height":425},{"@type":"BreadcrumbList","@id":"https:\/\/coincards.com\/eu\/product\/rituals-be-online-gift-card-electronic-delivery-belgium\/#breadcrumb","itemListElement":[{"@type":"ListItem","position":1,"name":"Home","item":"https:\/\/coincards.com\/eu\/"},{"@type":"ListItem","position":2,"name":"All Gift Cards","item":"https:\/\/coincards.com\/eu\/all-gift-cards\/"},{"@type":"ListItem","position":3,"name":"Rituals BE Online Gift Card (Electronic Delivery) (Belgium)"}]},{"@type":"WebSite","@id":"https:\/\/coincards.com\/eu\/#website","url":"https:\/\/coincards.com\/eu\/","name":"Coincards Europe","description":"Austrlia&#039;s #1 Cryptocurrency to Gift Card Exchange Service","potentialAction":[{"@type":"SearchAction","target":{"@type":"EntryPoint","urlTemplate":"https:\/\/coincards.com\/eu\/?s={search_term_string}"},"query-input":{"@type":"PropertyValueSpecification","valueRequired":true,"valueName":"search_term_string"}}],"inLanguage":"en-CA"}]},"product_price_amount":"5.00","product_price_currency":"EUR","og_availability":"instock","product_availability":"instock","product_condition":"new"},"_links":{"self":[{"href":"https:\/\/coincards.com\/eu\/wp-json\/wp\/v2\/product\/7967","targetHints":{"allow":["GET"]}}],"collection":[{"href":"https:\/\/coincards.com\/eu\/wp-json\/wp\/v2\/product"}],"about":[{"href":"https:\/\/coincards.com\/eu\/wp-json\/wp\/v2\/types\/product"}],"replies":[{"embeddable":true,"href":"https:\/\/coincards.com\/eu\/wp-json\/wp\/v2\/comments?post=7967"}],"wp:featuredmedia":[{"embeddable":true,"href":"https:\/\/coincards.com\/eu\/wp-json\/wp\/v2\/media\/5845"}],"wp:attachment":[{"href":"https:\/\/coincards.com\/eu\/wp-json\/wp\/v2\/media?parent=7967"}],"wp:term":[{"taxonomy":"product_cat","embeddable":true,"href":"https:\/\/coincards.com\/eu\/wp-json\/wp\/v2\/product_cat?post=7967"},{"taxonomy":"product_tag","embeddable":true,"href":"https:\/\/coincards.com\/eu\/wp-json\/wp\/v2\/product_tag?post=7967"}],"curies":[{"name":"wp","href":"https:\/\/api.w.org\/{rel}","templated":true}]}}