{"id":7950,"date":"2025-12-03T10:02:04","date_gmt":"2025-12-03T18:02:04","guid":{"rendered":"https:\/\/coincards.com\/eu\/?post_type=product&#038;p=7950"},"modified":"2026-05-08T11:17:01","modified_gmt":"2026-05-08T19:17:01","slug":"rituals-at-online-gift-card-electronic-delivery-austria","status":"publish","type":"product","link":"https:\/\/coincards.com\/eu\/product\/rituals-at-online-gift-card-electronic-delivery-austria\/","title":{"rendered":"Rituals AT Online Gift Card (Electronic Delivery) (Austria)"},"content":{"rendered":"","protected":false},"excerpt":{"rendered":"<p>Man findet sie \u00fcberall: In jedem Moment des Tages warten sie darauf, entdeckt zu werden, um uns die in ihnen verborgene Sch\u00f6nheit zu offenbaren. Es sind die scheinbar bedeutungslosen Momente, die wir nur allzu leicht \u00fcbersehen. Rituale helfen uns diese Momente zu erschlie\u00dfen und erinnern uns daran, sie mit Freude zu genie\u00dfen. Ob wir ein ausgedehntes Bad genie\u00dfen oder mit dem reichhaltigen Duft fern\u00f6stlichen Weihrauchs eine behagliche Atmosph\u00e4re schaffen \u2013 Rituale erm\u00f6glichen uns, das Gl\u00fcck in den kleinsten Dingen zu finden. Inspiriert von der Weisheit und den alten Traditionen fern\u00f6stlicher Kulturen haben wir eine umfassende Kollektion luxuri\u00f6ser und dennoch erschwinglicher Produkte f\u00fcr die K\u00f6rperpflege und das Zuhause kreiert. Wir hoffen, Ihr Leben mit unseren unverwechselbaren D\u00fcften bereichern zu k\u00f6nnen. Diese wurden auf sorgf\u00e4ltige Weise von den besten Parf\u00fcmeuren der Welt kreiert. D\u00fcfte besitzen die Kraft, Ihre Stimmung zu heben, entfernte Erinnerungen wachzurufen und Sie mit einem Gef\u00fchl von Behaglichkeit und Wohlbefinden zu umgeben. Die Sch\u00f6pfung eines neuen Parfums kommt der Erschaffung eines Kunstwerks gleich: F\u00fcr jeden einzelnen Duft, den wir kreieren, entdecken und kombinieren wir genau die Komponenten, die ihm seinen einzigartigen Reiz verleihen. Egal, ob Sie sich selbst oder jemand anderen mit einem Geschenk verw\u00f6hnen m\u00f6chten, unsere Kollektion luxuri\u00f6ser Produkte f\u00fcr K\u00f6rper und Geist sowie f\u00fcr das Zuhause machen die Auswahl des perfekten Geschenks zum Kinderspiel. Mit Rituals teilen Sie mehr als ein Geschenk \u2013 Sie teilen die Erfahrung, das Gl\u00fcck in den kleinsten Dingen finden zu k\u00f6nnen. Wir sind \u00fcberzeugt: So erschaffen Sie bedeutungsvolle Momente.<\/p>\n","protected":false},"featured_media":5845,"comment_status":"closed","ping_status":"closed","template":"","meta":{"_exactmetrics_skip_tracking":false,"_exactmetrics_sitenote_active":false,"_exactmetrics_sitenote_note":"","_exactmetrics_sitenote_category":0},"product_cat":[20],"product_tag":[],"class_list":{"0":"post-7950","1":"product","2":"type-product","3":"status-publish","4":"has-post-thumbnail","6":"product_brand-rituals","7":"product_cat-electronic-gift-cards","8":"pa_country-availability-austria","10":"first","11":"instock","12":"virtual","13":"purchasable","14":"product-type-simple","15":"nyp-product"},"yoast_head":"<!-- This site is optimized with the Yoast SEO Premium plugin v20.11 (Yoast SEO v27.3) - https:\/\/yoast.com\/product\/yoast-seo-premium-wordpress\/ -->\n<title>Rituals AT Online Gift Card (Electronic Delivery) (Austria) - Coincards Europe<\/title>\n<meta name=\"robots\" content=\"index, follow, max-snippet:-1, max-image-preview:large, max-video-preview:-1\" \/>\n<link rel=\"canonical\" href=\"https:\/\/coincards.com\/eu\/product\/rituals-at-online-gift-card-electronic-delivery-austria\/\" \/>\n<meta property=\"og:locale\" content=\"en_US\" \/>\n<meta property=\"og:type\" content=\"article\" \/>\n<meta property=\"og:title\" content=\"Rituals AT Online Gift Card (Electronic Delivery) (Austria)\" \/>\n<meta property=\"og:description\" content=\"Man findet sie \u00fcberall: In jedem Moment des Tages warten sie darauf, entdeckt zu werden, um uns die in ihnen verborgene Sch\u00f6nheit zu offenbaren. Es sind die scheinbar bedeutungslosen Momente, die wir nur allzu leicht \u00fcbersehen. Rituale helfen uns diese Momente zu erschlie\u00dfen und erinnern uns daran, sie mit Freude zu genie\u00dfen. Ob wir ein ausgedehntes Bad genie\u00dfen oder mit dem reichhaltigen Duft fern\u00f6stlichen Weihrauchs eine behagliche Atmosph\u00e4re schaffen \u2013 Rituale erm\u00f6glichen uns, das Gl\u00fcck in den kleinsten Dingen zu finden. Inspiriert von der Weisheit und den alten Traditionen fern\u00f6stlicher Kulturen haben wir eine umfassende Kollektion luxuri\u00f6ser und dennoch erschwinglicher Produkte f\u00fcr die K\u00f6rperpflege und das Zuhause kreiert. Wir hoffen, Ihr Leben mit unseren unverwechselbaren D\u00fcften bereichern zu k\u00f6nnen. Diese wurden auf sorgf\u00e4ltige Weise von den besten Parf\u00fcmeuren der Welt kreiert. D\u00fcfte besitzen die Kraft, Ihre Stimmung zu heben, entfernte Erinnerungen wachzurufen und Sie mit einem Gef\u00fchl von Behaglichkeit und Wohlbefinden zu umgeben. Die Sch\u00f6pfung eines neuen Parfums kommt der Erschaffung eines Kunstwerks gleich: F\u00fcr jeden einzelnen Duft, den wir kreieren, entdecken und kombinieren wir genau die Komponenten, die ihm seinen einzigartigen Reiz verleihen. Egal, ob Sie sich selbst oder jemand anderen mit einem Geschenk verw\u00f6hnen m\u00f6chten, unsere Kollektion luxuri\u00f6ser Produkte f\u00fcr K\u00f6rper und Geist sowie f\u00fcr das Zuhause machen die Auswahl des perfekten Geschenks zum Kinderspiel. Mit Rituals teilen Sie mehr als ein Geschenk \u2013 Sie teilen die Erfahrung, das Gl\u00fcck in den kleinsten Dingen finden zu k\u00f6nnen. Wir sind \u00fcberzeugt: So erschaffen Sie bedeutungsvolle Momente.\" \/>\n<meta property=\"og:url\" content=\"https:\/\/coincards.com\/eu\/product\/rituals-at-online-gift-card-electronic-delivery-austria\/\" \/>\n<meta property=\"og:site_name\" content=\"Coincards Europe\" \/>\n<meta property=\"article:modified_time\" content=\"2026-05-08T19:17:01+00:00\" \/>\n<meta property=\"og:image\" content=\"https:\/\/assets.coincards.com\/wp-content\/uploads\/sites\/6\/2024\/06\/04185040\/RITUAL-DE-card.png\" \/>\n\t<meta property=\"og:image:width\" content=\"675\" \/>\n\t<meta property=\"og:image:height\" content=\"425\" \/>\n\t<meta property=\"og:image:type\" content=\"image\/png\" \/>\n<meta name=\"twitter:card\" content=\"summary_large_image\" \/>\n<meta name=\"twitter:label1\" content=\"Price\" \/>\n\t<meta name=\"twitter:data1\" content=\"&euro;5.00\" \/>\n\t<meta name=\"twitter:label2\" content=\"Availability\" \/>\n\t<meta name=\"twitter:data2\" content=\"In stock\" \/>\n<script type=\"application\/ld+json\" class=\"yoast-schema-graph\">{\"@context\":\"https:\\\/\\\/schema.org\",\"@graph\":[{\"@type\":\"WebPage\",\"@id\":\"https:\\\/\\\/coincards.com\\\/eu\\\/product\\\/rituals-at-online-gift-card-electronic-delivery-austria\\\/\",\"url\":\"https:\\\/\\\/coincards.com\\\/eu\\\/product\\\/rituals-at-online-gift-card-electronic-delivery-austria\\\/\",\"name\":\"Rituals AT Online Gift Card (Electronic Delivery) (Austria) - Coincards Europe\",\"isPartOf\":{\"@id\":\"https:\\\/\\\/coincards.com\\\/eu\\\/#website\"},\"primaryImageOfPage\":{\"@id\":\"https:\\\/\\\/coincards.com\\\/eu\\\/product\\\/rituals-at-online-gift-card-electronic-delivery-austria\\\/#primaryimage\"},\"image\":{\"@id\":\"https:\\\/\\\/coincards.com\\\/eu\\\/product\\\/rituals-at-online-gift-card-electronic-delivery-austria\\\/#primaryimage\"},\"thumbnailUrl\":\"https:\\\/\\\/assets.coincards.com\\\/wp-content\\\/uploads\\\/sites\\\/6\\\/2024\\\/06\\\/04185040\\\/RITUAL-DE-card.png\",\"datePublished\":\"2025-12-03T18:02:04+00:00\",\"dateModified\":\"2026-05-08T19:17:01+00:00\",\"breadcrumb\":{\"@id\":\"https:\\\/\\\/coincards.com\\\/eu\\\/product\\\/rituals-at-online-gift-card-electronic-delivery-austria\\\/#breadcrumb\"},\"inLanguage\":\"en-CA\",\"potentialAction\":[{\"@type\":\"ReadAction\",\"target\":[\"https:\\\/\\\/coincards.com\\\/eu\\\/product\\\/rituals-at-online-gift-card-electronic-delivery-austria\\\/\"]}]},{\"@type\":\"ImageObject\",\"inLanguage\":\"en-CA\",\"@id\":\"https:\\\/\\\/coincards.com\\\/eu\\\/product\\\/rituals-at-online-gift-card-electronic-delivery-austria\\\/#primaryimage\",\"url\":\"https:\\\/\\\/assets.coincards.com\\\/wp-content\\\/uploads\\\/sites\\\/6\\\/2024\\\/06\\\/04185040\\\/RITUAL-DE-card.png\",\"contentUrl\":\"https:\\\/\\\/assets.coincards.com\\\/wp-content\\\/uploads\\\/sites\\\/6\\\/2024\\\/06\\\/04185040\\\/RITUAL-DE-card.png\",\"width\":675,\"height\":425},{\"@type\":\"BreadcrumbList\",\"@id\":\"https:\\\/\\\/coincards.com\\\/eu\\\/product\\\/rituals-at-online-gift-card-electronic-delivery-austria\\\/#breadcrumb\",\"itemListElement\":[{\"@type\":\"ListItem\",\"position\":1,\"name\":\"Home\",\"item\":\"https:\\\/\\\/coincards.com\\\/eu\\\/\"},{\"@type\":\"ListItem\",\"position\":2,\"name\":\"All Gift Cards\",\"item\":\"https:\\\/\\\/coincards.com\\\/eu\\\/all-gift-cards\\\/\"},{\"@type\":\"ListItem\",\"position\":3,\"name\":\"Rituals AT Online Gift Card (Electronic Delivery) (Austria)\"}]},{\"@type\":\"WebSite\",\"@id\":\"https:\\\/\\\/coincards.com\\\/eu\\\/#website\",\"url\":\"https:\\\/\\\/coincards.com\\\/eu\\\/\",\"name\":\"Coincards Europe\",\"description\":\"Austrlia&#039;s #1 Cryptocurrency to Gift Card Exchange Service\",\"potentialAction\":[{\"@type\":\"SearchAction\",\"target\":{\"@type\":\"EntryPoint\",\"urlTemplate\":\"https:\\\/\\\/coincards.com\\\/eu\\\/?s={search_term_string}\"},\"query-input\":{\"@type\":\"PropertyValueSpecification\",\"valueRequired\":true,\"valueName\":\"search_term_string\"}}],\"inLanguage\":\"en-CA\"}]}<\/script>\n<meta property=\"product:price:amount\" content=\"5.00\" \/>\n<meta property=\"product:price:currency\" content=\"EUR\" \/>\n<meta property=\"og:availability\" content=\"instock\" \/>\n<meta property=\"product:availability\" content=\"instock\" \/>\n<meta property=\"product:condition\" content=\"new\" \/>\n<!-- \/ Yoast SEO Premium plugin. -->","yoast_head_json":{"title":"Rituals AT Online Gift Card (Electronic Delivery) (Austria) - Coincards Europe","robots":{"index":"index","follow":"follow","max-snippet":"max-snippet:-1","max-image-preview":"max-image-preview:large","max-video-preview":"max-video-preview:-1"},"canonical":"https:\/\/coincards.com\/eu\/product\/rituals-at-online-gift-card-electronic-delivery-austria\/","og_locale":"en_US","og_type":"article","og_title":"Rituals AT Online Gift Card (Electronic Delivery) (Austria)","og_description":"Man findet sie \u00fcberall: In jedem Moment des Tages warten sie darauf, entdeckt zu werden, um uns die in ihnen verborgene Sch\u00f6nheit zu offenbaren. Es sind die scheinbar bedeutungslosen Momente, die wir nur allzu leicht \u00fcbersehen. Rituale helfen uns diese Momente zu erschlie\u00dfen und erinnern uns daran, sie mit Freude zu genie\u00dfen. Ob wir ein ausgedehntes Bad genie\u00dfen oder mit dem reichhaltigen Duft fern\u00f6stlichen Weihrauchs eine behagliche Atmosph\u00e4re schaffen \u2013 Rituale erm\u00f6glichen uns, das Gl\u00fcck in den kleinsten Dingen zu finden. Inspiriert von der Weisheit und den alten Traditionen fern\u00f6stlicher Kulturen haben wir eine umfassende Kollektion luxuri\u00f6ser und dennoch erschwinglicher Produkte f\u00fcr die K\u00f6rperpflege und das Zuhause kreiert. Wir hoffen, Ihr Leben mit unseren unverwechselbaren D\u00fcften bereichern zu k\u00f6nnen. Diese wurden auf sorgf\u00e4ltige Weise von den besten Parf\u00fcmeuren der Welt kreiert. D\u00fcfte besitzen die Kraft, Ihre Stimmung zu heben, entfernte Erinnerungen wachzurufen und Sie mit einem Gef\u00fchl von Behaglichkeit und Wohlbefinden zu umgeben. Die Sch\u00f6pfung eines neuen Parfums kommt der Erschaffung eines Kunstwerks gleich: F\u00fcr jeden einzelnen Duft, den wir kreieren, entdecken und kombinieren wir genau die Komponenten, die ihm seinen einzigartigen Reiz verleihen. Egal, ob Sie sich selbst oder jemand anderen mit einem Geschenk verw\u00f6hnen m\u00f6chten, unsere Kollektion luxuri\u00f6ser Produkte f\u00fcr K\u00f6rper und Geist sowie f\u00fcr das Zuhause machen die Auswahl des perfekten Geschenks zum Kinderspiel. Mit Rituals teilen Sie mehr als ein Geschenk \u2013 Sie teilen die Erfahrung, das Gl\u00fcck in den kleinsten Dingen finden zu k\u00f6nnen. Wir sind \u00fcberzeugt: So erschaffen Sie bedeutungsvolle Momente.","og_url":"https:\/\/coincards.com\/eu\/product\/rituals-at-online-gift-card-electronic-delivery-austria\/","og_site_name":"Coincards Europe","article_modified_time":"2026-05-08T19:17:01+00:00","og_image":[{"width":675,"height":425,"url":"https:\/\/assets.coincards.com\/wp-content\/uploads\/sites\/6\/2024\/06\/04185040\/RITUAL-DE-card.png","type":"image\/png"}],"twitter_card":"summary_large_image","twitter_misc":{"Price":"&euro;5.00","Availability":"In stock"},"schema":{"@context":"https:\/\/schema.org","@graph":[{"@type":"WebPage","@id":"https:\/\/coincards.com\/eu\/product\/rituals-at-online-gift-card-electronic-delivery-austria\/","url":"https:\/\/coincards.com\/eu\/product\/rituals-at-online-gift-card-electronic-delivery-austria\/","name":"Rituals AT Online Gift Card (Electronic Delivery) (Austria) - Coincards Europe","isPartOf":{"@id":"https:\/\/coincards.com\/eu\/#website"},"primaryImageOfPage":{"@id":"https:\/\/coincards.com\/eu\/product\/rituals-at-online-gift-card-electronic-delivery-austria\/#primaryimage"},"image":{"@id":"https:\/\/coincards.com\/eu\/product\/rituals-at-online-gift-card-electronic-delivery-austria\/#primaryimage"},"thumbnailUrl":"https:\/\/assets.coincards.com\/wp-content\/uploads\/sites\/6\/2024\/06\/04185040\/RITUAL-DE-card.png","datePublished":"2025-12-03T18:02:04+00:00","dateModified":"2026-05-08T19:17:01+00:00","breadcrumb":{"@id":"https:\/\/coincards.com\/eu\/product\/rituals-at-online-gift-card-electronic-delivery-austria\/#breadcrumb"},"inLanguage":"en-CA","potentialAction":[{"@type":"ReadAction","target":["https:\/\/coincards.com\/eu\/product\/rituals-at-online-gift-card-electronic-delivery-austria\/"]}]},{"@type":"ImageObject","inLanguage":"en-CA","@id":"https:\/\/coincards.com\/eu\/product\/rituals-at-online-gift-card-electronic-delivery-austria\/#primaryimage","url":"https:\/\/assets.coincards.com\/wp-content\/uploads\/sites\/6\/2024\/06\/04185040\/RITUAL-DE-card.png","contentUrl":"https:\/\/assets.coincards.com\/wp-content\/uploads\/sites\/6\/2024\/06\/04185040\/RITUAL-DE-card.png","width":675,"height":425},{"@type":"BreadcrumbList","@id":"https:\/\/coincards.com\/eu\/product\/rituals-at-online-gift-card-electronic-delivery-austria\/#breadcrumb","itemListElement":[{"@type":"ListItem","position":1,"name":"Home","item":"https:\/\/coincards.com\/eu\/"},{"@type":"ListItem","position":2,"name":"All Gift Cards","item":"https:\/\/coincards.com\/eu\/all-gift-cards\/"},{"@type":"ListItem","position":3,"name":"Rituals AT Online Gift Card (Electronic Delivery) (Austria)"}]},{"@type":"WebSite","@id":"https:\/\/coincards.com\/eu\/#website","url":"https:\/\/coincards.com\/eu\/","name":"Coincards Europe","description":"Austrlia&#039;s #1 Cryptocurrency to Gift Card Exchange Service","potentialAction":[{"@type":"SearchAction","target":{"@type":"EntryPoint","urlTemplate":"https:\/\/coincards.com\/eu\/?s={search_term_string}"},"query-input":{"@type":"PropertyValueSpecification","valueRequired":true,"valueName":"search_term_string"}}],"inLanguage":"en-CA"}]},"product_price_amount":"5.00","product_price_currency":"EUR","og_availability":"instock","product_availability":"instock","product_condition":"new"},"_links":{"self":[{"href":"https:\/\/coincards.com\/eu\/wp-json\/wp\/v2\/product\/7950","targetHints":{"allow":["GET"]}}],"collection":[{"href":"https:\/\/coincards.com\/eu\/wp-json\/wp\/v2\/product"}],"about":[{"href":"https:\/\/coincards.com\/eu\/wp-json\/wp\/v2\/types\/product"}],"replies":[{"embeddable":true,"href":"https:\/\/coincards.com\/eu\/wp-json\/wp\/v2\/comments?post=7950"}],"wp:featuredmedia":[{"embeddable":true,"href":"https:\/\/coincards.com\/eu\/wp-json\/wp\/v2\/media\/5845"}],"wp:attachment":[{"href":"https:\/\/coincards.com\/eu\/wp-json\/wp\/v2\/media?parent=7950"}],"wp:term":[{"taxonomy":"product_cat","embeddable":true,"href":"https:\/\/coincards.com\/eu\/wp-json\/wp\/v2\/product_cat?post=7950"},{"taxonomy":"product_tag","embeddable":true,"href":"https:\/\/coincards.com\/eu\/wp-json\/wp\/v2\/product_tag?post=7950"}],"curies":[{"name":"wp","href":"https:\/\/api.w.org\/{rel}","templated":true}]}}