{"id":7947,"date":"2025-12-03T09:59:40","date_gmt":"2025-12-03T17:59:40","guid":{"rendered":"https:\/\/coincards.com\/eu\/?post_type=product&#038;p=7947"},"modified":"2026-05-08T12:36:37","modified_gmt":"2026-05-08T20:36:37","slug":"nike-online-gift-card-electronic-delivery-austria","status":"publish","type":"product","link":"https:\/\/coincards.com\/eu\/product\/nike-online-gift-card-electronic-delivery-austria\/","title":{"rendered":"Nike Online Gift Card (Electronic Delivery) (Austria)"},"content":{"rendered":"","protected":false},"excerpt":{"rendered":"<p>Schenke deinen Liebsten Sport oder motiviere dich selbst, aktiv zu werden. F\u00fcr uns gibt es keine Ziellinie. Mit einem Nike Geschenkgutschein verschenkst du unendliche M\u00f6glichkeiten. Mit nur einem Geschenk \u00f6ffnet sich eine ganze Welt voller Schuhe, Kleidung und Ausr\u00fcstung, die von Sportenthusiast:innen und Modefans gleicherma\u00dfen geliebt werden. HIGHLIGHTS \u25cf Alles, was du brauchst, um dich von deiner besten Seite zu zeigen. \u25cf Einfache Bestellung \u00fcber die Nike App oder online. \u25cf Digitale Experience mit Nike Run Club App und Nike Training App, um dich in Bewegung zu halten. \u25cf Das Beste von Nike \u2013 ma\u00dfgeschneidert f\u00fcr dich: Mit der kostenlosen Nike Membership profitierst du von noch mehr Vorteilen. (Erfahre vor allen anderen von neuen Produkten, Launches und Kollektionen. Kostenlose Lieferung und R\u00fccksendung.) &#8220;Nike.com\/membership&#8221; \u25cf Kontostand \u00fcberpr\u00fcfen, Hilfe rund um die Uhr.<\/p>\n<p><strong>[html_block id=\"427\"]<\/strong><\/p>\n","protected":false},"featured_media":7948,"comment_status":"closed","ping_status":"closed","template":"","meta":{"_exactmetrics_skip_tracking":false,"_exactmetrics_sitenote_active":false,"_exactmetrics_sitenote_note":"","_exactmetrics_sitenote_category":0},"product_cat":[15],"product_tag":[],"class_list":{"0":"post-7947","1":"product","2":"type-product","3":"status-publish","4":"has-post-thumbnail","6":"product_cat-uncategorized","7":"pa_country-availability-austria","9":"first","10":"instock","11":"virtual","12":"purchasable","13":"product-type-simple","14":"nyp-product"},"yoast_head":"<!-- This site is optimized with the Yoast SEO Premium plugin v20.11 (Yoast SEO v27.3) - https:\/\/yoast.com\/product\/yoast-seo-premium-wordpress\/ -->\n<title>Nike Online Gift Card (Electronic Delivery) (Austria) - Coincards Europe<\/title>\n<meta name=\"robots\" content=\"index, follow, max-snippet:-1, max-image-preview:large, max-video-preview:-1\" \/>\n<link rel=\"canonical\" href=\"https:\/\/coincards.com\/eu\/product\/nike-online-gift-card-electronic-delivery-austria\/\" \/>\n<meta property=\"og:locale\" content=\"en_US\" \/>\n<meta property=\"og:type\" content=\"article\" \/>\n<meta property=\"og:title\" content=\"Nike Online Gift Card (Electronic Delivery) (Austria)\" \/>\n<meta property=\"og:description\" content=\"Schenke deinen Liebsten Sport oder motiviere dich selbst, aktiv zu werden. F\u00fcr uns gibt es keine Ziellinie. Mit einem Nike Geschenkgutschein verschenkst du unendliche M\u00f6glichkeiten. Mit nur einem Geschenk \u00f6ffnet sich eine ganze Welt voller Schuhe, Kleidung und Ausr\u00fcstung, die von Sportenthusiast:innen und Modefans gleicherma\u00dfen geliebt werden. HIGHLIGHTS \u25cf Alles, was du brauchst, um dich von deiner besten Seite zu zeigen. \u25cf Einfache Bestellung \u00fcber die Nike App oder online. \u25cf Digitale Experience mit Nike Run Club App und Nike Training App, um dich in Bewegung zu halten. \u25cf Das Beste von Nike \u2013 ma\u00dfgeschneidert f\u00fcr dich: Mit der kostenlosen Nike Membership profitierst du von noch mehr Vorteilen. (Erfahre vor allen anderen von neuen Produkten, Launches und Kollektionen. Kostenlose Lieferung und R\u00fccksendung.) &quot;Nike.com\/membership&quot; \u25cf Kontostand \u00fcberpr\u00fcfen, Hilfe rund um die Uhr.\" \/>\n<meta property=\"og:url\" content=\"https:\/\/coincards.com\/eu\/product\/nike-online-gift-card-electronic-delivery-austria\/\" \/>\n<meta property=\"og:site_name\" content=\"Coincards Europe\" \/>\n<meta property=\"article:modified_time\" content=\"2026-05-08T20:36:37+00:00\" \/>\n<meta property=\"og:image\" content=\"https:\/\/assets.coincards.com\/wp-content\/uploads\/sites\/6\/2025\/12\/03095818\/nike.jpg\" \/>\n\t<meta property=\"og:image:width\" content=\"330\" \/>\n\t<meta property=\"og:image:height\" content=\"214\" \/>\n\t<meta property=\"og:image:type\" content=\"image\/jpeg\" \/>\n<meta name=\"twitter:card\" content=\"summary_large_image\" \/>\n<meta name=\"twitter:label1\" content=\"Price\" \/>\n\t<meta name=\"twitter:data1\" content=\"&euro;5.00\" \/>\n\t<meta name=\"twitter:label2\" content=\"Availability\" \/>\n\t<meta name=\"twitter:data2\" content=\"In stock\" \/>\n<script type=\"application\/ld+json\" class=\"yoast-schema-graph\">{\"@context\":\"https:\\\/\\\/schema.org\",\"@graph\":[{\"@type\":\"WebPage\",\"@id\":\"https:\\\/\\\/coincards.com\\\/eu\\\/product\\\/nike-online-gift-card-electronic-delivery-austria\\\/\",\"url\":\"https:\\\/\\\/coincards.com\\\/eu\\\/product\\\/nike-online-gift-card-electronic-delivery-austria\\\/\",\"name\":\"Nike Online Gift Card (Electronic Delivery) (Austria) - Coincards Europe\",\"isPartOf\":{\"@id\":\"https:\\\/\\\/coincards.com\\\/eu\\\/#website\"},\"primaryImageOfPage\":{\"@id\":\"https:\\\/\\\/coincards.com\\\/eu\\\/product\\\/nike-online-gift-card-electronic-delivery-austria\\\/#primaryimage\"},\"image\":{\"@id\":\"https:\\\/\\\/coincards.com\\\/eu\\\/product\\\/nike-online-gift-card-electronic-delivery-austria\\\/#primaryimage\"},\"thumbnailUrl\":\"https:\\\/\\\/assets.coincards.com\\\/wp-content\\\/uploads\\\/sites\\\/6\\\/2025\\\/12\\\/03095818\\\/nike.jpg\",\"datePublished\":\"2025-12-03T17:59:40+00:00\",\"dateModified\":\"2026-05-08T20:36:37+00:00\",\"breadcrumb\":{\"@id\":\"https:\\\/\\\/coincards.com\\\/eu\\\/product\\\/nike-online-gift-card-electronic-delivery-austria\\\/#breadcrumb\"},\"inLanguage\":\"en-CA\",\"potentialAction\":[{\"@type\":\"ReadAction\",\"target\":[\"https:\\\/\\\/coincards.com\\\/eu\\\/product\\\/nike-online-gift-card-electronic-delivery-austria\\\/\"]}]},{\"@type\":\"ImageObject\",\"inLanguage\":\"en-CA\",\"@id\":\"https:\\\/\\\/coincards.com\\\/eu\\\/product\\\/nike-online-gift-card-electronic-delivery-austria\\\/#primaryimage\",\"url\":\"https:\\\/\\\/assets.coincards.com\\\/wp-content\\\/uploads\\\/sites\\\/6\\\/2025\\\/12\\\/03095818\\\/nike.jpg\",\"contentUrl\":\"https:\\\/\\\/assets.coincards.com\\\/wp-content\\\/uploads\\\/sites\\\/6\\\/2025\\\/12\\\/03095818\\\/nike.jpg\",\"width\":330,\"height\":214},{\"@type\":\"BreadcrumbList\",\"@id\":\"https:\\\/\\\/coincards.com\\\/eu\\\/product\\\/nike-online-gift-card-electronic-delivery-austria\\\/#breadcrumb\",\"itemListElement\":[{\"@type\":\"ListItem\",\"position\":1,\"name\":\"Home\",\"item\":\"https:\\\/\\\/coincards.com\\\/eu\\\/\"},{\"@type\":\"ListItem\",\"position\":2,\"name\":\"All Gift Cards\",\"item\":\"https:\\\/\\\/coincards.com\\\/eu\\\/all-gift-cards\\\/\"},{\"@type\":\"ListItem\",\"position\":3,\"name\":\"Nike Online Gift Card (Electronic Delivery) (Austria)\"}]},{\"@type\":\"WebSite\",\"@id\":\"https:\\\/\\\/coincards.com\\\/eu\\\/#website\",\"url\":\"https:\\\/\\\/coincards.com\\\/eu\\\/\",\"name\":\"Coincards Europe\",\"description\":\"Austrlia&#039;s #1 Cryptocurrency to Gift Card Exchange Service\",\"potentialAction\":[{\"@type\":\"SearchAction\",\"target\":{\"@type\":\"EntryPoint\",\"urlTemplate\":\"https:\\\/\\\/coincards.com\\\/eu\\\/?s={search_term_string}\"},\"query-input\":{\"@type\":\"PropertyValueSpecification\",\"valueRequired\":true,\"valueName\":\"search_term_string\"}}],\"inLanguage\":\"en-CA\"}]}<\/script>\n<meta property=\"product:price:amount\" content=\"5.00\" \/>\n<meta property=\"product:price:currency\" content=\"EUR\" \/>\n<meta property=\"og:availability\" content=\"instock\" \/>\n<meta property=\"product:availability\" content=\"instock\" \/>\n<meta property=\"product:condition\" content=\"new\" \/>\n<!-- \/ Yoast SEO Premium plugin. -->","yoast_head_json":{"title":"Nike Online Gift Card (Electronic Delivery) (Austria) - Coincards Europe","robots":{"index":"index","follow":"follow","max-snippet":"max-snippet:-1","max-image-preview":"max-image-preview:large","max-video-preview":"max-video-preview:-1"},"canonical":"https:\/\/coincards.com\/eu\/product\/nike-online-gift-card-electronic-delivery-austria\/","og_locale":"en_US","og_type":"article","og_title":"Nike Online Gift Card (Electronic Delivery) (Austria)","og_description":"Schenke deinen Liebsten Sport oder motiviere dich selbst, aktiv zu werden. F\u00fcr uns gibt es keine Ziellinie. Mit einem Nike Geschenkgutschein verschenkst du unendliche M\u00f6glichkeiten. Mit nur einem Geschenk \u00f6ffnet sich eine ganze Welt voller Schuhe, Kleidung und Ausr\u00fcstung, die von Sportenthusiast:innen und Modefans gleicherma\u00dfen geliebt werden. HIGHLIGHTS \u25cf Alles, was du brauchst, um dich von deiner besten Seite zu zeigen. \u25cf Einfache Bestellung \u00fcber die Nike App oder online. \u25cf Digitale Experience mit Nike Run Club App und Nike Training App, um dich in Bewegung zu halten. \u25cf Das Beste von Nike \u2013 ma\u00dfgeschneidert f\u00fcr dich: Mit der kostenlosen Nike Membership profitierst du von noch mehr Vorteilen. (Erfahre vor allen anderen von neuen Produkten, Launches und Kollektionen. Kostenlose Lieferung und R\u00fccksendung.) \"Nike.com\/membership\" \u25cf Kontostand \u00fcberpr\u00fcfen, Hilfe rund um die Uhr.","og_url":"https:\/\/coincards.com\/eu\/product\/nike-online-gift-card-electronic-delivery-austria\/","og_site_name":"Coincards Europe","article_modified_time":"2026-05-08T20:36:37+00:00","og_image":[{"width":330,"height":214,"url":"https:\/\/assets.coincards.com\/wp-content\/uploads\/sites\/6\/2025\/12\/03095818\/nike.jpg","type":"image\/jpeg"}],"twitter_card":"summary_large_image","twitter_misc":{"Price":"&euro;5.00","Availability":"In stock"},"schema":{"@context":"https:\/\/schema.org","@graph":[{"@type":"WebPage","@id":"https:\/\/coincards.com\/eu\/product\/nike-online-gift-card-electronic-delivery-austria\/","url":"https:\/\/coincards.com\/eu\/product\/nike-online-gift-card-electronic-delivery-austria\/","name":"Nike Online Gift Card (Electronic Delivery) (Austria) - Coincards Europe","isPartOf":{"@id":"https:\/\/coincards.com\/eu\/#website"},"primaryImageOfPage":{"@id":"https:\/\/coincards.com\/eu\/product\/nike-online-gift-card-electronic-delivery-austria\/#primaryimage"},"image":{"@id":"https:\/\/coincards.com\/eu\/product\/nike-online-gift-card-electronic-delivery-austria\/#primaryimage"},"thumbnailUrl":"https:\/\/assets.coincards.com\/wp-content\/uploads\/sites\/6\/2025\/12\/03095818\/nike.jpg","datePublished":"2025-12-03T17:59:40+00:00","dateModified":"2026-05-08T20:36:37+00:00","breadcrumb":{"@id":"https:\/\/coincards.com\/eu\/product\/nike-online-gift-card-electronic-delivery-austria\/#breadcrumb"},"inLanguage":"en-CA","potentialAction":[{"@type":"ReadAction","target":["https:\/\/coincards.com\/eu\/product\/nike-online-gift-card-electronic-delivery-austria\/"]}]},{"@type":"ImageObject","inLanguage":"en-CA","@id":"https:\/\/coincards.com\/eu\/product\/nike-online-gift-card-electronic-delivery-austria\/#primaryimage","url":"https:\/\/assets.coincards.com\/wp-content\/uploads\/sites\/6\/2025\/12\/03095818\/nike.jpg","contentUrl":"https:\/\/assets.coincards.com\/wp-content\/uploads\/sites\/6\/2025\/12\/03095818\/nike.jpg","width":330,"height":214},{"@type":"BreadcrumbList","@id":"https:\/\/coincards.com\/eu\/product\/nike-online-gift-card-electronic-delivery-austria\/#breadcrumb","itemListElement":[{"@type":"ListItem","position":1,"name":"Home","item":"https:\/\/coincards.com\/eu\/"},{"@type":"ListItem","position":2,"name":"All Gift Cards","item":"https:\/\/coincards.com\/eu\/all-gift-cards\/"},{"@type":"ListItem","position":3,"name":"Nike Online Gift Card (Electronic Delivery) (Austria)"}]},{"@type":"WebSite","@id":"https:\/\/coincards.com\/eu\/#website","url":"https:\/\/coincards.com\/eu\/","name":"Coincards Europe","description":"Austrlia&#039;s #1 Cryptocurrency to Gift Card Exchange Service","potentialAction":[{"@type":"SearchAction","target":{"@type":"EntryPoint","urlTemplate":"https:\/\/coincards.com\/eu\/?s={search_term_string}"},"query-input":{"@type":"PropertyValueSpecification","valueRequired":true,"valueName":"search_term_string"}}],"inLanguage":"en-CA"}]},"product_price_amount":"5.00","product_price_currency":"EUR","og_availability":"instock","product_availability":"instock","product_condition":"new"},"_links":{"self":[{"href":"https:\/\/coincards.com\/eu\/wp-json\/wp\/v2\/product\/7947","targetHints":{"allow":["GET"]}}],"collection":[{"href":"https:\/\/coincards.com\/eu\/wp-json\/wp\/v2\/product"}],"about":[{"href":"https:\/\/coincards.com\/eu\/wp-json\/wp\/v2\/types\/product"}],"replies":[{"embeddable":true,"href":"https:\/\/coincards.com\/eu\/wp-json\/wp\/v2\/comments?post=7947"}],"wp:featuredmedia":[{"embeddable":true,"href":"https:\/\/coincards.com\/eu\/wp-json\/wp\/v2\/media\/7948"}],"wp:attachment":[{"href":"https:\/\/coincards.com\/eu\/wp-json\/wp\/v2\/media?parent=7947"}],"wp:term":[{"taxonomy":"product_cat","embeddable":true,"href":"https:\/\/coincards.com\/eu\/wp-json\/wp\/v2\/product_cat?post=7947"},{"taxonomy":"product_tag","embeddable":true,"href":"https:\/\/coincards.com\/eu\/wp-json\/wp\/v2\/product_tag?post=7947"}],"curies":[{"name":"wp","href":"https:\/\/api.w.org\/{rel}","templated":true}]}}