{"id":7889,"date":"2025-11-13T10:01:50","date_gmt":"2025-11-13T18:01:50","guid":{"rendered":"https:\/\/coincards.com\/eu\/?post_type=product&#038;p=7889"},"modified":"2025-11-13T10:04:51","modified_gmt":"2025-11-13T18:04:51","slug":"prenatal-online-gift-card-electronic-delivery-portugal","status":"publish","type":"product","link":"https:\/\/coincards.com\/eu\/product\/prenatal-online-gift-card-electronic-delivery-portugal\/","title":{"rendered":"Pr\u00e9natal Online Gift Card (Electronic Delivery) (Portugal)"},"content":{"rendered":"","protected":false},"excerpt":{"rendered":"<p>*****LOCAL***** Pr\u00e9natal est une entreprise leader dans le secteur de l\u00b4enfance qui offre une gamme compl\u00e8te de produits &#8211; v\u00eatements pour b\u00e9b\u00e9s, articles de soins pour b\u00e9b\u00e9s (multimarques) &#8211; et de services d\u00e9di\u00e9s aux femmes enceintes, aux b\u00e9b\u00e9s et aux enfants de 8 ans et plus. La carte-cadeau peut \u00eatre utilis\u00e9e dans n\u00b4importe quel magasin Pr\u00e9natal au Portugal pendant une p\u00e9riode de 12 mois \u00e0 compter de la date d\u00b4\u00e9mission. La valeur de la carte ne peut \u00eatre \u00e9chang\u00e9e contre des esp\u00e8ces et peut \u00eatre utilis\u00e9e pour un ou plusieurs achats jusqu\u00b4\u00e0 \u00e9puisement du solde. Cette carte n\u00b4est pas rechargeable. *****LOCAL***** Pr\u00e9natal ist ein f\u00fchrendes Unternehmen im Bereich Kinderartikel und bietet eine komplette Palette von Produkten &#8211; Babykleidung, Babypflegeartikeln (Multi-Brand) f\u00fcr Babys und Kinder bis 8 Jahren sowie Serviceleistungen f\u00fcr schwangere Frauen. Die Geschenkkarte kann in Prenatal-Gesch\u00e4ften in Portugal \u00fcber einen Zeitraum von 12 Monaten ab dem Tag der Ausstellung verwendet werden. Der Kartenwert kann nicht gegen Bargeld eingetauscht werden und ist f\u00fcr einen oder mehre Eink\u00e4ufe verwendbar, so lange noch Guthaben vorhanden ist. Diese Karte ist nicht wiederaufladbar. *****ENGLISH***** INFORMATION ON THE PRE-NATAL CARD<\/p>\n","protected":false},"featured_media":7895,"comment_status":"closed","ping_status":"closed","template":"","meta":{"_exactmetrics_skip_tracking":false,"_exactmetrics_sitenote_active":false,"_exactmetrics_sitenote_note":"","_exactmetrics_sitenote_category":0},"product_cat":[20],"product_tag":[],"class_list":{"0":"post-7889","1":"product","2":"type-product","3":"status-publish","4":"has-post-thumbnail","6":"product_brand-prenatal","7":"product_cat-electronic-gift-cards","8":"pa_country-availability-portugal","10":"first","11":"instock","12":"shipping-taxable","13":"purchasable","14":"product-type-variable","15":"has-default-attributes"},"yoast_head":"<!-- This site is optimized with the Yoast SEO Premium plugin v20.11 (Yoast SEO v25.8) - https:\/\/yoast.com\/wordpress\/plugins\/seo\/ -->\n<title>Pr\u00e9natal Online Gift Card (Electronic Delivery) (Portugal) - Coincards Europe<\/title>\n<meta name=\"robots\" content=\"index, follow, max-snippet:-1, max-image-preview:large, max-video-preview:-1\" \/>\n<link rel=\"canonical\" href=\"https:\/\/coincards.com\/eu\/product\/prenatal-online-gift-card-electronic-delivery-portugal\/\" \/>\n<meta property=\"og:locale\" content=\"en_US\" \/>\n<meta property=\"og:type\" content=\"article\" \/>\n<meta property=\"og:title\" content=\"Pr\u00e9natal Online Gift Card (Electronic Delivery) (Portugal)\" \/>\n<meta property=\"og:description\" content=\"*****LOCAL***** Pr\u00e9natal est une entreprise leader dans le secteur de l\u00b4enfance qui offre une gamme compl\u00e8te de produits - v\u00eatements pour b\u00e9b\u00e9s, articles de soins pour b\u00e9b\u00e9s (multimarques) - et de services d\u00e9di\u00e9s aux femmes enceintes, aux b\u00e9b\u00e9s et aux enfants de 8 ans et plus. La carte-cadeau peut \u00eatre utilis\u00e9e dans n\u00b4importe quel magasin Pr\u00e9natal au Portugal pendant une p\u00e9riode de 12 mois \u00e0 compter de la date d\u00b4\u00e9mission. La valeur de la carte ne peut \u00eatre \u00e9chang\u00e9e contre des esp\u00e8ces et peut \u00eatre utilis\u00e9e pour un ou plusieurs achats jusqu\u00b4\u00e0 \u00e9puisement du solde. Cette carte n\u00b4est pas rechargeable. *****LOCAL***** Pr\u00e9natal ist ein f\u00fchrendes Unternehmen im Bereich Kinderartikel und bietet eine komplette Palette von Produkten - Babykleidung, Babypflegeartikeln (Multi-Brand) f\u00fcr Babys und Kinder bis 8 Jahren sowie Serviceleistungen f\u00fcr schwangere Frauen. Die Geschenkkarte kann in Prenatal-Gesch\u00e4ften in Portugal \u00fcber einen Zeitraum von 12 Monaten ab dem Tag der Ausstellung verwendet werden. Der Kartenwert kann nicht gegen Bargeld eingetauscht werden und ist f\u00fcr einen oder mehre Eink\u00e4ufe verwendbar, so lange noch Guthaben vorhanden ist. Diese Karte ist nicht wiederaufladbar. *****ENGLISH***** INFORMATION ON THE PRE-NATAL CARD\" \/>\n<meta property=\"og:url\" content=\"https:\/\/coincards.com\/eu\/product\/prenatal-online-gift-card-electronic-delivery-portugal\/\" \/>\n<meta property=\"og:site_name\" content=\"Coincards Europe\" \/>\n<meta property=\"article:modified_time\" content=\"2025-11-13T18:04:51+00:00\" \/>\n<meta property=\"og:image\" content=\"https:\/\/assets.coincards.com\/wp-content\/uploads\/sites\/6\/2025\/11\/13100437\/PREN-PT-card.png\" \/>\n\t<meta property=\"og:image:width\" content=\"675\" \/>\n\t<meta property=\"og:image:height\" content=\"425\" \/>\n\t<meta property=\"og:image:type\" content=\"image\/png\" \/>\n<meta name=\"twitter:card\" content=\"summary_large_image\" \/>\n<meta name=\"twitter:label1\" content=\"Availability\" \/>\n\t<meta name=\"twitter:data1\" content=\"In stock\" \/>\n<script type=\"application\/ld+json\" class=\"yoast-schema-graph\">{\"@context\":\"https:\/\/schema.org\",\"@graph\":[{\"@type\":\"WebPage\",\"@id\":\"https:\/\/coincards.com\/eu\/product\/prenatal-online-gift-card-electronic-delivery-portugal\/\",\"url\":\"https:\/\/coincards.com\/eu\/product\/prenatal-online-gift-card-electronic-delivery-portugal\/\",\"name\":\"Pr\u00e9natal Online Gift Card (Electronic Delivery) (Portugal) - Coincards Europe\",\"isPartOf\":{\"@id\":\"https:\/\/coincards.com\/eu\/#website\"},\"primaryImageOfPage\":{\"@id\":\"https:\/\/coincards.com\/eu\/product\/prenatal-online-gift-card-electronic-delivery-portugal\/#primaryimage\"},\"image\":{\"@id\":\"https:\/\/coincards.com\/eu\/product\/prenatal-online-gift-card-electronic-delivery-portugal\/#primaryimage\"},\"thumbnailUrl\":\"https:\/\/assets.coincards.com\/wp-content\/uploads\/sites\/6\/2025\/11\/13100437\/PREN-PT-card.png\",\"datePublished\":\"2025-11-13T18:01:50+00:00\",\"dateModified\":\"2025-11-13T18:04:51+00:00\",\"breadcrumb\":{\"@id\":\"https:\/\/coincards.com\/eu\/product\/prenatal-online-gift-card-electronic-delivery-portugal\/#breadcrumb\"},\"inLanguage\":\"en-CA\",\"potentialAction\":[{\"@type\":\"ReadAction\",\"target\":[\"https:\/\/coincards.com\/eu\/product\/prenatal-online-gift-card-electronic-delivery-portugal\/\"]}]},{\"@type\":\"ImageObject\",\"inLanguage\":\"en-CA\",\"@id\":\"https:\/\/coincards.com\/eu\/product\/prenatal-online-gift-card-electronic-delivery-portugal\/#primaryimage\",\"url\":\"https:\/\/assets.coincards.com\/wp-content\/uploads\/sites\/6\/2025\/11\/13100437\/PREN-PT-card.png\",\"contentUrl\":\"https:\/\/assets.coincards.com\/wp-content\/uploads\/sites\/6\/2025\/11\/13100437\/PREN-PT-card.png\",\"width\":675,\"height\":425},{\"@type\":\"BreadcrumbList\",\"@id\":\"https:\/\/coincards.com\/eu\/product\/prenatal-online-gift-card-electronic-delivery-portugal\/#breadcrumb\",\"itemListElement\":[{\"@type\":\"ListItem\",\"position\":1,\"name\":\"Home\",\"item\":\"https:\/\/coincards.com\/eu\/\"},{\"@type\":\"ListItem\",\"position\":2,\"name\":\"All Gift Cards\",\"item\":\"https:\/\/coincards.com\/eu\/all-gift-cards\/\"},{\"@type\":\"ListItem\",\"position\":3,\"name\":\"Pr\u00e9natal Online Gift Card (Electronic Delivery) (Portugal)\"}]},{\"@type\":\"WebSite\",\"@id\":\"https:\/\/coincards.com\/eu\/#website\",\"url\":\"https:\/\/coincards.com\/eu\/\",\"name\":\"Coincards Europe\",\"description\":\"Austrlia&#039;s #1 Cryptocurrency to Gift Card Exchange Service\",\"potentialAction\":[{\"@type\":\"SearchAction\",\"target\":{\"@type\":\"EntryPoint\",\"urlTemplate\":\"https:\/\/coincards.com\/eu\/?s={search_term_string}\"},\"query-input\":{\"@type\":\"PropertyValueSpecification\",\"valueRequired\":true,\"valueName\":\"search_term_string\"}}],\"inLanguage\":\"en-CA\"}]}<\/script>\n<meta property=\"og:availability\" content=\"instock\" \/>\n<meta property=\"product:availability\" content=\"instock\" \/>\n<meta property=\"product:condition\" content=\"new\" \/>\n<!-- \/ Yoast SEO Premium plugin. -->","yoast_head_json":{"title":"Pr\u00e9natal Online Gift Card (Electronic Delivery) (Portugal) - Coincards Europe","robots":{"index":"index","follow":"follow","max-snippet":"max-snippet:-1","max-image-preview":"max-image-preview:large","max-video-preview":"max-video-preview:-1"},"canonical":"https:\/\/coincards.com\/eu\/product\/prenatal-online-gift-card-electronic-delivery-portugal\/","og_locale":"en_US","og_type":"article","og_title":"Pr\u00e9natal Online Gift Card (Electronic Delivery) (Portugal)","og_description":"*****LOCAL***** Pr\u00e9natal est une entreprise leader dans le secteur de l\u00b4enfance qui offre une gamme compl\u00e8te de produits - v\u00eatements pour b\u00e9b\u00e9s, articles de soins pour b\u00e9b\u00e9s (multimarques) - et de services d\u00e9di\u00e9s aux femmes enceintes, aux b\u00e9b\u00e9s et aux enfants de 8 ans et plus. La carte-cadeau peut \u00eatre utilis\u00e9e dans n\u00b4importe quel magasin Pr\u00e9natal au Portugal pendant une p\u00e9riode de 12 mois \u00e0 compter de la date d\u00b4\u00e9mission. La valeur de la carte ne peut \u00eatre \u00e9chang\u00e9e contre des esp\u00e8ces et peut \u00eatre utilis\u00e9e pour un ou plusieurs achats jusqu\u00b4\u00e0 \u00e9puisement du solde. Cette carte n\u00b4est pas rechargeable. *****LOCAL***** Pr\u00e9natal ist ein f\u00fchrendes Unternehmen im Bereich Kinderartikel und bietet eine komplette Palette von Produkten - Babykleidung, Babypflegeartikeln (Multi-Brand) f\u00fcr Babys und Kinder bis 8 Jahren sowie Serviceleistungen f\u00fcr schwangere Frauen. Die Geschenkkarte kann in Prenatal-Gesch\u00e4ften in Portugal \u00fcber einen Zeitraum von 12 Monaten ab dem Tag der Ausstellung verwendet werden. Der Kartenwert kann nicht gegen Bargeld eingetauscht werden und ist f\u00fcr einen oder mehre Eink\u00e4ufe verwendbar, so lange noch Guthaben vorhanden ist. Diese Karte ist nicht wiederaufladbar. *****ENGLISH***** INFORMATION ON THE PRE-NATAL CARD","og_url":"https:\/\/coincards.com\/eu\/product\/prenatal-online-gift-card-electronic-delivery-portugal\/","og_site_name":"Coincards Europe","article_modified_time":"2025-11-13T18:04:51+00:00","og_image":[{"width":675,"height":425,"url":"https:\/\/assets.coincards.com\/wp-content\/uploads\/sites\/6\/2025\/11\/13100437\/PREN-PT-card.png","type":"image\/png"}],"twitter_card":"summary_large_image","twitter_misc":{"Availability":"In stock"},"schema":{"@context":"https:\/\/schema.org","@graph":[{"@type":"WebPage","@id":"https:\/\/coincards.com\/eu\/product\/prenatal-online-gift-card-electronic-delivery-portugal\/","url":"https:\/\/coincards.com\/eu\/product\/prenatal-online-gift-card-electronic-delivery-portugal\/","name":"Pr\u00e9natal Online Gift Card (Electronic Delivery) (Portugal) - Coincards Europe","isPartOf":{"@id":"https:\/\/coincards.com\/eu\/#website"},"primaryImageOfPage":{"@id":"https:\/\/coincards.com\/eu\/product\/prenatal-online-gift-card-electronic-delivery-portugal\/#primaryimage"},"image":{"@id":"https:\/\/coincards.com\/eu\/product\/prenatal-online-gift-card-electronic-delivery-portugal\/#primaryimage"},"thumbnailUrl":"https:\/\/assets.coincards.com\/wp-content\/uploads\/sites\/6\/2025\/11\/13100437\/PREN-PT-card.png","datePublished":"2025-11-13T18:01:50+00:00","dateModified":"2025-11-13T18:04:51+00:00","breadcrumb":{"@id":"https:\/\/coincards.com\/eu\/product\/prenatal-online-gift-card-electronic-delivery-portugal\/#breadcrumb"},"inLanguage":"en-CA","potentialAction":[{"@type":"ReadAction","target":["https:\/\/coincards.com\/eu\/product\/prenatal-online-gift-card-electronic-delivery-portugal\/"]}]},{"@type":"ImageObject","inLanguage":"en-CA","@id":"https:\/\/coincards.com\/eu\/product\/prenatal-online-gift-card-electronic-delivery-portugal\/#primaryimage","url":"https:\/\/assets.coincards.com\/wp-content\/uploads\/sites\/6\/2025\/11\/13100437\/PREN-PT-card.png","contentUrl":"https:\/\/assets.coincards.com\/wp-content\/uploads\/sites\/6\/2025\/11\/13100437\/PREN-PT-card.png","width":675,"height":425},{"@type":"BreadcrumbList","@id":"https:\/\/coincards.com\/eu\/product\/prenatal-online-gift-card-electronic-delivery-portugal\/#breadcrumb","itemListElement":[{"@type":"ListItem","position":1,"name":"Home","item":"https:\/\/coincards.com\/eu\/"},{"@type":"ListItem","position":2,"name":"All Gift Cards","item":"https:\/\/coincards.com\/eu\/all-gift-cards\/"},{"@type":"ListItem","position":3,"name":"Pr\u00e9natal Online Gift Card (Electronic Delivery) (Portugal)"}]},{"@type":"WebSite","@id":"https:\/\/coincards.com\/eu\/#website","url":"https:\/\/coincards.com\/eu\/","name":"Coincards Europe","description":"Austrlia&#039;s #1 Cryptocurrency to Gift Card Exchange Service","potentialAction":[{"@type":"SearchAction","target":{"@type":"EntryPoint","urlTemplate":"https:\/\/coincards.com\/eu\/?s={search_term_string}"},"query-input":{"@type":"PropertyValueSpecification","valueRequired":true,"valueName":"search_term_string"}}],"inLanguage":"en-CA"}]},"og_availability":"instock","product_availability":"instock","product_condition":"new"},"_links":{"self":[{"href":"https:\/\/coincards.com\/eu\/wp-json\/wp\/v2\/product\/7889","targetHints":{"allow":["GET"]}}],"collection":[{"href":"https:\/\/coincards.com\/eu\/wp-json\/wp\/v2\/product"}],"about":[{"href":"https:\/\/coincards.com\/eu\/wp-json\/wp\/v2\/types\/product"}],"replies":[{"embeddable":true,"href":"https:\/\/coincards.com\/eu\/wp-json\/wp\/v2\/comments?post=7889"}],"wp:featuredmedia":[{"embeddable":true,"href":"https:\/\/coincards.com\/eu\/wp-json\/wp\/v2\/media\/7895"}],"wp:attachment":[{"href":"https:\/\/coincards.com\/eu\/wp-json\/wp\/v2\/media?parent=7889"}],"wp:term":[{"taxonomy":"product_cat","embeddable":true,"href":"https:\/\/coincards.com\/eu\/wp-json\/wp\/v2\/product_cat?post=7889"},{"taxonomy":"product_tag","embeddable":true,"href":"https:\/\/coincards.com\/eu\/wp-json\/wp\/v2\/product_tag?post=7889"}],"curies":[{"name":"wp","href":"https:\/\/api.w.org\/{rel}","templated":true}]}}