{"id":7511,"date":"2025-08-28T10:31:14","date_gmt":"2025-08-28T18:31:14","guid":{"rendered":"https:\/\/coincards.com\/eu\/?post_type=product&#038;p=7511"},"modified":"2026-03-19T07:43:01","modified_gmt":"2026-03-19T15:43:01","slug":"billabong-online-gift-card-electronic-delivery-france","status":"publish","type":"product","link":"https:\/\/coincards.com\/eu\/product\/billabong-online-gift-card-electronic-delivery-france\/","title":{"rendered":"Billabong Online Gift Card (Electronic Delivery) (France)"},"content":{"rendered":"","protected":false},"excerpt":{"rendered":"<p>Billabong est une marque australienne sp\u00e9cialis\u00e9e dans les v\u00eatements et \u00e9quipements de surf, snowboard et lifestyle<\/p>\n","protected":false},"featured_media":7513,"comment_status":"closed","ping_status":"closed","template":"","meta":{"_exactmetrics_skip_tracking":false,"_exactmetrics_sitenote_active":false,"_exactmetrics_sitenote_note":"","_exactmetrics_sitenote_category":0},"product_cat":[15],"product_tag":[],"class_list":{"0":"post-7511","1":"product","2":"type-product","3":"status-publish","4":"has-post-thumbnail","6":"product_brand-billabong","7":"product_cat-uncategorized","8":"pa_country-availability-france","10":"first","11":"instock","12":"virtual","13":"purchasable","14":"product-type-simple","15":"nyp-product"},"yoast_head":"<!-- This site is optimized with the Yoast SEO Premium plugin v20.11 (Yoast SEO v25.8) - https:\/\/yoast.com\/wordpress\/plugins\/seo\/ -->\n<title>Billabong Online Gift Card (Electronic Delivery) (France) - Coincards Europe<\/title>\n<meta name=\"robots\" content=\"index, follow, max-snippet:-1, max-image-preview:large, max-video-preview:-1\" \/>\n<link rel=\"canonical\" href=\"https:\/\/coincards.com\/eu\/product\/billabong-online-gift-card-electronic-delivery-france\/\" \/>\n<meta property=\"og:locale\" content=\"en_US\" \/>\n<meta property=\"og:type\" content=\"article\" \/>\n<meta property=\"og:title\" content=\"Billabong Online Gift Card (Electronic Delivery) (France)\" \/>\n<meta property=\"og:description\" content=\"Billabong est une marque australienne sp\u00e9cialis\u00e9e dans les v\u00eatements et \u00e9quipements de surf, snowboard et lifestyle\" \/>\n<meta property=\"og:url\" content=\"https:\/\/coincards.com\/eu\/product\/billabong-online-gift-card-electronic-delivery-france\/\" \/>\n<meta property=\"og:site_name\" content=\"Coincards Europe\" \/>\n<meta property=\"article:modified_time\" content=\"2026-03-19T15:43:01+00:00\" \/>\n<meta property=\"og:image\" content=\"https:\/\/assets.coincards.com\/wp-content\/uploads\/sites\/6\/2025\/08\/28095552\/billabong.jpg\" \/>\n\t<meta property=\"og:image:width\" content=\"287\" \/>\n\t<meta property=\"og:image:height\" content=\"175\" \/>\n\t<meta property=\"og:image:type\" content=\"image\/jpeg\" \/>\n<meta name=\"twitter:card\" content=\"summary_large_image\" \/>\n<meta name=\"twitter:label1\" content=\"Price\" \/>\n\t<meta name=\"twitter:data1\" content=\"&euro;10.00\" \/>\n\t<meta name=\"twitter:label2\" content=\"Availability\" \/>\n\t<meta name=\"twitter:data2\" content=\"In stock\" \/>\n<script type=\"application\/ld+json\" class=\"yoast-schema-graph\">{\"@context\":\"https:\/\/schema.org\",\"@graph\":[{\"@type\":\"WebPage\",\"@id\":\"https:\/\/coincards.com\/eu\/product\/billabong-online-gift-card-electronic-delivery-france\/\",\"url\":\"https:\/\/coincards.com\/eu\/product\/billabong-online-gift-card-electronic-delivery-france\/\",\"name\":\"Billabong Online Gift Card (Electronic Delivery) (France) - Coincards Europe\",\"isPartOf\":{\"@id\":\"https:\/\/coincards.com\/eu\/#website\"},\"primaryImageOfPage\":{\"@id\":\"https:\/\/coincards.com\/eu\/product\/billabong-online-gift-card-electronic-delivery-france\/#primaryimage\"},\"image\":{\"@id\":\"https:\/\/coincards.com\/eu\/product\/billabong-online-gift-card-electronic-delivery-france\/#primaryimage\"},\"thumbnailUrl\":\"https:\/\/assets.coincards.com\/wp-content\/uploads\/sites\/6\/2025\/08\/28095552\/billabong.jpg\",\"datePublished\":\"2025-08-28T18:31:14+00:00\",\"dateModified\":\"2026-03-19T15:43:01+00:00\",\"breadcrumb\":{\"@id\":\"https:\/\/coincards.com\/eu\/product\/billabong-online-gift-card-electronic-delivery-france\/#breadcrumb\"},\"inLanguage\":\"en-CA\",\"potentialAction\":[{\"@type\":\"ReadAction\",\"target\":[\"https:\/\/coincards.com\/eu\/product\/billabong-online-gift-card-electronic-delivery-france\/\"]}]},{\"@type\":\"ImageObject\",\"inLanguage\":\"en-CA\",\"@id\":\"https:\/\/coincards.com\/eu\/product\/billabong-online-gift-card-electronic-delivery-france\/#primaryimage\",\"url\":\"https:\/\/assets.coincards.com\/wp-content\/uploads\/sites\/6\/2025\/08\/28095552\/billabong.jpg\",\"contentUrl\":\"https:\/\/assets.coincards.com\/wp-content\/uploads\/sites\/6\/2025\/08\/28095552\/billabong.jpg\",\"width\":287,\"height\":175},{\"@type\":\"BreadcrumbList\",\"@id\":\"https:\/\/coincards.com\/eu\/product\/billabong-online-gift-card-electronic-delivery-france\/#breadcrumb\",\"itemListElement\":[{\"@type\":\"ListItem\",\"position\":1,\"name\":\"Home\",\"item\":\"https:\/\/coincards.com\/eu\/\"},{\"@type\":\"ListItem\",\"position\":2,\"name\":\"All Gift Cards\",\"item\":\"https:\/\/coincards.com\/eu\/all-gift-cards\/\"},{\"@type\":\"ListItem\",\"position\":3,\"name\":\"Billabong Online Gift Card (Electronic Delivery) (France)\"}]},{\"@type\":\"WebSite\",\"@id\":\"https:\/\/coincards.com\/eu\/#website\",\"url\":\"https:\/\/coincards.com\/eu\/\",\"name\":\"Coincards Europe\",\"description\":\"Austrlia&#039;s #1 Cryptocurrency to Gift Card Exchange Service\",\"potentialAction\":[{\"@type\":\"SearchAction\",\"target\":{\"@type\":\"EntryPoint\",\"urlTemplate\":\"https:\/\/coincards.com\/eu\/?s={search_term_string}\"},\"query-input\":{\"@type\":\"PropertyValueSpecification\",\"valueRequired\":true,\"valueName\":\"search_term_string\"}}],\"inLanguage\":\"en-CA\"}]}<\/script>\n<meta property=\"product:price:amount\" content=\"10.00\" \/>\n<meta property=\"product:price:currency\" content=\"EUR\" \/>\n<meta property=\"og:availability\" content=\"instock\" \/>\n<meta property=\"product:availability\" content=\"instock\" \/>\n<meta property=\"product:condition\" content=\"new\" \/>\n<!-- \/ Yoast SEO Premium plugin. -->","yoast_head_json":{"title":"Billabong Online Gift Card (Electronic Delivery) (France) - Coincards Europe","robots":{"index":"index","follow":"follow","max-snippet":"max-snippet:-1","max-image-preview":"max-image-preview:large","max-video-preview":"max-video-preview:-1"},"canonical":"https:\/\/coincards.com\/eu\/product\/billabong-online-gift-card-electronic-delivery-france\/","og_locale":"en_US","og_type":"article","og_title":"Billabong Online Gift Card (Electronic Delivery) (France)","og_description":"Billabong est une marque australienne sp\u00e9cialis\u00e9e dans les v\u00eatements et \u00e9quipements de surf, snowboard et lifestyle","og_url":"https:\/\/coincards.com\/eu\/product\/billabong-online-gift-card-electronic-delivery-france\/","og_site_name":"Coincards Europe","article_modified_time":"2026-03-19T15:43:01+00:00","og_image":[{"width":287,"height":175,"url":"https:\/\/assets.coincards.com\/wp-content\/uploads\/sites\/6\/2025\/08\/28095552\/billabong.jpg","type":"image\/jpeg"}],"twitter_card":"summary_large_image","twitter_misc":{"Price":"&euro;10.00","Availability":"In stock"},"schema":{"@context":"https:\/\/schema.org","@graph":[{"@type":"WebPage","@id":"https:\/\/coincards.com\/eu\/product\/billabong-online-gift-card-electronic-delivery-france\/","url":"https:\/\/coincards.com\/eu\/product\/billabong-online-gift-card-electronic-delivery-france\/","name":"Billabong Online Gift Card (Electronic Delivery) (France) - Coincards Europe","isPartOf":{"@id":"https:\/\/coincards.com\/eu\/#website"},"primaryImageOfPage":{"@id":"https:\/\/coincards.com\/eu\/product\/billabong-online-gift-card-electronic-delivery-france\/#primaryimage"},"image":{"@id":"https:\/\/coincards.com\/eu\/product\/billabong-online-gift-card-electronic-delivery-france\/#primaryimage"},"thumbnailUrl":"https:\/\/assets.coincards.com\/wp-content\/uploads\/sites\/6\/2025\/08\/28095552\/billabong.jpg","datePublished":"2025-08-28T18:31:14+00:00","dateModified":"2026-03-19T15:43:01+00:00","breadcrumb":{"@id":"https:\/\/coincards.com\/eu\/product\/billabong-online-gift-card-electronic-delivery-france\/#breadcrumb"},"inLanguage":"en-CA","potentialAction":[{"@type":"ReadAction","target":["https:\/\/coincards.com\/eu\/product\/billabong-online-gift-card-electronic-delivery-france\/"]}]},{"@type":"ImageObject","inLanguage":"en-CA","@id":"https:\/\/coincards.com\/eu\/product\/billabong-online-gift-card-electronic-delivery-france\/#primaryimage","url":"https:\/\/assets.coincards.com\/wp-content\/uploads\/sites\/6\/2025\/08\/28095552\/billabong.jpg","contentUrl":"https:\/\/assets.coincards.com\/wp-content\/uploads\/sites\/6\/2025\/08\/28095552\/billabong.jpg","width":287,"height":175},{"@type":"BreadcrumbList","@id":"https:\/\/coincards.com\/eu\/product\/billabong-online-gift-card-electronic-delivery-france\/#breadcrumb","itemListElement":[{"@type":"ListItem","position":1,"name":"Home","item":"https:\/\/coincards.com\/eu\/"},{"@type":"ListItem","position":2,"name":"All Gift Cards","item":"https:\/\/coincards.com\/eu\/all-gift-cards\/"},{"@type":"ListItem","position":3,"name":"Billabong Online Gift Card (Electronic Delivery) (France)"}]},{"@type":"WebSite","@id":"https:\/\/coincards.com\/eu\/#website","url":"https:\/\/coincards.com\/eu\/","name":"Coincards Europe","description":"Austrlia&#039;s #1 Cryptocurrency to Gift Card Exchange Service","potentialAction":[{"@type":"SearchAction","target":{"@type":"EntryPoint","urlTemplate":"https:\/\/coincards.com\/eu\/?s={search_term_string}"},"query-input":{"@type":"PropertyValueSpecification","valueRequired":true,"valueName":"search_term_string"}}],"inLanguage":"en-CA"}]},"product_price_amount":"10.00","product_price_currency":"EUR","og_availability":"instock","product_availability":"instock","product_condition":"new"},"_links":{"self":[{"href":"https:\/\/coincards.com\/eu\/wp-json\/wp\/v2\/product\/7511","targetHints":{"allow":["GET"]}}],"collection":[{"href":"https:\/\/coincards.com\/eu\/wp-json\/wp\/v2\/product"}],"about":[{"href":"https:\/\/coincards.com\/eu\/wp-json\/wp\/v2\/types\/product"}],"replies":[{"embeddable":true,"href":"https:\/\/coincards.com\/eu\/wp-json\/wp\/v2\/comments?post=7511"}],"wp:featuredmedia":[{"embeddable":true,"href":"https:\/\/coincards.com\/eu\/wp-json\/wp\/v2\/media\/7513"}],"wp:attachment":[{"href":"https:\/\/coincards.com\/eu\/wp-json\/wp\/v2\/media?parent=7511"}],"wp:term":[{"taxonomy":"product_cat","embeddable":true,"href":"https:\/\/coincards.com\/eu\/wp-json\/wp\/v2\/product_cat?post=7511"},{"taxonomy":"product_tag","embeddable":true,"href":"https:\/\/coincards.com\/eu\/wp-json\/wp\/v2\/product_tag?post=7511"}],"curies":[{"name":"wp","href":"https:\/\/api.w.org\/{rel}","templated":true}]}}