{"id":7231,"date":"2025-06-11T13:33:56","date_gmt":"2025-06-11T21:33:56","guid":{"rendered":"https:\/\/coincards.com\/eu\/?post_type=product&#038;p=7231"},"modified":"2026-04-10T12:11:55","modified_gmt":"2026-04-10T20:11:55","slug":"amazon-at-online-gift-card-electronic-delivery-austria","status":"publish","type":"product","link":"https:\/\/coincards.com\/eu\/product\/amazon-at-online-gift-card-electronic-delivery-austria\/","title":{"rendered":"Amazon AT Online Gift Card (Electronic Delivery) (Austria)"},"content":{"rendered":"<p>*Amazon.de Gutscheine (\u201eGutscheine\u201c), die von The Voucher Market Ltd, einem zugelassenen Wiederverk\u00e4ufer von Amazon.de Gutscheinen, verkauft werden. Amazon.de Gutscheine (\u201eGutscheine\u201c) sind f\u00fcr den Kauf ausgew\u00e4hlter Produkte auf Amazon.de und bestimmten Partner-Webseiten einl\u00f6sbar. Sie d\u00fcrfen nicht weiterver\u00e4u\u00dfert oder anderweitig gegen Entgelt an Dritte \u00fcbertragen werden, eine Barauszahlung ist ausgeschlossen. Aussteller der Gutscheine ist die Amazon EU S.\u00e0 r.l. in Luxemburg. Weder diese, noch verbundene Unternehmen haften im Fall von Verlust, Diebstahl, Besch\u00e4digung oder Missbrauch eines Gutscheins. Gutscheine k\u00f6nnen auf www.amazon.de\/einloesen eingel\u00f6st werden. Dort finden Sie auch die vollst\u00e4ndigen Gesch\u00e4ftsbedingungen. Alle Amazon \u00ae \u2122 &amp; \u00a9 -Produkte sind Eigentum der Amazon.com, Inc. oder verbundener Unternehmen. Die Gutscheine sind bis zu dem angegeben Ablaufdatum einl\u00f6sbar. Es fallen keine Servicegeb\u00fchren an.<\/p>\n<p>&nbsp;<\/p>\n","protected":false},"excerpt":{"rendered":"<p>Verwenden Sie Ihre Amazon.de-Geschenkkarte * f\u00fcr B\u00fccher, Elektronik, Musik und mehr. Auf der Amazon.de-Website finden und entdecken Sie fast alles, was Sie online zu einem g\u00fcnstigen Preis kaufen m\u00f6chten.<\/p>\n<p><strong>[html_block id=\"427\"]<\/strong><\/p>\n","protected":false},"featured_media":5948,"comment_status":"closed","ping_status":"closed","template":"","meta":{"_exactmetrics_skip_tracking":false,"_exactmetrics_sitenote_active":false,"_exactmetrics_sitenote_note":"","_exactmetrics_sitenote_category":0},"product_cat":[20],"product_tag":[],"class_list":{"0":"post-7231","1":"product","2":"type-product","3":"status-publish","4":"has-post-thumbnail","6":"product_brand-amazon","7":"product_cat-electronic-gift-cards","8":"pa_country-availability-austria","10":"first","11":"instock","12":"virtual","13":"purchasable","14":"product-type-simple","15":"nyp-product"},"yoast_head":"<!-- This site is optimized with the Yoast SEO Premium plugin v20.11 (Yoast SEO v27.3) - https:\/\/yoast.com\/product\/yoast-seo-premium-wordpress\/ -->\n<title>Amazon AT Online Gift Card (Electronic Delivery) (Austria) - Coincards Europe<\/title>\n<meta name=\"robots\" content=\"index, follow, max-snippet:-1, max-image-preview:large, max-video-preview:-1\" \/>\n<link rel=\"canonical\" href=\"https:\/\/coincards.com\/eu\/product\/amazon-at-online-gift-card-electronic-delivery-austria\/\" \/>\n<meta property=\"og:locale\" content=\"en_US\" \/>\n<meta property=\"og:type\" content=\"article\" \/>\n<meta property=\"og:title\" content=\"Amazon AT Online Gift Card (Electronic Delivery) (Austria)\" \/>\n<meta property=\"og:description\" content=\"Verwenden Sie Ihre Amazon.de-Geschenkkarte * f\u00fcr B\u00fccher, Elektronik, Musik und mehr. Auf der Amazon.de-Website finden und entdecken Sie fast alles, was Sie online zu einem g\u00fcnstigen Preis kaufen m\u00f6chten.\" \/>\n<meta property=\"og:url\" content=\"https:\/\/coincards.com\/eu\/product\/amazon-at-online-gift-card-electronic-delivery-austria\/\" \/>\n<meta property=\"og:site_name\" content=\"Coincards Europe\" \/>\n<meta property=\"article:modified_time\" content=\"2026-04-10T20:11:55+00:00\" \/>\n<meta property=\"og:image\" content=\"https:\/\/assets.coincards.com\/wp-content\/uploads\/sites\/6\/2024\/06\/04191541\/amazonde-1.png\" \/>\n\t<meta property=\"og:image:width\" content=\"300\" \/>\n\t<meta property=\"og:image:height\" content=\"188\" \/>\n\t<meta property=\"og:image:type\" content=\"image\/png\" \/>\n<meta name=\"twitter:card\" content=\"summary_large_image\" \/>\n<meta name=\"twitter:label1\" content=\"Price\" \/>\n\t<meta name=\"twitter:data1\" content=\"&euro;5.00\" \/>\n\t<meta name=\"twitter:label2\" content=\"Availability\" \/>\n\t<meta name=\"twitter:data2\" content=\"In stock\" \/>\n<script type=\"application\/ld+json\" class=\"yoast-schema-graph\">{\"@context\":\"https:\\\/\\\/schema.org\",\"@graph\":[{\"@type\":\"WebPage\",\"@id\":\"https:\\\/\\\/coincards.com\\\/eu\\\/product\\\/amazon-at-online-gift-card-electronic-delivery-austria\\\/\",\"url\":\"https:\\\/\\\/coincards.com\\\/eu\\\/product\\\/amazon-at-online-gift-card-electronic-delivery-austria\\\/\",\"name\":\"Amazon AT Online Gift Card (Electronic Delivery) (Austria) - Coincards Europe\",\"isPartOf\":{\"@id\":\"https:\\\/\\\/coincards.com\\\/eu\\\/#website\"},\"primaryImageOfPage\":{\"@id\":\"https:\\\/\\\/coincards.com\\\/eu\\\/product\\\/amazon-at-online-gift-card-electronic-delivery-austria\\\/#primaryimage\"},\"image\":{\"@id\":\"https:\\\/\\\/coincards.com\\\/eu\\\/product\\\/amazon-at-online-gift-card-electronic-delivery-austria\\\/#primaryimage\"},\"thumbnailUrl\":\"https:\\\/\\\/assets.coincards.com\\\/wp-content\\\/uploads\\\/sites\\\/6\\\/2024\\\/06\\\/04191541\\\/amazonde-1.png\",\"datePublished\":\"2025-06-11T21:33:56+00:00\",\"dateModified\":\"2026-04-10T20:11:55+00:00\",\"breadcrumb\":{\"@id\":\"https:\\\/\\\/coincards.com\\\/eu\\\/product\\\/amazon-at-online-gift-card-electronic-delivery-austria\\\/#breadcrumb\"},\"inLanguage\":\"en-CA\",\"potentialAction\":[{\"@type\":\"ReadAction\",\"target\":[\"https:\\\/\\\/coincards.com\\\/eu\\\/product\\\/amazon-at-online-gift-card-electronic-delivery-austria\\\/\"]}]},{\"@type\":\"ImageObject\",\"inLanguage\":\"en-CA\",\"@id\":\"https:\\\/\\\/coincards.com\\\/eu\\\/product\\\/amazon-at-online-gift-card-electronic-delivery-austria\\\/#primaryimage\",\"url\":\"https:\\\/\\\/assets.coincards.com\\\/wp-content\\\/uploads\\\/sites\\\/6\\\/2024\\\/06\\\/04191541\\\/amazonde-1.png\",\"contentUrl\":\"https:\\\/\\\/assets.coincards.com\\\/wp-content\\\/uploads\\\/sites\\\/6\\\/2024\\\/06\\\/04191541\\\/amazonde-1.png\",\"width\":300,\"height\":188},{\"@type\":\"BreadcrumbList\",\"@id\":\"https:\\\/\\\/coincards.com\\\/eu\\\/product\\\/amazon-at-online-gift-card-electronic-delivery-austria\\\/#breadcrumb\",\"itemListElement\":[{\"@type\":\"ListItem\",\"position\":1,\"name\":\"Home\",\"item\":\"https:\\\/\\\/coincards.com\\\/eu\\\/\"},{\"@type\":\"ListItem\",\"position\":2,\"name\":\"All Gift Cards\",\"item\":\"https:\\\/\\\/coincards.com\\\/eu\\\/all-gift-cards\\\/\"},{\"@type\":\"ListItem\",\"position\":3,\"name\":\"Amazon AT Online Gift Card (Electronic Delivery) (Austria)\"}]},{\"@type\":\"WebSite\",\"@id\":\"https:\\\/\\\/coincards.com\\\/eu\\\/#website\",\"url\":\"https:\\\/\\\/coincards.com\\\/eu\\\/\",\"name\":\"Coincards Europe\",\"description\":\"Austrlia&#039;s #1 Cryptocurrency to Gift Card Exchange Service\",\"potentialAction\":[{\"@type\":\"SearchAction\",\"target\":{\"@type\":\"EntryPoint\",\"urlTemplate\":\"https:\\\/\\\/coincards.com\\\/eu\\\/?s={search_term_string}\"},\"query-input\":{\"@type\":\"PropertyValueSpecification\",\"valueRequired\":true,\"valueName\":\"search_term_string\"}}],\"inLanguage\":\"en-CA\"}]}<\/script>\n<meta property=\"product:price:amount\" content=\"5.00\" \/>\n<meta property=\"product:price:currency\" content=\"EUR\" \/>\n<meta property=\"og:availability\" content=\"instock\" \/>\n<meta property=\"product:availability\" content=\"instock\" \/>\n<meta property=\"product:condition\" content=\"new\" \/>\n<!-- \/ Yoast SEO Premium plugin. -->","yoast_head_json":{"title":"Amazon AT Online Gift Card (Electronic Delivery) (Austria) - Coincards Europe","robots":{"index":"index","follow":"follow","max-snippet":"max-snippet:-1","max-image-preview":"max-image-preview:large","max-video-preview":"max-video-preview:-1"},"canonical":"https:\/\/coincards.com\/eu\/product\/amazon-at-online-gift-card-electronic-delivery-austria\/","og_locale":"en_US","og_type":"article","og_title":"Amazon AT Online Gift Card (Electronic Delivery) (Austria)","og_description":"Verwenden Sie Ihre Amazon.de-Geschenkkarte * f\u00fcr B\u00fccher, Elektronik, Musik und mehr. Auf der Amazon.de-Website finden und entdecken Sie fast alles, was Sie online zu einem g\u00fcnstigen Preis kaufen m\u00f6chten.","og_url":"https:\/\/coincards.com\/eu\/product\/amazon-at-online-gift-card-electronic-delivery-austria\/","og_site_name":"Coincards Europe","article_modified_time":"2026-04-10T20:11:55+00:00","og_image":[{"width":300,"height":188,"url":"https:\/\/assets.coincards.com\/wp-content\/uploads\/sites\/6\/2024\/06\/04191541\/amazonde-1.png","type":"image\/png"}],"twitter_card":"summary_large_image","twitter_misc":{"Price":"&euro;5.00","Availability":"In stock"},"schema":{"@context":"https:\/\/schema.org","@graph":[{"@type":"WebPage","@id":"https:\/\/coincards.com\/eu\/product\/amazon-at-online-gift-card-electronic-delivery-austria\/","url":"https:\/\/coincards.com\/eu\/product\/amazon-at-online-gift-card-electronic-delivery-austria\/","name":"Amazon AT Online Gift Card (Electronic Delivery) (Austria) - Coincards Europe","isPartOf":{"@id":"https:\/\/coincards.com\/eu\/#website"},"primaryImageOfPage":{"@id":"https:\/\/coincards.com\/eu\/product\/amazon-at-online-gift-card-electronic-delivery-austria\/#primaryimage"},"image":{"@id":"https:\/\/coincards.com\/eu\/product\/amazon-at-online-gift-card-electronic-delivery-austria\/#primaryimage"},"thumbnailUrl":"https:\/\/assets.coincards.com\/wp-content\/uploads\/sites\/6\/2024\/06\/04191541\/amazonde-1.png","datePublished":"2025-06-11T21:33:56+00:00","dateModified":"2026-04-10T20:11:55+00:00","breadcrumb":{"@id":"https:\/\/coincards.com\/eu\/product\/amazon-at-online-gift-card-electronic-delivery-austria\/#breadcrumb"},"inLanguage":"en-CA","potentialAction":[{"@type":"ReadAction","target":["https:\/\/coincards.com\/eu\/product\/amazon-at-online-gift-card-electronic-delivery-austria\/"]}]},{"@type":"ImageObject","inLanguage":"en-CA","@id":"https:\/\/coincards.com\/eu\/product\/amazon-at-online-gift-card-electronic-delivery-austria\/#primaryimage","url":"https:\/\/assets.coincards.com\/wp-content\/uploads\/sites\/6\/2024\/06\/04191541\/amazonde-1.png","contentUrl":"https:\/\/assets.coincards.com\/wp-content\/uploads\/sites\/6\/2024\/06\/04191541\/amazonde-1.png","width":300,"height":188},{"@type":"BreadcrumbList","@id":"https:\/\/coincards.com\/eu\/product\/amazon-at-online-gift-card-electronic-delivery-austria\/#breadcrumb","itemListElement":[{"@type":"ListItem","position":1,"name":"Home","item":"https:\/\/coincards.com\/eu\/"},{"@type":"ListItem","position":2,"name":"All Gift Cards","item":"https:\/\/coincards.com\/eu\/all-gift-cards\/"},{"@type":"ListItem","position":3,"name":"Amazon AT Online Gift Card (Electronic Delivery) (Austria)"}]},{"@type":"WebSite","@id":"https:\/\/coincards.com\/eu\/#website","url":"https:\/\/coincards.com\/eu\/","name":"Coincards Europe","description":"Austrlia&#039;s #1 Cryptocurrency to Gift Card Exchange Service","potentialAction":[{"@type":"SearchAction","target":{"@type":"EntryPoint","urlTemplate":"https:\/\/coincards.com\/eu\/?s={search_term_string}"},"query-input":{"@type":"PropertyValueSpecification","valueRequired":true,"valueName":"search_term_string"}}],"inLanguage":"en-CA"}]},"product_price_amount":"5.00","product_price_currency":"EUR","og_availability":"instock","product_availability":"instock","product_condition":"new"},"_links":{"self":[{"href":"https:\/\/coincards.com\/eu\/wp-json\/wp\/v2\/product\/7231","targetHints":{"allow":["GET"]}}],"collection":[{"href":"https:\/\/coincards.com\/eu\/wp-json\/wp\/v2\/product"}],"about":[{"href":"https:\/\/coincards.com\/eu\/wp-json\/wp\/v2\/types\/product"}],"replies":[{"embeddable":true,"href":"https:\/\/coincards.com\/eu\/wp-json\/wp\/v2\/comments?post=7231"}],"wp:featuredmedia":[{"embeddable":true,"href":"https:\/\/coincards.com\/eu\/wp-json\/wp\/v2\/media\/5948"}],"wp:attachment":[{"href":"https:\/\/coincards.com\/eu\/wp-json\/wp\/v2\/media?parent=7231"}],"wp:term":[{"taxonomy":"product_cat","embeddable":true,"href":"https:\/\/coincards.com\/eu\/wp-json\/wp\/v2\/product_cat?post=7231"},{"taxonomy":"product_tag","embeddable":true,"href":"https:\/\/coincards.com\/eu\/wp-json\/wp\/v2\/product_tag?post=7231"}],"curies":[{"name":"wp","href":"https:\/\/api.w.org\/{rel}","templated":true}]}}