{"id":6998,"date":"2025-03-19T10:07:50","date_gmt":"2025-03-19T18:07:50","guid":{"rendered":"https:\/\/coincards.com\/eu\/?post_type=product&#038;p=6998"},"modified":"2025-03-19T10:10:12","modified_gmt":"2025-03-19T18:10:12","slug":"hema-es-online-gift-card-electronic-delivery","status":"publish","type":"product","link":"https:\/\/coincards.com\/eu\/product\/hema-es-online-gift-card-electronic-delivery\/","title":{"rendered":"Hema ES Online Gift Card (Electronic Delivery)"},"content":{"rendered":"<p><strong>Terms &amp; Conditions:\u00a0<\/strong><\/p>\n<p>https:\/\/www.hema.com\/<\/p>\n<p><strong>Redemption Instructions:\u00a0<\/strong><\/p>\n<ul>\n<li>Canjea la tarjeta regalo digital en\u00a0<strong>www.hema.nl<\/strong>\u00a0o en una tienda HEMA cercana.<\/li>\n<li>Consulta la tienda HEMA m\u00e1s cercana en el sitio web.<\/li>\n<li>Lleva tu tarjeta regalo digital (impresa) a la tienda para pagar los art\u00edculos.<\/li>\n<li>En los Pa\u00edses Bajos, tambi\u00e9n puedes pagar escaneando el c\u00f3digo de barras desde tu smartphone o tablet. Aseg\u00farate de que la luminosidad de la pantalla est\u00e9 al 100%.<\/li>\n<\/ul>\n","protected":false},"excerpt":{"rendered":"<p>En HEMA encontrar\u00e1s todo lo que necesitas. Desde ropa y decoraci\u00f3n del hogar hasta fotos y pasteles. HEMA tambi\u00e9n es el lugar perfecto para regalos originales. Con la tarjeta regalo HEMA siempre acertar\u00e1s. Utilizable tanto online (solo en www.hema.nl) como en tienda. Puedes comprar en Pa\u00edses Bajos, B\u00e9lgica, Francia, Alemania e incluso Espa\u00f1a.<\/p>\n","protected":false},"featured_media":6995,"comment_status":"closed","ping_status":"closed","template":"","meta":{"_exactmetrics_skip_tracking":false,"_exactmetrics_sitenote_active":false,"_exactmetrics_sitenote_note":"","_exactmetrics_sitenote_category":0},"product_cat":[20],"product_tag":[],"class_list":{"0":"post-6998","1":"product","2":"type-product","3":"status-publish","4":"has-post-thumbnail","6":"product_brand-hema","7":"product_cat-electronic-gift-cards","8":"pa_country-availability-spain","10":"first","11":"instock","12":"virtual","13":"purchasable","14":"product-type-simple","15":"nyp-product"},"yoast_head":"<!-- This site is optimized with the Yoast SEO Premium plugin v20.11 (Yoast SEO v27.3) - https:\/\/yoast.com\/product\/yoast-seo-premium-wordpress\/ -->\n<title>Hema ES Online Gift Card (Electronic Delivery) - Coincards Europe<\/title>\n<meta name=\"robots\" content=\"index, follow, max-snippet:-1, max-image-preview:large, max-video-preview:-1\" \/>\n<link rel=\"canonical\" href=\"https:\/\/coincards.com\/eu\/product\/hema-es-online-gift-card-electronic-delivery\/\" \/>\n<meta property=\"og:locale\" content=\"en_US\" \/>\n<meta property=\"og:type\" content=\"article\" \/>\n<meta property=\"og:title\" content=\"Hema ES Online Gift Card (Electronic Delivery)\" \/>\n<meta property=\"og:description\" content=\"En HEMA encontrar\u00e1s todo lo que necesitas. Desde ropa y decoraci\u00f3n del hogar hasta fotos y pasteles. HEMA tambi\u00e9n es el lugar perfecto para regalos originales. Con la tarjeta regalo HEMA siempre acertar\u00e1s. Utilizable tanto online (solo en www.hema.nl) como en tienda. Puedes comprar en Pa\u00edses Bajos, B\u00e9lgica, Francia, Alemania e incluso Espa\u00f1a.\" \/>\n<meta property=\"og:url\" content=\"https:\/\/coincards.com\/eu\/product\/hema-es-online-gift-card-electronic-delivery\/\" \/>\n<meta property=\"og:site_name\" content=\"Coincards Europe\" \/>\n<meta property=\"article:modified_time\" content=\"2025-03-19T18:10:12+00:00\" \/>\n<meta property=\"og:image\" content=\"https:\/\/assets.coincards.com\/wp-content\/uploads\/sites\/6\/2025\/03\/19100246\/HEMA-AT-card.png\" \/>\n\t<meta property=\"og:image:width\" content=\"675\" \/>\n\t<meta property=\"og:image:height\" content=\"425\" \/>\n\t<meta property=\"og:image:type\" content=\"image\/png\" \/>\n<meta name=\"twitter:card\" content=\"summary_large_image\" \/>\n<meta name=\"twitter:label1\" content=\"Price\" \/>\n\t<meta name=\"twitter:data1\" content=\"&euro;5.00\" \/>\n\t<meta name=\"twitter:label2\" content=\"Availability\" \/>\n\t<meta name=\"twitter:data2\" content=\"In stock\" \/>\n<script type=\"application\/ld+json\" class=\"yoast-schema-graph\">{\"@context\":\"https:\\\/\\\/schema.org\",\"@graph\":[{\"@type\":\"WebPage\",\"@id\":\"https:\\\/\\\/coincards.com\\\/eu\\\/product\\\/hema-es-online-gift-card-electronic-delivery\\\/\",\"url\":\"https:\\\/\\\/coincards.com\\\/eu\\\/product\\\/hema-es-online-gift-card-electronic-delivery\\\/\",\"name\":\"Hema ES Online Gift Card (Electronic Delivery) - Coincards Europe\",\"isPartOf\":{\"@id\":\"https:\\\/\\\/coincards.com\\\/eu\\\/#website\"},\"primaryImageOfPage\":{\"@id\":\"https:\\\/\\\/coincards.com\\\/eu\\\/product\\\/hema-es-online-gift-card-electronic-delivery\\\/#primaryimage\"},\"image\":{\"@id\":\"https:\\\/\\\/coincards.com\\\/eu\\\/product\\\/hema-es-online-gift-card-electronic-delivery\\\/#primaryimage\"},\"thumbnailUrl\":\"https:\\\/\\\/assets.coincards.com\\\/wp-content\\\/uploads\\\/sites\\\/6\\\/2025\\\/03\\\/19100246\\\/HEMA-AT-card.png\",\"datePublished\":\"2025-03-19T18:07:50+00:00\",\"dateModified\":\"2025-03-19T18:10:12+00:00\",\"breadcrumb\":{\"@id\":\"https:\\\/\\\/coincards.com\\\/eu\\\/product\\\/hema-es-online-gift-card-electronic-delivery\\\/#breadcrumb\"},\"inLanguage\":\"en-CA\",\"potentialAction\":[{\"@type\":\"ReadAction\",\"target\":[\"https:\\\/\\\/coincards.com\\\/eu\\\/product\\\/hema-es-online-gift-card-electronic-delivery\\\/\"]}]},{\"@type\":\"ImageObject\",\"inLanguage\":\"en-CA\",\"@id\":\"https:\\\/\\\/coincards.com\\\/eu\\\/product\\\/hema-es-online-gift-card-electronic-delivery\\\/#primaryimage\",\"url\":\"https:\\\/\\\/assets.coincards.com\\\/wp-content\\\/uploads\\\/sites\\\/6\\\/2025\\\/03\\\/19100246\\\/HEMA-AT-card.png\",\"contentUrl\":\"https:\\\/\\\/assets.coincards.com\\\/wp-content\\\/uploads\\\/sites\\\/6\\\/2025\\\/03\\\/19100246\\\/HEMA-AT-card.png\",\"width\":675,\"height\":425},{\"@type\":\"BreadcrumbList\",\"@id\":\"https:\\\/\\\/coincards.com\\\/eu\\\/product\\\/hema-es-online-gift-card-electronic-delivery\\\/#breadcrumb\",\"itemListElement\":[{\"@type\":\"ListItem\",\"position\":1,\"name\":\"Home\",\"item\":\"https:\\\/\\\/coincards.com\\\/eu\\\/\"},{\"@type\":\"ListItem\",\"position\":2,\"name\":\"All Gift Cards\",\"item\":\"https:\\\/\\\/coincards.com\\\/eu\\\/all-gift-cards\\\/\"},{\"@type\":\"ListItem\",\"position\":3,\"name\":\"Hema ES Online Gift Card (Electronic Delivery)\"}]},{\"@type\":\"WebSite\",\"@id\":\"https:\\\/\\\/coincards.com\\\/eu\\\/#website\",\"url\":\"https:\\\/\\\/coincards.com\\\/eu\\\/\",\"name\":\"Coincards Europe\",\"description\":\"Austrlia&#039;s #1 Cryptocurrency to Gift Card Exchange Service\",\"potentialAction\":[{\"@type\":\"SearchAction\",\"target\":{\"@type\":\"EntryPoint\",\"urlTemplate\":\"https:\\\/\\\/coincards.com\\\/eu\\\/?s={search_term_string}\"},\"query-input\":{\"@type\":\"PropertyValueSpecification\",\"valueRequired\":true,\"valueName\":\"search_term_string\"}}],\"inLanguage\":\"en-CA\"}]}<\/script>\n<meta property=\"product:price:amount\" content=\"5.00\" \/>\n<meta property=\"product:price:currency\" content=\"EUR\" \/>\n<meta property=\"og:availability\" content=\"instock\" \/>\n<meta property=\"product:availability\" content=\"instock\" \/>\n<meta property=\"product:condition\" content=\"new\" \/>\n<!-- \/ Yoast SEO Premium plugin. -->","yoast_head_json":{"title":"Hema ES Online Gift Card (Electronic Delivery) - Coincards Europe","robots":{"index":"index","follow":"follow","max-snippet":"max-snippet:-1","max-image-preview":"max-image-preview:large","max-video-preview":"max-video-preview:-1"},"canonical":"https:\/\/coincards.com\/eu\/product\/hema-es-online-gift-card-electronic-delivery\/","og_locale":"en_US","og_type":"article","og_title":"Hema ES Online Gift Card (Electronic Delivery)","og_description":"En HEMA encontrar\u00e1s todo lo que necesitas. Desde ropa y decoraci\u00f3n del hogar hasta fotos y pasteles. HEMA tambi\u00e9n es el lugar perfecto para regalos originales. Con la tarjeta regalo HEMA siempre acertar\u00e1s. Utilizable tanto online (solo en www.hema.nl) como en tienda. Puedes comprar en Pa\u00edses Bajos, B\u00e9lgica, Francia, Alemania e incluso Espa\u00f1a.","og_url":"https:\/\/coincards.com\/eu\/product\/hema-es-online-gift-card-electronic-delivery\/","og_site_name":"Coincards Europe","article_modified_time":"2025-03-19T18:10:12+00:00","og_image":[{"width":675,"height":425,"url":"https:\/\/assets.coincards.com\/wp-content\/uploads\/sites\/6\/2025\/03\/19100246\/HEMA-AT-card.png","type":"image\/png"}],"twitter_card":"summary_large_image","twitter_misc":{"Price":"&euro;5.00","Availability":"In stock"},"schema":{"@context":"https:\/\/schema.org","@graph":[{"@type":"WebPage","@id":"https:\/\/coincards.com\/eu\/product\/hema-es-online-gift-card-electronic-delivery\/","url":"https:\/\/coincards.com\/eu\/product\/hema-es-online-gift-card-electronic-delivery\/","name":"Hema ES Online Gift Card (Electronic Delivery) - Coincards Europe","isPartOf":{"@id":"https:\/\/coincards.com\/eu\/#website"},"primaryImageOfPage":{"@id":"https:\/\/coincards.com\/eu\/product\/hema-es-online-gift-card-electronic-delivery\/#primaryimage"},"image":{"@id":"https:\/\/coincards.com\/eu\/product\/hema-es-online-gift-card-electronic-delivery\/#primaryimage"},"thumbnailUrl":"https:\/\/assets.coincards.com\/wp-content\/uploads\/sites\/6\/2025\/03\/19100246\/HEMA-AT-card.png","datePublished":"2025-03-19T18:07:50+00:00","dateModified":"2025-03-19T18:10:12+00:00","breadcrumb":{"@id":"https:\/\/coincards.com\/eu\/product\/hema-es-online-gift-card-electronic-delivery\/#breadcrumb"},"inLanguage":"en-CA","potentialAction":[{"@type":"ReadAction","target":["https:\/\/coincards.com\/eu\/product\/hema-es-online-gift-card-electronic-delivery\/"]}]},{"@type":"ImageObject","inLanguage":"en-CA","@id":"https:\/\/coincards.com\/eu\/product\/hema-es-online-gift-card-electronic-delivery\/#primaryimage","url":"https:\/\/assets.coincards.com\/wp-content\/uploads\/sites\/6\/2025\/03\/19100246\/HEMA-AT-card.png","contentUrl":"https:\/\/assets.coincards.com\/wp-content\/uploads\/sites\/6\/2025\/03\/19100246\/HEMA-AT-card.png","width":675,"height":425},{"@type":"BreadcrumbList","@id":"https:\/\/coincards.com\/eu\/product\/hema-es-online-gift-card-electronic-delivery\/#breadcrumb","itemListElement":[{"@type":"ListItem","position":1,"name":"Home","item":"https:\/\/coincards.com\/eu\/"},{"@type":"ListItem","position":2,"name":"All Gift Cards","item":"https:\/\/coincards.com\/eu\/all-gift-cards\/"},{"@type":"ListItem","position":3,"name":"Hema ES Online Gift Card (Electronic Delivery)"}]},{"@type":"WebSite","@id":"https:\/\/coincards.com\/eu\/#website","url":"https:\/\/coincards.com\/eu\/","name":"Coincards Europe","description":"Austrlia&#039;s #1 Cryptocurrency to Gift Card Exchange Service","potentialAction":[{"@type":"SearchAction","target":{"@type":"EntryPoint","urlTemplate":"https:\/\/coincards.com\/eu\/?s={search_term_string}"},"query-input":{"@type":"PropertyValueSpecification","valueRequired":true,"valueName":"search_term_string"}}],"inLanguage":"en-CA"}]},"product_price_amount":"5.00","product_price_currency":"EUR","og_availability":"instock","product_availability":"instock","product_condition":"new"},"_links":{"self":[{"href":"https:\/\/coincards.com\/eu\/wp-json\/wp\/v2\/product\/6998","targetHints":{"allow":["GET"]}}],"collection":[{"href":"https:\/\/coincards.com\/eu\/wp-json\/wp\/v2\/product"}],"about":[{"href":"https:\/\/coincards.com\/eu\/wp-json\/wp\/v2\/types\/product"}],"replies":[{"embeddable":true,"href":"https:\/\/coincards.com\/eu\/wp-json\/wp\/v2\/comments?post=6998"}],"wp:featuredmedia":[{"embeddable":true,"href":"https:\/\/coincards.com\/eu\/wp-json\/wp\/v2\/media\/6995"}],"wp:attachment":[{"href":"https:\/\/coincards.com\/eu\/wp-json\/wp\/v2\/media?parent=6998"}],"wp:term":[{"taxonomy":"product_cat","embeddable":true,"href":"https:\/\/coincards.com\/eu\/wp-json\/wp\/v2\/product_cat?post=6998"},{"taxonomy":"product_tag","embeddable":true,"href":"https:\/\/coincards.com\/eu\/wp-json\/wp\/v2\/product_tag?post=6998"}],"curies":[{"name":"wp","href":"https:\/\/api.w.org\/{rel}","templated":true}]}}