{"id":6996,"date":"2025-03-19T10:04:35","date_gmt":"2025-03-19T18:04:35","guid":{"rendered":"https:\/\/coincards.com\/eu\/?post_type=product&#038;p=6996"},"modified":"2025-03-19T10:05:47","modified_gmt":"2025-03-19T18:05:47","slug":"hema-be-online-gift-card-electronic-delivery","status":"publish","type":"product","link":"https:\/\/coincards.com\/eu\/product\/hema-be-online-gift-card-electronic-delivery\/","title":{"rendered":"Hema BE Online Gift Card (Electronic Delivery)"},"content":{"rendered":"<p><strong>Terms &amp; Conditions:\u00a0<\/strong><\/p>\n<p>https:\/\/www.hema.com\/<\/p>\n<p><strong>Redemption Instructions:\u00a0<\/strong><\/p>\n<ul>\n<li>Utilisez la carte-cadeau num\u00e9rique sur\u00a0<strong>www.hema.nl<\/strong>\u00a0ou dans un magasin HEMA pr\u00e8s de chez vous.<\/li>\n<li>Consultez le magasin HEMA le plus proche sur le site web.<\/li>\n<li>Apportez votre carte-cadeau num\u00e9rique (imprim\u00e9e) au magasin pour r\u00e9gler vos achats.<\/li>\n<li>Aux Pays-Bas, vous pouvez \u00e9galement payer en scannant le code-barres depuis votre smartphone ou tablette. Assurez-vous que la luminosit\u00e9 de l&#8217;\u00e9cran est \u00e0 100%.<\/li>\n<\/ul>\n","protected":false},"excerpt":{"rendered":"<p>Chez HEMA, vous trouverez tout ce dont vous avez besoin. Des v\u00eatements \u00e0 la d\u00e9coration d&#8217;int\u00e9rieur, en passant par les photos et les p\u00e2tisseries. HEMA est \u00e9galement l&#8217;endroit id\u00e9al pour des cadeaux originaux. Avec la carte cadeau HEMA, vous ne vous tromperez jamais. Utilisable en ligne (uniquement sur www.hema.nl) et en magasin. Vous pouvez faire vos achats aux Pays-Bas, en Belgique, en France, en Allemagne et m\u00eame en Espagne.<\/p>\n","protected":false},"featured_media":6995,"comment_status":"closed","ping_status":"closed","template":"","meta":{"_exactmetrics_skip_tracking":false,"_exactmetrics_sitenote_active":false,"_exactmetrics_sitenote_note":"","_exactmetrics_sitenote_category":0},"product_cat":[20],"product_tag":[],"class_list":{"0":"post-6996","1":"product","2":"type-product","3":"status-publish","4":"has-post-thumbnail","6":"product_brand-hema","7":"product_cat-electronic-gift-cards","8":"pa_country-availability-belgium","10":"first","11":"instock","12":"virtual","13":"purchasable","14":"product-type-simple","15":"nyp-product"},"yoast_head":"<!-- This site is optimized with the Yoast SEO Premium plugin v20.11 (Yoast SEO v25.8) - https:\/\/yoast.com\/wordpress\/plugins\/seo\/ -->\n<title>Hema BE Online Gift Card (Electronic Delivery) - Coincards Europe<\/title>\n<meta name=\"robots\" content=\"index, follow, max-snippet:-1, max-image-preview:large, max-video-preview:-1\" \/>\n<link rel=\"canonical\" href=\"https:\/\/coincards.com\/eu\/product\/hema-be-online-gift-card-electronic-delivery\/\" \/>\n<meta property=\"og:locale\" content=\"en_US\" \/>\n<meta property=\"og:type\" content=\"article\" \/>\n<meta property=\"og:title\" content=\"Hema BE Online Gift Card (Electronic Delivery)\" \/>\n<meta property=\"og:description\" content=\"Chez HEMA, vous trouverez tout ce dont vous avez besoin. Des v\u00eatements \u00e0 la d\u00e9coration d&#039;int\u00e9rieur, en passant par les photos et les p\u00e2tisseries. HEMA est \u00e9galement l&#039;endroit id\u00e9al pour des cadeaux originaux. Avec la carte cadeau HEMA, vous ne vous tromperez jamais. Utilisable en ligne (uniquement sur www.hema.nl) et en magasin. Vous pouvez faire vos achats aux Pays-Bas, en Belgique, en France, en Allemagne et m\u00eame en Espagne.\" \/>\n<meta property=\"og:url\" content=\"https:\/\/coincards.com\/eu\/product\/hema-be-online-gift-card-electronic-delivery\/\" \/>\n<meta property=\"og:site_name\" content=\"Coincards Europe\" \/>\n<meta property=\"article:modified_time\" content=\"2025-03-19T18:05:47+00:00\" \/>\n<meta property=\"og:image\" content=\"https:\/\/assets.coincards.com\/wp-content\/uploads\/sites\/6\/2025\/03\/19100246\/HEMA-AT-card.png\" \/>\n\t<meta property=\"og:image:width\" content=\"675\" \/>\n\t<meta property=\"og:image:height\" content=\"425\" \/>\n\t<meta property=\"og:image:type\" content=\"image\/png\" \/>\n<meta name=\"twitter:card\" content=\"summary_large_image\" \/>\n<meta name=\"twitter:label1\" content=\"Price\" \/>\n\t<meta name=\"twitter:data1\" content=\"&euro;5.00\" \/>\n\t<meta name=\"twitter:label2\" content=\"Availability\" \/>\n\t<meta name=\"twitter:data2\" content=\"In stock\" \/>\n<script type=\"application\/ld+json\" class=\"yoast-schema-graph\">{\"@context\":\"https:\/\/schema.org\",\"@graph\":[{\"@type\":\"WebPage\",\"@id\":\"https:\/\/coincards.com\/eu\/product\/hema-be-online-gift-card-electronic-delivery\/\",\"url\":\"https:\/\/coincards.com\/eu\/product\/hema-be-online-gift-card-electronic-delivery\/\",\"name\":\"Hema BE Online Gift Card (Electronic Delivery) - Coincards Europe\",\"isPartOf\":{\"@id\":\"https:\/\/coincards.com\/eu\/#website\"},\"primaryImageOfPage\":{\"@id\":\"https:\/\/coincards.com\/eu\/product\/hema-be-online-gift-card-electronic-delivery\/#primaryimage\"},\"image\":{\"@id\":\"https:\/\/coincards.com\/eu\/product\/hema-be-online-gift-card-electronic-delivery\/#primaryimage\"},\"thumbnailUrl\":\"https:\/\/assets.coincards.com\/wp-content\/uploads\/sites\/6\/2025\/03\/19100246\/HEMA-AT-card.png\",\"datePublished\":\"2025-03-19T18:04:35+00:00\",\"dateModified\":\"2025-03-19T18:05:47+00:00\",\"breadcrumb\":{\"@id\":\"https:\/\/coincards.com\/eu\/product\/hema-be-online-gift-card-electronic-delivery\/#breadcrumb\"},\"inLanguage\":\"en-CA\",\"potentialAction\":[{\"@type\":\"ReadAction\",\"target\":[\"https:\/\/coincards.com\/eu\/product\/hema-be-online-gift-card-electronic-delivery\/\"]}]},{\"@type\":\"ImageObject\",\"inLanguage\":\"en-CA\",\"@id\":\"https:\/\/coincards.com\/eu\/product\/hema-be-online-gift-card-electronic-delivery\/#primaryimage\",\"url\":\"https:\/\/assets.coincards.com\/wp-content\/uploads\/sites\/6\/2025\/03\/19100246\/HEMA-AT-card.png\",\"contentUrl\":\"https:\/\/assets.coincards.com\/wp-content\/uploads\/sites\/6\/2025\/03\/19100246\/HEMA-AT-card.png\",\"width\":675,\"height\":425},{\"@type\":\"BreadcrumbList\",\"@id\":\"https:\/\/coincards.com\/eu\/product\/hema-be-online-gift-card-electronic-delivery\/#breadcrumb\",\"itemListElement\":[{\"@type\":\"ListItem\",\"position\":1,\"name\":\"Home\",\"item\":\"https:\/\/coincards.com\/eu\/\"},{\"@type\":\"ListItem\",\"position\":2,\"name\":\"All Gift Cards\",\"item\":\"https:\/\/coincards.com\/eu\/all-gift-cards\/\"},{\"@type\":\"ListItem\",\"position\":3,\"name\":\"Hema BE Online Gift Card (Electronic Delivery)\"}]},{\"@type\":\"WebSite\",\"@id\":\"https:\/\/coincards.com\/eu\/#website\",\"url\":\"https:\/\/coincards.com\/eu\/\",\"name\":\"Coincards Europe\",\"description\":\"Austrlia&#039;s #1 Cryptocurrency to Gift Card Exchange Service\",\"potentialAction\":[{\"@type\":\"SearchAction\",\"target\":{\"@type\":\"EntryPoint\",\"urlTemplate\":\"https:\/\/coincards.com\/eu\/?s={search_term_string}\"},\"query-input\":{\"@type\":\"PropertyValueSpecification\",\"valueRequired\":true,\"valueName\":\"search_term_string\"}}],\"inLanguage\":\"en-CA\"}]}<\/script>\n<meta property=\"product:price:amount\" content=\"5.00\" \/>\n<meta property=\"product:price:currency\" content=\"EUR\" \/>\n<meta property=\"og:availability\" content=\"instock\" \/>\n<meta property=\"product:availability\" content=\"instock\" \/>\n<meta property=\"product:condition\" content=\"new\" \/>\n<!-- \/ Yoast SEO Premium plugin. -->","yoast_head_json":{"title":"Hema BE Online Gift Card (Electronic Delivery) - Coincards Europe","robots":{"index":"index","follow":"follow","max-snippet":"max-snippet:-1","max-image-preview":"max-image-preview:large","max-video-preview":"max-video-preview:-1"},"canonical":"https:\/\/coincards.com\/eu\/product\/hema-be-online-gift-card-electronic-delivery\/","og_locale":"en_US","og_type":"article","og_title":"Hema BE Online Gift Card (Electronic Delivery)","og_description":"Chez HEMA, vous trouverez tout ce dont vous avez besoin. Des v\u00eatements \u00e0 la d\u00e9coration d'int\u00e9rieur, en passant par les photos et les p\u00e2tisseries. HEMA est \u00e9galement l'endroit id\u00e9al pour des cadeaux originaux. Avec la carte cadeau HEMA, vous ne vous tromperez jamais. Utilisable en ligne (uniquement sur www.hema.nl) et en magasin. Vous pouvez faire vos achats aux Pays-Bas, en Belgique, en France, en Allemagne et m\u00eame en Espagne.","og_url":"https:\/\/coincards.com\/eu\/product\/hema-be-online-gift-card-electronic-delivery\/","og_site_name":"Coincards Europe","article_modified_time":"2025-03-19T18:05:47+00:00","og_image":[{"width":675,"height":425,"url":"https:\/\/assets.coincards.com\/wp-content\/uploads\/sites\/6\/2025\/03\/19100246\/HEMA-AT-card.png","type":"image\/png"}],"twitter_card":"summary_large_image","twitter_misc":{"Price":"&euro;5.00","Availability":"In stock"},"schema":{"@context":"https:\/\/schema.org","@graph":[{"@type":"WebPage","@id":"https:\/\/coincards.com\/eu\/product\/hema-be-online-gift-card-electronic-delivery\/","url":"https:\/\/coincards.com\/eu\/product\/hema-be-online-gift-card-electronic-delivery\/","name":"Hema BE Online Gift Card (Electronic Delivery) - Coincards Europe","isPartOf":{"@id":"https:\/\/coincards.com\/eu\/#website"},"primaryImageOfPage":{"@id":"https:\/\/coincards.com\/eu\/product\/hema-be-online-gift-card-electronic-delivery\/#primaryimage"},"image":{"@id":"https:\/\/coincards.com\/eu\/product\/hema-be-online-gift-card-electronic-delivery\/#primaryimage"},"thumbnailUrl":"https:\/\/assets.coincards.com\/wp-content\/uploads\/sites\/6\/2025\/03\/19100246\/HEMA-AT-card.png","datePublished":"2025-03-19T18:04:35+00:00","dateModified":"2025-03-19T18:05:47+00:00","breadcrumb":{"@id":"https:\/\/coincards.com\/eu\/product\/hema-be-online-gift-card-electronic-delivery\/#breadcrumb"},"inLanguage":"en-CA","potentialAction":[{"@type":"ReadAction","target":["https:\/\/coincards.com\/eu\/product\/hema-be-online-gift-card-electronic-delivery\/"]}]},{"@type":"ImageObject","inLanguage":"en-CA","@id":"https:\/\/coincards.com\/eu\/product\/hema-be-online-gift-card-electronic-delivery\/#primaryimage","url":"https:\/\/assets.coincards.com\/wp-content\/uploads\/sites\/6\/2025\/03\/19100246\/HEMA-AT-card.png","contentUrl":"https:\/\/assets.coincards.com\/wp-content\/uploads\/sites\/6\/2025\/03\/19100246\/HEMA-AT-card.png","width":675,"height":425},{"@type":"BreadcrumbList","@id":"https:\/\/coincards.com\/eu\/product\/hema-be-online-gift-card-electronic-delivery\/#breadcrumb","itemListElement":[{"@type":"ListItem","position":1,"name":"Home","item":"https:\/\/coincards.com\/eu\/"},{"@type":"ListItem","position":2,"name":"All Gift Cards","item":"https:\/\/coincards.com\/eu\/all-gift-cards\/"},{"@type":"ListItem","position":3,"name":"Hema BE Online Gift Card (Electronic Delivery)"}]},{"@type":"WebSite","@id":"https:\/\/coincards.com\/eu\/#website","url":"https:\/\/coincards.com\/eu\/","name":"Coincards Europe","description":"Austrlia&#039;s #1 Cryptocurrency to Gift Card Exchange Service","potentialAction":[{"@type":"SearchAction","target":{"@type":"EntryPoint","urlTemplate":"https:\/\/coincards.com\/eu\/?s={search_term_string}"},"query-input":{"@type":"PropertyValueSpecification","valueRequired":true,"valueName":"search_term_string"}}],"inLanguage":"en-CA"}]},"product_price_amount":"5.00","product_price_currency":"EUR","og_availability":"instock","product_availability":"instock","product_condition":"new"},"_links":{"self":[{"href":"https:\/\/coincards.com\/eu\/wp-json\/wp\/v2\/product\/6996","targetHints":{"allow":["GET"]}}],"collection":[{"href":"https:\/\/coincards.com\/eu\/wp-json\/wp\/v2\/product"}],"about":[{"href":"https:\/\/coincards.com\/eu\/wp-json\/wp\/v2\/types\/product"}],"replies":[{"embeddable":true,"href":"https:\/\/coincards.com\/eu\/wp-json\/wp\/v2\/comments?post=6996"}],"wp:featuredmedia":[{"embeddable":true,"href":"https:\/\/coincards.com\/eu\/wp-json\/wp\/v2\/media\/6995"}],"wp:attachment":[{"href":"https:\/\/coincards.com\/eu\/wp-json\/wp\/v2\/media?parent=6996"}],"wp:term":[{"taxonomy":"product_cat","embeddable":true,"href":"https:\/\/coincards.com\/eu\/wp-json\/wp\/v2\/product_cat?post=6996"},{"taxonomy":"product_tag","embeddable":true,"href":"https:\/\/coincards.com\/eu\/wp-json\/wp\/v2\/product_tag?post=6996"}],"curies":[{"name":"wp","href":"https:\/\/api.w.org\/{rel}","templated":true}]}}