{"id":6871,"date":"2025-01-30T10:05:32","date_gmt":"2025-01-30T18:05:32","guid":{"rendered":"https:\/\/coincards.com\/eu\/?post_type=product&#038;p=6871"},"modified":"2025-01-30T10:07:54","modified_gmt":"2025-01-30T18:07:54","slug":"wonderbox-theater-concerts-tours-fr-online-gift-card-electronic-delivery","status":"publish","type":"product","link":"https:\/\/coincards.com\/eu\/product\/wonderbox-theater-concerts-tours-fr-online-gift-card-electronic-delivery\/","title":{"rendered":"Wonderbox &#8211; Theater, Concerts &amp; Tours FR Online Gift Card (Electronic Delivery)"},"content":{"rendered":"<ul>\n<li>Utilisable uniquement sur le site www.ticknbox.com<\/li>\n<li>Valable 20 \u00e0 24 mois<\/li>\n<li>Utilisable en une ou plusieurs fois<\/li>\n<li>Non \u00e9changeable, non remboursable<\/li>\n<li>La Garantie Perte &amp; Vol n&#8217;est pas applicable<\/li>\n<li>Ce Produit est de la marque Tick&#8217;nBox Liste des principaux partenaires<em>\u00a0: France : Equipe de France, FC Nantes, Olympique Lyonnais, AS Saint Etienne , Stade Rennais, SM Caen, Girondins de Bordeaux, AJ Auxerre , AS Nancy-lorraine, FC Metz, OGC Nice, Clermont Foot, Dijon FCO, FC Lorient, Le Havre AC, Stade de Reims, Valenciennes FC, Stade Fran\u00e7ais Paris, ASM Clermont , Lou Rugby, RC Toulon, CA Brive , Castres Olympique, Dragons Catalans, FC Grenoble Rugby, Montpellier Herault Rugby, Provence Rugby, Racing 92, Section Paloise, USAP, USM Sapiac. Espagne : FC Barcelone, Atletico Madrid , Real Betis , Real Sociedad , Sevilla FC Portugal : FC Porto, SL Benfica, Sporting Clube de Portugal Italie : AC Milan, AS Roma, SS Lazio Belgique : Standard de Li\u00e8ge, RSC Anderlecht Stadium Tour : Paris Saint Germain, Olympique Lyonnais, FC Barcelona, Johann Cruyff Arena, Wembley, Benfica Lisbonne.\u00a0<\/em>La liste des partenaires est non exhaustive et peut \u00e9voluer.<\/li>\n<li>Rendez-vous sur www.ticknbox.com pour consulter les CGU.<\/li>\n<\/ul>\n<p>Pour utiliser votre e-carte cadeau, rien de plus simple:<\/p>\n<ul>\n<li>Rendez-vous sur le site\u00a0<a href=\"http:\/\/www.ticknbox.com\/\">www.ticknbox.com<\/a><\/li>\n<li>Cliquez sur \u00ab J\u2019ai une box \u00bb \u00e0 l\u2019aide du code d\u2019activation \u00e0 12 caract\u00e8res indiqu\u00e9s sur la e-carte cadeau<\/li>\n<li>R\u00e9servez en quelques clics l\u2019\u00e9v\u00e9nement que vous souhaitez, \u00e0 la date de votre choix, et recevez automatiquement votre billet par mail, \u00e0 t\u00e9l\u00e9charger ou imprimer<\/li>\n<\/ul>\n","protected":false},"excerpt":{"rendered":"<p>Offrez les meilleures sorties culturelles ( th\u00e9\u00e2tre, visite de ch\u00e2teaux et mus\u00e9es, concerts\u2026). Profitez d&#8217;une exp\u00e9rience unique chez l&#8217;un de nos 70 lieux partenaires : riez aux \u00e9clats devant une session de stand-up dans un Comedy Club, \u00e9merveillez-vous devant la derni\u00e8re pi\u00e8ce d&#8217;un th\u00e9\u00e2tre parisien, laissez-vous porter par un concert dans une salle de jazz ou un op\u00e9ra, ou visitez un somptueux ch\u00e2teau ou un mus\u00e9e.. Ajoutez des participants ou d&#8217;autres options en ligne et en quelques clics, depuis wonderbox-connect.com. Offrez un acc\u00e8s \u00e0 plus de 100 partenaires d&#8217;exception et donnez-leur le choix parmi toute une s\u00e9lection de matchs, de s\u00e9jours, de parcs d&#8217;attractions, de spectacles ou encore de s\u00e9ances de cin\u00e9ma. Ce coffret est valable 24 mois \u00e0 partir de la date d&#8217;achat (prolongation gratuite en ligne). Le nombre de places ou entr\u00e9es incluses peut \u00eatre amen\u00e9 \u00e0 \u00e9voluer en fonction de la grille tarifaire de nos partenaires, de l\u2019\u00e9v\u00e9nement, de la date et cat\u00e9gorie choisie. La liste des \u00e9v\u00e9nements peut \u00e9voluer, retrouvez-la sur wonderbox-connect.com.<\/p>\n","protected":false},"featured_media":6863,"comment_status":"closed","ping_status":"closed","template":"","meta":{"_exactmetrics_skip_tracking":false,"_exactmetrics_sitenote_active":false,"_exactmetrics_sitenote_note":"","_exactmetrics_sitenote_category":0},"product_cat":[20],"product_tag":[],"class_list":{"0":"post-6871","1":"product","2":"type-product","3":"status-publish","4":"has-post-thumbnail","6":"product_brand-wonderbox","7":"product_cat-electronic-gift-cards","8":"pa_country-availability-france","10":"first","11":"instock","12":"shipping-taxable","13":"purchasable","14":"product-type-variable","15":"has-default-attributes"},"yoast_head":"<!-- This site is optimized with the Yoast SEO Premium plugin v20.11 (Yoast SEO v25.8) - https:\/\/yoast.com\/wordpress\/plugins\/seo\/ -->\n<title>Wonderbox - Theater, Concerts &amp; Tours FR Online Gift Card (Electronic Delivery) - Coincards Europe<\/title>\n<meta name=\"robots\" content=\"index, follow, max-snippet:-1, max-image-preview:large, max-video-preview:-1\" \/>\n<link rel=\"canonical\" href=\"https:\/\/coincards.com\/eu\/product\/wonderbox-theater-concerts-tours-fr-online-gift-card-electronic-delivery\/\" \/>\n<meta property=\"og:locale\" content=\"en_US\" \/>\n<meta property=\"og:type\" content=\"article\" \/>\n<meta property=\"og:title\" content=\"Wonderbox - Theater, Concerts &amp; Tours FR Online Gift Card (Electronic Delivery)\" \/>\n<meta property=\"og:description\" content=\"Offrez les meilleures sorties culturelles ( th\u00e9\u00e2tre, visite de ch\u00e2teaux et mus\u00e9es, concerts\u2026). Profitez d&#039;une exp\u00e9rience unique chez l&#039;un de nos 70 lieux partenaires : riez aux \u00e9clats devant une session de stand-up dans un Comedy Club, \u00e9merveillez-vous devant la derni\u00e8re pi\u00e8ce d&#039;un th\u00e9\u00e2tre parisien, laissez-vous porter par un concert dans une salle de jazz ou un op\u00e9ra, ou visitez un somptueux ch\u00e2teau ou un mus\u00e9e.. Ajoutez des participants ou d&#039;autres options en ligne et en quelques clics, depuis wonderbox-connect.com. Offrez un acc\u00e8s \u00e0 plus de 100 partenaires d&#039;exception et donnez-leur le choix parmi toute une s\u00e9lection de matchs, de s\u00e9jours, de parcs d&#039;attractions, de spectacles ou encore de s\u00e9ances de cin\u00e9ma. Ce coffret est valable 24 mois \u00e0 partir de la date d&#039;achat (prolongation gratuite en ligne). Le nombre de places ou entr\u00e9es incluses peut \u00eatre amen\u00e9 \u00e0 \u00e9voluer en fonction de la grille tarifaire de nos partenaires, de l\u2019\u00e9v\u00e9nement, de la date et cat\u00e9gorie choisie. La liste des \u00e9v\u00e9nements peut \u00e9voluer, retrouvez-la sur wonderbox-connect.com.\" \/>\n<meta property=\"og:url\" content=\"https:\/\/coincards.com\/eu\/product\/wonderbox-theater-concerts-tours-fr-online-gift-card-electronic-delivery\/\" \/>\n<meta property=\"og:site_name\" content=\"Coincards Europe\" \/>\n<meta property=\"article:modified_time\" content=\"2025-01-30T18:07:54+00:00\" \/>\n<meta property=\"og:image\" content=\"https:\/\/assets.coincards.com\/wp-content\/uploads\/sites\/6\/2025\/01\/30095428\/WONDPK-FR-card.png\" \/>\n\t<meta property=\"og:image:width\" content=\"675\" \/>\n\t<meta property=\"og:image:height\" content=\"425\" \/>\n\t<meta property=\"og:image:type\" content=\"image\/png\" \/>\n<meta name=\"twitter:card\" content=\"summary_large_image\" \/>\n<meta name=\"twitter:label1\" content=\"Availability\" \/>\n\t<meta name=\"twitter:data1\" content=\"In stock\" \/>\n<script type=\"application\/ld+json\" class=\"yoast-schema-graph\">{\"@context\":\"https:\/\/schema.org\",\"@graph\":[{\"@type\":\"WebPage\",\"@id\":\"https:\/\/coincards.com\/eu\/product\/wonderbox-theater-concerts-tours-fr-online-gift-card-electronic-delivery\/\",\"url\":\"https:\/\/coincards.com\/eu\/product\/wonderbox-theater-concerts-tours-fr-online-gift-card-electronic-delivery\/\",\"name\":\"Wonderbox - Theater, Concerts &amp; Tours FR Online Gift Card (Electronic Delivery) - Coincards Europe\",\"isPartOf\":{\"@id\":\"https:\/\/coincards.com\/eu\/#website\"},\"primaryImageOfPage\":{\"@id\":\"https:\/\/coincards.com\/eu\/product\/wonderbox-theater-concerts-tours-fr-online-gift-card-electronic-delivery\/#primaryimage\"},\"image\":{\"@id\":\"https:\/\/coincards.com\/eu\/product\/wonderbox-theater-concerts-tours-fr-online-gift-card-electronic-delivery\/#primaryimage\"},\"thumbnailUrl\":\"https:\/\/assets.coincards.com\/wp-content\/uploads\/sites\/6\/2025\/01\/30095428\/WONDPK-FR-card.png\",\"datePublished\":\"2025-01-30T18:05:32+00:00\",\"dateModified\":\"2025-01-30T18:07:54+00:00\",\"breadcrumb\":{\"@id\":\"https:\/\/coincards.com\/eu\/product\/wonderbox-theater-concerts-tours-fr-online-gift-card-electronic-delivery\/#breadcrumb\"},\"inLanguage\":\"en-CA\",\"potentialAction\":[{\"@type\":\"ReadAction\",\"target\":[\"https:\/\/coincards.com\/eu\/product\/wonderbox-theater-concerts-tours-fr-online-gift-card-electronic-delivery\/\"]}]},{\"@type\":\"ImageObject\",\"inLanguage\":\"en-CA\",\"@id\":\"https:\/\/coincards.com\/eu\/product\/wonderbox-theater-concerts-tours-fr-online-gift-card-electronic-delivery\/#primaryimage\",\"url\":\"https:\/\/assets.coincards.com\/wp-content\/uploads\/sites\/6\/2025\/01\/30095428\/WONDPK-FR-card.png\",\"contentUrl\":\"https:\/\/assets.coincards.com\/wp-content\/uploads\/sites\/6\/2025\/01\/30095428\/WONDPK-FR-card.png\",\"width\":675,\"height\":425},{\"@type\":\"BreadcrumbList\",\"@id\":\"https:\/\/coincards.com\/eu\/product\/wonderbox-theater-concerts-tours-fr-online-gift-card-electronic-delivery\/#breadcrumb\",\"itemListElement\":[{\"@type\":\"ListItem\",\"position\":1,\"name\":\"Home\",\"item\":\"https:\/\/coincards.com\/eu\/\"},{\"@type\":\"ListItem\",\"position\":2,\"name\":\"All Gift Cards\",\"item\":\"https:\/\/coincards.com\/eu\/all-gift-cards\/\"},{\"@type\":\"ListItem\",\"position\":3,\"name\":\"Wonderbox &#8211; Theater, Concerts &amp; Tours FR Online Gift Card (Electronic Delivery)\"}]},{\"@type\":\"WebSite\",\"@id\":\"https:\/\/coincards.com\/eu\/#website\",\"url\":\"https:\/\/coincards.com\/eu\/\",\"name\":\"Coincards Europe\",\"description\":\"Austrlia&#039;s #1 Cryptocurrency to Gift Card Exchange Service\",\"potentialAction\":[{\"@type\":\"SearchAction\",\"target\":{\"@type\":\"EntryPoint\",\"urlTemplate\":\"https:\/\/coincards.com\/eu\/?s={search_term_string}\"},\"query-input\":{\"@type\":\"PropertyValueSpecification\",\"valueRequired\":true,\"valueName\":\"search_term_string\"}}],\"inLanguage\":\"en-CA\"}]}<\/script>\n<meta property=\"og:availability\" content=\"instock\" \/>\n<meta property=\"product:availability\" content=\"instock\" \/>\n<meta property=\"product:condition\" content=\"new\" \/>\n<!-- \/ Yoast SEO Premium plugin. -->","yoast_head_json":{"title":"Wonderbox - Theater, Concerts &amp; Tours FR Online Gift Card (Electronic Delivery) - Coincards Europe","robots":{"index":"index","follow":"follow","max-snippet":"max-snippet:-1","max-image-preview":"max-image-preview:large","max-video-preview":"max-video-preview:-1"},"canonical":"https:\/\/coincards.com\/eu\/product\/wonderbox-theater-concerts-tours-fr-online-gift-card-electronic-delivery\/","og_locale":"en_US","og_type":"article","og_title":"Wonderbox - Theater, Concerts &amp; Tours FR Online Gift Card (Electronic Delivery)","og_description":"Offrez les meilleures sorties culturelles ( th\u00e9\u00e2tre, visite de ch\u00e2teaux et mus\u00e9es, concerts\u2026). Profitez d'une exp\u00e9rience unique chez l'un de nos 70 lieux partenaires : riez aux \u00e9clats devant une session de stand-up dans un Comedy Club, \u00e9merveillez-vous devant la derni\u00e8re pi\u00e8ce d'un th\u00e9\u00e2tre parisien, laissez-vous porter par un concert dans une salle de jazz ou un op\u00e9ra, ou visitez un somptueux ch\u00e2teau ou un mus\u00e9e.. Ajoutez des participants ou d'autres options en ligne et en quelques clics, depuis wonderbox-connect.com. Offrez un acc\u00e8s \u00e0 plus de 100 partenaires d'exception et donnez-leur le choix parmi toute une s\u00e9lection de matchs, de s\u00e9jours, de parcs d'attractions, de spectacles ou encore de s\u00e9ances de cin\u00e9ma. Ce coffret est valable 24 mois \u00e0 partir de la date d'achat (prolongation gratuite en ligne). Le nombre de places ou entr\u00e9es incluses peut \u00eatre amen\u00e9 \u00e0 \u00e9voluer en fonction de la grille tarifaire de nos partenaires, de l\u2019\u00e9v\u00e9nement, de la date et cat\u00e9gorie choisie. La liste des \u00e9v\u00e9nements peut \u00e9voluer, retrouvez-la sur wonderbox-connect.com.","og_url":"https:\/\/coincards.com\/eu\/product\/wonderbox-theater-concerts-tours-fr-online-gift-card-electronic-delivery\/","og_site_name":"Coincards Europe","article_modified_time":"2025-01-30T18:07:54+00:00","og_image":[{"width":675,"height":425,"url":"https:\/\/assets.coincards.com\/wp-content\/uploads\/sites\/6\/2025\/01\/30095428\/WONDPK-FR-card.png","type":"image\/png"}],"twitter_card":"summary_large_image","twitter_misc":{"Availability":"In stock"},"schema":{"@context":"https:\/\/schema.org","@graph":[{"@type":"WebPage","@id":"https:\/\/coincards.com\/eu\/product\/wonderbox-theater-concerts-tours-fr-online-gift-card-electronic-delivery\/","url":"https:\/\/coincards.com\/eu\/product\/wonderbox-theater-concerts-tours-fr-online-gift-card-electronic-delivery\/","name":"Wonderbox - Theater, Concerts &amp; Tours FR Online Gift Card (Electronic Delivery) - Coincards Europe","isPartOf":{"@id":"https:\/\/coincards.com\/eu\/#website"},"primaryImageOfPage":{"@id":"https:\/\/coincards.com\/eu\/product\/wonderbox-theater-concerts-tours-fr-online-gift-card-electronic-delivery\/#primaryimage"},"image":{"@id":"https:\/\/coincards.com\/eu\/product\/wonderbox-theater-concerts-tours-fr-online-gift-card-electronic-delivery\/#primaryimage"},"thumbnailUrl":"https:\/\/assets.coincards.com\/wp-content\/uploads\/sites\/6\/2025\/01\/30095428\/WONDPK-FR-card.png","datePublished":"2025-01-30T18:05:32+00:00","dateModified":"2025-01-30T18:07:54+00:00","breadcrumb":{"@id":"https:\/\/coincards.com\/eu\/product\/wonderbox-theater-concerts-tours-fr-online-gift-card-electronic-delivery\/#breadcrumb"},"inLanguage":"en-CA","potentialAction":[{"@type":"ReadAction","target":["https:\/\/coincards.com\/eu\/product\/wonderbox-theater-concerts-tours-fr-online-gift-card-electronic-delivery\/"]}]},{"@type":"ImageObject","inLanguage":"en-CA","@id":"https:\/\/coincards.com\/eu\/product\/wonderbox-theater-concerts-tours-fr-online-gift-card-electronic-delivery\/#primaryimage","url":"https:\/\/assets.coincards.com\/wp-content\/uploads\/sites\/6\/2025\/01\/30095428\/WONDPK-FR-card.png","contentUrl":"https:\/\/assets.coincards.com\/wp-content\/uploads\/sites\/6\/2025\/01\/30095428\/WONDPK-FR-card.png","width":675,"height":425},{"@type":"BreadcrumbList","@id":"https:\/\/coincards.com\/eu\/product\/wonderbox-theater-concerts-tours-fr-online-gift-card-electronic-delivery\/#breadcrumb","itemListElement":[{"@type":"ListItem","position":1,"name":"Home","item":"https:\/\/coincards.com\/eu\/"},{"@type":"ListItem","position":2,"name":"All Gift Cards","item":"https:\/\/coincards.com\/eu\/all-gift-cards\/"},{"@type":"ListItem","position":3,"name":"Wonderbox &#8211; Theater, Concerts &amp; Tours FR Online Gift Card (Electronic Delivery)"}]},{"@type":"WebSite","@id":"https:\/\/coincards.com\/eu\/#website","url":"https:\/\/coincards.com\/eu\/","name":"Coincards Europe","description":"Austrlia&#039;s #1 Cryptocurrency to Gift Card Exchange Service","potentialAction":[{"@type":"SearchAction","target":{"@type":"EntryPoint","urlTemplate":"https:\/\/coincards.com\/eu\/?s={search_term_string}"},"query-input":{"@type":"PropertyValueSpecification","valueRequired":true,"valueName":"search_term_string"}}],"inLanguage":"en-CA"}]},"og_availability":"instock","product_availability":"instock","product_condition":"new"},"_links":{"self":[{"href":"https:\/\/coincards.com\/eu\/wp-json\/wp\/v2\/product\/6871","targetHints":{"allow":["GET"]}}],"collection":[{"href":"https:\/\/coincards.com\/eu\/wp-json\/wp\/v2\/product"}],"about":[{"href":"https:\/\/coincards.com\/eu\/wp-json\/wp\/v2\/types\/product"}],"replies":[{"embeddable":true,"href":"https:\/\/coincards.com\/eu\/wp-json\/wp\/v2\/comments?post=6871"}],"wp:featuredmedia":[{"embeddable":true,"href":"https:\/\/coincards.com\/eu\/wp-json\/wp\/v2\/media\/6863"}],"wp:attachment":[{"href":"https:\/\/coincards.com\/eu\/wp-json\/wp\/v2\/media?parent=6871"}],"wp:term":[{"taxonomy":"product_cat","embeddable":true,"href":"https:\/\/coincards.com\/eu\/wp-json\/wp\/v2\/product_cat?post=6871"},{"taxonomy":"product_tag","embeddable":true,"href":"https:\/\/coincards.com\/eu\/wp-json\/wp\/v2\/product_tag?post=6871"}],"curies":[{"name":"wp","href":"https:\/\/api.w.org\/{rel}","templated":true}]}}