{"id":6749,"date":"2025-01-08T09:36:06","date_gmt":"2025-01-08T17:36:06","guid":{"rendered":"https:\/\/coincards.com\/eu\/?post_type=product&#038;p=6749"},"modified":"2025-01-08T09:36:07","modified_gmt":"2025-01-08T17:36:07","slug":"global-hotel-card-online-gift-card-electronic-delivery-austria","status":"publish","type":"product","link":"https:\/\/coincards.com\/eu\/product\/global-hotel-card-online-gift-card-electronic-delivery-austria\/","title":{"rendered":"Global Hotel Card Online Gift Card (Electronic Delivery) (Austria)"},"content":{"rendered":"<p>Die Global Hotel Card wird von Global Hotel Card, Inc. ausgestellt, und die Nutzung der Website www.GlobalHotelCard.com und der Geschenkkarte stellt die Annahme dieser Allgemeinen Gesch\u00e4ftsbedingungen dar, die jederzeit ge\u00e4ndert werden k\u00f6nnen. Die vollst\u00e4ndigen Gesch\u00e4ftsbedingungen finden Sie unter https:\/\/globalhotelcard.com\/terms-and-conditions. Geschenkkarten verfallen nicht.<\/p>\n<p>Sachen zu wissen:<\/p>\n<ol>\n<li>Durchsuchen Sie unsere Unterkunftsdatenbank in der W\u00e4hrung Ihrer Geschenkkarte und buchen Sie Ihren Aufenthalt ausschlie\u00dflich online unter www.globalhotelcard.com.<\/li>\n<li>Wenden Sie den 16- oder 19-stelligen Geschenkkartencode und die 4 oder 8-stellige PIN als vollst\u00e4ndige oder teilweise Zahlung der Buchung an. Sie k\u00f6nnen bis zu vier Geschenkkarten pro Reservierung verwenden. Verwenden Sie einfach den Wert Ihrer Geschenkkarte f\u00fcr die vollst\u00e4ndige oder teilweise Zahlung der Reservierung. Der Restbetrag kann bei Bedarf mit einer g\u00e4ngigen Kreditkarte bezahlt werden. Geschenkkarten verfallen nicht.<\/li>\n<li>Ihre Reservierungen werden per E-Mail direkt von Global Hotel Card best\u00e4tigt. Legen Sie beim Check-in einfach Ihre Buchungsbest\u00e4tigung und einen amtlichen Ausweis f\u00fcr die im Voraus bezahlte Reservierung vor.<\/li>\n<li>Sie k\u00f6nnen Ihre Reservierung ONLINE geb\u00fchrenfrei stornieren, WENN die Stornierung online auf www.globalhotelcard.com erfolgt und den Regeln der Stornierungsbedingungen entspricht.<\/li>\n<li>Wenn Sie Hilfe bei der Verwendung der Global Hotel Card ben\u00f6tigen, senden Sie uns bitte eine E-Mail an help@globalhotelcard.com und geben Sie so viele Details wie m\u00f6glich an, damit wir Sie besser bedienen k\u00f6nnen.<\/li>\n<\/ol>\n<p>&nbsp;<\/p>\n","protected":false},"excerpt":{"rendered":"<p>Die Global Hotel Card Powered by Expedia Partner Solutions ist die f\u00fchrende Geschenkkarte f\u00fcr Hotels, Resorts, Ferienwohnungen und Privath\u00e4user weltweit. W\u00e4hlen Sie aus \u00fcber 500.000 Unterk\u00fcnften weltweit in \u00fcber 200 L\u00e4ndern. Wir bieten \u00fcber 350 gro\u00dfe Hotelmarken an, darunter Marriott, Accor, Intercontinental, Hyatt, Hilton Best Western und viele weitere Boutiquen, Bed &amp; Breakfast und unabh\u00e4ngige Hotels. Unsere Website umfasst \u00fcber 150.000 Ferienwohnungen und Privath\u00e4user weltweit von Vacation Rental By Owner (VRBO).<\/p>\n","protected":false},"featured_media":6750,"comment_status":"closed","ping_status":"closed","template":"","meta":{"_exactmetrics_skip_tracking":false,"_exactmetrics_sitenote_active":false,"_exactmetrics_sitenote_note":"","_exactmetrics_sitenote_category":0},"product_cat":[15],"product_tag":[],"class_list":{"0":"post-6749","1":"product","2":"type-product","3":"status-publish","4":"has-post-thumbnail","6":"product_brand-global-hotel-card","7":"product_cat-uncategorized","8":"pa_country-availability-austria","10":"first","11":"instock","12":"virtual","13":"purchasable","14":"product-type-simple","15":"nyp-product"},"yoast_head":"<!-- This site is optimized with the Yoast SEO Premium plugin v20.11 (Yoast SEO v25.8) - https:\/\/yoast.com\/wordpress\/plugins\/seo\/ -->\n<title>Global Hotel Card Online Gift Card (Electronic Delivery) (Austria) - Coincards Europe<\/title>\n<meta name=\"robots\" content=\"index, follow, max-snippet:-1, max-image-preview:large, max-video-preview:-1\" \/>\n<link rel=\"canonical\" href=\"https:\/\/coincards.com\/eu\/product\/global-hotel-card-online-gift-card-electronic-delivery-austria\/\" \/>\n<meta property=\"og:locale\" content=\"en_US\" \/>\n<meta property=\"og:type\" content=\"article\" \/>\n<meta property=\"og:title\" content=\"Global Hotel Card Online Gift Card (Electronic Delivery) (Austria)\" \/>\n<meta property=\"og:description\" content=\"Die Global Hotel Card Powered by Expedia Partner Solutions ist die f\u00fchrende Geschenkkarte f\u00fcr Hotels, Resorts, Ferienwohnungen und Privath\u00e4user weltweit. W\u00e4hlen Sie aus \u00fcber 500.000 Unterk\u00fcnften weltweit in \u00fcber 200 L\u00e4ndern. Wir bieten \u00fcber 350 gro\u00dfe Hotelmarken an, darunter Marriott, Accor, Intercontinental, Hyatt, Hilton Best Western und viele weitere Boutiquen, Bed &amp; Breakfast und unabh\u00e4ngige Hotels. Unsere Website umfasst \u00fcber 150.000 Ferienwohnungen und Privath\u00e4user weltweit von Vacation Rental By Owner (VRBO).\" \/>\n<meta property=\"og:url\" content=\"https:\/\/coincards.com\/eu\/product\/global-hotel-card-online-gift-card-electronic-delivery-austria\/\" \/>\n<meta property=\"og:site_name\" content=\"Coincards Europe\" \/>\n<meta property=\"article:modified_time\" content=\"2025-01-08T17:36:07+00:00\" \/>\n<meta property=\"og:image\" content=\"https:\/\/assets.coincards.com\/wp-content\/uploads\/sites\/6\/2025\/01\/08093427\/global-hotel.png\" \/>\n\t<meta property=\"og:image:width\" content=\"675\" \/>\n\t<meta property=\"og:image:height\" content=\"425\" \/>\n\t<meta property=\"og:image:type\" content=\"image\/png\" \/>\n<meta name=\"twitter:card\" content=\"summary_large_image\" \/>\n<meta name=\"twitter:label1\" content=\"Price\" \/>\n\t<meta name=\"twitter:data1\" content=\"&euro;50.00\" \/>\n\t<meta name=\"twitter:label2\" content=\"Availability\" \/>\n\t<meta name=\"twitter:data2\" content=\"In stock\" \/>\n<script type=\"application\/ld+json\" class=\"yoast-schema-graph\">{\"@context\":\"https:\/\/schema.org\",\"@graph\":[{\"@type\":\"WebPage\",\"@id\":\"https:\/\/coincards.com\/eu\/product\/global-hotel-card-online-gift-card-electronic-delivery-austria\/\",\"url\":\"https:\/\/coincards.com\/eu\/product\/global-hotel-card-online-gift-card-electronic-delivery-austria\/\",\"name\":\"Global Hotel Card Online Gift Card (Electronic Delivery) (Austria) - Coincards Europe\",\"isPartOf\":{\"@id\":\"https:\/\/coincards.com\/eu\/#website\"},\"primaryImageOfPage\":{\"@id\":\"https:\/\/coincards.com\/eu\/product\/global-hotel-card-online-gift-card-electronic-delivery-austria\/#primaryimage\"},\"image\":{\"@id\":\"https:\/\/coincards.com\/eu\/product\/global-hotel-card-online-gift-card-electronic-delivery-austria\/#primaryimage\"},\"thumbnailUrl\":\"https:\/\/assets.coincards.com\/wp-content\/uploads\/sites\/6\/2025\/01\/08093427\/global-hotel.png\",\"datePublished\":\"2025-01-08T17:36:06+00:00\",\"dateModified\":\"2025-01-08T17:36:07+00:00\",\"breadcrumb\":{\"@id\":\"https:\/\/coincards.com\/eu\/product\/global-hotel-card-online-gift-card-electronic-delivery-austria\/#breadcrumb\"},\"inLanguage\":\"en-CA\",\"potentialAction\":[{\"@type\":\"ReadAction\",\"target\":[\"https:\/\/coincards.com\/eu\/product\/global-hotel-card-online-gift-card-electronic-delivery-austria\/\"]}]},{\"@type\":\"ImageObject\",\"inLanguage\":\"en-CA\",\"@id\":\"https:\/\/coincards.com\/eu\/product\/global-hotel-card-online-gift-card-electronic-delivery-austria\/#primaryimage\",\"url\":\"https:\/\/assets.coincards.com\/wp-content\/uploads\/sites\/6\/2025\/01\/08093427\/global-hotel.png\",\"contentUrl\":\"https:\/\/assets.coincards.com\/wp-content\/uploads\/sites\/6\/2025\/01\/08093427\/global-hotel.png\",\"width\":675,\"height\":425},{\"@type\":\"BreadcrumbList\",\"@id\":\"https:\/\/coincards.com\/eu\/product\/global-hotel-card-online-gift-card-electronic-delivery-austria\/#breadcrumb\",\"itemListElement\":[{\"@type\":\"ListItem\",\"position\":1,\"name\":\"Home\",\"item\":\"https:\/\/coincards.com\/eu\/\"},{\"@type\":\"ListItem\",\"position\":2,\"name\":\"All Gift Cards\",\"item\":\"https:\/\/coincards.com\/eu\/all-gift-cards\/\"},{\"@type\":\"ListItem\",\"position\":3,\"name\":\"Global Hotel Card Online Gift Card (Electronic Delivery) (Austria)\"}]},{\"@type\":\"WebSite\",\"@id\":\"https:\/\/coincards.com\/eu\/#website\",\"url\":\"https:\/\/coincards.com\/eu\/\",\"name\":\"Coincards Europe\",\"description\":\"Austrlia&#039;s #1 Cryptocurrency to Gift Card Exchange Service\",\"potentialAction\":[{\"@type\":\"SearchAction\",\"target\":{\"@type\":\"EntryPoint\",\"urlTemplate\":\"https:\/\/coincards.com\/eu\/?s={search_term_string}\"},\"query-input\":{\"@type\":\"PropertyValueSpecification\",\"valueRequired\":true,\"valueName\":\"search_term_string\"}}],\"inLanguage\":\"en-CA\"}]}<\/script>\n<meta property=\"product:price:amount\" content=\"50.00\" \/>\n<meta property=\"product:price:currency\" content=\"EUR\" \/>\n<meta property=\"og:availability\" content=\"instock\" \/>\n<meta property=\"product:availability\" content=\"instock\" \/>\n<meta property=\"product:condition\" content=\"new\" \/>\n<!-- \/ Yoast SEO Premium plugin. -->","yoast_head_json":{"title":"Global Hotel Card Online Gift Card (Electronic Delivery) (Austria) - Coincards Europe","robots":{"index":"index","follow":"follow","max-snippet":"max-snippet:-1","max-image-preview":"max-image-preview:large","max-video-preview":"max-video-preview:-1"},"canonical":"https:\/\/coincards.com\/eu\/product\/global-hotel-card-online-gift-card-electronic-delivery-austria\/","og_locale":"en_US","og_type":"article","og_title":"Global Hotel Card Online Gift Card (Electronic Delivery) (Austria)","og_description":"Die Global Hotel Card Powered by Expedia Partner Solutions ist die f\u00fchrende Geschenkkarte f\u00fcr Hotels, Resorts, Ferienwohnungen und Privath\u00e4user weltweit. W\u00e4hlen Sie aus \u00fcber 500.000 Unterk\u00fcnften weltweit in \u00fcber 200 L\u00e4ndern. Wir bieten \u00fcber 350 gro\u00dfe Hotelmarken an, darunter Marriott, Accor, Intercontinental, Hyatt, Hilton Best Western und viele weitere Boutiquen, Bed &amp; Breakfast und unabh\u00e4ngige Hotels. Unsere Website umfasst \u00fcber 150.000 Ferienwohnungen und Privath\u00e4user weltweit von Vacation Rental By Owner (VRBO).","og_url":"https:\/\/coincards.com\/eu\/product\/global-hotel-card-online-gift-card-electronic-delivery-austria\/","og_site_name":"Coincards Europe","article_modified_time":"2025-01-08T17:36:07+00:00","og_image":[{"width":675,"height":425,"url":"https:\/\/assets.coincards.com\/wp-content\/uploads\/sites\/6\/2025\/01\/08093427\/global-hotel.png","type":"image\/png"}],"twitter_card":"summary_large_image","twitter_misc":{"Price":"&euro;50.00","Availability":"In stock"},"schema":{"@context":"https:\/\/schema.org","@graph":[{"@type":"WebPage","@id":"https:\/\/coincards.com\/eu\/product\/global-hotel-card-online-gift-card-electronic-delivery-austria\/","url":"https:\/\/coincards.com\/eu\/product\/global-hotel-card-online-gift-card-electronic-delivery-austria\/","name":"Global Hotel Card Online Gift Card (Electronic Delivery) (Austria) - Coincards Europe","isPartOf":{"@id":"https:\/\/coincards.com\/eu\/#website"},"primaryImageOfPage":{"@id":"https:\/\/coincards.com\/eu\/product\/global-hotel-card-online-gift-card-electronic-delivery-austria\/#primaryimage"},"image":{"@id":"https:\/\/coincards.com\/eu\/product\/global-hotel-card-online-gift-card-electronic-delivery-austria\/#primaryimage"},"thumbnailUrl":"https:\/\/assets.coincards.com\/wp-content\/uploads\/sites\/6\/2025\/01\/08093427\/global-hotel.png","datePublished":"2025-01-08T17:36:06+00:00","dateModified":"2025-01-08T17:36:07+00:00","breadcrumb":{"@id":"https:\/\/coincards.com\/eu\/product\/global-hotel-card-online-gift-card-electronic-delivery-austria\/#breadcrumb"},"inLanguage":"en-CA","potentialAction":[{"@type":"ReadAction","target":["https:\/\/coincards.com\/eu\/product\/global-hotel-card-online-gift-card-electronic-delivery-austria\/"]}]},{"@type":"ImageObject","inLanguage":"en-CA","@id":"https:\/\/coincards.com\/eu\/product\/global-hotel-card-online-gift-card-electronic-delivery-austria\/#primaryimage","url":"https:\/\/assets.coincards.com\/wp-content\/uploads\/sites\/6\/2025\/01\/08093427\/global-hotel.png","contentUrl":"https:\/\/assets.coincards.com\/wp-content\/uploads\/sites\/6\/2025\/01\/08093427\/global-hotel.png","width":675,"height":425},{"@type":"BreadcrumbList","@id":"https:\/\/coincards.com\/eu\/product\/global-hotel-card-online-gift-card-electronic-delivery-austria\/#breadcrumb","itemListElement":[{"@type":"ListItem","position":1,"name":"Home","item":"https:\/\/coincards.com\/eu\/"},{"@type":"ListItem","position":2,"name":"All Gift Cards","item":"https:\/\/coincards.com\/eu\/all-gift-cards\/"},{"@type":"ListItem","position":3,"name":"Global Hotel Card Online Gift Card (Electronic Delivery) (Austria)"}]},{"@type":"WebSite","@id":"https:\/\/coincards.com\/eu\/#website","url":"https:\/\/coincards.com\/eu\/","name":"Coincards Europe","description":"Austrlia&#039;s #1 Cryptocurrency to Gift Card Exchange Service","potentialAction":[{"@type":"SearchAction","target":{"@type":"EntryPoint","urlTemplate":"https:\/\/coincards.com\/eu\/?s={search_term_string}"},"query-input":{"@type":"PropertyValueSpecification","valueRequired":true,"valueName":"search_term_string"}}],"inLanguage":"en-CA"}]},"product_price_amount":"50.00","product_price_currency":"EUR","og_availability":"instock","product_availability":"instock","product_condition":"new"},"_links":{"self":[{"href":"https:\/\/coincards.com\/eu\/wp-json\/wp\/v2\/product\/6749","targetHints":{"allow":["GET"]}}],"collection":[{"href":"https:\/\/coincards.com\/eu\/wp-json\/wp\/v2\/product"}],"about":[{"href":"https:\/\/coincards.com\/eu\/wp-json\/wp\/v2\/types\/product"}],"replies":[{"embeddable":true,"href":"https:\/\/coincards.com\/eu\/wp-json\/wp\/v2\/comments?post=6749"}],"wp:featuredmedia":[{"embeddable":true,"href":"https:\/\/coincards.com\/eu\/wp-json\/wp\/v2\/media\/6750"}],"wp:attachment":[{"href":"https:\/\/coincards.com\/eu\/wp-json\/wp\/v2\/media?parent=6749"}],"wp:term":[{"taxonomy":"product_cat","embeddable":true,"href":"https:\/\/coincards.com\/eu\/wp-json\/wp\/v2\/product_cat?post=6749"},{"taxonomy":"product_tag","embeddable":true,"href":"https:\/\/coincards.com\/eu\/wp-json\/wp\/v2\/product_tag?post=6749"}],"curies":[{"name":"wp","href":"https:\/\/api.w.org\/{rel}","templated":true}]}}