{"id":6653,"date":"2024-12-19T12:55:07","date_gmt":"2024-12-19T20:55:07","guid":{"rendered":"https:\/\/coincards.com\/eu\/?post_type=product&#038;p=6653"},"modified":"2024-12-19T12:56:21","modified_gmt":"2024-12-19T20:56:21","slug":"suitable-nl-online-gift-card-electronic-delivery","status":"publish","type":"product","link":"https:\/\/coincards.com\/eu\/product\/suitable-nl-online-gift-card-electronic-delivery\/","title":{"rendered":"Suitable NL Online Gift Card (Electronic Delivery)"},"content":{"rendered":"<p><strong>Terms &amp; Conditions:\u00a0<\/strong><\/p>\n<p>\u2022 De giftcard is in delen te besteden. Meerdere giftcards tegelijk inwisselen is niet mogelijk. \u2022 De giftcard is in te wisselen op het volledige assortiment van Suitable. \u2022 Prijswijzigingen voorbehouden. De prijzen van de producten kunnen het gehele jaar wijzigen. \u2022 De giftcard behoudt (gedeeltelijk) zijn waarde totdat het tegoed op is of de geldigheid verlopen is. \u2022 De giftcard is niet geldig in combinatie met andere aanbiedingen en kan niet worden ingewisseld tegen contant geld.<\/p>\n<p><strong>Redemption Instructions:\u00a0<\/strong><\/p>\n<p>\u2022 Inwisselen kan in de online shop van Suitable https:\/\/www.suitable.nl \u2022 Of in \u00e9\u00e9n van de 17 Winkels in Nederland of Belgi\u00eb (Antwerpen). Bekijk alle winkels op https:\/\/www.suitableshop.nl\/winkels\/ \u2022 De giftcard kan ingewisseld worden bij de \u201cBetaling\u201d \u2022 Eventuele bijbetalingen kunnen veilig en snel via iDEAL of CreditCard plaatsvinden \u2022 De producten worden gratis toegestuurd<\/p>\n","protected":false},"excerpt":{"rendered":"<p>Zoek je een stijlvol geschenk voor een man die alles al heeft? Of wil je iemand verrassen met een nieuwe outfit? Dan is de Suitable Gift Card iets voor jou! Of je nu kiest voor ons eigen Suitable label of een van de andere topmerken, samen maken we slimme stijlkeuzes die passen bij je karakter, bouw en gelegenheid waarvoor je je kleedt. Je kunt ieder gewenst bedrag op de kaart plaatsen en deze gebruiken in alle 17 Suitable winkels en webshop. Fairtrade keurmerk In de Suitable Respect kledinglijn wordt Fairtrade katoen gebruikt. Suitable is \u00e9\u00e9n van de eerste herenmodeketens in Nederland die Fairtrade katoen gebruikt. Dit is een belangrijke erkenning van alle inspanningen om kwalitatieve kleding zo duurzaam en eerlijk mogelijk te produceren tegen een aantrekkelijke prijs. De artikelen zijn zowel online als in een van de 17 Suitable winkels in Nederland en Belgi\u00eb verkrijgbaar. In 2023 is Suitable voor de derde keer op rij uitgeroepen tot beste herenmode webshop tijdens de Shopping Awards.<\/p>\n","protected":false},"featured_media":6650,"comment_status":"closed","ping_status":"closed","template":"","meta":{"_exactmetrics_skip_tracking":false,"_exactmetrics_sitenote_active":false,"_exactmetrics_sitenote_note":"","_exactmetrics_sitenote_category":0},"product_cat":[20],"product_tag":[],"class_list":{"0":"post-6653","1":"product","2":"type-product","3":"status-publish","4":"has-post-thumbnail","6":"product_brand-suitable","7":"product_cat-electronic-gift-cards","8":"pa_country-availability-netherlands","10":"first","11":"instock","12":"virtual","13":"purchasable","14":"product-type-simple","15":"nyp-product"},"yoast_head":"<!-- This site is optimized with the Yoast SEO Premium plugin v20.11 (Yoast SEO v25.8) - https:\/\/yoast.com\/wordpress\/plugins\/seo\/ -->\n<title>Suitable NL Online Gift Card (Electronic Delivery) - Coincards Europe<\/title>\n<meta name=\"robots\" content=\"index, follow, max-snippet:-1, max-image-preview:large, max-video-preview:-1\" \/>\n<link rel=\"canonical\" href=\"https:\/\/coincards.com\/eu\/product\/suitable-nl-online-gift-card-electronic-delivery\/\" \/>\n<meta property=\"og:locale\" content=\"en_US\" \/>\n<meta property=\"og:type\" content=\"article\" \/>\n<meta property=\"og:title\" content=\"Suitable NL Online Gift Card (Electronic Delivery)\" \/>\n<meta property=\"og:description\" content=\"Zoek je een stijlvol geschenk voor een man die alles al heeft? Of wil je iemand verrassen met een nieuwe outfit? Dan is de Suitable Gift Card iets voor jou! Of je nu kiest voor ons eigen Suitable label of een van de andere topmerken, samen maken we slimme stijlkeuzes die passen bij je karakter, bouw en gelegenheid waarvoor je je kleedt. Je kunt ieder gewenst bedrag op de kaart plaatsen en deze gebruiken in alle 17 Suitable winkels en webshop. Fairtrade keurmerk In de Suitable Respect kledinglijn wordt Fairtrade katoen gebruikt. Suitable is \u00e9\u00e9n van de eerste herenmodeketens in Nederland die Fairtrade katoen gebruikt. Dit is een belangrijke erkenning van alle inspanningen om kwalitatieve kleding zo duurzaam en eerlijk mogelijk te produceren tegen een aantrekkelijke prijs. De artikelen zijn zowel online als in een van de 17 Suitable winkels in Nederland en Belgi\u00eb verkrijgbaar. In 2023 is Suitable voor de derde keer op rij uitgeroepen tot beste herenmode webshop tijdens de Shopping Awards.\" \/>\n<meta property=\"og:url\" content=\"https:\/\/coincards.com\/eu\/product\/suitable-nl-online-gift-card-electronic-delivery\/\" \/>\n<meta property=\"og:site_name\" content=\"Coincards Europe\" \/>\n<meta property=\"article:modified_time\" content=\"2024-12-19T20:56:21+00:00\" \/>\n<meta property=\"og:image\" content=\"https:\/\/assets.coincards.com\/wp-content\/uploads\/sites\/6\/2024\/12\/19124526\/suitable.png\" \/>\n\t<meta property=\"og:image:width\" content=\"675\" \/>\n\t<meta property=\"og:image:height\" content=\"425\" \/>\n\t<meta property=\"og:image:type\" content=\"image\/png\" \/>\n<meta name=\"twitter:card\" content=\"summary_large_image\" \/>\n<meta name=\"twitter:label1\" content=\"Price\" \/>\n\t<meta name=\"twitter:data1\" content=\"&euro;15.00\" \/>\n\t<meta name=\"twitter:label2\" content=\"Availability\" \/>\n\t<meta name=\"twitter:data2\" content=\"In stock\" \/>\n<script type=\"application\/ld+json\" class=\"yoast-schema-graph\">{\"@context\":\"https:\/\/schema.org\",\"@graph\":[{\"@type\":\"WebPage\",\"@id\":\"https:\/\/coincards.com\/eu\/product\/suitable-nl-online-gift-card-electronic-delivery\/\",\"url\":\"https:\/\/coincards.com\/eu\/product\/suitable-nl-online-gift-card-electronic-delivery\/\",\"name\":\"Suitable NL Online Gift Card (Electronic Delivery) - Coincards Europe\",\"isPartOf\":{\"@id\":\"https:\/\/coincards.com\/eu\/#website\"},\"primaryImageOfPage\":{\"@id\":\"https:\/\/coincards.com\/eu\/product\/suitable-nl-online-gift-card-electronic-delivery\/#primaryimage\"},\"image\":{\"@id\":\"https:\/\/coincards.com\/eu\/product\/suitable-nl-online-gift-card-electronic-delivery\/#primaryimage\"},\"thumbnailUrl\":\"https:\/\/assets.coincards.com\/wp-content\/uploads\/sites\/6\/2024\/12\/19124526\/suitable.png\",\"datePublished\":\"2024-12-19T20:55:07+00:00\",\"dateModified\":\"2024-12-19T20:56:21+00:00\",\"breadcrumb\":{\"@id\":\"https:\/\/coincards.com\/eu\/product\/suitable-nl-online-gift-card-electronic-delivery\/#breadcrumb\"},\"inLanguage\":\"en-CA\",\"potentialAction\":[{\"@type\":\"ReadAction\",\"target\":[\"https:\/\/coincards.com\/eu\/product\/suitable-nl-online-gift-card-electronic-delivery\/\"]}]},{\"@type\":\"ImageObject\",\"inLanguage\":\"en-CA\",\"@id\":\"https:\/\/coincards.com\/eu\/product\/suitable-nl-online-gift-card-electronic-delivery\/#primaryimage\",\"url\":\"https:\/\/assets.coincards.com\/wp-content\/uploads\/sites\/6\/2024\/12\/19124526\/suitable.png\",\"contentUrl\":\"https:\/\/assets.coincards.com\/wp-content\/uploads\/sites\/6\/2024\/12\/19124526\/suitable.png\",\"width\":675,\"height\":425},{\"@type\":\"BreadcrumbList\",\"@id\":\"https:\/\/coincards.com\/eu\/product\/suitable-nl-online-gift-card-electronic-delivery\/#breadcrumb\",\"itemListElement\":[{\"@type\":\"ListItem\",\"position\":1,\"name\":\"Home\",\"item\":\"https:\/\/coincards.com\/eu\/\"},{\"@type\":\"ListItem\",\"position\":2,\"name\":\"All Gift Cards\",\"item\":\"https:\/\/coincards.com\/eu\/all-gift-cards\/\"},{\"@type\":\"ListItem\",\"position\":3,\"name\":\"Suitable NL Online Gift Card (Electronic Delivery)\"}]},{\"@type\":\"WebSite\",\"@id\":\"https:\/\/coincards.com\/eu\/#website\",\"url\":\"https:\/\/coincards.com\/eu\/\",\"name\":\"Coincards Europe\",\"description\":\"Austrlia&#039;s #1 Cryptocurrency to Gift Card Exchange Service\",\"potentialAction\":[{\"@type\":\"SearchAction\",\"target\":{\"@type\":\"EntryPoint\",\"urlTemplate\":\"https:\/\/coincards.com\/eu\/?s={search_term_string}\"},\"query-input\":{\"@type\":\"PropertyValueSpecification\",\"valueRequired\":true,\"valueName\":\"search_term_string\"}}],\"inLanguage\":\"en-CA\"}]}<\/script>\n<meta property=\"product:price:amount\" content=\"15.00\" \/>\n<meta property=\"product:price:currency\" content=\"EUR\" \/>\n<meta property=\"og:availability\" content=\"instock\" \/>\n<meta property=\"product:availability\" content=\"instock\" \/>\n<meta property=\"product:condition\" content=\"new\" \/>\n<!-- \/ Yoast SEO Premium plugin. -->","yoast_head_json":{"title":"Suitable NL Online Gift Card (Electronic Delivery) - Coincards Europe","robots":{"index":"index","follow":"follow","max-snippet":"max-snippet:-1","max-image-preview":"max-image-preview:large","max-video-preview":"max-video-preview:-1"},"canonical":"https:\/\/coincards.com\/eu\/product\/suitable-nl-online-gift-card-electronic-delivery\/","og_locale":"en_US","og_type":"article","og_title":"Suitable NL Online Gift Card (Electronic Delivery)","og_description":"Zoek je een stijlvol geschenk voor een man die alles al heeft? Of wil je iemand verrassen met een nieuwe outfit? Dan is de Suitable Gift Card iets voor jou! Of je nu kiest voor ons eigen Suitable label of een van de andere topmerken, samen maken we slimme stijlkeuzes die passen bij je karakter, bouw en gelegenheid waarvoor je je kleedt. Je kunt ieder gewenst bedrag op de kaart plaatsen en deze gebruiken in alle 17 Suitable winkels en webshop. Fairtrade keurmerk In de Suitable Respect kledinglijn wordt Fairtrade katoen gebruikt. Suitable is \u00e9\u00e9n van de eerste herenmodeketens in Nederland die Fairtrade katoen gebruikt. Dit is een belangrijke erkenning van alle inspanningen om kwalitatieve kleding zo duurzaam en eerlijk mogelijk te produceren tegen een aantrekkelijke prijs. De artikelen zijn zowel online als in een van de 17 Suitable winkels in Nederland en Belgi\u00eb verkrijgbaar. In 2023 is Suitable voor de derde keer op rij uitgeroepen tot beste herenmode webshop tijdens de Shopping Awards.","og_url":"https:\/\/coincards.com\/eu\/product\/suitable-nl-online-gift-card-electronic-delivery\/","og_site_name":"Coincards Europe","article_modified_time":"2024-12-19T20:56:21+00:00","og_image":[{"width":675,"height":425,"url":"https:\/\/assets.coincards.com\/wp-content\/uploads\/sites\/6\/2024\/12\/19124526\/suitable.png","type":"image\/png"}],"twitter_card":"summary_large_image","twitter_misc":{"Price":"&euro;15.00","Availability":"In stock"},"schema":{"@context":"https:\/\/schema.org","@graph":[{"@type":"WebPage","@id":"https:\/\/coincards.com\/eu\/product\/suitable-nl-online-gift-card-electronic-delivery\/","url":"https:\/\/coincards.com\/eu\/product\/suitable-nl-online-gift-card-electronic-delivery\/","name":"Suitable NL Online Gift Card (Electronic Delivery) - Coincards Europe","isPartOf":{"@id":"https:\/\/coincards.com\/eu\/#website"},"primaryImageOfPage":{"@id":"https:\/\/coincards.com\/eu\/product\/suitable-nl-online-gift-card-electronic-delivery\/#primaryimage"},"image":{"@id":"https:\/\/coincards.com\/eu\/product\/suitable-nl-online-gift-card-electronic-delivery\/#primaryimage"},"thumbnailUrl":"https:\/\/assets.coincards.com\/wp-content\/uploads\/sites\/6\/2024\/12\/19124526\/suitable.png","datePublished":"2024-12-19T20:55:07+00:00","dateModified":"2024-12-19T20:56:21+00:00","breadcrumb":{"@id":"https:\/\/coincards.com\/eu\/product\/suitable-nl-online-gift-card-electronic-delivery\/#breadcrumb"},"inLanguage":"en-CA","potentialAction":[{"@type":"ReadAction","target":["https:\/\/coincards.com\/eu\/product\/suitable-nl-online-gift-card-electronic-delivery\/"]}]},{"@type":"ImageObject","inLanguage":"en-CA","@id":"https:\/\/coincards.com\/eu\/product\/suitable-nl-online-gift-card-electronic-delivery\/#primaryimage","url":"https:\/\/assets.coincards.com\/wp-content\/uploads\/sites\/6\/2024\/12\/19124526\/suitable.png","contentUrl":"https:\/\/assets.coincards.com\/wp-content\/uploads\/sites\/6\/2024\/12\/19124526\/suitable.png","width":675,"height":425},{"@type":"BreadcrumbList","@id":"https:\/\/coincards.com\/eu\/product\/suitable-nl-online-gift-card-electronic-delivery\/#breadcrumb","itemListElement":[{"@type":"ListItem","position":1,"name":"Home","item":"https:\/\/coincards.com\/eu\/"},{"@type":"ListItem","position":2,"name":"All Gift Cards","item":"https:\/\/coincards.com\/eu\/all-gift-cards\/"},{"@type":"ListItem","position":3,"name":"Suitable NL Online Gift Card (Electronic Delivery)"}]},{"@type":"WebSite","@id":"https:\/\/coincards.com\/eu\/#website","url":"https:\/\/coincards.com\/eu\/","name":"Coincards Europe","description":"Austrlia&#039;s #1 Cryptocurrency to Gift Card Exchange Service","potentialAction":[{"@type":"SearchAction","target":{"@type":"EntryPoint","urlTemplate":"https:\/\/coincards.com\/eu\/?s={search_term_string}"},"query-input":{"@type":"PropertyValueSpecification","valueRequired":true,"valueName":"search_term_string"}}],"inLanguage":"en-CA"}]},"product_price_amount":"15.00","product_price_currency":"EUR","og_availability":"instock","product_availability":"instock","product_condition":"new"},"_links":{"self":[{"href":"https:\/\/coincards.com\/eu\/wp-json\/wp\/v2\/product\/6653","targetHints":{"allow":["GET"]}}],"collection":[{"href":"https:\/\/coincards.com\/eu\/wp-json\/wp\/v2\/product"}],"about":[{"href":"https:\/\/coincards.com\/eu\/wp-json\/wp\/v2\/types\/product"}],"replies":[{"embeddable":true,"href":"https:\/\/coincards.com\/eu\/wp-json\/wp\/v2\/comments?post=6653"}],"wp:featuredmedia":[{"embeddable":true,"href":"https:\/\/coincards.com\/eu\/wp-json\/wp\/v2\/media\/6650"}],"wp:attachment":[{"href":"https:\/\/coincards.com\/eu\/wp-json\/wp\/v2\/media?parent=6653"}],"wp:term":[{"taxonomy":"product_cat","embeddable":true,"href":"https:\/\/coincards.com\/eu\/wp-json\/wp\/v2\/product_cat?post=6653"},{"taxonomy":"product_tag","embeddable":true,"href":"https:\/\/coincards.com\/eu\/wp-json\/wp\/v2\/product_tag?post=6653"}],"curies":[{"name":"wp","href":"https:\/\/api.w.org\/{rel}","templated":true}]}}