{"id":6652,"date":"2024-12-19T12:53:36","date_gmt":"2024-12-19T20:53:36","guid":{"rendered":"https:\/\/coincards.com\/eu\/?post_type=product&#038;p=6652"},"modified":"2024-12-19T12:57:28","modified_gmt":"2024-12-19T20:57:28","slug":"suitable-germany-online-gift-card-electronic-delivery","status":"publish","type":"product","link":"https:\/\/coincards.com\/eu\/product\/suitable-germany-online-gift-card-electronic-delivery\/","title":{"rendered":"Suitable DE Online Gift Card (Electronic Delivery)"},"content":{"rendered":"<p><strong>Terms &amp; Conditions:\u00a0<\/strong><\/p>\n<ul>\n<li>Der Geschenkgutschein kann in Teilen eingel\u00f6st werden. Es ist nicht m\u00f6glich, mehrere Geschenkkarten auf einmal einzul\u00f6sen.<\/li>\n<li>Der Geschenkgutschein kann auf das gesamte Sortiment von Suitable eingel\u00f6st werden.<\/li>\n<li>Preis\u00e4nderungen vorbehalten. Die Produktpreise k\u00f6nnen sich im Laufe des Jahres \u00e4ndern.<\/li>\n<li>Die Geschenkkarte beh\u00e4lt ihren Wert (teilweise), bis das Guthaben aufgebraucht ist oder die G\u00fcltigkeit abgelaufen ist.<\/li>\n<li>Der Geschenkgutschein ist nicht mit anderen Angeboten kombinierbar und kann nicht gegen Bargeld eingel\u00f6st werden.<\/li>\n<\/ul>\n<p><strong>Redemption Instructions:\u00a0<\/strong><\/p>\n<ul>\n<li>Einl\u00f6sbar im Online Shop von Suitable https:\/\/www.suitable.de<\/li>\n<li>Die Geschenkkarte kann unter &#8220;Bezahlung&#8221; eingel\u00f6st werden.<\/li>\n<li>Alle weiteren Zahlungen k\u00f6nnen sicher und schnell per iDEAL oder Kreditkarte vorgenommen werden.<\/li>\n<li>Der Versand der Produkte ist kostenlos<\/li>\n<\/ul>\n","protected":false},"excerpt":{"rendered":"<p>Suchen Sie ein stilvolles Geschenk f\u00fcr einen Mann, der schon alles hat? Oder wollen Sie jemanden mit einem neuen Outfit \u00fcberraschen? Dann ist die Suitable-Geschenkkarte genau das Richtige f\u00fcr Sie! Ganz gleich, ob Sie sich f\u00fcr unser eigenes Label Suitable oder eine der anderen Top-Marken entscheiden, gemeinsam treffen wir eine clevere Stilwahl, die zu Ihrem Charakter, Ihrem K\u00f6rperbau und dem Anlass, f\u00fcr den Sie sich kleiden, passt. Sie k\u00f6nnen einen beliebigen Betrag auf die Karte setzen und sie in allen 17 Suitable-Gesch\u00e4ften und im Webshop einl\u00f6sen. Fairtrade-Siegel F\u00fcr die Bekleidungslinie Suitable Respect wird Fairtrade-Baumwolle verwendet. Suitable ist eine der ersten Herrenbekleidungsketten in den Niederlanden, die Fairtrade-Baumwolle verwendet. Dies ist eine wichtige Anerkennung f\u00fcr alle Bem\u00fchungen, Qualit\u00e4tskleidung so nachhaltig und fair wie m\u00f6glich zu einem attraktiven Preis zu produzieren. Die Artikel sind sowohl online als auch in einem der 17 Suitable-L\u00e4den in den Niederlanden und Belgien erh\u00e4ltlich. Im Jahr 2023 wurde Suitable bei den Shopping Awards zum dritten Mal in Folge zum besten Webshop f\u00fcr Herrenbekleidung gew\u00e4hlt.<\/p>\n","protected":false},"featured_media":6650,"comment_status":"closed","ping_status":"closed","template":"","meta":{"_exactmetrics_skip_tracking":false,"_exactmetrics_sitenote_active":false,"_exactmetrics_sitenote_note":"","_exactmetrics_sitenote_category":0},"product_cat":[20],"product_tag":[],"class_list":{"0":"post-6652","1":"product","2":"type-product","3":"status-publish","4":"has-post-thumbnail","6":"product_brand-suitable","7":"product_cat-electronic-gift-cards","8":"pa_country-availability-germany","10":"first","11":"instock","12":"virtual","13":"purchasable","14":"product-type-simple","15":"nyp-product"},"yoast_head":"<!-- This site is optimized with the Yoast SEO Premium plugin v20.11 (Yoast SEO v27.3) - https:\/\/yoast.com\/product\/yoast-seo-premium-wordpress\/ -->\n<title>Suitable DE Online Gift Card (Electronic Delivery) - Coincards Europe<\/title>\n<meta name=\"robots\" content=\"index, follow, max-snippet:-1, max-image-preview:large, max-video-preview:-1\" \/>\n<link rel=\"canonical\" href=\"https:\/\/coincards.com\/eu\/product\/suitable-germany-online-gift-card-electronic-delivery\/\" \/>\n<meta property=\"og:locale\" content=\"en_US\" \/>\n<meta property=\"og:type\" content=\"article\" \/>\n<meta property=\"og:title\" content=\"Suitable DE Online Gift Card (Electronic Delivery)\" \/>\n<meta property=\"og:description\" content=\"Suchen Sie ein stilvolles Geschenk f\u00fcr einen Mann, der schon alles hat? Oder wollen Sie jemanden mit einem neuen Outfit \u00fcberraschen? Dann ist die Suitable-Geschenkkarte genau das Richtige f\u00fcr Sie! Ganz gleich, ob Sie sich f\u00fcr unser eigenes Label Suitable oder eine der anderen Top-Marken entscheiden, gemeinsam treffen wir eine clevere Stilwahl, die zu Ihrem Charakter, Ihrem K\u00f6rperbau und dem Anlass, f\u00fcr den Sie sich kleiden, passt. Sie k\u00f6nnen einen beliebigen Betrag auf die Karte setzen und sie in allen 17 Suitable-Gesch\u00e4ften und im Webshop einl\u00f6sen. Fairtrade-Siegel F\u00fcr die Bekleidungslinie Suitable Respect wird Fairtrade-Baumwolle verwendet. Suitable ist eine der ersten Herrenbekleidungsketten in den Niederlanden, die Fairtrade-Baumwolle verwendet. Dies ist eine wichtige Anerkennung f\u00fcr alle Bem\u00fchungen, Qualit\u00e4tskleidung so nachhaltig und fair wie m\u00f6glich zu einem attraktiven Preis zu produzieren. Die Artikel sind sowohl online als auch in einem der 17 Suitable-L\u00e4den in den Niederlanden und Belgien erh\u00e4ltlich. Im Jahr 2023 wurde Suitable bei den Shopping Awards zum dritten Mal in Folge zum besten Webshop f\u00fcr Herrenbekleidung gew\u00e4hlt.\" \/>\n<meta property=\"og:url\" content=\"https:\/\/coincards.com\/eu\/product\/suitable-germany-online-gift-card-electronic-delivery\/\" \/>\n<meta property=\"og:site_name\" content=\"Coincards Europe\" \/>\n<meta property=\"article:modified_time\" content=\"2024-12-19T20:57:28+00:00\" \/>\n<meta property=\"og:image\" content=\"https:\/\/assets.coincards.com\/wp-content\/uploads\/sites\/6\/2024\/12\/19124526\/suitable.png\" \/>\n\t<meta property=\"og:image:width\" content=\"675\" \/>\n\t<meta property=\"og:image:height\" content=\"425\" \/>\n\t<meta property=\"og:image:type\" content=\"image\/png\" \/>\n<meta name=\"twitter:card\" content=\"summary_large_image\" \/>\n<meta name=\"twitter:label1\" content=\"Price\" \/>\n\t<meta name=\"twitter:data1\" content=\"&euro;15.00\" \/>\n\t<meta name=\"twitter:label2\" content=\"Availability\" \/>\n\t<meta name=\"twitter:data2\" content=\"In stock\" \/>\n<script type=\"application\/ld+json\" class=\"yoast-schema-graph\">{\"@context\":\"https:\\\/\\\/schema.org\",\"@graph\":[{\"@type\":\"WebPage\",\"@id\":\"https:\\\/\\\/coincards.com\\\/eu\\\/product\\\/suitable-germany-online-gift-card-electronic-delivery\\\/\",\"url\":\"https:\\\/\\\/coincards.com\\\/eu\\\/product\\\/suitable-germany-online-gift-card-electronic-delivery\\\/\",\"name\":\"Suitable DE Online Gift Card (Electronic Delivery) - Coincards Europe\",\"isPartOf\":{\"@id\":\"https:\\\/\\\/coincards.com\\\/eu\\\/#website\"},\"primaryImageOfPage\":{\"@id\":\"https:\\\/\\\/coincards.com\\\/eu\\\/product\\\/suitable-germany-online-gift-card-electronic-delivery\\\/#primaryimage\"},\"image\":{\"@id\":\"https:\\\/\\\/coincards.com\\\/eu\\\/product\\\/suitable-germany-online-gift-card-electronic-delivery\\\/#primaryimage\"},\"thumbnailUrl\":\"https:\\\/\\\/assets.coincards.com\\\/wp-content\\\/uploads\\\/sites\\\/6\\\/2024\\\/12\\\/19124526\\\/suitable.png\",\"datePublished\":\"2024-12-19T20:53:36+00:00\",\"dateModified\":\"2024-12-19T20:57:28+00:00\",\"breadcrumb\":{\"@id\":\"https:\\\/\\\/coincards.com\\\/eu\\\/product\\\/suitable-germany-online-gift-card-electronic-delivery\\\/#breadcrumb\"},\"inLanguage\":\"en-CA\",\"potentialAction\":[{\"@type\":\"ReadAction\",\"target\":[\"https:\\\/\\\/coincards.com\\\/eu\\\/product\\\/suitable-germany-online-gift-card-electronic-delivery\\\/\"]}]},{\"@type\":\"ImageObject\",\"inLanguage\":\"en-CA\",\"@id\":\"https:\\\/\\\/coincards.com\\\/eu\\\/product\\\/suitable-germany-online-gift-card-electronic-delivery\\\/#primaryimage\",\"url\":\"https:\\\/\\\/assets.coincards.com\\\/wp-content\\\/uploads\\\/sites\\\/6\\\/2024\\\/12\\\/19124526\\\/suitable.png\",\"contentUrl\":\"https:\\\/\\\/assets.coincards.com\\\/wp-content\\\/uploads\\\/sites\\\/6\\\/2024\\\/12\\\/19124526\\\/suitable.png\",\"width\":675,\"height\":425},{\"@type\":\"BreadcrumbList\",\"@id\":\"https:\\\/\\\/coincards.com\\\/eu\\\/product\\\/suitable-germany-online-gift-card-electronic-delivery\\\/#breadcrumb\",\"itemListElement\":[{\"@type\":\"ListItem\",\"position\":1,\"name\":\"Home\",\"item\":\"https:\\\/\\\/coincards.com\\\/eu\\\/\"},{\"@type\":\"ListItem\",\"position\":2,\"name\":\"All Gift Cards\",\"item\":\"https:\\\/\\\/coincards.com\\\/eu\\\/all-gift-cards\\\/\"},{\"@type\":\"ListItem\",\"position\":3,\"name\":\"Suitable DE Online Gift Card (Electronic Delivery)\"}]},{\"@type\":\"WebSite\",\"@id\":\"https:\\\/\\\/coincards.com\\\/eu\\\/#website\",\"url\":\"https:\\\/\\\/coincards.com\\\/eu\\\/\",\"name\":\"Coincards Europe\",\"description\":\"Austrlia&#039;s #1 Cryptocurrency to Gift Card Exchange Service\",\"potentialAction\":[{\"@type\":\"SearchAction\",\"target\":{\"@type\":\"EntryPoint\",\"urlTemplate\":\"https:\\\/\\\/coincards.com\\\/eu\\\/?s={search_term_string}\"},\"query-input\":{\"@type\":\"PropertyValueSpecification\",\"valueRequired\":true,\"valueName\":\"search_term_string\"}}],\"inLanguage\":\"en-CA\"}]}<\/script>\n<meta property=\"product:price:amount\" content=\"15.00\" \/>\n<meta property=\"product:price:currency\" content=\"EUR\" \/>\n<meta property=\"og:availability\" content=\"instock\" \/>\n<meta property=\"product:availability\" content=\"instock\" \/>\n<meta property=\"product:condition\" content=\"new\" \/>\n<!-- \/ Yoast SEO Premium plugin. -->","yoast_head_json":{"title":"Suitable DE Online Gift Card (Electronic Delivery) - Coincards Europe","robots":{"index":"index","follow":"follow","max-snippet":"max-snippet:-1","max-image-preview":"max-image-preview:large","max-video-preview":"max-video-preview:-1"},"canonical":"https:\/\/coincards.com\/eu\/product\/suitable-germany-online-gift-card-electronic-delivery\/","og_locale":"en_US","og_type":"article","og_title":"Suitable DE Online Gift Card (Electronic Delivery)","og_description":"Suchen Sie ein stilvolles Geschenk f\u00fcr einen Mann, der schon alles hat? Oder wollen Sie jemanden mit einem neuen Outfit \u00fcberraschen? Dann ist die Suitable-Geschenkkarte genau das Richtige f\u00fcr Sie! Ganz gleich, ob Sie sich f\u00fcr unser eigenes Label Suitable oder eine der anderen Top-Marken entscheiden, gemeinsam treffen wir eine clevere Stilwahl, die zu Ihrem Charakter, Ihrem K\u00f6rperbau und dem Anlass, f\u00fcr den Sie sich kleiden, passt. Sie k\u00f6nnen einen beliebigen Betrag auf die Karte setzen und sie in allen 17 Suitable-Gesch\u00e4ften und im Webshop einl\u00f6sen. Fairtrade-Siegel F\u00fcr die Bekleidungslinie Suitable Respect wird Fairtrade-Baumwolle verwendet. Suitable ist eine der ersten Herrenbekleidungsketten in den Niederlanden, die Fairtrade-Baumwolle verwendet. Dies ist eine wichtige Anerkennung f\u00fcr alle Bem\u00fchungen, Qualit\u00e4tskleidung so nachhaltig und fair wie m\u00f6glich zu einem attraktiven Preis zu produzieren. Die Artikel sind sowohl online als auch in einem der 17 Suitable-L\u00e4den in den Niederlanden und Belgien erh\u00e4ltlich. Im Jahr 2023 wurde Suitable bei den Shopping Awards zum dritten Mal in Folge zum besten Webshop f\u00fcr Herrenbekleidung gew\u00e4hlt.","og_url":"https:\/\/coincards.com\/eu\/product\/suitable-germany-online-gift-card-electronic-delivery\/","og_site_name":"Coincards Europe","article_modified_time":"2024-12-19T20:57:28+00:00","og_image":[{"width":675,"height":425,"url":"https:\/\/assets.coincards.com\/wp-content\/uploads\/sites\/6\/2024\/12\/19124526\/suitable.png","type":"image\/png"}],"twitter_card":"summary_large_image","twitter_misc":{"Price":"&euro;15.00","Availability":"In stock"},"schema":{"@context":"https:\/\/schema.org","@graph":[{"@type":"WebPage","@id":"https:\/\/coincards.com\/eu\/product\/suitable-germany-online-gift-card-electronic-delivery\/","url":"https:\/\/coincards.com\/eu\/product\/suitable-germany-online-gift-card-electronic-delivery\/","name":"Suitable DE Online Gift Card (Electronic Delivery) - Coincards Europe","isPartOf":{"@id":"https:\/\/coincards.com\/eu\/#website"},"primaryImageOfPage":{"@id":"https:\/\/coincards.com\/eu\/product\/suitable-germany-online-gift-card-electronic-delivery\/#primaryimage"},"image":{"@id":"https:\/\/coincards.com\/eu\/product\/suitable-germany-online-gift-card-electronic-delivery\/#primaryimage"},"thumbnailUrl":"https:\/\/assets.coincards.com\/wp-content\/uploads\/sites\/6\/2024\/12\/19124526\/suitable.png","datePublished":"2024-12-19T20:53:36+00:00","dateModified":"2024-12-19T20:57:28+00:00","breadcrumb":{"@id":"https:\/\/coincards.com\/eu\/product\/suitable-germany-online-gift-card-electronic-delivery\/#breadcrumb"},"inLanguage":"en-CA","potentialAction":[{"@type":"ReadAction","target":["https:\/\/coincards.com\/eu\/product\/suitable-germany-online-gift-card-electronic-delivery\/"]}]},{"@type":"ImageObject","inLanguage":"en-CA","@id":"https:\/\/coincards.com\/eu\/product\/suitable-germany-online-gift-card-electronic-delivery\/#primaryimage","url":"https:\/\/assets.coincards.com\/wp-content\/uploads\/sites\/6\/2024\/12\/19124526\/suitable.png","contentUrl":"https:\/\/assets.coincards.com\/wp-content\/uploads\/sites\/6\/2024\/12\/19124526\/suitable.png","width":675,"height":425},{"@type":"BreadcrumbList","@id":"https:\/\/coincards.com\/eu\/product\/suitable-germany-online-gift-card-electronic-delivery\/#breadcrumb","itemListElement":[{"@type":"ListItem","position":1,"name":"Home","item":"https:\/\/coincards.com\/eu\/"},{"@type":"ListItem","position":2,"name":"All Gift Cards","item":"https:\/\/coincards.com\/eu\/all-gift-cards\/"},{"@type":"ListItem","position":3,"name":"Suitable DE Online Gift Card (Electronic Delivery)"}]},{"@type":"WebSite","@id":"https:\/\/coincards.com\/eu\/#website","url":"https:\/\/coincards.com\/eu\/","name":"Coincards Europe","description":"Austrlia&#039;s #1 Cryptocurrency to Gift Card Exchange Service","potentialAction":[{"@type":"SearchAction","target":{"@type":"EntryPoint","urlTemplate":"https:\/\/coincards.com\/eu\/?s={search_term_string}"},"query-input":{"@type":"PropertyValueSpecification","valueRequired":true,"valueName":"search_term_string"}}],"inLanguage":"en-CA"}]},"product_price_amount":"15.00","product_price_currency":"EUR","og_availability":"instock","product_availability":"instock","product_condition":"new"},"_links":{"self":[{"href":"https:\/\/coincards.com\/eu\/wp-json\/wp\/v2\/product\/6652","targetHints":{"allow":["GET"]}}],"collection":[{"href":"https:\/\/coincards.com\/eu\/wp-json\/wp\/v2\/product"}],"about":[{"href":"https:\/\/coincards.com\/eu\/wp-json\/wp\/v2\/types\/product"}],"replies":[{"embeddable":true,"href":"https:\/\/coincards.com\/eu\/wp-json\/wp\/v2\/comments?post=6652"}],"wp:featuredmedia":[{"embeddable":true,"href":"https:\/\/coincards.com\/eu\/wp-json\/wp\/v2\/media\/6650"}],"wp:attachment":[{"href":"https:\/\/coincards.com\/eu\/wp-json\/wp\/v2\/media?parent=6652"}],"wp:term":[{"taxonomy":"product_cat","embeddable":true,"href":"https:\/\/coincards.com\/eu\/wp-json\/wp\/v2\/product_cat?post=6652"},{"taxonomy":"product_tag","embeddable":true,"href":"https:\/\/coincards.com\/eu\/wp-json\/wp\/v2\/product_tag?post=6652"}],"curies":[{"name":"wp","href":"https:\/\/api.w.org\/{rel}","templated":true}]}}