{"id":6651,"date":"2024-12-19T12:51:52","date_gmt":"2024-12-19T20:51:52","guid":{"rendered":"https:\/\/coincards.com\/eu\/?post_type=product&#038;p=6651"},"modified":"2024-12-19T12:57:36","modified_gmt":"2024-12-19T20:57:36","slug":"suitable-france-online-gift-card-electronic-delivery","status":"publish","type":"product","link":"https:\/\/coincards.com\/eu\/product\/suitable-france-online-gift-card-electronic-delivery\/","title":{"rendered":"Suitable FR Online Gift Card (Electronic Delivery)"},"content":{"rendered":"<p><strong>Terms &amp; Conditions:\u00a0<\/strong><\/p>\n<ul>\n<li>La carte-cadeau peut \u00eatre d\u00e9pens\u00e9e en plusieurs fois. Il n&#8217;est pas possible d&#8217;utiliser plusieurs cartes cadeaux \u00e0 la fois.<\/li>\n<li>La carte-cadeau peut \u00eatre utilis\u00e9e sur l&#8217;ensemble de la gamme de produits Suitable.<\/li>\n<li>Sous r\u00e9serve de modifications de prix. Les prix des produits peuvent changer tout au long de l&#8217;ann\u00e9e.<\/li>\n<li>La carte cadeau conserve sa valeur (partiellement) jusqu&#8217;\u00e0 ce que le cr\u00e9dit soit \u00e9puis\u00e9 ou que la validit\u00e9 ait expir\u00e9.<\/li>\n<li>La carte cadeau n&#8217;est pas cumulable avec d&#8217;autres offres et ne peut pas \u00eatre \u00e9chang\u00e9e contre de l&#8217;argent<\/li>\n<\/ul>\n<p><strong>Redemption Instructions:\u00a0<\/strong><\/p>\n<ul>\n<li>Utilisable dans la boutique en ligne de Suitable https:\/\/www.suitable.fr<\/li>\n<li>La carte-cadeau peut \u00eatre \u00e9chang\u00e9e \u00e0 la rubrique &#8220;Paiement&#8221;.<\/li>\n<li>Tout paiement suppl\u00e9mentaire peut \u00eatre effectu\u00e9 rapidement et en toute s\u00e9curit\u00e9 par iDEAL ou par carte de cr\u00e9dit.<\/li>\n<li>Les produits sont envoy\u00e9s gratuitement<\/li>\n<\/ul>\n","protected":false},"excerpt":{"rendered":"<p>Vous cherchez un cadeau \u00e9l\u00e9gant pour un homme qui a d\u00e9j\u00e0 tout ? Ou vous voulez surprendre quelqu&#8217;un avec une nouvelle tenue ? La carte cadeau Suitable est faite pour vous ! Que vous choisissiez notre propre marque Suitable ou l&#8217;une des autres grandes marques, nous ferons ensemble des choix de style intelligents qui correspondent \u00e0 votre caract\u00e8re, \u00e0 votre morphologie et \u00e0 l&#8217;occasion pour laquelle vous vous habillez. Vous pouvez mettre n&#8217;importe quel montant sur la carte et l&#8217;utiliser dans les 17 magasins Suitable et la boutique en ligne. Label Fairtrade Le coton issu du commerce \u00e9quitable est utilis\u00e9 dans la ligne de v\u00eatements Suitable Respect. Suitable est l&#8217;une des premi\u00e8res cha\u00eenes de v\u00eatements pour hommes aux Pays-Bas \u00e0 utiliser du coton issu du commerce \u00e9quitable. Il s&#8217;agit d&#8217;une reconnaissance importante de tous les efforts d\u00e9ploy\u00e9s pour produire des v\u00eatements de qualit\u00e9 de la mani\u00e8re la plus durable et la plus \u00e9quitable possible \u00e0 un prix attractif. Les articles sont disponibles \u00e0 la fois en ligne et dans l&#8217;une des 17 boutiques Suitable aux Pays-Bas et en Belgique. En 2023, Suitable a \u00e9t\u00e9 \u00e9lu meilleur site de vente en ligne de v\u00eatements pour hommes pour la troisi\u00e8me fois cons\u00e9cutive lors des Shopping Awards<\/p>\n","protected":false},"featured_media":6650,"comment_status":"closed","ping_status":"closed","template":"","meta":{"_exactmetrics_skip_tracking":false,"_exactmetrics_sitenote_active":false,"_exactmetrics_sitenote_note":"","_exactmetrics_sitenote_category":0},"product_cat":[20],"product_tag":[],"class_list":{"0":"post-6651","1":"product","2":"type-product","3":"status-publish","4":"has-post-thumbnail","6":"product_brand-suitable","7":"product_cat-electronic-gift-cards","8":"pa_country-availability-france","10":"first","11":"instock","12":"virtual","13":"purchasable","14":"product-type-simple","15":"nyp-product"},"yoast_head":"<!-- This site is optimized with the Yoast SEO Premium plugin v20.11 (Yoast SEO v27.3) - https:\/\/yoast.com\/product\/yoast-seo-premium-wordpress\/ -->\n<title>Suitable FR Online Gift Card (Electronic Delivery) - Coincards Europe<\/title>\n<meta name=\"robots\" content=\"index, follow, max-snippet:-1, max-image-preview:large, max-video-preview:-1\" \/>\n<link rel=\"canonical\" href=\"https:\/\/coincards.com\/eu\/product\/suitable-france-online-gift-card-electronic-delivery\/\" \/>\n<meta property=\"og:locale\" content=\"en_US\" \/>\n<meta property=\"og:type\" content=\"article\" \/>\n<meta property=\"og:title\" content=\"Suitable FR Online Gift Card (Electronic Delivery)\" \/>\n<meta property=\"og:description\" content=\"Vous cherchez un cadeau \u00e9l\u00e9gant pour un homme qui a d\u00e9j\u00e0 tout ? Ou vous voulez surprendre quelqu&#039;un avec une nouvelle tenue ? La carte cadeau Suitable est faite pour vous ! Que vous choisissiez notre propre marque Suitable ou l&#039;une des autres grandes marques, nous ferons ensemble des choix de style intelligents qui correspondent \u00e0 votre caract\u00e8re, \u00e0 votre morphologie et \u00e0 l&#039;occasion pour laquelle vous vous habillez. Vous pouvez mettre n&#039;importe quel montant sur la carte et l&#039;utiliser dans les 17 magasins Suitable et la boutique en ligne. Label Fairtrade Le coton issu du commerce \u00e9quitable est utilis\u00e9 dans la ligne de v\u00eatements Suitable Respect. Suitable est l&#039;une des premi\u00e8res cha\u00eenes de v\u00eatements pour hommes aux Pays-Bas \u00e0 utiliser du coton issu du commerce \u00e9quitable. Il s&#039;agit d&#039;une reconnaissance importante de tous les efforts d\u00e9ploy\u00e9s pour produire des v\u00eatements de qualit\u00e9 de la mani\u00e8re la plus durable et la plus \u00e9quitable possible \u00e0 un prix attractif. Les articles sont disponibles \u00e0 la fois en ligne et dans l&#039;une des 17 boutiques Suitable aux Pays-Bas et en Belgique. En 2023, Suitable a \u00e9t\u00e9 \u00e9lu meilleur site de vente en ligne de v\u00eatements pour hommes pour la troisi\u00e8me fois cons\u00e9cutive lors des Shopping Awards\" \/>\n<meta property=\"og:url\" content=\"https:\/\/coincards.com\/eu\/product\/suitable-france-online-gift-card-electronic-delivery\/\" \/>\n<meta property=\"og:site_name\" content=\"Coincards Europe\" \/>\n<meta property=\"article:modified_time\" content=\"2024-12-19T20:57:36+00:00\" \/>\n<meta property=\"og:image\" content=\"https:\/\/assets.coincards.com\/wp-content\/uploads\/sites\/6\/2024\/12\/19124526\/suitable.png\" \/>\n\t<meta property=\"og:image:width\" content=\"675\" \/>\n\t<meta property=\"og:image:height\" content=\"425\" \/>\n\t<meta property=\"og:image:type\" content=\"image\/png\" \/>\n<meta name=\"twitter:card\" content=\"summary_large_image\" \/>\n<meta name=\"twitter:label1\" content=\"Price\" \/>\n\t<meta name=\"twitter:data1\" content=\"&euro;15.00\" \/>\n\t<meta name=\"twitter:label2\" content=\"Availability\" \/>\n\t<meta name=\"twitter:data2\" content=\"In stock\" \/>\n<script type=\"application\/ld+json\" class=\"yoast-schema-graph\">{\"@context\":\"https:\\\/\\\/schema.org\",\"@graph\":[{\"@type\":\"WebPage\",\"@id\":\"https:\\\/\\\/coincards.com\\\/eu\\\/product\\\/suitable-france-online-gift-card-electronic-delivery\\\/\",\"url\":\"https:\\\/\\\/coincards.com\\\/eu\\\/product\\\/suitable-france-online-gift-card-electronic-delivery\\\/\",\"name\":\"Suitable FR Online Gift Card (Electronic Delivery) - Coincards Europe\",\"isPartOf\":{\"@id\":\"https:\\\/\\\/coincards.com\\\/eu\\\/#website\"},\"primaryImageOfPage\":{\"@id\":\"https:\\\/\\\/coincards.com\\\/eu\\\/product\\\/suitable-france-online-gift-card-electronic-delivery\\\/#primaryimage\"},\"image\":{\"@id\":\"https:\\\/\\\/coincards.com\\\/eu\\\/product\\\/suitable-france-online-gift-card-electronic-delivery\\\/#primaryimage\"},\"thumbnailUrl\":\"https:\\\/\\\/assets.coincards.com\\\/wp-content\\\/uploads\\\/sites\\\/6\\\/2024\\\/12\\\/19124526\\\/suitable.png\",\"datePublished\":\"2024-12-19T20:51:52+00:00\",\"dateModified\":\"2024-12-19T20:57:36+00:00\",\"breadcrumb\":{\"@id\":\"https:\\\/\\\/coincards.com\\\/eu\\\/product\\\/suitable-france-online-gift-card-electronic-delivery\\\/#breadcrumb\"},\"inLanguage\":\"en-CA\",\"potentialAction\":[{\"@type\":\"ReadAction\",\"target\":[\"https:\\\/\\\/coincards.com\\\/eu\\\/product\\\/suitable-france-online-gift-card-electronic-delivery\\\/\"]}]},{\"@type\":\"ImageObject\",\"inLanguage\":\"en-CA\",\"@id\":\"https:\\\/\\\/coincards.com\\\/eu\\\/product\\\/suitable-france-online-gift-card-electronic-delivery\\\/#primaryimage\",\"url\":\"https:\\\/\\\/assets.coincards.com\\\/wp-content\\\/uploads\\\/sites\\\/6\\\/2024\\\/12\\\/19124526\\\/suitable.png\",\"contentUrl\":\"https:\\\/\\\/assets.coincards.com\\\/wp-content\\\/uploads\\\/sites\\\/6\\\/2024\\\/12\\\/19124526\\\/suitable.png\",\"width\":675,\"height\":425},{\"@type\":\"BreadcrumbList\",\"@id\":\"https:\\\/\\\/coincards.com\\\/eu\\\/product\\\/suitable-france-online-gift-card-electronic-delivery\\\/#breadcrumb\",\"itemListElement\":[{\"@type\":\"ListItem\",\"position\":1,\"name\":\"Home\",\"item\":\"https:\\\/\\\/coincards.com\\\/eu\\\/\"},{\"@type\":\"ListItem\",\"position\":2,\"name\":\"All Gift Cards\",\"item\":\"https:\\\/\\\/coincards.com\\\/eu\\\/all-gift-cards\\\/\"},{\"@type\":\"ListItem\",\"position\":3,\"name\":\"Suitable FR Online Gift Card (Electronic Delivery)\"}]},{\"@type\":\"WebSite\",\"@id\":\"https:\\\/\\\/coincards.com\\\/eu\\\/#website\",\"url\":\"https:\\\/\\\/coincards.com\\\/eu\\\/\",\"name\":\"Coincards Europe\",\"description\":\"Austrlia&#039;s #1 Cryptocurrency to Gift Card Exchange Service\",\"potentialAction\":[{\"@type\":\"SearchAction\",\"target\":{\"@type\":\"EntryPoint\",\"urlTemplate\":\"https:\\\/\\\/coincards.com\\\/eu\\\/?s={search_term_string}\"},\"query-input\":{\"@type\":\"PropertyValueSpecification\",\"valueRequired\":true,\"valueName\":\"search_term_string\"}}],\"inLanguage\":\"en-CA\"}]}<\/script>\n<meta property=\"product:price:amount\" content=\"15.00\" \/>\n<meta property=\"product:price:currency\" content=\"EUR\" \/>\n<meta property=\"og:availability\" content=\"instock\" \/>\n<meta property=\"product:availability\" content=\"instock\" \/>\n<meta property=\"product:condition\" content=\"new\" \/>\n<!-- \/ Yoast SEO Premium plugin. -->","yoast_head_json":{"title":"Suitable FR Online Gift Card (Electronic Delivery) - Coincards Europe","robots":{"index":"index","follow":"follow","max-snippet":"max-snippet:-1","max-image-preview":"max-image-preview:large","max-video-preview":"max-video-preview:-1"},"canonical":"https:\/\/coincards.com\/eu\/product\/suitable-france-online-gift-card-electronic-delivery\/","og_locale":"en_US","og_type":"article","og_title":"Suitable FR Online Gift Card (Electronic Delivery)","og_description":"Vous cherchez un cadeau \u00e9l\u00e9gant pour un homme qui a d\u00e9j\u00e0 tout ? Ou vous voulez surprendre quelqu'un avec une nouvelle tenue ? La carte cadeau Suitable est faite pour vous ! Que vous choisissiez notre propre marque Suitable ou l'une des autres grandes marques, nous ferons ensemble des choix de style intelligents qui correspondent \u00e0 votre caract\u00e8re, \u00e0 votre morphologie et \u00e0 l'occasion pour laquelle vous vous habillez. Vous pouvez mettre n'importe quel montant sur la carte et l'utiliser dans les 17 magasins Suitable et la boutique en ligne. Label Fairtrade Le coton issu du commerce \u00e9quitable est utilis\u00e9 dans la ligne de v\u00eatements Suitable Respect. Suitable est l'une des premi\u00e8res cha\u00eenes de v\u00eatements pour hommes aux Pays-Bas \u00e0 utiliser du coton issu du commerce \u00e9quitable. Il s'agit d'une reconnaissance importante de tous les efforts d\u00e9ploy\u00e9s pour produire des v\u00eatements de qualit\u00e9 de la mani\u00e8re la plus durable et la plus \u00e9quitable possible \u00e0 un prix attractif. Les articles sont disponibles \u00e0 la fois en ligne et dans l'une des 17 boutiques Suitable aux Pays-Bas et en Belgique. En 2023, Suitable a \u00e9t\u00e9 \u00e9lu meilleur site de vente en ligne de v\u00eatements pour hommes pour la troisi\u00e8me fois cons\u00e9cutive lors des Shopping Awards","og_url":"https:\/\/coincards.com\/eu\/product\/suitable-france-online-gift-card-electronic-delivery\/","og_site_name":"Coincards Europe","article_modified_time":"2024-12-19T20:57:36+00:00","og_image":[{"width":675,"height":425,"url":"https:\/\/assets.coincards.com\/wp-content\/uploads\/sites\/6\/2024\/12\/19124526\/suitable.png","type":"image\/png"}],"twitter_card":"summary_large_image","twitter_misc":{"Price":"&euro;15.00","Availability":"In stock"},"schema":{"@context":"https:\/\/schema.org","@graph":[{"@type":"WebPage","@id":"https:\/\/coincards.com\/eu\/product\/suitable-france-online-gift-card-electronic-delivery\/","url":"https:\/\/coincards.com\/eu\/product\/suitable-france-online-gift-card-electronic-delivery\/","name":"Suitable FR Online Gift Card (Electronic Delivery) - Coincards Europe","isPartOf":{"@id":"https:\/\/coincards.com\/eu\/#website"},"primaryImageOfPage":{"@id":"https:\/\/coincards.com\/eu\/product\/suitable-france-online-gift-card-electronic-delivery\/#primaryimage"},"image":{"@id":"https:\/\/coincards.com\/eu\/product\/suitable-france-online-gift-card-electronic-delivery\/#primaryimage"},"thumbnailUrl":"https:\/\/assets.coincards.com\/wp-content\/uploads\/sites\/6\/2024\/12\/19124526\/suitable.png","datePublished":"2024-12-19T20:51:52+00:00","dateModified":"2024-12-19T20:57:36+00:00","breadcrumb":{"@id":"https:\/\/coincards.com\/eu\/product\/suitable-france-online-gift-card-electronic-delivery\/#breadcrumb"},"inLanguage":"en-CA","potentialAction":[{"@type":"ReadAction","target":["https:\/\/coincards.com\/eu\/product\/suitable-france-online-gift-card-electronic-delivery\/"]}]},{"@type":"ImageObject","inLanguage":"en-CA","@id":"https:\/\/coincards.com\/eu\/product\/suitable-france-online-gift-card-electronic-delivery\/#primaryimage","url":"https:\/\/assets.coincards.com\/wp-content\/uploads\/sites\/6\/2024\/12\/19124526\/suitable.png","contentUrl":"https:\/\/assets.coincards.com\/wp-content\/uploads\/sites\/6\/2024\/12\/19124526\/suitable.png","width":675,"height":425},{"@type":"BreadcrumbList","@id":"https:\/\/coincards.com\/eu\/product\/suitable-france-online-gift-card-electronic-delivery\/#breadcrumb","itemListElement":[{"@type":"ListItem","position":1,"name":"Home","item":"https:\/\/coincards.com\/eu\/"},{"@type":"ListItem","position":2,"name":"All Gift Cards","item":"https:\/\/coincards.com\/eu\/all-gift-cards\/"},{"@type":"ListItem","position":3,"name":"Suitable FR Online Gift Card (Electronic Delivery)"}]},{"@type":"WebSite","@id":"https:\/\/coincards.com\/eu\/#website","url":"https:\/\/coincards.com\/eu\/","name":"Coincards Europe","description":"Austrlia&#039;s #1 Cryptocurrency to Gift Card Exchange Service","potentialAction":[{"@type":"SearchAction","target":{"@type":"EntryPoint","urlTemplate":"https:\/\/coincards.com\/eu\/?s={search_term_string}"},"query-input":{"@type":"PropertyValueSpecification","valueRequired":true,"valueName":"search_term_string"}}],"inLanguage":"en-CA"}]},"product_price_amount":"15.00","product_price_currency":"EUR","og_availability":"instock","product_availability":"instock","product_condition":"new"},"_links":{"self":[{"href":"https:\/\/coincards.com\/eu\/wp-json\/wp\/v2\/product\/6651","targetHints":{"allow":["GET"]}}],"collection":[{"href":"https:\/\/coincards.com\/eu\/wp-json\/wp\/v2\/product"}],"about":[{"href":"https:\/\/coincards.com\/eu\/wp-json\/wp\/v2\/types\/product"}],"replies":[{"embeddable":true,"href":"https:\/\/coincards.com\/eu\/wp-json\/wp\/v2\/comments?post=6651"}],"wp:featuredmedia":[{"embeddable":true,"href":"https:\/\/coincards.com\/eu\/wp-json\/wp\/v2\/media\/6650"}],"wp:attachment":[{"href":"https:\/\/coincards.com\/eu\/wp-json\/wp\/v2\/media?parent=6651"}],"wp:term":[{"taxonomy":"product_cat","embeddable":true,"href":"https:\/\/coincards.com\/eu\/wp-json\/wp\/v2\/product_cat?post=6651"},{"taxonomy":"product_tag","embeddable":true,"href":"https:\/\/coincards.com\/eu\/wp-json\/wp\/v2\/product_tag?post=6651"}],"curies":[{"name":"wp","href":"https:\/\/api.w.org\/{rel}","templated":true}]}}