{"id":6347,"date":"2024-10-02T10:12:27","date_gmt":"2024-10-02T18:12:27","guid":{"rendered":"https:\/\/coincards.com\/eu\/?post_type=product&#038;p=6347"},"modified":"2025-09-17T01:30:29","modified_gmt":"2025-09-17T09:30:29","slug":"google-play-at-online-gift-card-electronic-delivery","status":"publish","type":"product","link":"https:\/\/coincards.com\/eu\/product\/google-play-at-online-gift-card-electronic-delivery\/","title":{"rendered":"Google Play AT Online Gift Card (Electronic Delivery)"},"content":{"rendered":"<p>Nutzungsbedingungen: Die vollst\u00e4ndigen Nutzungsbedingungen sind unter play.google.com\/at-card-terms zu finden. Geschenkkarten werden von Google Commerce Limited (\u201eGCL\u201d) ausgestellt und verkauft. Sie k\u00f6nnen nur von Personen ab 14 Jahren mit Wohnsitz in \u00d6sterreich eingel\u00f6st werden. Zum Einl\u00f6sen einer Geschenkkarte ben\u00f6tigt man ein Google Payments-Konto und Internetzugriff. Geschenkkarten k\u00f6nnen ausschlie\u00dflich f\u00fcr den Kauf ausgew\u00e4hlter Artikel bei Google Play verwendet werden. Nicht verwendbar f\u00fcr Artikel in Google Play B\u00fccher, Hardware und bestimmte Abonnements. Weitere Einschr\u00e4nkungen bleiben vorbehalten. F\u00fcr die Nutzung der Karte fallen keine Geb\u00fchren an und es gibt kein Ablaufdatum. Sofern gesetzlich nicht anders vorgeschrieben, gilt Folgendes: Die Geschenkkarte kann nicht gegen Bargeld oder andere Karten eingel\u00f6st, wieder aufgeladen oder mit anderen, nicht von Google Play stammenden Guthaben kombiniert werden, und es ist nicht zul\u00e4ssig, sie weiterzuverkaufen, zu tauschen oder entgeltlich zu \u00fcbertragen. Der Nutzer ist f\u00fcr den Verlust der Geschenkkarte verantwortlich. Weitere Informationen gibt es unter support.google.com\/googleplay\/go\/cardhelp.<\/p>\n<p>Verwende den Code dieser Geschenkkarte nur bei Google Play. Wenn du von Dritten nach dem Code gefragt wirst, k\u00f6nnte es sich um einen Betrugsversuch handeln. Unter play.google.com\/giftcardscam erf\u00e4hrst du mehr. Zum Einl\u00f6sen: Code in der Play Store App oder auf play.google.com eingeben.<\/p>\n","protected":false},"excerpt":{"rendered":"<p>Ein Code. Unbegrenzter Spa\u00df. Bei Millionen von Apps, Spielen und mehr ist f\u00fcr jeden etwas dabei. Bei Millionen von Apps, Spielen und mehr ist bei Google Play f\u00fcr jeden etwas dabei. L\u00f6se einfach einen Google Play Gutscheincode ein und entdecke neue Inhalte, deine Lieblingsspiele oder Apps, auf die du nicht verzichten kannst. Es gibt weder Geb\u00fchren noch ein Ablaufdatum und du musst auch keine Kreditkartendaten angeben, um zu spielen. Damit ist es das ideale Geschenk \u2013 auch f\u00fcr dich selbst. Lade einfach deine Lieblings-Apps herunter, damit du unterwegs, auf dem Sofa oder an jedem anderen Ort gleich loslegen kannst. Deine Google Play-Apps, -Spiele und mehr sind auf allen Ger\u00e4ten verf\u00fcgbar, zum Beispiel Android, iOS, Chromecast und in Webbrowsern.<\/p>\n","protected":false},"featured_media":6348,"comment_status":"closed","ping_status":"closed","template":"","meta":{"_exactmetrics_skip_tracking":false,"_exactmetrics_sitenote_active":false,"_exactmetrics_sitenote_note":"","_exactmetrics_sitenote_category":0},"product_cat":[20],"product_tag":[],"class_list":{"0":"post-6347","1":"product","2":"type-product","3":"status-publish","4":"has-post-thumbnail","6":"product_brand-google","7":"product_cat-electronic-gift-cards","8":"pa_country-availability-austria","10":"first","11":"instock","12":"virtual","13":"purchasable","14":"product-type-simple","15":"nyp-product"},"yoast_head":"<!-- This site is optimized with the Yoast SEO Premium plugin v20.11 (Yoast SEO v25.8) - https:\/\/yoast.com\/wordpress\/plugins\/seo\/ -->\n<title>Google Play AT Online Gift Card (Electronic Delivery) - Coincards Europe<\/title>\n<meta name=\"robots\" content=\"index, follow, max-snippet:-1, max-image-preview:large, max-video-preview:-1\" \/>\n<link rel=\"canonical\" href=\"https:\/\/coincards.com\/eu\/product\/google-play-at-online-gift-card-electronic-delivery\/\" \/>\n<meta property=\"og:locale\" content=\"en_US\" \/>\n<meta property=\"og:type\" content=\"article\" \/>\n<meta property=\"og:title\" content=\"Google Play AT Online Gift Card (Electronic Delivery)\" \/>\n<meta property=\"og:description\" content=\"Ein Code. Unbegrenzter Spa\u00df. Bei Millionen von Apps, Spielen und mehr ist f\u00fcr jeden etwas dabei. Bei Millionen von Apps, Spielen und mehr ist bei Google Play f\u00fcr jeden etwas dabei. L\u00f6se einfach einen Google Play Gutscheincode ein und entdecke neue Inhalte, deine Lieblingsspiele oder Apps, auf die du nicht verzichten kannst. Es gibt weder Geb\u00fchren noch ein Ablaufdatum und du musst auch keine Kreditkartendaten angeben, um zu spielen. Damit ist es das ideale Geschenk \u2013 auch f\u00fcr dich selbst. Lade einfach deine Lieblings-Apps herunter, damit du unterwegs, auf dem Sofa oder an jedem anderen Ort gleich loslegen kannst. Deine Google Play-Apps, -Spiele und mehr sind auf allen Ger\u00e4ten verf\u00fcgbar, zum Beispiel Android, iOS, Chromecast und in Webbrowsern.\" \/>\n<meta property=\"og:url\" content=\"https:\/\/coincards.com\/eu\/product\/google-play-at-online-gift-card-electronic-delivery\/\" \/>\n<meta property=\"og:site_name\" content=\"Coincards Europe\" \/>\n<meta property=\"article:modified_time\" content=\"2025-09-17T09:30:29+00:00\" \/>\n<meta property=\"og:image\" content=\"https:\/\/assets.coincards.com\/wp-content\/uploads\/sites\/6\/2024\/10\/02101042\/GOOGLE-AT-card.png\" \/>\n\t<meta property=\"og:image:width\" content=\"675\" \/>\n\t<meta property=\"og:image:height\" content=\"425\" \/>\n\t<meta property=\"og:image:type\" content=\"image\/png\" \/>\n<meta name=\"twitter:card\" content=\"summary_large_image\" \/>\n<meta name=\"twitter:label1\" content=\"Price\" \/>\n\t<meta name=\"twitter:data1\" content=\"&euro;10.00\" \/>\n\t<meta name=\"twitter:label2\" content=\"Availability\" \/>\n\t<meta name=\"twitter:data2\" content=\"In stock\" \/>\n<script type=\"application\/ld+json\" class=\"yoast-schema-graph\">{\"@context\":\"https:\/\/schema.org\",\"@graph\":[{\"@type\":\"WebPage\",\"@id\":\"https:\/\/coincards.com\/eu\/product\/google-play-at-online-gift-card-electronic-delivery\/\",\"url\":\"https:\/\/coincards.com\/eu\/product\/google-play-at-online-gift-card-electronic-delivery\/\",\"name\":\"Google Play AT Online Gift Card (Electronic Delivery) - Coincards Europe\",\"isPartOf\":{\"@id\":\"https:\/\/coincards.com\/eu\/#website\"},\"primaryImageOfPage\":{\"@id\":\"https:\/\/coincards.com\/eu\/product\/google-play-at-online-gift-card-electronic-delivery\/#primaryimage\"},\"image\":{\"@id\":\"https:\/\/coincards.com\/eu\/product\/google-play-at-online-gift-card-electronic-delivery\/#primaryimage\"},\"thumbnailUrl\":\"https:\/\/assets.coincards.com\/wp-content\/uploads\/sites\/6\/2024\/10\/02101042\/GOOGLE-AT-card.png\",\"datePublished\":\"2024-10-02T18:12:27+00:00\",\"dateModified\":\"2025-09-17T09:30:29+00:00\",\"breadcrumb\":{\"@id\":\"https:\/\/coincards.com\/eu\/product\/google-play-at-online-gift-card-electronic-delivery\/#breadcrumb\"},\"inLanguage\":\"en-CA\",\"potentialAction\":[{\"@type\":\"ReadAction\",\"target\":[\"https:\/\/coincards.com\/eu\/product\/google-play-at-online-gift-card-electronic-delivery\/\"]}]},{\"@type\":\"ImageObject\",\"inLanguage\":\"en-CA\",\"@id\":\"https:\/\/coincards.com\/eu\/product\/google-play-at-online-gift-card-electronic-delivery\/#primaryimage\",\"url\":\"https:\/\/assets.coincards.com\/wp-content\/uploads\/sites\/6\/2024\/10\/02101042\/GOOGLE-AT-card.png\",\"contentUrl\":\"https:\/\/assets.coincards.com\/wp-content\/uploads\/sites\/6\/2024\/10\/02101042\/GOOGLE-AT-card.png\",\"width\":675,\"height\":425},{\"@type\":\"BreadcrumbList\",\"@id\":\"https:\/\/coincards.com\/eu\/product\/google-play-at-online-gift-card-electronic-delivery\/#breadcrumb\",\"itemListElement\":[{\"@type\":\"ListItem\",\"position\":1,\"name\":\"Home\",\"item\":\"https:\/\/coincards.com\/eu\/\"},{\"@type\":\"ListItem\",\"position\":2,\"name\":\"All Gift Cards\",\"item\":\"https:\/\/coincards.com\/eu\/all-gift-cards\/\"},{\"@type\":\"ListItem\",\"position\":3,\"name\":\"Google Play AT Online Gift Card (Electronic Delivery)\"}]},{\"@type\":\"WebSite\",\"@id\":\"https:\/\/coincards.com\/eu\/#website\",\"url\":\"https:\/\/coincards.com\/eu\/\",\"name\":\"Coincards Europe\",\"description\":\"Austrlia&#039;s #1 Cryptocurrency to Gift Card Exchange Service\",\"potentialAction\":[{\"@type\":\"SearchAction\",\"target\":{\"@type\":\"EntryPoint\",\"urlTemplate\":\"https:\/\/coincards.com\/eu\/?s={search_term_string}\"},\"query-input\":{\"@type\":\"PropertyValueSpecification\",\"valueRequired\":true,\"valueName\":\"search_term_string\"}}],\"inLanguage\":\"en-CA\"}]}<\/script>\n<meta property=\"product:price:amount\" content=\"10.00\" \/>\n<meta property=\"product:price:currency\" content=\"EUR\" \/>\n<meta property=\"og:availability\" content=\"instock\" \/>\n<meta property=\"product:availability\" content=\"instock\" \/>\n<meta property=\"product:condition\" content=\"new\" \/>\n<!-- \/ Yoast SEO Premium plugin. -->","yoast_head_json":{"title":"Google Play AT Online Gift Card (Electronic Delivery) - Coincards Europe","robots":{"index":"index","follow":"follow","max-snippet":"max-snippet:-1","max-image-preview":"max-image-preview:large","max-video-preview":"max-video-preview:-1"},"canonical":"https:\/\/coincards.com\/eu\/product\/google-play-at-online-gift-card-electronic-delivery\/","og_locale":"en_US","og_type":"article","og_title":"Google Play AT Online Gift Card (Electronic Delivery)","og_description":"Ein Code. Unbegrenzter Spa\u00df. Bei Millionen von Apps, Spielen und mehr ist f\u00fcr jeden etwas dabei. Bei Millionen von Apps, Spielen und mehr ist bei Google Play f\u00fcr jeden etwas dabei. L\u00f6se einfach einen Google Play Gutscheincode ein und entdecke neue Inhalte, deine Lieblingsspiele oder Apps, auf die du nicht verzichten kannst. Es gibt weder Geb\u00fchren noch ein Ablaufdatum und du musst auch keine Kreditkartendaten angeben, um zu spielen. Damit ist es das ideale Geschenk \u2013 auch f\u00fcr dich selbst. Lade einfach deine Lieblings-Apps herunter, damit du unterwegs, auf dem Sofa oder an jedem anderen Ort gleich loslegen kannst. Deine Google Play-Apps, -Spiele und mehr sind auf allen Ger\u00e4ten verf\u00fcgbar, zum Beispiel Android, iOS, Chromecast und in Webbrowsern.","og_url":"https:\/\/coincards.com\/eu\/product\/google-play-at-online-gift-card-electronic-delivery\/","og_site_name":"Coincards Europe","article_modified_time":"2025-09-17T09:30:29+00:00","og_image":[{"width":675,"height":425,"url":"https:\/\/assets.coincards.com\/wp-content\/uploads\/sites\/6\/2024\/10\/02101042\/GOOGLE-AT-card.png","type":"image\/png"}],"twitter_card":"summary_large_image","twitter_misc":{"Price":"&euro;10.00","Availability":"In stock"},"schema":{"@context":"https:\/\/schema.org","@graph":[{"@type":"WebPage","@id":"https:\/\/coincards.com\/eu\/product\/google-play-at-online-gift-card-electronic-delivery\/","url":"https:\/\/coincards.com\/eu\/product\/google-play-at-online-gift-card-electronic-delivery\/","name":"Google Play AT Online Gift Card (Electronic Delivery) - Coincards Europe","isPartOf":{"@id":"https:\/\/coincards.com\/eu\/#website"},"primaryImageOfPage":{"@id":"https:\/\/coincards.com\/eu\/product\/google-play-at-online-gift-card-electronic-delivery\/#primaryimage"},"image":{"@id":"https:\/\/coincards.com\/eu\/product\/google-play-at-online-gift-card-electronic-delivery\/#primaryimage"},"thumbnailUrl":"https:\/\/assets.coincards.com\/wp-content\/uploads\/sites\/6\/2024\/10\/02101042\/GOOGLE-AT-card.png","datePublished":"2024-10-02T18:12:27+00:00","dateModified":"2025-09-17T09:30:29+00:00","breadcrumb":{"@id":"https:\/\/coincards.com\/eu\/product\/google-play-at-online-gift-card-electronic-delivery\/#breadcrumb"},"inLanguage":"en-CA","potentialAction":[{"@type":"ReadAction","target":["https:\/\/coincards.com\/eu\/product\/google-play-at-online-gift-card-electronic-delivery\/"]}]},{"@type":"ImageObject","inLanguage":"en-CA","@id":"https:\/\/coincards.com\/eu\/product\/google-play-at-online-gift-card-electronic-delivery\/#primaryimage","url":"https:\/\/assets.coincards.com\/wp-content\/uploads\/sites\/6\/2024\/10\/02101042\/GOOGLE-AT-card.png","contentUrl":"https:\/\/assets.coincards.com\/wp-content\/uploads\/sites\/6\/2024\/10\/02101042\/GOOGLE-AT-card.png","width":675,"height":425},{"@type":"BreadcrumbList","@id":"https:\/\/coincards.com\/eu\/product\/google-play-at-online-gift-card-electronic-delivery\/#breadcrumb","itemListElement":[{"@type":"ListItem","position":1,"name":"Home","item":"https:\/\/coincards.com\/eu\/"},{"@type":"ListItem","position":2,"name":"All Gift Cards","item":"https:\/\/coincards.com\/eu\/all-gift-cards\/"},{"@type":"ListItem","position":3,"name":"Google Play AT Online Gift Card (Electronic Delivery)"}]},{"@type":"WebSite","@id":"https:\/\/coincards.com\/eu\/#website","url":"https:\/\/coincards.com\/eu\/","name":"Coincards Europe","description":"Austrlia&#039;s #1 Cryptocurrency to Gift Card Exchange Service","potentialAction":[{"@type":"SearchAction","target":{"@type":"EntryPoint","urlTemplate":"https:\/\/coincards.com\/eu\/?s={search_term_string}"},"query-input":{"@type":"PropertyValueSpecification","valueRequired":true,"valueName":"search_term_string"}}],"inLanguage":"en-CA"}]},"product_price_amount":"10.00","product_price_currency":"EUR","og_availability":"instock","product_availability":"instock","product_condition":"new"},"_links":{"self":[{"href":"https:\/\/coincards.com\/eu\/wp-json\/wp\/v2\/product\/6347","targetHints":{"allow":["GET"]}}],"collection":[{"href":"https:\/\/coincards.com\/eu\/wp-json\/wp\/v2\/product"}],"about":[{"href":"https:\/\/coincards.com\/eu\/wp-json\/wp\/v2\/types\/product"}],"replies":[{"embeddable":true,"href":"https:\/\/coincards.com\/eu\/wp-json\/wp\/v2\/comments?post=6347"}],"wp:featuredmedia":[{"embeddable":true,"href":"https:\/\/coincards.com\/eu\/wp-json\/wp\/v2\/media\/6348"}],"wp:attachment":[{"href":"https:\/\/coincards.com\/eu\/wp-json\/wp\/v2\/media?parent=6347"}],"wp:term":[{"taxonomy":"product_cat","embeddable":true,"href":"https:\/\/coincards.com\/eu\/wp-json\/wp\/v2\/product_cat?post=6347"},{"taxonomy":"product_tag","embeddable":true,"href":"https:\/\/coincards.com\/eu\/wp-json\/wp\/v2\/product_tag?post=6347"}],"curies":[{"name":"wp","href":"https:\/\/api.w.org\/{rel}","templated":true}]}}