{"id":6333,"date":"2024-09-26T09:57:44","date_gmt":"2024-09-26T17:57:44","guid":{"rendered":"https:\/\/coincards.com\/eu\/?post_type=product&#038;p=6333"},"modified":"2024-09-26T10:00:45","modified_gmt":"2024-09-26T18:00:45","slug":"unic-stay-online-gift-card-electronic-delivery-france","status":"publish","type":"product","link":"https:\/\/coincards.com\/eu\/product\/unic-stay-online-gift-card-electronic-delivery-france\/","title":{"rendered":"Unic Stay Online Gift Card (Electronic Delivery) (France)"},"content":{"rendered":"<ul>\n<li>Utilisable uniquement sur le site\u00a0<a href=\"https:\/\/www.unicstay.com\/fr\">unicstay.com<\/a><\/li>\n<li>Valable 18 \u00e0 12 mois<\/li>\n<li>Utilisable en plusieurs fois et cessible (\u00e0 un tiers)<\/li>\n<li>Plusieurs cartes cadeaux peuvent \u00eatre utilis\u00e9es en m\u00eame temps<\/li>\n<li>Une r\u00e9servation en ligne est recommand\u00e9e au plus tard avant la date, il ne sera pas possible d\u2019effectuer une r\u00e9servation pour le jour m\u00eame<\/li>\n<li>Ne peut \u00eatre utilis\u00e9e directement aupr\u00e8s du domaine et n\u2019a aucune valeur si remise sur place<\/li>\n<li>Non cumulable avec des codes promotionnels mais valable sur les promotions en cours propos\u00e9es directement via les h\u00e9bergements<\/li>\n<li>Utilisable uniquement sur l\u2019ensemble des locations et options r\u00e9servables en ligne, elle n&#8217;est pas valable sur l&#8217;achat de cartes cadeaux ou de bons cadeaux<\/li>\n<li>La e-carte cadeau ne peut pas \u00eatre vendue, \u00e9chang\u00e9e, ou rembours\u00e9e pour quelques motifs que ce soit, dont la perte, le vol, la destruction, ou le d\u00e9passement de la date de validit\u00e9.<\/li>\n<li>D\u00e9couvrez nos h\u00e9bergements insolites sur le site\u00a0<a href=\"https:\/\/www.unicstay.com\/fr\">unicstay.com<\/a>Effectuez directement votre r\u00e9servation en ligne et saisissez le num\u00e9ro de votre carte-cadeau au moment du r\u00e8glement dans l&#8217;espace &#8220;je souhaite payer avec ma carte cadeau&#8221;Recevez une confirmation de r\u00e9servation par e-mail (pensez \u00e0 v\u00e9rifier vos spams !). Pour plus d\u2019informations, consultez notre foire aux questions :\u00a0<a href=\"https:\/\/faq.unicstay.com\/fr\/category\/carte-cadeau-lzz5eo\/\">faq.unicstay.com<\/a><\/li>\n<\/ul>\n","protected":false},"excerpt":{"rendered":"<p>UnicStay.com red\u00e9finit l&#8217;art du voyage en mettant en lumi\u00e8re des h\u00e9bergements extraordinaires, s\u00e9lectionn\u00e9s avec soin pour leur caract\u00e8re unique. Au-del\u00e0 d&#8217;une simple r\u00e9servation, nous offrons une \u00e9vasion immersive, r\u00e9pondant \u00e0 vos aspirations d&#8217;authenticit\u00e9, d&#8217;intensit\u00e9 \u00e9motionnelle et de d\u00e9couvertes inattendues. Avec UnicStay.com, d\u00e9couvrez comment chaque s\u00e9jour peut se transformer en une histoire m\u00e9morable, accessible \u00e0 tous !<\/p>\n","protected":false},"featured_media":6334,"comment_status":"closed","ping_status":"closed","template":"","meta":{"_exactmetrics_skip_tracking":false,"_exactmetrics_sitenote_active":false,"_exactmetrics_sitenote_note":"","_exactmetrics_sitenote_category":0},"product_cat":[20],"product_tag":[],"class_list":{"0":"post-6333","1":"product","2":"type-product","3":"status-publish","4":"has-post-thumbnail","6":"product_brand-unic-stay","7":"product_cat-electronic-gift-cards","8":"pa_country-availability-france","10":"first","11":"instock","12":"virtual","13":"purchasable","14":"product-type-simple","15":"nyp-product"},"yoast_head":"<!-- This site is optimized with the Yoast SEO Premium plugin v20.11 (Yoast SEO v27.3) - https:\/\/yoast.com\/product\/yoast-seo-premium-wordpress\/ -->\n<title>Unic Stay Online Gift Card (Electronic Delivery) (France) - Coincards Europe<\/title>\n<meta name=\"robots\" content=\"index, follow, max-snippet:-1, max-image-preview:large, max-video-preview:-1\" \/>\n<link rel=\"canonical\" href=\"https:\/\/coincards.com\/eu\/product\/unic-stay-online-gift-card-electronic-delivery-france\/\" \/>\n<meta property=\"og:locale\" content=\"en_US\" \/>\n<meta property=\"og:type\" content=\"article\" \/>\n<meta property=\"og:title\" content=\"Unic Stay Online Gift Card (Electronic Delivery) (France)\" \/>\n<meta property=\"og:description\" content=\"UnicStay.com red\u00e9finit l&#039;art du voyage en mettant en lumi\u00e8re des h\u00e9bergements extraordinaires, s\u00e9lectionn\u00e9s avec soin pour leur caract\u00e8re unique. Au-del\u00e0 d&#039;une simple r\u00e9servation, nous offrons une \u00e9vasion immersive, r\u00e9pondant \u00e0 vos aspirations d&#039;authenticit\u00e9, d&#039;intensit\u00e9 \u00e9motionnelle et de d\u00e9couvertes inattendues. Avec UnicStay.com, d\u00e9couvrez comment chaque s\u00e9jour peut se transformer en une histoire m\u00e9morable, accessible \u00e0 tous !\" \/>\n<meta property=\"og:url\" content=\"https:\/\/coincards.com\/eu\/product\/unic-stay-online-gift-card-electronic-delivery-france\/\" \/>\n<meta property=\"og:site_name\" content=\"Coincards Europe\" \/>\n<meta property=\"article:modified_time\" content=\"2024-09-26T18:00:45+00:00\" \/>\n<meta property=\"og:image\" content=\"https:\/\/assets.coincards.com\/wp-content\/uploads\/sites\/6\/2024\/09\/26095941\/UNST-FR-card.png\" \/>\n\t<meta property=\"og:image:width\" content=\"675\" \/>\n\t<meta property=\"og:image:height\" content=\"425\" \/>\n\t<meta property=\"og:image:type\" content=\"image\/png\" \/>\n<meta name=\"twitter:card\" content=\"summary_large_image\" \/>\n<meta name=\"twitter:label1\" content=\"Price\" \/>\n\t<meta name=\"twitter:data1\" content=\"&euro;50.00\" \/>\n\t<meta name=\"twitter:label2\" content=\"Availability\" \/>\n\t<meta name=\"twitter:data2\" content=\"In stock\" \/>\n<script type=\"application\/ld+json\" class=\"yoast-schema-graph\">{\"@context\":\"https:\\\/\\\/schema.org\",\"@graph\":[{\"@type\":\"WebPage\",\"@id\":\"https:\\\/\\\/coincards.com\\\/eu\\\/product\\\/unic-stay-online-gift-card-electronic-delivery-france\\\/\",\"url\":\"https:\\\/\\\/coincards.com\\\/eu\\\/product\\\/unic-stay-online-gift-card-electronic-delivery-france\\\/\",\"name\":\"Unic Stay Online Gift Card (Electronic Delivery) (France) - Coincards Europe\",\"isPartOf\":{\"@id\":\"https:\\\/\\\/coincards.com\\\/eu\\\/#website\"},\"primaryImageOfPage\":{\"@id\":\"https:\\\/\\\/coincards.com\\\/eu\\\/product\\\/unic-stay-online-gift-card-electronic-delivery-france\\\/#primaryimage\"},\"image\":{\"@id\":\"https:\\\/\\\/coincards.com\\\/eu\\\/product\\\/unic-stay-online-gift-card-electronic-delivery-france\\\/#primaryimage\"},\"thumbnailUrl\":\"https:\\\/\\\/assets.coincards.com\\\/wp-content\\\/uploads\\\/sites\\\/6\\\/2024\\\/09\\\/26095941\\\/UNST-FR-card.png\",\"datePublished\":\"2024-09-26T17:57:44+00:00\",\"dateModified\":\"2024-09-26T18:00:45+00:00\",\"breadcrumb\":{\"@id\":\"https:\\\/\\\/coincards.com\\\/eu\\\/product\\\/unic-stay-online-gift-card-electronic-delivery-france\\\/#breadcrumb\"},\"inLanguage\":\"en-CA\",\"potentialAction\":[{\"@type\":\"ReadAction\",\"target\":[\"https:\\\/\\\/coincards.com\\\/eu\\\/product\\\/unic-stay-online-gift-card-electronic-delivery-france\\\/\"]}]},{\"@type\":\"ImageObject\",\"inLanguage\":\"en-CA\",\"@id\":\"https:\\\/\\\/coincards.com\\\/eu\\\/product\\\/unic-stay-online-gift-card-electronic-delivery-france\\\/#primaryimage\",\"url\":\"https:\\\/\\\/assets.coincards.com\\\/wp-content\\\/uploads\\\/sites\\\/6\\\/2024\\\/09\\\/26095941\\\/UNST-FR-card.png\",\"contentUrl\":\"https:\\\/\\\/assets.coincards.com\\\/wp-content\\\/uploads\\\/sites\\\/6\\\/2024\\\/09\\\/26095941\\\/UNST-FR-card.png\",\"width\":675,\"height\":425},{\"@type\":\"BreadcrumbList\",\"@id\":\"https:\\\/\\\/coincards.com\\\/eu\\\/product\\\/unic-stay-online-gift-card-electronic-delivery-france\\\/#breadcrumb\",\"itemListElement\":[{\"@type\":\"ListItem\",\"position\":1,\"name\":\"Home\",\"item\":\"https:\\\/\\\/coincards.com\\\/eu\\\/\"},{\"@type\":\"ListItem\",\"position\":2,\"name\":\"All Gift Cards\",\"item\":\"https:\\\/\\\/coincards.com\\\/eu\\\/all-gift-cards\\\/\"},{\"@type\":\"ListItem\",\"position\":3,\"name\":\"Unic Stay Online Gift Card (Electronic Delivery) (France)\"}]},{\"@type\":\"WebSite\",\"@id\":\"https:\\\/\\\/coincards.com\\\/eu\\\/#website\",\"url\":\"https:\\\/\\\/coincards.com\\\/eu\\\/\",\"name\":\"Coincards Europe\",\"description\":\"Austrlia&#039;s #1 Cryptocurrency to Gift Card Exchange Service\",\"potentialAction\":[{\"@type\":\"SearchAction\",\"target\":{\"@type\":\"EntryPoint\",\"urlTemplate\":\"https:\\\/\\\/coincards.com\\\/eu\\\/?s={search_term_string}\"},\"query-input\":{\"@type\":\"PropertyValueSpecification\",\"valueRequired\":true,\"valueName\":\"search_term_string\"}}],\"inLanguage\":\"en-CA\"}]}<\/script>\n<meta property=\"product:price:amount\" content=\"50.00\" \/>\n<meta property=\"product:price:currency\" content=\"EUR\" \/>\n<meta property=\"og:availability\" content=\"instock\" \/>\n<meta property=\"product:availability\" content=\"instock\" \/>\n<meta property=\"product:condition\" content=\"new\" \/>\n<!-- \/ Yoast SEO Premium plugin. -->","yoast_head_json":{"title":"Unic Stay Online Gift Card (Electronic Delivery) (France) - Coincards Europe","robots":{"index":"index","follow":"follow","max-snippet":"max-snippet:-1","max-image-preview":"max-image-preview:large","max-video-preview":"max-video-preview:-1"},"canonical":"https:\/\/coincards.com\/eu\/product\/unic-stay-online-gift-card-electronic-delivery-france\/","og_locale":"en_US","og_type":"article","og_title":"Unic Stay Online Gift Card (Electronic Delivery) (France)","og_description":"UnicStay.com red\u00e9finit l'art du voyage en mettant en lumi\u00e8re des h\u00e9bergements extraordinaires, s\u00e9lectionn\u00e9s avec soin pour leur caract\u00e8re unique. Au-del\u00e0 d'une simple r\u00e9servation, nous offrons une \u00e9vasion immersive, r\u00e9pondant \u00e0 vos aspirations d'authenticit\u00e9, d'intensit\u00e9 \u00e9motionnelle et de d\u00e9couvertes inattendues. Avec UnicStay.com, d\u00e9couvrez comment chaque s\u00e9jour peut se transformer en une histoire m\u00e9morable, accessible \u00e0 tous !","og_url":"https:\/\/coincards.com\/eu\/product\/unic-stay-online-gift-card-electronic-delivery-france\/","og_site_name":"Coincards Europe","article_modified_time":"2024-09-26T18:00:45+00:00","og_image":[{"width":675,"height":425,"url":"https:\/\/assets.coincards.com\/wp-content\/uploads\/sites\/6\/2024\/09\/26095941\/UNST-FR-card.png","type":"image\/png"}],"twitter_card":"summary_large_image","twitter_misc":{"Price":"&euro;50.00","Availability":"In stock"},"schema":{"@context":"https:\/\/schema.org","@graph":[{"@type":"WebPage","@id":"https:\/\/coincards.com\/eu\/product\/unic-stay-online-gift-card-electronic-delivery-france\/","url":"https:\/\/coincards.com\/eu\/product\/unic-stay-online-gift-card-electronic-delivery-france\/","name":"Unic Stay Online Gift Card (Electronic Delivery) (France) - Coincards Europe","isPartOf":{"@id":"https:\/\/coincards.com\/eu\/#website"},"primaryImageOfPage":{"@id":"https:\/\/coincards.com\/eu\/product\/unic-stay-online-gift-card-electronic-delivery-france\/#primaryimage"},"image":{"@id":"https:\/\/coincards.com\/eu\/product\/unic-stay-online-gift-card-electronic-delivery-france\/#primaryimage"},"thumbnailUrl":"https:\/\/assets.coincards.com\/wp-content\/uploads\/sites\/6\/2024\/09\/26095941\/UNST-FR-card.png","datePublished":"2024-09-26T17:57:44+00:00","dateModified":"2024-09-26T18:00:45+00:00","breadcrumb":{"@id":"https:\/\/coincards.com\/eu\/product\/unic-stay-online-gift-card-electronic-delivery-france\/#breadcrumb"},"inLanguage":"en-CA","potentialAction":[{"@type":"ReadAction","target":["https:\/\/coincards.com\/eu\/product\/unic-stay-online-gift-card-electronic-delivery-france\/"]}]},{"@type":"ImageObject","inLanguage":"en-CA","@id":"https:\/\/coincards.com\/eu\/product\/unic-stay-online-gift-card-electronic-delivery-france\/#primaryimage","url":"https:\/\/assets.coincards.com\/wp-content\/uploads\/sites\/6\/2024\/09\/26095941\/UNST-FR-card.png","contentUrl":"https:\/\/assets.coincards.com\/wp-content\/uploads\/sites\/6\/2024\/09\/26095941\/UNST-FR-card.png","width":675,"height":425},{"@type":"BreadcrumbList","@id":"https:\/\/coincards.com\/eu\/product\/unic-stay-online-gift-card-electronic-delivery-france\/#breadcrumb","itemListElement":[{"@type":"ListItem","position":1,"name":"Home","item":"https:\/\/coincards.com\/eu\/"},{"@type":"ListItem","position":2,"name":"All Gift Cards","item":"https:\/\/coincards.com\/eu\/all-gift-cards\/"},{"@type":"ListItem","position":3,"name":"Unic Stay Online Gift Card (Electronic Delivery) (France)"}]},{"@type":"WebSite","@id":"https:\/\/coincards.com\/eu\/#website","url":"https:\/\/coincards.com\/eu\/","name":"Coincards Europe","description":"Austrlia&#039;s #1 Cryptocurrency to Gift Card Exchange Service","potentialAction":[{"@type":"SearchAction","target":{"@type":"EntryPoint","urlTemplate":"https:\/\/coincards.com\/eu\/?s={search_term_string}"},"query-input":{"@type":"PropertyValueSpecification","valueRequired":true,"valueName":"search_term_string"}}],"inLanguage":"en-CA"}]},"product_price_amount":"50.00","product_price_currency":"EUR","og_availability":"instock","product_availability":"instock","product_condition":"new"},"_links":{"self":[{"href":"https:\/\/coincards.com\/eu\/wp-json\/wp\/v2\/product\/6333","targetHints":{"allow":["GET"]}}],"collection":[{"href":"https:\/\/coincards.com\/eu\/wp-json\/wp\/v2\/product"}],"about":[{"href":"https:\/\/coincards.com\/eu\/wp-json\/wp\/v2\/types\/product"}],"replies":[{"embeddable":true,"href":"https:\/\/coincards.com\/eu\/wp-json\/wp\/v2\/comments?post=6333"}],"wp:featuredmedia":[{"embeddable":true,"href":"https:\/\/coincards.com\/eu\/wp-json\/wp\/v2\/media\/6334"}],"wp:attachment":[{"href":"https:\/\/coincards.com\/eu\/wp-json\/wp\/v2\/media?parent=6333"}],"wp:term":[{"taxonomy":"product_cat","embeddable":true,"href":"https:\/\/coincards.com\/eu\/wp-json\/wp\/v2\/product_cat?post=6333"},{"taxonomy":"product_tag","embeddable":true,"href":"https:\/\/coincards.com\/eu\/wp-json\/wp\/v2\/product_tag?post=6333"}],"curies":[{"name":"wp","href":"https:\/\/api.w.org\/{rel}","templated":true}]}}