{"id":6224,"date":"2024-08-22T09:43:20","date_gmt":"2024-08-22T17:43:20","guid":{"rendered":"https:\/\/coincards.com\/eu\/?post_type=product&#038;p=6224"},"modified":"2025-10-01T14:14:29","modified_gmt":"2025-10-01T22:14:29","slug":"google-play-fr-online-gift-card-electronic-delivery","status":"publish","type":"product","link":"https:\/\/coincards.com\/eu\/product\/google-play-fr-online-gift-card-electronic-delivery\/","title":{"rendered":"Google Play FR Online Gift Card (Electronic Delivery)"},"content":{"rendered":"<p>Conditions d&#8217;utilisation : Pour consulter les r\u00e8gles de confidentialit\u00e9 et la version compl\u00e8te des conditions d&#8217;utilisation, rendez-vous \u00e0 l&#8217;adresse play.google.com\/fr-card-terms. Carte cadeau \u00e9mise par Google Commerce Limited (GCL). Valable pour les personnes de 15 ans et plus r\u00e9sidant en France. Un compte Google Payments et une connexion Internet sont n\u00e9cessaires. \u00c0 utiliser seulement pour l&#8217;achat d\u2019articles \u00e9ligibles sur Google Play. Ne peut pas servir \u00e0 l&#8217;achat de livres, d&#8217;appareils ni de certains abonnements. D&#8217;autres restrictions peuvent s&#8217;appliquer. Aucuns frais de carte de paiement, validit\u00e9 permanente. Non \u00e9changeable contre des esp\u00e8ces ou d\u2019autres cartes, non rechargeable et non cumulable avec des soldes autres que le solde Google Play. Ne peut \u00eatre revendue, \u00e9chang\u00e9e ni c\u00e9d\u00e9e contre sa valeur (sauf si la loi l&#8217;exige). L&#8217;utilisateur assume l&#8217;enti\u00e8re responsabilit\u00e9 en cas de perte de la carte. Pour obtenir de l&#8217;aide, consultez la page support.google.com\/googleplay\/go\/cardhelp.<\/p>\n<p>N&#8217;utilisez ce code que sur Google Play. Toute autre demande du code pourrait \u00eatre une escroquerie. Pour en savoir plus, rendez-vous sur play.google.com\/giftcardscam.<\/p>\n<p>Pour utiliser le code, saisissez-le dans l&#8217;application Play Store ou sur la page play.google.com.<\/p>\n","protected":false},"excerpt":{"rendered":"<p>Un code. Des possibilit\u00e9s de jeu infinies. Trouvez votre bonheur parmi des millions d&#8217;applis, de jeux et d&#8217;autres produits. Gr\u00e2ce \u00e0 des millions d&#8217;applis, de jeux et d&#8217;autres produits, chacun peut trouver son bonheur sur Google Play. Utilisez une e-carte Google Play pour explorer un monde de divertissement infini, incluant vos jeux pr\u00e9f\u00e9r\u00e9s et les applications dont vous ne pouvez plus vous passer. Il n&#8217;y a pas de frais ni de date d&#8217;expiration, et aucune carte de cr\u00e9dit n&#8217;est n\u00e9cessaire pour commencer \u00e0 jouer. C&#8217;est le cadeau id\u00e9al, y compris pour vous. T\u00e9l\u00e9chargez instantan\u00e9ment vos jeux pr\u00e9f\u00e9r\u00e9s pour en profiter d\u00e8s que vous le souhaitez, que vous soyez en d\u00e9placement ou bien install\u00e9 sur votre canap\u00e9. Vos applis, jeux et autres produits Google Play sont disponibles sur vos appareils et plates-formes pr\u00e9f\u00e9r\u00e9s, y compris Android, iOS, Chromecast et votre navigateur Web.<\/p>\n","protected":false},"featured_media":6226,"comment_status":"closed","ping_status":"closed","template":"","meta":{"_exactmetrics_skip_tracking":false,"_exactmetrics_sitenote_active":false,"_exactmetrics_sitenote_note":"","_exactmetrics_sitenote_category":0},"product_cat":[20],"product_tag":[],"class_list":{"0":"post-6224","1":"product","2":"type-product","3":"status-publish","4":"has-post-thumbnail","6":"product_brand-google","7":"product_cat-electronic-gift-cards","8":"pa_country-availability-france","10":"first","11":"instock","12":"virtual","13":"purchasable","14":"product-type-simple","15":"nyp-product"},"yoast_head":"<!-- This site is optimized with the Yoast SEO Premium plugin v20.11 (Yoast SEO v27.3) - https:\/\/yoast.com\/product\/yoast-seo-premium-wordpress\/ -->\n<title>Google Play FR Online Gift Card (Electronic Delivery) - Coincards Europe<\/title>\n<meta name=\"robots\" content=\"index, follow, max-snippet:-1, max-image-preview:large, max-video-preview:-1\" \/>\n<link rel=\"canonical\" href=\"https:\/\/coincards.com\/eu\/product\/google-play-fr-online-gift-card-electronic-delivery\/\" \/>\n<meta property=\"og:locale\" content=\"en_US\" \/>\n<meta property=\"og:type\" content=\"article\" \/>\n<meta property=\"og:title\" content=\"Google Play FR Online Gift Card (Electronic Delivery)\" \/>\n<meta property=\"og:description\" content=\"Un code. Des possibilit\u00e9s de jeu infinies. Trouvez votre bonheur parmi des millions d&#039;applis, de jeux et d&#039;autres produits. Gr\u00e2ce \u00e0 des millions d&#039;applis, de jeux et d&#039;autres produits, chacun peut trouver son bonheur sur Google Play. Utilisez une e-carte Google Play pour explorer un monde de divertissement infini, incluant vos jeux pr\u00e9f\u00e9r\u00e9s et les applications dont vous ne pouvez plus vous passer. Il n&#039;y a pas de frais ni de date d&#039;expiration, et aucune carte de cr\u00e9dit n&#039;est n\u00e9cessaire pour commencer \u00e0 jouer. C&#039;est le cadeau id\u00e9al, y compris pour vous. T\u00e9l\u00e9chargez instantan\u00e9ment vos jeux pr\u00e9f\u00e9r\u00e9s pour en profiter d\u00e8s que vous le souhaitez, que vous soyez en d\u00e9placement ou bien install\u00e9 sur votre canap\u00e9. Vos applis, jeux et autres produits Google Play sont disponibles sur vos appareils et plates-formes pr\u00e9f\u00e9r\u00e9s, y compris Android, iOS, Chromecast et votre navigateur Web.\" \/>\n<meta property=\"og:url\" content=\"https:\/\/coincards.com\/eu\/product\/google-play-fr-online-gift-card-electronic-delivery\/\" \/>\n<meta property=\"og:site_name\" content=\"Coincards Europe\" \/>\n<meta property=\"article:modified_time\" content=\"2025-10-01T22:14:29+00:00\" \/>\n<meta property=\"og:image\" content=\"https:\/\/assets.coincards.com\/wp-content\/uploads\/sites\/6\/2024\/08\/22094152\/GOOGLE-FR-card.png\" \/>\n\t<meta property=\"og:image:width\" content=\"675\" \/>\n\t<meta property=\"og:image:height\" content=\"425\" \/>\n\t<meta property=\"og:image:type\" content=\"image\/png\" \/>\n<meta name=\"twitter:card\" content=\"summary_large_image\" \/>\n<meta name=\"twitter:label1\" content=\"Price\" \/>\n\t<meta name=\"twitter:data1\" content=\"&euro;10.00\" \/>\n\t<meta name=\"twitter:label2\" content=\"Availability\" \/>\n\t<meta name=\"twitter:data2\" content=\"In stock\" \/>\n<script type=\"application\/ld+json\" class=\"yoast-schema-graph\">{\"@context\":\"https:\\\/\\\/schema.org\",\"@graph\":[{\"@type\":\"WebPage\",\"@id\":\"https:\\\/\\\/coincards.com\\\/eu\\\/product\\\/google-play-fr-online-gift-card-electronic-delivery\\\/\",\"url\":\"https:\\\/\\\/coincards.com\\\/eu\\\/product\\\/google-play-fr-online-gift-card-electronic-delivery\\\/\",\"name\":\"Google Play FR Online Gift Card (Electronic Delivery) - Coincards Europe\",\"isPartOf\":{\"@id\":\"https:\\\/\\\/coincards.com\\\/eu\\\/#website\"},\"primaryImageOfPage\":{\"@id\":\"https:\\\/\\\/coincards.com\\\/eu\\\/product\\\/google-play-fr-online-gift-card-electronic-delivery\\\/#primaryimage\"},\"image\":{\"@id\":\"https:\\\/\\\/coincards.com\\\/eu\\\/product\\\/google-play-fr-online-gift-card-electronic-delivery\\\/#primaryimage\"},\"thumbnailUrl\":\"https:\\\/\\\/assets.coincards.com\\\/wp-content\\\/uploads\\\/sites\\\/6\\\/2024\\\/08\\\/22094152\\\/GOOGLE-FR-card.png\",\"datePublished\":\"2024-08-22T17:43:20+00:00\",\"dateModified\":\"2025-10-01T22:14:29+00:00\",\"breadcrumb\":{\"@id\":\"https:\\\/\\\/coincards.com\\\/eu\\\/product\\\/google-play-fr-online-gift-card-electronic-delivery\\\/#breadcrumb\"},\"inLanguage\":\"en-CA\",\"potentialAction\":[{\"@type\":\"ReadAction\",\"target\":[\"https:\\\/\\\/coincards.com\\\/eu\\\/product\\\/google-play-fr-online-gift-card-electronic-delivery\\\/\"]}]},{\"@type\":\"ImageObject\",\"inLanguage\":\"en-CA\",\"@id\":\"https:\\\/\\\/coincards.com\\\/eu\\\/product\\\/google-play-fr-online-gift-card-electronic-delivery\\\/#primaryimage\",\"url\":\"https:\\\/\\\/assets.coincards.com\\\/wp-content\\\/uploads\\\/sites\\\/6\\\/2024\\\/08\\\/22094152\\\/GOOGLE-FR-card.png\",\"contentUrl\":\"https:\\\/\\\/assets.coincards.com\\\/wp-content\\\/uploads\\\/sites\\\/6\\\/2024\\\/08\\\/22094152\\\/GOOGLE-FR-card.png\",\"width\":675,\"height\":425},{\"@type\":\"BreadcrumbList\",\"@id\":\"https:\\\/\\\/coincards.com\\\/eu\\\/product\\\/google-play-fr-online-gift-card-electronic-delivery\\\/#breadcrumb\",\"itemListElement\":[{\"@type\":\"ListItem\",\"position\":1,\"name\":\"Home\",\"item\":\"https:\\\/\\\/coincards.com\\\/eu\\\/\"},{\"@type\":\"ListItem\",\"position\":2,\"name\":\"All Gift Cards\",\"item\":\"https:\\\/\\\/coincards.com\\\/eu\\\/all-gift-cards\\\/\"},{\"@type\":\"ListItem\",\"position\":3,\"name\":\"Google Play FR Online Gift Card (Electronic Delivery)\"}]},{\"@type\":\"WebSite\",\"@id\":\"https:\\\/\\\/coincards.com\\\/eu\\\/#website\",\"url\":\"https:\\\/\\\/coincards.com\\\/eu\\\/\",\"name\":\"Coincards Europe\",\"description\":\"Austrlia&#039;s #1 Cryptocurrency to Gift Card Exchange Service\",\"potentialAction\":[{\"@type\":\"SearchAction\",\"target\":{\"@type\":\"EntryPoint\",\"urlTemplate\":\"https:\\\/\\\/coincards.com\\\/eu\\\/?s={search_term_string}\"},\"query-input\":{\"@type\":\"PropertyValueSpecification\",\"valueRequired\":true,\"valueName\":\"search_term_string\"}}],\"inLanguage\":\"en-CA\"}]}<\/script>\n<meta property=\"product:price:amount\" content=\"10.00\" \/>\n<meta property=\"product:price:currency\" content=\"EUR\" \/>\n<meta property=\"og:availability\" content=\"instock\" \/>\n<meta property=\"product:availability\" content=\"instock\" \/>\n<meta property=\"product:condition\" content=\"new\" \/>\n<!-- \/ Yoast SEO Premium plugin. -->","yoast_head_json":{"title":"Google Play FR Online Gift Card (Electronic Delivery) - Coincards Europe","robots":{"index":"index","follow":"follow","max-snippet":"max-snippet:-1","max-image-preview":"max-image-preview:large","max-video-preview":"max-video-preview:-1"},"canonical":"https:\/\/coincards.com\/eu\/product\/google-play-fr-online-gift-card-electronic-delivery\/","og_locale":"en_US","og_type":"article","og_title":"Google Play FR Online Gift Card (Electronic Delivery)","og_description":"Un code. Des possibilit\u00e9s de jeu infinies. Trouvez votre bonheur parmi des millions d'applis, de jeux et d'autres produits. Gr\u00e2ce \u00e0 des millions d'applis, de jeux et d'autres produits, chacun peut trouver son bonheur sur Google Play. Utilisez une e-carte Google Play pour explorer un monde de divertissement infini, incluant vos jeux pr\u00e9f\u00e9r\u00e9s et les applications dont vous ne pouvez plus vous passer. Il n'y a pas de frais ni de date d'expiration, et aucune carte de cr\u00e9dit n'est n\u00e9cessaire pour commencer \u00e0 jouer. C'est le cadeau id\u00e9al, y compris pour vous. T\u00e9l\u00e9chargez instantan\u00e9ment vos jeux pr\u00e9f\u00e9r\u00e9s pour en profiter d\u00e8s que vous le souhaitez, que vous soyez en d\u00e9placement ou bien install\u00e9 sur votre canap\u00e9. Vos applis, jeux et autres produits Google Play sont disponibles sur vos appareils et plates-formes pr\u00e9f\u00e9r\u00e9s, y compris Android, iOS, Chromecast et votre navigateur Web.","og_url":"https:\/\/coincards.com\/eu\/product\/google-play-fr-online-gift-card-electronic-delivery\/","og_site_name":"Coincards Europe","article_modified_time":"2025-10-01T22:14:29+00:00","og_image":[{"width":675,"height":425,"url":"https:\/\/assets.coincards.com\/wp-content\/uploads\/sites\/6\/2024\/08\/22094152\/GOOGLE-FR-card.png","type":"image\/png"}],"twitter_card":"summary_large_image","twitter_misc":{"Price":"&euro;10.00","Availability":"In stock"},"schema":{"@context":"https:\/\/schema.org","@graph":[{"@type":"WebPage","@id":"https:\/\/coincards.com\/eu\/product\/google-play-fr-online-gift-card-electronic-delivery\/","url":"https:\/\/coincards.com\/eu\/product\/google-play-fr-online-gift-card-electronic-delivery\/","name":"Google Play FR Online Gift Card (Electronic Delivery) - Coincards Europe","isPartOf":{"@id":"https:\/\/coincards.com\/eu\/#website"},"primaryImageOfPage":{"@id":"https:\/\/coincards.com\/eu\/product\/google-play-fr-online-gift-card-electronic-delivery\/#primaryimage"},"image":{"@id":"https:\/\/coincards.com\/eu\/product\/google-play-fr-online-gift-card-electronic-delivery\/#primaryimage"},"thumbnailUrl":"https:\/\/assets.coincards.com\/wp-content\/uploads\/sites\/6\/2024\/08\/22094152\/GOOGLE-FR-card.png","datePublished":"2024-08-22T17:43:20+00:00","dateModified":"2025-10-01T22:14:29+00:00","breadcrumb":{"@id":"https:\/\/coincards.com\/eu\/product\/google-play-fr-online-gift-card-electronic-delivery\/#breadcrumb"},"inLanguage":"en-CA","potentialAction":[{"@type":"ReadAction","target":["https:\/\/coincards.com\/eu\/product\/google-play-fr-online-gift-card-electronic-delivery\/"]}]},{"@type":"ImageObject","inLanguage":"en-CA","@id":"https:\/\/coincards.com\/eu\/product\/google-play-fr-online-gift-card-electronic-delivery\/#primaryimage","url":"https:\/\/assets.coincards.com\/wp-content\/uploads\/sites\/6\/2024\/08\/22094152\/GOOGLE-FR-card.png","contentUrl":"https:\/\/assets.coincards.com\/wp-content\/uploads\/sites\/6\/2024\/08\/22094152\/GOOGLE-FR-card.png","width":675,"height":425},{"@type":"BreadcrumbList","@id":"https:\/\/coincards.com\/eu\/product\/google-play-fr-online-gift-card-electronic-delivery\/#breadcrumb","itemListElement":[{"@type":"ListItem","position":1,"name":"Home","item":"https:\/\/coincards.com\/eu\/"},{"@type":"ListItem","position":2,"name":"All Gift Cards","item":"https:\/\/coincards.com\/eu\/all-gift-cards\/"},{"@type":"ListItem","position":3,"name":"Google Play FR Online Gift Card (Electronic Delivery)"}]},{"@type":"WebSite","@id":"https:\/\/coincards.com\/eu\/#website","url":"https:\/\/coincards.com\/eu\/","name":"Coincards Europe","description":"Austrlia&#039;s #1 Cryptocurrency to Gift Card Exchange Service","potentialAction":[{"@type":"SearchAction","target":{"@type":"EntryPoint","urlTemplate":"https:\/\/coincards.com\/eu\/?s={search_term_string}"},"query-input":{"@type":"PropertyValueSpecification","valueRequired":true,"valueName":"search_term_string"}}],"inLanguage":"en-CA"}]},"product_price_amount":"10.00","product_price_currency":"EUR","og_availability":"instock","product_availability":"instock","product_condition":"new"},"_links":{"self":[{"href":"https:\/\/coincards.com\/eu\/wp-json\/wp\/v2\/product\/6224","targetHints":{"allow":["GET"]}}],"collection":[{"href":"https:\/\/coincards.com\/eu\/wp-json\/wp\/v2\/product"}],"about":[{"href":"https:\/\/coincards.com\/eu\/wp-json\/wp\/v2\/types\/product"}],"replies":[{"embeddable":true,"href":"https:\/\/coincards.com\/eu\/wp-json\/wp\/v2\/comments?post=6224"}],"wp:featuredmedia":[{"embeddable":true,"href":"https:\/\/coincards.com\/eu\/wp-json\/wp\/v2\/media\/6226"}],"wp:attachment":[{"href":"https:\/\/coincards.com\/eu\/wp-json\/wp\/v2\/media?parent=6224"}],"wp:term":[{"taxonomy":"product_cat","embeddable":true,"href":"https:\/\/coincards.com\/eu\/wp-json\/wp\/v2\/product_cat?post=6224"},{"taxonomy":"product_tag","embeddable":true,"href":"https:\/\/coincards.com\/eu\/wp-json\/wp\/v2\/product_tag?post=6224"}],"curies":[{"name":"wp","href":"https:\/\/api.w.org\/{rel}","templated":true}]}}