{"id":5281,"date":"2024-06-03T09:12:18","date_gmt":"2024-06-03T17:12:18","guid":{"rendered":"https:\/\/coincards.com\/eu\/?post_type=product&#038;p=5281"},"modified":"2026-04-10T11:49:01","modified_gmt":"2026-04-10T19:49:01","slug":"airbnb-fr-online-gift-card-electronic-delivery","status":"publish","type":"product","link":"https:\/\/coincards.com\/eu\/product\/airbnb-fr-online-gift-card-electronic-delivery\/","title":{"rendered":"Airbnb FR Online Gift Card (Electronic Delivery) (France)"},"content":{"rendered":"<p>Le solde de la carte n&#8217;expire jamais. Aucuns frais ne s&#8217;appliquent au moment de l&#8217;achat ou de l&#8217;activation de la carte. Les personnes qui r\u00e9sident en France peuvent l&#8217;utiliser pour acheter des biens et des services \u00e9ligibles sur le site web et l&#8217;application Airbnb. Un compte Airbnb est n\u00e9cessaire. La carte n&#8217;est pas rechargeable et, sauf lorsque la loi l&#8217;exige, ne peut pas faire l&#8217;objet d&#8217;un \u00e9change contre des esp\u00e8ces, d&#8217;un remboursement, d&#8217;un retour ou d&#8217;une revente. L&#8217;\u00e9metteur n&#8217;est pas responsable en cas de perte, d&#8217;endommagement, de vol ou d&#8217;une utilisation non autoris\u00e9e de la carte. Pour consulter le solde de la carte, connectez-vous \u00e0 votre compte Airbnb. \u00c9metteur : Airbnb Ireland UC. Pour conna\u00eetre l&#8217;ensemble des conditions applicables aux cartes cadeaux, rendez-vous surairbnb.fr\/terms\/eu_gift_cards..<\/p>\n","protected":false},"excerpt":{"rendered":"<p>Carte cadeau Airbnb : des s\u00e9jours et des exp\u00e9riences inoubliables, partout dans le monde. Offrez des escapades parfaites dans des lieux uniques : une cabane au bord d&#8217;un lac, une maison sur la plage ou un appartement au c\u0153ur de la ville&#8230; Offrez des exp\u00e9riences authentiques propos\u00e9es par des experts locaux : visites guid\u00e9es, ateliers ou d\u00e9gustations&#8230; Les cartes cadeaux Airbnb n\u2019expirent jamais. Utilisez-les en une ou plusieurs fois pour r\u00e9server des s\u00e9jours ou des exp\u00e9riences.<\/p>\n","protected":false},"featured_media":5943,"comment_status":"closed","ping_status":"closed","template":"","meta":{"_exactmetrics_skip_tracking":false,"_exactmetrics_sitenote_active":false,"_exactmetrics_sitenote_note":"","_exactmetrics_sitenote_category":0},"product_cat":[20],"product_tag":[],"class_list":{"0":"post-5281","1":"product","2":"type-product","3":"status-publish","4":"has-post-thumbnail","6":"product_brand-airbnb","7":"product_cat-electronic-gift-cards","8":"pa_country-availability-france","10":"first","11":"instock","12":"shipping-taxable","13":"purchasable","14":"product-type-variable","15":"has-default-attributes"},"yoast_head":"<!-- This site is optimized with the Yoast SEO Premium plugin v20.11 (Yoast SEO v25.8) - https:\/\/yoast.com\/wordpress\/plugins\/seo\/ -->\n<title>Airbnb FR Online Gift Card (Electronic Delivery) (France) - Coincards Europe<\/title>\n<meta name=\"robots\" content=\"index, follow, max-snippet:-1, max-image-preview:large, max-video-preview:-1\" \/>\n<link rel=\"canonical\" href=\"https:\/\/coincards.com\/eu\/product\/airbnb-fr-online-gift-card-electronic-delivery\/\" \/>\n<meta property=\"og:locale\" content=\"en_US\" \/>\n<meta property=\"og:type\" content=\"article\" \/>\n<meta property=\"og:title\" content=\"Airbnb FR Online Gift Card (Electronic Delivery) (France)\" \/>\n<meta property=\"og:description\" content=\"Carte cadeau Airbnb : des s\u00e9jours et des exp\u00e9riences inoubliables, partout dans le monde. Offrez des escapades parfaites dans des lieux uniques : une cabane au bord d&#039;un lac, une maison sur la plage ou un appartement au c\u0153ur de la ville... Offrez des exp\u00e9riences authentiques propos\u00e9es par des experts locaux : visites guid\u00e9es, ateliers ou d\u00e9gustations... Les cartes cadeaux Airbnb n\u2019expirent jamais. Utilisez-les en une ou plusieurs fois pour r\u00e9server des s\u00e9jours ou des exp\u00e9riences.\" \/>\n<meta property=\"og:url\" content=\"https:\/\/coincards.com\/eu\/product\/airbnb-fr-online-gift-card-electronic-delivery\/\" \/>\n<meta property=\"og:site_name\" content=\"Coincards Europe\" \/>\n<meta property=\"article:modified_time\" content=\"2026-04-10T19:49:01+00:00\" \/>\n<meta property=\"og:image\" content=\"https:\/\/assets.coincards.com\/wp-content\/uploads\/sites\/6\/2024\/06\/04191528\/airbnb-1.png\" \/>\n\t<meta property=\"og:image:width\" content=\"675\" \/>\n\t<meta property=\"og:image:height\" content=\"425\" \/>\n\t<meta property=\"og:image:type\" content=\"image\/png\" \/>\n<meta name=\"twitter:card\" content=\"summary_large_image\" \/>\n<meta name=\"twitter:label1\" content=\"Availability\" \/>\n\t<meta name=\"twitter:data1\" content=\"In stock\" \/>\n<script type=\"application\/ld+json\" class=\"yoast-schema-graph\">{\"@context\":\"https:\/\/schema.org\",\"@graph\":[{\"@type\":\"WebPage\",\"@id\":\"https:\/\/coincards.com\/eu\/product\/airbnb-fr-online-gift-card-electronic-delivery\/\",\"url\":\"https:\/\/coincards.com\/eu\/product\/airbnb-fr-online-gift-card-electronic-delivery\/\",\"name\":\"Airbnb FR Online Gift Card (Electronic Delivery) (France) - Coincards Europe\",\"isPartOf\":{\"@id\":\"https:\/\/coincards.com\/eu\/#website\"},\"primaryImageOfPage\":{\"@id\":\"https:\/\/coincards.com\/eu\/product\/airbnb-fr-online-gift-card-electronic-delivery\/#primaryimage\"},\"image\":{\"@id\":\"https:\/\/coincards.com\/eu\/product\/airbnb-fr-online-gift-card-electronic-delivery\/#primaryimage\"},\"thumbnailUrl\":\"https:\/\/assets.coincards.com\/wp-content\/uploads\/sites\/6\/2024\/06\/04191528\/airbnb-1.png\",\"datePublished\":\"2024-06-03T17:12:18+00:00\",\"dateModified\":\"2026-04-10T19:49:01+00:00\",\"breadcrumb\":{\"@id\":\"https:\/\/coincards.com\/eu\/product\/airbnb-fr-online-gift-card-electronic-delivery\/#breadcrumb\"},\"inLanguage\":\"en-CA\",\"potentialAction\":[{\"@type\":\"ReadAction\",\"target\":[\"https:\/\/coincards.com\/eu\/product\/airbnb-fr-online-gift-card-electronic-delivery\/\"]}]},{\"@type\":\"ImageObject\",\"inLanguage\":\"en-CA\",\"@id\":\"https:\/\/coincards.com\/eu\/product\/airbnb-fr-online-gift-card-electronic-delivery\/#primaryimage\",\"url\":\"https:\/\/assets.coincards.com\/wp-content\/uploads\/sites\/6\/2024\/06\/04191528\/airbnb-1.png\",\"contentUrl\":\"https:\/\/assets.coincards.com\/wp-content\/uploads\/sites\/6\/2024\/06\/04191528\/airbnb-1.png\",\"width\":675,\"height\":425},{\"@type\":\"BreadcrumbList\",\"@id\":\"https:\/\/coincards.com\/eu\/product\/airbnb-fr-online-gift-card-electronic-delivery\/#breadcrumb\",\"itemListElement\":[{\"@type\":\"ListItem\",\"position\":1,\"name\":\"Home\",\"item\":\"https:\/\/coincards.com\/eu\/\"},{\"@type\":\"ListItem\",\"position\":2,\"name\":\"All Gift Cards\",\"item\":\"https:\/\/coincards.com\/eu\/all-gift-cards\/\"},{\"@type\":\"ListItem\",\"position\":3,\"name\":\"Airbnb FR Online Gift Card (Electronic Delivery) (France)\"}]},{\"@type\":\"WebSite\",\"@id\":\"https:\/\/coincards.com\/eu\/#website\",\"url\":\"https:\/\/coincards.com\/eu\/\",\"name\":\"Coincards Europe\",\"description\":\"Austrlia&#039;s #1 Cryptocurrency to Gift Card Exchange Service\",\"potentialAction\":[{\"@type\":\"SearchAction\",\"target\":{\"@type\":\"EntryPoint\",\"urlTemplate\":\"https:\/\/coincards.com\/eu\/?s={search_term_string}\"},\"query-input\":{\"@type\":\"PropertyValueSpecification\",\"valueRequired\":true,\"valueName\":\"search_term_string\"}}],\"inLanguage\":\"en-CA\"}]}<\/script>\n<meta property=\"og:availability\" content=\"instock\" \/>\n<meta property=\"product:availability\" content=\"instock\" \/>\n<meta property=\"product:condition\" content=\"new\" \/>\n<!-- \/ Yoast SEO Premium plugin. -->","yoast_head_json":{"title":"Airbnb FR Online Gift Card (Electronic Delivery) (France) - Coincards Europe","robots":{"index":"index","follow":"follow","max-snippet":"max-snippet:-1","max-image-preview":"max-image-preview:large","max-video-preview":"max-video-preview:-1"},"canonical":"https:\/\/coincards.com\/eu\/product\/airbnb-fr-online-gift-card-electronic-delivery\/","og_locale":"en_US","og_type":"article","og_title":"Airbnb FR Online Gift Card (Electronic Delivery) (France)","og_description":"Carte cadeau Airbnb : des s\u00e9jours et des exp\u00e9riences inoubliables, partout dans le monde. Offrez des escapades parfaites dans des lieux uniques : une cabane au bord d'un lac, une maison sur la plage ou un appartement au c\u0153ur de la ville... Offrez des exp\u00e9riences authentiques propos\u00e9es par des experts locaux : visites guid\u00e9es, ateliers ou d\u00e9gustations... Les cartes cadeaux Airbnb n\u2019expirent jamais. Utilisez-les en une ou plusieurs fois pour r\u00e9server des s\u00e9jours ou des exp\u00e9riences.","og_url":"https:\/\/coincards.com\/eu\/product\/airbnb-fr-online-gift-card-electronic-delivery\/","og_site_name":"Coincards Europe","article_modified_time":"2026-04-10T19:49:01+00:00","og_image":[{"width":675,"height":425,"url":"https:\/\/assets.coincards.com\/wp-content\/uploads\/sites\/6\/2024\/06\/04191528\/airbnb-1.png","type":"image\/png"}],"twitter_card":"summary_large_image","twitter_misc":{"Availability":"In stock"},"schema":{"@context":"https:\/\/schema.org","@graph":[{"@type":"WebPage","@id":"https:\/\/coincards.com\/eu\/product\/airbnb-fr-online-gift-card-electronic-delivery\/","url":"https:\/\/coincards.com\/eu\/product\/airbnb-fr-online-gift-card-electronic-delivery\/","name":"Airbnb FR Online Gift Card (Electronic Delivery) (France) - Coincards Europe","isPartOf":{"@id":"https:\/\/coincards.com\/eu\/#website"},"primaryImageOfPage":{"@id":"https:\/\/coincards.com\/eu\/product\/airbnb-fr-online-gift-card-electronic-delivery\/#primaryimage"},"image":{"@id":"https:\/\/coincards.com\/eu\/product\/airbnb-fr-online-gift-card-electronic-delivery\/#primaryimage"},"thumbnailUrl":"https:\/\/assets.coincards.com\/wp-content\/uploads\/sites\/6\/2024\/06\/04191528\/airbnb-1.png","datePublished":"2024-06-03T17:12:18+00:00","dateModified":"2026-04-10T19:49:01+00:00","breadcrumb":{"@id":"https:\/\/coincards.com\/eu\/product\/airbnb-fr-online-gift-card-electronic-delivery\/#breadcrumb"},"inLanguage":"en-CA","potentialAction":[{"@type":"ReadAction","target":["https:\/\/coincards.com\/eu\/product\/airbnb-fr-online-gift-card-electronic-delivery\/"]}]},{"@type":"ImageObject","inLanguage":"en-CA","@id":"https:\/\/coincards.com\/eu\/product\/airbnb-fr-online-gift-card-electronic-delivery\/#primaryimage","url":"https:\/\/assets.coincards.com\/wp-content\/uploads\/sites\/6\/2024\/06\/04191528\/airbnb-1.png","contentUrl":"https:\/\/assets.coincards.com\/wp-content\/uploads\/sites\/6\/2024\/06\/04191528\/airbnb-1.png","width":675,"height":425},{"@type":"BreadcrumbList","@id":"https:\/\/coincards.com\/eu\/product\/airbnb-fr-online-gift-card-electronic-delivery\/#breadcrumb","itemListElement":[{"@type":"ListItem","position":1,"name":"Home","item":"https:\/\/coincards.com\/eu\/"},{"@type":"ListItem","position":2,"name":"All Gift Cards","item":"https:\/\/coincards.com\/eu\/all-gift-cards\/"},{"@type":"ListItem","position":3,"name":"Airbnb FR Online Gift Card (Electronic Delivery) (France)"}]},{"@type":"WebSite","@id":"https:\/\/coincards.com\/eu\/#website","url":"https:\/\/coincards.com\/eu\/","name":"Coincards Europe","description":"Austrlia&#039;s #1 Cryptocurrency to Gift Card Exchange Service","potentialAction":[{"@type":"SearchAction","target":{"@type":"EntryPoint","urlTemplate":"https:\/\/coincards.com\/eu\/?s={search_term_string}"},"query-input":{"@type":"PropertyValueSpecification","valueRequired":true,"valueName":"search_term_string"}}],"inLanguage":"en-CA"}]},"og_availability":"instock","product_availability":"instock","product_condition":"new"},"_links":{"self":[{"href":"https:\/\/coincards.com\/eu\/wp-json\/wp\/v2\/product\/5281","targetHints":{"allow":["GET"]}}],"collection":[{"href":"https:\/\/coincards.com\/eu\/wp-json\/wp\/v2\/product"}],"about":[{"href":"https:\/\/coincards.com\/eu\/wp-json\/wp\/v2\/types\/product"}],"replies":[{"embeddable":true,"href":"https:\/\/coincards.com\/eu\/wp-json\/wp\/v2\/comments?post=5281"}],"wp:featuredmedia":[{"embeddable":true,"href":"https:\/\/coincards.com\/eu\/wp-json\/wp\/v2\/media\/5943"}],"wp:attachment":[{"href":"https:\/\/coincards.com\/eu\/wp-json\/wp\/v2\/media?parent=5281"}],"wp:term":[{"taxonomy":"product_cat","embeddable":true,"href":"https:\/\/coincards.com\/eu\/wp-json\/wp\/v2\/product_cat?post=5281"},{"taxonomy":"product_tag","embeddable":true,"href":"https:\/\/coincards.com\/eu\/wp-json\/wp\/v2\/product_tag?post=5281"}],"curies":[{"name":"wp","href":"https:\/\/api.w.org\/{rel}","templated":true}]}}