{"id":5280,"date":"2024-06-03T09:10:56","date_gmt":"2024-06-03T17:10:56","guid":{"rendered":"https:\/\/coincards.com\/eu\/?post_type=product&#038;p=5280"},"modified":"2026-04-10T11:48:09","modified_gmt":"2026-04-10T19:48:09","slug":"airbnb-fi-online-gift-card-electronic-delivery","status":"publish","type":"product","link":"https:\/\/coincards.com\/eu\/product\/airbnb-fi-online-gift-card-electronic-delivery\/","title":{"rendered":"Airbnb FI Online Gift Card (Electronic Delivery) (Finland)"},"content":{"rendered":"<p>Kortin saldo ei vanhene. T\u00e4m\u00e4n kortin ostamisesta tai aktivoimisesta ei perit\u00e4 palvelumaksuja. Suomessa ja muissa tuetuissa Euroopan maissa asuvat henkil\u00f6t voivat k\u00e4ytt\u00e4\u00e4 korttia palvelujen ostamiseen Airbnb:n verkkosivuston ja sovelluksen kautta. K\u00e4ytt\u00f6 edellytt\u00e4\u00e4 Airbnb-tili\u00e4. Korttia ei voi ladata uudelleen, ja ellei laki edellyt\u00e4, sit\u00e4 ei voi vaihtaa k\u00e4teiseksi, hyvitt\u00e4\u00e4, palauttaa tai myyd\u00e4 eteenp\u00e4in. Kortin my\u00f6nt\u00e4j\u00e4 ei ole vastuussa kadonneista, vahingoittuneista tai varastetuista korteista tai luvattomasta k\u00e4yt\u00f6st\u00e4. Voit katsoa kortin saldon kirjautumalla Airbnb-tilillesi. Airbnb Ireland UC:n my\u00f6nt\u00e4m\u00e4. Voit tutustua sovellettaviin ehtoihin osoitteessaairbnb.fi\/fi_gift_cards_termss<\/p>\n","protected":false},"excerpt":{"rendered":"<p>Anna Airbnb lahjaksi \u2013 hurmaavia majapaikkoja ja mahtavaa tekemist\u00e4 ymp\u00e4ri maailmaa. Anna lahjaksi t\u00e4ydellinen pakopaikka \u2013 kaikkea j\u00e4rvenrantam\u00f6keist\u00e4 ja merenrantahuviloista huoneistoihin keskell\u00e4 kaupungin sykett\u00e4. Lahjoita mukaansatempaavia el\u00e4myksi\u00e4: opastettuja retki\u00e4, luentoja tai maistajaisia paikallisten asiantuntijoiden johdolla. Airbnb-lahjakortit eiv\u00e4t vanhene koskaan. K\u00e4yt\u00e4 kortti majoitusten tai el\u00e4mysten varaamiseen; voit k\u00e4ytt\u00e4\u00e4 koko kortin kerralla tai jakaa useampaan k\u00e4ytt\u00f6kertaan.<\/p>\n","protected":false},"featured_media":5943,"comment_status":"closed","ping_status":"closed","template":"","meta":{"_exactmetrics_skip_tracking":false,"_exactmetrics_sitenote_active":false,"_exactmetrics_sitenote_note":"","_exactmetrics_sitenote_category":0},"product_cat":[20],"product_tag":[],"class_list":{"0":"post-5280","1":"product","2":"type-product","3":"status-publish","4":"has-post-thumbnail","6":"product_brand-airbnb","7":"product_cat-electronic-gift-cards","8":"pa_country-availability-finland","10":"first","11":"instock","12":"shipping-taxable","13":"purchasable","14":"product-type-variable","15":"has-default-attributes"},"yoast_head":"<!-- This site is optimized with the Yoast SEO Premium plugin v20.11 (Yoast SEO v27.3) - https:\/\/yoast.com\/product\/yoast-seo-premium-wordpress\/ -->\n<title>Airbnb FI Online Gift Card (Electronic Delivery) (Finland) - Coincards Europe<\/title>\n<meta name=\"robots\" content=\"index, follow, max-snippet:-1, max-image-preview:large, max-video-preview:-1\" \/>\n<link rel=\"canonical\" href=\"https:\/\/coincards.com\/eu\/product\/airbnb-fi-online-gift-card-electronic-delivery\/\" \/>\n<meta property=\"og:locale\" content=\"en_US\" \/>\n<meta property=\"og:type\" content=\"article\" \/>\n<meta property=\"og:title\" content=\"Airbnb FI Online Gift Card (Electronic Delivery) (Finland)\" \/>\n<meta property=\"og:description\" content=\"Anna Airbnb lahjaksi \u2013 hurmaavia majapaikkoja ja mahtavaa tekemist\u00e4 ymp\u00e4ri maailmaa. Anna lahjaksi t\u00e4ydellinen pakopaikka \u2013 kaikkea j\u00e4rvenrantam\u00f6keist\u00e4 ja merenrantahuviloista huoneistoihin keskell\u00e4 kaupungin sykett\u00e4. Lahjoita mukaansatempaavia el\u00e4myksi\u00e4: opastettuja retki\u00e4, luentoja tai maistajaisia paikallisten asiantuntijoiden johdolla. Airbnb-lahjakortit eiv\u00e4t vanhene koskaan. K\u00e4yt\u00e4 kortti majoitusten tai el\u00e4mysten varaamiseen; voit k\u00e4ytt\u00e4\u00e4 koko kortin kerralla tai jakaa useampaan k\u00e4ytt\u00f6kertaan.\" \/>\n<meta property=\"og:url\" content=\"https:\/\/coincards.com\/eu\/product\/airbnb-fi-online-gift-card-electronic-delivery\/\" \/>\n<meta property=\"og:site_name\" content=\"Coincards Europe\" \/>\n<meta property=\"article:modified_time\" content=\"2026-04-10T19:48:09+00:00\" \/>\n<meta property=\"og:image\" content=\"https:\/\/assets.coincards.com\/wp-content\/uploads\/sites\/6\/2024\/06\/04191528\/airbnb-1.png\" \/>\n\t<meta property=\"og:image:width\" content=\"675\" \/>\n\t<meta property=\"og:image:height\" content=\"425\" \/>\n\t<meta property=\"og:image:type\" content=\"image\/png\" \/>\n<meta name=\"twitter:card\" content=\"summary_large_image\" \/>\n<meta name=\"twitter:label1\" content=\"Availability\" \/>\n\t<meta name=\"twitter:data1\" content=\"In stock\" \/>\n<script type=\"application\/ld+json\" class=\"yoast-schema-graph\">{\"@context\":\"https:\\\/\\\/schema.org\",\"@graph\":[{\"@type\":\"WebPage\",\"@id\":\"https:\\\/\\\/coincards.com\\\/eu\\\/product\\\/airbnb-fi-online-gift-card-electronic-delivery\\\/\",\"url\":\"https:\\\/\\\/coincards.com\\\/eu\\\/product\\\/airbnb-fi-online-gift-card-electronic-delivery\\\/\",\"name\":\"Airbnb FI Online Gift Card (Electronic Delivery) (Finland) - Coincards Europe\",\"isPartOf\":{\"@id\":\"https:\\\/\\\/coincards.com\\\/eu\\\/#website\"},\"primaryImageOfPage\":{\"@id\":\"https:\\\/\\\/coincards.com\\\/eu\\\/product\\\/airbnb-fi-online-gift-card-electronic-delivery\\\/#primaryimage\"},\"image\":{\"@id\":\"https:\\\/\\\/coincards.com\\\/eu\\\/product\\\/airbnb-fi-online-gift-card-electronic-delivery\\\/#primaryimage\"},\"thumbnailUrl\":\"https:\\\/\\\/assets.coincards.com\\\/wp-content\\\/uploads\\\/sites\\\/6\\\/2024\\\/06\\\/04191528\\\/airbnb-1.png\",\"datePublished\":\"2024-06-03T17:10:56+00:00\",\"dateModified\":\"2026-04-10T19:48:09+00:00\",\"breadcrumb\":{\"@id\":\"https:\\\/\\\/coincards.com\\\/eu\\\/product\\\/airbnb-fi-online-gift-card-electronic-delivery\\\/#breadcrumb\"},\"inLanguage\":\"en-CA\",\"potentialAction\":[{\"@type\":\"ReadAction\",\"target\":[\"https:\\\/\\\/coincards.com\\\/eu\\\/product\\\/airbnb-fi-online-gift-card-electronic-delivery\\\/\"]}]},{\"@type\":\"ImageObject\",\"inLanguage\":\"en-CA\",\"@id\":\"https:\\\/\\\/coincards.com\\\/eu\\\/product\\\/airbnb-fi-online-gift-card-electronic-delivery\\\/#primaryimage\",\"url\":\"https:\\\/\\\/assets.coincards.com\\\/wp-content\\\/uploads\\\/sites\\\/6\\\/2024\\\/06\\\/04191528\\\/airbnb-1.png\",\"contentUrl\":\"https:\\\/\\\/assets.coincards.com\\\/wp-content\\\/uploads\\\/sites\\\/6\\\/2024\\\/06\\\/04191528\\\/airbnb-1.png\",\"width\":675,\"height\":425},{\"@type\":\"BreadcrumbList\",\"@id\":\"https:\\\/\\\/coincards.com\\\/eu\\\/product\\\/airbnb-fi-online-gift-card-electronic-delivery\\\/#breadcrumb\",\"itemListElement\":[{\"@type\":\"ListItem\",\"position\":1,\"name\":\"Home\",\"item\":\"https:\\\/\\\/coincards.com\\\/eu\\\/\"},{\"@type\":\"ListItem\",\"position\":2,\"name\":\"All Gift Cards\",\"item\":\"https:\\\/\\\/coincards.com\\\/eu\\\/all-gift-cards\\\/\"},{\"@type\":\"ListItem\",\"position\":3,\"name\":\"Airbnb FI Online Gift Card (Electronic Delivery) (Finland)\"}]},{\"@type\":\"WebSite\",\"@id\":\"https:\\\/\\\/coincards.com\\\/eu\\\/#website\",\"url\":\"https:\\\/\\\/coincards.com\\\/eu\\\/\",\"name\":\"Coincards Europe\",\"description\":\"Austrlia&#039;s #1 Cryptocurrency to Gift Card Exchange Service\",\"potentialAction\":[{\"@type\":\"SearchAction\",\"target\":{\"@type\":\"EntryPoint\",\"urlTemplate\":\"https:\\\/\\\/coincards.com\\\/eu\\\/?s={search_term_string}\"},\"query-input\":{\"@type\":\"PropertyValueSpecification\",\"valueRequired\":true,\"valueName\":\"search_term_string\"}}],\"inLanguage\":\"en-CA\"}]}<\/script>\n<meta property=\"og:availability\" content=\"instock\" \/>\n<meta property=\"product:availability\" content=\"instock\" \/>\n<meta property=\"product:condition\" content=\"new\" \/>\n<!-- \/ Yoast SEO Premium plugin. -->","yoast_head_json":{"title":"Airbnb FI Online Gift Card (Electronic Delivery) (Finland) - Coincards Europe","robots":{"index":"index","follow":"follow","max-snippet":"max-snippet:-1","max-image-preview":"max-image-preview:large","max-video-preview":"max-video-preview:-1"},"canonical":"https:\/\/coincards.com\/eu\/product\/airbnb-fi-online-gift-card-electronic-delivery\/","og_locale":"en_US","og_type":"article","og_title":"Airbnb FI Online Gift Card (Electronic Delivery) (Finland)","og_description":"Anna Airbnb lahjaksi \u2013 hurmaavia majapaikkoja ja mahtavaa tekemist\u00e4 ymp\u00e4ri maailmaa. Anna lahjaksi t\u00e4ydellinen pakopaikka \u2013 kaikkea j\u00e4rvenrantam\u00f6keist\u00e4 ja merenrantahuviloista huoneistoihin keskell\u00e4 kaupungin sykett\u00e4. Lahjoita mukaansatempaavia el\u00e4myksi\u00e4: opastettuja retki\u00e4, luentoja tai maistajaisia paikallisten asiantuntijoiden johdolla. Airbnb-lahjakortit eiv\u00e4t vanhene koskaan. K\u00e4yt\u00e4 kortti majoitusten tai el\u00e4mysten varaamiseen; voit k\u00e4ytt\u00e4\u00e4 koko kortin kerralla tai jakaa useampaan k\u00e4ytt\u00f6kertaan.","og_url":"https:\/\/coincards.com\/eu\/product\/airbnb-fi-online-gift-card-electronic-delivery\/","og_site_name":"Coincards Europe","article_modified_time":"2026-04-10T19:48:09+00:00","og_image":[{"width":675,"height":425,"url":"https:\/\/assets.coincards.com\/wp-content\/uploads\/sites\/6\/2024\/06\/04191528\/airbnb-1.png","type":"image\/png"}],"twitter_card":"summary_large_image","twitter_misc":{"Availability":"In stock"},"schema":{"@context":"https:\/\/schema.org","@graph":[{"@type":"WebPage","@id":"https:\/\/coincards.com\/eu\/product\/airbnb-fi-online-gift-card-electronic-delivery\/","url":"https:\/\/coincards.com\/eu\/product\/airbnb-fi-online-gift-card-electronic-delivery\/","name":"Airbnb FI Online Gift Card (Electronic Delivery) (Finland) - Coincards Europe","isPartOf":{"@id":"https:\/\/coincards.com\/eu\/#website"},"primaryImageOfPage":{"@id":"https:\/\/coincards.com\/eu\/product\/airbnb-fi-online-gift-card-electronic-delivery\/#primaryimage"},"image":{"@id":"https:\/\/coincards.com\/eu\/product\/airbnb-fi-online-gift-card-electronic-delivery\/#primaryimage"},"thumbnailUrl":"https:\/\/assets.coincards.com\/wp-content\/uploads\/sites\/6\/2024\/06\/04191528\/airbnb-1.png","datePublished":"2024-06-03T17:10:56+00:00","dateModified":"2026-04-10T19:48:09+00:00","breadcrumb":{"@id":"https:\/\/coincards.com\/eu\/product\/airbnb-fi-online-gift-card-electronic-delivery\/#breadcrumb"},"inLanguage":"en-CA","potentialAction":[{"@type":"ReadAction","target":["https:\/\/coincards.com\/eu\/product\/airbnb-fi-online-gift-card-electronic-delivery\/"]}]},{"@type":"ImageObject","inLanguage":"en-CA","@id":"https:\/\/coincards.com\/eu\/product\/airbnb-fi-online-gift-card-electronic-delivery\/#primaryimage","url":"https:\/\/assets.coincards.com\/wp-content\/uploads\/sites\/6\/2024\/06\/04191528\/airbnb-1.png","contentUrl":"https:\/\/assets.coincards.com\/wp-content\/uploads\/sites\/6\/2024\/06\/04191528\/airbnb-1.png","width":675,"height":425},{"@type":"BreadcrumbList","@id":"https:\/\/coincards.com\/eu\/product\/airbnb-fi-online-gift-card-electronic-delivery\/#breadcrumb","itemListElement":[{"@type":"ListItem","position":1,"name":"Home","item":"https:\/\/coincards.com\/eu\/"},{"@type":"ListItem","position":2,"name":"All Gift Cards","item":"https:\/\/coincards.com\/eu\/all-gift-cards\/"},{"@type":"ListItem","position":3,"name":"Airbnb FI Online Gift Card (Electronic Delivery) (Finland)"}]},{"@type":"WebSite","@id":"https:\/\/coincards.com\/eu\/#website","url":"https:\/\/coincards.com\/eu\/","name":"Coincards Europe","description":"Austrlia&#039;s #1 Cryptocurrency to Gift Card Exchange Service","potentialAction":[{"@type":"SearchAction","target":{"@type":"EntryPoint","urlTemplate":"https:\/\/coincards.com\/eu\/?s={search_term_string}"},"query-input":{"@type":"PropertyValueSpecification","valueRequired":true,"valueName":"search_term_string"}}],"inLanguage":"en-CA"}]},"og_availability":"instock","product_availability":"instock","product_condition":"new"},"_links":{"self":[{"href":"https:\/\/coincards.com\/eu\/wp-json\/wp\/v2\/product\/5280","targetHints":{"allow":["GET"]}}],"collection":[{"href":"https:\/\/coincards.com\/eu\/wp-json\/wp\/v2\/product"}],"about":[{"href":"https:\/\/coincards.com\/eu\/wp-json\/wp\/v2\/types\/product"}],"replies":[{"embeddable":true,"href":"https:\/\/coincards.com\/eu\/wp-json\/wp\/v2\/comments?post=5280"}],"wp:featuredmedia":[{"embeddable":true,"href":"https:\/\/coincards.com\/eu\/wp-json\/wp\/v2\/media\/5943"}],"wp:attachment":[{"href":"https:\/\/coincards.com\/eu\/wp-json\/wp\/v2\/media?parent=5280"}],"wp:term":[{"taxonomy":"product_cat","embeddable":true,"href":"https:\/\/coincards.com\/eu\/wp-json\/wp\/v2\/product_cat?post=5280"},{"taxonomy":"product_tag","embeddable":true,"href":"https:\/\/coincards.com\/eu\/wp-json\/wp\/v2\/product_tag?post=5280"}],"curies":[{"name":"wp","href":"https:\/\/api.w.org\/{rel}","templated":true}]}}