{"id":5277,"date":"2024-06-03T09:06:56","date_gmt":"2024-06-03T17:06:56","guid":{"rendered":"https:\/\/coincards.com\/eu\/?post_type=product&#038;p=5277"},"modified":"2026-04-10T11:45:01","modified_gmt":"2026-04-10T19:45:01","slug":"airbnb-be-online-gift-card-electronic-delivery","status":"publish","type":"product","link":"https:\/\/coincards.com\/eu\/product\/airbnb-be-online-gift-card-electronic-delivery\/","title":{"rendered":"Airbnb BE Online Gift Card (Electronic Delivery) (Belgium)"},"content":{"rendered":"<p>Saldo bon vervalt niet. Te verzilveren door inwoners van Belgi\u00eb en andere deelnemende Europese landen voor diensten via de website en app van Airbnb. Hiervoor is een Airbnb-account vereist. Bon kan niet opnieuw van saldo worden voorzien en ook niet worden gerestitueerd, geretourneerd, doorverkocht of ingewisseld voor contant geld, tenzij wettelijk vereist. Uitgegeven door Airbnb Ireland UC. Geldende voorwaarden: airbnb.be\/be_gift_cards_terms Le solde de la carte n&#8217;expire pas. Les r\u00e9sidents de Belgique ou d\u2019un pays de l\u2019UE o\u00f9 les cartes cadeaux sont disponibles peuvent l&#8217;utiliser pour l\u2019achat de services sur le site et l&#8217;application Airbnb. Un compte Airbnb est requis. La carte n&#8217;est pas rechargeable et, sauf si la loi l&#8217;exige, ne peut \u00eatre \u00e9chang\u00e9e contre des esp\u00e8ces ou rembours\u00e9e. \u00c9metteur : Airbnb Ireland UC. Conditions d\u00e9taill\u00e9es : fr.airbnb.be\/be_gift_cards_terms<\/p>\n","protected":false},"excerpt":{"rendered":"<div>\n<div>Doe Airbnb cadeau: geweldige accommodaties en activiteiten over de hele wereld. Doe het ideale verblijf cadeau, zoals een blokhut in het bos, een huisje aan zee, of een appartement midden in de stad. Doe een meeslepende ervaring cadeau, zoals een rondleiding, workshop of proeverij onder leiding van een lokale expert. Een Airbnb-cadeaubon verloopt nooit. Te gebruiken voor accommodaties en ervaringen. Naar keuze in \u00e9\u00e9n keer of gespreid te besteden. Carte cadeau Airbnb : des logements incroyables et des exp\u00e9riences uniques, partout dans le monde. Offrez des escapades parfaites dans des lieux uniques : une cabane au bord d&#8217;un lac, une maison sur la plage ou un appartement au c\u0153ur de la ville&#8230; Offrez des exp\u00e9riences authentiques propos\u00e9es par des experts locaux : visites guid\u00e9es, ateliers ou d\u00e9gustations&#8230; Les cartes cadeaux Airbnb n\u2019expirent jamais. Utilisez-les en une ou plusieurs fois pour r\u00e9server des s\u00e9jours ou des exp\u00e9riences. Les cartes cadeaux Airbnb n\u2019expirent jamais. Utilisez-les en une ou plusieurs fois pour r\u00e9server des s\u00e9jours ou des exp\u00e9riences.<\/div>\n<\/div>\n","protected":false},"featured_media":5943,"comment_status":"closed","ping_status":"closed","template":"","meta":{"_exactmetrics_skip_tracking":false,"_exactmetrics_sitenote_active":false,"_exactmetrics_sitenote_note":"","_exactmetrics_sitenote_category":0},"product_cat":[20],"product_tag":[],"class_list":{"0":"post-5277","1":"product","2":"type-product","3":"status-publish","4":"has-post-thumbnail","6":"product_brand-airbnb","7":"product_cat-electronic-gift-cards","8":"pa_country-availability-belgium","10":"first","11":"instock","12":"shipping-taxable","13":"purchasable","14":"product-type-variable","15":"has-default-attributes"},"yoast_head":"<!-- This site is optimized with the Yoast SEO Premium plugin v20.11 (Yoast SEO v25.8) - https:\/\/yoast.com\/wordpress\/plugins\/seo\/ -->\n<title>Airbnb BE Online Gift Card (Electronic Delivery) (Belgium) - Coincards Europe<\/title>\n<meta name=\"robots\" content=\"index, follow, max-snippet:-1, max-image-preview:large, max-video-preview:-1\" \/>\n<link rel=\"canonical\" href=\"https:\/\/coincards.com\/eu\/product\/airbnb-be-online-gift-card-electronic-delivery\/\" \/>\n<meta property=\"og:locale\" content=\"en_US\" \/>\n<meta property=\"og:type\" content=\"article\" \/>\n<meta property=\"og:title\" content=\"Airbnb BE Online Gift Card (Electronic Delivery) (Belgium)\" \/>\n<meta property=\"og:description\" content=\"Doe Airbnb cadeau: geweldige accommodaties en activiteiten over de hele wereld. Doe het ideale verblijf cadeau, zoals een blokhut in het bos, een huisje aan zee, of een appartement midden in de stad. Doe een meeslepende ervaring cadeau, zoals een rondleiding, workshop of proeverij onder leiding van een lokale expert. Een Airbnb-cadeaubon verloopt nooit. Te gebruiken voor accommodaties en ervaringen. Naar keuze in \u00e9\u00e9n keer of gespreid te besteden. Carte cadeau Airbnb : des logements incroyables et des exp\u00e9riences uniques, partout dans le monde. Offrez des escapades parfaites dans des lieux uniques : une cabane au bord d&#039;un lac, une maison sur la plage ou un appartement au c\u0153ur de la ville... Offrez des exp\u00e9riences authentiques propos\u00e9es par des experts locaux : visites guid\u00e9es, ateliers ou d\u00e9gustations... Les cartes cadeaux Airbnb n\u2019expirent jamais. Utilisez-les en une ou plusieurs fois pour r\u00e9server des s\u00e9jours ou des exp\u00e9riences. Les cartes cadeaux Airbnb n\u2019expirent jamais. Utilisez-les en une ou plusieurs fois pour r\u00e9server des s\u00e9jours ou des exp\u00e9riences.\" \/>\n<meta property=\"og:url\" content=\"https:\/\/coincards.com\/eu\/product\/airbnb-be-online-gift-card-electronic-delivery\/\" \/>\n<meta property=\"og:site_name\" content=\"Coincards Europe\" \/>\n<meta property=\"article:modified_time\" content=\"2026-04-10T19:45:01+00:00\" \/>\n<meta property=\"og:image\" content=\"https:\/\/assets.coincards.com\/wp-content\/uploads\/sites\/6\/2024\/06\/04191528\/airbnb-1.png\" \/>\n\t<meta property=\"og:image:width\" content=\"675\" \/>\n\t<meta property=\"og:image:height\" content=\"425\" \/>\n\t<meta property=\"og:image:type\" content=\"image\/png\" \/>\n<meta name=\"twitter:card\" content=\"summary_large_image\" \/>\n<meta name=\"twitter:label1\" content=\"Availability\" \/>\n\t<meta name=\"twitter:data1\" content=\"In stock\" \/>\n<script type=\"application\/ld+json\" class=\"yoast-schema-graph\">{\"@context\":\"https:\/\/schema.org\",\"@graph\":[{\"@type\":\"WebPage\",\"@id\":\"https:\/\/coincards.com\/eu\/product\/airbnb-be-online-gift-card-electronic-delivery\/\",\"url\":\"https:\/\/coincards.com\/eu\/product\/airbnb-be-online-gift-card-electronic-delivery\/\",\"name\":\"Airbnb BE Online Gift Card (Electronic Delivery) (Belgium) - Coincards Europe\",\"isPartOf\":{\"@id\":\"https:\/\/coincards.com\/eu\/#website\"},\"primaryImageOfPage\":{\"@id\":\"https:\/\/coincards.com\/eu\/product\/airbnb-be-online-gift-card-electronic-delivery\/#primaryimage\"},\"image\":{\"@id\":\"https:\/\/coincards.com\/eu\/product\/airbnb-be-online-gift-card-electronic-delivery\/#primaryimage\"},\"thumbnailUrl\":\"https:\/\/assets.coincards.com\/wp-content\/uploads\/sites\/6\/2024\/06\/04191528\/airbnb-1.png\",\"datePublished\":\"2024-06-03T17:06:56+00:00\",\"dateModified\":\"2026-04-10T19:45:01+00:00\",\"breadcrumb\":{\"@id\":\"https:\/\/coincards.com\/eu\/product\/airbnb-be-online-gift-card-electronic-delivery\/#breadcrumb\"},\"inLanguage\":\"en-CA\",\"potentialAction\":[{\"@type\":\"ReadAction\",\"target\":[\"https:\/\/coincards.com\/eu\/product\/airbnb-be-online-gift-card-electronic-delivery\/\"]}]},{\"@type\":\"ImageObject\",\"inLanguage\":\"en-CA\",\"@id\":\"https:\/\/coincards.com\/eu\/product\/airbnb-be-online-gift-card-electronic-delivery\/#primaryimage\",\"url\":\"https:\/\/assets.coincards.com\/wp-content\/uploads\/sites\/6\/2024\/06\/04191528\/airbnb-1.png\",\"contentUrl\":\"https:\/\/assets.coincards.com\/wp-content\/uploads\/sites\/6\/2024\/06\/04191528\/airbnb-1.png\",\"width\":675,\"height\":425},{\"@type\":\"BreadcrumbList\",\"@id\":\"https:\/\/coincards.com\/eu\/product\/airbnb-be-online-gift-card-electronic-delivery\/#breadcrumb\",\"itemListElement\":[{\"@type\":\"ListItem\",\"position\":1,\"name\":\"Home\",\"item\":\"https:\/\/coincards.com\/eu\/\"},{\"@type\":\"ListItem\",\"position\":2,\"name\":\"All Gift Cards\",\"item\":\"https:\/\/coincards.com\/eu\/all-gift-cards\/\"},{\"@type\":\"ListItem\",\"position\":3,\"name\":\"Airbnb BE Online Gift Card (Electronic Delivery) (Belgium)\"}]},{\"@type\":\"WebSite\",\"@id\":\"https:\/\/coincards.com\/eu\/#website\",\"url\":\"https:\/\/coincards.com\/eu\/\",\"name\":\"Coincards Europe\",\"description\":\"Austrlia&#039;s #1 Cryptocurrency to Gift Card Exchange Service\",\"potentialAction\":[{\"@type\":\"SearchAction\",\"target\":{\"@type\":\"EntryPoint\",\"urlTemplate\":\"https:\/\/coincards.com\/eu\/?s={search_term_string}\"},\"query-input\":{\"@type\":\"PropertyValueSpecification\",\"valueRequired\":true,\"valueName\":\"search_term_string\"}}],\"inLanguage\":\"en-CA\"}]}<\/script>\n<meta property=\"og:availability\" content=\"instock\" \/>\n<meta property=\"product:availability\" content=\"instock\" \/>\n<meta property=\"product:condition\" content=\"new\" \/>\n<!-- \/ Yoast SEO Premium plugin. -->","yoast_head_json":{"title":"Airbnb BE Online Gift Card (Electronic Delivery) (Belgium) - Coincards Europe","robots":{"index":"index","follow":"follow","max-snippet":"max-snippet:-1","max-image-preview":"max-image-preview:large","max-video-preview":"max-video-preview:-1"},"canonical":"https:\/\/coincards.com\/eu\/product\/airbnb-be-online-gift-card-electronic-delivery\/","og_locale":"en_US","og_type":"article","og_title":"Airbnb BE Online Gift Card (Electronic Delivery) (Belgium)","og_description":"Doe Airbnb cadeau: geweldige accommodaties en activiteiten over de hele wereld. Doe het ideale verblijf cadeau, zoals een blokhut in het bos, een huisje aan zee, of een appartement midden in de stad. Doe een meeslepende ervaring cadeau, zoals een rondleiding, workshop of proeverij onder leiding van een lokale expert. Een Airbnb-cadeaubon verloopt nooit. Te gebruiken voor accommodaties en ervaringen. Naar keuze in \u00e9\u00e9n keer of gespreid te besteden. Carte cadeau Airbnb : des logements incroyables et des exp\u00e9riences uniques, partout dans le monde. Offrez des escapades parfaites dans des lieux uniques : une cabane au bord d'un lac, une maison sur la plage ou un appartement au c\u0153ur de la ville... Offrez des exp\u00e9riences authentiques propos\u00e9es par des experts locaux : visites guid\u00e9es, ateliers ou d\u00e9gustations... Les cartes cadeaux Airbnb n\u2019expirent jamais. Utilisez-les en une ou plusieurs fois pour r\u00e9server des s\u00e9jours ou des exp\u00e9riences. Les cartes cadeaux Airbnb n\u2019expirent jamais. Utilisez-les en une ou plusieurs fois pour r\u00e9server des s\u00e9jours ou des exp\u00e9riences.","og_url":"https:\/\/coincards.com\/eu\/product\/airbnb-be-online-gift-card-electronic-delivery\/","og_site_name":"Coincards Europe","article_modified_time":"2026-04-10T19:45:01+00:00","og_image":[{"width":675,"height":425,"url":"https:\/\/assets.coincards.com\/wp-content\/uploads\/sites\/6\/2024\/06\/04191528\/airbnb-1.png","type":"image\/png"}],"twitter_card":"summary_large_image","twitter_misc":{"Availability":"In stock"},"schema":{"@context":"https:\/\/schema.org","@graph":[{"@type":"WebPage","@id":"https:\/\/coincards.com\/eu\/product\/airbnb-be-online-gift-card-electronic-delivery\/","url":"https:\/\/coincards.com\/eu\/product\/airbnb-be-online-gift-card-electronic-delivery\/","name":"Airbnb BE Online Gift Card (Electronic Delivery) (Belgium) - Coincards Europe","isPartOf":{"@id":"https:\/\/coincards.com\/eu\/#website"},"primaryImageOfPage":{"@id":"https:\/\/coincards.com\/eu\/product\/airbnb-be-online-gift-card-electronic-delivery\/#primaryimage"},"image":{"@id":"https:\/\/coincards.com\/eu\/product\/airbnb-be-online-gift-card-electronic-delivery\/#primaryimage"},"thumbnailUrl":"https:\/\/assets.coincards.com\/wp-content\/uploads\/sites\/6\/2024\/06\/04191528\/airbnb-1.png","datePublished":"2024-06-03T17:06:56+00:00","dateModified":"2026-04-10T19:45:01+00:00","breadcrumb":{"@id":"https:\/\/coincards.com\/eu\/product\/airbnb-be-online-gift-card-electronic-delivery\/#breadcrumb"},"inLanguage":"en-CA","potentialAction":[{"@type":"ReadAction","target":["https:\/\/coincards.com\/eu\/product\/airbnb-be-online-gift-card-electronic-delivery\/"]}]},{"@type":"ImageObject","inLanguage":"en-CA","@id":"https:\/\/coincards.com\/eu\/product\/airbnb-be-online-gift-card-electronic-delivery\/#primaryimage","url":"https:\/\/assets.coincards.com\/wp-content\/uploads\/sites\/6\/2024\/06\/04191528\/airbnb-1.png","contentUrl":"https:\/\/assets.coincards.com\/wp-content\/uploads\/sites\/6\/2024\/06\/04191528\/airbnb-1.png","width":675,"height":425},{"@type":"BreadcrumbList","@id":"https:\/\/coincards.com\/eu\/product\/airbnb-be-online-gift-card-electronic-delivery\/#breadcrumb","itemListElement":[{"@type":"ListItem","position":1,"name":"Home","item":"https:\/\/coincards.com\/eu\/"},{"@type":"ListItem","position":2,"name":"All Gift Cards","item":"https:\/\/coincards.com\/eu\/all-gift-cards\/"},{"@type":"ListItem","position":3,"name":"Airbnb BE Online Gift Card (Electronic Delivery) (Belgium)"}]},{"@type":"WebSite","@id":"https:\/\/coincards.com\/eu\/#website","url":"https:\/\/coincards.com\/eu\/","name":"Coincards Europe","description":"Austrlia&#039;s #1 Cryptocurrency to Gift Card Exchange Service","potentialAction":[{"@type":"SearchAction","target":{"@type":"EntryPoint","urlTemplate":"https:\/\/coincards.com\/eu\/?s={search_term_string}"},"query-input":{"@type":"PropertyValueSpecification","valueRequired":true,"valueName":"search_term_string"}}],"inLanguage":"en-CA"}]},"og_availability":"instock","product_availability":"instock","product_condition":"new"},"_links":{"self":[{"href":"https:\/\/coincards.com\/eu\/wp-json\/wp\/v2\/product\/5277","targetHints":{"allow":["GET"]}}],"collection":[{"href":"https:\/\/coincards.com\/eu\/wp-json\/wp\/v2\/product"}],"about":[{"href":"https:\/\/coincards.com\/eu\/wp-json\/wp\/v2\/types\/product"}],"replies":[{"embeddable":true,"href":"https:\/\/coincards.com\/eu\/wp-json\/wp\/v2\/comments?post=5277"}],"wp:featuredmedia":[{"embeddable":true,"href":"https:\/\/coincards.com\/eu\/wp-json\/wp\/v2\/media\/5943"}],"wp:attachment":[{"href":"https:\/\/coincards.com\/eu\/wp-json\/wp\/v2\/media?parent=5277"}],"wp:term":[{"taxonomy":"product_cat","embeddable":true,"href":"https:\/\/coincards.com\/eu\/wp-json\/wp\/v2\/product_cat?post=5277"},{"taxonomy":"product_tag","embeddable":true,"href":"https:\/\/coincards.com\/eu\/wp-json\/wp\/v2\/product_tag?post=5277"}],"curies":[{"name":"wp","href":"https:\/\/api.w.org\/{rel}","templated":true}]}}