{"id":5255,"date":"2024-06-02T11:35:57","date_gmt":"2024-06-02T19:35:57","guid":{"rendered":"https:\/\/coincards.com\/eu\/?post_type=product&#038;p=5255"},"modified":"2024-06-05T15:22:37","modified_gmt":"2024-06-05T23:22:37","slug":"yves-rocher-online-gift-card-electronic-delivery","status":"publish","type":"product","link":"https:\/\/coincards.com\/eu\/product\/yves-rocher-online-gift-card-electronic-delivery\/","title":{"rendered":"Yves Rocher Online Gift Card (Electronic Delivery) (France)"},"content":{"rendered":"<p>*La e-carte cadeau Yves Rocher est accept\u00e9e comme moyen de paiement dans tous les magasins Yves Rocher en France m\u00e9tropolitaine (Corse comprise) et sur www.yves-rocher.fr. Elle permet de r\u00e9gler tous les produits et accessoires du Livre Vert de la Beaut\u00e9 de l&#8217;ann\u00e9e en cours, m\u00eame les promotions et les offres sp\u00e9ciales, ainsi que les soins esth\u00e9tiques (hors coffrets cadeaux et cartes cadeaux). Cette e-carte cadeau est valable 1 an \u00e0 compter de sa date d&#8217;achat et s&#8217;utlise en une ou plusieurs fois. Elle ne peut donner lieu \u00e0 aucune contrepartie mon\u00e9taire sous quelques formes que ce soit, totalement ou partiellement, y compris le rendu de monnaie. Cette e-carte cadeau ne peut faire l&#8217;objet d&#8217;aucune oppositon. Le b\u00e9n\u00e9ficiaire est seul responsable de l&#8217;utilisation de cette e-carte cadeau. La perte ou le vol ou le d\u00e9passement de la limite de validit\u00e9 de cette e-carte cadeau ne donneront lieu \u00e0 aucun remplacement, ni remboursement. Cette e-carte cadeau est activ\u00e9e lors de son achat. Le montant disponible et la date de validit\u00e9 de la carte sont consultables sur www.yves-rocher.fr\/giftCard ou dans l&#8217;un de nos 680 magasins Yves Rocher.<\/p>\n<p>**Online:**<\/p>\n<p>&#8211; Une seule carte cadeau par commande est autoris\u00e9e.<br \/>\n&#8211; Un paiement compl\u00e9mentaire peut \u00eatre effectu\u00e9 par Carte Bancaire.<br \/>\n&#8211; S\u2019il est pr\u00e9cis\u00e9 au verso de votre carte qu\u2019elle ne peut s\u2019utiliser qu\u2019en une seule fois, votre carte sera d\u00e9bit\u00e9e en totalit\u00e9.<br \/>\n&#8211; En cas d\u2019annulation de votre paiement, vous devrez patienter quelques minutes avant que votre carte cadeau soit recr\u00e9dit\u00e9e du montant initial et ainsi pouvoir l\u2019utiliser \u00e0 nouveau.<\/p>\n<p>**En magasin**<\/p>\n<p>&#8211; Remise de la E carte Cadeau ou Smartphone pour scanner le code-barres pour encaissement<\/p>\n","protected":false},"excerpt":{"rendered":"<p>La Cosm\u00e9tique V\u00e9g\u00e9tale\u00ae puise ses ingr\u00e9dients dans la nature et les associe au meilleur de la science. Soins essentiels et formules avant-gardistes, maquillage quotidien et look d\u2019exception, eaux de toilette fra\u00eeches et parfumerie fine, la Marque\u00a0Yves\u00a0Rocher r\u00e9pond \u00e0 toutes les attentes des femmes.<\/p>\n","protected":false},"featured_media":5940,"comment_status":"closed","ping_status":"closed","template":"","meta":{"_exactmetrics_skip_tracking":false,"_exactmetrics_sitenote_active":false,"_exactmetrics_sitenote_note":"","_exactmetrics_sitenote_category":0},"product_cat":[20],"product_tag":[],"class_list":{"0":"post-5255","1":"product","2":"type-product","3":"status-publish","4":"has-post-thumbnail","6":"product_brand-yves-rocher","7":"product_cat-electronic-gift-cards","8":"pa_country-availability-france","10":"first","11":"instock","12":"virtual","13":"purchasable","14":"product-type-simple","15":"nyp-product"},"yoast_head":"<!-- This site is optimized with the Yoast SEO Premium plugin v20.11 (Yoast SEO v27.3) - https:\/\/yoast.com\/product\/yoast-seo-premium-wordpress\/ -->\n<title>Yves Rocher Online Gift Card (Electronic Delivery) (France) - Coincards Europe<\/title>\n<meta name=\"robots\" content=\"index, follow, max-snippet:-1, max-image-preview:large, max-video-preview:-1\" \/>\n<link rel=\"canonical\" href=\"https:\/\/coincards.com\/eu\/product\/yves-rocher-online-gift-card-electronic-delivery\/\" \/>\n<meta property=\"og:locale\" content=\"en_US\" \/>\n<meta property=\"og:type\" content=\"article\" \/>\n<meta property=\"og:title\" content=\"Yves Rocher Online Gift Card (Electronic Delivery) (France)\" \/>\n<meta property=\"og:description\" content=\"La Cosm\u00e9tique V\u00e9g\u00e9tale\u00ae puise ses ingr\u00e9dients dans la nature et les associe au meilleur de la science. Soins essentiels et formules avant-gardistes, maquillage quotidien et look d\u2019exception, eaux de toilette fra\u00eeches et parfumerie fine, la Marque\u00a0Yves\u00a0Rocher r\u00e9pond \u00e0 toutes les attentes des femmes.\" \/>\n<meta property=\"og:url\" content=\"https:\/\/coincards.com\/eu\/product\/yves-rocher-online-gift-card-electronic-delivery\/\" \/>\n<meta property=\"og:site_name\" content=\"Coincards Europe\" \/>\n<meta property=\"article:modified_time\" content=\"2024-06-05T23:22:37+00:00\" \/>\n<meta property=\"og:image\" content=\"https:\/\/assets.coincards.com\/wp-content\/uploads\/sites\/6\/2024\/06\/04191519\/YROCH-FR-card-1.png\" \/>\n\t<meta property=\"og:image:width\" content=\"675\" \/>\n\t<meta property=\"og:image:height\" content=\"425\" \/>\n\t<meta property=\"og:image:type\" content=\"image\/png\" \/>\n<meta name=\"twitter:card\" content=\"summary_large_image\" \/>\n<meta name=\"twitter:label1\" content=\"Price\" \/>\n\t<meta name=\"twitter:data1\" content=\"&euro;10.00\" \/>\n\t<meta name=\"twitter:label2\" content=\"Availability\" \/>\n\t<meta name=\"twitter:data2\" content=\"In stock\" \/>\n<script type=\"application\/ld+json\" class=\"yoast-schema-graph\">{\"@context\":\"https:\\\/\\\/schema.org\",\"@graph\":[{\"@type\":\"WebPage\",\"@id\":\"https:\\\/\\\/coincards.com\\\/eu\\\/product\\\/yves-rocher-online-gift-card-electronic-delivery\\\/\",\"url\":\"https:\\\/\\\/coincards.com\\\/eu\\\/product\\\/yves-rocher-online-gift-card-electronic-delivery\\\/\",\"name\":\"Yves Rocher Online Gift Card (Electronic Delivery) (France) - Coincards Europe\",\"isPartOf\":{\"@id\":\"https:\\\/\\\/coincards.com\\\/eu\\\/#website\"},\"primaryImageOfPage\":{\"@id\":\"https:\\\/\\\/coincards.com\\\/eu\\\/product\\\/yves-rocher-online-gift-card-electronic-delivery\\\/#primaryimage\"},\"image\":{\"@id\":\"https:\\\/\\\/coincards.com\\\/eu\\\/product\\\/yves-rocher-online-gift-card-electronic-delivery\\\/#primaryimage\"},\"thumbnailUrl\":\"https:\\\/\\\/assets.coincards.com\\\/wp-content\\\/uploads\\\/sites\\\/6\\\/2024\\\/06\\\/04191519\\\/YROCH-FR-card-1.png\",\"datePublished\":\"2024-06-02T19:35:57+00:00\",\"dateModified\":\"2024-06-05T23:22:37+00:00\",\"breadcrumb\":{\"@id\":\"https:\\\/\\\/coincards.com\\\/eu\\\/product\\\/yves-rocher-online-gift-card-electronic-delivery\\\/#breadcrumb\"},\"inLanguage\":\"en-CA\",\"potentialAction\":[{\"@type\":\"ReadAction\",\"target\":[\"https:\\\/\\\/coincards.com\\\/eu\\\/product\\\/yves-rocher-online-gift-card-electronic-delivery\\\/\"]}]},{\"@type\":\"ImageObject\",\"inLanguage\":\"en-CA\",\"@id\":\"https:\\\/\\\/coincards.com\\\/eu\\\/product\\\/yves-rocher-online-gift-card-electronic-delivery\\\/#primaryimage\",\"url\":\"https:\\\/\\\/assets.coincards.com\\\/wp-content\\\/uploads\\\/sites\\\/6\\\/2024\\\/06\\\/04191519\\\/YROCH-FR-card-1.png\",\"contentUrl\":\"https:\\\/\\\/assets.coincards.com\\\/wp-content\\\/uploads\\\/sites\\\/6\\\/2024\\\/06\\\/04191519\\\/YROCH-FR-card-1.png\",\"width\":675,\"height\":425},{\"@type\":\"BreadcrumbList\",\"@id\":\"https:\\\/\\\/coincards.com\\\/eu\\\/product\\\/yves-rocher-online-gift-card-electronic-delivery\\\/#breadcrumb\",\"itemListElement\":[{\"@type\":\"ListItem\",\"position\":1,\"name\":\"Home\",\"item\":\"https:\\\/\\\/coincards.com\\\/eu\\\/\"},{\"@type\":\"ListItem\",\"position\":2,\"name\":\"All Gift Cards\",\"item\":\"https:\\\/\\\/coincards.com\\\/eu\\\/all-gift-cards\\\/\"},{\"@type\":\"ListItem\",\"position\":3,\"name\":\"Yves Rocher Online Gift Card (Electronic Delivery) (France)\"}]},{\"@type\":\"WebSite\",\"@id\":\"https:\\\/\\\/coincards.com\\\/eu\\\/#website\",\"url\":\"https:\\\/\\\/coincards.com\\\/eu\\\/\",\"name\":\"Coincards Europe\",\"description\":\"Austrlia&#039;s #1 Cryptocurrency to Gift Card Exchange Service\",\"potentialAction\":[{\"@type\":\"SearchAction\",\"target\":{\"@type\":\"EntryPoint\",\"urlTemplate\":\"https:\\\/\\\/coincards.com\\\/eu\\\/?s={search_term_string}\"},\"query-input\":{\"@type\":\"PropertyValueSpecification\",\"valueRequired\":true,\"valueName\":\"search_term_string\"}}],\"inLanguage\":\"en-CA\"}]}<\/script>\n<meta property=\"product:price:amount\" content=\"10.00\" \/>\n<meta property=\"product:price:currency\" content=\"EUR\" \/>\n<meta property=\"og:availability\" content=\"instock\" \/>\n<meta property=\"product:availability\" content=\"instock\" \/>\n<meta property=\"product:condition\" content=\"new\" \/>\n<!-- \/ Yoast SEO Premium plugin. -->","yoast_head_json":{"title":"Yves Rocher Online Gift Card (Electronic Delivery) (France) - Coincards Europe","robots":{"index":"index","follow":"follow","max-snippet":"max-snippet:-1","max-image-preview":"max-image-preview:large","max-video-preview":"max-video-preview:-1"},"canonical":"https:\/\/coincards.com\/eu\/product\/yves-rocher-online-gift-card-electronic-delivery\/","og_locale":"en_US","og_type":"article","og_title":"Yves Rocher Online Gift Card (Electronic Delivery) (France)","og_description":"La Cosm\u00e9tique V\u00e9g\u00e9tale\u00ae puise ses ingr\u00e9dients dans la nature et les associe au meilleur de la science. Soins essentiels et formules avant-gardistes, maquillage quotidien et look d\u2019exception, eaux de toilette fra\u00eeches et parfumerie fine, la Marque\u00a0Yves\u00a0Rocher r\u00e9pond \u00e0 toutes les attentes des femmes.","og_url":"https:\/\/coincards.com\/eu\/product\/yves-rocher-online-gift-card-electronic-delivery\/","og_site_name":"Coincards Europe","article_modified_time":"2024-06-05T23:22:37+00:00","og_image":[{"width":675,"height":425,"url":"https:\/\/assets.coincards.com\/wp-content\/uploads\/sites\/6\/2024\/06\/04191519\/YROCH-FR-card-1.png","type":"image\/png"}],"twitter_card":"summary_large_image","twitter_misc":{"Price":"&euro;10.00","Availability":"In stock"},"schema":{"@context":"https:\/\/schema.org","@graph":[{"@type":"WebPage","@id":"https:\/\/coincards.com\/eu\/product\/yves-rocher-online-gift-card-electronic-delivery\/","url":"https:\/\/coincards.com\/eu\/product\/yves-rocher-online-gift-card-electronic-delivery\/","name":"Yves Rocher Online Gift Card (Electronic Delivery) (France) - Coincards Europe","isPartOf":{"@id":"https:\/\/coincards.com\/eu\/#website"},"primaryImageOfPage":{"@id":"https:\/\/coincards.com\/eu\/product\/yves-rocher-online-gift-card-electronic-delivery\/#primaryimage"},"image":{"@id":"https:\/\/coincards.com\/eu\/product\/yves-rocher-online-gift-card-electronic-delivery\/#primaryimage"},"thumbnailUrl":"https:\/\/assets.coincards.com\/wp-content\/uploads\/sites\/6\/2024\/06\/04191519\/YROCH-FR-card-1.png","datePublished":"2024-06-02T19:35:57+00:00","dateModified":"2024-06-05T23:22:37+00:00","breadcrumb":{"@id":"https:\/\/coincards.com\/eu\/product\/yves-rocher-online-gift-card-electronic-delivery\/#breadcrumb"},"inLanguage":"en-CA","potentialAction":[{"@type":"ReadAction","target":["https:\/\/coincards.com\/eu\/product\/yves-rocher-online-gift-card-electronic-delivery\/"]}]},{"@type":"ImageObject","inLanguage":"en-CA","@id":"https:\/\/coincards.com\/eu\/product\/yves-rocher-online-gift-card-electronic-delivery\/#primaryimage","url":"https:\/\/assets.coincards.com\/wp-content\/uploads\/sites\/6\/2024\/06\/04191519\/YROCH-FR-card-1.png","contentUrl":"https:\/\/assets.coincards.com\/wp-content\/uploads\/sites\/6\/2024\/06\/04191519\/YROCH-FR-card-1.png","width":675,"height":425},{"@type":"BreadcrumbList","@id":"https:\/\/coincards.com\/eu\/product\/yves-rocher-online-gift-card-electronic-delivery\/#breadcrumb","itemListElement":[{"@type":"ListItem","position":1,"name":"Home","item":"https:\/\/coincards.com\/eu\/"},{"@type":"ListItem","position":2,"name":"All Gift Cards","item":"https:\/\/coincards.com\/eu\/all-gift-cards\/"},{"@type":"ListItem","position":3,"name":"Yves Rocher Online Gift Card (Electronic Delivery) (France)"}]},{"@type":"WebSite","@id":"https:\/\/coincards.com\/eu\/#website","url":"https:\/\/coincards.com\/eu\/","name":"Coincards Europe","description":"Austrlia&#039;s #1 Cryptocurrency to Gift Card Exchange Service","potentialAction":[{"@type":"SearchAction","target":{"@type":"EntryPoint","urlTemplate":"https:\/\/coincards.com\/eu\/?s={search_term_string}"},"query-input":{"@type":"PropertyValueSpecification","valueRequired":true,"valueName":"search_term_string"}}],"inLanguage":"en-CA"}]},"product_price_amount":"10.00","product_price_currency":"EUR","og_availability":"instock","product_availability":"instock","product_condition":"new"},"_links":{"self":[{"href":"https:\/\/coincards.com\/eu\/wp-json\/wp\/v2\/product\/5255","targetHints":{"allow":["GET"]}}],"collection":[{"href":"https:\/\/coincards.com\/eu\/wp-json\/wp\/v2\/product"}],"about":[{"href":"https:\/\/coincards.com\/eu\/wp-json\/wp\/v2\/types\/product"}],"replies":[{"embeddable":true,"href":"https:\/\/coincards.com\/eu\/wp-json\/wp\/v2\/comments?post=5255"}],"wp:featuredmedia":[{"embeddable":true,"href":"https:\/\/coincards.com\/eu\/wp-json\/wp\/v2\/media\/5940"}],"wp:attachment":[{"href":"https:\/\/coincards.com\/eu\/wp-json\/wp\/v2\/media?parent=5255"}],"wp:term":[{"taxonomy":"product_cat","embeddable":true,"href":"https:\/\/coincards.com\/eu\/wp-json\/wp\/v2\/product_cat?post=5255"},{"taxonomy":"product_tag","embeddable":true,"href":"https:\/\/coincards.com\/eu\/wp-json\/wp\/v2\/product_tag?post=5255"}],"curies":[{"name":"wp","href":"https:\/\/api.w.org\/{rel}","templated":true}]}}