{"id":5222,"date":"2024-06-01T22:52:50","date_gmt":"2024-06-02T06:52:50","guid":{"rendered":"https:\/\/coincards.com\/eu\/?post_type=product&#038;p=5222"},"modified":"2024-06-05T15:22:45","modified_gmt":"2024-06-05T23:22:45","slug":"xbox-online-gift-card-electronic-delivery","status":"publish","type":"product","link":"https:\/\/coincards.com\/eu\/product\/xbox-online-gift-card-electronic-delivery\/","title":{"rendered":"Xbox Online Gift Card (Electronic Delivery) (Germany)"},"content":{"rendered":"<p>Nutzungsbestimmungen:<br \/>\n[https:\/\/www.xbox.com\/de-DE\/Legal\/XboxComTOU](https:\/\/www.xbox.com\/de-DE\/Legal\/XboxComTOU)<\/p>\n<p>Verkaufsbedingungen:<br \/>\n[https:\/\/www.microsoft.com\/de-DE\/store\/b\/terms-of-sale](https:\/\/www.microsoft.com\/de-DE\/store\/b\/terms-of-sale)<\/p>\n<p>1. Gehen Sie zu microsoft.com\/redeem<br \/>\n2. Geben Sie den Code ein<br \/>\n3. Mit dem Einkaufen beginnen<\/p>\n<p>Um ein neues Microsoft-Konto zu erstellen oder die vollst\u00e4ndigen Bedingungen durchzulesen (die ohne Vorank\u00fcndigung ge\u00e4ndert werden k\u00f6nnen), gehen Sie zu microsoft.com\/cardterms.<\/p>\n<p>(Code kann nicht ersetzt werden &#8211; bitte sicher aufbewahren)<\/p>\n<p>Sollten sie Hilfe bei der Einl\u00f6se<\/p>\n","protected":false},"excerpt":{"rendered":"<p>Mit einer Xbox-Geschenkkarte schenken Sie die freie Auswahl f\u00fcr genau das richtige Geschenk. Sie kann verwendet werden, um topaktuelle neue Xbox-Vollspielversionen, Apps, Filme, TV-Sendungen, Ger\u00e4te und mehr zu kaufen. Es gibt keine Geb\u00fchren oder Verfallsdaten. Der digitale Gutschein-Code gilt f\u00fcr Onlineeink\u00e4ufe im Microsoft Store, in Windows und auf Xbox.<\/p>\n<p>* Die gr\u00f6\u00dften Spiele &#8211; Hier finden Sie alles, vom Klassiker bis zu den neuesten Spielen. Und holen Sie sich Karten-Pakete, Add-Ons und vieles mehr.<br \/>\n* Holen Sie sich ein neues Xbox-Bundle oder den neuen Surface Pro. Und profitieren Sie von innovativem Zubeh\u00f6r.<br \/>\n* Mieten oder kaufen Sie beliebte HD-Filme und sehen Sie die neuesten TV-Sendungen \u2013 Episode f\u00fcr Episode oder die ganze Staffel.<\/p>\n","protected":false},"featured_media":5936,"comment_status":"closed","ping_status":"closed","template":"","meta":{"_exactmetrics_skip_tracking":false,"_exactmetrics_sitenote_active":false,"_exactmetrics_sitenote_note":"","_exactmetrics_sitenote_category":0},"product_cat":[20],"product_tag":[],"class_list":{"0":"post-5222","1":"product","2":"type-product","3":"status-publish","4":"has-post-thumbnail","6":"product_brand-xbox","7":"product_cat-electronic-gift-cards","8":"pa_country-availability-germany","10":"first","11":"instock","12":"shipping-taxable","13":"purchasable","14":"product-type-variable"},"yoast_head":"<!-- This site is optimized with the Yoast SEO Premium plugin v20.11 (Yoast SEO v27.3) - https:\/\/yoast.com\/product\/yoast-seo-premium-wordpress\/ -->\n<title>Xbox Online Gift Card (Electronic Delivery) (Germany) - Coincards Europe<\/title>\n<meta name=\"robots\" content=\"index, follow, max-snippet:-1, max-image-preview:large, max-video-preview:-1\" \/>\n<link rel=\"canonical\" href=\"https:\/\/coincards.com\/eu\/product\/xbox-online-gift-card-electronic-delivery\/\" \/>\n<meta property=\"og:locale\" content=\"en_US\" \/>\n<meta property=\"og:type\" content=\"article\" \/>\n<meta property=\"og:title\" content=\"Xbox Online Gift Card (Electronic Delivery) (Germany)\" \/>\n<meta property=\"og:description\" content=\"Mit einer Xbox-Geschenkkarte schenken Sie die freie Auswahl f\u00fcr genau das richtige Geschenk. Sie kann verwendet werden, um topaktuelle neue Xbox-Vollspielversionen, Apps, Filme, TV-Sendungen, Ger\u00e4te und mehr zu kaufen. Es gibt keine Geb\u00fchren oder Verfallsdaten. Der digitale Gutschein-Code gilt f\u00fcr Onlineeink\u00e4ufe im Microsoft Store, in Windows und auf Xbox.  * Die gr\u00f6\u00dften Spiele - Hier finden Sie alles, vom Klassiker bis zu den neuesten Spielen. Und holen Sie sich Karten-Pakete, Add-Ons und vieles mehr. * Holen Sie sich ein neues Xbox-Bundle oder den neuen Surface Pro. Und profitieren Sie von innovativem Zubeh\u00f6r. * Mieten oder kaufen Sie beliebte HD-Filme und sehen Sie die neuesten TV-Sendungen \u2013 Episode f\u00fcr Episode oder die ganze Staffel.\" \/>\n<meta property=\"og:url\" content=\"https:\/\/coincards.com\/eu\/product\/xbox-online-gift-card-electronic-delivery\/\" \/>\n<meta property=\"og:site_name\" content=\"Coincards Europe\" \/>\n<meta property=\"article:modified_time\" content=\"2024-06-05T23:22:45+00:00\" \/>\n<meta property=\"og:image\" content=\"https:\/\/assets.coincards.com\/wp-content\/uploads\/sites\/6\/2024\/06\/04191511\/xbox-1.png\" \/>\n\t<meta property=\"og:image:width\" content=\"747\" \/>\n\t<meta property=\"og:image:height\" content=\"539\" \/>\n\t<meta property=\"og:image:type\" content=\"image\/png\" \/>\n<meta name=\"twitter:card\" content=\"summary_large_image\" \/>\n<meta name=\"twitter:label1\" content=\"Availability\" \/>\n\t<meta name=\"twitter:data1\" content=\"In stock\" \/>\n<script type=\"application\/ld+json\" class=\"yoast-schema-graph\">{\"@context\":\"https:\\\/\\\/schema.org\",\"@graph\":[{\"@type\":\"WebPage\",\"@id\":\"https:\\\/\\\/coincards.com\\\/eu\\\/product\\\/xbox-online-gift-card-electronic-delivery\\\/\",\"url\":\"https:\\\/\\\/coincards.com\\\/eu\\\/product\\\/xbox-online-gift-card-electronic-delivery\\\/\",\"name\":\"Xbox Online Gift Card (Electronic Delivery) (Germany) - Coincards Europe\",\"isPartOf\":{\"@id\":\"https:\\\/\\\/coincards.com\\\/eu\\\/#website\"},\"primaryImageOfPage\":{\"@id\":\"https:\\\/\\\/coincards.com\\\/eu\\\/product\\\/xbox-online-gift-card-electronic-delivery\\\/#primaryimage\"},\"image\":{\"@id\":\"https:\\\/\\\/coincards.com\\\/eu\\\/product\\\/xbox-online-gift-card-electronic-delivery\\\/#primaryimage\"},\"thumbnailUrl\":\"https:\\\/\\\/assets.coincards.com\\\/wp-content\\\/uploads\\\/sites\\\/6\\\/2024\\\/06\\\/04191511\\\/xbox-1.png\",\"datePublished\":\"2024-06-02T06:52:50+00:00\",\"dateModified\":\"2024-06-05T23:22:45+00:00\",\"breadcrumb\":{\"@id\":\"https:\\\/\\\/coincards.com\\\/eu\\\/product\\\/xbox-online-gift-card-electronic-delivery\\\/#breadcrumb\"},\"inLanguage\":\"en-CA\",\"potentialAction\":[{\"@type\":\"ReadAction\",\"target\":[\"https:\\\/\\\/coincards.com\\\/eu\\\/product\\\/xbox-online-gift-card-electronic-delivery\\\/\"]}]},{\"@type\":\"ImageObject\",\"inLanguage\":\"en-CA\",\"@id\":\"https:\\\/\\\/coincards.com\\\/eu\\\/product\\\/xbox-online-gift-card-electronic-delivery\\\/#primaryimage\",\"url\":\"https:\\\/\\\/assets.coincards.com\\\/wp-content\\\/uploads\\\/sites\\\/6\\\/2024\\\/06\\\/04191511\\\/xbox-1.png\",\"contentUrl\":\"https:\\\/\\\/assets.coincards.com\\\/wp-content\\\/uploads\\\/sites\\\/6\\\/2024\\\/06\\\/04191511\\\/xbox-1.png\",\"width\":747,\"height\":539},{\"@type\":\"BreadcrumbList\",\"@id\":\"https:\\\/\\\/coincards.com\\\/eu\\\/product\\\/xbox-online-gift-card-electronic-delivery\\\/#breadcrumb\",\"itemListElement\":[{\"@type\":\"ListItem\",\"position\":1,\"name\":\"Home\",\"item\":\"https:\\\/\\\/coincards.com\\\/eu\\\/\"},{\"@type\":\"ListItem\",\"position\":2,\"name\":\"All Gift Cards\",\"item\":\"https:\\\/\\\/coincards.com\\\/eu\\\/all-gift-cards\\\/\"},{\"@type\":\"ListItem\",\"position\":3,\"name\":\"Xbox Online Gift Card (Electronic Delivery) (Germany)\"}]},{\"@type\":\"WebSite\",\"@id\":\"https:\\\/\\\/coincards.com\\\/eu\\\/#website\",\"url\":\"https:\\\/\\\/coincards.com\\\/eu\\\/\",\"name\":\"Coincards Europe\",\"description\":\"Austrlia&#039;s #1 Cryptocurrency to Gift Card Exchange Service\",\"potentialAction\":[{\"@type\":\"SearchAction\",\"target\":{\"@type\":\"EntryPoint\",\"urlTemplate\":\"https:\\\/\\\/coincards.com\\\/eu\\\/?s={search_term_string}\"},\"query-input\":{\"@type\":\"PropertyValueSpecification\",\"valueRequired\":true,\"valueName\":\"search_term_string\"}}],\"inLanguage\":\"en-CA\"}]}<\/script>\n<meta property=\"og:availability\" content=\"instock\" \/>\n<meta property=\"product:availability\" content=\"instock\" \/>\n<meta property=\"product:condition\" content=\"new\" \/>\n<!-- \/ Yoast SEO Premium plugin. -->","yoast_head_json":{"title":"Xbox Online Gift Card (Electronic Delivery) (Germany) - Coincards Europe","robots":{"index":"index","follow":"follow","max-snippet":"max-snippet:-1","max-image-preview":"max-image-preview:large","max-video-preview":"max-video-preview:-1"},"canonical":"https:\/\/coincards.com\/eu\/product\/xbox-online-gift-card-electronic-delivery\/","og_locale":"en_US","og_type":"article","og_title":"Xbox Online Gift Card (Electronic Delivery) (Germany)","og_description":"Mit einer Xbox-Geschenkkarte schenken Sie die freie Auswahl f\u00fcr genau das richtige Geschenk. Sie kann verwendet werden, um topaktuelle neue Xbox-Vollspielversionen, Apps, Filme, TV-Sendungen, Ger\u00e4te und mehr zu kaufen. Es gibt keine Geb\u00fchren oder Verfallsdaten. Der digitale Gutschein-Code gilt f\u00fcr Onlineeink\u00e4ufe im Microsoft Store, in Windows und auf Xbox.  * Die gr\u00f6\u00dften Spiele - Hier finden Sie alles, vom Klassiker bis zu den neuesten Spielen. Und holen Sie sich Karten-Pakete, Add-Ons und vieles mehr. * Holen Sie sich ein neues Xbox-Bundle oder den neuen Surface Pro. Und profitieren Sie von innovativem Zubeh\u00f6r. * Mieten oder kaufen Sie beliebte HD-Filme und sehen Sie die neuesten TV-Sendungen \u2013 Episode f\u00fcr Episode oder die ganze Staffel.","og_url":"https:\/\/coincards.com\/eu\/product\/xbox-online-gift-card-electronic-delivery\/","og_site_name":"Coincards Europe","article_modified_time":"2024-06-05T23:22:45+00:00","og_image":[{"width":747,"height":539,"url":"https:\/\/assets.coincards.com\/wp-content\/uploads\/sites\/6\/2024\/06\/04191511\/xbox-1.png","type":"image\/png"}],"twitter_card":"summary_large_image","twitter_misc":{"Availability":"In stock"},"schema":{"@context":"https:\/\/schema.org","@graph":[{"@type":"WebPage","@id":"https:\/\/coincards.com\/eu\/product\/xbox-online-gift-card-electronic-delivery\/","url":"https:\/\/coincards.com\/eu\/product\/xbox-online-gift-card-electronic-delivery\/","name":"Xbox Online Gift Card (Electronic Delivery) (Germany) - Coincards Europe","isPartOf":{"@id":"https:\/\/coincards.com\/eu\/#website"},"primaryImageOfPage":{"@id":"https:\/\/coincards.com\/eu\/product\/xbox-online-gift-card-electronic-delivery\/#primaryimage"},"image":{"@id":"https:\/\/coincards.com\/eu\/product\/xbox-online-gift-card-electronic-delivery\/#primaryimage"},"thumbnailUrl":"https:\/\/assets.coincards.com\/wp-content\/uploads\/sites\/6\/2024\/06\/04191511\/xbox-1.png","datePublished":"2024-06-02T06:52:50+00:00","dateModified":"2024-06-05T23:22:45+00:00","breadcrumb":{"@id":"https:\/\/coincards.com\/eu\/product\/xbox-online-gift-card-electronic-delivery\/#breadcrumb"},"inLanguage":"en-CA","potentialAction":[{"@type":"ReadAction","target":["https:\/\/coincards.com\/eu\/product\/xbox-online-gift-card-electronic-delivery\/"]}]},{"@type":"ImageObject","inLanguage":"en-CA","@id":"https:\/\/coincards.com\/eu\/product\/xbox-online-gift-card-electronic-delivery\/#primaryimage","url":"https:\/\/assets.coincards.com\/wp-content\/uploads\/sites\/6\/2024\/06\/04191511\/xbox-1.png","contentUrl":"https:\/\/assets.coincards.com\/wp-content\/uploads\/sites\/6\/2024\/06\/04191511\/xbox-1.png","width":747,"height":539},{"@type":"BreadcrumbList","@id":"https:\/\/coincards.com\/eu\/product\/xbox-online-gift-card-electronic-delivery\/#breadcrumb","itemListElement":[{"@type":"ListItem","position":1,"name":"Home","item":"https:\/\/coincards.com\/eu\/"},{"@type":"ListItem","position":2,"name":"All Gift Cards","item":"https:\/\/coincards.com\/eu\/all-gift-cards\/"},{"@type":"ListItem","position":3,"name":"Xbox Online Gift Card (Electronic Delivery) (Germany)"}]},{"@type":"WebSite","@id":"https:\/\/coincards.com\/eu\/#website","url":"https:\/\/coincards.com\/eu\/","name":"Coincards Europe","description":"Austrlia&#039;s #1 Cryptocurrency to Gift Card Exchange Service","potentialAction":[{"@type":"SearchAction","target":{"@type":"EntryPoint","urlTemplate":"https:\/\/coincards.com\/eu\/?s={search_term_string}"},"query-input":{"@type":"PropertyValueSpecification","valueRequired":true,"valueName":"search_term_string"}}],"inLanguage":"en-CA"}]},"og_availability":"instock","product_availability":"instock","product_condition":"new"},"_links":{"self":[{"href":"https:\/\/coincards.com\/eu\/wp-json\/wp\/v2\/product\/5222","targetHints":{"allow":["GET"]}}],"collection":[{"href":"https:\/\/coincards.com\/eu\/wp-json\/wp\/v2\/product"}],"about":[{"href":"https:\/\/coincards.com\/eu\/wp-json\/wp\/v2\/types\/product"}],"replies":[{"embeddable":true,"href":"https:\/\/coincards.com\/eu\/wp-json\/wp\/v2\/comments?post=5222"}],"wp:featuredmedia":[{"embeddable":true,"href":"https:\/\/coincards.com\/eu\/wp-json\/wp\/v2\/media\/5936"}],"wp:attachment":[{"href":"https:\/\/coincards.com\/eu\/wp-json\/wp\/v2\/media?parent=5222"}],"wp:term":[{"taxonomy":"product_cat","embeddable":true,"href":"https:\/\/coincards.com\/eu\/wp-json\/wp\/v2\/product_cat?post=5222"},{"taxonomy":"product_tag","embeddable":true,"href":"https:\/\/coincards.com\/eu\/wp-json\/wp\/v2\/product_tag?post=5222"}],"curies":[{"name":"wp","href":"https:\/\/api.w.org\/{rel}","templated":true}]}}