{"id":5217,"date":"2024-06-01T22:46:19","date_gmt":"2024-06-02T06:46:19","guid":{"rendered":"https:\/\/coincards.com\/eu\/?post_type=product&#038;p=5217"},"modified":"2026-01-15T09:27:06","modified_gmt":"2026-01-15T17:27:06","slug":"world-of-sweets-online-gift-card-electronic-delivery","status":"publish","type":"product","link":"https:\/\/coincards.com\/eu\/product\/world-of-sweets-online-gift-card-electronic-delivery\/","title":{"rendered":"World of Sweets Online Gift Card (Electronic Delivery) (Germany)"},"content":{"rendered":"<p>**Einl\u00f6sem\u00f6glichkeit **<br \/>\nDer Gutschein kann online auf www.worldofsweets.de eingel\u00f6st werden. Bitte beachten Sie, dass die Gutscheine, die Sie erwerben, ihrerseits gesonderten AGBs unterliegen.<\/p>\n<p>**Anzahl einl\u00f6sbarer Gutscheine **<br \/>\nPro Einkauf k\u00f6nnen mehrere Wertgutscheine eingel\u00f6st werden.<\/p>\n<p>** G\u00fcltigkeit **<br \/>\nDer Gutschein ist ab Ausstellungsdatum 3 Jahre g\u00fcltig.<\/p>\n<p>**Restguthaben **<br \/>\nF\u00fcr ein Restguthaben erstellt der Shop automatisch einen neuen Gutschein mit dem Restwert.<\/p>\n<p>Gew\u00fcnschte Artikel in den Warenkorb legen. Gutschein-Code eingeben und per Klick aktivieren Der verbleibende Endpreis wird errechnet. Bestellung abschlie\u00dfen.<\/p>\n","protected":false},"excerpt":{"rendered":"<p>Die ganze Welt der S\u00fc\u00dfwaren Mit \u00fcber 9.000 Artikeln geh\u00f6rt World of Sweets zu den f\u00fchrenden Online-Shops, wenn es um S\u00fc\u00dfigkeiten, Snacks und Getr\u00e4nke auf Bestellung geht. Ob Marken-Klassiker, nostalgische Retro-Produkte, Marktneuheiten oder internationale S\u00fc\u00dfwaren: World of Sweets bietet Ihnen eine einzigartige Sortimentsbreite und -tiefe an. Wenn Sie z.B. Gummib\u00e4rchen, Lakritz, Schokolade, Knabberartikel, Kekse, Bonbons, Jelly-Beans, Kaugummis, Lollis, Marshmallows, Marzipan oder Softdrinks suchen, sind Sie hier genau richtig. Entdecken Sie mehr als 750 Marken von Herstellern aus aller Welt. Ob Klassiker von Kinder, Haribo, Milka, Lindt, Ferrero und Katjes oder Bestseller von Cadbury, Hershey&#8217;s und Fazer: Bei World of Sweets ist f\u00fcr jeden Geschmack etwas dabei. Mit dem innovativen Pick&amp;Mix-Service haben Sie zudem die M\u00f6glichkeit, S\u00fc\u00dfwaren-Mischungen individuell zusammenzustellen.<\/p>\n","protected":false},"featured_media":5935,"comment_status":"closed","ping_status":"closed","template":"","meta":{"_exactmetrics_skip_tracking":false,"_exactmetrics_sitenote_active":false,"_exactmetrics_sitenote_note":"","_exactmetrics_sitenote_category":0},"product_cat":[20],"product_tag":[],"class_list":{"0":"post-5217","1":"product","2":"type-product","3":"status-publish","4":"has-post-thumbnail","6":"product_brand-world-of-sweets","7":"product_cat-electronic-gift-cards","8":"pa_country-availability-germany","10":"first","11":"instock","12":"shipping-taxable","13":"purchasable","14":"product-type-variable"},"yoast_head":"<!-- This site is optimized with the Yoast SEO Premium plugin v20.11 (Yoast SEO v25.8) - https:\/\/yoast.com\/wordpress\/plugins\/seo\/ -->\n<title>World of Sweets Online Gift Card (Electronic Delivery) (Germany) - Coincards Europe<\/title>\n<meta name=\"robots\" content=\"index, follow, max-snippet:-1, max-image-preview:large, max-video-preview:-1\" \/>\n<link rel=\"canonical\" href=\"https:\/\/coincards.com\/eu\/product\/world-of-sweets-online-gift-card-electronic-delivery\/\" \/>\n<meta property=\"og:locale\" content=\"en_US\" \/>\n<meta property=\"og:type\" content=\"article\" \/>\n<meta property=\"og:title\" content=\"World of Sweets Online Gift Card (Electronic Delivery) (Germany)\" \/>\n<meta property=\"og:description\" content=\"Die ganze Welt der S\u00fc\u00dfwaren Mit \u00fcber 9.000 Artikeln geh\u00f6rt World of Sweets zu den f\u00fchrenden Online-Shops, wenn es um S\u00fc\u00dfigkeiten, Snacks und Getr\u00e4nke auf Bestellung geht. Ob Marken-Klassiker, nostalgische Retro-Produkte, Marktneuheiten oder internationale S\u00fc\u00dfwaren: World of Sweets bietet Ihnen eine einzigartige Sortimentsbreite und -tiefe an. Wenn Sie z.B. Gummib\u00e4rchen, Lakritz, Schokolade, Knabberartikel, Kekse, Bonbons, Jelly-Beans, Kaugummis, Lollis, Marshmallows, Marzipan oder Softdrinks suchen, sind Sie hier genau richtig. Entdecken Sie mehr als 750 Marken von Herstellern aus aller Welt. Ob Klassiker von Kinder, Haribo, Milka, Lindt, Ferrero und Katjes oder Bestseller von Cadbury, Hershey&#039;s und Fazer: Bei World of Sweets ist f\u00fcr jeden Geschmack etwas dabei. Mit dem innovativen Pick&amp;Mix-Service haben Sie zudem die M\u00f6glichkeit, S\u00fc\u00dfwaren-Mischungen individuell zusammenzustellen.\" \/>\n<meta property=\"og:url\" content=\"https:\/\/coincards.com\/eu\/product\/world-of-sweets-online-gift-card-electronic-delivery\/\" \/>\n<meta property=\"og:site_name\" content=\"Coincards Europe\" \/>\n<meta property=\"article:modified_time\" content=\"2026-01-15T17:27:06+00:00\" \/>\n<meta property=\"og:image\" content=\"https:\/\/assets.coincards.com\/wp-content\/uploads\/sites\/6\/2024\/06\/04191509\/WLDSWT-DE-card-1.png\" \/>\n\t<meta property=\"og:image:width\" content=\"675\" \/>\n\t<meta property=\"og:image:height\" content=\"425\" \/>\n\t<meta property=\"og:image:type\" content=\"image\/png\" \/>\n<meta name=\"twitter:card\" content=\"summary_large_image\" \/>\n<meta name=\"twitter:label1\" content=\"Availability\" \/>\n\t<meta name=\"twitter:data1\" content=\"In stock\" \/>\n<script type=\"application\/ld+json\" class=\"yoast-schema-graph\">{\"@context\":\"https:\/\/schema.org\",\"@graph\":[{\"@type\":\"WebPage\",\"@id\":\"https:\/\/coincards.com\/eu\/product\/world-of-sweets-online-gift-card-electronic-delivery\/\",\"url\":\"https:\/\/coincards.com\/eu\/product\/world-of-sweets-online-gift-card-electronic-delivery\/\",\"name\":\"World of Sweets Online Gift Card (Electronic Delivery) (Germany) - Coincards Europe\",\"isPartOf\":{\"@id\":\"https:\/\/coincards.com\/eu\/#website\"},\"primaryImageOfPage\":{\"@id\":\"https:\/\/coincards.com\/eu\/product\/world-of-sweets-online-gift-card-electronic-delivery\/#primaryimage\"},\"image\":{\"@id\":\"https:\/\/coincards.com\/eu\/product\/world-of-sweets-online-gift-card-electronic-delivery\/#primaryimage\"},\"thumbnailUrl\":\"https:\/\/assets.coincards.com\/wp-content\/uploads\/sites\/6\/2024\/06\/04191509\/WLDSWT-DE-card-1.png\",\"datePublished\":\"2024-06-02T06:46:19+00:00\",\"dateModified\":\"2026-01-15T17:27:06+00:00\",\"breadcrumb\":{\"@id\":\"https:\/\/coincards.com\/eu\/product\/world-of-sweets-online-gift-card-electronic-delivery\/#breadcrumb\"},\"inLanguage\":\"en-CA\",\"potentialAction\":[{\"@type\":\"ReadAction\",\"target\":[\"https:\/\/coincards.com\/eu\/product\/world-of-sweets-online-gift-card-electronic-delivery\/\"]}]},{\"@type\":\"ImageObject\",\"inLanguage\":\"en-CA\",\"@id\":\"https:\/\/coincards.com\/eu\/product\/world-of-sweets-online-gift-card-electronic-delivery\/#primaryimage\",\"url\":\"https:\/\/assets.coincards.com\/wp-content\/uploads\/sites\/6\/2024\/06\/04191509\/WLDSWT-DE-card-1.png\",\"contentUrl\":\"https:\/\/assets.coincards.com\/wp-content\/uploads\/sites\/6\/2024\/06\/04191509\/WLDSWT-DE-card-1.png\",\"width\":675,\"height\":425},{\"@type\":\"BreadcrumbList\",\"@id\":\"https:\/\/coincards.com\/eu\/product\/world-of-sweets-online-gift-card-electronic-delivery\/#breadcrumb\",\"itemListElement\":[{\"@type\":\"ListItem\",\"position\":1,\"name\":\"Home\",\"item\":\"https:\/\/coincards.com\/eu\/\"},{\"@type\":\"ListItem\",\"position\":2,\"name\":\"All Gift Cards\",\"item\":\"https:\/\/coincards.com\/eu\/all-gift-cards\/\"},{\"@type\":\"ListItem\",\"position\":3,\"name\":\"World of Sweets Online Gift Card (Electronic Delivery) (Germany)\"}]},{\"@type\":\"WebSite\",\"@id\":\"https:\/\/coincards.com\/eu\/#website\",\"url\":\"https:\/\/coincards.com\/eu\/\",\"name\":\"Coincards Europe\",\"description\":\"Austrlia&#039;s #1 Cryptocurrency to Gift Card Exchange Service\",\"potentialAction\":[{\"@type\":\"SearchAction\",\"target\":{\"@type\":\"EntryPoint\",\"urlTemplate\":\"https:\/\/coincards.com\/eu\/?s={search_term_string}\"},\"query-input\":{\"@type\":\"PropertyValueSpecification\",\"valueRequired\":true,\"valueName\":\"search_term_string\"}}],\"inLanguage\":\"en-CA\"}]}<\/script>\n<meta property=\"og:availability\" content=\"instock\" \/>\n<meta property=\"product:availability\" content=\"instock\" \/>\n<meta property=\"product:condition\" content=\"new\" \/>\n<!-- \/ Yoast SEO Premium plugin. -->","yoast_head_json":{"title":"World of Sweets Online Gift Card (Electronic Delivery) (Germany) - Coincards Europe","robots":{"index":"index","follow":"follow","max-snippet":"max-snippet:-1","max-image-preview":"max-image-preview:large","max-video-preview":"max-video-preview:-1"},"canonical":"https:\/\/coincards.com\/eu\/product\/world-of-sweets-online-gift-card-electronic-delivery\/","og_locale":"en_US","og_type":"article","og_title":"World of Sweets Online Gift Card (Electronic Delivery) (Germany)","og_description":"Die ganze Welt der S\u00fc\u00dfwaren Mit \u00fcber 9.000 Artikeln geh\u00f6rt World of Sweets zu den f\u00fchrenden Online-Shops, wenn es um S\u00fc\u00dfigkeiten, Snacks und Getr\u00e4nke auf Bestellung geht. Ob Marken-Klassiker, nostalgische Retro-Produkte, Marktneuheiten oder internationale S\u00fc\u00dfwaren: World of Sweets bietet Ihnen eine einzigartige Sortimentsbreite und -tiefe an. Wenn Sie z.B. Gummib\u00e4rchen, Lakritz, Schokolade, Knabberartikel, Kekse, Bonbons, Jelly-Beans, Kaugummis, Lollis, Marshmallows, Marzipan oder Softdrinks suchen, sind Sie hier genau richtig. Entdecken Sie mehr als 750 Marken von Herstellern aus aller Welt. Ob Klassiker von Kinder, Haribo, Milka, Lindt, Ferrero und Katjes oder Bestseller von Cadbury, Hershey's und Fazer: Bei World of Sweets ist f\u00fcr jeden Geschmack etwas dabei. Mit dem innovativen Pick&amp;Mix-Service haben Sie zudem die M\u00f6glichkeit, S\u00fc\u00dfwaren-Mischungen individuell zusammenzustellen.","og_url":"https:\/\/coincards.com\/eu\/product\/world-of-sweets-online-gift-card-electronic-delivery\/","og_site_name":"Coincards Europe","article_modified_time":"2026-01-15T17:27:06+00:00","og_image":[{"width":675,"height":425,"url":"https:\/\/assets.coincards.com\/wp-content\/uploads\/sites\/6\/2024\/06\/04191509\/WLDSWT-DE-card-1.png","type":"image\/png"}],"twitter_card":"summary_large_image","twitter_misc":{"Availability":"In stock"},"schema":{"@context":"https:\/\/schema.org","@graph":[{"@type":"WebPage","@id":"https:\/\/coincards.com\/eu\/product\/world-of-sweets-online-gift-card-electronic-delivery\/","url":"https:\/\/coincards.com\/eu\/product\/world-of-sweets-online-gift-card-electronic-delivery\/","name":"World of Sweets Online Gift Card (Electronic Delivery) (Germany) - Coincards Europe","isPartOf":{"@id":"https:\/\/coincards.com\/eu\/#website"},"primaryImageOfPage":{"@id":"https:\/\/coincards.com\/eu\/product\/world-of-sweets-online-gift-card-electronic-delivery\/#primaryimage"},"image":{"@id":"https:\/\/coincards.com\/eu\/product\/world-of-sweets-online-gift-card-electronic-delivery\/#primaryimage"},"thumbnailUrl":"https:\/\/assets.coincards.com\/wp-content\/uploads\/sites\/6\/2024\/06\/04191509\/WLDSWT-DE-card-1.png","datePublished":"2024-06-02T06:46:19+00:00","dateModified":"2026-01-15T17:27:06+00:00","breadcrumb":{"@id":"https:\/\/coincards.com\/eu\/product\/world-of-sweets-online-gift-card-electronic-delivery\/#breadcrumb"},"inLanguage":"en-CA","potentialAction":[{"@type":"ReadAction","target":["https:\/\/coincards.com\/eu\/product\/world-of-sweets-online-gift-card-electronic-delivery\/"]}]},{"@type":"ImageObject","inLanguage":"en-CA","@id":"https:\/\/coincards.com\/eu\/product\/world-of-sweets-online-gift-card-electronic-delivery\/#primaryimage","url":"https:\/\/assets.coincards.com\/wp-content\/uploads\/sites\/6\/2024\/06\/04191509\/WLDSWT-DE-card-1.png","contentUrl":"https:\/\/assets.coincards.com\/wp-content\/uploads\/sites\/6\/2024\/06\/04191509\/WLDSWT-DE-card-1.png","width":675,"height":425},{"@type":"BreadcrumbList","@id":"https:\/\/coincards.com\/eu\/product\/world-of-sweets-online-gift-card-electronic-delivery\/#breadcrumb","itemListElement":[{"@type":"ListItem","position":1,"name":"Home","item":"https:\/\/coincards.com\/eu\/"},{"@type":"ListItem","position":2,"name":"All Gift Cards","item":"https:\/\/coincards.com\/eu\/all-gift-cards\/"},{"@type":"ListItem","position":3,"name":"World of Sweets Online Gift Card (Electronic Delivery) (Germany)"}]},{"@type":"WebSite","@id":"https:\/\/coincards.com\/eu\/#website","url":"https:\/\/coincards.com\/eu\/","name":"Coincards Europe","description":"Austrlia&#039;s #1 Cryptocurrency to Gift Card Exchange Service","potentialAction":[{"@type":"SearchAction","target":{"@type":"EntryPoint","urlTemplate":"https:\/\/coincards.com\/eu\/?s={search_term_string}"},"query-input":{"@type":"PropertyValueSpecification","valueRequired":true,"valueName":"search_term_string"}}],"inLanguage":"en-CA"}]},"og_availability":"instock","product_availability":"instock","product_condition":"new"},"_links":{"self":[{"href":"https:\/\/coincards.com\/eu\/wp-json\/wp\/v2\/product\/5217","targetHints":{"allow":["GET"]}}],"collection":[{"href":"https:\/\/coincards.com\/eu\/wp-json\/wp\/v2\/product"}],"about":[{"href":"https:\/\/coincards.com\/eu\/wp-json\/wp\/v2\/types\/product"}],"replies":[{"embeddable":true,"href":"https:\/\/coincards.com\/eu\/wp-json\/wp\/v2\/comments?post=5217"}],"wp:featuredmedia":[{"embeddable":true,"href":"https:\/\/coincards.com\/eu\/wp-json\/wp\/v2\/media\/5935"}],"wp:attachment":[{"href":"https:\/\/coincards.com\/eu\/wp-json\/wp\/v2\/media?parent=5217"}],"wp:term":[{"taxonomy":"product_cat","embeddable":true,"href":"https:\/\/coincards.com\/eu\/wp-json\/wp\/v2\/product_cat?post=5217"},{"taxonomy":"product_tag","embeddable":true,"href":"https:\/\/coincards.com\/eu\/wp-json\/wp\/v2\/product_tag?post=5217"}],"curies":[{"name":"wp","href":"https:\/\/api.w.org\/{rel}","templated":true}]}}