{"id":5106,"date":"2024-06-01T21:11:17","date_gmt":"2024-06-02T05:11:17","guid":{"rendered":"https:\/\/coincards.com\/eu\/?post_type=product&#038;p=5106"},"modified":"2026-04-15T07:16:30","modified_gmt":"2026-04-15T15:16:30","slug":"unes-it-online-gift-card-electronic-delivery","status":"publish","type":"product","link":"https:\/\/coincards.com\/eu\/product\/unes-it-online-gift-card-electronic-delivery\/","title":{"rendered":"Unes IT Online Gift Card (Electronic Delivery) (Italy)"},"content":{"rendered":"<p><strong>Terms &amp; Conditions:\u00a0<\/strong><\/p>\n<p>*LOCAL Les cartes-cadeaux Unes sont pratiques pour faire des achats sans avoir \u00e0 transporter de l&#8217;argent liquide et peuvent \u00e9galement \u00eatre achet\u00e9es comme une id\u00e9e de cadeau utile pour toutes les occasions. LOCAL* Unes-Geschenkkarten sind praktisch und bequem f\u00fcr das Einkaufen ohne Bargeld und k\u00f6nnen auch als n\u00fctzliche Geschenkidee f\u00fcr alle Gelegenheiten erworben werden. LOCAL La Gift Card Unes \u00e8 utilizzabile presso i punti vendita Unes Supermercati, U2 Supermercato, U! Come Tu Mi Vuoi e il Viaggiator Goloso che aderiscono all\u00b4iniziativa. Potrai scoprire il punto vendita a te pi\u00f9 vicino in cui potrai utilizzare la tua gift card, collegandoti al sito www.unes.it\/punti-vendita\/, e cliccando su &#8220;DOVE UTILIZZARE LA TUA GIFT CARD&#8221;. La Gift Card Unes \u00e8 attiva dal momento in cui viene acquistata e rimane attiva per i successivi 12 mesi salvo previo esaurimento. Le Gift Card Unes sono cumulabili e possono essere utilizzate per pi\u00f9 acquisti fino al completo esaurimento del valore contenuto, oltre che a parziale pagamento di un acquisto. L&#8217;importo residuo ancora disponibile \u00e8 riportato su ogni scontrino relativo alla spesa pagata con la carta. La Gift Card Unes non pu\u00f2 essere ricaricata, non d\u00e0 diritto a resto e non \u00e8 convertibile in denaro. Le Gift Card Unes sono uno strumento di pagamento al portatore; in caso di scadenza, danneggiamento, smarrimento o furto, non possono essere n\u00e9 bloccate n\u00e9 sostituite e nessuna responsabilit\u00e0 pu\u00f2 essere attribuita ad Unes per il loro uso improprio. *LOCAL Las tarjetas regalo Unes son pr\u00e1cticas y c\u00f3modas para ir de compras sin tener que llevar dinero en efectivo, y tambi\u00e9n se pueden comprar como una idea de regalo \u00fatil para todas las ocasiones. ENGLISH*** The Unes Gift Card can be used at the Unes Supermarkets, U2 Supermarket, U! Come Tu Mi Vuoi and Il Viaggiator Goloso that adhere to the initiative. You can find out the point of sale nearest to you where you can use your gift card, by connecting to the website www.unes.it\/punti-vendita\/, and clicking on &#8220;WHERE TO USE YOUR GIFT CARD&#8221;. The Unes Gift Card is active from the moment it is purchased and remains active for the following 12 months unless it is exhausted. Unes Gift Cards are cumulative and can be used for more than one purchase until the full value is used up, as well as for partial payment of a purchase. The residual amount still available is shown on each receipt related to the purchase paid with the card. The Unes Gift Card cannot be recharged, does not give the right to change and cannot be converted into cash. The Unes Gift Card is a bearer payment instrument; in case of expiry, damage, loss or theft, it cannot be blocked or replaced and no responsibility can be attributed to Unes for its improper use.<\/p>\n","protected":false},"excerpt":{"rendered":"<p>*LOCAL Les cartes-cadeaux Unes sont pratiques pour faire des achats sans avoir \u00e0 transporter de l&#8217;argent liquide et peuvent \u00e9galement \u00eatre achet\u00e9es comme une id\u00e9e de cadeau utile pour toutes les occasions. LOCAL* Unes-Geschenkkarten sind praktisch und bequem f\u00fcr das Einkaufen ohne Bargeld und k\u00f6nnen auch als n\u00fctzliche Geschenkidee f\u00fcr alle Gelegenheiten erworben werden. LOCAL La Gift Card Unes \u00e8 utilizzabile presso i punti vendita Unes Supermercati, U2 Supermercato, U! Come Tu Mi Vuoi e il Viaggiator Goloso che aderiscono all\u00b4iniziativa. Potrai scoprire il punto vendita a te pi\u00f9 vicino in cui potrai utilizzare la tua gift card, collegandoti al sito www.unes.it\/punti-vendita\/, e cliccando su &#8220;DOVE UTILIZZARE LA TUA GIFT CARD&#8221;. La Gift Card Unes \u00e8 attiva dal momento in cui viene acquistata e rimane attiva per i successivi 12 mesi salvo previo esaurimento. Le Gift Card Unes sono cumulabili e possono essere utilizzate per pi\u00f9 acquisti fino al completo esaurimento del valore contenuto, oltre che a parziale pagamento di un acquisto. L&#8217;importo residuo ancora disponibile \u00e8 riportato su ogni scontrino relativo alla spesa pagata con la carta. La Gift Card Unes non pu\u00f2 essere ricaricata, non d\u00e0 diritto a resto e non \u00e8 convertibile in denaro. Le Gift Card Unes sono uno strumento di pagamento al portatore; in caso di scadenza, danneggiamento, smarrimento o furto, non possono essere n\u00e9 bloccate n\u00e9 sostituite e nessuna responsabilit\u00e0 pu\u00f2 essere attribuita ad Unes per il loro uso improprio. *LOCAL Las tarjetas regalo Unes son pr\u00e1cticas y c\u00f3modas para ir de compras sin tener que llevar dinero en efectivo, y tambi\u00e9n se pueden comprar como una idea de regalo \u00fatil para todas las ocasiones. ENGLISH*** The Unes Gift Card can be used at the Unes Supermarkets, U2 Supermarket, U! Come Tu Mi Vuoi and Il Viaggiator Goloso that adhere to the initiative. You can find out the point of sale nearest to you where you can use your gift card, by connecting to the website www.unes.it\/punti-vendita\/, and clicking on &#8220;WHERE TO USE YOUR GIFT CARD&#8221;. The Unes Gift Card is active from the moment it is purchased and remains active for the following 12 months unless it is exhausted. Unes Gift Cards are cumulative and can be used for more than one purchase until the full value is used up, as well as for partial payment of a purchase. The residual amount still available is shown on each receipt related to the purchase paid with the card. The Unes Gift Card cannot be recharged, does not give the right to change and cannot be converted into cash. The Unes Gift Card is a bearer payment instrument; in case of expiry, damage, loss or theft, it cannot be blocked or replaced and no responsibility can be attributed to Unes for its improper use.<\/p>\n","protected":false},"featured_media":5912,"comment_status":"closed","ping_status":"closed","template":"","meta":{"_exactmetrics_skip_tracking":false,"_exactmetrics_sitenote_active":false,"_exactmetrics_sitenote_note":"","_exactmetrics_sitenote_category":0},"product_cat":[20],"product_tag":[],"class_list":{"0":"post-5106","1":"product","2":"type-product","3":"status-publish","4":"has-post-thumbnail","6":"product_brand-unes-it","7":"product_cat-electronic-gift-cards","8":"pa_country-availability-italy","10":"first","11":"instock","12":"virtual","13":"purchasable","14":"product-type-simple","15":"nyp-product"},"yoast_head":"<!-- This site is optimized with the Yoast SEO Premium plugin v20.11 (Yoast SEO v27.3) - https:\/\/yoast.com\/product\/yoast-seo-premium-wordpress\/ -->\n<title>Unes IT Online Gift Card (Electronic Delivery) (Italy) - Coincards Europe<\/title>\n<meta name=\"robots\" content=\"index, follow, max-snippet:-1, max-image-preview:large, max-video-preview:-1\" \/>\n<link rel=\"canonical\" href=\"https:\/\/coincards.com\/eu\/product\/unes-it-online-gift-card-electronic-delivery\/\" \/>\n<meta property=\"og:locale\" content=\"en_US\" \/>\n<meta property=\"og:type\" content=\"article\" \/>\n<meta property=\"og:title\" content=\"Unes IT Online Gift Card (Electronic Delivery) (Italy)\" \/>\n<meta property=\"og:description\" content=\"*LOCAL Les cartes-cadeaux Unes sont pratiques pour faire des achats sans avoir \u00e0 transporter de l&#039;argent liquide et peuvent \u00e9galement \u00eatre achet\u00e9es comme une id\u00e9e de cadeau utile pour toutes les occasions. LOCAL* Unes-Geschenkkarten sind praktisch und bequem f\u00fcr das Einkaufen ohne Bargeld und k\u00f6nnen auch als n\u00fctzliche Geschenkidee f\u00fcr alle Gelegenheiten erworben werden. LOCAL La Gift Card Unes \u00e8 utilizzabile presso i punti vendita Unes Supermercati, U2 Supermercato, U! Come Tu Mi Vuoi e il Viaggiator Goloso che aderiscono all\u00b4iniziativa. Potrai scoprire il punto vendita a te pi\u00f9 vicino in cui potrai utilizzare la tua gift card, collegandoti al sito www.unes.it\/punti-vendita\/, e cliccando su &quot;DOVE UTILIZZARE LA TUA GIFT CARD&quot;. La Gift Card Unes \u00e8 attiva dal momento in cui viene acquistata e rimane attiva per i successivi 12 mesi salvo previo esaurimento. Le Gift Card Unes sono cumulabili e possono essere utilizzate per pi\u00f9 acquisti fino al completo esaurimento del valore contenuto, oltre che a parziale pagamento di un acquisto. L&#039;importo residuo ancora disponibile \u00e8 riportato su ogni scontrino relativo alla spesa pagata con la carta. La Gift Card Unes non pu\u00f2 essere ricaricata, non d\u00e0 diritto a resto e non \u00e8 convertibile in denaro. Le Gift Card Unes sono uno strumento di pagamento al portatore; in caso di scadenza, danneggiamento, smarrimento o furto, non possono essere n\u00e9 bloccate n\u00e9 sostituite e nessuna responsabilit\u00e0 pu\u00f2 essere attribuita ad Unes per il loro uso improprio. *LOCAL Las tarjetas regalo Unes son pr\u00e1cticas y c\u00f3modas para ir de compras sin tener que llevar dinero en efectivo, y tambi\u00e9n se pueden comprar como una idea de regalo \u00fatil para todas las ocasiones. ENGLISH*** The Unes Gift Card can be used at the Unes Supermarkets, U2 Supermarket, U! Come Tu Mi Vuoi and Il Viaggiator Goloso that adhere to the initiative. You can find out the point of sale nearest to you where you can use your gift card, by connecting to the website www.unes.it\/punti-vendita\/, and clicking on &quot;WHERE TO USE YOUR GIFT CARD&quot;. The Unes Gift Card is active from the moment it is purchased and remains active for the following 12 months unless it is exhausted. Unes Gift Cards are cumulative and can be used for more than one purchase until the full value is used up, as well as for partial payment of a purchase. The residual amount still available is shown on each receipt related to the purchase paid with the card. The Unes Gift Card cannot be recharged, does not give the right to change and cannot be converted into cash. The Unes Gift Card is a bearer payment instrument; in case of expiry, damage, loss or theft, it cannot be blocked or replaced and no responsibility can be attributed to Unes for its improper use.\" \/>\n<meta property=\"og:url\" content=\"https:\/\/coincards.com\/eu\/product\/unes-it-online-gift-card-electronic-delivery\/\" \/>\n<meta property=\"og:site_name\" content=\"Coincards Europe\" \/>\n<meta property=\"article:modified_time\" content=\"2026-04-15T15:16:30+00:00\" \/>\n<meta property=\"og:image\" content=\"https:\/\/assets.coincards.com\/wp-content\/uploads\/sites\/6\/2024\/06\/04191415\/UNES-IT-card-1.png\" \/>\n\t<meta property=\"og:image:width\" content=\"675\" \/>\n\t<meta property=\"og:image:height\" content=\"425\" \/>\n\t<meta property=\"og:image:type\" content=\"image\/png\" \/>\n<meta name=\"twitter:card\" content=\"summary_large_image\" \/>\n<meta name=\"twitter:label1\" content=\"Price\" \/>\n\t<meta name=\"twitter:data1\" content=\"&euro;10.00\" \/>\n\t<meta name=\"twitter:label2\" content=\"Availability\" \/>\n\t<meta name=\"twitter:data2\" content=\"In stock\" \/>\n<script type=\"application\/ld+json\" class=\"yoast-schema-graph\">{\"@context\":\"https:\\\/\\\/schema.org\",\"@graph\":[{\"@type\":\"WebPage\",\"@id\":\"https:\\\/\\\/coincards.com\\\/eu\\\/product\\\/unes-it-online-gift-card-electronic-delivery\\\/\",\"url\":\"https:\\\/\\\/coincards.com\\\/eu\\\/product\\\/unes-it-online-gift-card-electronic-delivery\\\/\",\"name\":\"Unes IT Online Gift Card (Electronic Delivery) (Italy) - Coincards Europe\",\"isPartOf\":{\"@id\":\"https:\\\/\\\/coincards.com\\\/eu\\\/#website\"},\"primaryImageOfPage\":{\"@id\":\"https:\\\/\\\/coincards.com\\\/eu\\\/product\\\/unes-it-online-gift-card-electronic-delivery\\\/#primaryimage\"},\"image\":{\"@id\":\"https:\\\/\\\/coincards.com\\\/eu\\\/product\\\/unes-it-online-gift-card-electronic-delivery\\\/#primaryimage\"},\"thumbnailUrl\":\"https:\\\/\\\/assets.coincards.com\\\/wp-content\\\/uploads\\\/sites\\\/6\\\/2024\\\/06\\\/04191415\\\/UNES-IT-card-1.png\",\"datePublished\":\"2024-06-02T05:11:17+00:00\",\"dateModified\":\"2026-04-15T15:16:30+00:00\",\"breadcrumb\":{\"@id\":\"https:\\\/\\\/coincards.com\\\/eu\\\/product\\\/unes-it-online-gift-card-electronic-delivery\\\/#breadcrumb\"},\"inLanguage\":\"en-CA\",\"potentialAction\":[{\"@type\":\"ReadAction\",\"target\":[\"https:\\\/\\\/coincards.com\\\/eu\\\/product\\\/unes-it-online-gift-card-electronic-delivery\\\/\"]}]},{\"@type\":\"ImageObject\",\"inLanguage\":\"en-CA\",\"@id\":\"https:\\\/\\\/coincards.com\\\/eu\\\/product\\\/unes-it-online-gift-card-electronic-delivery\\\/#primaryimage\",\"url\":\"https:\\\/\\\/assets.coincards.com\\\/wp-content\\\/uploads\\\/sites\\\/6\\\/2024\\\/06\\\/04191415\\\/UNES-IT-card-1.png\",\"contentUrl\":\"https:\\\/\\\/assets.coincards.com\\\/wp-content\\\/uploads\\\/sites\\\/6\\\/2024\\\/06\\\/04191415\\\/UNES-IT-card-1.png\",\"width\":675,\"height\":425},{\"@type\":\"BreadcrumbList\",\"@id\":\"https:\\\/\\\/coincards.com\\\/eu\\\/product\\\/unes-it-online-gift-card-electronic-delivery\\\/#breadcrumb\",\"itemListElement\":[{\"@type\":\"ListItem\",\"position\":1,\"name\":\"Home\",\"item\":\"https:\\\/\\\/coincards.com\\\/eu\\\/\"},{\"@type\":\"ListItem\",\"position\":2,\"name\":\"All Gift Cards\",\"item\":\"https:\\\/\\\/coincards.com\\\/eu\\\/all-gift-cards\\\/\"},{\"@type\":\"ListItem\",\"position\":3,\"name\":\"Unes IT Online Gift Card (Electronic Delivery) (Italy)\"}]},{\"@type\":\"WebSite\",\"@id\":\"https:\\\/\\\/coincards.com\\\/eu\\\/#website\",\"url\":\"https:\\\/\\\/coincards.com\\\/eu\\\/\",\"name\":\"Coincards Europe\",\"description\":\"Austrlia&#039;s #1 Cryptocurrency to Gift Card Exchange Service\",\"potentialAction\":[{\"@type\":\"SearchAction\",\"target\":{\"@type\":\"EntryPoint\",\"urlTemplate\":\"https:\\\/\\\/coincards.com\\\/eu\\\/?s={search_term_string}\"},\"query-input\":{\"@type\":\"PropertyValueSpecification\",\"valueRequired\":true,\"valueName\":\"search_term_string\"}}],\"inLanguage\":\"en-CA\"}]}<\/script>\n<meta property=\"product:price:amount\" content=\"10.00\" \/>\n<meta property=\"product:price:currency\" content=\"EUR\" \/>\n<meta property=\"og:availability\" content=\"instock\" \/>\n<meta property=\"product:availability\" content=\"instock\" \/>\n<meta property=\"product:condition\" content=\"new\" \/>\n<!-- \/ Yoast SEO Premium plugin. -->","yoast_head_json":{"title":"Unes IT Online Gift Card (Electronic Delivery) (Italy) - Coincards Europe","robots":{"index":"index","follow":"follow","max-snippet":"max-snippet:-1","max-image-preview":"max-image-preview:large","max-video-preview":"max-video-preview:-1"},"canonical":"https:\/\/coincards.com\/eu\/product\/unes-it-online-gift-card-electronic-delivery\/","og_locale":"en_US","og_type":"article","og_title":"Unes IT Online Gift Card (Electronic Delivery) (Italy)","og_description":"*LOCAL Les cartes-cadeaux Unes sont pratiques pour faire des achats sans avoir \u00e0 transporter de l'argent liquide et peuvent \u00e9galement \u00eatre achet\u00e9es comme une id\u00e9e de cadeau utile pour toutes les occasions. LOCAL* Unes-Geschenkkarten sind praktisch und bequem f\u00fcr das Einkaufen ohne Bargeld und k\u00f6nnen auch als n\u00fctzliche Geschenkidee f\u00fcr alle Gelegenheiten erworben werden. LOCAL La Gift Card Unes \u00e8 utilizzabile presso i punti vendita Unes Supermercati, U2 Supermercato, U! Come Tu Mi Vuoi e il Viaggiator Goloso che aderiscono all\u00b4iniziativa. Potrai scoprire il punto vendita a te pi\u00f9 vicino in cui potrai utilizzare la tua gift card, collegandoti al sito www.unes.it\/punti-vendita\/, e cliccando su \"DOVE UTILIZZARE LA TUA GIFT CARD\". La Gift Card Unes \u00e8 attiva dal momento in cui viene acquistata e rimane attiva per i successivi 12 mesi salvo previo esaurimento. Le Gift Card Unes sono cumulabili e possono essere utilizzate per pi\u00f9 acquisti fino al completo esaurimento del valore contenuto, oltre che a parziale pagamento di un acquisto. L'importo residuo ancora disponibile \u00e8 riportato su ogni scontrino relativo alla spesa pagata con la carta. La Gift Card Unes non pu\u00f2 essere ricaricata, non d\u00e0 diritto a resto e non \u00e8 convertibile in denaro. Le Gift Card Unes sono uno strumento di pagamento al portatore; in caso di scadenza, danneggiamento, smarrimento o furto, non possono essere n\u00e9 bloccate n\u00e9 sostituite e nessuna responsabilit\u00e0 pu\u00f2 essere attribuita ad Unes per il loro uso improprio. *LOCAL Las tarjetas regalo Unes son pr\u00e1cticas y c\u00f3modas para ir de compras sin tener que llevar dinero en efectivo, y tambi\u00e9n se pueden comprar como una idea de regalo \u00fatil para todas las ocasiones. ENGLISH*** The Unes Gift Card can be used at the Unes Supermarkets, U2 Supermarket, U! Come Tu Mi Vuoi and Il Viaggiator Goloso that adhere to the initiative. You can find out the point of sale nearest to you where you can use your gift card, by connecting to the website www.unes.it\/punti-vendita\/, and clicking on \"WHERE TO USE YOUR GIFT CARD\". The Unes Gift Card is active from the moment it is purchased and remains active for the following 12 months unless it is exhausted. Unes Gift Cards are cumulative and can be used for more than one purchase until the full value is used up, as well as for partial payment of a purchase. The residual amount still available is shown on each receipt related to the purchase paid with the card. The Unes Gift Card cannot be recharged, does not give the right to change and cannot be converted into cash. The Unes Gift Card is a bearer payment instrument; in case of expiry, damage, loss or theft, it cannot be blocked or replaced and no responsibility can be attributed to Unes for its improper use.","og_url":"https:\/\/coincards.com\/eu\/product\/unes-it-online-gift-card-electronic-delivery\/","og_site_name":"Coincards Europe","article_modified_time":"2026-04-15T15:16:30+00:00","og_image":[{"width":675,"height":425,"url":"https:\/\/assets.coincards.com\/wp-content\/uploads\/sites\/6\/2024\/06\/04191415\/UNES-IT-card-1.png","type":"image\/png"}],"twitter_card":"summary_large_image","twitter_misc":{"Price":"&euro;10.00","Availability":"In stock"},"schema":{"@context":"https:\/\/schema.org","@graph":[{"@type":"WebPage","@id":"https:\/\/coincards.com\/eu\/product\/unes-it-online-gift-card-electronic-delivery\/","url":"https:\/\/coincards.com\/eu\/product\/unes-it-online-gift-card-electronic-delivery\/","name":"Unes IT Online Gift Card (Electronic Delivery) (Italy) - Coincards Europe","isPartOf":{"@id":"https:\/\/coincards.com\/eu\/#website"},"primaryImageOfPage":{"@id":"https:\/\/coincards.com\/eu\/product\/unes-it-online-gift-card-electronic-delivery\/#primaryimage"},"image":{"@id":"https:\/\/coincards.com\/eu\/product\/unes-it-online-gift-card-electronic-delivery\/#primaryimage"},"thumbnailUrl":"https:\/\/assets.coincards.com\/wp-content\/uploads\/sites\/6\/2024\/06\/04191415\/UNES-IT-card-1.png","datePublished":"2024-06-02T05:11:17+00:00","dateModified":"2026-04-15T15:16:30+00:00","breadcrumb":{"@id":"https:\/\/coincards.com\/eu\/product\/unes-it-online-gift-card-electronic-delivery\/#breadcrumb"},"inLanguage":"en-CA","potentialAction":[{"@type":"ReadAction","target":["https:\/\/coincards.com\/eu\/product\/unes-it-online-gift-card-electronic-delivery\/"]}]},{"@type":"ImageObject","inLanguage":"en-CA","@id":"https:\/\/coincards.com\/eu\/product\/unes-it-online-gift-card-electronic-delivery\/#primaryimage","url":"https:\/\/assets.coincards.com\/wp-content\/uploads\/sites\/6\/2024\/06\/04191415\/UNES-IT-card-1.png","contentUrl":"https:\/\/assets.coincards.com\/wp-content\/uploads\/sites\/6\/2024\/06\/04191415\/UNES-IT-card-1.png","width":675,"height":425},{"@type":"BreadcrumbList","@id":"https:\/\/coincards.com\/eu\/product\/unes-it-online-gift-card-electronic-delivery\/#breadcrumb","itemListElement":[{"@type":"ListItem","position":1,"name":"Home","item":"https:\/\/coincards.com\/eu\/"},{"@type":"ListItem","position":2,"name":"All Gift Cards","item":"https:\/\/coincards.com\/eu\/all-gift-cards\/"},{"@type":"ListItem","position":3,"name":"Unes IT Online Gift Card (Electronic Delivery) (Italy)"}]},{"@type":"WebSite","@id":"https:\/\/coincards.com\/eu\/#website","url":"https:\/\/coincards.com\/eu\/","name":"Coincards Europe","description":"Austrlia&#039;s #1 Cryptocurrency to Gift Card Exchange Service","potentialAction":[{"@type":"SearchAction","target":{"@type":"EntryPoint","urlTemplate":"https:\/\/coincards.com\/eu\/?s={search_term_string}"},"query-input":{"@type":"PropertyValueSpecification","valueRequired":true,"valueName":"search_term_string"}}],"inLanguage":"en-CA"}]},"product_price_amount":"10.00","product_price_currency":"EUR","og_availability":"instock","product_availability":"instock","product_condition":"new"},"_links":{"self":[{"href":"https:\/\/coincards.com\/eu\/wp-json\/wp\/v2\/product\/5106","targetHints":{"allow":["GET"]}}],"collection":[{"href":"https:\/\/coincards.com\/eu\/wp-json\/wp\/v2\/product"}],"about":[{"href":"https:\/\/coincards.com\/eu\/wp-json\/wp\/v2\/types\/product"}],"replies":[{"embeddable":true,"href":"https:\/\/coincards.com\/eu\/wp-json\/wp\/v2\/comments?post=5106"}],"wp:featuredmedia":[{"embeddable":true,"href":"https:\/\/coincards.com\/eu\/wp-json\/wp\/v2\/media\/5912"}],"wp:attachment":[{"href":"https:\/\/coincards.com\/eu\/wp-json\/wp\/v2\/media?parent=5106"}],"wp:term":[{"taxonomy":"product_cat","embeddable":true,"href":"https:\/\/coincards.com\/eu\/wp-json\/wp\/v2\/product_cat?post=5106"},{"taxonomy":"product_tag","embeddable":true,"href":"https:\/\/coincards.com\/eu\/wp-json\/wp\/v2\/product_tag?post=5106"}],"curies":[{"name":"wp","href":"https:\/\/api.w.org\/{rel}","templated":true}]}}