{"id":5076,"date":"2024-06-01T11:54:18","date_gmt":"2024-06-01T19:54:18","guid":{"rendered":"https:\/\/coincards.com\/eu\/?post_type=product&#038;p=5076"},"modified":"2024-06-05T15:24:38","modified_gmt":"2024-06-05T23:24:38","slug":"tripgift-online-gift-card-electronic-delivery-12","status":"publish","type":"product","link":"https:\/\/coincards.com\/eu\/product\/tripgift-online-gift-card-electronic-delivery-12\/","title":{"rendered":"TripGift\u00ae Online Gift Card (Electronic Delivery) (Portugal)"},"content":{"rendered":"<p>Este c\u00f3digo eGift da categoria 2 da TripGift \u00e9 v\u00e1lido apenas para usu\u00e1rios entre empresas ou empresas a funcion\u00e1rios e tem uma data de expira\u00e7\u00e3o de 12 meses a partir da data de entrega. Sujeito a qualquer lei local e estadual aplic\u00e1vel e quaisquer saldos de restitui\u00e7\u00e3o residuais exigidos em certos pa\u00edses e estados. Voc\u00ea pode usar at\u00e9 2 c\u00f3digos eGift por transa\u00e7\u00e3o. O registro \u00e9 necess\u00e1rio antes do uso. Para obter os termos e condi\u00e7\u00f5es completos, visite: https:\/\/www.tripgift.com\/info\/terms-and-conditions.aspx<\/p>\n<p>Os cupons de desconto para hot\u00e9is TripGift\u00ae s\u00f3 podem ser resgatados on-line em: http:\/\/www.tripgift.com<\/p>\n<p>1) Registre uma conta: http:\/\/www.tripgift.com depois clique em Reservar viagem | Experi\u00eancias<\/p>\n<p>2) Voc\u00ea pode pesquisar e reservar o seu: Voo + Hotel por Cidade, Coisas para fazer e Aluguel de Carros por Pa\u00eds e depois Cidade, Cruzeiro e Transfers por Destino<\/p>\n<p>3) Depois de ter selecionado as op\u00e7\u00f5es que melhor atendam \u00e0s suas necessidades, digite os detalhes de todas as pessoas envolvidas na reserva<\/p>\n<p>4) V\u00e1 para a p\u00e1gina de check-out e copie e cole o c\u00f3digo do seu cart\u00e3o eGift no cart\u00e3o Redeem eGift caixa de c\u00f3digo e clique em enviar ou Para um voucher de desconto em hotel copie e cole seu c\u00f3digo de Voucher de Hotel na caixa de Voucher de Desconto clique em enviar, o valor do voucher ser\u00e1 deduzido da cesta, prossiga para concordar com os T &amp; Cs e clique em Solicitar agora para concluir sua reserva e transa\u00e7\u00e3o, voc\u00ea receber\u00e1 em breve uma confirma\u00e7\u00e3o via e-mail e o comprovante de reserva para apresentar na chegada.<\/p>\n<p>5) Um m\u00e1ximo de 2 c\u00f3digos de cart\u00e3o eGift ou 1 voucher de desconto de hotel s\u00e3o permitidos por transa\u00e7\u00e3o, se o valor da sua cesta exceder o valor dos cart\u00f5es eGift ou voucher de desconto do hotel, voc\u00ea pode pagar a diferen\u00e7a usando Visa, MasterCard ou American Express.<\/p>\n<p>6) Cada cart\u00e3o eGift ou voucher de desconto do hotel tem uma data de expira\u00e7\u00e3o e deve ser usado antes da data de expira\u00e7\u00e3o de 36 meses na Alemanha e 12 meses para o restante da UE, sujeito a qualquer lei estadual local e do pa\u00eds.<\/p>\n<p>7) Todo o conte\u00fado do site, atendimento ao cliente, bilhetes e comprovantes estar\u00e3o no idioma ingl\u00eas.<\/p>\n","protected":false},"excerpt":{"rendered":"<p>O TripGift\u00ae oferece o melhor cart\u00e3o-presente e vouchers de hotel do mundo para reservar os Dias de viagem e experi\u00eancias em todo o mundo on-line.<\/p>\n<p>Com uma escolha \u00fanica de 450 companhias a\u00e9reas | 750,000 Hot\u00e9is, Villas &amp; Apartamentos | 20,000 excurs\u00f5es | 16 linhas de cruzeiro | 500 provedores de aluguel de carros | + Conte\u00fado de m\u00eddia digital, todos com um cart\u00e3o eGift ou usando seu cart\u00e3o de cr\u00e9dito para fazer a reserva instantaneamente via on-line e celular.<\/p>\n<p>Voc\u00ea pode reservar a viagem perfeita para voos em todo o mundo + estadias em hot\u00e9is, parques tem\u00e1ticos e atividades locais ou internacionais ou por que n\u00e3o reservar uma viagem de cruzeiro. \u00d3timo para voc\u00ea, um ente querido ou um membro da fam\u00edlia.<\/p>\n<p>Escolha o TripGift\u00ae hoje!<\/p>\n<p>Escolha o TripGift\u00ae hoje!<\/p>\n","protected":false},"featured_media":5906,"comment_status":"closed","ping_status":"closed","template":"","meta":{"_exactmetrics_skip_tracking":false,"_exactmetrics_sitenote_active":false,"_exactmetrics_sitenote_note":"","_exactmetrics_sitenote_category":0},"product_cat":[20],"product_tag":[],"class_list":{"0":"post-5076","1":"product","2":"type-product","3":"status-publish","4":"has-post-thumbnail","6":"product_brand-tripgift","7":"product_cat-electronic-gift-cards","8":"pa_country-availability-portugal","10":"first","11":"instock","12":"virtual","13":"purchasable","14":"product-type-simple","15":"nyp-product"},"yoast_head":"<!-- This site is optimized with the Yoast SEO Premium plugin v20.11 (Yoast SEO v27.3) - https:\/\/yoast.com\/product\/yoast-seo-premium-wordpress\/ -->\n<title>TripGift\u00ae Online Gift Card (Electronic Delivery) (Portugal) - Coincards Europe<\/title>\n<meta name=\"robots\" content=\"index, follow, max-snippet:-1, max-image-preview:large, max-video-preview:-1\" \/>\n<link rel=\"canonical\" href=\"https:\/\/coincards.com\/eu\/product\/tripgift-online-gift-card-electronic-delivery-12\/\" \/>\n<meta property=\"og:locale\" content=\"en_US\" \/>\n<meta property=\"og:type\" content=\"article\" \/>\n<meta property=\"og:title\" content=\"TripGift\u00ae Online Gift Card (Electronic Delivery) (Portugal)\" \/>\n<meta property=\"og:description\" content=\"O TripGift\u00ae oferece o melhor cart\u00e3o-presente e vouchers de hotel do mundo para reservar os Dias de viagem e experi\u00eancias em todo o mundo on-line.  Com uma escolha \u00fanica de 450 companhias a\u00e9reas | 750,000 Hot\u00e9is, Villas &amp; Apartamentos | 20,000 excurs\u00f5es | 16 linhas de cruzeiro | 500 provedores de aluguel de carros | + Conte\u00fado de m\u00eddia digital, todos com um cart\u00e3o eGift ou usando seu cart\u00e3o de cr\u00e9dito para fazer a reserva instantaneamente via on-line e celular.  Voc\u00ea pode reservar a viagem perfeita para voos em todo o mundo + estadias em hot\u00e9is, parques tem\u00e1ticos e atividades locais ou internacionais ou por que n\u00e3o reservar uma viagem de cruzeiro. \u00d3timo para voc\u00ea, um ente querido ou um membro da fam\u00edlia.  Escolha o TripGift\u00ae hoje!  Escolha o TripGift\u00ae hoje!\" \/>\n<meta property=\"og:url\" content=\"https:\/\/coincards.com\/eu\/product\/tripgift-online-gift-card-electronic-delivery-12\/\" \/>\n<meta property=\"og:site_name\" content=\"Coincards Europe\" \/>\n<meta property=\"article:modified_time\" content=\"2024-06-05T23:24:38+00:00\" \/>\n<meta property=\"og:image\" content=\"https:\/\/assets.coincards.com\/wp-content\/uploads\/sites\/6\/2024\/06\/04191347\/TRGIF-ES-card-2.png\" \/>\n\t<meta property=\"og:image:width\" content=\"675\" \/>\n\t<meta property=\"og:image:height\" content=\"425\" \/>\n\t<meta property=\"og:image:type\" content=\"image\/png\" \/>\n<meta name=\"twitter:card\" content=\"summary_large_image\" \/>\n<meta name=\"twitter:label1\" content=\"Price\" \/>\n\t<meta name=\"twitter:data1\" content=\"&euro;20.00\" \/>\n\t<meta name=\"twitter:label2\" content=\"Availability\" \/>\n\t<meta name=\"twitter:data2\" content=\"In stock\" \/>\n<script type=\"application\/ld+json\" class=\"yoast-schema-graph\">{\"@context\":\"https:\\\/\\\/schema.org\",\"@graph\":[{\"@type\":\"WebPage\",\"@id\":\"https:\\\/\\\/coincards.com\\\/eu\\\/product\\\/tripgift-online-gift-card-electronic-delivery-12\\\/\",\"url\":\"https:\\\/\\\/coincards.com\\\/eu\\\/product\\\/tripgift-online-gift-card-electronic-delivery-12\\\/\",\"name\":\"TripGift\u00ae Online Gift Card (Electronic Delivery) (Portugal) - Coincards Europe\",\"isPartOf\":{\"@id\":\"https:\\\/\\\/coincards.com\\\/eu\\\/#website\"},\"primaryImageOfPage\":{\"@id\":\"https:\\\/\\\/coincards.com\\\/eu\\\/product\\\/tripgift-online-gift-card-electronic-delivery-12\\\/#primaryimage\"},\"image\":{\"@id\":\"https:\\\/\\\/coincards.com\\\/eu\\\/product\\\/tripgift-online-gift-card-electronic-delivery-12\\\/#primaryimage\"},\"thumbnailUrl\":\"https:\\\/\\\/assets.coincards.com\\\/wp-content\\\/uploads\\\/sites\\\/6\\\/2024\\\/06\\\/04191347\\\/TRGIF-ES-card-2.png\",\"datePublished\":\"2024-06-01T19:54:18+00:00\",\"dateModified\":\"2024-06-05T23:24:38+00:00\",\"breadcrumb\":{\"@id\":\"https:\\\/\\\/coincards.com\\\/eu\\\/product\\\/tripgift-online-gift-card-electronic-delivery-12\\\/#breadcrumb\"},\"inLanguage\":\"en-CA\",\"potentialAction\":[{\"@type\":\"ReadAction\",\"target\":[\"https:\\\/\\\/coincards.com\\\/eu\\\/product\\\/tripgift-online-gift-card-electronic-delivery-12\\\/\"]}]},{\"@type\":\"ImageObject\",\"inLanguage\":\"en-CA\",\"@id\":\"https:\\\/\\\/coincards.com\\\/eu\\\/product\\\/tripgift-online-gift-card-electronic-delivery-12\\\/#primaryimage\",\"url\":\"https:\\\/\\\/assets.coincards.com\\\/wp-content\\\/uploads\\\/sites\\\/6\\\/2024\\\/06\\\/04191347\\\/TRGIF-ES-card-2.png\",\"contentUrl\":\"https:\\\/\\\/assets.coincards.com\\\/wp-content\\\/uploads\\\/sites\\\/6\\\/2024\\\/06\\\/04191347\\\/TRGIF-ES-card-2.png\",\"width\":675,\"height\":425},{\"@type\":\"BreadcrumbList\",\"@id\":\"https:\\\/\\\/coincards.com\\\/eu\\\/product\\\/tripgift-online-gift-card-electronic-delivery-12\\\/#breadcrumb\",\"itemListElement\":[{\"@type\":\"ListItem\",\"position\":1,\"name\":\"Home\",\"item\":\"https:\\\/\\\/coincards.com\\\/eu\\\/\"},{\"@type\":\"ListItem\",\"position\":2,\"name\":\"All Gift Cards\",\"item\":\"https:\\\/\\\/coincards.com\\\/eu\\\/all-gift-cards\\\/\"},{\"@type\":\"ListItem\",\"position\":3,\"name\":\"TripGift\u00ae Online Gift Card (Electronic Delivery) (Portugal)\"}]},{\"@type\":\"WebSite\",\"@id\":\"https:\\\/\\\/coincards.com\\\/eu\\\/#website\",\"url\":\"https:\\\/\\\/coincards.com\\\/eu\\\/\",\"name\":\"Coincards Europe\",\"description\":\"Austrlia&#039;s #1 Cryptocurrency to Gift Card Exchange Service\",\"potentialAction\":[{\"@type\":\"SearchAction\",\"target\":{\"@type\":\"EntryPoint\",\"urlTemplate\":\"https:\\\/\\\/coincards.com\\\/eu\\\/?s={search_term_string}\"},\"query-input\":{\"@type\":\"PropertyValueSpecification\",\"valueRequired\":true,\"valueName\":\"search_term_string\"}}],\"inLanguage\":\"en-CA\"}]}<\/script>\n<meta property=\"product:price:amount\" content=\"20.00\" \/>\n<meta property=\"product:price:currency\" content=\"EUR\" \/>\n<meta property=\"og:availability\" content=\"instock\" \/>\n<meta property=\"product:availability\" content=\"instock\" \/>\n<meta property=\"product:condition\" content=\"new\" \/>\n<!-- \/ Yoast SEO Premium plugin. -->","yoast_head_json":{"title":"TripGift\u00ae Online Gift Card (Electronic Delivery) (Portugal) - Coincards Europe","robots":{"index":"index","follow":"follow","max-snippet":"max-snippet:-1","max-image-preview":"max-image-preview:large","max-video-preview":"max-video-preview:-1"},"canonical":"https:\/\/coincards.com\/eu\/product\/tripgift-online-gift-card-electronic-delivery-12\/","og_locale":"en_US","og_type":"article","og_title":"TripGift\u00ae Online Gift Card (Electronic Delivery) (Portugal)","og_description":"O TripGift\u00ae oferece o melhor cart\u00e3o-presente e vouchers de hotel do mundo para reservar os Dias de viagem e experi\u00eancias em todo o mundo on-line.  Com uma escolha \u00fanica de 450 companhias a\u00e9reas | 750,000 Hot\u00e9is, Villas &amp; Apartamentos | 20,000 excurs\u00f5es | 16 linhas de cruzeiro | 500 provedores de aluguel de carros | + Conte\u00fado de m\u00eddia digital, todos com um cart\u00e3o eGift ou usando seu cart\u00e3o de cr\u00e9dito para fazer a reserva instantaneamente via on-line e celular.  Voc\u00ea pode reservar a viagem perfeita para voos em todo o mundo + estadias em hot\u00e9is, parques tem\u00e1ticos e atividades locais ou internacionais ou por que n\u00e3o reservar uma viagem de cruzeiro. \u00d3timo para voc\u00ea, um ente querido ou um membro da fam\u00edlia.  Escolha o TripGift\u00ae hoje!  Escolha o TripGift\u00ae hoje!","og_url":"https:\/\/coincards.com\/eu\/product\/tripgift-online-gift-card-electronic-delivery-12\/","og_site_name":"Coincards Europe","article_modified_time":"2024-06-05T23:24:38+00:00","og_image":[{"width":675,"height":425,"url":"https:\/\/assets.coincards.com\/wp-content\/uploads\/sites\/6\/2024\/06\/04191347\/TRGIF-ES-card-2.png","type":"image\/png"}],"twitter_card":"summary_large_image","twitter_misc":{"Price":"&euro;20.00","Availability":"In stock"},"schema":{"@context":"https:\/\/schema.org","@graph":[{"@type":"WebPage","@id":"https:\/\/coincards.com\/eu\/product\/tripgift-online-gift-card-electronic-delivery-12\/","url":"https:\/\/coincards.com\/eu\/product\/tripgift-online-gift-card-electronic-delivery-12\/","name":"TripGift\u00ae Online Gift Card (Electronic Delivery) (Portugal) - Coincards Europe","isPartOf":{"@id":"https:\/\/coincards.com\/eu\/#website"},"primaryImageOfPage":{"@id":"https:\/\/coincards.com\/eu\/product\/tripgift-online-gift-card-electronic-delivery-12\/#primaryimage"},"image":{"@id":"https:\/\/coincards.com\/eu\/product\/tripgift-online-gift-card-electronic-delivery-12\/#primaryimage"},"thumbnailUrl":"https:\/\/assets.coincards.com\/wp-content\/uploads\/sites\/6\/2024\/06\/04191347\/TRGIF-ES-card-2.png","datePublished":"2024-06-01T19:54:18+00:00","dateModified":"2024-06-05T23:24:38+00:00","breadcrumb":{"@id":"https:\/\/coincards.com\/eu\/product\/tripgift-online-gift-card-electronic-delivery-12\/#breadcrumb"},"inLanguage":"en-CA","potentialAction":[{"@type":"ReadAction","target":["https:\/\/coincards.com\/eu\/product\/tripgift-online-gift-card-electronic-delivery-12\/"]}]},{"@type":"ImageObject","inLanguage":"en-CA","@id":"https:\/\/coincards.com\/eu\/product\/tripgift-online-gift-card-electronic-delivery-12\/#primaryimage","url":"https:\/\/assets.coincards.com\/wp-content\/uploads\/sites\/6\/2024\/06\/04191347\/TRGIF-ES-card-2.png","contentUrl":"https:\/\/assets.coincards.com\/wp-content\/uploads\/sites\/6\/2024\/06\/04191347\/TRGIF-ES-card-2.png","width":675,"height":425},{"@type":"BreadcrumbList","@id":"https:\/\/coincards.com\/eu\/product\/tripgift-online-gift-card-electronic-delivery-12\/#breadcrumb","itemListElement":[{"@type":"ListItem","position":1,"name":"Home","item":"https:\/\/coincards.com\/eu\/"},{"@type":"ListItem","position":2,"name":"All Gift Cards","item":"https:\/\/coincards.com\/eu\/all-gift-cards\/"},{"@type":"ListItem","position":3,"name":"TripGift\u00ae Online Gift Card (Electronic Delivery) (Portugal)"}]},{"@type":"WebSite","@id":"https:\/\/coincards.com\/eu\/#website","url":"https:\/\/coincards.com\/eu\/","name":"Coincards Europe","description":"Austrlia&#039;s #1 Cryptocurrency to Gift Card Exchange Service","potentialAction":[{"@type":"SearchAction","target":{"@type":"EntryPoint","urlTemplate":"https:\/\/coincards.com\/eu\/?s={search_term_string}"},"query-input":{"@type":"PropertyValueSpecification","valueRequired":true,"valueName":"search_term_string"}}],"inLanguage":"en-CA"}]},"product_price_amount":"20.00","product_price_currency":"EUR","og_availability":"instock","product_availability":"instock","product_condition":"new"},"_links":{"self":[{"href":"https:\/\/coincards.com\/eu\/wp-json\/wp\/v2\/product\/5076","targetHints":{"allow":["GET"]}}],"collection":[{"href":"https:\/\/coincards.com\/eu\/wp-json\/wp\/v2\/product"}],"about":[{"href":"https:\/\/coincards.com\/eu\/wp-json\/wp\/v2\/types\/product"}],"replies":[{"embeddable":true,"href":"https:\/\/coincards.com\/eu\/wp-json\/wp\/v2\/comments?post=5076"}],"wp:featuredmedia":[{"embeddable":true,"href":"https:\/\/coincards.com\/eu\/wp-json\/wp\/v2\/media\/5906"}],"wp:attachment":[{"href":"https:\/\/coincards.com\/eu\/wp-json\/wp\/v2\/media?parent=5076"}],"wp:term":[{"taxonomy":"product_cat","embeddable":true,"href":"https:\/\/coincards.com\/eu\/wp-json\/wp\/v2\/product_cat?post=5076"},{"taxonomy":"product_tag","embeddable":true,"href":"https:\/\/coincards.com\/eu\/wp-json\/wp\/v2\/product_tag?post=5076"}],"curies":[{"name":"wp","href":"https:\/\/api.w.org\/{rel}","templated":true}]}}