{"id":5075,"date":"2024-06-01T11:51:51","date_gmt":"2024-06-01T19:51:51","guid":{"rendered":"https:\/\/coincards.com\/eu\/?post_type=product&#038;p=5075"},"modified":"2024-06-05T15:24:39","modified_gmt":"2024-06-05T23:24:39","slug":"tripgift-online-gift-card-electronic-delivery-11","status":"publish","type":"product","link":"https:\/\/coincards.com\/eu\/product\/tripgift-online-gift-card-electronic-delivery-11\/","title":{"rendered":"TripGift\u00ae Online Gift Card (Electronic Delivery) (France)"},"content":{"rendered":"<p>Este c\u00f3digo eGift de TripGift categor\u00eda 2 es v\u00e1lido solo para usuarios Business to Business o Business to Employee y tiene una fecha de vencimiento de 12 meses a partir de la fecha de entrega. Sujeto a cualquier ley local aplicable del Pa\u00eds y del Estado y cualquier saldo de reembolso residual requerido en ciertos pa\u00edses y estados. Puede utilizar hasta 2 c\u00f3digos eGift por transacci\u00f3n. Es necesario registrarse antes de su uso. Para conocer todos los t\u00e9rminos y condiciones, visite: https:\/\/www.tripgift.com\/info\/terms-and-conditions.aspx<\/p>\n<p>Los vales de descuento para hoteles TripGift\u00ae solo se pueden canjear en l\u00ednea en: http:\/\/www.tripgift.com<\/p>\n<p>1) Registrar una cuenta: http:\/\/www.tripgift.com luego haga clic en Reservar Viaje | Experiencias<\/p>\n<p>2) Usted puede buscar y reservar su: Vuelo + Hotel por Ciudad, Cosas que hacer y alquiler de coches por pa\u00eds y luego por ciudad, Cruceros y traslados por destino.<\/p>\n<p>3) Una vez que haya seleccionado las opciones que mejor se adapten a sus requisitos, ingrese los detalles de todas las personas involucradas en la reserva<\/p>\n<p>4) Vaya a la p\u00e1gina de salida y copie y pegue el c\u00f3digo de su tarjeta de regalo electr\u00f3nica en la tarjeta Canjear eGift en el cuadro de c\u00f3digo y haga clic en enviar o Para obtener un cup\u00f3n de descuento de hotel, copie y pegue el c\u00f3digo de su cup\u00f3n de hotel en el cuadro de cup\u00f3n de descuento, haga clic en Enviar, el valor del cup\u00f3n se deducir\u00e1 de la cesta, proceda a aceptar los t\u00e9rminos y condiciones y haga clic en Ordenar ahora para completar su reserva En cuanto a la transacci\u00f3n, pronto recibir\u00e1 una confirmaci\u00f3n por correo electr\u00f3nico y el cup\u00f3n de reserva para presentar a la llegada.<\/p>\n<p>5) Se permite un m\u00e1ximo de 2 c\u00f3digos de tarjeta de regalo electr\u00f3nico o 1 cup\u00f3n de descuento de hotel por transacci\u00f3n, si el valor de su canasta excede el valor de las tarjetas de regalo electr\u00f3nico o el cup\u00f3n de descuento de hotel, puede pagar la diferencia utilizando Visa, MasterCard o American Express.<\/p>\n<p>6) Cada tarjeta de regalo electr\u00f3nica o el cup\u00f3n de descuento de hotel tiene una fecha de vencimiento y debe usarse antes de la fecha de vencimiento de 36 meses dentro de Alemania y 12 meses para el resto de la UE, sujeto a las leyes estatales y locales aplicables.<\/p>\n<p>7) Todo el contenido del sitio web, el servicio al cliente, los boletos y los cupones estar\u00e1n en idioma ingl\u00e9s.<\/p>\n","protected":false},"excerpt":{"rendered":"<p>TripGift\u00ae ofrece la mejor tarjeta de regalo y vales de hotel del mundo para reservar en l\u00ednea los D\u00edas de viajes y experiencias en todo el mundo.<\/p>\n<p>Con una elecci\u00f3n \u00fanica de 450 aerol\u00edneas | 750,000 Hoteles, Villas y Apartamentos | 20,000 Tours | 16 l\u00edneas de cruceros | 500 proveedores de alquiler de coches | + Contenido de medios digitales, todo con una tarjeta de regalo electr\u00f3nica o utilizando su tarjeta de cr\u00e9dito para reservar al instante a trav\u00e9s de Internet y m\u00f3vil.<\/p>\n<p>Puede reservar el viaje perfecto para vuelos y escapadas a hoteles en todo el mundo, parques tem\u00e1ticos y actividades locales o internacionales, o por qu\u00e9 no reservar un viaje en crucero. Ideal para usted, un ser querido o un miembro de la familia.<\/p>\n<p>\u00a1Elija TripGift\u00ae hoy!<\/p>\n<p>\u00a1Elija TripGift\u00ae hoy!<\/p>\n","protected":false},"featured_media":5906,"comment_status":"closed","ping_status":"closed","template":"","meta":{"_exactmetrics_skip_tracking":false,"_exactmetrics_sitenote_active":false,"_exactmetrics_sitenote_note":"","_exactmetrics_sitenote_category":0},"product_cat":[20],"product_tag":[],"class_list":{"0":"post-5075","1":"product","2":"type-product","3":"status-publish","4":"has-post-thumbnail","6":"product_brand-tripgift","7":"product_cat-electronic-gift-cards","8":"pa_country-availability-france","10":"first","11":"instock","12":"virtual","13":"purchasable","14":"product-type-simple","15":"nyp-product"},"yoast_head":"<!-- This site is optimized with the Yoast SEO Premium plugin v20.11 (Yoast SEO v25.8) - https:\/\/yoast.com\/wordpress\/plugins\/seo\/ -->\n<title>TripGift\u00ae Online Gift Card (Electronic Delivery) (France) - Coincards Europe<\/title>\n<meta name=\"robots\" content=\"index, follow, max-snippet:-1, max-image-preview:large, max-video-preview:-1\" \/>\n<link rel=\"canonical\" href=\"https:\/\/coincards.com\/eu\/product\/tripgift-online-gift-card-electronic-delivery-11\/\" \/>\n<meta property=\"og:locale\" content=\"en_US\" \/>\n<meta property=\"og:type\" content=\"article\" \/>\n<meta property=\"og:title\" content=\"TripGift\u00ae Online Gift Card (Electronic Delivery) (France)\" \/>\n<meta property=\"og:description\" content=\"TripGift\u00ae ofrece la mejor tarjeta de regalo y vales de hotel del mundo para reservar en l\u00ednea los D\u00edas de viajes y experiencias en todo el mundo.  Con una elecci\u00f3n \u00fanica de 450 aerol\u00edneas | 750,000 Hoteles, Villas y Apartamentos | 20,000 Tours | 16 l\u00edneas de cruceros | 500 proveedores de alquiler de coches | + Contenido de medios digitales, todo con una tarjeta de regalo electr\u00f3nica o utilizando su tarjeta de cr\u00e9dito para reservar al instante a trav\u00e9s de Internet y m\u00f3vil.  Puede reservar el viaje perfecto para vuelos y escapadas a hoteles en todo el mundo, parques tem\u00e1ticos y actividades locales o internacionales, o por qu\u00e9 no reservar un viaje en crucero. Ideal para usted, un ser querido o un miembro de la familia.  \u00a1Elija TripGift\u00ae hoy!  \u00a1Elija TripGift\u00ae hoy!\" \/>\n<meta property=\"og:url\" content=\"https:\/\/coincards.com\/eu\/product\/tripgift-online-gift-card-electronic-delivery-11\/\" \/>\n<meta property=\"og:site_name\" content=\"Coincards Europe\" \/>\n<meta property=\"article:modified_time\" content=\"2024-06-05T23:24:39+00:00\" \/>\n<meta property=\"og:image\" content=\"https:\/\/assets.coincards.com\/wp-content\/uploads\/sites\/6\/2024\/06\/04191347\/TRGIF-ES-card-2.png\" \/>\n\t<meta property=\"og:image:width\" content=\"675\" \/>\n\t<meta property=\"og:image:height\" content=\"425\" \/>\n\t<meta property=\"og:image:type\" content=\"image\/png\" \/>\n<meta name=\"twitter:card\" content=\"summary_large_image\" \/>\n<meta name=\"twitter:label1\" content=\"Price\" \/>\n\t<meta name=\"twitter:data1\" content=\"&euro;20.00\" \/>\n\t<meta name=\"twitter:label2\" content=\"Availability\" \/>\n\t<meta name=\"twitter:data2\" content=\"In stock\" \/>\n<script type=\"application\/ld+json\" class=\"yoast-schema-graph\">{\"@context\":\"https:\/\/schema.org\",\"@graph\":[{\"@type\":\"WebPage\",\"@id\":\"https:\/\/coincards.com\/eu\/product\/tripgift-online-gift-card-electronic-delivery-11\/\",\"url\":\"https:\/\/coincards.com\/eu\/product\/tripgift-online-gift-card-electronic-delivery-11\/\",\"name\":\"TripGift\u00ae Online Gift Card (Electronic Delivery) (France) - Coincards Europe\",\"isPartOf\":{\"@id\":\"https:\/\/coincards.com\/eu\/#website\"},\"primaryImageOfPage\":{\"@id\":\"https:\/\/coincards.com\/eu\/product\/tripgift-online-gift-card-electronic-delivery-11\/#primaryimage\"},\"image\":{\"@id\":\"https:\/\/coincards.com\/eu\/product\/tripgift-online-gift-card-electronic-delivery-11\/#primaryimage\"},\"thumbnailUrl\":\"https:\/\/assets.coincards.com\/wp-content\/uploads\/sites\/6\/2024\/06\/04191347\/TRGIF-ES-card-2.png\",\"datePublished\":\"2024-06-01T19:51:51+00:00\",\"dateModified\":\"2024-06-05T23:24:39+00:00\",\"breadcrumb\":{\"@id\":\"https:\/\/coincards.com\/eu\/product\/tripgift-online-gift-card-electronic-delivery-11\/#breadcrumb\"},\"inLanguage\":\"en-CA\",\"potentialAction\":[{\"@type\":\"ReadAction\",\"target\":[\"https:\/\/coincards.com\/eu\/product\/tripgift-online-gift-card-electronic-delivery-11\/\"]}]},{\"@type\":\"ImageObject\",\"inLanguage\":\"en-CA\",\"@id\":\"https:\/\/coincards.com\/eu\/product\/tripgift-online-gift-card-electronic-delivery-11\/#primaryimage\",\"url\":\"https:\/\/assets.coincards.com\/wp-content\/uploads\/sites\/6\/2024\/06\/04191347\/TRGIF-ES-card-2.png\",\"contentUrl\":\"https:\/\/assets.coincards.com\/wp-content\/uploads\/sites\/6\/2024\/06\/04191347\/TRGIF-ES-card-2.png\",\"width\":675,\"height\":425},{\"@type\":\"BreadcrumbList\",\"@id\":\"https:\/\/coincards.com\/eu\/product\/tripgift-online-gift-card-electronic-delivery-11\/#breadcrumb\",\"itemListElement\":[{\"@type\":\"ListItem\",\"position\":1,\"name\":\"Home\",\"item\":\"https:\/\/coincards.com\/eu\/\"},{\"@type\":\"ListItem\",\"position\":2,\"name\":\"All Gift Cards\",\"item\":\"https:\/\/coincards.com\/eu\/all-gift-cards\/\"},{\"@type\":\"ListItem\",\"position\":3,\"name\":\"TripGift\u00ae Online Gift Card (Electronic Delivery) (France)\"}]},{\"@type\":\"WebSite\",\"@id\":\"https:\/\/coincards.com\/eu\/#website\",\"url\":\"https:\/\/coincards.com\/eu\/\",\"name\":\"Coincards Europe\",\"description\":\"Austrlia&#039;s #1 Cryptocurrency to Gift Card Exchange Service\",\"potentialAction\":[{\"@type\":\"SearchAction\",\"target\":{\"@type\":\"EntryPoint\",\"urlTemplate\":\"https:\/\/coincards.com\/eu\/?s={search_term_string}\"},\"query-input\":{\"@type\":\"PropertyValueSpecification\",\"valueRequired\":true,\"valueName\":\"search_term_string\"}}],\"inLanguage\":\"en-CA\"}]}<\/script>\n<meta property=\"product:price:amount\" content=\"20.00\" \/>\n<meta property=\"product:price:currency\" content=\"EUR\" \/>\n<meta property=\"og:availability\" content=\"instock\" \/>\n<meta property=\"product:availability\" content=\"instock\" \/>\n<meta property=\"product:condition\" content=\"new\" \/>\n<!-- \/ Yoast SEO Premium plugin. -->","yoast_head_json":{"title":"TripGift\u00ae Online Gift Card (Electronic Delivery) (France) - Coincards Europe","robots":{"index":"index","follow":"follow","max-snippet":"max-snippet:-1","max-image-preview":"max-image-preview:large","max-video-preview":"max-video-preview:-1"},"canonical":"https:\/\/coincards.com\/eu\/product\/tripgift-online-gift-card-electronic-delivery-11\/","og_locale":"en_US","og_type":"article","og_title":"TripGift\u00ae Online Gift Card (Electronic Delivery) (France)","og_description":"TripGift\u00ae ofrece la mejor tarjeta de regalo y vales de hotel del mundo para reservar en l\u00ednea los D\u00edas de viajes y experiencias en todo el mundo.  Con una elecci\u00f3n \u00fanica de 450 aerol\u00edneas | 750,000 Hoteles, Villas y Apartamentos | 20,000 Tours | 16 l\u00edneas de cruceros | 500 proveedores de alquiler de coches | + Contenido de medios digitales, todo con una tarjeta de regalo electr\u00f3nica o utilizando su tarjeta de cr\u00e9dito para reservar al instante a trav\u00e9s de Internet y m\u00f3vil.  Puede reservar el viaje perfecto para vuelos y escapadas a hoteles en todo el mundo, parques tem\u00e1ticos y actividades locales o internacionales, o por qu\u00e9 no reservar un viaje en crucero. Ideal para usted, un ser querido o un miembro de la familia.  \u00a1Elija TripGift\u00ae hoy!  \u00a1Elija TripGift\u00ae hoy!","og_url":"https:\/\/coincards.com\/eu\/product\/tripgift-online-gift-card-electronic-delivery-11\/","og_site_name":"Coincards Europe","article_modified_time":"2024-06-05T23:24:39+00:00","og_image":[{"width":675,"height":425,"url":"https:\/\/assets.coincards.com\/wp-content\/uploads\/sites\/6\/2024\/06\/04191347\/TRGIF-ES-card-2.png","type":"image\/png"}],"twitter_card":"summary_large_image","twitter_misc":{"Price":"&euro;20.00","Availability":"In stock"},"schema":{"@context":"https:\/\/schema.org","@graph":[{"@type":"WebPage","@id":"https:\/\/coincards.com\/eu\/product\/tripgift-online-gift-card-electronic-delivery-11\/","url":"https:\/\/coincards.com\/eu\/product\/tripgift-online-gift-card-electronic-delivery-11\/","name":"TripGift\u00ae Online Gift Card (Electronic Delivery) (France) - Coincards Europe","isPartOf":{"@id":"https:\/\/coincards.com\/eu\/#website"},"primaryImageOfPage":{"@id":"https:\/\/coincards.com\/eu\/product\/tripgift-online-gift-card-electronic-delivery-11\/#primaryimage"},"image":{"@id":"https:\/\/coincards.com\/eu\/product\/tripgift-online-gift-card-electronic-delivery-11\/#primaryimage"},"thumbnailUrl":"https:\/\/assets.coincards.com\/wp-content\/uploads\/sites\/6\/2024\/06\/04191347\/TRGIF-ES-card-2.png","datePublished":"2024-06-01T19:51:51+00:00","dateModified":"2024-06-05T23:24:39+00:00","breadcrumb":{"@id":"https:\/\/coincards.com\/eu\/product\/tripgift-online-gift-card-electronic-delivery-11\/#breadcrumb"},"inLanguage":"en-CA","potentialAction":[{"@type":"ReadAction","target":["https:\/\/coincards.com\/eu\/product\/tripgift-online-gift-card-electronic-delivery-11\/"]}]},{"@type":"ImageObject","inLanguage":"en-CA","@id":"https:\/\/coincards.com\/eu\/product\/tripgift-online-gift-card-electronic-delivery-11\/#primaryimage","url":"https:\/\/assets.coincards.com\/wp-content\/uploads\/sites\/6\/2024\/06\/04191347\/TRGIF-ES-card-2.png","contentUrl":"https:\/\/assets.coincards.com\/wp-content\/uploads\/sites\/6\/2024\/06\/04191347\/TRGIF-ES-card-2.png","width":675,"height":425},{"@type":"BreadcrumbList","@id":"https:\/\/coincards.com\/eu\/product\/tripgift-online-gift-card-electronic-delivery-11\/#breadcrumb","itemListElement":[{"@type":"ListItem","position":1,"name":"Home","item":"https:\/\/coincards.com\/eu\/"},{"@type":"ListItem","position":2,"name":"All Gift Cards","item":"https:\/\/coincards.com\/eu\/all-gift-cards\/"},{"@type":"ListItem","position":3,"name":"TripGift\u00ae Online Gift Card (Electronic Delivery) (France)"}]},{"@type":"WebSite","@id":"https:\/\/coincards.com\/eu\/#website","url":"https:\/\/coincards.com\/eu\/","name":"Coincards Europe","description":"Austrlia&#039;s #1 Cryptocurrency to Gift Card Exchange Service","potentialAction":[{"@type":"SearchAction","target":{"@type":"EntryPoint","urlTemplate":"https:\/\/coincards.com\/eu\/?s={search_term_string}"},"query-input":{"@type":"PropertyValueSpecification","valueRequired":true,"valueName":"search_term_string"}}],"inLanguage":"en-CA"}]},"product_price_amount":"20.00","product_price_currency":"EUR","og_availability":"instock","product_availability":"instock","product_condition":"new"},"_links":{"self":[{"href":"https:\/\/coincards.com\/eu\/wp-json\/wp\/v2\/product\/5075","targetHints":{"allow":["GET"]}}],"collection":[{"href":"https:\/\/coincards.com\/eu\/wp-json\/wp\/v2\/product"}],"about":[{"href":"https:\/\/coincards.com\/eu\/wp-json\/wp\/v2\/types\/product"}],"replies":[{"embeddable":true,"href":"https:\/\/coincards.com\/eu\/wp-json\/wp\/v2\/comments?post=5075"}],"wp:featuredmedia":[{"embeddable":true,"href":"https:\/\/coincards.com\/eu\/wp-json\/wp\/v2\/media\/5906"}],"wp:attachment":[{"href":"https:\/\/coincards.com\/eu\/wp-json\/wp\/v2\/media?parent=5075"}],"wp:term":[{"taxonomy":"product_cat","embeddable":true,"href":"https:\/\/coincards.com\/eu\/wp-json\/wp\/v2\/product_cat?post=5075"},{"taxonomy":"product_tag","embeddable":true,"href":"https:\/\/coincards.com\/eu\/wp-json\/wp\/v2\/product_tag?post=5075"}],"curies":[{"name":"wp","href":"https:\/\/api.w.org\/{rel}","templated":true}]}}