{"id":5071,"date":"2024-06-01T11:32:12","date_gmt":"2024-06-01T19:32:12","guid":{"rendered":"https:\/\/coincards.com\/eu\/?post_type=product&#038;p=5071"},"modified":"2024-06-05T15:24:44","modified_gmt":"2024-06-05T23:24:44","slug":"tripgift-online-gift-card-electronic-delivery-7","status":"publish","type":"product","link":"https:\/\/coincards.com\/eu\/product\/tripgift-online-gift-card-electronic-delivery-7\/","title":{"rendered":"TripGift Online Gift Card (Electronic Delivery) (Finland)"},"content":{"rendered":"<p>1) Yht\u00e4 tapahtumaa kohden sallitaan enint\u00e4\u00e4n 2 e-Lahjakorttikoodia, jos ostoskorisi arvo ylitt\u00e4\u00e4 e-Lahjakorttien arvon, voit maksaa erotuksen Visa-, MasterCard- tai American Express -korteilla.<\/p>\n<p>2) FlystayGift-lahjakorteilla on 12 kuukauden voimassaoloaika my\u00f6nt\u00e4misest\u00e4, paitsi Pohjois-Amerikan asukkaiden lahjakortit eiv\u00e4t vanhene. Irlannin voimassaoloaika on 60 kuukautta ja Australiassa ja Saksassa 36 kuukautta paikallisen osavaltion ja maan lains\u00e4\u00e4d\u00e4nn\u00f6n ja kunkin osavaltion ja maan vaaditun j\u00e4\u00e4nn\u00f6spalautuksen arvon alaisuudessa. Valuutta- ja asuinmaan lunastusvaatimuksia koskevat t\u00e4ydelliset ehdot ja ehdot ovat osoitteessa http: \/\/tripgift.com\/info\/terms-and-conditions.aspx<\/p>\n<p>3) Kaikki verkkosivuston sis\u00e4lt\u00f6, asiakaspalvelu, liput ja eVoucherit ovat englanninkielisi\u00e4. Lahjakortteja ja eVouchereja ei voi vaihtaa tai palauttaa.<\/p>\n<p>4) Nopeat vastaukset ja kaikki lahjakortteja ja parasta k\u00e4ytt\u00f6\u00e4 koskevat kysymykset l\u00f6yd\u00e4t osoitteesta https:\/\/faqs.tripgift.com\/<\/p>\n<p>Lunasta (k\u00e4yt\u00e4) Vain verkossa osoitteessa: http:\/\/flystaygift.com<\/p>\n<p>1) Rekister\u00f6i tili osoitteessa http:\/\/flystaygift.com ja napsauta sitten Varaa matka | Lunastaa<\/p>\n<p>2) Etsi, varaa tai osta tuotetarpeidesi perusteella.<\/p>\n<p>3) Kun olet valinnut tarpeitasi parhaiten vastaavat vaihtoehdot, kirjoita varaukseen tai tuotetapahtumaan osallistuvan henkil\u00f6n tai kaikkien henkil\u00f6iden tiedot<\/p>\n<p>4) Siirry uloskirjautumissivulle ja kopioi ja liit\u00e4 e-lahjakorttisi koodi Lunasta-kohtaan<br \/>\ne-lahjakortin koodilaatikko ja napsauta L\u00e4het\u00e4, hyv\u00e4ksy k\u00e4ytt\u00f6ehdot ja napsauta Tilaa nyt<br \/>\nViimeistele varauksesi ja tapahtumasi, saat pian vahvistuksen s\u00e4hk\u00f6postitse.<\/p>\n<p>5) Yht\u00e4 tapahtumaa kohden sallitaan enint\u00e4\u00e4n 2 e-Lahjakorttikoodia, jos ostoskorisi arvo ylitt\u00e4\u00e4 e-Lahjakorttien arvon, voit maksaa erotuksen Visa-, MasterCard- tai American Express -korteilla.<\/p>\n<p>6) FlystayGift-lahjakorteilla on 12 kuukauden voimassaoloaika my\u00f6nt\u00e4misest\u00e4, paitsi Pohjois-Amerikan asukkaiden lahjakortit eiv\u00e4t vanhene. Irlannin voimassaoloaika on 60 kuukautta ja Australiassa ja Saksassa 36 kuukautta paikallisen osavaltion ja maan lains\u00e4\u00e4d\u00e4nn\u00f6n ja kunkin osavaltion ja maan vaaditun j\u00e4\u00e4nn\u00f6spalautuksen arvon alaisuudessa. Valuutta- ja asuinmaan lunastusvaatimuksia koskevat t\u00e4ydelliset ehdot ja ehdot ovat osoitteessa http: \/\/tripgift.com\/info\/terms-and-conditions.aspx<\/p>\n<p>7) Kaikki verkkosivuston sis\u00e4lt\u00f6, asiakaspalvelu, liput ja eVoucherit ovat englanninkielisi\u00e4. Lahjakortteja ja eVouchereja ei voi vaihtaa tai palauttaa.<\/p>\n<p>8) Nopeat vastaukset ja kaikki lahjakortteja ja parasta k\u00e4ytt\u00f6\u00e4 koskevat kysymykset ovat osoitteessa https:\/\/faqs.tripgift.com\/<\/p>\n","protected":false},"excerpt":{"rendered":"<p>TripGift\u00ae tarjoaa kaiken tarvittavan paikallisen tai kansainv\u00e4lisen matkan varaamiseen verkossa yli 1,5 miljoonalla matkakokemuksella ja digitaalisella medialla, ainutlaatuisella valinnalla: 450 lentoyhti\u00f6t\u00e4 | 750 000 hotellia, huvilaa ja huoneistoa |<br \/>\n20 000 pakettimatkaa | 500 autonvuokrausbr\u00e4ndin tarjoajaa | + Digitaalinen mediasis\u00e4lt\u00f6 (200+ eKieli- ja oppimiskurssia) yhdell\u00e4 lahjakortilla, jolla voit varata tai ostaa v\u00e4litt\u00f6m\u00e4sti verkossa ja mobiililaitteellasi.<br \/>\nVaraa tripgift.com-sivustolta matkabr\u00e4ndeilt\u00e4, kuten Delta Airlines, American Airlines, United Airlines, British Airways, Air Canada, Qantas, Emirates, Cathay Pacific, Marriott, Hyatt, IHG, Hilton, Enterprise, Hertz, Sixt, Budget ja tuhansia luotettavia matkailumerkkej\u00e4.<\/p>\n","protected":false},"featured_media":5906,"comment_status":"closed","ping_status":"closed","template":"","meta":{"_exactmetrics_skip_tracking":false,"_exactmetrics_sitenote_active":false,"_exactmetrics_sitenote_note":"","_exactmetrics_sitenote_category":0},"product_cat":[20],"product_tag":[],"class_list":{"0":"post-5071","1":"product","2":"type-product","3":"status-publish","4":"has-post-thumbnail","6":"product_brand-tripgift","7":"product_cat-electronic-gift-cards","8":"pa_country-availability-finland","10":"first","11":"instock","12":"virtual","13":"purchasable","14":"product-type-simple","15":"nyp-product"},"yoast_head":"<!-- This site is optimized with the Yoast SEO Premium plugin v20.11 (Yoast SEO v25.8) - https:\/\/yoast.com\/wordpress\/plugins\/seo\/ -->\n<title>TripGift Online Gift Card (Electronic Delivery) (Finland) - Coincards Europe<\/title>\n<meta name=\"robots\" content=\"index, follow, max-snippet:-1, max-image-preview:large, max-video-preview:-1\" \/>\n<link rel=\"canonical\" href=\"https:\/\/coincards.com\/eu\/product\/tripgift-online-gift-card-electronic-delivery-7\/\" \/>\n<meta property=\"og:locale\" content=\"en_US\" \/>\n<meta property=\"og:type\" content=\"article\" \/>\n<meta property=\"og:title\" content=\"TripGift Online Gift Card (Electronic Delivery) (Finland)\" \/>\n<meta property=\"og:description\" content=\"TripGift\u00ae tarjoaa kaiken tarvittavan paikallisen tai kansainv\u00e4lisen matkan varaamiseen verkossa yli 1,5 miljoonalla matkakokemuksella ja digitaalisella medialla, ainutlaatuisella valinnalla: 450 lentoyhti\u00f6t\u00e4 | 750 000 hotellia, huvilaa ja huoneistoa | 20 000 pakettimatkaa | 500 autonvuokrausbr\u00e4ndin tarjoajaa | + Digitaalinen mediasis\u00e4lt\u00f6 (200+ eKieli- ja oppimiskurssia) yhdell\u00e4 lahjakortilla, jolla voit varata tai ostaa v\u00e4litt\u00f6m\u00e4sti verkossa ja mobiililaitteellasi. Varaa tripgift.com-sivustolta matkabr\u00e4ndeilt\u00e4, kuten Delta Airlines, American Airlines, United Airlines, British Airways, Air Canada, Qantas, Emirates, Cathay Pacific, Marriott, Hyatt, IHG, Hilton, Enterprise, Hertz, Sixt, Budget ja tuhansia luotettavia matkailumerkkej\u00e4.\" \/>\n<meta property=\"og:url\" content=\"https:\/\/coincards.com\/eu\/product\/tripgift-online-gift-card-electronic-delivery-7\/\" \/>\n<meta property=\"og:site_name\" content=\"Coincards Europe\" \/>\n<meta property=\"article:modified_time\" content=\"2024-06-05T23:24:44+00:00\" \/>\n<meta property=\"og:image\" content=\"https:\/\/assets.coincards.com\/wp-content\/uploads\/sites\/6\/2024\/06\/04191347\/TRGIF-ES-card-2.png\" \/>\n\t<meta property=\"og:image:width\" content=\"675\" \/>\n\t<meta property=\"og:image:height\" content=\"425\" \/>\n\t<meta property=\"og:image:type\" content=\"image\/png\" \/>\n<meta name=\"twitter:card\" content=\"summary_large_image\" \/>\n<meta name=\"twitter:label1\" content=\"Price\" \/>\n\t<meta name=\"twitter:data1\" content=\"&euro;20.00\" \/>\n\t<meta name=\"twitter:label2\" content=\"Availability\" \/>\n\t<meta name=\"twitter:data2\" content=\"In stock\" \/>\n<script type=\"application\/ld+json\" class=\"yoast-schema-graph\">{\"@context\":\"https:\/\/schema.org\",\"@graph\":[{\"@type\":\"WebPage\",\"@id\":\"https:\/\/coincards.com\/eu\/product\/tripgift-online-gift-card-electronic-delivery-7\/\",\"url\":\"https:\/\/coincards.com\/eu\/product\/tripgift-online-gift-card-electronic-delivery-7\/\",\"name\":\"TripGift Online Gift Card (Electronic Delivery) (Finland) - Coincards Europe\",\"isPartOf\":{\"@id\":\"https:\/\/coincards.com\/eu\/#website\"},\"primaryImageOfPage\":{\"@id\":\"https:\/\/coincards.com\/eu\/product\/tripgift-online-gift-card-electronic-delivery-7\/#primaryimage\"},\"image\":{\"@id\":\"https:\/\/coincards.com\/eu\/product\/tripgift-online-gift-card-electronic-delivery-7\/#primaryimage\"},\"thumbnailUrl\":\"https:\/\/assets.coincards.com\/wp-content\/uploads\/sites\/6\/2024\/06\/04191347\/TRGIF-ES-card-2.png\",\"datePublished\":\"2024-06-01T19:32:12+00:00\",\"dateModified\":\"2024-06-05T23:24:44+00:00\",\"breadcrumb\":{\"@id\":\"https:\/\/coincards.com\/eu\/product\/tripgift-online-gift-card-electronic-delivery-7\/#breadcrumb\"},\"inLanguage\":\"en-CA\",\"potentialAction\":[{\"@type\":\"ReadAction\",\"target\":[\"https:\/\/coincards.com\/eu\/product\/tripgift-online-gift-card-electronic-delivery-7\/\"]}]},{\"@type\":\"ImageObject\",\"inLanguage\":\"en-CA\",\"@id\":\"https:\/\/coincards.com\/eu\/product\/tripgift-online-gift-card-electronic-delivery-7\/#primaryimage\",\"url\":\"https:\/\/assets.coincards.com\/wp-content\/uploads\/sites\/6\/2024\/06\/04191347\/TRGIF-ES-card-2.png\",\"contentUrl\":\"https:\/\/assets.coincards.com\/wp-content\/uploads\/sites\/6\/2024\/06\/04191347\/TRGIF-ES-card-2.png\",\"width\":675,\"height\":425},{\"@type\":\"BreadcrumbList\",\"@id\":\"https:\/\/coincards.com\/eu\/product\/tripgift-online-gift-card-electronic-delivery-7\/#breadcrumb\",\"itemListElement\":[{\"@type\":\"ListItem\",\"position\":1,\"name\":\"Home\",\"item\":\"https:\/\/coincards.com\/eu\/\"},{\"@type\":\"ListItem\",\"position\":2,\"name\":\"All Gift Cards\",\"item\":\"https:\/\/coincards.com\/eu\/all-gift-cards\/\"},{\"@type\":\"ListItem\",\"position\":3,\"name\":\"TripGift Online Gift Card (Electronic Delivery) (Finland)\"}]},{\"@type\":\"WebSite\",\"@id\":\"https:\/\/coincards.com\/eu\/#website\",\"url\":\"https:\/\/coincards.com\/eu\/\",\"name\":\"Coincards Europe\",\"description\":\"Austrlia&#039;s #1 Cryptocurrency to Gift Card Exchange Service\",\"potentialAction\":[{\"@type\":\"SearchAction\",\"target\":{\"@type\":\"EntryPoint\",\"urlTemplate\":\"https:\/\/coincards.com\/eu\/?s={search_term_string}\"},\"query-input\":{\"@type\":\"PropertyValueSpecification\",\"valueRequired\":true,\"valueName\":\"search_term_string\"}}],\"inLanguage\":\"en-CA\"}]}<\/script>\n<meta property=\"product:price:amount\" content=\"20.00\" \/>\n<meta property=\"product:price:currency\" content=\"EUR\" \/>\n<meta property=\"og:availability\" content=\"instock\" \/>\n<meta property=\"product:availability\" content=\"instock\" \/>\n<meta property=\"product:condition\" content=\"new\" \/>\n<!-- \/ Yoast SEO Premium plugin. -->","yoast_head_json":{"title":"TripGift Online Gift Card (Electronic Delivery) (Finland) - Coincards Europe","robots":{"index":"index","follow":"follow","max-snippet":"max-snippet:-1","max-image-preview":"max-image-preview:large","max-video-preview":"max-video-preview:-1"},"canonical":"https:\/\/coincards.com\/eu\/product\/tripgift-online-gift-card-electronic-delivery-7\/","og_locale":"en_US","og_type":"article","og_title":"TripGift Online Gift Card (Electronic Delivery) (Finland)","og_description":"TripGift\u00ae tarjoaa kaiken tarvittavan paikallisen tai kansainv\u00e4lisen matkan varaamiseen verkossa yli 1,5 miljoonalla matkakokemuksella ja digitaalisella medialla, ainutlaatuisella valinnalla: 450 lentoyhti\u00f6t\u00e4 | 750 000 hotellia, huvilaa ja huoneistoa | 20 000 pakettimatkaa | 500 autonvuokrausbr\u00e4ndin tarjoajaa | + Digitaalinen mediasis\u00e4lt\u00f6 (200+ eKieli- ja oppimiskurssia) yhdell\u00e4 lahjakortilla, jolla voit varata tai ostaa v\u00e4litt\u00f6m\u00e4sti verkossa ja mobiililaitteellasi. Varaa tripgift.com-sivustolta matkabr\u00e4ndeilt\u00e4, kuten Delta Airlines, American Airlines, United Airlines, British Airways, Air Canada, Qantas, Emirates, Cathay Pacific, Marriott, Hyatt, IHG, Hilton, Enterprise, Hertz, Sixt, Budget ja tuhansia luotettavia matkailumerkkej\u00e4.","og_url":"https:\/\/coincards.com\/eu\/product\/tripgift-online-gift-card-electronic-delivery-7\/","og_site_name":"Coincards Europe","article_modified_time":"2024-06-05T23:24:44+00:00","og_image":[{"width":675,"height":425,"url":"https:\/\/assets.coincards.com\/wp-content\/uploads\/sites\/6\/2024\/06\/04191347\/TRGIF-ES-card-2.png","type":"image\/png"}],"twitter_card":"summary_large_image","twitter_misc":{"Price":"&euro;20.00","Availability":"In stock"},"schema":{"@context":"https:\/\/schema.org","@graph":[{"@type":"WebPage","@id":"https:\/\/coincards.com\/eu\/product\/tripgift-online-gift-card-electronic-delivery-7\/","url":"https:\/\/coincards.com\/eu\/product\/tripgift-online-gift-card-electronic-delivery-7\/","name":"TripGift Online Gift Card (Electronic Delivery) (Finland) - Coincards Europe","isPartOf":{"@id":"https:\/\/coincards.com\/eu\/#website"},"primaryImageOfPage":{"@id":"https:\/\/coincards.com\/eu\/product\/tripgift-online-gift-card-electronic-delivery-7\/#primaryimage"},"image":{"@id":"https:\/\/coincards.com\/eu\/product\/tripgift-online-gift-card-electronic-delivery-7\/#primaryimage"},"thumbnailUrl":"https:\/\/assets.coincards.com\/wp-content\/uploads\/sites\/6\/2024\/06\/04191347\/TRGIF-ES-card-2.png","datePublished":"2024-06-01T19:32:12+00:00","dateModified":"2024-06-05T23:24:44+00:00","breadcrumb":{"@id":"https:\/\/coincards.com\/eu\/product\/tripgift-online-gift-card-electronic-delivery-7\/#breadcrumb"},"inLanguage":"en-CA","potentialAction":[{"@type":"ReadAction","target":["https:\/\/coincards.com\/eu\/product\/tripgift-online-gift-card-electronic-delivery-7\/"]}]},{"@type":"ImageObject","inLanguage":"en-CA","@id":"https:\/\/coincards.com\/eu\/product\/tripgift-online-gift-card-electronic-delivery-7\/#primaryimage","url":"https:\/\/assets.coincards.com\/wp-content\/uploads\/sites\/6\/2024\/06\/04191347\/TRGIF-ES-card-2.png","contentUrl":"https:\/\/assets.coincards.com\/wp-content\/uploads\/sites\/6\/2024\/06\/04191347\/TRGIF-ES-card-2.png","width":675,"height":425},{"@type":"BreadcrumbList","@id":"https:\/\/coincards.com\/eu\/product\/tripgift-online-gift-card-electronic-delivery-7\/#breadcrumb","itemListElement":[{"@type":"ListItem","position":1,"name":"Home","item":"https:\/\/coincards.com\/eu\/"},{"@type":"ListItem","position":2,"name":"All Gift Cards","item":"https:\/\/coincards.com\/eu\/all-gift-cards\/"},{"@type":"ListItem","position":3,"name":"TripGift Online Gift Card (Electronic Delivery) (Finland)"}]},{"@type":"WebSite","@id":"https:\/\/coincards.com\/eu\/#website","url":"https:\/\/coincards.com\/eu\/","name":"Coincards Europe","description":"Austrlia&#039;s #1 Cryptocurrency to Gift Card Exchange Service","potentialAction":[{"@type":"SearchAction","target":{"@type":"EntryPoint","urlTemplate":"https:\/\/coincards.com\/eu\/?s={search_term_string}"},"query-input":{"@type":"PropertyValueSpecification","valueRequired":true,"valueName":"search_term_string"}}],"inLanguage":"en-CA"}]},"product_price_amount":"20.00","product_price_currency":"EUR","og_availability":"instock","product_availability":"instock","product_condition":"new"},"_links":{"self":[{"href":"https:\/\/coincards.com\/eu\/wp-json\/wp\/v2\/product\/5071","targetHints":{"allow":["GET"]}}],"collection":[{"href":"https:\/\/coincards.com\/eu\/wp-json\/wp\/v2\/product"}],"about":[{"href":"https:\/\/coincards.com\/eu\/wp-json\/wp\/v2\/types\/product"}],"replies":[{"embeddable":true,"href":"https:\/\/coincards.com\/eu\/wp-json\/wp\/v2\/comments?post=5071"}],"wp:featuredmedia":[{"embeddable":true,"href":"https:\/\/coincards.com\/eu\/wp-json\/wp\/v2\/media\/5906"}],"wp:attachment":[{"href":"https:\/\/coincards.com\/eu\/wp-json\/wp\/v2\/media?parent=5071"}],"wp:term":[{"taxonomy":"product_cat","embeddable":true,"href":"https:\/\/coincards.com\/eu\/wp-json\/wp\/v2\/product_cat?post=5071"},{"taxonomy":"product_tag","embeddable":true,"href":"https:\/\/coincards.com\/eu\/wp-json\/wp\/v2\/product_tag?post=5071"}],"curies":[{"name":"wp","href":"https:\/\/api.w.org\/{rel}","templated":true}]}}