{"id":5039,"date":"2024-05-31T12:49:58","date_gmt":"2024-05-31T20:49:58","guid":{"rendered":"https:\/\/coincards.com\/eu\/?post_type=product&#038;p=5039"},"modified":"2024-06-05T15:25:06","modified_gmt":"2024-06-05T23:25:06","slug":"toursgift-online-gift-card-electronic-delivery-15","status":"publish","type":"product","link":"https:\/\/coincards.com\/eu\/product\/toursgift-online-gift-card-electronic-delivery-15\/","title":{"rendered":"ToursGift Online Gift Card (Electronic Delivery) (Estonia)"},"content":{"rendered":"<p>1) \u00dche tehingu kohta on lubatud maksimaalselt 2 e-kinkekaardi koodi, kui teie ostukorvi v\u00e4\u00e4rtus \u00fcletab e-kinkekaartide v\u00e4\u00e4rtust, v\u00f5ite vahe tasuda Visa, MasterCardi v\u00f5i American Expressiga.<\/p>\n<p>2) ToursGift kinkekaartidel on 12-kuuline kehtivusaeg alates v\u00e4ljastamisest, v\u00e4lja arvatud P\u00f5hja-Ameerika elanike kinkekaardid ei aegu. Iirimaa kehtivusaeg on 60 kuud ning Austraalia ja Saksamaa aeg 36 kuud, vastavalt osariigi ja riigi kohalikele seadustele ning iga osariigi ja riigi n\u00f5utavale tagasimakse j\u00e4\u00e4kv\u00e4\u00e4rtusele. Valuuta ja elukohariigi lunastamisn\u00f5uete t\u00e4ielikud tingimused leiate aadressilt http: \/\/tripgift.com\/info\/terms-and-conditions.aspx<\/p>\n<p>3) Kogu veebisaidi sisu, klienditeenindus, piletid ja eVoucherid on inglise keeles. Kinkekaarte ja eVouchereid ei saa vahetada ega tagastada.<\/p>\n<p>4) Kiirete vastuste ja k\u00fcsimuste saamiseks kinkekaartide ja parima kasutamise kohta k\u00fclastage aadressi https:\/\/faqs.tripgift.com\/<\/p>\n<p>Lunastamisjuhised. Kinkekaardi lunastamise juhiste saamiseks lugege allolevat teavet.<br \/>\nLunasta (kasuta) Ainult v\u00f5rgus aadressil: http:\/\/toursgift.com<\/p>\n<p>1) Registreerige konto aadressil http:\/\/toursgift.com ja kl\u00f5psake siis nuppu Broneeri reis | Lunastama<\/p>\n<p>2) Otsige, broneerige v\u00f5i ostke vastavalt oma tootevajadustele.<\/p>\n<p>3) Kui olete valinud oma vajadustele k\u00f5ige paremini sobivad valikud, sisestage isiku andmed<br \/>\nv\u00f5i k\u00f5ik broneerimise v\u00f5i tootetehinguga seotud isikud<\/p>\n<p>4) Minge v\u00e4ljaregistreerimise lehele ning kopeerige ja kleepige oma e-kinkekaardi kood Lunastamisse<br \/>\ne-kinkekaardi koodikasti ja kl\u00f5psake nuppu Esita, j\u00e4tkake T&amp;C-ga n\u00f5ustumiseks ja kl\u00f5psake k\u00e4sul Telli kohe<br \/>\nl\u00f5petage broneering ja tehing, saate peagi e-posti teel kinnituse.<\/p>\n<p>5) \u00dche tehingu kohta on lubatud maksimaalselt 2 e-kinkekaardi koodi, kui teie ostukorvi v\u00e4\u00e4rtus \u00fcletab e-kinkekaartide v\u00e4\u00e4rtust, v\u00f5ite vahe tasuda Visa, MasterCardi v\u00f5i American Expressi kaardiga.<\/p>\n<p>6) ToursGift kinkekaartidel on 12-kuuline kehtivusaeg alates v\u00e4ljastamisest, v\u00e4lja arvatud P\u00f5hja-Ameerika elanike kinkekaardid ei aegu. Iirimaa kehtivusaeg on 60 kuud ning Austraalia ja Saksamaa aeg 36 kuud, vastavalt osariigi ja riigi kohalikele seadustele ning iga osariigi ja riigi n\u00f5utavale tagasimakse j\u00e4\u00e4kv\u00e4\u00e4rtusele. Valuuta ja elukohariigi lunastamisn\u00f5uete t\u00e4ielikud tingimused leiate aadressilt http: \/\/tripgift.com\/info\/terms-and-conditions.aspx<\/p>\n<p>7) Kogu veebisaidi sisu, klienditeenindus, piletid ja eVoucherid on inglise keeles. Kinkekaarte ja eVouchereid ei saa vahetada ega tagastada.<\/p>\n<p>8) Kiirete vastuste ja k\u00fcsimuste saamiseks kinkekaartide ja parima kasutamise kohta k\u00fclastage aadressi https:\/\/faqs.tripgift.com\/<\/p>\n","protected":false},"excerpt":{"rendered":"<p>ToursGift pakub k\u00f5ike, mis on vajalik kohalike ja rahvusvaheliste privaatreiside veebis broneerimiseks, \u00fcle 20 000 lennu- ja hotelli- ja reisikogemuse koos pakettreiside valikuga, et broneerida t\u00e4iuslik privaatreiside puhkus!<\/p>\n<p>ToursGift pakub p\u00f5nevat valikut privaatseid reisikogemusi, sealhulgas einestamiskogemusi, kuuma\u00f5hupalli- v\u00f5i helikopterireise, safari-, jahi- ja maanteereise, luues positiivseid m\u00e4lestusi, mis j\u00e4\u00e4vad terveks eluks.<\/p>\n<p>ToursGift pakub veebip\u00f5histe jagatud maksete ainulaadset funktsiooni, mis v\u00f5imaldab teil kasutada kahte maksekaarti, et sooritada ostutehing koos boonusreisipreemiatega.<\/p>\n","protected":false},"featured_media":5901,"comment_status":"closed","ping_status":"closed","template":"","meta":{"_exactmetrics_skip_tracking":false,"_exactmetrics_sitenote_active":false,"_exactmetrics_sitenote_note":"","_exactmetrics_sitenote_category":0},"product_cat":[20],"product_tag":[],"class_list":{"0":"post-5039","1":"product","2":"type-product","3":"status-publish","4":"has-post-thumbnail","6":"product_brand-toursgift","7":"product_cat-electronic-gift-cards","8":"pa_country-availability-estonia","10":"first","11":"instock","12":"virtual","13":"purchasable","14":"product-type-simple","15":"nyp-product"},"yoast_head":"<!-- This site is optimized with the Yoast SEO Premium plugin v20.11 (Yoast SEO v27.3) - https:\/\/yoast.com\/product\/yoast-seo-premium-wordpress\/ -->\n<title>ToursGift Online Gift Card (Electronic Delivery) (Estonia) - Coincards Europe<\/title>\n<meta name=\"robots\" content=\"index, follow, max-snippet:-1, max-image-preview:large, max-video-preview:-1\" \/>\n<link rel=\"canonical\" href=\"https:\/\/coincards.com\/eu\/product\/toursgift-online-gift-card-electronic-delivery-15\/\" \/>\n<meta property=\"og:locale\" content=\"en_US\" \/>\n<meta property=\"og:type\" content=\"article\" \/>\n<meta property=\"og:title\" content=\"ToursGift Online Gift Card (Electronic Delivery) (Estonia)\" \/>\n<meta property=\"og:description\" content=\"ToursGift pakub k\u00f5ike, mis on vajalik kohalike ja rahvusvaheliste privaatreiside veebis broneerimiseks, \u00fcle 20 000 lennu- ja hotelli- ja reisikogemuse koos pakettreiside valikuga, et broneerida t\u00e4iuslik privaatreiside puhkus!  ToursGift pakub p\u00f5nevat valikut privaatseid reisikogemusi, sealhulgas einestamiskogemusi, kuuma\u00f5hupalli- v\u00f5i helikopterireise, safari-, jahi- ja maanteereise, luues positiivseid m\u00e4lestusi, mis j\u00e4\u00e4vad terveks eluks.  ToursGift pakub veebip\u00f5histe jagatud maksete ainulaadset funktsiooni, mis v\u00f5imaldab teil kasutada kahte maksekaarti, et sooritada ostutehing koos boonusreisipreemiatega.\" \/>\n<meta property=\"og:url\" content=\"https:\/\/coincards.com\/eu\/product\/toursgift-online-gift-card-electronic-delivery-15\/\" \/>\n<meta property=\"og:site_name\" content=\"Coincards Europe\" \/>\n<meta property=\"article:modified_time\" content=\"2024-06-05T23:25:06+00:00\" \/>\n<meta property=\"og:image\" content=\"https:\/\/assets.coincards.com\/wp-content\/uploads\/sites\/6\/2024\/06\/04191321\/TRGIF-ES-card-1.png\" \/>\n\t<meta property=\"og:image:width\" content=\"675\" \/>\n\t<meta property=\"og:image:height\" content=\"425\" \/>\n\t<meta property=\"og:image:type\" content=\"image\/png\" \/>\n<meta name=\"twitter:card\" content=\"summary_large_image\" \/>\n<meta name=\"twitter:label1\" content=\"Price\" \/>\n\t<meta name=\"twitter:data1\" content=\"&euro;20.00\" \/>\n\t<meta name=\"twitter:label2\" content=\"Availability\" \/>\n\t<meta name=\"twitter:data2\" content=\"In stock\" \/>\n<script type=\"application\/ld+json\" class=\"yoast-schema-graph\">{\"@context\":\"https:\\\/\\\/schema.org\",\"@graph\":[{\"@type\":\"WebPage\",\"@id\":\"https:\\\/\\\/coincards.com\\\/eu\\\/product\\\/toursgift-online-gift-card-electronic-delivery-15\\\/\",\"url\":\"https:\\\/\\\/coincards.com\\\/eu\\\/product\\\/toursgift-online-gift-card-electronic-delivery-15\\\/\",\"name\":\"ToursGift Online Gift Card (Electronic Delivery) (Estonia) - Coincards Europe\",\"isPartOf\":{\"@id\":\"https:\\\/\\\/coincards.com\\\/eu\\\/#website\"},\"primaryImageOfPage\":{\"@id\":\"https:\\\/\\\/coincards.com\\\/eu\\\/product\\\/toursgift-online-gift-card-electronic-delivery-15\\\/#primaryimage\"},\"image\":{\"@id\":\"https:\\\/\\\/coincards.com\\\/eu\\\/product\\\/toursgift-online-gift-card-electronic-delivery-15\\\/#primaryimage\"},\"thumbnailUrl\":\"https:\\\/\\\/assets.coincards.com\\\/wp-content\\\/uploads\\\/sites\\\/6\\\/2024\\\/06\\\/04191321\\\/TRGIF-ES-card-1.png\",\"datePublished\":\"2024-05-31T20:49:58+00:00\",\"dateModified\":\"2024-06-05T23:25:06+00:00\",\"breadcrumb\":{\"@id\":\"https:\\\/\\\/coincards.com\\\/eu\\\/product\\\/toursgift-online-gift-card-electronic-delivery-15\\\/#breadcrumb\"},\"inLanguage\":\"en-CA\",\"potentialAction\":[{\"@type\":\"ReadAction\",\"target\":[\"https:\\\/\\\/coincards.com\\\/eu\\\/product\\\/toursgift-online-gift-card-electronic-delivery-15\\\/\"]}]},{\"@type\":\"ImageObject\",\"inLanguage\":\"en-CA\",\"@id\":\"https:\\\/\\\/coincards.com\\\/eu\\\/product\\\/toursgift-online-gift-card-electronic-delivery-15\\\/#primaryimage\",\"url\":\"https:\\\/\\\/assets.coincards.com\\\/wp-content\\\/uploads\\\/sites\\\/6\\\/2024\\\/06\\\/04191321\\\/TRGIF-ES-card-1.png\",\"contentUrl\":\"https:\\\/\\\/assets.coincards.com\\\/wp-content\\\/uploads\\\/sites\\\/6\\\/2024\\\/06\\\/04191321\\\/TRGIF-ES-card-1.png\",\"width\":675,\"height\":425},{\"@type\":\"BreadcrumbList\",\"@id\":\"https:\\\/\\\/coincards.com\\\/eu\\\/product\\\/toursgift-online-gift-card-electronic-delivery-15\\\/#breadcrumb\",\"itemListElement\":[{\"@type\":\"ListItem\",\"position\":1,\"name\":\"Home\",\"item\":\"https:\\\/\\\/coincards.com\\\/eu\\\/\"},{\"@type\":\"ListItem\",\"position\":2,\"name\":\"All Gift Cards\",\"item\":\"https:\\\/\\\/coincards.com\\\/eu\\\/all-gift-cards\\\/\"},{\"@type\":\"ListItem\",\"position\":3,\"name\":\"ToursGift Online Gift Card (Electronic Delivery) (Estonia)\"}]},{\"@type\":\"WebSite\",\"@id\":\"https:\\\/\\\/coincards.com\\\/eu\\\/#website\",\"url\":\"https:\\\/\\\/coincards.com\\\/eu\\\/\",\"name\":\"Coincards Europe\",\"description\":\"Austrlia&#039;s #1 Cryptocurrency to Gift Card Exchange Service\",\"potentialAction\":[{\"@type\":\"SearchAction\",\"target\":{\"@type\":\"EntryPoint\",\"urlTemplate\":\"https:\\\/\\\/coincards.com\\\/eu\\\/?s={search_term_string}\"},\"query-input\":{\"@type\":\"PropertyValueSpecification\",\"valueRequired\":true,\"valueName\":\"search_term_string\"}}],\"inLanguage\":\"en-CA\"}]}<\/script>\n<meta property=\"product:price:amount\" content=\"20.00\" \/>\n<meta property=\"product:price:currency\" content=\"EUR\" \/>\n<meta property=\"og:availability\" content=\"instock\" \/>\n<meta property=\"product:availability\" content=\"instock\" \/>\n<meta property=\"product:condition\" content=\"new\" \/>\n<!-- \/ Yoast SEO Premium plugin. -->","yoast_head_json":{"title":"ToursGift Online Gift Card (Electronic Delivery) (Estonia) - Coincards Europe","robots":{"index":"index","follow":"follow","max-snippet":"max-snippet:-1","max-image-preview":"max-image-preview:large","max-video-preview":"max-video-preview:-1"},"canonical":"https:\/\/coincards.com\/eu\/product\/toursgift-online-gift-card-electronic-delivery-15\/","og_locale":"en_US","og_type":"article","og_title":"ToursGift Online Gift Card (Electronic Delivery) (Estonia)","og_description":"ToursGift pakub k\u00f5ike, mis on vajalik kohalike ja rahvusvaheliste privaatreiside veebis broneerimiseks, \u00fcle 20 000 lennu- ja hotelli- ja reisikogemuse koos pakettreiside valikuga, et broneerida t\u00e4iuslik privaatreiside puhkus!  ToursGift pakub p\u00f5nevat valikut privaatseid reisikogemusi, sealhulgas einestamiskogemusi, kuuma\u00f5hupalli- v\u00f5i helikopterireise, safari-, jahi- ja maanteereise, luues positiivseid m\u00e4lestusi, mis j\u00e4\u00e4vad terveks eluks.  ToursGift pakub veebip\u00f5histe jagatud maksete ainulaadset funktsiooni, mis v\u00f5imaldab teil kasutada kahte maksekaarti, et sooritada ostutehing koos boonusreisipreemiatega.","og_url":"https:\/\/coincards.com\/eu\/product\/toursgift-online-gift-card-electronic-delivery-15\/","og_site_name":"Coincards Europe","article_modified_time":"2024-06-05T23:25:06+00:00","og_image":[{"width":675,"height":425,"url":"https:\/\/assets.coincards.com\/wp-content\/uploads\/sites\/6\/2024\/06\/04191321\/TRGIF-ES-card-1.png","type":"image\/png"}],"twitter_card":"summary_large_image","twitter_misc":{"Price":"&euro;20.00","Availability":"In stock"},"schema":{"@context":"https:\/\/schema.org","@graph":[{"@type":"WebPage","@id":"https:\/\/coincards.com\/eu\/product\/toursgift-online-gift-card-electronic-delivery-15\/","url":"https:\/\/coincards.com\/eu\/product\/toursgift-online-gift-card-electronic-delivery-15\/","name":"ToursGift Online Gift Card (Electronic Delivery) (Estonia) - Coincards Europe","isPartOf":{"@id":"https:\/\/coincards.com\/eu\/#website"},"primaryImageOfPage":{"@id":"https:\/\/coincards.com\/eu\/product\/toursgift-online-gift-card-electronic-delivery-15\/#primaryimage"},"image":{"@id":"https:\/\/coincards.com\/eu\/product\/toursgift-online-gift-card-electronic-delivery-15\/#primaryimage"},"thumbnailUrl":"https:\/\/assets.coincards.com\/wp-content\/uploads\/sites\/6\/2024\/06\/04191321\/TRGIF-ES-card-1.png","datePublished":"2024-05-31T20:49:58+00:00","dateModified":"2024-06-05T23:25:06+00:00","breadcrumb":{"@id":"https:\/\/coincards.com\/eu\/product\/toursgift-online-gift-card-electronic-delivery-15\/#breadcrumb"},"inLanguage":"en-CA","potentialAction":[{"@type":"ReadAction","target":["https:\/\/coincards.com\/eu\/product\/toursgift-online-gift-card-electronic-delivery-15\/"]}]},{"@type":"ImageObject","inLanguage":"en-CA","@id":"https:\/\/coincards.com\/eu\/product\/toursgift-online-gift-card-electronic-delivery-15\/#primaryimage","url":"https:\/\/assets.coincards.com\/wp-content\/uploads\/sites\/6\/2024\/06\/04191321\/TRGIF-ES-card-1.png","contentUrl":"https:\/\/assets.coincards.com\/wp-content\/uploads\/sites\/6\/2024\/06\/04191321\/TRGIF-ES-card-1.png","width":675,"height":425},{"@type":"BreadcrumbList","@id":"https:\/\/coincards.com\/eu\/product\/toursgift-online-gift-card-electronic-delivery-15\/#breadcrumb","itemListElement":[{"@type":"ListItem","position":1,"name":"Home","item":"https:\/\/coincards.com\/eu\/"},{"@type":"ListItem","position":2,"name":"All Gift Cards","item":"https:\/\/coincards.com\/eu\/all-gift-cards\/"},{"@type":"ListItem","position":3,"name":"ToursGift Online Gift Card (Electronic Delivery) (Estonia)"}]},{"@type":"WebSite","@id":"https:\/\/coincards.com\/eu\/#website","url":"https:\/\/coincards.com\/eu\/","name":"Coincards Europe","description":"Austrlia&#039;s #1 Cryptocurrency to Gift Card Exchange Service","potentialAction":[{"@type":"SearchAction","target":{"@type":"EntryPoint","urlTemplate":"https:\/\/coincards.com\/eu\/?s={search_term_string}"},"query-input":{"@type":"PropertyValueSpecification","valueRequired":true,"valueName":"search_term_string"}}],"inLanguage":"en-CA"}]},"product_price_amount":"20.00","product_price_currency":"EUR","og_availability":"instock","product_availability":"instock","product_condition":"new"},"_links":{"self":[{"href":"https:\/\/coincards.com\/eu\/wp-json\/wp\/v2\/product\/5039","targetHints":{"allow":["GET"]}}],"collection":[{"href":"https:\/\/coincards.com\/eu\/wp-json\/wp\/v2\/product"}],"about":[{"href":"https:\/\/coincards.com\/eu\/wp-json\/wp\/v2\/types\/product"}],"replies":[{"embeddable":true,"href":"https:\/\/coincards.com\/eu\/wp-json\/wp\/v2\/comments?post=5039"}],"wp:featuredmedia":[{"embeddable":true,"href":"https:\/\/coincards.com\/eu\/wp-json\/wp\/v2\/media\/5901"}],"wp:attachment":[{"href":"https:\/\/coincards.com\/eu\/wp-json\/wp\/v2\/media?parent=5039"}],"wp:term":[{"taxonomy":"product_cat","embeddable":true,"href":"https:\/\/coincards.com\/eu\/wp-json\/wp\/v2\/product_cat?post=5039"},{"taxonomy":"product_tag","embeddable":true,"href":"https:\/\/coincards.com\/eu\/wp-json\/wp\/v2\/product_tag?post=5039"}],"curies":[{"name":"wp","href":"https:\/\/api.w.org\/{rel}","templated":true}]}}