{"id":5038,"date":"2024-05-31T12:45:06","date_gmt":"2024-05-31T20:45:06","guid":{"rendered":"https:\/\/coincards.com\/eu\/?post_type=product&#038;p=5038"},"modified":"2024-06-05T15:25:07","modified_gmt":"2024-06-05T23:25:07","slug":"toursgift-online-gift-card-electronic-delivery-14","status":"publish","type":"product","link":"https:\/\/coincards.com\/eu\/product\/toursgift-online-gift-card-electronic-delivery-14\/","title":{"rendered":"ToursGift Online Gift Card (Electronic Delivery) (Finland)"},"content":{"rendered":"<p>http:\/\/tripgift.com\/info\/terms-and-conditions.aspx<\/p>\n<p>Lunastusohjeet. Lue alla olevat tiedot ohjeet lahjakorttisi lunastamisesta.<br \/>\nLunasta (k\u00e4yt\u00e4) vain verkossa osoitteessa http:\/\/toursgift.com<br \/>\n1) Rekister\u00f6i tili osoitteessa http:\/\/toursgift.com ja napsauta sitten Varaa matka | Lunasta<br \/>\n2) Hae, varaa tai osta tuotetarpeidesi perusteella.<br \/>\n3) Kun olet valinnut tarpeisiisi parhaiten sopivat vaihtoehdot, sy\u00f6t\u00e4<br \/>\ntuotetapahtumaan osallistuvan henkil\u00f6n \/ osallistuvien henkil\u00f6iden tiedot.<br \/>\n4) Siirry maksusivulle ja kopioi ja liit\u00e4 s\u00e4hk\u00f6isen lahjakorttisi koodi<br \/>\nLunasta s\u00e4hk\u00f6isen lahjakortin koodi -ruutuun ja napsauta L\u00e4het\u00e4-kohtaa, jatka hyv\u00e4ksym\u00e4ll\u00e4 ehdot ja napsauta Tilaa nyt -kohtaa<br \/>\nsuorittaaksesi varauksesi ja tapahtumasi loppuun. Saat pian vahvistuksen s\u00e4hk\u00f6postitse.<br \/>\n5) Tapahtumaa kohden sallitaan enint\u00e4\u00e4n kaksi s\u00e4hk\u00f6isen lahjakortin koodia. Jos ostoskorin arvo ylitt\u00e4\u00e4 s\u00e4hk\u00f6isten lahjakorttien arvon, voit maksaa eron Visa-, MasterCard- tai American Express -kortilla.<br \/>\n6) ToursGift-lahjakorttien voimassaoloaika on 12 kuukautta niiden my\u00f6nt\u00e4misen j\u00e4lkeen, paitsi Pohjois-Amerikan asukkaiden lahjakorteissa, jotka eiv\u00e4t vanhene.Irlannissa voimassaoloaika on 60 kuukautta. Australiassa ja Saksassa voimassaoloaika on 36 kuukautta valtiollisten ja osavaltioiden lakien mukaisesti sek\u00e4 vaaditun j\u00e4ljell\u00e4 olevan valtiollisen ja osavaltioiden palautusarvon mukaisesti. T\u00e4ydelliset valuuttaan ja asuinmaan lunastusvaatimuksiin liittyv\u00e4t ehdot ovat osoitteessa http:\/\/tripgift.com\/info\/terms-and-conditions.aspx<br \/>\n7) Kaikki verkkosivuston sis\u00e4lt\u00f6, asiakaspalvelu, liput ja s\u00e4hk\u00f6iset kupongit ovat englanninkielisi\u00e4.Lahjakortteja ja s\u00e4hk\u00f6isi\u00e4 kuponkeja ei voi vaihtaa tai hyvitt\u00e4\u00e4.<br \/>\n8) Nopeita vastauksia ja kysymyksi\u00e4 lahjakorteista ja niiden parhaasta k\u00e4yt\u00f6st\u00e4 on osoitteessa https:\/\/faqs.tripgift.com\/<\/p>\n","protected":false},"excerpt":{"rendered":"<p>ToursGift tarjoaa kaiken tarvittavan paikallisten ja kansainv\u00e4listen yksityisten kiertomatkojen varaamiseen verkossa yli 20 000 Lento + Hotelli -paketillaan ja matkael\u00e4myksell\u00e4\u00e4n ja pakettimatkavalikoimallaan, joista voi varata t\u00e4ydellisen yksityisen kiertomatkan!<\/p>\n<p>ToursGift tarjoaa kiehtovan valikoiman yksityisi\u00e4 kiertomatkael\u00e4myksi\u00e4, kuten ruokailuel\u00e4myksi\u00e4, kuumailmapallo- tai helikopterimatkoja, safari-, huvijahti- ja maantiematkoja, jotka luovat koko el\u00e4m\u00e4n kest\u00e4vi\u00e4 positiivisia muistoja.<\/p>\n<p>ToursGift tarjoaa ainutlaatuisen jaettujen verkkomaksujen ominaisuuden, jonka ansiosta voit k\u00e4ytt\u00e4\u00e4 kahta maksukorttia, joilla voit suorittaa ostotapahtumasi v\u00e4litt\u00f6mill\u00e4 bonusmatkapalkinnoilla.<\/p>\n","protected":false},"featured_media":5901,"comment_status":"closed","ping_status":"closed","template":"","meta":{"_exactmetrics_skip_tracking":false,"_exactmetrics_sitenote_active":false,"_exactmetrics_sitenote_note":"","_exactmetrics_sitenote_category":0},"product_cat":[20],"product_tag":[],"class_list":{"0":"post-5038","1":"product","2":"type-product","3":"status-publish","4":"has-post-thumbnail","6":"product_brand-toursgift","7":"product_cat-electronic-gift-cards","8":"pa_country-availability-finland","10":"first","11":"instock","12":"virtual","13":"purchasable","14":"product-type-simple","15":"nyp-product"},"yoast_head":"<!-- This site is optimized with the Yoast SEO Premium plugin v20.11 (Yoast SEO v27.3) - https:\/\/yoast.com\/product\/yoast-seo-premium-wordpress\/ -->\n<title>ToursGift Online Gift Card (Electronic Delivery) (Finland) - Coincards Europe<\/title>\n<meta name=\"robots\" content=\"index, follow, max-snippet:-1, max-image-preview:large, max-video-preview:-1\" \/>\n<link rel=\"canonical\" href=\"https:\/\/coincards.com\/eu\/product\/toursgift-online-gift-card-electronic-delivery-14\/\" \/>\n<meta property=\"og:locale\" content=\"en_US\" \/>\n<meta property=\"og:type\" content=\"article\" \/>\n<meta property=\"og:title\" content=\"ToursGift Online Gift Card (Electronic Delivery) (Finland)\" \/>\n<meta property=\"og:description\" content=\"ToursGift tarjoaa kaiken tarvittavan paikallisten ja kansainv\u00e4listen yksityisten kiertomatkojen varaamiseen verkossa yli 20 000 Lento + Hotelli -paketillaan ja matkael\u00e4myksell\u00e4\u00e4n ja pakettimatkavalikoimallaan, joista voi varata t\u00e4ydellisen yksityisen kiertomatkan!  ToursGift tarjoaa kiehtovan valikoiman yksityisi\u00e4 kiertomatkael\u00e4myksi\u00e4, kuten ruokailuel\u00e4myksi\u00e4, kuumailmapallo- tai helikopterimatkoja, safari-, huvijahti- ja maantiematkoja, jotka luovat koko el\u00e4m\u00e4n kest\u00e4vi\u00e4 positiivisia muistoja.  ToursGift tarjoaa ainutlaatuisen jaettujen verkkomaksujen ominaisuuden, jonka ansiosta voit k\u00e4ytt\u00e4\u00e4 kahta maksukorttia, joilla voit suorittaa ostotapahtumasi v\u00e4litt\u00f6mill\u00e4 bonusmatkapalkinnoilla.\" \/>\n<meta property=\"og:url\" content=\"https:\/\/coincards.com\/eu\/product\/toursgift-online-gift-card-electronic-delivery-14\/\" \/>\n<meta property=\"og:site_name\" content=\"Coincards Europe\" \/>\n<meta property=\"article:modified_time\" content=\"2024-06-05T23:25:07+00:00\" \/>\n<meta property=\"og:image\" content=\"https:\/\/assets.coincards.com\/wp-content\/uploads\/sites\/6\/2024\/06\/04191321\/TRGIF-ES-card-1.png\" \/>\n\t<meta property=\"og:image:width\" content=\"675\" \/>\n\t<meta property=\"og:image:height\" content=\"425\" \/>\n\t<meta property=\"og:image:type\" content=\"image\/png\" \/>\n<meta name=\"twitter:card\" content=\"summary_large_image\" \/>\n<meta name=\"twitter:label1\" content=\"Price\" \/>\n\t<meta name=\"twitter:data1\" content=\"&euro;20.00\" \/>\n\t<meta name=\"twitter:label2\" content=\"Availability\" \/>\n\t<meta name=\"twitter:data2\" content=\"In stock\" \/>\n<script type=\"application\/ld+json\" class=\"yoast-schema-graph\">{\"@context\":\"https:\\\/\\\/schema.org\",\"@graph\":[{\"@type\":\"WebPage\",\"@id\":\"https:\\\/\\\/coincards.com\\\/eu\\\/product\\\/toursgift-online-gift-card-electronic-delivery-14\\\/\",\"url\":\"https:\\\/\\\/coincards.com\\\/eu\\\/product\\\/toursgift-online-gift-card-electronic-delivery-14\\\/\",\"name\":\"ToursGift Online Gift Card (Electronic Delivery) (Finland) - Coincards Europe\",\"isPartOf\":{\"@id\":\"https:\\\/\\\/coincards.com\\\/eu\\\/#website\"},\"primaryImageOfPage\":{\"@id\":\"https:\\\/\\\/coincards.com\\\/eu\\\/product\\\/toursgift-online-gift-card-electronic-delivery-14\\\/#primaryimage\"},\"image\":{\"@id\":\"https:\\\/\\\/coincards.com\\\/eu\\\/product\\\/toursgift-online-gift-card-electronic-delivery-14\\\/#primaryimage\"},\"thumbnailUrl\":\"https:\\\/\\\/assets.coincards.com\\\/wp-content\\\/uploads\\\/sites\\\/6\\\/2024\\\/06\\\/04191321\\\/TRGIF-ES-card-1.png\",\"datePublished\":\"2024-05-31T20:45:06+00:00\",\"dateModified\":\"2024-06-05T23:25:07+00:00\",\"breadcrumb\":{\"@id\":\"https:\\\/\\\/coincards.com\\\/eu\\\/product\\\/toursgift-online-gift-card-electronic-delivery-14\\\/#breadcrumb\"},\"inLanguage\":\"en-CA\",\"potentialAction\":[{\"@type\":\"ReadAction\",\"target\":[\"https:\\\/\\\/coincards.com\\\/eu\\\/product\\\/toursgift-online-gift-card-electronic-delivery-14\\\/\"]}]},{\"@type\":\"ImageObject\",\"inLanguage\":\"en-CA\",\"@id\":\"https:\\\/\\\/coincards.com\\\/eu\\\/product\\\/toursgift-online-gift-card-electronic-delivery-14\\\/#primaryimage\",\"url\":\"https:\\\/\\\/assets.coincards.com\\\/wp-content\\\/uploads\\\/sites\\\/6\\\/2024\\\/06\\\/04191321\\\/TRGIF-ES-card-1.png\",\"contentUrl\":\"https:\\\/\\\/assets.coincards.com\\\/wp-content\\\/uploads\\\/sites\\\/6\\\/2024\\\/06\\\/04191321\\\/TRGIF-ES-card-1.png\",\"width\":675,\"height\":425},{\"@type\":\"BreadcrumbList\",\"@id\":\"https:\\\/\\\/coincards.com\\\/eu\\\/product\\\/toursgift-online-gift-card-electronic-delivery-14\\\/#breadcrumb\",\"itemListElement\":[{\"@type\":\"ListItem\",\"position\":1,\"name\":\"Home\",\"item\":\"https:\\\/\\\/coincards.com\\\/eu\\\/\"},{\"@type\":\"ListItem\",\"position\":2,\"name\":\"All Gift Cards\",\"item\":\"https:\\\/\\\/coincards.com\\\/eu\\\/all-gift-cards\\\/\"},{\"@type\":\"ListItem\",\"position\":3,\"name\":\"ToursGift Online Gift Card (Electronic Delivery) (Finland)\"}]},{\"@type\":\"WebSite\",\"@id\":\"https:\\\/\\\/coincards.com\\\/eu\\\/#website\",\"url\":\"https:\\\/\\\/coincards.com\\\/eu\\\/\",\"name\":\"Coincards Europe\",\"description\":\"Austrlia&#039;s #1 Cryptocurrency to Gift Card Exchange Service\",\"potentialAction\":[{\"@type\":\"SearchAction\",\"target\":{\"@type\":\"EntryPoint\",\"urlTemplate\":\"https:\\\/\\\/coincards.com\\\/eu\\\/?s={search_term_string}\"},\"query-input\":{\"@type\":\"PropertyValueSpecification\",\"valueRequired\":true,\"valueName\":\"search_term_string\"}}],\"inLanguage\":\"en-CA\"}]}<\/script>\n<meta property=\"product:price:amount\" content=\"20.00\" \/>\n<meta property=\"product:price:currency\" content=\"EUR\" \/>\n<meta property=\"og:availability\" content=\"instock\" \/>\n<meta property=\"product:availability\" content=\"instock\" \/>\n<meta property=\"product:condition\" content=\"new\" \/>\n<!-- \/ Yoast SEO Premium plugin. -->","yoast_head_json":{"title":"ToursGift Online Gift Card (Electronic Delivery) (Finland) - Coincards Europe","robots":{"index":"index","follow":"follow","max-snippet":"max-snippet:-1","max-image-preview":"max-image-preview:large","max-video-preview":"max-video-preview:-1"},"canonical":"https:\/\/coincards.com\/eu\/product\/toursgift-online-gift-card-electronic-delivery-14\/","og_locale":"en_US","og_type":"article","og_title":"ToursGift Online Gift Card (Electronic Delivery) (Finland)","og_description":"ToursGift tarjoaa kaiken tarvittavan paikallisten ja kansainv\u00e4listen yksityisten kiertomatkojen varaamiseen verkossa yli 20 000 Lento + Hotelli -paketillaan ja matkael\u00e4myksell\u00e4\u00e4n ja pakettimatkavalikoimallaan, joista voi varata t\u00e4ydellisen yksityisen kiertomatkan!  ToursGift tarjoaa kiehtovan valikoiman yksityisi\u00e4 kiertomatkael\u00e4myksi\u00e4, kuten ruokailuel\u00e4myksi\u00e4, kuumailmapallo- tai helikopterimatkoja, safari-, huvijahti- ja maantiematkoja, jotka luovat koko el\u00e4m\u00e4n kest\u00e4vi\u00e4 positiivisia muistoja.  ToursGift tarjoaa ainutlaatuisen jaettujen verkkomaksujen ominaisuuden, jonka ansiosta voit k\u00e4ytt\u00e4\u00e4 kahta maksukorttia, joilla voit suorittaa ostotapahtumasi v\u00e4litt\u00f6mill\u00e4 bonusmatkapalkinnoilla.","og_url":"https:\/\/coincards.com\/eu\/product\/toursgift-online-gift-card-electronic-delivery-14\/","og_site_name":"Coincards Europe","article_modified_time":"2024-06-05T23:25:07+00:00","og_image":[{"width":675,"height":425,"url":"https:\/\/assets.coincards.com\/wp-content\/uploads\/sites\/6\/2024\/06\/04191321\/TRGIF-ES-card-1.png","type":"image\/png"}],"twitter_card":"summary_large_image","twitter_misc":{"Price":"&euro;20.00","Availability":"In stock"},"schema":{"@context":"https:\/\/schema.org","@graph":[{"@type":"WebPage","@id":"https:\/\/coincards.com\/eu\/product\/toursgift-online-gift-card-electronic-delivery-14\/","url":"https:\/\/coincards.com\/eu\/product\/toursgift-online-gift-card-electronic-delivery-14\/","name":"ToursGift Online Gift Card (Electronic Delivery) (Finland) - Coincards Europe","isPartOf":{"@id":"https:\/\/coincards.com\/eu\/#website"},"primaryImageOfPage":{"@id":"https:\/\/coincards.com\/eu\/product\/toursgift-online-gift-card-electronic-delivery-14\/#primaryimage"},"image":{"@id":"https:\/\/coincards.com\/eu\/product\/toursgift-online-gift-card-electronic-delivery-14\/#primaryimage"},"thumbnailUrl":"https:\/\/assets.coincards.com\/wp-content\/uploads\/sites\/6\/2024\/06\/04191321\/TRGIF-ES-card-1.png","datePublished":"2024-05-31T20:45:06+00:00","dateModified":"2024-06-05T23:25:07+00:00","breadcrumb":{"@id":"https:\/\/coincards.com\/eu\/product\/toursgift-online-gift-card-electronic-delivery-14\/#breadcrumb"},"inLanguage":"en-CA","potentialAction":[{"@type":"ReadAction","target":["https:\/\/coincards.com\/eu\/product\/toursgift-online-gift-card-electronic-delivery-14\/"]}]},{"@type":"ImageObject","inLanguage":"en-CA","@id":"https:\/\/coincards.com\/eu\/product\/toursgift-online-gift-card-electronic-delivery-14\/#primaryimage","url":"https:\/\/assets.coincards.com\/wp-content\/uploads\/sites\/6\/2024\/06\/04191321\/TRGIF-ES-card-1.png","contentUrl":"https:\/\/assets.coincards.com\/wp-content\/uploads\/sites\/6\/2024\/06\/04191321\/TRGIF-ES-card-1.png","width":675,"height":425},{"@type":"BreadcrumbList","@id":"https:\/\/coincards.com\/eu\/product\/toursgift-online-gift-card-electronic-delivery-14\/#breadcrumb","itemListElement":[{"@type":"ListItem","position":1,"name":"Home","item":"https:\/\/coincards.com\/eu\/"},{"@type":"ListItem","position":2,"name":"All Gift Cards","item":"https:\/\/coincards.com\/eu\/all-gift-cards\/"},{"@type":"ListItem","position":3,"name":"ToursGift Online Gift Card (Electronic Delivery) (Finland)"}]},{"@type":"WebSite","@id":"https:\/\/coincards.com\/eu\/#website","url":"https:\/\/coincards.com\/eu\/","name":"Coincards Europe","description":"Austrlia&#039;s #1 Cryptocurrency to Gift Card Exchange Service","potentialAction":[{"@type":"SearchAction","target":{"@type":"EntryPoint","urlTemplate":"https:\/\/coincards.com\/eu\/?s={search_term_string}"},"query-input":{"@type":"PropertyValueSpecification","valueRequired":true,"valueName":"search_term_string"}}],"inLanguage":"en-CA"}]},"product_price_amount":"20.00","product_price_currency":"EUR","og_availability":"instock","product_availability":"instock","product_condition":"new"},"_links":{"self":[{"href":"https:\/\/coincards.com\/eu\/wp-json\/wp\/v2\/product\/5038","targetHints":{"allow":["GET"]}}],"collection":[{"href":"https:\/\/coincards.com\/eu\/wp-json\/wp\/v2\/product"}],"about":[{"href":"https:\/\/coincards.com\/eu\/wp-json\/wp\/v2\/types\/product"}],"replies":[{"embeddable":true,"href":"https:\/\/coincards.com\/eu\/wp-json\/wp\/v2\/comments?post=5038"}],"wp:featuredmedia":[{"embeddable":true,"href":"https:\/\/coincards.com\/eu\/wp-json\/wp\/v2\/media\/5901"}],"wp:attachment":[{"href":"https:\/\/coincards.com\/eu\/wp-json\/wp\/v2\/media?parent=5038"}],"wp:term":[{"taxonomy":"product_cat","embeddable":true,"href":"https:\/\/coincards.com\/eu\/wp-json\/wp\/v2\/product_cat?post=5038"},{"taxonomy":"product_tag","embeddable":true,"href":"https:\/\/coincards.com\/eu\/wp-json\/wp\/v2\/product_tag?post=5038"}],"curies":[{"name":"wp","href":"https:\/\/api.w.org\/{rel}","templated":true}]}}