{"id":5037,"date":"2024-05-31T12:42:48","date_gmt":"2024-05-31T20:42:48","guid":{"rendered":"https:\/\/coincards.com\/eu\/?post_type=product&#038;p=5037"},"modified":"2024-06-05T15:25:08","modified_gmt":"2024-06-05T23:25:08","slug":"toursgift-online-gift-card-electronic-delivery-13","status":"publish","type":"product","link":"https:\/\/coincards.com\/eu\/product\/toursgift-online-gift-card-electronic-delivery-13\/","title":{"rendered":"ToursGift Online Gift Card (Electronic Delivery) (France)"},"content":{"rendered":"<p>http:\/\/tripgift.com\/info\/terms-and-conditions.aspx<\/p>\n<p>Instructions pour l\u2019utilisation de la carte-cadeau. Veuillez lire les informations ci-dessous pour savoir comment utiliser votre carte-cadeau.<br \/>\nUtilisez la carte-cadeau en ligne uniquement sur : http:\/\/toursgift.com<br \/>\n1) Cr\u00e9ez un compte sur http:\/\/toursgift.com, puis cliquez sur \u00ab R\u00e9server un voyage | Utiliser la carte-cadeau \u00bb (Book Trip | Redeem)<br \/>\n2) Recherchez, r\u00e9servez ou achetez le produit qui vous convient.<br \/>\n3) Une fois que vous avez s\u00e9lectionn\u00e9 les options qui correspondent le mieux \u00e0 vos besoins, saisissez les informations concernant la personne<br \/>\nou toutes les personnes impliqu\u00e9es dans la r\u00e9servation ou l\u2019op\u00e9ration associ\u00e9e au produit<br \/>\n4) Acc\u00e9dez \u00e0 la page de paiement, copiez et collez le code de votre carte-cadeau \u00e9lectronique eGift dans la case destin\u00e9e au \u00ab Code<br \/>\nde la carte eGift \u00e0 utiliser \u00bb (Redeem eGift card code), puis cliquez sur \u00ab Soumettre \u00bb (submit), acceptez ensuite les conditions g\u00e9n\u00e9rales, et cliquez sur \u00ab Commander maintenant \u00bb (Order now) pour<br \/>\nfinaliser votre r\u00e9servation et votre op\u00e9ration, vous recevrez sous peu une confirmation par e-mail.<br \/>\n5) 2 codes de carte eGift au maximum sont autoris\u00e9s par op\u00e9ration, si la valeur de votre panier d\u00e9passe la valeur des cartes eGift, vous pouvez payer la diff\u00e9rence avec une carte Visa, MasterCard ou American Express.<br \/>\n6) Les cartes-cadeaux TripGift ont une dur\u00e9e de 12 mois \u00e0 compter de leur date d\u2019\u00e9mission, sauf en ce qui concerne les r\u00e9sidents d&#8217;Am\u00e9rique du Nord pour lesquels les cartes-cadeaux n\u2019ont pas de date d\u2019expiration. Pour l&#8217;Irlande, la dur\u00e9e est de 60 mois et pour l&#8217;Australie et Allemagne, elle est de 36 mois, sous r\u00e9serve de la l\u00e9gislation locale de l&#8217;\u00c9tat et nationale, et de la r\u00e9glementation concernant la valeur requise du remboursement restant pour chaque \u00c9tat et pays. Pour conna\u00eetre les exigences li\u00e9es \u00e0 l\u2019utilisation de la carte-cadeau en fonction de la devise et du pays de r\u00e9sidence, veuillez consulter ,les conditions g\u00e9n\u00e9rales compl\u00e8tes sur http:\/\/tripgift.com\/info\/terms-and-conditions.aspx<br \/>\n7) Le contenu du site Web, le service client, les billets et les bons \u00e9lectroniques sont tous en anglais. Les cartes-cadeaux et les bons \u00e9lectroniques ne peuvent \u00eatre ni \u00e9chang\u00e9s ni rembours\u00e9s.<br \/>\n8) Pour des r\u00e9ponses rapides et des questions concernant les cartes-cadeaux et la meilleure utilisation, veuillez consulter https:\/\/faqs.tripgift.com\/<\/p>\n","protected":false},"excerpt":{"rendered":"<p>ToursGift met \u00e0 votre disposition tout ce dont vous avez besoin pour r\u00e9server en ligne des excursions priv\u00e9es locales et internationales comprenant plus de 20 000 choix de forfaits Vol + H\u00f4tel, ainsi que des excursions et une vaste s\u00e9lection de voyages organis\u00e9s pour planifier la parfaite escapade touristique priv\u00e9e !<\/p>\n<p>ToursGift propose un large \u00e9ventail d\u2019excursions priv\u00e9es fascinantes, y compris des exp\u00e9riences gastronomiques des vols en montgolfi\u00e8re ou en h\u00e9licopt\u00e8re, des safaris, des croisi\u00e8res sur un yacht et des voyages en voiture, pour cr\u00e9er des souvenirs inoubliables.<\/p>\n<p>ToursGift offre une fonctionnalit\u00e9 unique de paiements fractionn\u00e9s en ligne vous permettant d&#8217;utiliser deux cartes de paiement<br \/>\npour compl\u00e9ter votre op\u00e9ration d&#8217;achat avec des primes de voyage instantan\u00e9es.<\/p>\n","protected":false},"featured_media":5901,"comment_status":"closed","ping_status":"closed","template":"","meta":{"_exactmetrics_skip_tracking":false,"_exactmetrics_sitenote_active":false,"_exactmetrics_sitenote_note":"","_exactmetrics_sitenote_category":0},"product_cat":[20],"product_tag":[],"class_list":{"0":"post-5037","1":"product","2":"type-product","3":"status-publish","4":"has-post-thumbnail","6":"product_brand-toursgift","7":"product_cat-electronic-gift-cards","8":"pa_country-availability-france","10":"first","11":"instock","12":"virtual","13":"purchasable","14":"product-type-simple","15":"nyp-product"},"yoast_head":"<!-- This site is optimized with the Yoast SEO Premium plugin v20.11 (Yoast SEO v25.8) - https:\/\/yoast.com\/wordpress\/plugins\/seo\/ -->\n<title>ToursGift Online Gift Card (Electronic Delivery) (France) - Coincards Europe<\/title>\n<meta name=\"robots\" content=\"index, follow, max-snippet:-1, max-image-preview:large, max-video-preview:-1\" \/>\n<link rel=\"canonical\" href=\"https:\/\/coincards.com\/eu\/product\/toursgift-online-gift-card-electronic-delivery-13\/\" \/>\n<meta property=\"og:locale\" content=\"en_US\" \/>\n<meta property=\"og:type\" content=\"article\" \/>\n<meta property=\"og:title\" content=\"ToursGift Online Gift Card (Electronic Delivery) (France)\" \/>\n<meta property=\"og:description\" content=\"ToursGift met \u00e0 votre disposition tout ce dont vous avez besoin pour r\u00e9server en ligne des excursions priv\u00e9es locales et internationales comprenant plus de 20 000 choix de forfaits Vol + H\u00f4tel, ainsi que des excursions et une vaste s\u00e9lection de voyages organis\u00e9s pour planifier la parfaite escapade touristique priv\u00e9e !  ToursGift propose un large \u00e9ventail d\u2019excursions priv\u00e9es fascinantes, y compris des exp\u00e9riences gastronomiques des vols en montgolfi\u00e8re ou en h\u00e9licopt\u00e8re, des safaris, des croisi\u00e8res sur un yacht et des voyages en voiture, pour cr\u00e9er des souvenirs inoubliables.  ToursGift offre une fonctionnalit\u00e9 unique de paiements fractionn\u00e9s en ligne vous permettant d&#039;utiliser deux cartes de paiement pour compl\u00e9ter votre op\u00e9ration d&#039;achat avec des primes de voyage instantan\u00e9es.\" \/>\n<meta property=\"og:url\" content=\"https:\/\/coincards.com\/eu\/product\/toursgift-online-gift-card-electronic-delivery-13\/\" \/>\n<meta property=\"og:site_name\" content=\"Coincards Europe\" \/>\n<meta property=\"article:modified_time\" content=\"2024-06-05T23:25:08+00:00\" \/>\n<meta property=\"og:image\" content=\"https:\/\/assets.coincards.com\/wp-content\/uploads\/sites\/6\/2024\/06\/04191321\/TRGIF-ES-card-1.png\" \/>\n\t<meta property=\"og:image:width\" content=\"675\" \/>\n\t<meta property=\"og:image:height\" content=\"425\" \/>\n\t<meta property=\"og:image:type\" content=\"image\/png\" \/>\n<meta name=\"twitter:card\" content=\"summary_large_image\" \/>\n<meta name=\"twitter:label1\" content=\"Price\" \/>\n\t<meta name=\"twitter:data1\" content=\"&euro;20.00\" \/>\n\t<meta name=\"twitter:label2\" content=\"Availability\" \/>\n\t<meta name=\"twitter:data2\" content=\"In stock\" \/>\n<script type=\"application\/ld+json\" class=\"yoast-schema-graph\">{\"@context\":\"https:\/\/schema.org\",\"@graph\":[{\"@type\":\"WebPage\",\"@id\":\"https:\/\/coincards.com\/eu\/product\/toursgift-online-gift-card-electronic-delivery-13\/\",\"url\":\"https:\/\/coincards.com\/eu\/product\/toursgift-online-gift-card-electronic-delivery-13\/\",\"name\":\"ToursGift Online Gift Card (Electronic Delivery) (France) - Coincards Europe\",\"isPartOf\":{\"@id\":\"https:\/\/coincards.com\/eu\/#website\"},\"primaryImageOfPage\":{\"@id\":\"https:\/\/coincards.com\/eu\/product\/toursgift-online-gift-card-electronic-delivery-13\/#primaryimage\"},\"image\":{\"@id\":\"https:\/\/coincards.com\/eu\/product\/toursgift-online-gift-card-electronic-delivery-13\/#primaryimage\"},\"thumbnailUrl\":\"https:\/\/assets.coincards.com\/wp-content\/uploads\/sites\/6\/2024\/06\/04191321\/TRGIF-ES-card-1.png\",\"datePublished\":\"2024-05-31T20:42:48+00:00\",\"dateModified\":\"2024-06-05T23:25:08+00:00\",\"breadcrumb\":{\"@id\":\"https:\/\/coincards.com\/eu\/product\/toursgift-online-gift-card-electronic-delivery-13\/#breadcrumb\"},\"inLanguage\":\"en-CA\",\"potentialAction\":[{\"@type\":\"ReadAction\",\"target\":[\"https:\/\/coincards.com\/eu\/product\/toursgift-online-gift-card-electronic-delivery-13\/\"]}]},{\"@type\":\"ImageObject\",\"inLanguage\":\"en-CA\",\"@id\":\"https:\/\/coincards.com\/eu\/product\/toursgift-online-gift-card-electronic-delivery-13\/#primaryimage\",\"url\":\"https:\/\/assets.coincards.com\/wp-content\/uploads\/sites\/6\/2024\/06\/04191321\/TRGIF-ES-card-1.png\",\"contentUrl\":\"https:\/\/assets.coincards.com\/wp-content\/uploads\/sites\/6\/2024\/06\/04191321\/TRGIF-ES-card-1.png\",\"width\":675,\"height\":425},{\"@type\":\"BreadcrumbList\",\"@id\":\"https:\/\/coincards.com\/eu\/product\/toursgift-online-gift-card-electronic-delivery-13\/#breadcrumb\",\"itemListElement\":[{\"@type\":\"ListItem\",\"position\":1,\"name\":\"Home\",\"item\":\"https:\/\/coincards.com\/eu\/\"},{\"@type\":\"ListItem\",\"position\":2,\"name\":\"All Gift Cards\",\"item\":\"https:\/\/coincards.com\/eu\/all-gift-cards\/\"},{\"@type\":\"ListItem\",\"position\":3,\"name\":\"ToursGift Online Gift Card (Electronic Delivery) (France)\"}]},{\"@type\":\"WebSite\",\"@id\":\"https:\/\/coincards.com\/eu\/#website\",\"url\":\"https:\/\/coincards.com\/eu\/\",\"name\":\"Coincards Europe\",\"description\":\"Austrlia&#039;s #1 Cryptocurrency to Gift Card Exchange Service\",\"potentialAction\":[{\"@type\":\"SearchAction\",\"target\":{\"@type\":\"EntryPoint\",\"urlTemplate\":\"https:\/\/coincards.com\/eu\/?s={search_term_string}\"},\"query-input\":{\"@type\":\"PropertyValueSpecification\",\"valueRequired\":true,\"valueName\":\"search_term_string\"}}],\"inLanguage\":\"en-CA\"}]}<\/script>\n<meta property=\"product:price:amount\" content=\"20.00\" \/>\n<meta property=\"product:price:currency\" content=\"EUR\" \/>\n<meta property=\"og:availability\" content=\"instock\" \/>\n<meta property=\"product:availability\" content=\"instock\" \/>\n<meta property=\"product:condition\" content=\"new\" \/>\n<!-- \/ Yoast SEO Premium plugin. -->","yoast_head_json":{"title":"ToursGift Online Gift Card (Electronic Delivery) (France) - Coincards Europe","robots":{"index":"index","follow":"follow","max-snippet":"max-snippet:-1","max-image-preview":"max-image-preview:large","max-video-preview":"max-video-preview:-1"},"canonical":"https:\/\/coincards.com\/eu\/product\/toursgift-online-gift-card-electronic-delivery-13\/","og_locale":"en_US","og_type":"article","og_title":"ToursGift Online Gift Card (Electronic Delivery) (France)","og_description":"ToursGift met \u00e0 votre disposition tout ce dont vous avez besoin pour r\u00e9server en ligne des excursions priv\u00e9es locales et internationales comprenant plus de 20 000 choix de forfaits Vol + H\u00f4tel, ainsi que des excursions et une vaste s\u00e9lection de voyages organis\u00e9s pour planifier la parfaite escapade touristique priv\u00e9e !  ToursGift propose un large \u00e9ventail d\u2019excursions priv\u00e9es fascinantes, y compris des exp\u00e9riences gastronomiques des vols en montgolfi\u00e8re ou en h\u00e9licopt\u00e8re, des safaris, des croisi\u00e8res sur un yacht et des voyages en voiture, pour cr\u00e9er des souvenirs inoubliables.  ToursGift offre une fonctionnalit\u00e9 unique de paiements fractionn\u00e9s en ligne vous permettant d'utiliser deux cartes de paiement pour compl\u00e9ter votre op\u00e9ration d'achat avec des primes de voyage instantan\u00e9es.","og_url":"https:\/\/coincards.com\/eu\/product\/toursgift-online-gift-card-electronic-delivery-13\/","og_site_name":"Coincards Europe","article_modified_time":"2024-06-05T23:25:08+00:00","og_image":[{"width":675,"height":425,"url":"https:\/\/assets.coincards.com\/wp-content\/uploads\/sites\/6\/2024\/06\/04191321\/TRGIF-ES-card-1.png","type":"image\/png"}],"twitter_card":"summary_large_image","twitter_misc":{"Price":"&euro;20.00","Availability":"In stock"},"schema":{"@context":"https:\/\/schema.org","@graph":[{"@type":"WebPage","@id":"https:\/\/coincards.com\/eu\/product\/toursgift-online-gift-card-electronic-delivery-13\/","url":"https:\/\/coincards.com\/eu\/product\/toursgift-online-gift-card-electronic-delivery-13\/","name":"ToursGift Online Gift Card (Electronic Delivery) (France) - Coincards Europe","isPartOf":{"@id":"https:\/\/coincards.com\/eu\/#website"},"primaryImageOfPage":{"@id":"https:\/\/coincards.com\/eu\/product\/toursgift-online-gift-card-electronic-delivery-13\/#primaryimage"},"image":{"@id":"https:\/\/coincards.com\/eu\/product\/toursgift-online-gift-card-electronic-delivery-13\/#primaryimage"},"thumbnailUrl":"https:\/\/assets.coincards.com\/wp-content\/uploads\/sites\/6\/2024\/06\/04191321\/TRGIF-ES-card-1.png","datePublished":"2024-05-31T20:42:48+00:00","dateModified":"2024-06-05T23:25:08+00:00","breadcrumb":{"@id":"https:\/\/coincards.com\/eu\/product\/toursgift-online-gift-card-electronic-delivery-13\/#breadcrumb"},"inLanguage":"en-CA","potentialAction":[{"@type":"ReadAction","target":["https:\/\/coincards.com\/eu\/product\/toursgift-online-gift-card-electronic-delivery-13\/"]}]},{"@type":"ImageObject","inLanguage":"en-CA","@id":"https:\/\/coincards.com\/eu\/product\/toursgift-online-gift-card-electronic-delivery-13\/#primaryimage","url":"https:\/\/assets.coincards.com\/wp-content\/uploads\/sites\/6\/2024\/06\/04191321\/TRGIF-ES-card-1.png","contentUrl":"https:\/\/assets.coincards.com\/wp-content\/uploads\/sites\/6\/2024\/06\/04191321\/TRGIF-ES-card-1.png","width":675,"height":425},{"@type":"BreadcrumbList","@id":"https:\/\/coincards.com\/eu\/product\/toursgift-online-gift-card-electronic-delivery-13\/#breadcrumb","itemListElement":[{"@type":"ListItem","position":1,"name":"Home","item":"https:\/\/coincards.com\/eu\/"},{"@type":"ListItem","position":2,"name":"All Gift Cards","item":"https:\/\/coincards.com\/eu\/all-gift-cards\/"},{"@type":"ListItem","position":3,"name":"ToursGift Online Gift Card (Electronic Delivery) (France)"}]},{"@type":"WebSite","@id":"https:\/\/coincards.com\/eu\/#website","url":"https:\/\/coincards.com\/eu\/","name":"Coincards Europe","description":"Austrlia&#039;s #1 Cryptocurrency to Gift Card Exchange Service","potentialAction":[{"@type":"SearchAction","target":{"@type":"EntryPoint","urlTemplate":"https:\/\/coincards.com\/eu\/?s={search_term_string}"},"query-input":{"@type":"PropertyValueSpecification","valueRequired":true,"valueName":"search_term_string"}}],"inLanguage":"en-CA"}]},"product_price_amount":"20.00","product_price_currency":"EUR","og_availability":"instock","product_availability":"instock","product_condition":"new"},"_links":{"self":[{"href":"https:\/\/coincards.com\/eu\/wp-json\/wp\/v2\/product\/5037","targetHints":{"allow":["GET"]}}],"collection":[{"href":"https:\/\/coincards.com\/eu\/wp-json\/wp\/v2\/product"}],"about":[{"href":"https:\/\/coincards.com\/eu\/wp-json\/wp\/v2\/types\/product"}],"replies":[{"embeddable":true,"href":"https:\/\/coincards.com\/eu\/wp-json\/wp\/v2\/comments?post=5037"}],"wp:featuredmedia":[{"embeddable":true,"href":"https:\/\/coincards.com\/eu\/wp-json\/wp\/v2\/media\/5901"}],"wp:attachment":[{"href":"https:\/\/coincards.com\/eu\/wp-json\/wp\/v2\/media?parent=5037"}],"wp:term":[{"taxonomy":"product_cat","embeddable":true,"href":"https:\/\/coincards.com\/eu\/wp-json\/wp\/v2\/product_cat?post=5037"},{"taxonomy":"product_tag","embeddable":true,"href":"https:\/\/coincards.com\/eu\/wp-json\/wp\/v2\/product_tag?post=5037"}],"curies":[{"name":"wp","href":"https:\/\/api.w.org\/{rel}","templated":true}]}}