{"id":5031,"date":"2024-05-31T12:04:10","date_gmt":"2024-05-31T20:04:10","guid":{"rendered":"https:\/\/coincards.com\/eu\/?post_type=product&#038;p=5031"},"modified":"2024-06-05T15:25:16","modified_gmt":"2024-06-05T23:25:16","slug":"toursgift-online-gift-card-electronic-delivery-7","status":"publish","type":"product","link":"https:\/\/coincards.com\/eu\/product\/toursgift-online-gift-card-electronic-delivery-7\/","title":{"rendered":"ToursGift Online Gift Card (Electronic Delivery) (Lithuania)"},"content":{"rendered":"<p>1) Vienai operacijai leid\u017eiami ne daugiau kaip 2 e-Dovan\u0173 korteli\u0173 kodai, jei j\u016bs\u0173 krep\u0161elio vert\u0117 vir\u0161ija el. dovan\u0173 korteli\u0173 vert\u0119, skirtum\u0105 galite sumok\u0117ti naudodami Visa, MasterCard arba American Express.<\/p>\n<p>2) ToursGift dovan\u0173 kortel\u0117s galioja 12 m\u0117nesi\u0173 nuo i\u0161davimo, i\u0161skyrus \u0160iaur\u0117s Amerikos gyventojams dovan\u0173 korteli\u0173 galiojimo laikas nesibaigia. Airija galioja 60 m\u0117nesi\u0173, o Australija ir Vokietija \u2013 36 m\u0117nesius, atsi\u017evelgiant \u012f vietinius valstijos ir \u0161alies \u012fstatymus ir bet koki\u0105 reikalaujam\u0105 likutin\u0119 gr\u0105\u017einam\u0105j\u0105 sum\u0105 kiekvienai valstijai ir \u0161aliai. Nor\u0117dami su\u017einoti visas valiutos ir gyvenamosios \u0161alies i\u0161pirkimo reikalavim\u0173 s\u0105lygas, apsilankykite http: \/\/tripgift.com\/info\/terms-and-conditions.aspx<\/p>\n<p>3) Visas svetain\u0117s turinys, klient\u0173 aptarnavimas, bilietai ir el. kuponai bus angl\u0173 kalba. Dovan\u0173 kortel\u0117s ir elektroniniai \u010dekiai negali b\u016bti kei\u010diami arba gr\u0105\u017einami.<\/p>\n<p>4) Nor\u0117dami gauti greit\u0173 atsakym\u0173 ir bet koki\u0173 klausim\u0173 d\u0117l dovan\u0173 korteli\u0173 ir geriausio panaudojimo, apsilankykite https:\/\/faqs.tripgift.com\/<\/p>\n<p>I\u0161pirkimo instrukcijos. Perskaitykite toliau pateikt\u0105 informacij\u0105, kad gautum\u0117te instrukcijas, kaip i\u0161pirkti dovan\u0173 kortel\u0119.<br \/>\nI\u0161pirkite (naudokite) Tik internetu: http:\/\/toursgift.com<\/p>\n<p>1) U\u017eregistruokite paskyr\u0105 adresu http:\/\/toursgift.com, tada spustel\u0117kite U\u017esakyti kelion\u0119 | I\u0161pirkti<\/p>\n<p>2) Ie\u0161kokite, u\u017esisakykite arba pirkite pagal savo produkt\u0173 poreikius.<\/p>\n<p>3) Pasirink\u0119 geriausiai j\u016bs\u0173 poreikius atitinkan\u010dias parinktis, \u012fveskite asmens duomenis<br \/>\narba visi asmenys, susij\u0119 su u\u017esakymu ar produkto operacija<\/p>\n<p>4) Eikite \u012f i\u0161siregistravimo puslap\u012f ir nukopijuokite bei \u012fklijuokite el. dovan\u0173 kortel\u0117s kod\u0105 \u012f i\u0161pirkim\u0105<br \/>\nDovan\u0173 kortel\u0117s kodo laukel\u012f ir spustel\u0117kite Pateikti, sutikite su s\u0105lygomis ir spustel\u0117kite U\u017esakyti dabar<br \/>\nU\u017ebaikite u\u017esakym\u0105 ir operacij\u0105, netrukus gausite patvirtinim\u0105 el. pa\u0161tu.<\/p>\n<p>5) Vienai operacijai leid\u017eiami ne daugiau kaip 2 e-Dovan\u0173 korteli\u0173 kodai, jei j\u016bs\u0173 krep\u0161elio vert\u0117 vir\u0161ija el. dovan\u0173 korteli\u0173 vert\u0119, skirtum\u0105 galite sumok\u0117ti naudodami Visa, MasterCard arba American Express.<\/p>\n<p>6) ToursGift dovan\u0173 kortel\u0117s galioja 12 m\u0117nesi\u0173 nuo i\u0161davimo, i\u0161skyrus \u0160iaur\u0117s Amerikos gyventojams dovan\u0173 korteli\u0173 galiojimo pabaig\u0105. Airija galioja 60 m\u0117nesi\u0173, o Australija ir Vokietija \u2013 36 m\u0117nesius, atsi\u017evelgiant \u012f vietinius valstijos ir \u0161alies \u012fstatymus ir bet koki\u0105 reikalaujam\u0105 likutin\u0119 gr\u0105\u017einam\u0105j\u0105 sum\u0105 kiekvienai valstijai ir \u0161aliai. Nor\u0117dami su\u017einoti visas valiutos ir gyvenamosios \u0161alies i\u0161pirkimo reikalavim\u0173 s\u0105lygas, apsilankykite http: \/\/tripgift.com\/info\/terms-and-conditions.aspx<\/p>\n<p>7) Visas svetain\u0117s turinys, klient\u0173 aptarnavimas, bilietai ir el. kuponai bus pateikiami angl\u0173 kalba. Dovan\u0173 kortel\u0117s ir elektroniniai \u010dekiai negali b\u016bti kei\u010diami arba gr\u0105\u017einami.<\/p>\n<p>8) Nor\u0117dami gauti greit\u0173 atsakym\u0173 ir bet koki\u0173 klausim\u0173 d\u0117l dovan\u0173 korteli\u0173 ir geriausio panaudojimo, apsilankykite https:\/\/faqs.tripgift.com\/<\/p>\n","protected":false},"excerpt":{"rendered":"<p>ToursGift si\u016blo visk\u0105, ko reikia norint u\u017esisakyti vietines ir tarptautines priva\u010dias keliones internetu su daugiau nei 20 000 skryd\u017ei\u0173 + vie\u0161bu\u010di\u0173 ir kelioni\u0173 \u012fsp\u016bd\u017ei\u0173 bei kelioni\u0173 paket\u0173 pasirinkimu, kad gal\u0117tum\u0117te u\u017esisakyti tobul\u0105 priva\u010di\u0173 kelioni\u0173 pab\u0117gim\u0105!<\/p>\n<p>ToursGift si\u016blo daugyb\u0119 \u012fdomi\u0173 priva\u010di\u0173 kelioni\u0173 \u012fsp\u016bd\u017ei\u0173, \u012fskaitant pietus, kelion\u0119 oro balionu ar sraigtasparniu, safar\u012f, keliones jachtomis ir keliais, kurdami teigiamus prisiminimus, kurie i\u0161lieka visam gyvenimui.<\/p>\n<p>ToursGift suteikia unikali\u0105 internetini\u0173 padalyt\u0173 mok\u0117jim\u0173 funkcij\u0105, leid\u017eian\u010di\u0105 naudoti dvi mok\u0117jimo korteles, kad u\u017ebaigtum\u0117te pirkimo operacij\u0105 su papildomomis kelion\u0117s premijomis.<\/p>\n","protected":false},"featured_media":5901,"comment_status":"closed","ping_status":"closed","template":"","meta":{"_exactmetrics_skip_tracking":false,"_exactmetrics_sitenote_active":false,"_exactmetrics_sitenote_note":"","_exactmetrics_sitenote_category":0},"product_cat":[20],"product_tag":[],"class_list":{"0":"post-5031","1":"product","2":"type-product","3":"status-publish","4":"has-post-thumbnail","6":"product_brand-toursgift","7":"product_cat-electronic-gift-cards","8":"pa_country-availability-lithuania","10":"first","11":"instock","12":"virtual","13":"purchasable","14":"product-type-simple","15":"nyp-product"},"yoast_head":"<!-- This site is optimized with the Yoast SEO Premium plugin v20.11 (Yoast SEO v25.8) - https:\/\/yoast.com\/wordpress\/plugins\/seo\/ -->\n<title>ToursGift Online Gift Card (Electronic Delivery) (Lithuania) - Coincards Europe<\/title>\n<meta name=\"robots\" content=\"index, follow, max-snippet:-1, max-image-preview:large, max-video-preview:-1\" \/>\n<link rel=\"canonical\" href=\"https:\/\/coincards.com\/eu\/product\/toursgift-online-gift-card-electronic-delivery-7\/\" \/>\n<meta property=\"og:locale\" content=\"en_US\" \/>\n<meta property=\"og:type\" content=\"article\" \/>\n<meta property=\"og:title\" content=\"ToursGift Online Gift Card (Electronic Delivery) (Lithuania)\" \/>\n<meta property=\"og:description\" content=\"ToursGift si\u016blo visk\u0105, ko reikia norint u\u017esisakyti vietines ir tarptautines priva\u010dias keliones internetu su daugiau nei 20 000 skryd\u017ei\u0173 + vie\u0161bu\u010di\u0173 ir kelioni\u0173 \u012fsp\u016bd\u017ei\u0173 bei kelioni\u0173 paket\u0173 pasirinkimu, kad gal\u0117tum\u0117te u\u017esisakyti tobul\u0105 priva\u010di\u0173 kelioni\u0173 pab\u0117gim\u0105!  ToursGift si\u016blo daugyb\u0119 \u012fdomi\u0173 priva\u010di\u0173 kelioni\u0173 \u012fsp\u016bd\u017ei\u0173, \u012fskaitant pietus, kelion\u0119 oro balionu ar sraigtasparniu, safar\u012f, keliones jachtomis ir keliais, kurdami teigiamus prisiminimus, kurie i\u0161lieka visam gyvenimui.  ToursGift suteikia unikali\u0105 internetini\u0173 padalyt\u0173 mok\u0117jim\u0173 funkcij\u0105, leid\u017eian\u010di\u0105 naudoti dvi mok\u0117jimo korteles, kad u\u017ebaigtum\u0117te pirkimo operacij\u0105 su papildomomis kelion\u0117s premijomis.\" \/>\n<meta property=\"og:url\" content=\"https:\/\/coincards.com\/eu\/product\/toursgift-online-gift-card-electronic-delivery-7\/\" \/>\n<meta property=\"og:site_name\" content=\"Coincards Europe\" \/>\n<meta property=\"article:modified_time\" content=\"2024-06-05T23:25:16+00:00\" \/>\n<meta property=\"og:image\" content=\"https:\/\/assets.coincards.com\/wp-content\/uploads\/sites\/6\/2024\/06\/04191321\/TRGIF-ES-card-1.png\" \/>\n\t<meta property=\"og:image:width\" content=\"675\" \/>\n\t<meta property=\"og:image:height\" content=\"425\" \/>\n\t<meta property=\"og:image:type\" content=\"image\/png\" \/>\n<meta name=\"twitter:card\" content=\"summary_large_image\" \/>\n<meta name=\"twitter:label1\" content=\"Price\" \/>\n\t<meta name=\"twitter:data1\" content=\"&euro;20.00\" \/>\n\t<meta name=\"twitter:label2\" content=\"Availability\" \/>\n\t<meta name=\"twitter:data2\" content=\"In stock\" \/>\n<script type=\"application\/ld+json\" class=\"yoast-schema-graph\">{\"@context\":\"https:\/\/schema.org\",\"@graph\":[{\"@type\":\"WebPage\",\"@id\":\"https:\/\/coincards.com\/eu\/product\/toursgift-online-gift-card-electronic-delivery-7\/\",\"url\":\"https:\/\/coincards.com\/eu\/product\/toursgift-online-gift-card-electronic-delivery-7\/\",\"name\":\"ToursGift Online Gift Card (Electronic Delivery) (Lithuania) - Coincards Europe\",\"isPartOf\":{\"@id\":\"https:\/\/coincards.com\/eu\/#website\"},\"primaryImageOfPage\":{\"@id\":\"https:\/\/coincards.com\/eu\/product\/toursgift-online-gift-card-electronic-delivery-7\/#primaryimage\"},\"image\":{\"@id\":\"https:\/\/coincards.com\/eu\/product\/toursgift-online-gift-card-electronic-delivery-7\/#primaryimage\"},\"thumbnailUrl\":\"https:\/\/assets.coincards.com\/wp-content\/uploads\/sites\/6\/2024\/06\/04191321\/TRGIF-ES-card-1.png\",\"datePublished\":\"2024-05-31T20:04:10+00:00\",\"dateModified\":\"2024-06-05T23:25:16+00:00\",\"breadcrumb\":{\"@id\":\"https:\/\/coincards.com\/eu\/product\/toursgift-online-gift-card-electronic-delivery-7\/#breadcrumb\"},\"inLanguage\":\"en-CA\",\"potentialAction\":[{\"@type\":\"ReadAction\",\"target\":[\"https:\/\/coincards.com\/eu\/product\/toursgift-online-gift-card-electronic-delivery-7\/\"]}]},{\"@type\":\"ImageObject\",\"inLanguage\":\"en-CA\",\"@id\":\"https:\/\/coincards.com\/eu\/product\/toursgift-online-gift-card-electronic-delivery-7\/#primaryimage\",\"url\":\"https:\/\/assets.coincards.com\/wp-content\/uploads\/sites\/6\/2024\/06\/04191321\/TRGIF-ES-card-1.png\",\"contentUrl\":\"https:\/\/assets.coincards.com\/wp-content\/uploads\/sites\/6\/2024\/06\/04191321\/TRGIF-ES-card-1.png\",\"width\":675,\"height\":425},{\"@type\":\"BreadcrumbList\",\"@id\":\"https:\/\/coincards.com\/eu\/product\/toursgift-online-gift-card-electronic-delivery-7\/#breadcrumb\",\"itemListElement\":[{\"@type\":\"ListItem\",\"position\":1,\"name\":\"Home\",\"item\":\"https:\/\/coincards.com\/eu\/\"},{\"@type\":\"ListItem\",\"position\":2,\"name\":\"All Gift Cards\",\"item\":\"https:\/\/coincards.com\/eu\/all-gift-cards\/\"},{\"@type\":\"ListItem\",\"position\":3,\"name\":\"ToursGift Online Gift Card (Electronic Delivery) (Lithuania)\"}]},{\"@type\":\"WebSite\",\"@id\":\"https:\/\/coincards.com\/eu\/#website\",\"url\":\"https:\/\/coincards.com\/eu\/\",\"name\":\"Coincards Europe\",\"description\":\"Austrlia&#039;s #1 Cryptocurrency to Gift Card Exchange Service\",\"potentialAction\":[{\"@type\":\"SearchAction\",\"target\":{\"@type\":\"EntryPoint\",\"urlTemplate\":\"https:\/\/coincards.com\/eu\/?s={search_term_string}\"},\"query-input\":{\"@type\":\"PropertyValueSpecification\",\"valueRequired\":true,\"valueName\":\"search_term_string\"}}],\"inLanguage\":\"en-CA\"}]}<\/script>\n<meta property=\"product:price:amount\" content=\"20.00\" \/>\n<meta property=\"product:price:currency\" content=\"EUR\" \/>\n<meta property=\"og:availability\" content=\"instock\" \/>\n<meta property=\"product:availability\" content=\"instock\" \/>\n<meta property=\"product:condition\" content=\"new\" \/>\n<!-- \/ Yoast SEO Premium plugin. -->","yoast_head_json":{"title":"ToursGift Online Gift Card (Electronic Delivery) (Lithuania) - Coincards Europe","robots":{"index":"index","follow":"follow","max-snippet":"max-snippet:-1","max-image-preview":"max-image-preview:large","max-video-preview":"max-video-preview:-1"},"canonical":"https:\/\/coincards.com\/eu\/product\/toursgift-online-gift-card-electronic-delivery-7\/","og_locale":"en_US","og_type":"article","og_title":"ToursGift Online Gift Card (Electronic Delivery) (Lithuania)","og_description":"ToursGift si\u016blo visk\u0105, ko reikia norint u\u017esisakyti vietines ir tarptautines priva\u010dias keliones internetu su daugiau nei 20 000 skryd\u017ei\u0173 + vie\u0161bu\u010di\u0173 ir kelioni\u0173 \u012fsp\u016bd\u017ei\u0173 bei kelioni\u0173 paket\u0173 pasirinkimu, kad gal\u0117tum\u0117te u\u017esisakyti tobul\u0105 priva\u010di\u0173 kelioni\u0173 pab\u0117gim\u0105!  ToursGift si\u016blo daugyb\u0119 \u012fdomi\u0173 priva\u010di\u0173 kelioni\u0173 \u012fsp\u016bd\u017ei\u0173, \u012fskaitant pietus, kelion\u0119 oro balionu ar sraigtasparniu, safar\u012f, keliones jachtomis ir keliais, kurdami teigiamus prisiminimus, kurie i\u0161lieka visam gyvenimui.  ToursGift suteikia unikali\u0105 internetini\u0173 padalyt\u0173 mok\u0117jim\u0173 funkcij\u0105, leid\u017eian\u010di\u0105 naudoti dvi mok\u0117jimo korteles, kad u\u017ebaigtum\u0117te pirkimo operacij\u0105 su papildomomis kelion\u0117s premijomis.","og_url":"https:\/\/coincards.com\/eu\/product\/toursgift-online-gift-card-electronic-delivery-7\/","og_site_name":"Coincards Europe","article_modified_time":"2024-06-05T23:25:16+00:00","og_image":[{"width":675,"height":425,"url":"https:\/\/assets.coincards.com\/wp-content\/uploads\/sites\/6\/2024\/06\/04191321\/TRGIF-ES-card-1.png","type":"image\/png"}],"twitter_card":"summary_large_image","twitter_misc":{"Price":"&euro;20.00","Availability":"In stock"},"schema":{"@context":"https:\/\/schema.org","@graph":[{"@type":"WebPage","@id":"https:\/\/coincards.com\/eu\/product\/toursgift-online-gift-card-electronic-delivery-7\/","url":"https:\/\/coincards.com\/eu\/product\/toursgift-online-gift-card-electronic-delivery-7\/","name":"ToursGift Online Gift Card (Electronic Delivery) (Lithuania) - Coincards Europe","isPartOf":{"@id":"https:\/\/coincards.com\/eu\/#website"},"primaryImageOfPage":{"@id":"https:\/\/coincards.com\/eu\/product\/toursgift-online-gift-card-electronic-delivery-7\/#primaryimage"},"image":{"@id":"https:\/\/coincards.com\/eu\/product\/toursgift-online-gift-card-electronic-delivery-7\/#primaryimage"},"thumbnailUrl":"https:\/\/assets.coincards.com\/wp-content\/uploads\/sites\/6\/2024\/06\/04191321\/TRGIF-ES-card-1.png","datePublished":"2024-05-31T20:04:10+00:00","dateModified":"2024-06-05T23:25:16+00:00","breadcrumb":{"@id":"https:\/\/coincards.com\/eu\/product\/toursgift-online-gift-card-electronic-delivery-7\/#breadcrumb"},"inLanguage":"en-CA","potentialAction":[{"@type":"ReadAction","target":["https:\/\/coincards.com\/eu\/product\/toursgift-online-gift-card-electronic-delivery-7\/"]}]},{"@type":"ImageObject","inLanguage":"en-CA","@id":"https:\/\/coincards.com\/eu\/product\/toursgift-online-gift-card-electronic-delivery-7\/#primaryimage","url":"https:\/\/assets.coincards.com\/wp-content\/uploads\/sites\/6\/2024\/06\/04191321\/TRGIF-ES-card-1.png","contentUrl":"https:\/\/assets.coincards.com\/wp-content\/uploads\/sites\/6\/2024\/06\/04191321\/TRGIF-ES-card-1.png","width":675,"height":425},{"@type":"BreadcrumbList","@id":"https:\/\/coincards.com\/eu\/product\/toursgift-online-gift-card-electronic-delivery-7\/#breadcrumb","itemListElement":[{"@type":"ListItem","position":1,"name":"Home","item":"https:\/\/coincards.com\/eu\/"},{"@type":"ListItem","position":2,"name":"All Gift Cards","item":"https:\/\/coincards.com\/eu\/all-gift-cards\/"},{"@type":"ListItem","position":3,"name":"ToursGift Online Gift Card (Electronic Delivery) (Lithuania)"}]},{"@type":"WebSite","@id":"https:\/\/coincards.com\/eu\/#website","url":"https:\/\/coincards.com\/eu\/","name":"Coincards Europe","description":"Austrlia&#039;s #1 Cryptocurrency to Gift Card Exchange Service","potentialAction":[{"@type":"SearchAction","target":{"@type":"EntryPoint","urlTemplate":"https:\/\/coincards.com\/eu\/?s={search_term_string}"},"query-input":{"@type":"PropertyValueSpecification","valueRequired":true,"valueName":"search_term_string"}}],"inLanguage":"en-CA"}]},"product_price_amount":"20.00","product_price_currency":"EUR","og_availability":"instock","product_availability":"instock","product_condition":"new"},"_links":{"self":[{"href":"https:\/\/coincards.com\/eu\/wp-json\/wp\/v2\/product\/5031","targetHints":{"allow":["GET"]}}],"collection":[{"href":"https:\/\/coincards.com\/eu\/wp-json\/wp\/v2\/product"}],"about":[{"href":"https:\/\/coincards.com\/eu\/wp-json\/wp\/v2\/types\/product"}],"replies":[{"embeddable":true,"href":"https:\/\/coincards.com\/eu\/wp-json\/wp\/v2\/comments?post=5031"}],"wp:featuredmedia":[{"embeddable":true,"href":"https:\/\/coincards.com\/eu\/wp-json\/wp\/v2\/media\/5901"}],"wp:attachment":[{"href":"https:\/\/coincards.com\/eu\/wp-json\/wp\/v2\/media?parent=5031"}],"wp:term":[{"taxonomy":"product_cat","embeddable":true,"href":"https:\/\/coincards.com\/eu\/wp-json\/wp\/v2\/product_cat?post=5031"},{"taxonomy":"product_tag","embeddable":true,"href":"https:\/\/coincards.com\/eu\/wp-json\/wp\/v2\/product_tag?post=5031"}],"curies":[{"name":"wp","href":"https:\/\/api.w.org\/{rel}","templated":true}]}}