{"id":5030,"date":"2024-05-31T12:01:55","date_gmt":"2024-05-31T20:01:55","guid":{"rendered":"https:\/\/coincards.com\/eu\/?post_type=product&#038;p=5030"},"modified":"2024-06-05T15:25:17","modified_gmt":"2024-06-05T23:25:17","slug":"toursgift-online-gift-card-electronic-delivery-6","status":"publish","type":"product","link":"https:\/\/coincards.com\/eu\/product\/toursgift-online-gift-card-electronic-delivery-6\/","title":{"rendered":"ToursGift Online Gift Card (Electronic Delivery) (Luxembourg)"},"content":{"rendered":"<p>http:\/\/tripgift.com\/info\/terms-and-conditions.aspx<\/p>\n<p>Instruktioune fir d&#8217;Al\u00e9isung. Liest wgl. d&#8217;Instruktiounen hei \u00ebnnendr\u00ebnner, fir gewuer ze ginn, w\u00e9i Dir \u00c4re Bong al\u00e9ise k\u00ebnnt.<br \/>\nAl\u00e9isen (benotzen) Online N\u00ebmmen op: http:\/\/toursgift.com<br \/>\n1) Registr\u00e9iert e Kont op http:\/\/toursgift.com da klickt op Rees Buchen | Al\u00e9isen<br \/>\n2) Sicht, bucht oder kaaft op Basis vun \u00c4rem Produktbedarf.<br \/>\n3) Wann Dir d&#8217;Optiounen ausgewielt hutt, d\u00e9i am Beschten \u00c4re Besoinen entspriechen, gitt d&#8217;Detailer vun der Persoun an<br \/>\noder all d&#8217;Persounen, d\u00e9i an der Buchung oder Produkttransaktioun involv\u00e9iert sinn<br \/>\n4) Gitt op d&#8217;Check-out S\u00e4it a kop\u00e9iert \u00c4ren eGift Bong-Code an &#8220;Al\u00e9isen&#8221;<br \/>\nD&#8217;Box fir den eGift Bong-Code a klickt &#8220;Ofginn&#8221;, erkl\u00e4rt Iech mat der AGB averstanen a klickt &#8220;Elo Bestellen&#8221;<br \/>\nf\u00ebllt \u00c4r Buchung &amp; Transaktioun aus, an Dir kritt kuerz drop eng Best\u00e4tegung per E-Mail.<br \/>\n5) Et si maximal 2 eGift Bong-Coden pro Transaktioun erlaabt, wann de W\u00e4ert vun \u00c4rem Akaafswonn de W\u00e4ert vun den eGift-Bongen iwwerschreift, k\u00ebnnt Dir d&#8217;Differenz mat Visa, MasterCard oder American Express bezuelen.<br \/>\n6) ToursGift-Bonge lafen no 12 M\u00e9int no der Ausstellung of, ausser fir Awunner vun Nordamerika, deenen hier Bongen net oflafen.Fir Irland ass den Oflafdatum 60 M\u00e9int a fir Australien &amp; D\u00e4itschland ass e 36 M\u00e9int, \u00ebnner lokaalem Gesetz, an all erfuerderlecht Rescht-Remboursementw\u00e4ert fir all Staat &amp; Land, fir vollst\u00e4nneg Bed\u00e9ngungen zur W\u00e4rung an der Residenz fannt Dir d&#8217;Ufuerderungen op http:\/\/tripgift.com\/info\/terms-and-conditions.aspx<br \/>\n7) All Webs\u00e4iteninhalt, Clientsd\u00e9ngscht, Ticketen an eVouchere sinn op englesch.Bongen &amp; eVouchere k\u00ebnnen net ausgetosch oder rembours\u00e9iert ginn.<br \/>\n8) Fir s\u00e9ier \u00c4ntwerten op all Froen iwwer Bongen an hier bescht Benotzung, gitt wgl. op https:\/\/faqs.tripgift.com\/<\/p>\n","protected":false},"excerpt":{"rendered":"<p>ToursGift bitt alles wat Dir braucht, fir lokal an international Privattouren online ze buchen<br \/>\n20.000 Fluch+Hotel an Tour-Erfarunge mat enger Auswiel vun Tourp\u00e4ck fir dat perfekt Erliefnes ze buchen Privattouren!<\/p>\n<p>ToursGift bitt eng spannend Gamme vu privaten Tourerfarungen inklusiv dem Iessen Erfarungen, Ballonsfaarten oder Helikopterreesen, Safari, Yacht a Roadtrippen, fir sch\u00e9in Er\u00ebnnerungen fir e Liewe laang.<\/p>\n<p>ToursGift bitt en eenzegaarteg Feature, fir Online-Bezuelungen ze spl\u00e9cken, fir dass Dir mat zwou Kaarte bezuele k\u00ebnnt Schl\u00e9isst \u00c4re Kaf mat Reesbonusbeloungungen of.<\/p>\n","protected":false},"featured_media":5901,"comment_status":"closed","ping_status":"closed","template":"","meta":{"_exactmetrics_skip_tracking":false,"_exactmetrics_sitenote_active":false,"_exactmetrics_sitenote_note":"","_exactmetrics_sitenote_category":0},"product_cat":[20],"product_tag":[],"class_list":{"0":"post-5030","1":"product","2":"type-product","3":"status-publish","4":"has-post-thumbnail","6":"product_brand-toursgift","7":"product_cat-electronic-gift-cards","8":"pa_country-availability-luxembourg","10":"first","11":"instock","12":"virtual","13":"purchasable","14":"product-type-simple","15":"nyp-product"},"yoast_head":"<!-- This site is optimized with the Yoast SEO Premium plugin v20.11 (Yoast SEO v27.3) - https:\/\/yoast.com\/product\/yoast-seo-premium-wordpress\/ -->\n<title>ToursGift Online Gift Card (Electronic Delivery) (Luxembourg) - Coincards Europe<\/title>\n<meta name=\"robots\" content=\"index, follow, max-snippet:-1, max-image-preview:large, max-video-preview:-1\" \/>\n<link rel=\"canonical\" href=\"https:\/\/coincards.com\/eu\/product\/toursgift-online-gift-card-electronic-delivery-6\/\" \/>\n<meta property=\"og:locale\" content=\"en_US\" \/>\n<meta property=\"og:type\" content=\"article\" \/>\n<meta property=\"og:title\" content=\"ToursGift Online Gift Card (Electronic Delivery) (Luxembourg)\" \/>\n<meta property=\"og:description\" content=\"ToursGift bitt alles wat Dir braucht, fir lokal an international Privattouren online ze buchen 20.000 Fluch+Hotel an Tour-Erfarunge mat enger Auswiel vun Tourp\u00e4ck fir dat perfekt Erliefnes ze buchen Privattouren!  ToursGift bitt eng spannend Gamme vu privaten Tourerfarungen inklusiv dem Iessen Erfarungen, Ballonsfaarten oder Helikopterreesen, Safari, Yacht a Roadtrippen, fir sch\u00e9in Er\u00ebnnerungen fir e Liewe laang.  ToursGift bitt en eenzegaarteg Feature, fir Online-Bezuelungen ze spl\u00e9cken, fir dass Dir mat zwou Kaarte bezuele k\u00ebnnt Schl\u00e9isst \u00c4re Kaf mat Reesbonusbeloungungen of.\" \/>\n<meta property=\"og:url\" content=\"https:\/\/coincards.com\/eu\/product\/toursgift-online-gift-card-electronic-delivery-6\/\" \/>\n<meta property=\"og:site_name\" content=\"Coincards Europe\" \/>\n<meta property=\"article:modified_time\" content=\"2024-06-05T23:25:17+00:00\" \/>\n<meta property=\"og:image\" content=\"https:\/\/assets.coincards.com\/wp-content\/uploads\/sites\/6\/2024\/06\/04191321\/TRGIF-ES-card-1.png\" \/>\n\t<meta property=\"og:image:width\" content=\"675\" \/>\n\t<meta property=\"og:image:height\" content=\"425\" \/>\n\t<meta property=\"og:image:type\" content=\"image\/png\" \/>\n<meta name=\"twitter:card\" content=\"summary_large_image\" \/>\n<meta name=\"twitter:label1\" content=\"Price\" \/>\n\t<meta name=\"twitter:data1\" content=\"&euro;20.00\" \/>\n\t<meta name=\"twitter:label2\" content=\"Availability\" \/>\n\t<meta name=\"twitter:data2\" content=\"In stock\" \/>\n<script type=\"application\/ld+json\" class=\"yoast-schema-graph\">{\"@context\":\"https:\\\/\\\/schema.org\",\"@graph\":[{\"@type\":\"WebPage\",\"@id\":\"https:\\\/\\\/coincards.com\\\/eu\\\/product\\\/toursgift-online-gift-card-electronic-delivery-6\\\/\",\"url\":\"https:\\\/\\\/coincards.com\\\/eu\\\/product\\\/toursgift-online-gift-card-electronic-delivery-6\\\/\",\"name\":\"ToursGift Online Gift Card (Electronic Delivery) (Luxembourg) - Coincards Europe\",\"isPartOf\":{\"@id\":\"https:\\\/\\\/coincards.com\\\/eu\\\/#website\"},\"primaryImageOfPage\":{\"@id\":\"https:\\\/\\\/coincards.com\\\/eu\\\/product\\\/toursgift-online-gift-card-electronic-delivery-6\\\/#primaryimage\"},\"image\":{\"@id\":\"https:\\\/\\\/coincards.com\\\/eu\\\/product\\\/toursgift-online-gift-card-electronic-delivery-6\\\/#primaryimage\"},\"thumbnailUrl\":\"https:\\\/\\\/assets.coincards.com\\\/wp-content\\\/uploads\\\/sites\\\/6\\\/2024\\\/06\\\/04191321\\\/TRGIF-ES-card-1.png\",\"datePublished\":\"2024-05-31T20:01:55+00:00\",\"dateModified\":\"2024-06-05T23:25:17+00:00\",\"breadcrumb\":{\"@id\":\"https:\\\/\\\/coincards.com\\\/eu\\\/product\\\/toursgift-online-gift-card-electronic-delivery-6\\\/#breadcrumb\"},\"inLanguage\":\"en-CA\",\"potentialAction\":[{\"@type\":\"ReadAction\",\"target\":[\"https:\\\/\\\/coincards.com\\\/eu\\\/product\\\/toursgift-online-gift-card-electronic-delivery-6\\\/\"]}]},{\"@type\":\"ImageObject\",\"inLanguage\":\"en-CA\",\"@id\":\"https:\\\/\\\/coincards.com\\\/eu\\\/product\\\/toursgift-online-gift-card-electronic-delivery-6\\\/#primaryimage\",\"url\":\"https:\\\/\\\/assets.coincards.com\\\/wp-content\\\/uploads\\\/sites\\\/6\\\/2024\\\/06\\\/04191321\\\/TRGIF-ES-card-1.png\",\"contentUrl\":\"https:\\\/\\\/assets.coincards.com\\\/wp-content\\\/uploads\\\/sites\\\/6\\\/2024\\\/06\\\/04191321\\\/TRGIF-ES-card-1.png\",\"width\":675,\"height\":425},{\"@type\":\"BreadcrumbList\",\"@id\":\"https:\\\/\\\/coincards.com\\\/eu\\\/product\\\/toursgift-online-gift-card-electronic-delivery-6\\\/#breadcrumb\",\"itemListElement\":[{\"@type\":\"ListItem\",\"position\":1,\"name\":\"Home\",\"item\":\"https:\\\/\\\/coincards.com\\\/eu\\\/\"},{\"@type\":\"ListItem\",\"position\":2,\"name\":\"All Gift Cards\",\"item\":\"https:\\\/\\\/coincards.com\\\/eu\\\/all-gift-cards\\\/\"},{\"@type\":\"ListItem\",\"position\":3,\"name\":\"ToursGift Online Gift Card (Electronic Delivery) (Luxembourg)\"}]},{\"@type\":\"WebSite\",\"@id\":\"https:\\\/\\\/coincards.com\\\/eu\\\/#website\",\"url\":\"https:\\\/\\\/coincards.com\\\/eu\\\/\",\"name\":\"Coincards Europe\",\"description\":\"Austrlia&#039;s #1 Cryptocurrency to Gift Card Exchange Service\",\"potentialAction\":[{\"@type\":\"SearchAction\",\"target\":{\"@type\":\"EntryPoint\",\"urlTemplate\":\"https:\\\/\\\/coincards.com\\\/eu\\\/?s={search_term_string}\"},\"query-input\":{\"@type\":\"PropertyValueSpecification\",\"valueRequired\":true,\"valueName\":\"search_term_string\"}}],\"inLanguage\":\"en-CA\"}]}<\/script>\n<meta property=\"product:price:amount\" content=\"20.00\" \/>\n<meta property=\"product:price:currency\" content=\"EUR\" \/>\n<meta property=\"og:availability\" content=\"instock\" \/>\n<meta property=\"product:availability\" content=\"instock\" \/>\n<meta property=\"product:condition\" content=\"new\" \/>\n<!-- \/ Yoast SEO Premium plugin. -->","yoast_head_json":{"title":"ToursGift Online Gift Card (Electronic Delivery) (Luxembourg) - Coincards Europe","robots":{"index":"index","follow":"follow","max-snippet":"max-snippet:-1","max-image-preview":"max-image-preview:large","max-video-preview":"max-video-preview:-1"},"canonical":"https:\/\/coincards.com\/eu\/product\/toursgift-online-gift-card-electronic-delivery-6\/","og_locale":"en_US","og_type":"article","og_title":"ToursGift Online Gift Card (Electronic Delivery) (Luxembourg)","og_description":"ToursGift bitt alles wat Dir braucht, fir lokal an international Privattouren online ze buchen 20.000 Fluch+Hotel an Tour-Erfarunge mat enger Auswiel vun Tourp\u00e4ck fir dat perfekt Erliefnes ze buchen Privattouren!  ToursGift bitt eng spannend Gamme vu privaten Tourerfarungen inklusiv dem Iessen Erfarungen, Ballonsfaarten oder Helikopterreesen, Safari, Yacht a Roadtrippen, fir sch\u00e9in Er\u00ebnnerungen fir e Liewe laang.  ToursGift bitt en eenzegaarteg Feature, fir Online-Bezuelungen ze spl\u00e9cken, fir dass Dir mat zwou Kaarte bezuele k\u00ebnnt Schl\u00e9isst \u00c4re Kaf mat Reesbonusbeloungungen of.","og_url":"https:\/\/coincards.com\/eu\/product\/toursgift-online-gift-card-electronic-delivery-6\/","og_site_name":"Coincards Europe","article_modified_time":"2024-06-05T23:25:17+00:00","og_image":[{"width":675,"height":425,"url":"https:\/\/assets.coincards.com\/wp-content\/uploads\/sites\/6\/2024\/06\/04191321\/TRGIF-ES-card-1.png","type":"image\/png"}],"twitter_card":"summary_large_image","twitter_misc":{"Price":"&euro;20.00","Availability":"In stock"},"schema":{"@context":"https:\/\/schema.org","@graph":[{"@type":"WebPage","@id":"https:\/\/coincards.com\/eu\/product\/toursgift-online-gift-card-electronic-delivery-6\/","url":"https:\/\/coincards.com\/eu\/product\/toursgift-online-gift-card-electronic-delivery-6\/","name":"ToursGift Online Gift Card (Electronic Delivery) (Luxembourg) - Coincards Europe","isPartOf":{"@id":"https:\/\/coincards.com\/eu\/#website"},"primaryImageOfPage":{"@id":"https:\/\/coincards.com\/eu\/product\/toursgift-online-gift-card-electronic-delivery-6\/#primaryimage"},"image":{"@id":"https:\/\/coincards.com\/eu\/product\/toursgift-online-gift-card-electronic-delivery-6\/#primaryimage"},"thumbnailUrl":"https:\/\/assets.coincards.com\/wp-content\/uploads\/sites\/6\/2024\/06\/04191321\/TRGIF-ES-card-1.png","datePublished":"2024-05-31T20:01:55+00:00","dateModified":"2024-06-05T23:25:17+00:00","breadcrumb":{"@id":"https:\/\/coincards.com\/eu\/product\/toursgift-online-gift-card-electronic-delivery-6\/#breadcrumb"},"inLanguage":"en-CA","potentialAction":[{"@type":"ReadAction","target":["https:\/\/coincards.com\/eu\/product\/toursgift-online-gift-card-electronic-delivery-6\/"]}]},{"@type":"ImageObject","inLanguage":"en-CA","@id":"https:\/\/coincards.com\/eu\/product\/toursgift-online-gift-card-electronic-delivery-6\/#primaryimage","url":"https:\/\/assets.coincards.com\/wp-content\/uploads\/sites\/6\/2024\/06\/04191321\/TRGIF-ES-card-1.png","contentUrl":"https:\/\/assets.coincards.com\/wp-content\/uploads\/sites\/6\/2024\/06\/04191321\/TRGIF-ES-card-1.png","width":675,"height":425},{"@type":"BreadcrumbList","@id":"https:\/\/coincards.com\/eu\/product\/toursgift-online-gift-card-electronic-delivery-6\/#breadcrumb","itemListElement":[{"@type":"ListItem","position":1,"name":"Home","item":"https:\/\/coincards.com\/eu\/"},{"@type":"ListItem","position":2,"name":"All Gift Cards","item":"https:\/\/coincards.com\/eu\/all-gift-cards\/"},{"@type":"ListItem","position":3,"name":"ToursGift Online Gift Card (Electronic Delivery) (Luxembourg)"}]},{"@type":"WebSite","@id":"https:\/\/coincards.com\/eu\/#website","url":"https:\/\/coincards.com\/eu\/","name":"Coincards Europe","description":"Austrlia&#039;s #1 Cryptocurrency to Gift Card Exchange Service","potentialAction":[{"@type":"SearchAction","target":{"@type":"EntryPoint","urlTemplate":"https:\/\/coincards.com\/eu\/?s={search_term_string}"},"query-input":{"@type":"PropertyValueSpecification","valueRequired":true,"valueName":"search_term_string"}}],"inLanguage":"en-CA"}]},"product_price_amount":"20.00","product_price_currency":"EUR","og_availability":"instock","product_availability":"instock","product_condition":"new"},"_links":{"self":[{"href":"https:\/\/coincards.com\/eu\/wp-json\/wp\/v2\/product\/5030","targetHints":{"allow":["GET"]}}],"collection":[{"href":"https:\/\/coincards.com\/eu\/wp-json\/wp\/v2\/product"}],"about":[{"href":"https:\/\/coincards.com\/eu\/wp-json\/wp\/v2\/types\/product"}],"replies":[{"embeddable":true,"href":"https:\/\/coincards.com\/eu\/wp-json\/wp\/v2\/comments?post=5030"}],"wp:featuredmedia":[{"embeddable":true,"href":"https:\/\/coincards.com\/eu\/wp-json\/wp\/v2\/media\/5901"}],"wp:attachment":[{"href":"https:\/\/coincards.com\/eu\/wp-json\/wp\/v2\/media?parent=5030"}],"wp:term":[{"taxonomy":"product_cat","embeddable":true,"href":"https:\/\/coincards.com\/eu\/wp-json\/wp\/v2\/product_cat?post=5030"},{"taxonomy":"product_tag","embeddable":true,"href":"https:\/\/coincards.com\/eu\/wp-json\/wp\/v2\/product_tag?post=5030"}],"curies":[{"name":"wp","href":"https:\/\/api.w.org\/{rel}","templated":true}]}}