{"id":5028,"date":"2024-05-31T11:57:38","date_gmt":"2024-05-31T19:57:38","guid":{"rendered":"https:\/\/coincards.com\/eu\/?post_type=product&#038;p=5028"},"modified":"2024-06-05T15:25:20","modified_gmt":"2024-06-05T23:25:20","slug":"toursgift-online-gift-card-electronic-delivery-4","status":"publish","type":"product","link":"https:\/\/coincards.com\/eu\/product\/toursgift-online-gift-card-electronic-delivery-4\/","title":{"rendered":"ToursGift Online Gift Card (Electronic Delivery) (Portugal)"},"content":{"rendered":"<p>http:\/\/tripgift.com\/info\/terms-and-conditions.aspx<\/p>\n<p>Instru\u00e7\u00f5es de Utiliza\u00e7\u00e3o. Leia a informa\u00e7\u00e3o abaixo para obter instru\u00e7\u00f5es sobre como utilizar o seu cart\u00e3o-presente.<br \/>\nUtilizar Online Apenas em: http:\/\/toursgift.com<br \/>\n1) Registar uma Conta em http:\/\/toursgift.com, depois clicar em Reservar Viagem | Utilizar<br \/>\n2) Pesquisar, Reservar ou Comprar, com base nas suas necessidades de produto.<br \/>\n3) Quando tiver selecionado as op\u00e7\u00f5es mais adequadas \u00e0s suas necessidades, introduza as informa\u00e7\u00f5es da pessoa<br \/>\nou pessoas envolvidas na reserva ou transa\u00e7\u00e3o de produto<br \/>\n4) Avance para a p\u00e1gina de check-out e copie e cole o c\u00f3digo do seu cart\u00e3o-presente digital na caixa<br \/>\ndo c\u00f3digo do cart\u00e3o-presente digital, e clique em enviar, aceite os T&amp;C e clique em Encomendar agora para<br \/>\ncompletar a sua reserva e transa\u00e7\u00e3o, receber\u00e1 rapidamente uma confirma\u00e7\u00e3o por e-mail.<br \/>\n5) S\u00e3o permitidos um m\u00e1ximo de 2 c\u00f3digos de cart\u00e3o-presente por transa\u00e7\u00e3o, se o valor do seu cesto ultrapassar o valor dos cart\u00f5es-presente digitais, pode pagar a diferen\u00e7a com Visa, MasterCard ou American Express.<br \/>\n6) Os cart\u00f5es-presente ToursGift t\u00eam uma validade de 12 meses ap\u00f3s a emiss\u00e3o, excetos para os cart\u00f5es-presente de residentes na Am\u00e9rica do Norte, que n\u00e3o expiram. O prazo de validade na Irlanda \u00e9 de 60 meses e na Austr\u00e1lia e Alemanha \u00e9 de 36 meses, sujeito \u00e0s leis estatais e nacionais e a qualquer valor de reembolso residual para cada estado e pa\u00eds; para os termos e condi\u00e7\u00f5es completos sobre a moeda e os requisitos de utiliza\u00e7\u00e3o no pa\u00eds de resid\u00eancia, visite http:\/\/tripgift.com\/info\/terms-and-conditions.aspx<br \/>\n7) Todo o conte\u00fado do site, servi\u00e7o de apoio ao cliente, bilhetes e vales digitais ser\u00e3o em ingl\u00eas. Os cart\u00f5es-presente e vales digitais n\u00e3o podem ser trocados ou reembolsados.<br \/>\n8) Para respostas r\u00e1pidas e para qualquer quest\u00e3o relacionada com os cart\u00f5es-presente e a melhor forma de utiliz\u00e1-los, visite https:\/\/faqs.tripgift.com\/<\/p>\n","protected":false},"excerpt":{"rendered":"<p>ToursGift oferece tudo aquilo de que necessita para reservar passeios privados internacionais online com mais de<br \/>\n20 000 pacotes de voo + hotel e experi\u00eancias de passeios, com uma sele\u00e7\u00e3o de pacotes de passeios para reservar a escapadinha privada perfeita!<\/p>\n<p>ToursGift oferece uma incr\u00edvel variedade de experi\u00eancias de passeios privados, incluindo experi\u00eancias gastron\u00f3micas, passeios de bal\u00e3o de ar quente ou de helic\u00f3ptero, safaris, passeios de iate e road trips: crie boas mem\u00f3rias para toda a vida.<\/p>\n<p>ToursGift oferece-lhe uma funcionalidade \u00fanica de dividir os pagamentos, permitindo-lhe usar dois cart\u00f5es de pagamento para completar a sua transa\u00e7\u00e3o de compra com b\u00f3nus de viagem.<\/p>\n","protected":false},"featured_media":5901,"comment_status":"closed","ping_status":"closed","template":"","meta":{"_exactmetrics_skip_tracking":false,"_exactmetrics_sitenote_active":false,"_exactmetrics_sitenote_note":"","_exactmetrics_sitenote_category":0},"product_cat":[20],"product_tag":[],"class_list":{"0":"post-5028","1":"product","2":"type-product","3":"status-publish","4":"has-post-thumbnail","6":"product_brand-toursgift","7":"product_cat-electronic-gift-cards","8":"pa_country-availability-portugal","10":"first","11":"instock","12":"virtual","13":"purchasable","14":"product-type-simple","15":"nyp-product"},"yoast_head":"<!-- This site is optimized with the Yoast SEO Premium plugin v20.11 (Yoast SEO v25.8) - https:\/\/yoast.com\/wordpress\/plugins\/seo\/ -->\n<title>ToursGift Online Gift Card (Electronic Delivery) (Portugal) - Coincards Europe<\/title>\n<meta name=\"robots\" content=\"index, follow, max-snippet:-1, max-image-preview:large, max-video-preview:-1\" \/>\n<link rel=\"canonical\" href=\"https:\/\/coincards.com\/eu\/product\/toursgift-online-gift-card-electronic-delivery-4\/\" \/>\n<meta property=\"og:locale\" content=\"en_US\" \/>\n<meta property=\"og:type\" content=\"article\" \/>\n<meta property=\"og:title\" content=\"ToursGift Online Gift Card (Electronic Delivery) (Portugal)\" \/>\n<meta property=\"og:description\" content=\"ToursGift oferece tudo aquilo de que necessita para reservar passeios privados internacionais online com mais de 20 000 pacotes de voo + hotel e experi\u00eancias de passeios, com uma sele\u00e7\u00e3o de pacotes de passeios para reservar a escapadinha privada perfeita!  ToursGift oferece uma incr\u00edvel variedade de experi\u00eancias de passeios privados, incluindo experi\u00eancias gastron\u00f3micas, passeios de bal\u00e3o de ar quente ou de helic\u00f3ptero, safaris, passeios de iate e road trips: crie boas mem\u00f3rias para toda a vida.  ToursGift oferece-lhe uma funcionalidade \u00fanica de dividir os pagamentos, permitindo-lhe usar dois cart\u00f5es de pagamento para completar a sua transa\u00e7\u00e3o de compra com b\u00f3nus de viagem.\" \/>\n<meta property=\"og:url\" content=\"https:\/\/coincards.com\/eu\/product\/toursgift-online-gift-card-electronic-delivery-4\/\" \/>\n<meta property=\"og:site_name\" content=\"Coincards Europe\" \/>\n<meta property=\"article:modified_time\" content=\"2024-06-05T23:25:20+00:00\" \/>\n<meta property=\"og:image\" content=\"https:\/\/assets.coincards.com\/wp-content\/uploads\/sites\/6\/2024\/06\/04191321\/TRGIF-ES-card-1.png\" \/>\n\t<meta property=\"og:image:width\" content=\"675\" \/>\n\t<meta property=\"og:image:height\" content=\"425\" \/>\n\t<meta property=\"og:image:type\" content=\"image\/png\" \/>\n<meta name=\"twitter:card\" content=\"summary_large_image\" \/>\n<meta name=\"twitter:label1\" content=\"Price\" \/>\n\t<meta name=\"twitter:data1\" content=\"&euro;20.00\" \/>\n\t<meta name=\"twitter:label2\" content=\"Availability\" \/>\n\t<meta name=\"twitter:data2\" content=\"In stock\" \/>\n<script type=\"application\/ld+json\" class=\"yoast-schema-graph\">{\"@context\":\"https:\/\/schema.org\",\"@graph\":[{\"@type\":\"WebPage\",\"@id\":\"https:\/\/coincards.com\/eu\/product\/toursgift-online-gift-card-electronic-delivery-4\/\",\"url\":\"https:\/\/coincards.com\/eu\/product\/toursgift-online-gift-card-electronic-delivery-4\/\",\"name\":\"ToursGift Online Gift Card (Electronic Delivery) (Portugal) - Coincards Europe\",\"isPartOf\":{\"@id\":\"https:\/\/coincards.com\/eu\/#website\"},\"primaryImageOfPage\":{\"@id\":\"https:\/\/coincards.com\/eu\/product\/toursgift-online-gift-card-electronic-delivery-4\/#primaryimage\"},\"image\":{\"@id\":\"https:\/\/coincards.com\/eu\/product\/toursgift-online-gift-card-electronic-delivery-4\/#primaryimage\"},\"thumbnailUrl\":\"https:\/\/assets.coincards.com\/wp-content\/uploads\/sites\/6\/2024\/06\/04191321\/TRGIF-ES-card-1.png\",\"datePublished\":\"2024-05-31T19:57:38+00:00\",\"dateModified\":\"2024-06-05T23:25:20+00:00\",\"breadcrumb\":{\"@id\":\"https:\/\/coincards.com\/eu\/product\/toursgift-online-gift-card-electronic-delivery-4\/#breadcrumb\"},\"inLanguage\":\"en-CA\",\"potentialAction\":[{\"@type\":\"ReadAction\",\"target\":[\"https:\/\/coincards.com\/eu\/product\/toursgift-online-gift-card-electronic-delivery-4\/\"]}]},{\"@type\":\"ImageObject\",\"inLanguage\":\"en-CA\",\"@id\":\"https:\/\/coincards.com\/eu\/product\/toursgift-online-gift-card-electronic-delivery-4\/#primaryimage\",\"url\":\"https:\/\/assets.coincards.com\/wp-content\/uploads\/sites\/6\/2024\/06\/04191321\/TRGIF-ES-card-1.png\",\"contentUrl\":\"https:\/\/assets.coincards.com\/wp-content\/uploads\/sites\/6\/2024\/06\/04191321\/TRGIF-ES-card-1.png\",\"width\":675,\"height\":425},{\"@type\":\"BreadcrumbList\",\"@id\":\"https:\/\/coincards.com\/eu\/product\/toursgift-online-gift-card-electronic-delivery-4\/#breadcrumb\",\"itemListElement\":[{\"@type\":\"ListItem\",\"position\":1,\"name\":\"Home\",\"item\":\"https:\/\/coincards.com\/eu\/\"},{\"@type\":\"ListItem\",\"position\":2,\"name\":\"All Gift Cards\",\"item\":\"https:\/\/coincards.com\/eu\/all-gift-cards\/\"},{\"@type\":\"ListItem\",\"position\":3,\"name\":\"ToursGift Online Gift Card (Electronic Delivery) (Portugal)\"}]},{\"@type\":\"WebSite\",\"@id\":\"https:\/\/coincards.com\/eu\/#website\",\"url\":\"https:\/\/coincards.com\/eu\/\",\"name\":\"Coincards Europe\",\"description\":\"Austrlia&#039;s #1 Cryptocurrency to Gift Card Exchange Service\",\"potentialAction\":[{\"@type\":\"SearchAction\",\"target\":{\"@type\":\"EntryPoint\",\"urlTemplate\":\"https:\/\/coincards.com\/eu\/?s={search_term_string}\"},\"query-input\":{\"@type\":\"PropertyValueSpecification\",\"valueRequired\":true,\"valueName\":\"search_term_string\"}}],\"inLanguage\":\"en-CA\"}]}<\/script>\n<meta property=\"product:price:amount\" content=\"20.00\" \/>\n<meta property=\"product:price:currency\" content=\"EUR\" \/>\n<meta property=\"og:availability\" content=\"instock\" \/>\n<meta property=\"product:availability\" content=\"instock\" \/>\n<meta property=\"product:condition\" content=\"new\" \/>\n<!-- \/ Yoast SEO Premium plugin. -->","yoast_head_json":{"title":"ToursGift Online Gift Card (Electronic Delivery) (Portugal) - Coincards Europe","robots":{"index":"index","follow":"follow","max-snippet":"max-snippet:-1","max-image-preview":"max-image-preview:large","max-video-preview":"max-video-preview:-1"},"canonical":"https:\/\/coincards.com\/eu\/product\/toursgift-online-gift-card-electronic-delivery-4\/","og_locale":"en_US","og_type":"article","og_title":"ToursGift Online Gift Card (Electronic Delivery) (Portugal)","og_description":"ToursGift oferece tudo aquilo de que necessita para reservar passeios privados internacionais online com mais de 20 000 pacotes de voo + hotel e experi\u00eancias de passeios, com uma sele\u00e7\u00e3o de pacotes de passeios para reservar a escapadinha privada perfeita!  ToursGift oferece uma incr\u00edvel variedade de experi\u00eancias de passeios privados, incluindo experi\u00eancias gastron\u00f3micas, passeios de bal\u00e3o de ar quente ou de helic\u00f3ptero, safaris, passeios de iate e road trips: crie boas mem\u00f3rias para toda a vida.  ToursGift oferece-lhe uma funcionalidade \u00fanica de dividir os pagamentos, permitindo-lhe usar dois cart\u00f5es de pagamento para completar a sua transa\u00e7\u00e3o de compra com b\u00f3nus de viagem.","og_url":"https:\/\/coincards.com\/eu\/product\/toursgift-online-gift-card-electronic-delivery-4\/","og_site_name":"Coincards Europe","article_modified_time":"2024-06-05T23:25:20+00:00","og_image":[{"width":675,"height":425,"url":"https:\/\/assets.coincards.com\/wp-content\/uploads\/sites\/6\/2024\/06\/04191321\/TRGIF-ES-card-1.png","type":"image\/png"}],"twitter_card":"summary_large_image","twitter_misc":{"Price":"&euro;20.00","Availability":"In stock"},"schema":{"@context":"https:\/\/schema.org","@graph":[{"@type":"WebPage","@id":"https:\/\/coincards.com\/eu\/product\/toursgift-online-gift-card-electronic-delivery-4\/","url":"https:\/\/coincards.com\/eu\/product\/toursgift-online-gift-card-electronic-delivery-4\/","name":"ToursGift Online Gift Card (Electronic Delivery) (Portugal) - Coincards Europe","isPartOf":{"@id":"https:\/\/coincards.com\/eu\/#website"},"primaryImageOfPage":{"@id":"https:\/\/coincards.com\/eu\/product\/toursgift-online-gift-card-electronic-delivery-4\/#primaryimage"},"image":{"@id":"https:\/\/coincards.com\/eu\/product\/toursgift-online-gift-card-electronic-delivery-4\/#primaryimage"},"thumbnailUrl":"https:\/\/assets.coincards.com\/wp-content\/uploads\/sites\/6\/2024\/06\/04191321\/TRGIF-ES-card-1.png","datePublished":"2024-05-31T19:57:38+00:00","dateModified":"2024-06-05T23:25:20+00:00","breadcrumb":{"@id":"https:\/\/coincards.com\/eu\/product\/toursgift-online-gift-card-electronic-delivery-4\/#breadcrumb"},"inLanguage":"en-CA","potentialAction":[{"@type":"ReadAction","target":["https:\/\/coincards.com\/eu\/product\/toursgift-online-gift-card-electronic-delivery-4\/"]}]},{"@type":"ImageObject","inLanguage":"en-CA","@id":"https:\/\/coincards.com\/eu\/product\/toursgift-online-gift-card-electronic-delivery-4\/#primaryimage","url":"https:\/\/assets.coincards.com\/wp-content\/uploads\/sites\/6\/2024\/06\/04191321\/TRGIF-ES-card-1.png","contentUrl":"https:\/\/assets.coincards.com\/wp-content\/uploads\/sites\/6\/2024\/06\/04191321\/TRGIF-ES-card-1.png","width":675,"height":425},{"@type":"BreadcrumbList","@id":"https:\/\/coincards.com\/eu\/product\/toursgift-online-gift-card-electronic-delivery-4\/#breadcrumb","itemListElement":[{"@type":"ListItem","position":1,"name":"Home","item":"https:\/\/coincards.com\/eu\/"},{"@type":"ListItem","position":2,"name":"All Gift Cards","item":"https:\/\/coincards.com\/eu\/all-gift-cards\/"},{"@type":"ListItem","position":3,"name":"ToursGift Online Gift Card (Electronic Delivery) (Portugal)"}]},{"@type":"WebSite","@id":"https:\/\/coincards.com\/eu\/#website","url":"https:\/\/coincards.com\/eu\/","name":"Coincards Europe","description":"Austrlia&#039;s #1 Cryptocurrency to Gift Card Exchange Service","potentialAction":[{"@type":"SearchAction","target":{"@type":"EntryPoint","urlTemplate":"https:\/\/coincards.com\/eu\/?s={search_term_string}"},"query-input":{"@type":"PropertyValueSpecification","valueRequired":true,"valueName":"search_term_string"}}],"inLanguage":"en-CA"}]},"product_price_amount":"20.00","product_price_currency":"EUR","og_availability":"instock","product_availability":"instock","product_condition":"new"},"_links":{"self":[{"href":"https:\/\/coincards.com\/eu\/wp-json\/wp\/v2\/product\/5028","targetHints":{"allow":["GET"]}}],"collection":[{"href":"https:\/\/coincards.com\/eu\/wp-json\/wp\/v2\/product"}],"about":[{"href":"https:\/\/coincards.com\/eu\/wp-json\/wp\/v2\/types\/product"}],"replies":[{"embeddable":true,"href":"https:\/\/coincards.com\/eu\/wp-json\/wp\/v2\/comments?post=5028"}],"wp:featuredmedia":[{"embeddable":true,"href":"https:\/\/coincards.com\/eu\/wp-json\/wp\/v2\/media\/5901"}],"wp:attachment":[{"href":"https:\/\/coincards.com\/eu\/wp-json\/wp\/v2\/media?parent=5028"}],"wp:term":[{"taxonomy":"product_cat","embeddable":true,"href":"https:\/\/coincards.com\/eu\/wp-json\/wp\/v2\/product_cat?post=5028"},{"taxonomy":"product_tag","embeddable":true,"href":"https:\/\/coincards.com\/eu\/wp-json\/wp\/v2\/product_tag?post=5028"}],"curies":[{"name":"wp","href":"https:\/\/api.w.org\/{rel}","templated":true}]}}