{"id":4993,"date":"2024-05-31T10:56:04","date_gmt":"2024-05-31T18:56:04","guid":{"rendered":"https:\/\/coincards.com\/eu\/?post_type=product&#038;p=4993"},"modified":"2024-06-05T15:27:08","modified_gmt":"2024-06-05T23:27:08","slug":"toom-online-gift-card-electronic-delivery","status":"publish","type":"product","link":"https:\/\/coincards.com\/eu\/product\/toom-online-gift-card-electronic-delivery\/","title":{"rendered":"toom Online Gift Card (Electronic Delivery) (Germany)"},"content":{"rendered":"<p>**Einl\u00f6sem\u00f6glichkeit**<br \/>\nDer Gutschein kann zum Kauf von Waren* in allen toom Baum\u00e4rkten eingel\u00f6st werden. Eine Einl\u00f6sung im toom Onlineshop ist zur Zeit leider nicht m\u00f6glich. * Ausgenommen sind alle Dienst- und Serviceleistungen sowie Frachtkosten, Tabakwaren, Zeitschriften, B\u00fccher, Telefon-, Prepaid- und Guthabenkarten, Geschenkkarten von toom und anderen Anbietern, ja!mobil-Produkte, Artikel von STIHL, Lebensmittel, Getr\u00e4nke, Pfandbestandteile, S\u00fc\u00dfwaren. Bitte beachten Sie, dass die Gutscheine, die Sie erwerben, ihrerseits gesonderten AGBs unterliegen.<\/p>\n<p>** Anzahl einl\u00f6sbarer Gutscheine**<br \/>\nEs k\u00f6nnen beliebig viele Gutscheine miteinander kombiniert werden.<\/p>\n<p>** G\u00fcltigkeit**<br \/>\nDer Gutschein hat eine G\u00fcltigkeit von 3 Jahren, gerechnet ab dem Ende des Kaufjahres.<\/p>\n<p>** Restguthaben**<br \/>\nTeileinl\u00f6sungen sind m\u00f6glich, der Restwert verbleibt auf dem Gutschein.<\/p>\n<p>** Lieferbedingungen**<br \/>\nDer Gutschein wird als PDF-Datei per E-Mail zugestellt.<\/p>\n<p>Einfach den Gutschein als Ausdruck oder auf dem Smartphone an der Kasse im n\u00e4chsten toom Baumarkt vorzeigen.<\/p>\n","protected":false},"excerpt":{"rendered":"<p>Der Trend zum Selbermachen h\u00e4lt an: mit einem toom Baumarkt Gutschein lassen sich Renovierungs- und Bauprojekte in Eigenregie umsetzen. Mit mehr als 300 M\u00e4rkten z\u00e4hlt toom zu den f\u00fchrenden Anbietern der deutschen Baumarktbranche \u2013 und der n\u00e4chste toom Baumarkt befindet sich direkt bei Ihnen um die Ecke! In der Bauwelt von toom finden Heimwerker alles rund um die Themen Bauen, Renovieren, Werkstatt, Maschinen, Bad, Garten, Zimmer-, Beet-, Balkonpflanzen und vieles mehr!<\/p>\n","protected":false},"featured_media":5894,"comment_status":"closed","ping_status":"closed","template":"","meta":{"_exactmetrics_skip_tracking":false,"_exactmetrics_sitenote_active":false,"_exactmetrics_sitenote_note":"","_exactmetrics_sitenote_category":0},"product_cat":[20],"product_tag":[],"class_list":{"0":"post-4993","1":"product","2":"type-product","3":"status-publish","4":"has-post-thumbnail","6":"product_brand-toom","7":"product_cat-electronic-gift-cards","8":"pa_country-availability-germany","10":"first","11":"instock","12":"shipping-taxable","13":"purchasable","14":"product-type-variable"},"yoast_head":"<!-- This site is optimized with the Yoast SEO Premium plugin v20.11 (Yoast SEO v25.8) - https:\/\/yoast.com\/wordpress\/plugins\/seo\/ -->\n<title>toom Online Gift Card (Electronic Delivery) (Germany) - Coincards Europe<\/title>\n<meta name=\"robots\" content=\"index, follow, max-snippet:-1, max-image-preview:large, max-video-preview:-1\" \/>\n<link rel=\"canonical\" href=\"https:\/\/coincards.com\/eu\/product\/toom-online-gift-card-electronic-delivery\/\" \/>\n<meta property=\"og:locale\" content=\"en_US\" \/>\n<meta property=\"og:type\" content=\"article\" \/>\n<meta property=\"og:title\" content=\"toom Online Gift Card (Electronic Delivery) (Germany)\" \/>\n<meta property=\"og:description\" content=\"Der Trend zum Selbermachen h\u00e4lt an: mit einem toom Baumarkt Gutschein lassen sich Renovierungs- und Bauprojekte in Eigenregie umsetzen. Mit mehr als 300 M\u00e4rkten z\u00e4hlt toom zu den f\u00fchrenden Anbietern der deutschen Baumarktbranche \u2013 und der n\u00e4chste toom Baumarkt befindet sich direkt bei Ihnen um die Ecke! In der Bauwelt von toom finden Heimwerker alles rund um die Themen Bauen, Renovieren, Werkstatt, Maschinen, Bad, Garten, Zimmer-, Beet-, Balkonpflanzen und vieles mehr!\" \/>\n<meta property=\"og:url\" content=\"https:\/\/coincards.com\/eu\/product\/toom-online-gift-card-electronic-delivery\/\" \/>\n<meta property=\"og:site_name\" content=\"Coincards Europe\" \/>\n<meta property=\"article:modified_time\" content=\"2024-06-05T23:27:08+00:00\" \/>\n<meta property=\"og:image\" content=\"https:\/\/assets.coincards.com\/wp-content\/uploads\/sites\/6\/2024\/06\/04191306\/TOOM-DE-card.png\" \/>\n\t<meta property=\"og:image:width\" content=\"675\" \/>\n\t<meta property=\"og:image:height\" content=\"425\" \/>\n\t<meta property=\"og:image:type\" content=\"image\/png\" \/>\n<meta name=\"twitter:card\" content=\"summary_large_image\" \/>\n<meta name=\"twitter:label1\" content=\"Availability\" \/>\n\t<meta name=\"twitter:data1\" content=\"In stock\" \/>\n<script type=\"application\/ld+json\" class=\"yoast-schema-graph\">{\"@context\":\"https:\/\/schema.org\",\"@graph\":[{\"@type\":\"WebPage\",\"@id\":\"https:\/\/coincards.com\/eu\/product\/toom-online-gift-card-electronic-delivery\/\",\"url\":\"https:\/\/coincards.com\/eu\/product\/toom-online-gift-card-electronic-delivery\/\",\"name\":\"toom Online Gift Card (Electronic Delivery) (Germany) - Coincards Europe\",\"isPartOf\":{\"@id\":\"https:\/\/coincards.com\/eu\/#website\"},\"primaryImageOfPage\":{\"@id\":\"https:\/\/coincards.com\/eu\/product\/toom-online-gift-card-electronic-delivery\/#primaryimage\"},\"image\":{\"@id\":\"https:\/\/coincards.com\/eu\/product\/toom-online-gift-card-electronic-delivery\/#primaryimage\"},\"thumbnailUrl\":\"https:\/\/assets.coincards.com\/wp-content\/uploads\/sites\/6\/2024\/06\/04191306\/TOOM-DE-card.png\",\"datePublished\":\"2024-05-31T18:56:04+00:00\",\"dateModified\":\"2024-06-05T23:27:08+00:00\",\"breadcrumb\":{\"@id\":\"https:\/\/coincards.com\/eu\/product\/toom-online-gift-card-electronic-delivery\/#breadcrumb\"},\"inLanguage\":\"en-CA\",\"potentialAction\":[{\"@type\":\"ReadAction\",\"target\":[\"https:\/\/coincards.com\/eu\/product\/toom-online-gift-card-electronic-delivery\/\"]}]},{\"@type\":\"ImageObject\",\"inLanguage\":\"en-CA\",\"@id\":\"https:\/\/coincards.com\/eu\/product\/toom-online-gift-card-electronic-delivery\/#primaryimage\",\"url\":\"https:\/\/assets.coincards.com\/wp-content\/uploads\/sites\/6\/2024\/06\/04191306\/TOOM-DE-card.png\",\"contentUrl\":\"https:\/\/assets.coincards.com\/wp-content\/uploads\/sites\/6\/2024\/06\/04191306\/TOOM-DE-card.png\",\"width\":675,\"height\":425},{\"@type\":\"BreadcrumbList\",\"@id\":\"https:\/\/coincards.com\/eu\/product\/toom-online-gift-card-electronic-delivery\/#breadcrumb\",\"itemListElement\":[{\"@type\":\"ListItem\",\"position\":1,\"name\":\"Home\",\"item\":\"https:\/\/coincards.com\/eu\/\"},{\"@type\":\"ListItem\",\"position\":2,\"name\":\"All Gift Cards\",\"item\":\"https:\/\/coincards.com\/eu\/all-gift-cards\/\"},{\"@type\":\"ListItem\",\"position\":3,\"name\":\"toom Online Gift Card (Electronic Delivery) (Germany)\"}]},{\"@type\":\"WebSite\",\"@id\":\"https:\/\/coincards.com\/eu\/#website\",\"url\":\"https:\/\/coincards.com\/eu\/\",\"name\":\"Coincards Europe\",\"description\":\"Austrlia&#039;s #1 Cryptocurrency to Gift Card Exchange Service\",\"potentialAction\":[{\"@type\":\"SearchAction\",\"target\":{\"@type\":\"EntryPoint\",\"urlTemplate\":\"https:\/\/coincards.com\/eu\/?s={search_term_string}\"},\"query-input\":{\"@type\":\"PropertyValueSpecification\",\"valueRequired\":true,\"valueName\":\"search_term_string\"}}],\"inLanguage\":\"en-CA\"}]}<\/script>\n<meta property=\"og:availability\" content=\"instock\" \/>\n<meta property=\"product:availability\" content=\"instock\" \/>\n<meta property=\"product:condition\" content=\"new\" \/>\n<!-- \/ Yoast SEO Premium plugin. -->","yoast_head_json":{"title":"toom Online Gift Card (Electronic Delivery) (Germany) - Coincards Europe","robots":{"index":"index","follow":"follow","max-snippet":"max-snippet:-1","max-image-preview":"max-image-preview:large","max-video-preview":"max-video-preview:-1"},"canonical":"https:\/\/coincards.com\/eu\/product\/toom-online-gift-card-electronic-delivery\/","og_locale":"en_US","og_type":"article","og_title":"toom Online Gift Card (Electronic Delivery) (Germany)","og_description":"Der Trend zum Selbermachen h\u00e4lt an: mit einem toom Baumarkt Gutschein lassen sich Renovierungs- und Bauprojekte in Eigenregie umsetzen. Mit mehr als 300 M\u00e4rkten z\u00e4hlt toom zu den f\u00fchrenden Anbietern der deutschen Baumarktbranche \u2013 und der n\u00e4chste toom Baumarkt befindet sich direkt bei Ihnen um die Ecke! In der Bauwelt von toom finden Heimwerker alles rund um die Themen Bauen, Renovieren, Werkstatt, Maschinen, Bad, Garten, Zimmer-, Beet-, Balkonpflanzen und vieles mehr!","og_url":"https:\/\/coincards.com\/eu\/product\/toom-online-gift-card-electronic-delivery\/","og_site_name":"Coincards Europe","article_modified_time":"2024-06-05T23:27:08+00:00","og_image":[{"width":675,"height":425,"url":"https:\/\/assets.coincards.com\/wp-content\/uploads\/sites\/6\/2024\/06\/04191306\/TOOM-DE-card.png","type":"image\/png"}],"twitter_card":"summary_large_image","twitter_misc":{"Availability":"In stock"},"schema":{"@context":"https:\/\/schema.org","@graph":[{"@type":"WebPage","@id":"https:\/\/coincards.com\/eu\/product\/toom-online-gift-card-electronic-delivery\/","url":"https:\/\/coincards.com\/eu\/product\/toom-online-gift-card-electronic-delivery\/","name":"toom Online Gift Card (Electronic Delivery) (Germany) - Coincards Europe","isPartOf":{"@id":"https:\/\/coincards.com\/eu\/#website"},"primaryImageOfPage":{"@id":"https:\/\/coincards.com\/eu\/product\/toom-online-gift-card-electronic-delivery\/#primaryimage"},"image":{"@id":"https:\/\/coincards.com\/eu\/product\/toom-online-gift-card-electronic-delivery\/#primaryimage"},"thumbnailUrl":"https:\/\/assets.coincards.com\/wp-content\/uploads\/sites\/6\/2024\/06\/04191306\/TOOM-DE-card.png","datePublished":"2024-05-31T18:56:04+00:00","dateModified":"2024-06-05T23:27:08+00:00","breadcrumb":{"@id":"https:\/\/coincards.com\/eu\/product\/toom-online-gift-card-electronic-delivery\/#breadcrumb"},"inLanguage":"en-CA","potentialAction":[{"@type":"ReadAction","target":["https:\/\/coincards.com\/eu\/product\/toom-online-gift-card-electronic-delivery\/"]}]},{"@type":"ImageObject","inLanguage":"en-CA","@id":"https:\/\/coincards.com\/eu\/product\/toom-online-gift-card-electronic-delivery\/#primaryimage","url":"https:\/\/assets.coincards.com\/wp-content\/uploads\/sites\/6\/2024\/06\/04191306\/TOOM-DE-card.png","contentUrl":"https:\/\/assets.coincards.com\/wp-content\/uploads\/sites\/6\/2024\/06\/04191306\/TOOM-DE-card.png","width":675,"height":425},{"@type":"BreadcrumbList","@id":"https:\/\/coincards.com\/eu\/product\/toom-online-gift-card-electronic-delivery\/#breadcrumb","itemListElement":[{"@type":"ListItem","position":1,"name":"Home","item":"https:\/\/coincards.com\/eu\/"},{"@type":"ListItem","position":2,"name":"All Gift Cards","item":"https:\/\/coincards.com\/eu\/all-gift-cards\/"},{"@type":"ListItem","position":3,"name":"toom Online Gift Card (Electronic Delivery) (Germany)"}]},{"@type":"WebSite","@id":"https:\/\/coincards.com\/eu\/#website","url":"https:\/\/coincards.com\/eu\/","name":"Coincards Europe","description":"Austrlia&#039;s #1 Cryptocurrency to Gift Card Exchange Service","potentialAction":[{"@type":"SearchAction","target":{"@type":"EntryPoint","urlTemplate":"https:\/\/coincards.com\/eu\/?s={search_term_string}"},"query-input":{"@type":"PropertyValueSpecification","valueRequired":true,"valueName":"search_term_string"}}],"inLanguage":"en-CA"}]},"og_availability":"instock","product_availability":"instock","product_condition":"new"},"_links":{"self":[{"href":"https:\/\/coincards.com\/eu\/wp-json\/wp\/v2\/product\/4993","targetHints":{"allow":["GET"]}}],"collection":[{"href":"https:\/\/coincards.com\/eu\/wp-json\/wp\/v2\/product"}],"about":[{"href":"https:\/\/coincards.com\/eu\/wp-json\/wp\/v2\/types\/product"}],"replies":[{"embeddable":true,"href":"https:\/\/coincards.com\/eu\/wp-json\/wp\/v2\/comments?post=4993"}],"wp:featuredmedia":[{"embeddable":true,"href":"https:\/\/coincards.com\/eu\/wp-json\/wp\/v2\/media\/5894"}],"wp:attachment":[{"href":"https:\/\/coincards.com\/eu\/wp-json\/wp\/v2\/media?parent=4993"}],"wp:term":[{"taxonomy":"product_cat","embeddable":true,"href":"https:\/\/coincards.com\/eu\/wp-json\/wp\/v2\/product_cat?post=4993"},{"taxonomy":"product_tag","embeddable":true,"href":"https:\/\/coincards.com\/eu\/wp-json\/wp\/v2\/product_tag?post=4993"}],"curies":[{"name":"wp","href":"https:\/\/api.w.org\/{rel}","templated":true}]}}