{"id":4973,"date":"2024-05-31T10:35:08","date_gmt":"2024-05-31T18:35:08","guid":{"rendered":"https:\/\/coincards.com\/eu\/?post_type=product&#038;p=4973"},"modified":"2024-06-05T15:27:22","modified_gmt":"2024-06-05T23:27:22","slug":"ticketmaster-online-gift-card-electronic-delivery-4","status":"publish","type":"product","link":"https:\/\/coincards.com\/eu\/product\/ticketmaster-online-gift-card-electronic-delivery-4\/","title":{"rendered":"Ticketmaster Online Gift Card (Electronic Delivery) (Germany)"},"content":{"rendered":"<p>Die vollst\u00e4ndigen Gesch\u00e4ftsbedingungen finden Sie unter https:\/\/terms.ticketmastergiftcard.com\/DE.<\/p>\n<p>1. W\u00e4hlen Sie die Tickets f\u00fcr Ihre Veranstaltung auf ticketmaster.de aus und gehen Sie zur Checkout-Seite.<br \/>\n2. W\u00e4hlen Sie an der Kasse als Zahlungsmittel Gift Card aus.<br \/>\n3. Geben Sie die 16- oder 19-stellige Geschenkkartennummer und die dreistellige Sicherheitsnummer ein.<br \/>\n4. Wenn noch ein ausstehendes Guthaben vorhanden ist, k\u00f6nnen Sie eine andere Geschenkkarte eingeben oder eine andere Zahlungsmethode (Kredit- \/ Debitkarte) ausw\u00e4hlen, bis das gesamte Guthaben gel\u00f6scht ist und die Buchung abgeschlossen ist.<\/p>\n","protected":false},"excerpt":{"rendered":"<p>Als weltweit f\u00fchrender Live-Entertainment-Ticketing und Marketing-Unternehmen verbindet Ticketmaster die Welt mit Live-Entertainment. Ticketmaster ist derzeit in 20 L\u00e4ndern weltweit t\u00e4tig und bietet Ticketverkauf, Ticketverkaufsservice, Marketing und Vertrieb \u00fcber www.ticketmaster.com, eine der gr\u00f6\u00dften E-Commerce-Websites im Internet und verwandte propriet\u00e4re Internet- und Mobilfunkkan\u00e4le, rund 6.700 unabh\u00e4ngige Verkaufsstellen Und 19 Call Center weltweit. Die 1976 gegr\u00fcndete Ticketmaster betreute 2007 mehr als 10.000 Kunden weltweit \u00fcber mehrere Live-Event-Kategorien und stellte exklusive Ticketing-Services f\u00fcr f\u00fchrende Arenen, Stadien, Amphitheater, Musikclubs, Konzertveranstalter, Profi-Sport-Franchise und Ligen, College-Sport-Teams, darstellende Kunstveranstaltungen zur Verf\u00fcgung , Museen und Theater. Die Vertriebskan\u00e4le von Ticketmaster und die Kundenbasis bieten ihm einen erheblichen Umfang. In den Jahren 2005, 2006 und 2007 verkauften Ticketmaster-Marken und Unternehmen rund 118 Millionen, 127 Millionen bzw. 141 Millionen Tickets, die mit \u00fcber 6,2 Milliarden US-Dollar, 7,0 Milliarden US-Dollar und 8,3 Milliarden US-Dollar bewertet wurden. Ticketmaster erwartet die Anzahl und den Wert der Tickets, die es verkauft, um weiter zu steigen.<\/p>\n","protected":false},"featured_media":5890,"comment_status":"closed","ping_status":"closed","template":"","meta":{"_exactmetrics_skip_tracking":false,"_exactmetrics_sitenote_active":false,"_exactmetrics_sitenote_note":"","_exactmetrics_sitenote_category":0},"product_cat":[20],"product_tag":[],"class_list":{"0":"post-4973","1":"product","2":"type-product","3":"status-publish","4":"has-post-thumbnail","6":"product_cat-electronic-gift-cards","7":"pa_country-availability-germany","9":"first","10":"instock","11":"virtual","12":"purchasable","13":"product-type-simple","14":"nyp-product"},"yoast_head":"<!-- This site is optimized with the Yoast SEO Premium plugin v20.11 (Yoast SEO v27.3) - https:\/\/yoast.com\/product\/yoast-seo-premium-wordpress\/ -->\n<title>Ticketmaster Online Gift Card (Electronic Delivery) (Germany) - Coincards Europe<\/title>\n<meta name=\"robots\" content=\"index, follow, max-snippet:-1, max-image-preview:large, max-video-preview:-1\" \/>\n<link rel=\"canonical\" href=\"https:\/\/coincards.com\/eu\/product\/ticketmaster-online-gift-card-electronic-delivery-4\/\" \/>\n<meta property=\"og:locale\" content=\"en_US\" \/>\n<meta property=\"og:type\" content=\"article\" \/>\n<meta property=\"og:title\" content=\"Ticketmaster Online Gift Card (Electronic Delivery) (Germany)\" \/>\n<meta property=\"og:description\" content=\"Als weltweit f\u00fchrender Live-Entertainment-Ticketing und Marketing-Unternehmen verbindet Ticketmaster die Welt mit Live-Entertainment. Ticketmaster ist derzeit in 20 L\u00e4ndern weltweit t\u00e4tig und bietet Ticketverkauf, Ticketverkaufsservice, Marketing und Vertrieb \u00fcber www.ticketmaster.com, eine der gr\u00f6\u00dften E-Commerce-Websites im Internet und verwandte propriet\u00e4re Internet- und Mobilfunkkan\u00e4le, rund 6.700 unabh\u00e4ngige Verkaufsstellen Und 19 Call Center weltweit. Die 1976 gegr\u00fcndete Ticketmaster betreute 2007 mehr als 10.000 Kunden weltweit \u00fcber mehrere Live-Event-Kategorien und stellte exklusive Ticketing-Services f\u00fcr f\u00fchrende Arenen, Stadien, Amphitheater, Musikclubs, Konzertveranstalter, Profi-Sport-Franchise und Ligen, College-Sport-Teams, darstellende Kunstveranstaltungen zur Verf\u00fcgung , Museen und Theater. Die Vertriebskan\u00e4le von Ticketmaster und die Kundenbasis bieten ihm einen erheblichen Umfang. In den Jahren 2005, 2006 und 2007 verkauften Ticketmaster-Marken und Unternehmen rund 118 Millionen, 127 Millionen bzw. 141 Millionen Tickets, die mit \u00fcber 6,2 Milliarden US-Dollar, 7,0 Milliarden US-Dollar und 8,3 Milliarden US-Dollar bewertet wurden. Ticketmaster erwartet die Anzahl und den Wert der Tickets, die es verkauft, um weiter zu steigen.\" \/>\n<meta property=\"og:url\" content=\"https:\/\/coincards.com\/eu\/product\/ticketmaster-online-gift-card-electronic-delivery-4\/\" \/>\n<meta property=\"og:site_name\" content=\"Coincards Europe\" \/>\n<meta property=\"article:modified_time\" content=\"2024-06-05T23:27:22+00:00\" \/>\n<meta property=\"og:image\" content=\"https:\/\/assets.coincards.com\/wp-content\/uploads\/sites\/6\/2024\/06\/04191255\/TKM-DE-card.png\" \/>\n\t<meta property=\"og:image:width\" content=\"675\" \/>\n\t<meta property=\"og:image:height\" content=\"425\" \/>\n\t<meta property=\"og:image:type\" content=\"image\/png\" \/>\n<meta name=\"twitter:card\" content=\"summary_large_image\" \/>\n<meta name=\"twitter:label1\" content=\"Price\" \/>\n\t<meta name=\"twitter:data1\" content=\"&euro;10.00\" \/>\n\t<meta name=\"twitter:label2\" content=\"Availability\" \/>\n\t<meta name=\"twitter:data2\" content=\"In stock\" \/>\n<script type=\"application\/ld+json\" class=\"yoast-schema-graph\">{\"@context\":\"https:\\\/\\\/schema.org\",\"@graph\":[{\"@type\":\"WebPage\",\"@id\":\"https:\\\/\\\/coincards.com\\\/eu\\\/product\\\/ticketmaster-online-gift-card-electronic-delivery-4\\\/\",\"url\":\"https:\\\/\\\/coincards.com\\\/eu\\\/product\\\/ticketmaster-online-gift-card-electronic-delivery-4\\\/\",\"name\":\"Ticketmaster Online Gift Card (Electronic Delivery) (Germany) - Coincards Europe\",\"isPartOf\":{\"@id\":\"https:\\\/\\\/coincards.com\\\/eu\\\/#website\"},\"primaryImageOfPage\":{\"@id\":\"https:\\\/\\\/coincards.com\\\/eu\\\/product\\\/ticketmaster-online-gift-card-electronic-delivery-4\\\/#primaryimage\"},\"image\":{\"@id\":\"https:\\\/\\\/coincards.com\\\/eu\\\/product\\\/ticketmaster-online-gift-card-electronic-delivery-4\\\/#primaryimage\"},\"thumbnailUrl\":\"https:\\\/\\\/assets.coincards.com\\\/wp-content\\\/uploads\\\/sites\\\/6\\\/2024\\\/06\\\/04191255\\\/TKM-DE-card.png\",\"datePublished\":\"2024-05-31T18:35:08+00:00\",\"dateModified\":\"2024-06-05T23:27:22+00:00\",\"breadcrumb\":{\"@id\":\"https:\\\/\\\/coincards.com\\\/eu\\\/product\\\/ticketmaster-online-gift-card-electronic-delivery-4\\\/#breadcrumb\"},\"inLanguage\":\"en-CA\",\"potentialAction\":[{\"@type\":\"ReadAction\",\"target\":[\"https:\\\/\\\/coincards.com\\\/eu\\\/product\\\/ticketmaster-online-gift-card-electronic-delivery-4\\\/\"]}]},{\"@type\":\"ImageObject\",\"inLanguage\":\"en-CA\",\"@id\":\"https:\\\/\\\/coincards.com\\\/eu\\\/product\\\/ticketmaster-online-gift-card-electronic-delivery-4\\\/#primaryimage\",\"url\":\"https:\\\/\\\/assets.coincards.com\\\/wp-content\\\/uploads\\\/sites\\\/6\\\/2024\\\/06\\\/04191255\\\/TKM-DE-card.png\",\"contentUrl\":\"https:\\\/\\\/assets.coincards.com\\\/wp-content\\\/uploads\\\/sites\\\/6\\\/2024\\\/06\\\/04191255\\\/TKM-DE-card.png\",\"width\":675,\"height\":425},{\"@type\":\"BreadcrumbList\",\"@id\":\"https:\\\/\\\/coincards.com\\\/eu\\\/product\\\/ticketmaster-online-gift-card-electronic-delivery-4\\\/#breadcrumb\",\"itemListElement\":[{\"@type\":\"ListItem\",\"position\":1,\"name\":\"Home\",\"item\":\"https:\\\/\\\/coincards.com\\\/eu\\\/\"},{\"@type\":\"ListItem\",\"position\":2,\"name\":\"All Gift Cards\",\"item\":\"https:\\\/\\\/coincards.com\\\/eu\\\/all-gift-cards\\\/\"},{\"@type\":\"ListItem\",\"position\":3,\"name\":\"Ticketmaster Online Gift Card (Electronic Delivery) (Germany)\"}]},{\"@type\":\"WebSite\",\"@id\":\"https:\\\/\\\/coincards.com\\\/eu\\\/#website\",\"url\":\"https:\\\/\\\/coincards.com\\\/eu\\\/\",\"name\":\"Coincards Europe\",\"description\":\"Austrlia&#039;s #1 Cryptocurrency to Gift Card Exchange Service\",\"potentialAction\":[{\"@type\":\"SearchAction\",\"target\":{\"@type\":\"EntryPoint\",\"urlTemplate\":\"https:\\\/\\\/coincards.com\\\/eu\\\/?s={search_term_string}\"},\"query-input\":{\"@type\":\"PropertyValueSpecification\",\"valueRequired\":true,\"valueName\":\"search_term_string\"}}],\"inLanguage\":\"en-CA\"}]}<\/script>\n<meta property=\"product:price:amount\" content=\"10.00\" \/>\n<meta property=\"product:price:currency\" content=\"EUR\" \/>\n<meta property=\"og:availability\" content=\"instock\" \/>\n<meta property=\"product:availability\" content=\"instock\" \/>\n<meta property=\"product:condition\" content=\"new\" \/>\n<!-- \/ Yoast SEO Premium plugin. -->","yoast_head_json":{"title":"Ticketmaster Online Gift Card (Electronic Delivery) (Germany) - Coincards Europe","robots":{"index":"index","follow":"follow","max-snippet":"max-snippet:-1","max-image-preview":"max-image-preview:large","max-video-preview":"max-video-preview:-1"},"canonical":"https:\/\/coincards.com\/eu\/product\/ticketmaster-online-gift-card-electronic-delivery-4\/","og_locale":"en_US","og_type":"article","og_title":"Ticketmaster Online Gift Card (Electronic Delivery) (Germany)","og_description":"Als weltweit f\u00fchrender Live-Entertainment-Ticketing und Marketing-Unternehmen verbindet Ticketmaster die Welt mit Live-Entertainment. Ticketmaster ist derzeit in 20 L\u00e4ndern weltweit t\u00e4tig und bietet Ticketverkauf, Ticketverkaufsservice, Marketing und Vertrieb \u00fcber www.ticketmaster.com, eine der gr\u00f6\u00dften E-Commerce-Websites im Internet und verwandte propriet\u00e4re Internet- und Mobilfunkkan\u00e4le, rund 6.700 unabh\u00e4ngige Verkaufsstellen Und 19 Call Center weltweit. Die 1976 gegr\u00fcndete Ticketmaster betreute 2007 mehr als 10.000 Kunden weltweit \u00fcber mehrere Live-Event-Kategorien und stellte exklusive Ticketing-Services f\u00fcr f\u00fchrende Arenen, Stadien, Amphitheater, Musikclubs, Konzertveranstalter, Profi-Sport-Franchise und Ligen, College-Sport-Teams, darstellende Kunstveranstaltungen zur Verf\u00fcgung , Museen und Theater. Die Vertriebskan\u00e4le von Ticketmaster und die Kundenbasis bieten ihm einen erheblichen Umfang. In den Jahren 2005, 2006 und 2007 verkauften Ticketmaster-Marken und Unternehmen rund 118 Millionen, 127 Millionen bzw. 141 Millionen Tickets, die mit \u00fcber 6,2 Milliarden US-Dollar, 7,0 Milliarden US-Dollar und 8,3 Milliarden US-Dollar bewertet wurden. Ticketmaster erwartet die Anzahl und den Wert der Tickets, die es verkauft, um weiter zu steigen.","og_url":"https:\/\/coincards.com\/eu\/product\/ticketmaster-online-gift-card-electronic-delivery-4\/","og_site_name":"Coincards Europe","article_modified_time":"2024-06-05T23:27:22+00:00","og_image":[{"width":675,"height":425,"url":"https:\/\/assets.coincards.com\/wp-content\/uploads\/sites\/6\/2024\/06\/04191255\/TKM-DE-card.png","type":"image\/png"}],"twitter_card":"summary_large_image","twitter_misc":{"Price":"&euro;10.00","Availability":"In stock"},"schema":{"@context":"https:\/\/schema.org","@graph":[{"@type":"WebPage","@id":"https:\/\/coincards.com\/eu\/product\/ticketmaster-online-gift-card-electronic-delivery-4\/","url":"https:\/\/coincards.com\/eu\/product\/ticketmaster-online-gift-card-electronic-delivery-4\/","name":"Ticketmaster Online Gift Card (Electronic Delivery) (Germany) - Coincards Europe","isPartOf":{"@id":"https:\/\/coincards.com\/eu\/#website"},"primaryImageOfPage":{"@id":"https:\/\/coincards.com\/eu\/product\/ticketmaster-online-gift-card-electronic-delivery-4\/#primaryimage"},"image":{"@id":"https:\/\/coincards.com\/eu\/product\/ticketmaster-online-gift-card-electronic-delivery-4\/#primaryimage"},"thumbnailUrl":"https:\/\/assets.coincards.com\/wp-content\/uploads\/sites\/6\/2024\/06\/04191255\/TKM-DE-card.png","datePublished":"2024-05-31T18:35:08+00:00","dateModified":"2024-06-05T23:27:22+00:00","breadcrumb":{"@id":"https:\/\/coincards.com\/eu\/product\/ticketmaster-online-gift-card-electronic-delivery-4\/#breadcrumb"},"inLanguage":"en-CA","potentialAction":[{"@type":"ReadAction","target":["https:\/\/coincards.com\/eu\/product\/ticketmaster-online-gift-card-electronic-delivery-4\/"]}]},{"@type":"ImageObject","inLanguage":"en-CA","@id":"https:\/\/coincards.com\/eu\/product\/ticketmaster-online-gift-card-electronic-delivery-4\/#primaryimage","url":"https:\/\/assets.coincards.com\/wp-content\/uploads\/sites\/6\/2024\/06\/04191255\/TKM-DE-card.png","contentUrl":"https:\/\/assets.coincards.com\/wp-content\/uploads\/sites\/6\/2024\/06\/04191255\/TKM-DE-card.png","width":675,"height":425},{"@type":"BreadcrumbList","@id":"https:\/\/coincards.com\/eu\/product\/ticketmaster-online-gift-card-electronic-delivery-4\/#breadcrumb","itemListElement":[{"@type":"ListItem","position":1,"name":"Home","item":"https:\/\/coincards.com\/eu\/"},{"@type":"ListItem","position":2,"name":"All Gift Cards","item":"https:\/\/coincards.com\/eu\/all-gift-cards\/"},{"@type":"ListItem","position":3,"name":"Ticketmaster Online Gift Card (Electronic Delivery) (Germany)"}]},{"@type":"WebSite","@id":"https:\/\/coincards.com\/eu\/#website","url":"https:\/\/coincards.com\/eu\/","name":"Coincards Europe","description":"Austrlia&#039;s #1 Cryptocurrency to Gift Card Exchange Service","potentialAction":[{"@type":"SearchAction","target":{"@type":"EntryPoint","urlTemplate":"https:\/\/coincards.com\/eu\/?s={search_term_string}"},"query-input":{"@type":"PropertyValueSpecification","valueRequired":true,"valueName":"search_term_string"}}],"inLanguage":"en-CA"}]},"product_price_amount":"10.00","product_price_currency":"EUR","og_availability":"instock","product_availability":"instock","product_condition":"new"},"_links":{"self":[{"href":"https:\/\/coincards.com\/eu\/wp-json\/wp\/v2\/product\/4973","targetHints":{"allow":["GET"]}}],"collection":[{"href":"https:\/\/coincards.com\/eu\/wp-json\/wp\/v2\/product"}],"about":[{"href":"https:\/\/coincards.com\/eu\/wp-json\/wp\/v2\/types\/product"}],"replies":[{"embeddable":true,"href":"https:\/\/coincards.com\/eu\/wp-json\/wp\/v2\/comments?post=4973"}],"wp:featuredmedia":[{"embeddable":true,"href":"https:\/\/coincards.com\/eu\/wp-json\/wp\/v2\/media\/5890"}],"wp:attachment":[{"href":"https:\/\/coincards.com\/eu\/wp-json\/wp\/v2\/media?parent=4973"}],"wp:term":[{"taxonomy":"product_cat","embeddable":true,"href":"https:\/\/coincards.com\/eu\/wp-json\/wp\/v2\/product_cat?post=4973"},{"taxonomy":"product_tag","embeddable":true,"href":"https:\/\/coincards.com\/eu\/wp-json\/wp\/v2\/product_tag?post=4973"}],"curies":[{"name":"wp","href":"https:\/\/api.w.org\/{rel}","templated":true}]}}