{"id":4955,"date":"2024-05-31T10:08:30","date_gmt":"2024-05-31T18:08:30","guid":{"rendered":"https:\/\/coincards.com\/eu\/?post_type=product&#038;p=4955"},"modified":"2024-10-15T08:44:49","modified_gmt":"2024-10-15T16:44:49","slug":"thefork-online-gift-card-electronic-delivery-3","status":"publish","type":"product","link":"https:\/\/coincards.com\/eu\/product\/thefork-online-gift-card-electronic-delivery-3\/","title":{"rendered":"TheFork Online Gift Card (Electronic Delivery) (France)"},"content":{"rendered":"<p>La Carte Cadeau TheFork (&#8220;la Carte Cadeau&#8221;) peut \u00eatre utilis\u00e9e uniquement dans les restaurants TheFork participants.<br \/>\nElle est valable dix-huit (18) mois \u00e0 compter de sa date d&#8217;\u00e9mission indiqu\u00e9e sur la Carte Cadeau, (qui peut \u00eatre ant\u00e9rieure \u00e0 la date de r\u00e9ception effective de la Carte Cadeau), sauf si sa valeur nominale est enti\u00e8rement d\u00e9pens\u00e9e avant cette \u00e9ch\u00e9ance.<br \/>\nLa Carte Cadeau se compose d&#8217;un code, d&#8217;un visuel et d&#8217;informations associ\u00e9s. La valeur des Cartes Cadeaux est pr\u00e9d\u00e9termin\u00e9e et ne peut \u00eatre modifi\u00e9e.<br \/>\nIl n\u2019est pas possible de remplacer, de recharger ou de se faire rembourser (m\u00eame partiellement) une Carte Cadeau. TheFork d\u00e9cline toute responsabilit\u00e9 en cas de perte, de vol, de destruction ou d&#8217;utilisation non autoris\u00e9e de la Carte Cadeau.<br \/>\nLes Cartes Cadeaux sont \u00e9mises par La Fourchette SAS (op\u00e9rant sous le nom de TheFork).<br \/>\nLes Cartes Cadeaux ne peuvent \u00eatre utilis\u00e9es de toute autre mani\u00e8re ou pour toute autre chose que ce qui est pr\u00e9vu dans les pr\u00e9sentes Conditions d&#8217;Utilisation.<br \/>\nL&#8217;achat d&#8217;une Carte Cadeau n&#8217;entra\u00eene aucune attribution de Yums.<br \/>\nTheFork se r\u00e9serve le droit de modifier les pr\u00e9sentes Conditions d&#8217;Utilisation de temps \u00e0 autre, \u00e0 sa discr\u00e9tion. Les pr\u00e9sentes Conditions d&#8217;Utilisation sont applicables dans la mesure permise par la loi.<\/p>\n<p>La Carte Cadeau TheFork est un cadeau gourmand et original, utilisable sur l&#8217;application TheFork dans plus de 8.000 restaurants partenaires en France, ayant activ\u00e9 la fonctionnalit\u00e9 de paiement TheFork PAY. Profitez d\u2019exp\u00e9riences gastronomiques uniques \u00e0 c\u00f4t\u00e9 de chez vous ou partout en France : des bistrots de quartier aux tables de grands chefs.<br \/>\nLa Carte Cadeau est valable 18 mois et tous les services et avantages de TheFork sont cumulables : toutes les promotions, le programme de fid\u00e9lit\u00e9 et bien s\u00fbr la r\u00e9servation de restaurant 24h\/24 avec confirmation imm\u00e9diate !<br \/>\nRendez-vous sur TheFork pour r\u00e9server une exp\u00e9rience gastronomique unique !<br \/>\nPour utiliser la Carte Cadeau, suivez les diff\u00e9rentes \u00e9tapes :<br \/>\n1. T\u00e9l\u00e9chargez l&#8217;Application TheFork puis ajoutez le code de la Carte Cadeau dans l&#8217;onglet d\u00e9di\u00e9 &#8220;Mes Cartes Cadeaux&#8221;<br \/>\n2. R\u00e9servez via l&#8217;Application TheFork dans l&#8217;un des 8 000 Restaurants ayant activ\u00e9 TheFork PAY en France. Vous pouvez voir les restaurants ici<br \/>\n3. A la fin du repas, ouvrez l&#8217;Application TheFork et payez avec votre Carte Cadeau via TheFork PAY. Si la Carte Cadeau ne couvre pas la totalit\u00e9 de l&#8217;addition, vous pouvez compl\u00e9ter le paiement toujours via TheFork PAY avec une carte bancaire<\/p>\n","protected":false},"excerpt":{"rendered":"<p>La Carte Cadeau TheFork est une attention ludique et gourmande qui peut \u00eatre utilis\u00e9e dans un grand nombre de restaurants partenaires pour d\u00e9guster des plats r\u00e9gionaux, internationaux, gastronomiques et bien plus encore ! Offrez une exp\u00e9rience gourmande \u00e0 vos proches dont ils se souviendront longtemps ! Bon app\u00e9tit !<\/p>\n","protected":false},"featured_media":6396,"comment_status":"closed","ping_status":"closed","template":"","meta":{"_exactmetrics_skip_tracking":false,"_exactmetrics_sitenote_active":false,"_exactmetrics_sitenote_note":"","_exactmetrics_sitenote_category":0},"product_cat":[20],"product_tag":[],"class_list":{"0":"post-4955","1":"product","2":"type-product","3":"status-publish","4":"has-post-thumbnail","6":"product_brand-thefork","7":"product_cat-electronic-gift-cards","8":"pa_country-availability-france","10":"first","11":"instock","12":"virtual","13":"purchasable","14":"product-type-simple","15":"nyp-product"},"yoast_head":"<!-- This site is optimized with the Yoast SEO Premium plugin v20.11 (Yoast SEO v25.8) - https:\/\/yoast.com\/wordpress\/plugins\/seo\/ -->\n<title>TheFork Online Gift Card (Electronic Delivery) (France) - Coincards Europe<\/title>\n<meta name=\"robots\" content=\"index, follow, max-snippet:-1, max-image-preview:large, max-video-preview:-1\" \/>\n<link rel=\"canonical\" href=\"https:\/\/coincards.com\/eu\/product\/thefork-online-gift-card-electronic-delivery-3\/\" \/>\n<meta property=\"og:locale\" content=\"en_US\" \/>\n<meta property=\"og:type\" content=\"article\" \/>\n<meta property=\"og:title\" content=\"TheFork Online Gift Card (Electronic Delivery) (France)\" \/>\n<meta property=\"og:description\" content=\"La Carte Cadeau TheFork est une attention ludique et gourmande qui peut \u00eatre utilis\u00e9e dans un grand nombre de restaurants partenaires pour d\u00e9guster des plats r\u00e9gionaux, internationaux, gastronomiques et bien plus encore ! Offrez une exp\u00e9rience gourmande \u00e0 vos proches dont ils se souviendront longtemps ! Bon app\u00e9tit !\" \/>\n<meta property=\"og:url\" content=\"https:\/\/coincards.com\/eu\/product\/thefork-online-gift-card-electronic-delivery-3\/\" \/>\n<meta property=\"og:site_name\" content=\"Coincards Europe\" \/>\n<meta property=\"article:modified_time\" content=\"2024-10-15T16:44:49+00:00\" \/>\n<meta property=\"og:image\" content=\"https:\/\/assets.coincards.com\/wp-content\/uploads\/sites\/6\/2024\/05\/15084422\/rgb_GCthefork_FR.png\" \/>\n\t<meta property=\"og:image:width\" content=\"790\" \/>\n\t<meta property=\"og:image:height\" content=\"486\" \/>\n\t<meta property=\"og:image:type\" content=\"image\/png\" \/>\n<meta name=\"twitter:card\" content=\"summary_large_image\" \/>\n<meta name=\"twitter:label1\" content=\"Price\" \/>\n\t<meta name=\"twitter:data1\" content=\"&euro;5.00\" \/>\n\t<meta name=\"twitter:label2\" content=\"Availability\" \/>\n\t<meta name=\"twitter:data2\" content=\"In stock\" \/>\n<script type=\"application\/ld+json\" class=\"yoast-schema-graph\">{\"@context\":\"https:\/\/schema.org\",\"@graph\":[{\"@type\":\"WebPage\",\"@id\":\"https:\/\/coincards.com\/eu\/product\/thefork-online-gift-card-electronic-delivery-3\/\",\"url\":\"https:\/\/coincards.com\/eu\/product\/thefork-online-gift-card-electronic-delivery-3\/\",\"name\":\"TheFork Online Gift Card (Electronic Delivery) (France) - Coincards Europe\",\"isPartOf\":{\"@id\":\"https:\/\/coincards.com\/eu\/#website\"},\"primaryImageOfPage\":{\"@id\":\"https:\/\/coincards.com\/eu\/product\/thefork-online-gift-card-electronic-delivery-3\/#primaryimage\"},\"image\":{\"@id\":\"https:\/\/coincards.com\/eu\/product\/thefork-online-gift-card-electronic-delivery-3\/#primaryimage\"},\"thumbnailUrl\":\"https:\/\/assets.coincards.com\/wp-content\/uploads\/sites\/6\/2024\/05\/15084422\/rgb_GCthefork_FR.png\",\"datePublished\":\"2024-05-31T18:08:30+00:00\",\"dateModified\":\"2024-10-15T16:44:49+00:00\",\"breadcrumb\":{\"@id\":\"https:\/\/coincards.com\/eu\/product\/thefork-online-gift-card-electronic-delivery-3\/#breadcrumb\"},\"inLanguage\":\"en-CA\",\"potentialAction\":[{\"@type\":\"ReadAction\",\"target\":[\"https:\/\/coincards.com\/eu\/product\/thefork-online-gift-card-electronic-delivery-3\/\"]}]},{\"@type\":\"ImageObject\",\"inLanguage\":\"en-CA\",\"@id\":\"https:\/\/coincards.com\/eu\/product\/thefork-online-gift-card-electronic-delivery-3\/#primaryimage\",\"url\":\"https:\/\/assets.coincards.com\/wp-content\/uploads\/sites\/6\/2024\/05\/15084422\/rgb_GCthefork_FR.png\",\"contentUrl\":\"https:\/\/assets.coincards.com\/wp-content\/uploads\/sites\/6\/2024\/05\/15084422\/rgb_GCthefork_FR.png\",\"width\":790,\"height\":486},{\"@type\":\"BreadcrumbList\",\"@id\":\"https:\/\/coincards.com\/eu\/product\/thefork-online-gift-card-electronic-delivery-3\/#breadcrumb\",\"itemListElement\":[{\"@type\":\"ListItem\",\"position\":1,\"name\":\"Home\",\"item\":\"https:\/\/coincards.com\/eu\/\"},{\"@type\":\"ListItem\",\"position\":2,\"name\":\"All Gift Cards\",\"item\":\"https:\/\/coincards.com\/eu\/all-gift-cards\/\"},{\"@type\":\"ListItem\",\"position\":3,\"name\":\"TheFork Online Gift Card (Electronic Delivery) (France)\"}]},{\"@type\":\"WebSite\",\"@id\":\"https:\/\/coincards.com\/eu\/#website\",\"url\":\"https:\/\/coincards.com\/eu\/\",\"name\":\"Coincards Europe\",\"description\":\"Austrlia&#039;s #1 Cryptocurrency to Gift Card Exchange Service\",\"potentialAction\":[{\"@type\":\"SearchAction\",\"target\":{\"@type\":\"EntryPoint\",\"urlTemplate\":\"https:\/\/coincards.com\/eu\/?s={search_term_string}\"},\"query-input\":{\"@type\":\"PropertyValueSpecification\",\"valueRequired\":true,\"valueName\":\"search_term_string\"}}],\"inLanguage\":\"en-CA\"}]}<\/script>\n<meta property=\"product:price:amount\" content=\"5.00\" \/>\n<meta property=\"product:price:currency\" content=\"EUR\" \/>\n<meta property=\"og:availability\" content=\"instock\" \/>\n<meta property=\"product:availability\" content=\"instock\" \/>\n<meta property=\"product:condition\" content=\"new\" \/>\n<!-- \/ Yoast SEO Premium plugin. -->","yoast_head_json":{"title":"TheFork Online Gift Card (Electronic Delivery) (France) - Coincards Europe","robots":{"index":"index","follow":"follow","max-snippet":"max-snippet:-1","max-image-preview":"max-image-preview:large","max-video-preview":"max-video-preview:-1"},"canonical":"https:\/\/coincards.com\/eu\/product\/thefork-online-gift-card-electronic-delivery-3\/","og_locale":"en_US","og_type":"article","og_title":"TheFork Online Gift Card (Electronic Delivery) (France)","og_description":"La Carte Cadeau TheFork est une attention ludique et gourmande qui peut \u00eatre utilis\u00e9e dans un grand nombre de restaurants partenaires pour d\u00e9guster des plats r\u00e9gionaux, internationaux, gastronomiques et bien plus encore ! Offrez une exp\u00e9rience gourmande \u00e0 vos proches dont ils se souviendront longtemps ! Bon app\u00e9tit !","og_url":"https:\/\/coincards.com\/eu\/product\/thefork-online-gift-card-electronic-delivery-3\/","og_site_name":"Coincards Europe","article_modified_time":"2024-10-15T16:44:49+00:00","og_image":[{"width":790,"height":486,"url":"https:\/\/assets.coincards.com\/wp-content\/uploads\/sites\/6\/2024\/05\/15084422\/rgb_GCthefork_FR.png","type":"image\/png"}],"twitter_card":"summary_large_image","twitter_misc":{"Price":"&euro;5.00","Availability":"In stock"},"schema":{"@context":"https:\/\/schema.org","@graph":[{"@type":"WebPage","@id":"https:\/\/coincards.com\/eu\/product\/thefork-online-gift-card-electronic-delivery-3\/","url":"https:\/\/coincards.com\/eu\/product\/thefork-online-gift-card-electronic-delivery-3\/","name":"TheFork Online Gift Card (Electronic Delivery) (France) - Coincards Europe","isPartOf":{"@id":"https:\/\/coincards.com\/eu\/#website"},"primaryImageOfPage":{"@id":"https:\/\/coincards.com\/eu\/product\/thefork-online-gift-card-electronic-delivery-3\/#primaryimage"},"image":{"@id":"https:\/\/coincards.com\/eu\/product\/thefork-online-gift-card-electronic-delivery-3\/#primaryimage"},"thumbnailUrl":"https:\/\/assets.coincards.com\/wp-content\/uploads\/sites\/6\/2024\/05\/15084422\/rgb_GCthefork_FR.png","datePublished":"2024-05-31T18:08:30+00:00","dateModified":"2024-10-15T16:44:49+00:00","breadcrumb":{"@id":"https:\/\/coincards.com\/eu\/product\/thefork-online-gift-card-electronic-delivery-3\/#breadcrumb"},"inLanguage":"en-CA","potentialAction":[{"@type":"ReadAction","target":["https:\/\/coincards.com\/eu\/product\/thefork-online-gift-card-electronic-delivery-3\/"]}]},{"@type":"ImageObject","inLanguage":"en-CA","@id":"https:\/\/coincards.com\/eu\/product\/thefork-online-gift-card-electronic-delivery-3\/#primaryimage","url":"https:\/\/assets.coincards.com\/wp-content\/uploads\/sites\/6\/2024\/05\/15084422\/rgb_GCthefork_FR.png","contentUrl":"https:\/\/assets.coincards.com\/wp-content\/uploads\/sites\/6\/2024\/05\/15084422\/rgb_GCthefork_FR.png","width":790,"height":486},{"@type":"BreadcrumbList","@id":"https:\/\/coincards.com\/eu\/product\/thefork-online-gift-card-electronic-delivery-3\/#breadcrumb","itemListElement":[{"@type":"ListItem","position":1,"name":"Home","item":"https:\/\/coincards.com\/eu\/"},{"@type":"ListItem","position":2,"name":"All Gift Cards","item":"https:\/\/coincards.com\/eu\/all-gift-cards\/"},{"@type":"ListItem","position":3,"name":"TheFork Online Gift Card (Electronic Delivery) (France)"}]},{"@type":"WebSite","@id":"https:\/\/coincards.com\/eu\/#website","url":"https:\/\/coincards.com\/eu\/","name":"Coincards Europe","description":"Austrlia&#039;s #1 Cryptocurrency to Gift Card Exchange Service","potentialAction":[{"@type":"SearchAction","target":{"@type":"EntryPoint","urlTemplate":"https:\/\/coincards.com\/eu\/?s={search_term_string}"},"query-input":{"@type":"PropertyValueSpecification","valueRequired":true,"valueName":"search_term_string"}}],"inLanguage":"en-CA"}]},"product_price_amount":"5.00","product_price_currency":"EUR","og_availability":"instock","product_availability":"instock","product_condition":"new"},"_links":{"self":[{"href":"https:\/\/coincards.com\/eu\/wp-json\/wp\/v2\/product\/4955","targetHints":{"allow":["GET"]}}],"collection":[{"href":"https:\/\/coincards.com\/eu\/wp-json\/wp\/v2\/product"}],"about":[{"href":"https:\/\/coincards.com\/eu\/wp-json\/wp\/v2\/types\/product"}],"replies":[{"embeddable":true,"href":"https:\/\/coincards.com\/eu\/wp-json\/wp\/v2\/comments?post=4955"}],"wp:featuredmedia":[{"embeddable":true,"href":"https:\/\/coincards.com\/eu\/wp-json\/wp\/v2\/media\/6396"}],"wp:attachment":[{"href":"https:\/\/coincards.com\/eu\/wp-json\/wp\/v2\/media?parent=4955"}],"wp:term":[{"taxonomy":"product_cat","embeddable":true,"href":"https:\/\/coincards.com\/eu\/wp-json\/wp\/v2\/product_cat?post=4955"},{"taxonomy":"product_tag","embeddable":true,"href":"https:\/\/coincards.com\/eu\/wp-json\/wp\/v2\/product_tag?post=4955"}],"curies":[{"name":"wp","href":"https:\/\/api.w.org\/{rel}","templated":true}]}}